{"id":8682,"date":"2025-09-24T12:09:42","date_gmt":"2025-09-24T12:09:42","guid":{"rendered":"https:\/\/www.ecoindustry.co.ao\/?post_type=product&#038;p=8682"},"modified":"2025-09-24T12:56:35","modified_gmt":"2025-09-24T12:56:35","slug":"ecotank","status":"publish","type":"product","link":"https:\/\/www.ecoindustry.co.ao\/pt\/produto\/ecotank\/","title":{"rendered":"ECOTANK"},"content":{"rendered":"<p class=\"p1\"><strong><span style=\"color: #af2d2c\">Reservat\u00f3rio para \u00e1gua pot\u00e1vel<\/span><\/strong>, o <b>ECOTANK<\/b> \u00e9 um m\u00f3dulo de eixo horizontal constru\u00eddo a partir de contentor mar\u00edtimo de 20&#8243;, adaptado e refor\u00e7ado estruturalmente.<\/p>\n<p class=\"p1\">Conta com <span style=\"color: #af2d2c\"><strong>capacidade \u00fatil de 28.000L<\/strong><\/span>, revestimento interior em poliureia (material altamente resistente, flex\u00edvel, bacteriologicamente est\u00e1vel e aprovado para contacto com \u00e1gua pot\u00e1vel), e pintura anticorrosiva exterior.<\/p>\n<p class=\"p1\">A unidade inclui <strong>pr\u00e9-instala\u00e7\u00e3o hidr\u00e1ulica<\/strong>, escada met\u00e1lica, tampa de acesso e 4 flanges DN63 em ferro galvanizado para alimenta\u00e7\u00e3o, sa\u00edda, descarga de fundo e descarga de superf\u00edcie.<\/p>\n<p class=\"p1\">Pode ser instalado \u00e0 superf\u00edcie ou enterrado, no interior ou exterior, bastando nivelar o solo e assentar sobre <strong>6 sapatas de bet\u00e3o<\/strong>.<\/p>\n<p class=\"p1\">Fabricado em Angola pela ECOINDUSTRY segundo os mais elevados padr\u00f5es de qualidade, \u00e9 a escolha ideal para <span style=\"color: #af2d2c\"><strong>sistemas de abastecimento de \u00e1gua, redes de inc\u00eandio, ind\u00fastria ou agricultura<\/strong><\/span>.<\/p>\n","protected":false},"excerpt":{"rendered":"<p class=\"p1\"><strong><span style=\"color: #af2d2c\">Reservat\u00f3rio modular de 28.000L<\/span><\/strong>, fabricado a partir de contentor mar\u00edtimo refor\u00e7ado, ideal para <span style=\"color: #af2d2c\"><strong>armazenamento de \u00e1gua pot\u00e1vel<\/strong><\/span> com elevada resist\u00eancia, durabilidade e mobilidade.<\/p>\n<p class=\"p1\">Com pr\u00e9-instala\u00e7\u00e3o hidr\u00e1ulica, escada met\u00e1lica e revestimento interno em poliureia, o <b>ECOTANK<\/b> garante m\u00e1xima prote\u00e7\u00e3o e seguran\u00e7a da \u00e1gua \u2014 pronto a instalar em qualquer local.<\/p>\n","protected":false},"featured_media":8683,"comment_status":"closed","ping_status":"closed","template":"","meta":[],"product_brand":[],"product_cat":[274],"product_tag":[419,420,421,417,418],"class_list":{"0":"post-8682","1":"product","2":"type-product","3":"status-publish","4":"has-post-thumbnail","6":"product_cat-ecotank","7":"product_tag-armazenamento-de-agua-potavel","8":"product_tag-contentor-adaptado","9":"product_tag-ecotank-angola","10":"product_tag-reservatorio-de-agua","11":"product_tag-tanque-28000l","13":"first","14":"instock","15":"shipping-taxable","16":"product-type-simple"},"yoast_head":"<!-- This site is optimized with the Yoast SEO plugin v27.3 - https:\/\/yoast.com\/product\/yoast-seo-wordpress\/ -->\n<title>ECOTANK - Ecoindustry<\/title>\n<meta name=\"robots\" content=\"index, follow, max-snippet:-1, max-image-preview:large, max-video-preview:-1\" \/>\n<link rel=\"canonical\" href=\"https:\/\/www.ecoindustry.co.ao\/pt\/produto\/ecotank\/\" \/>\n<meta property=\"og:locale\" content=\"pt_PT\" \/>\n<meta property=\"og:type\" content=\"article\" \/>\n<meta property=\"og:title\" content=\"ECOTANK - Ecoindustry\" \/>\n<meta property=\"og:description\" content=\"Reservat\u00f3rio modular de 28.000L, fabricado a partir de contentor mar\u00edtimo refor\u00e7ado, ideal para armazenamento de \u00e1gua pot\u00e1vel com elevada resist\u00eancia, durabilidade e mobilidade. Com pr\u00e9-instala\u00e7\u00e3o hidr\u00e1ulica, escada met\u00e1lica e revestimento interno em poliureia, o ECOTANK garante m\u00e1xima prote\u00e7\u00e3o e seguran\u00e7a da \u00e1gua \u2014 pronto a instalar em qualquer local.\" \/>\n<meta property=\"og:url\" content=\"https:\/\/www.ecoindustry.co.ao\/pt\/produto\/ecotank\/\" \/>\n<meta property=\"og:site_name\" content=\"Ecoindustry\" \/>\n<meta property=\"article:publisher\" content=\"https:\/\/www.facebook.com\/ecoindustrylda\/\" \/>\n<meta property=\"article:modified_time\" content=\"2025-09-24T12:56:35+00:00\" \/>\n<meta property=\"og:image\" content=\"https:\/\/www.ecoindustry.co.ao\/wp-content\/uploads\/2025\/09\/ECOTANK.jpg\" \/>\n\t<meta property=\"og:image:width\" content=\"1080\" \/>\n\t<meta property=\"og:image:height\" content=\"1080\" \/>\n\t<meta property=\"og:image:type\" content=\"image\/jpeg\" \/>\n<meta name=\"twitter:card\" content=\"summary_large_image\" \/>\n<meta name=\"twitter:label1\" content=\"Tempo estimado de leitura\" \/>\n\t<meta name=\"twitter:data1\" content=\"1 minuto\" \/>\n<script type=\"application\/ld+json\" class=\"yoast-schema-graph\">{\"@context\":\"https:\\\/\\\/schema.org\",\"@graph\":[{\"@type\":\"WebPage\",\"@id\":\"https:\\\/\\\/www.ecoindustry.co.ao\\\/produto\\\/ecotank\\\/\",\"url\":\"https:\\\/\\\/www.ecoindustry.co.ao\\\/produto\\\/ecotank\\\/\",\"name\":\"ECOTANK - Ecoindustry\",\"isPartOf\":{\"@id\":\"https:\\\/\\\/www.ecoindustry.co.ao\\\/#website\"},\"primaryImageOfPage\":{\"@id\":\"https:\\\/\\\/www.ecoindustry.co.ao\\\/produto\\\/ecotank\\\/#primaryimage\"},\"image\":{\"@id\":\"https:\\\/\\\/www.ecoindustry.co.ao\\\/produto\\\/ecotank\\\/#primaryimage\"},\"thumbnailUrl\":\"https:\\\/\\\/www.ecoindustry.co.ao\\\/wp-content\\\/uploads\\\/2025\\\/09\\\/ECOTANK.jpg\",\"datePublished\":\"2025-09-24T12:09:42+00:00\",\"dateModified\":\"2025-09-24T12:56:35+00:00\",\"breadcrumb\":{\"@id\":\"https:\\\/\\\/www.ecoindustry.co.ao\\\/produto\\\/ecotank\\\/#breadcrumb\"},\"inLanguage\":\"pt-PT\",\"potentialAction\":[{\"@type\":\"ReadAction\",\"target\":[\"https:\\\/\\\/www.ecoindustry.co.ao\\\/produto\\\/ecotank\\\/\"]}]},{\"@type\":\"ImageObject\",\"inLanguage\":\"pt-PT\",\"@id\":\"https:\\\/\\\/www.ecoindustry.co.ao\\\/produto\\\/ecotank\\\/#primaryimage\",\"url\":\"https:\\\/\\\/www.ecoindustry.co.ao\\\/wp-content\\\/uploads\\\/2025\\\/09\\\/ECOTANK.jpg\",\"contentUrl\":\"https:\\\/\\\/www.ecoindustry.co.ao\\\/wp-content\\\/uploads\\\/2025\\\/09\\\/ECOTANK.jpg\",\"width\":1080,\"height\":1080},{\"@type\":\"BreadcrumbList\",\"@id\":\"https:\\\/\\\/www.ecoindustry.co.ao\\\/produto\\\/ecotank\\\/#breadcrumb\",\"itemListElement\":[{\"@type\":\"ListItem\",\"position\":1,\"name\":\"In\u00edcio\",\"item\":\"https:\\\/\\\/www.ecoindustry.co.ao\\\/\"},{\"@type\":\"ListItem\",\"position\":2,\"name\":\"Loja\",\"item\":\"https:\\\/\\\/www.ecoindustry.co.ao\\\/loja\\\/\"},{\"@type\":\"ListItem\",\"position\":3,\"name\":\"ECOTANK\"}]},{\"@type\":\"WebSite\",\"@id\":\"https:\\\/\\\/www.ecoindustry.co.ao\\\/#website\",\"url\":\"https:\\\/\\\/www.ecoindustry.co.ao\\\/\",\"name\":\"Ecoindustry\",\"description\":\"Produzimos e comercializamos o melhor, de \u00c1frica para o Mundo.\",\"publisher\":{\"@id\":\"https:\\\/\\\/www.ecoindustry.co.ao\\\/#organization\"},\"potentialAction\":[{\"@type\":\"SearchAction\",\"target\":{\"@type\":\"EntryPoint\",\"urlTemplate\":\"https:\\\/\\\/www.ecoindustry.co.ao\\\/?s={search_term_string}\"},\"query-input\":{\"@type\":\"PropertyValueSpecification\",\"valueRequired\":true,\"valueName\":\"search_term_string\"}}],\"inLanguage\":\"pt-PT\"},{\"@type\":\"Organization\",\"@id\":\"https:\\\/\\\/www.ecoindustry.co.ao\\\/#organization\",\"name\":\"ECOINDUSTRY\",\"url\":\"https:\\\/\\\/www.ecoindustry.co.ao\\\/\",\"logo\":{\"@type\":\"ImageObject\",\"inLanguage\":\"pt-PT\",\"@id\":\"https:\\\/\\\/www.ecoindustry.co.ao\\\/#\\\/schema\\\/logo\\\/image\\\/\",\"url\":\"https:\\\/\\\/www.ecoindustry.co.ao\\\/wp-content\\\/uploads\\\/2017\\\/04\\\/Logo_Ecoindustry.png\",\"contentUrl\":\"https:\\\/\\\/www.ecoindustry.co.ao\\\/wp-content\\\/uploads\\\/2017\\\/04\\\/Logo_Ecoindustry.png\",\"width\":584,\"height\":111,\"caption\":\"ECOINDUSTRY\"},\"image\":{\"@id\":\"https:\\\/\\\/www.ecoindustry.co.ao\\\/#\\\/schema\\\/logo\\\/image\\\/\"},\"sameAs\":[\"https:\\\/\\\/www.facebook.com\\\/ecoindustrylda\\\/\",\"https:\\\/\\\/www.linkedin.com\\\/company\\\/ecoindustry\\\/\"]}]}<\/script>\n<!-- \/ Yoast SEO plugin. -->","yoast_head_json":{"title":"ECOTANK - Ecoindustry","robots":{"index":"index","follow":"follow","max-snippet":"max-snippet:-1","max-image-preview":"max-image-preview:large","max-video-preview":"max-video-preview:-1"},"canonical":"https:\/\/www.ecoindustry.co.ao\/pt\/produto\/ecotank\/","og_locale":"pt_PT","og_type":"article","og_title":"ECOTANK - Ecoindustry","og_description":"Reservat\u00f3rio modular de 28.000L, fabricado a partir de contentor mar\u00edtimo refor\u00e7ado, ideal para armazenamento de \u00e1gua pot\u00e1vel com elevada resist\u00eancia, durabilidade e mobilidade. Com pr\u00e9-instala\u00e7\u00e3o hidr\u00e1ulica, escada met\u00e1lica e revestimento interno em poliureia, o ECOTANK garante m\u00e1xima prote\u00e7\u00e3o e seguran\u00e7a da \u00e1gua \u2014 pronto a instalar em qualquer local.","og_url":"https:\/\/www.ecoindustry.co.ao\/pt\/produto\/ecotank\/","og_site_name":"Ecoindustry","article_publisher":"https:\/\/www.facebook.com\/ecoindustrylda\/","article_modified_time":"2025-09-24T12:56:35+00:00","og_image":[{"width":1080,"height":1080,"url":"https:\/\/www.ecoindustry.co.ao\/wp-content\/uploads\/2025\/09\/ECOTANK.jpg","type":"image\/jpeg"}],"twitter_card":"summary_large_image","twitter_misc":{"Tempo estimado de leitura":"1 minuto"},"schema":{"@context":"https:\/\/schema.org","@graph":[{"@type":"WebPage","@id":"https:\/\/www.ecoindustry.co.ao\/produto\/ecotank\/","url":"https:\/\/www.ecoindustry.co.ao\/produto\/ecotank\/","name":"ECOTANK - Ecoindustry","isPartOf":{"@id":"https:\/\/www.ecoindustry.co.ao\/#website"},"primaryImageOfPage":{"@id":"https:\/\/www.ecoindustry.co.ao\/produto\/ecotank\/#primaryimage"},"image":{"@id":"https:\/\/www.ecoindustry.co.ao\/produto\/ecotank\/#primaryimage"},"thumbnailUrl":"https:\/\/www.ecoindustry.co.ao\/wp-content\/uploads\/2025\/09\/ECOTANK.jpg","datePublished":"2025-09-24T12:09:42+00:00","dateModified":"2025-09-24T12:56:35+00:00","breadcrumb":{"@id":"https:\/\/www.ecoindustry.co.ao\/produto\/ecotank\/#breadcrumb"},"inLanguage":"pt-PT","potentialAction":[{"@type":"ReadAction","target":["https:\/\/www.ecoindustry.co.ao\/produto\/ecotank\/"]}]},{"@type":"ImageObject","inLanguage":"pt-PT","@id":"https:\/\/www.ecoindustry.co.ao\/produto\/ecotank\/#primaryimage","url":"https:\/\/www.ecoindustry.co.ao\/wp-content\/uploads\/2025\/09\/ECOTANK.jpg","contentUrl":"https:\/\/www.ecoindustry.co.ao\/wp-content\/uploads\/2025\/09\/ECOTANK.jpg","width":1080,"height":1080},{"@type":"BreadcrumbList","@id":"https:\/\/www.ecoindustry.co.ao\/produto\/ecotank\/#breadcrumb","itemListElement":[{"@type":"ListItem","position":1,"name":"In\u00edcio","item":"https:\/\/www.ecoindustry.co.ao\/"},{"@type":"ListItem","position":2,"name":"Loja","item":"https:\/\/www.ecoindustry.co.ao\/loja\/"},{"@type":"ListItem","position":3,"name":"ECOTANK"}]},{"@type":"WebSite","@id":"https:\/\/www.ecoindustry.co.ao\/#website","url":"https:\/\/www.ecoindustry.co.ao\/","name":"Ecoindustry","description":"Produzimos e comercializamos o melhor, de \u00c1frica para o Mundo.","publisher":{"@id":"https:\/\/www.ecoindustry.co.ao\/#organization"},"potentialAction":[{"@type":"SearchAction","target":{"@type":"EntryPoint","urlTemplate":"https:\/\/www.ecoindustry.co.ao\/?s={search_term_string}"},"query-input":{"@type":"PropertyValueSpecification","valueRequired":true,"valueName":"search_term_string"}}],"inLanguage":"pt-PT"},{"@type":"Organization","@id":"https:\/\/www.ecoindustry.co.ao\/#organization","name":"ECOINDUSTRY","url":"https:\/\/www.ecoindustry.co.ao\/","logo":{"@type":"ImageObject","inLanguage":"pt-PT","@id":"https:\/\/www.ecoindustry.co.ao\/#\/schema\/logo\/image\/","url":"https:\/\/www.ecoindustry.co.ao\/wp-content\/uploads\/2017\/04\/Logo_Ecoindustry.png","contentUrl":"https:\/\/www.ecoindustry.co.ao\/wp-content\/uploads\/2017\/04\/Logo_Ecoindustry.png","width":584,"height":111,"caption":"ECOINDUSTRY"},"image":{"@id":"https:\/\/www.ecoindustry.co.ao\/#\/schema\/logo\/image\/"},"sameAs":["https:\/\/www.facebook.com\/ecoindustrylda\/","https:\/\/www.linkedin.com\/company\/ecoindustry\/"]}]}},"_links":{"self":[{"href":"https:\/\/www.ecoindustry.co.ao\/pt\/wp-json\/wp\/v2\/product\/8682","targetHints":{"allow":["GET"]}}],"collection":[{"href":"https:\/\/www.ecoindustry.co.ao\/pt\/wp-json\/wp\/v2\/product"}],"about":[{"href":"https:\/\/www.ecoindustry.co.ao\/pt\/wp-json\/wp\/v2\/types\/product"}],"replies":[{"embeddable":true,"href":"https:\/\/www.ecoindustry.co.ao\/pt\/wp-json\/wp\/v2\/comments?post=8682"}],"wp:featuredmedia":[{"embeddable":true,"href":"https:\/\/www.ecoindustry.co.ao\/pt\/wp-json\/wp\/v2\/media\/8683"}],"wp:attachment":[{"href":"https:\/\/www.ecoindustry.co.ao\/pt\/wp-json\/wp\/v2\/media?parent=8682"}],"wp:term":[{"taxonomy":"product_brand","embeddable":true,"href":"https:\/\/www.ecoindustry.co.ao\/pt\/wp-json\/wp\/v2\/product_brand?post=8682"},{"taxonomy":"product_cat","embeddable":true,"href":"https:\/\/www.ecoindustry.co.ao\/pt\/wp-json\/wp\/v2\/product_cat?post=8682"},{"taxonomy":"product_tag","embeddable":true,"href":"https:\/\/www.ecoindustry.co.ao\/pt\/wp-json\/wp\/v2\/product_tag?post=8682"}],"curies":[{"name":"wp","href":"https:\/\/api.w.org\/{rel}","templated":true}]}}