{"id":7343,"date":"2024-10-31T07:56:11","date_gmt":"2024-10-31T07:56:11","guid":{"rendered":"https:\/\/www.ecoindustry.co.ao\/?post_type=product&#038;p=7343"},"modified":"2026-02-28T13:17:30","modified_gmt":"2026-02-28T13:17:30","slug":"jaguar-siv-classic","status":"publish","type":"product","link":"https:\/\/www.ecoindustry.co.ao\/pt\/produto\/jaguar-siv-classic\/","title":{"rendered":"JAGUAR SIV Classic"},"content":{"rendered":"<p class=\"p1\"><span style=\"color: #af2d2c\"><strong>Massa de acabamento de alto desempenho<\/strong><\/span>, desenvolvida para criar superf\u00edcies lisas e uniformes em <span style=\"color: #af2d2c\"><strong>paredes e tetos interiores<\/strong><\/span>.<\/p>\n<p class=\"p1\">Com uma f\u00f3rmula especial que proporciona excelente <span style=\"color: #af2d2c\"><strong>ades\u00e3o e durabilidade<\/strong><\/span>, \u00e9 ideal para preparar superf\u00edcies que receber\u00e3o pintura ou outros tipos de revestimento.<\/p>\n<p class=\"p1\">A sua aplica\u00e7\u00e3o \u00e9 simples e eficiente, garantindo um acabamento impec\u00e1vel e resistente, que valoriza qualquer ambiente interno.<\/p>\n<p class=\"p1\">Este produto \u00e9 adequado para ambientes que exigem um a<span style=\"color: #af2d2c\"><strong>cabamento duradouro e de alta qualidade<\/strong><\/span>, oferecendo resist\u00eancia ao desgaste e mantendo a integridade do revestimento ao longo do tempo.<\/p>\n<p class=\"p1\">O <b>JAGUAR SIV Classic<\/b> \u00e9 perfeito para profissionais que procuram uma <span style=\"color: #af2d2c\"><strong>solu\u00e7\u00e3o pr\u00e1tica e eficiente para revestir e proteger superf\u00edcies interiores<\/strong><\/span> com uma camada de acabamento uniforme e pronta para qualquer tratamento adicional.<\/p>\n","protected":false},"excerpt":{"rendered":"<p class=\"p1\"><strong><span style=\"color: #af2d2c\">Massa de acabamento de efeito liso<\/span><\/strong>, especialmente formulada para revestir paredes e tetos interiores com perfei\u00e7\u00e3o e durabilidade. Ideal para proporcionar uma superf\u00edcie uniforme, com <span style=\"color: #af2d2c\"><strong>excelente ades\u00e3o e resist\u00eancia<\/strong><\/span>.<\/p>\n<p class=\"p1\">Com f\u00e1cil aplica\u00e7\u00e3o, o <b>JAGUAR SIV Classic<\/b> garante um <span style=\"color: #af2d2c\"><strong>acabamento est\u00e9tico de alta qualidade e duradouro<\/strong><\/span>. \u00c9 a escolha certa para projetos que exigem um revestimento liso e resistente, preparado para receber pintura ou outros acabamentos.<\/p>\n","protected":false},"featured_media":7354,"comment_status":"closed","ping_status":"closed","template":"","meta":[],"product_brand":[],"product_cat":[277],"product_tag":[85,94,87,78,88,95],"class_list":{"0":"post-7343","1":"product","2":"type-product","3":"status-publish","4":"has-post-thumbnail","6":"product_cat-jaguar","7":"product_tag-acabamento","8":"product_tag-aderencia","9":"product_tag-classic","10":"product_tag-interior","11":"product_tag-jaguar","12":"product_tag-siv","14":"first","15":"instock","16":"featured","17":"shipping-taxable","18":"product-type-simple"},"yoast_head":"<!-- This site is optimized with the Yoast SEO plugin v27.3 - https:\/\/yoast.com\/product\/yoast-seo-wordpress\/ -->\n<title>JAGUAR SIV Classic - Ecoindustry<\/title>\n<meta name=\"robots\" content=\"index, follow, max-snippet:-1, max-image-preview:large, max-video-preview:-1\" \/>\n<link rel=\"canonical\" href=\"https:\/\/www.ecoindustry.co.ao\/pt\/produto\/jaguar-siv-classic\/\" \/>\n<meta property=\"og:locale\" content=\"pt_PT\" \/>\n<meta property=\"og:type\" content=\"article\" \/>\n<meta property=\"og:title\" content=\"JAGUAR SIV Classic - Ecoindustry\" \/>\n<meta property=\"og:description\" content=\"Massa de acabamento de efeito liso, especialmente formulada para revestir paredes e tetos interiores com perfei\u00e7\u00e3o e durabilidade. Ideal para proporcionar uma superf\u00edcie uniforme, com excelente ades\u00e3o e resist\u00eancia. Com f\u00e1cil aplica\u00e7\u00e3o, o JAGUAR SIV Classic garante um acabamento est\u00e9tico de alta qualidade e duradouro. \u00c9 a escolha certa para projetos que exigem um revestimento liso e resistente, preparado para receber pintura ou outros acabamentos.\" \/>\n<meta property=\"og:url\" content=\"https:\/\/www.ecoindustry.co.ao\/pt\/produto\/jaguar-siv-classic\/\" \/>\n<meta property=\"og:site_name\" content=\"Ecoindustry\" \/>\n<meta property=\"article:publisher\" content=\"https:\/\/www.facebook.com\/ecoindustrylda\/\" \/>\n<meta property=\"article:modified_time\" content=\"2026-02-28T13:17:30+00:00\" \/>\n<meta property=\"og:image\" content=\"https:\/\/www.ecoindustry.co.ao\/wp-content\/uploads\/2024\/10\/siv.jpg\" \/>\n\t<meta property=\"og:image:width\" content=\"1080\" \/>\n\t<meta property=\"og:image:height\" content=\"1080\" \/>\n\t<meta property=\"og:image:type\" content=\"image\/jpeg\" \/>\n<meta name=\"twitter:card\" content=\"summary_large_image\" \/>\n<meta name=\"twitter:label1\" content=\"Tempo estimado de leitura\" \/>\n\t<meta name=\"twitter:data1\" content=\"1 minuto\" \/>\n<script type=\"application\/ld+json\" class=\"yoast-schema-graph\">{\"@context\":\"https:\\\/\\\/schema.org\",\"@graph\":[{\"@type\":\"WebPage\",\"@id\":\"https:\\\/\\\/www.ecoindustry.co.ao\\\/produto\\\/jaguar-siv-classic\\\/\",\"url\":\"https:\\\/\\\/www.ecoindustry.co.ao\\\/produto\\\/jaguar-siv-classic\\\/\",\"name\":\"JAGUAR SIV Classic - Ecoindustry\",\"isPartOf\":{\"@id\":\"https:\\\/\\\/www.ecoindustry.co.ao\\\/#website\"},\"primaryImageOfPage\":{\"@id\":\"https:\\\/\\\/www.ecoindustry.co.ao\\\/produto\\\/jaguar-siv-classic\\\/#primaryimage\"},\"image\":{\"@id\":\"https:\\\/\\\/www.ecoindustry.co.ao\\\/produto\\\/jaguar-siv-classic\\\/#primaryimage\"},\"thumbnailUrl\":\"https:\\\/\\\/www.ecoindustry.co.ao\\\/wp-content\\\/uploads\\\/2024\\\/10\\\/siv.jpg\",\"datePublished\":\"2024-10-31T07:56:11+00:00\",\"dateModified\":\"2026-02-28T13:17:30+00:00\",\"breadcrumb\":{\"@id\":\"https:\\\/\\\/www.ecoindustry.co.ao\\\/produto\\\/jaguar-siv-classic\\\/#breadcrumb\"},\"inLanguage\":\"pt-PT\",\"potentialAction\":[{\"@type\":\"ReadAction\",\"target\":[\"https:\\\/\\\/www.ecoindustry.co.ao\\\/produto\\\/jaguar-siv-classic\\\/\"]}]},{\"@type\":\"ImageObject\",\"inLanguage\":\"pt-PT\",\"@id\":\"https:\\\/\\\/www.ecoindustry.co.ao\\\/produto\\\/jaguar-siv-classic\\\/#primaryimage\",\"url\":\"https:\\\/\\\/www.ecoindustry.co.ao\\\/wp-content\\\/uploads\\\/2024\\\/10\\\/siv.jpg\",\"contentUrl\":\"https:\\\/\\\/www.ecoindustry.co.ao\\\/wp-content\\\/uploads\\\/2024\\\/10\\\/siv.jpg\",\"width\":1080,\"height\":1080},{\"@type\":\"BreadcrumbList\",\"@id\":\"https:\\\/\\\/www.ecoindustry.co.ao\\\/produto\\\/jaguar-siv-classic\\\/#breadcrumb\",\"itemListElement\":[{\"@type\":\"ListItem\",\"position\":1,\"name\":\"In\u00edcio\",\"item\":\"https:\\\/\\\/www.ecoindustry.co.ao\\\/\"},{\"@type\":\"ListItem\",\"position\":2,\"name\":\"Loja\",\"item\":\"https:\\\/\\\/www.ecoindustry.co.ao\\\/loja\\\/\"},{\"@type\":\"ListItem\",\"position\":3,\"name\":\"JAGUAR SIV Classic\"}]},{\"@type\":\"WebSite\",\"@id\":\"https:\\\/\\\/www.ecoindustry.co.ao\\\/#website\",\"url\":\"https:\\\/\\\/www.ecoindustry.co.ao\\\/\",\"name\":\"Ecoindustry\",\"description\":\"Produzimos e comercializamos o melhor, de \u00c1frica para o Mundo.\",\"publisher\":{\"@id\":\"https:\\\/\\\/www.ecoindustry.co.ao\\\/#organization\"},\"potentialAction\":[{\"@type\":\"SearchAction\",\"target\":{\"@type\":\"EntryPoint\",\"urlTemplate\":\"https:\\\/\\\/www.ecoindustry.co.ao\\\/?s={search_term_string}\"},\"query-input\":{\"@type\":\"PropertyValueSpecification\",\"valueRequired\":true,\"valueName\":\"search_term_string\"}}],\"inLanguage\":\"pt-PT\"},{\"@type\":\"Organization\",\"@id\":\"https:\\\/\\\/www.ecoindustry.co.ao\\\/#organization\",\"name\":\"ECOINDUSTRY\",\"url\":\"https:\\\/\\\/www.ecoindustry.co.ao\\\/\",\"logo\":{\"@type\":\"ImageObject\",\"inLanguage\":\"pt-PT\",\"@id\":\"https:\\\/\\\/www.ecoindustry.co.ao\\\/#\\\/schema\\\/logo\\\/image\\\/\",\"url\":\"https:\\\/\\\/www.ecoindustry.co.ao\\\/wp-content\\\/uploads\\\/2017\\\/04\\\/Logo_Ecoindustry.png\",\"contentUrl\":\"https:\\\/\\\/www.ecoindustry.co.ao\\\/wp-content\\\/uploads\\\/2017\\\/04\\\/Logo_Ecoindustry.png\",\"width\":584,\"height\":111,\"caption\":\"ECOINDUSTRY\"},\"image\":{\"@id\":\"https:\\\/\\\/www.ecoindustry.co.ao\\\/#\\\/schema\\\/logo\\\/image\\\/\"},\"sameAs\":[\"https:\\\/\\\/www.facebook.com\\\/ecoindustrylda\\\/\",\"https:\\\/\\\/www.linkedin.com\\\/company\\\/ecoindustry\\\/\"]}]}<\/script>\n<!-- \/ Yoast SEO plugin. -->","yoast_head_json":{"title":"JAGUAR SIV Classic - Ecoindustry","robots":{"index":"index","follow":"follow","max-snippet":"max-snippet:-1","max-image-preview":"max-image-preview:large","max-video-preview":"max-video-preview:-1"},"canonical":"https:\/\/www.ecoindustry.co.ao\/pt\/produto\/jaguar-siv-classic\/","og_locale":"pt_PT","og_type":"article","og_title":"JAGUAR SIV Classic - Ecoindustry","og_description":"Massa de acabamento de efeito liso, especialmente formulada para revestir paredes e tetos interiores com perfei\u00e7\u00e3o e durabilidade. Ideal para proporcionar uma superf\u00edcie uniforme, com excelente ades\u00e3o e resist\u00eancia. Com f\u00e1cil aplica\u00e7\u00e3o, o JAGUAR SIV Classic garante um acabamento est\u00e9tico de alta qualidade e duradouro. \u00c9 a escolha certa para projetos que exigem um revestimento liso e resistente, preparado para receber pintura ou outros acabamentos.","og_url":"https:\/\/www.ecoindustry.co.ao\/pt\/produto\/jaguar-siv-classic\/","og_site_name":"Ecoindustry","article_publisher":"https:\/\/www.facebook.com\/ecoindustrylda\/","article_modified_time":"2026-02-28T13:17:30+00:00","og_image":[{"width":1080,"height":1080,"url":"https:\/\/www.ecoindustry.co.ao\/wp-content\/uploads\/2024\/10\/siv.jpg","type":"image\/jpeg"}],"twitter_card":"summary_large_image","twitter_misc":{"Tempo estimado de leitura":"1 minuto"},"schema":{"@context":"https:\/\/schema.org","@graph":[{"@type":"WebPage","@id":"https:\/\/www.ecoindustry.co.ao\/produto\/jaguar-siv-classic\/","url":"https:\/\/www.ecoindustry.co.ao\/produto\/jaguar-siv-classic\/","name":"JAGUAR SIV Classic - Ecoindustry","isPartOf":{"@id":"https:\/\/www.ecoindustry.co.ao\/#website"},"primaryImageOfPage":{"@id":"https:\/\/www.ecoindustry.co.ao\/produto\/jaguar-siv-classic\/#primaryimage"},"image":{"@id":"https:\/\/www.ecoindustry.co.ao\/produto\/jaguar-siv-classic\/#primaryimage"},"thumbnailUrl":"https:\/\/www.ecoindustry.co.ao\/wp-content\/uploads\/2024\/10\/siv.jpg","datePublished":"2024-10-31T07:56:11+00:00","dateModified":"2026-02-28T13:17:30+00:00","breadcrumb":{"@id":"https:\/\/www.ecoindustry.co.ao\/produto\/jaguar-siv-classic\/#breadcrumb"},"inLanguage":"pt-PT","potentialAction":[{"@type":"ReadAction","target":["https:\/\/www.ecoindustry.co.ao\/produto\/jaguar-siv-classic\/"]}]},{"@type":"ImageObject","inLanguage":"pt-PT","@id":"https:\/\/www.ecoindustry.co.ao\/produto\/jaguar-siv-classic\/#primaryimage","url":"https:\/\/www.ecoindustry.co.ao\/wp-content\/uploads\/2024\/10\/siv.jpg","contentUrl":"https:\/\/www.ecoindustry.co.ao\/wp-content\/uploads\/2024\/10\/siv.jpg","width":1080,"height":1080},{"@type":"BreadcrumbList","@id":"https:\/\/www.ecoindustry.co.ao\/produto\/jaguar-siv-classic\/#breadcrumb","itemListElement":[{"@type":"ListItem","position":1,"name":"In\u00edcio","item":"https:\/\/www.ecoindustry.co.ao\/"},{"@type":"ListItem","position":2,"name":"Loja","item":"https:\/\/www.ecoindustry.co.ao\/loja\/"},{"@type":"ListItem","position":3,"name":"JAGUAR SIV Classic"}]},{"@type":"WebSite","@id":"https:\/\/www.ecoindustry.co.ao\/#website","url":"https:\/\/www.ecoindustry.co.ao\/","name":"Ecoindustry","description":"Produzimos e comercializamos o melhor, de \u00c1frica para o Mundo.","publisher":{"@id":"https:\/\/www.ecoindustry.co.ao\/#organization"},"potentialAction":[{"@type":"SearchAction","target":{"@type":"EntryPoint","urlTemplate":"https:\/\/www.ecoindustry.co.ao\/?s={search_term_string}"},"query-input":{"@type":"PropertyValueSpecification","valueRequired":true,"valueName":"search_term_string"}}],"inLanguage":"pt-PT"},{"@type":"Organization","@id":"https:\/\/www.ecoindustry.co.ao\/#organization","name":"ECOINDUSTRY","url":"https:\/\/www.ecoindustry.co.ao\/","logo":{"@type":"ImageObject","inLanguage":"pt-PT","@id":"https:\/\/www.ecoindustry.co.ao\/#\/schema\/logo\/image\/","url":"https:\/\/www.ecoindustry.co.ao\/wp-content\/uploads\/2017\/04\/Logo_Ecoindustry.png","contentUrl":"https:\/\/www.ecoindustry.co.ao\/wp-content\/uploads\/2017\/04\/Logo_Ecoindustry.png","width":584,"height":111,"caption":"ECOINDUSTRY"},"image":{"@id":"https:\/\/www.ecoindustry.co.ao\/#\/schema\/logo\/image\/"},"sameAs":["https:\/\/www.facebook.com\/ecoindustrylda\/","https:\/\/www.linkedin.com\/company\/ecoindustry\/"]}]}},"_links":{"self":[{"href":"https:\/\/www.ecoindustry.co.ao\/pt\/wp-json\/wp\/v2\/product\/7343","targetHints":{"allow":["GET"]}}],"collection":[{"href":"https:\/\/www.ecoindustry.co.ao\/pt\/wp-json\/wp\/v2\/product"}],"about":[{"href":"https:\/\/www.ecoindustry.co.ao\/pt\/wp-json\/wp\/v2\/types\/product"}],"replies":[{"embeddable":true,"href":"https:\/\/www.ecoindustry.co.ao\/pt\/wp-json\/wp\/v2\/comments?post=7343"}],"wp:featuredmedia":[{"embeddable":true,"href":"https:\/\/www.ecoindustry.co.ao\/pt\/wp-json\/wp\/v2\/media\/7354"}],"wp:attachment":[{"href":"https:\/\/www.ecoindustry.co.ao\/pt\/wp-json\/wp\/v2\/media?parent=7343"}],"wp:term":[{"taxonomy":"product_brand","embeddable":true,"href":"https:\/\/www.ecoindustry.co.ao\/pt\/wp-json\/wp\/v2\/product_brand?post=7343"},{"taxonomy":"product_cat","embeddable":true,"href":"https:\/\/www.ecoindustry.co.ao\/pt\/wp-json\/wp\/v2\/product_cat?post=7343"},{"taxonomy":"product_tag","embeddable":true,"href":"https:\/\/www.ecoindustry.co.ao\/pt\/wp-json\/wp\/v2\/product_tag?post=7343"}],"curies":[{"name":"wp","href":"https:\/\/api.w.org\/{rel}","templated":true}]}}