{"id":7340,"date":"2024-10-31T07:56:11","date_gmt":"2024-10-31T07:56:11","guid":{"rendered":"https:\/\/www.ecoindustry.co.ao\/?post_type=product&#038;p=7340"},"modified":"2026-02-28T13:16:56","modified_gmt":"2026-02-28T13:16:56","slug":"jaguar-juntex-universal","status":"publish","type":"product","link":"https:\/\/www.ecoindustry.co.ao\/pt\/produto\/jaguar-juntex-universal\/","title":{"rendered":"JAGUAR JUNTEX Universal"},"content":{"rendered":"<p class=\"p1\"><span style=\"color: #af2d2c\"><strong>A<\/strong><\/span><strong style=\"color: #af2d2c\">rgamassa de rejunte<\/strong> de alta qualidade, classificada como tipo <span style=\"color: #af2d2c\"><strong>CG2WA<\/strong><\/span>, com propriedades de resist\u00eancia \u00e0 abras\u00e3o e baixa absor\u00e7\u00e3o de \u00e1gua.<\/p>\n<p class=\"p1\">Desenvolvido para juntas de 2 a 10 mm, este produto oferece uma <span style=\"color: #af2d2c\"><strong>textura lisa e acabamento uniforme<\/strong><\/span>, sendo ideal para aplica\u00e7\u00e3o em pavimentos e revestimentos cer\u00e2micos, al\u00e9m de materiais p\u00e9treos.<\/p>\n<p class=\"p1\">Pode ser utilizado em interiores e exteriores, proporcionando um <span style=\"color: #af2d2c\"><strong>acabamento duradouro e f\u00e1cil de limpar<\/strong><\/span>.<\/p>\n<p class=\"p1\">O <b>JAGUAR Juntex Universal<\/b> \u00e9 a escolha perfeita para quem busca uma argamassa pr\u00e1tica e de qualidade superior para rejuntes, garantindo resist\u00eancia e est\u00e9tica.<\/p>\n<p class=\"p1\"><b>Caracter\u00edsticas:<\/b><\/p>\n<p class=\"p3\">\u2022 Argamassa de rejunte tipo CG2WA;<\/p>\n<p class=\"p3\">\u2022 Indicado para juntas de 2 a 10 mm;<\/p>\n<p class=\"p3\">\u2022 Textura lisa e acabamento uniforme;<\/p>\n<p class=\"p3\">\u2022 Resistente \u00e0 abras\u00e3o e com baixa absor\u00e7\u00e3o de \u00e1gua;<\/p>\n<p class=\"p3\">\u2022 Aplic\u00e1vel em interiores e exteriores.<\/p>\n","protected":false},"excerpt":{"rendered":"<p class=\"p1\">Argamassa para rejuntes de 2 a 10 mm, <span style=\"color: #af2d2c\"><strong>tipo CG2WA<\/strong><\/span>, com textura lisa, ideal para pavimentos e revestimentos cer\u00e2micos e materiais p\u00e9treos em interiores e exteriores.<\/p>\n<p class=\"p1\">Desenvolvido para proporcionar <span style=\"color: #af2d2c\"><strong>resist\u00eancia \u00e0 abras\u00e3o e baixa absor\u00e7\u00e3o de \u00e1gua<\/strong><\/span>, o <b>JAGUAR Juntex Universal<\/b> oferece um acabamento duradouro e f\u00e1cil de limpar. Com uma aplica\u00e7\u00e3o pr\u00e1tica e vers\u00e1til, \u00e9 a escolha ideal para projetos que exigem qualidade e est\u00e9tica em rejuntes.<\/p>\n","protected":false},"featured_media":7349,"comment_status":"closed","ping_status":"closed","template":"","meta":[],"product_brand":[],"product_cat":[277],"product_tag":[81,82,79,78,88,90,80,91],"class_list":{"0":"post-7340","1":"product","2":"type-product","3":"status-publish","4":"has-post-thumbnail","6":"product_cat-jaguar","7":"product_tag-argamassa","8":"product_tag-cg2wa","9":"product_tag-exterior","10":"product_tag-interior","11":"product_tag-jaguar","12":"product_tag-juntex","13":"product_tag-rejuntes","14":"product_tag-universal","16":"first","17":"instock","18":"featured","19":"shipping-taxable","20":"product-type-simple"},"yoast_head":"<!-- This site is optimized with the Yoast SEO plugin v27.3 - https:\/\/yoast.com\/product\/yoast-seo-wordpress\/ -->\n<title>JAGUAR JUNTEX Universal - Ecoindustry<\/title>\n<meta name=\"robots\" content=\"index, follow, max-snippet:-1, max-image-preview:large, max-video-preview:-1\" \/>\n<link rel=\"canonical\" href=\"https:\/\/www.ecoindustry.co.ao\/pt\/produto\/jaguar-juntex-universal\/\" \/>\n<meta property=\"og:locale\" content=\"pt_PT\" \/>\n<meta property=\"og:type\" content=\"article\" \/>\n<meta property=\"og:title\" content=\"JAGUAR JUNTEX Universal - Ecoindustry\" \/>\n<meta property=\"og:description\" content=\"Argamassa para rejuntes de 2 a 10 mm, tipo CG2WA, com textura lisa, ideal para pavimentos e revestimentos cer\u00e2micos e materiais p\u00e9treos em interiores e exteriores. Desenvolvido para proporcionar resist\u00eancia \u00e0 abras\u00e3o e baixa absor\u00e7\u00e3o de \u00e1gua, o JAGUAR Juntex Universal oferece um acabamento duradouro e f\u00e1cil de limpar. Com uma aplica\u00e7\u00e3o pr\u00e1tica e vers\u00e1til, \u00e9 a escolha ideal para projetos que exigem qualidade e est\u00e9tica em rejuntes.\" \/>\n<meta property=\"og:url\" content=\"https:\/\/www.ecoindustry.co.ao\/pt\/produto\/jaguar-juntex-universal\/\" \/>\n<meta property=\"og:site_name\" content=\"Ecoindustry\" \/>\n<meta property=\"article:publisher\" content=\"https:\/\/www.facebook.com\/ecoindustrylda\/\" \/>\n<meta property=\"article:modified_time\" content=\"2026-02-28T13:16:56+00:00\" \/>\n<meta property=\"og:image\" content=\"https:\/\/www.ecoindustry.co.ao\/wp-content\/uploads\/2024\/10\/juntex.jpg\" \/>\n\t<meta property=\"og:image:width\" content=\"1080\" \/>\n\t<meta property=\"og:image:height\" content=\"1080\" \/>\n\t<meta property=\"og:image:type\" content=\"image\/jpeg\" \/>\n<meta name=\"twitter:card\" content=\"summary_large_image\" \/>\n<meta name=\"twitter:label1\" content=\"Tempo estimado de leitura\" \/>\n\t<meta name=\"twitter:data1\" content=\"1 minuto\" \/>\n<script type=\"application\/ld+json\" class=\"yoast-schema-graph\">{\"@context\":\"https:\\\/\\\/schema.org\",\"@graph\":[{\"@type\":\"WebPage\",\"@id\":\"https:\\\/\\\/www.ecoindustry.co.ao\\\/produto\\\/jaguar-juntex-universal\\\/\",\"url\":\"https:\\\/\\\/www.ecoindustry.co.ao\\\/produto\\\/jaguar-juntex-universal\\\/\",\"name\":\"JAGUAR JUNTEX Universal - Ecoindustry\",\"isPartOf\":{\"@id\":\"https:\\\/\\\/www.ecoindustry.co.ao\\\/#website\"},\"primaryImageOfPage\":{\"@id\":\"https:\\\/\\\/www.ecoindustry.co.ao\\\/produto\\\/jaguar-juntex-universal\\\/#primaryimage\"},\"image\":{\"@id\":\"https:\\\/\\\/www.ecoindustry.co.ao\\\/produto\\\/jaguar-juntex-universal\\\/#primaryimage\"},\"thumbnailUrl\":\"https:\\\/\\\/www.ecoindustry.co.ao\\\/wp-content\\\/uploads\\\/2024\\\/10\\\/juntex.jpg\",\"datePublished\":\"2024-10-31T07:56:11+00:00\",\"dateModified\":\"2026-02-28T13:16:56+00:00\",\"breadcrumb\":{\"@id\":\"https:\\\/\\\/www.ecoindustry.co.ao\\\/produto\\\/jaguar-juntex-universal\\\/#breadcrumb\"},\"inLanguage\":\"pt-PT\",\"potentialAction\":[{\"@type\":\"ReadAction\",\"target\":[\"https:\\\/\\\/www.ecoindustry.co.ao\\\/produto\\\/jaguar-juntex-universal\\\/\"]}]},{\"@type\":\"ImageObject\",\"inLanguage\":\"pt-PT\",\"@id\":\"https:\\\/\\\/www.ecoindustry.co.ao\\\/produto\\\/jaguar-juntex-universal\\\/#primaryimage\",\"url\":\"https:\\\/\\\/www.ecoindustry.co.ao\\\/wp-content\\\/uploads\\\/2024\\\/10\\\/juntex.jpg\",\"contentUrl\":\"https:\\\/\\\/www.ecoindustry.co.ao\\\/wp-content\\\/uploads\\\/2024\\\/10\\\/juntex.jpg\",\"width\":1080,\"height\":1080},{\"@type\":\"BreadcrumbList\",\"@id\":\"https:\\\/\\\/www.ecoindustry.co.ao\\\/produto\\\/jaguar-juntex-universal\\\/#breadcrumb\",\"itemListElement\":[{\"@type\":\"ListItem\",\"position\":1,\"name\":\"In\u00edcio\",\"item\":\"https:\\\/\\\/www.ecoindustry.co.ao\\\/\"},{\"@type\":\"ListItem\",\"position\":2,\"name\":\"Loja\",\"item\":\"https:\\\/\\\/www.ecoindustry.co.ao\\\/loja\\\/\"},{\"@type\":\"ListItem\",\"position\":3,\"name\":\"JAGUAR JUNTEX Universal\"}]},{\"@type\":\"WebSite\",\"@id\":\"https:\\\/\\\/www.ecoindustry.co.ao\\\/#website\",\"url\":\"https:\\\/\\\/www.ecoindustry.co.ao\\\/\",\"name\":\"Ecoindustry\",\"description\":\"Produzimos e comercializamos o melhor, de \u00c1frica para o Mundo.\",\"publisher\":{\"@id\":\"https:\\\/\\\/www.ecoindustry.co.ao\\\/#organization\"},\"potentialAction\":[{\"@type\":\"SearchAction\",\"target\":{\"@type\":\"EntryPoint\",\"urlTemplate\":\"https:\\\/\\\/www.ecoindustry.co.ao\\\/?s={search_term_string}\"},\"query-input\":{\"@type\":\"PropertyValueSpecification\",\"valueRequired\":true,\"valueName\":\"search_term_string\"}}],\"inLanguage\":\"pt-PT\"},{\"@type\":\"Organization\",\"@id\":\"https:\\\/\\\/www.ecoindustry.co.ao\\\/#organization\",\"name\":\"ECOINDUSTRY\",\"url\":\"https:\\\/\\\/www.ecoindustry.co.ao\\\/\",\"logo\":{\"@type\":\"ImageObject\",\"inLanguage\":\"pt-PT\",\"@id\":\"https:\\\/\\\/www.ecoindustry.co.ao\\\/#\\\/schema\\\/logo\\\/image\\\/\",\"url\":\"https:\\\/\\\/www.ecoindustry.co.ao\\\/wp-content\\\/uploads\\\/2017\\\/04\\\/Logo_Ecoindustry.png\",\"contentUrl\":\"https:\\\/\\\/www.ecoindustry.co.ao\\\/wp-content\\\/uploads\\\/2017\\\/04\\\/Logo_Ecoindustry.png\",\"width\":584,\"height\":111,\"caption\":\"ECOINDUSTRY\"},\"image\":{\"@id\":\"https:\\\/\\\/www.ecoindustry.co.ao\\\/#\\\/schema\\\/logo\\\/image\\\/\"},\"sameAs\":[\"https:\\\/\\\/www.facebook.com\\\/ecoindustrylda\\\/\",\"https:\\\/\\\/www.linkedin.com\\\/company\\\/ecoindustry\\\/\"]}]}<\/script>\n<!-- \/ Yoast SEO plugin. -->","yoast_head_json":{"title":"JAGUAR JUNTEX Universal - Ecoindustry","robots":{"index":"index","follow":"follow","max-snippet":"max-snippet:-1","max-image-preview":"max-image-preview:large","max-video-preview":"max-video-preview:-1"},"canonical":"https:\/\/www.ecoindustry.co.ao\/pt\/produto\/jaguar-juntex-universal\/","og_locale":"pt_PT","og_type":"article","og_title":"JAGUAR JUNTEX Universal - Ecoindustry","og_description":"Argamassa para rejuntes de 2 a 10 mm, tipo CG2WA, com textura lisa, ideal para pavimentos e revestimentos cer\u00e2micos e materiais p\u00e9treos em interiores e exteriores. Desenvolvido para proporcionar resist\u00eancia \u00e0 abras\u00e3o e baixa absor\u00e7\u00e3o de \u00e1gua, o JAGUAR Juntex Universal oferece um acabamento duradouro e f\u00e1cil de limpar. Com uma aplica\u00e7\u00e3o pr\u00e1tica e vers\u00e1til, \u00e9 a escolha ideal para projetos que exigem qualidade e est\u00e9tica em rejuntes.","og_url":"https:\/\/www.ecoindustry.co.ao\/pt\/produto\/jaguar-juntex-universal\/","og_site_name":"Ecoindustry","article_publisher":"https:\/\/www.facebook.com\/ecoindustrylda\/","article_modified_time":"2026-02-28T13:16:56+00:00","og_image":[{"width":1080,"height":1080,"url":"https:\/\/www.ecoindustry.co.ao\/wp-content\/uploads\/2024\/10\/juntex.jpg","type":"image\/jpeg"}],"twitter_card":"summary_large_image","twitter_misc":{"Tempo estimado de leitura":"1 minuto"},"schema":{"@context":"https:\/\/schema.org","@graph":[{"@type":"WebPage","@id":"https:\/\/www.ecoindustry.co.ao\/produto\/jaguar-juntex-universal\/","url":"https:\/\/www.ecoindustry.co.ao\/produto\/jaguar-juntex-universal\/","name":"JAGUAR JUNTEX Universal - Ecoindustry","isPartOf":{"@id":"https:\/\/www.ecoindustry.co.ao\/#website"},"primaryImageOfPage":{"@id":"https:\/\/www.ecoindustry.co.ao\/produto\/jaguar-juntex-universal\/#primaryimage"},"image":{"@id":"https:\/\/www.ecoindustry.co.ao\/produto\/jaguar-juntex-universal\/#primaryimage"},"thumbnailUrl":"https:\/\/www.ecoindustry.co.ao\/wp-content\/uploads\/2024\/10\/juntex.jpg","datePublished":"2024-10-31T07:56:11+00:00","dateModified":"2026-02-28T13:16:56+00:00","breadcrumb":{"@id":"https:\/\/www.ecoindustry.co.ao\/produto\/jaguar-juntex-universal\/#breadcrumb"},"inLanguage":"pt-PT","potentialAction":[{"@type":"ReadAction","target":["https:\/\/www.ecoindustry.co.ao\/produto\/jaguar-juntex-universal\/"]}]},{"@type":"ImageObject","inLanguage":"pt-PT","@id":"https:\/\/www.ecoindustry.co.ao\/produto\/jaguar-juntex-universal\/#primaryimage","url":"https:\/\/www.ecoindustry.co.ao\/wp-content\/uploads\/2024\/10\/juntex.jpg","contentUrl":"https:\/\/www.ecoindustry.co.ao\/wp-content\/uploads\/2024\/10\/juntex.jpg","width":1080,"height":1080},{"@type":"BreadcrumbList","@id":"https:\/\/www.ecoindustry.co.ao\/produto\/jaguar-juntex-universal\/#breadcrumb","itemListElement":[{"@type":"ListItem","position":1,"name":"In\u00edcio","item":"https:\/\/www.ecoindustry.co.ao\/"},{"@type":"ListItem","position":2,"name":"Loja","item":"https:\/\/www.ecoindustry.co.ao\/loja\/"},{"@type":"ListItem","position":3,"name":"JAGUAR JUNTEX Universal"}]},{"@type":"WebSite","@id":"https:\/\/www.ecoindustry.co.ao\/#website","url":"https:\/\/www.ecoindustry.co.ao\/","name":"Ecoindustry","description":"Produzimos e comercializamos o melhor, de \u00c1frica para o Mundo.","publisher":{"@id":"https:\/\/www.ecoindustry.co.ao\/#organization"},"potentialAction":[{"@type":"SearchAction","target":{"@type":"EntryPoint","urlTemplate":"https:\/\/www.ecoindustry.co.ao\/?s={search_term_string}"},"query-input":{"@type":"PropertyValueSpecification","valueRequired":true,"valueName":"search_term_string"}}],"inLanguage":"pt-PT"},{"@type":"Organization","@id":"https:\/\/www.ecoindustry.co.ao\/#organization","name":"ECOINDUSTRY","url":"https:\/\/www.ecoindustry.co.ao\/","logo":{"@type":"ImageObject","inLanguage":"pt-PT","@id":"https:\/\/www.ecoindustry.co.ao\/#\/schema\/logo\/image\/","url":"https:\/\/www.ecoindustry.co.ao\/wp-content\/uploads\/2017\/04\/Logo_Ecoindustry.png","contentUrl":"https:\/\/www.ecoindustry.co.ao\/wp-content\/uploads\/2017\/04\/Logo_Ecoindustry.png","width":584,"height":111,"caption":"ECOINDUSTRY"},"image":{"@id":"https:\/\/www.ecoindustry.co.ao\/#\/schema\/logo\/image\/"},"sameAs":["https:\/\/www.facebook.com\/ecoindustrylda\/","https:\/\/www.linkedin.com\/company\/ecoindustry\/"]}]}},"_links":{"self":[{"href":"https:\/\/www.ecoindustry.co.ao\/pt\/wp-json\/wp\/v2\/product\/7340","targetHints":{"allow":["GET"]}}],"collection":[{"href":"https:\/\/www.ecoindustry.co.ao\/pt\/wp-json\/wp\/v2\/product"}],"about":[{"href":"https:\/\/www.ecoindustry.co.ao\/pt\/wp-json\/wp\/v2\/types\/product"}],"replies":[{"embeddable":true,"href":"https:\/\/www.ecoindustry.co.ao\/pt\/wp-json\/wp\/v2\/comments?post=7340"}],"wp:featuredmedia":[{"embeddable":true,"href":"https:\/\/www.ecoindustry.co.ao\/pt\/wp-json\/wp\/v2\/media\/7349"}],"wp:attachment":[{"href":"https:\/\/www.ecoindustry.co.ao\/pt\/wp-json\/wp\/v2\/media?parent=7340"}],"wp:term":[{"taxonomy":"product_brand","embeddable":true,"href":"https:\/\/www.ecoindustry.co.ao\/pt\/wp-json\/wp\/v2\/product_brand?post=7340"},{"taxonomy":"product_cat","embeddable":true,"href":"https:\/\/www.ecoindustry.co.ao\/pt\/wp-json\/wp\/v2\/product_cat?post=7340"},{"taxonomy":"product_tag","embeddable":true,"href":"https:\/\/www.ecoindustry.co.ao\/pt\/wp-json\/wp\/v2\/product_tag?post=7340"}],"curies":[{"name":"wp","href":"https:\/\/api.w.org\/{rel}","templated":true}]}}