{"id":4390,"date":"2021-01-27T16:47:09","date_gmt":"2021-01-27T16:47:09","guid":{"rendered":"https:\/\/www.ecoindustry.co.ao\/?page_id=4390"},"modified":"2026-01-09T09:18:19","modified_gmt":"2026-01-09T09:18:19","slug":"ecofilter","status":"publish","type":"page","link":"https:\/\/www.ecoindustry.co.ao\/pt\/produtos\/ecofilter\/","title":{"rendered":"ECOFILTER"},"content":{"rendered":"\t\t<div data-elementor-type=\"wp-page\" data-elementor-id=\"4390\" class=\"elementor elementor-4390\" data-elementor-post-type=\"page\">\n\t\t\t\t\t\t<section class=\"elementor-section elementor-top-section elementor-element elementor-element-b682979 elementor-section-height-min-height elementor-section-stretched elementor-section-full_width elementor-section-height-default elementor-section-items-middle\" data-id=\"b682979\" data-element_type=\"section\" data-e-type=\"section\" data-settings=\"{&quot;background_background&quot;:&quot;classic&quot;,&quot;stretch_section&quot;:&quot;section-stretched&quot;}\">\n\t\t\t\t\t\t\t<div class=\"elementor-background-overlay\"><\/div>\n\t\t\t\t\t\t\t<div class=\"elementor-container elementor-column-gap-default\">\n\t\t\t\t\t<div class=\"elementor-column elementor-col-100 elementor-top-column elementor-element elementor-element-3841af3\" data-id=\"3841af3\" data-element_type=\"column\" data-e-type=\"column\">\n\t\t\t<div class=\"elementor-widget-wrap elementor-element-populated\">\n\t\t\t\t\t\t<div class=\"elementor-element elementor-element-15a3211 elementor-widget elementor-widget-image\" data-id=\"15a3211\" data-element_type=\"widget\" data-e-type=\"widget\" data-widget_type=\"image.default\">\n\t\t\t\t<div class=\"elementor-widget-container\">\n\t\t\t\t\t\t\t\t\t\t\t\t\t\t\t<img fetchpriority=\"high\" decoding=\"async\" width=\"800\" height=\"168\" src=\"https:\/\/www.ecoindustry.co.ao\/wp-content\/uploads\/2024\/08\/ecofilter-logo-1024x215.png\" class=\"attachment-large size-large wp-image-7057\" alt=\"\" srcset=\"https:\/\/www.ecoindustry.co.ao\/wp-content\/uploads\/2024\/08\/ecofilter-logo-1024x215.png 1024w, https:\/\/www.ecoindustry.co.ao\/wp-content\/uploads\/2024\/08\/ecofilter-logo-600x126.png 600w, https:\/\/www.ecoindustry.co.ao\/wp-content\/uploads\/2024\/08\/ecofilter-logo-300x63.png 300w, https:\/\/www.ecoindustry.co.ao\/wp-content\/uploads\/2024\/08\/ecofilter-logo-768x161.png 768w, https:\/\/www.ecoindustry.co.ao\/wp-content\/uploads\/2024\/08\/ecofilter-logo.png 1359w\" sizes=\"(max-width: 800px) 100vw, 800px\" \/>\t\t\t\t\t\t\t\t\t\t\t\t\t\t\t<\/div>\n\t\t\t\t<\/div>\n\t\t\t\t<div class=\"elementor-element elementor-element-34724bf elementor-invisible elementor-widget elementor-widget-heading\" data-id=\"34724bf\" data-element_type=\"widget\" data-e-type=\"widget\" data-settings=\"{&quot;_animation&quot;:&quot;fadeIn&quot;}\" data-widget_type=\"heading.default\">\n\t\t\t\t<div class=\"elementor-widget-container\">\n\t\t\t\t\t<h1 class=\"elementor-heading-title elementor-size-medium\">ECOFILTER - A solu\u00e7\u00e3o para filtragem de \u00e1gua<\/h1>\t\t\t\t<\/div>\n\t\t\t\t<\/div>\n\t\t\t\t\t<\/div>\n\t\t<\/div>\n\t\t\t\t\t<\/div>\n\t\t<\/section>\n\t\t\t\t<section class=\"elementor-section elementor-top-section elementor-element elementor-element-ca15f97 elementor-section-height-min-height elementor-section-boxed elementor-section-height-default elementor-section-items-middle elementor-invisible\" data-id=\"ca15f97\" data-element_type=\"section\" data-e-type=\"section\" data-settings=\"{&quot;animation&quot;:&quot;fadeInUp&quot;}\">\n\t\t\t\t\t\t<div class=\"elementor-container elementor-column-gap-default\">\n\t\t\t\t\t<div class=\"elementor-column elementor-col-100 elementor-top-column elementor-element elementor-element-8c510e8\" data-id=\"8c510e8\" data-element_type=\"column\" data-e-type=\"column\">\n\t\t\t<div class=\"elementor-widget-wrap elementor-element-populated\">\n\t\t\t\t\t\t<div class=\"elementor-element elementor-element-0974c97 elementor-invisible elementor-widget elementor-widget-text-editor\" data-id=\"0974c97\" data-element_type=\"widget\" data-e-type=\"widget\" data-settings=\"{&quot;_animation&quot;:&quot;fadeInUp&quot;}\" data-widget_type=\"text-editor.default\">\n\t\t\t\t<div class=\"elementor-widget-container\">\n\t\t\t\t\t\t\t\t\t<p class=\"p1\">O <span class=\"s1\"><b>ECOFILTER<\/b><\/span> \u00e9 um sistema de filtra\u00e7\u00e3o robusto e eficiente, desenvolvido para garantir o tratamento de \u00e1gua em diversos contextos, como piscinas, spas, ETAs compactas e sistemas de reaproveitamento.<\/p><p class=\"p1\">Fabricado em a\u00e7o inoxid\u00e1vel AISI 304, destaca-se pela durabilidade, resist\u00eancia \u00e0 corros\u00e3o e elevado desempenho t\u00e9cnico. A sua estrutura compacta e o design funcional permitem uma instala\u00e7\u00e3o simples e manuten\u00e7\u00e3o pr\u00e1tica, adaptando-se a exig\u00eancias profissionais e residenciais.<\/p>\t\t\t\t\t\t\t\t<\/div>\n\t\t\t\t<\/div>\n\t\t\t\t\t<\/div>\n\t\t<\/div>\n\t\t\t\t\t<\/div>\n\t\t<\/section>\n\t\t\t\t<section class=\"elementor-section elementor-top-section elementor-element elementor-element-4fde039 elementor-section-full_width elementor-section-content-middle elementor-section-height-default elementor-section-height-default\" data-id=\"4fde039\" data-element_type=\"section\" data-e-type=\"section\">\n\t\t\t\t\t\t<div class=\"elementor-container elementor-column-gap-no\">\n\t\t\t\t\t<div class=\"elementor-column elementor-col-50 elementor-top-column elementor-element elementor-element-404b63c\" data-id=\"404b63c\" data-element_type=\"column\" data-e-type=\"column\" data-settings=\"{&quot;background_background&quot;:&quot;classic&quot;}\">\n\t\t\t<div class=\"elementor-widget-wrap elementor-element-populated\">\n\t\t\t\t\t\t<div class=\"elementor-element elementor-element-879da29 elementor-invisible elementor-widget elementor-widget-text-editor\" data-id=\"879da29\" data-element_type=\"widget\" data-e-type=\"widget\" data-settings=\"{&quot;_animation&quot;:&quot;fadeInUp&quot;}\" data-widget_type=\"text-editor.default\">\n\t\t\t\t<div class=\"elementor-widget-container\">\n\t\t\t\t\t\t\t\t\t<p>A Ecoindustry criou uma gama de filtros para minimizar a contamina\u00e7\u00e3o e maximizar o aproveitamento da \u00e1gua cobrindo uma gama de caudal de 1.8 a 9.9m3\/h.<\/p><p>Ajudamos a escolher o modelo apropriado as suas necessidades:<\/p>\t\t\t\t\t\t\t\t<\/div>\n\t\t\t\t<\/div>\n\t\t\t\t<div class=\"elementor-element elementor-element-93b97c6 elementor-icon-list--layout-traditional elementor-list-item-link-full_width elementor-invisible elementor-widget elementor-widget-icon-list\" data-id=\"93b97c6\" data-element_type=\"widget\" data-e-type=\"widget\" data-settings=\"{&quot;_animation&quot;:&quot;fadeInUp&quot;,&quot;_animation_delay&quot;:100}\" data-widget_type=\"icon-list.default\">\n\t\t\t\t<div class=\"elementor-widget-container\">\n\t\t\t\t\t\t\t<ul class=\"elementor-icon-list-items\">\n\t\t\t\t\t\t\t<li class=\"elementor-icon-list-item\">\n\t\t\t\t\t\t\t\t\t\t\t<span class=\"elementor-icon-list-icon\">\n\t\t\t\t\t\t\t<i aria-hidden=\"true\" class=\"far fa-check-circle\"><\/i>\t\t\t\t\t\t<\/span>\n\t\t\t\t\t\t\t\t\t\t<span class=\"elementor-icon-list-text\">Ecofilter 400 Q=1.8-3.6 m\u00b3\/h<\/span>\n\t\t\t\t\t\t\t\t\t<\/li>\n\t\t\t\t\t\t\t\t<li class=\"elementor-icon-list-item\">\n\t\t\t\t\t\t\t\t\t\t\t<span class=\"elementor-icon-list-icon\">\n\t\t\t\t\t\t\t<i aria-hidden=\"true\" class=\"far fa-check-circle\"><\/i>\t\t\t\t\t\t<\/span>\n\t\t\t\t\t\t\t\t\t\t<span class=\"elementor-icon-list-text\">Ecofilter 500 Q=2.85-5.7 m\u00b3\/h<\/span>\n\t\t\t\t\t\t\t\t\t<\/li>\n\t\t\t\t\t\t\t\t<li class=\"elementor-icon-list-item\">\n\t\t\t\t\t\t\t\t\t\t\t<span class=\"elementor-icon-list-icon\">\n\t\t\t\t\t\t\t<i aria-hidden=\"true\" class=\"far fa-check-circle\"><\/i>\t\t\t\t\t\t<\/span>\n\t\t\t\t\t\t\t\t\t\t<span class=\"elementor-icon-list-text\">Ecofilter 650 Q=4.95-9.90 m\u00b3\/h<\/span>\n\t\t\t\t\t\t\t\t\t<\/li>\n\t\t\t\t\t\t<\/ul>\n\t\t\t\t\t\t<\/div>\n\t\t\t\t<\/div>\n\t\t\t\t\t<\/div>\n\t\t<\/div>\n\t\t\t\t<div class=\"elementor-column elementor-col-50 elementor-top-column elementor-element elementor-element-c2ceccf\" data-id=\"c2ceccf\" data-element_type=\"column\" data-e-type=\"column\" data-settings=\"{&quot;background_background&quot;:&quot;classic&quot;}\">\n\t\t\t<div class=\"elementor-widget-wrap elementor-element-populated\">\n\t\t\t\t\t\t<div class=\"elementor-element elementor-element-19c66e5 elementor-widget elementor-widget-spacer\" data-id=\"19c66e5\" data-element_type=\"widget\" data-e-type=\"widget\" data-widget_type=\"spacer.default\">\n\t\t\t\t<div class=\"elementor-widget-container\">\n\t\t\t\t\t\t\t<div class=\"elementor-spacer\">\n\t\t\t<div class=\"elementor-spacer-inner\"><\/div>\n\t\t<\/div>\n\t\t\t\t\t\t<\/div>\n\t\t\t\t<\/div>\n\t\t\t\t\t<\/div>\n\t\t<\/div>\n\t\t\t\t\t<\/div>\n\t\t<\/section>\n\t\t\t\t<section class=\"elementor-section elementor-top-section elementor-element elementor-element-3047295 elementor-section-full_width elementor-section-content-middle elementor-section-height-default elementor-section-height-default\" data-id=\"3047295\" data-element_type=\"section\" data-e-type=\"section\">\n\t\t\t\t\t\t<div class=\"elementor-container elementor-column-gap-no\">\n\t\t\t\t\t<div class=\"elementor-column elementor-col-50 elementor-top-column elementor-element elementor-element-d1bebca\" data-id=\"d1bebca\" data-element_type=\"column\" data-e-type=\"column\" data-settings=\"{&quot;background_background&quot;:&quot;classic&quot;}\">\n\t\t\t<div class=\"elementor-widget-wrap elementor-element-populated\">\n\t\t\t\t\t\t<div class=\"elementor-element elementor-element-44b84c4 elementor-widget elementor-widget-spacer\" data-id=\"44b84c4\" data-element_type=\"widget\" data-e-type=\"widget\" data-widget_type=\"spacer.default\">\n\t\t\t\t<div class=\"elementor-widget-container\">\n\t\t\t\t\t\t\t<div class=\"elementor-spacer\">\n\t\t\t<div class=\"elementor-spacer-inner\"><\/div>\n\t\t<\/div>\n\t\t\t\t\t\t<\/div>\n\t\t\t\t<\/div>\n\t\t\t\t\t<\/div>\n\t\t<\/div>\n\t\t\t\t<div class=\"elementor-column elementor-col-50 elementor-top-column elementor-element elementor-element-5c970c7\" data-id=\"5c970c7\" data-element_type=\"column\" data-e-type=\"column\" data-settings=\"{&quot;background_background&quot;:&quot;classic&quot;}\">\n\t\t\t<div class=\"elementor-widget-wrap elementor-element-populated\">\n\t\t\t\t\t\t<div class=\"elementor-element elementor-element-9fde6e3 elementor-invisible elementor-widget elementor-widget-text-editor\" data-id=\"9fde6e3\" data-element_type=\"widget\" data-e-type=\"widget\" data-settings=\"{&quot;_animation&quot;:&quot;fadeInUp&quot;}\" data-widget_type=\"text-editor.default\">\n\t\t\t\t<div class=\"elementor-widget-container\">\n\t\t\t\t\t\t\t\t\t<p class=\"p1\">Com modelos que variam entre 1,8 m\u00b3\/h e 9,9 m\u00b3\/h de caudal, o ECOFILTER est\u00e1 dispon\u00edvel em vers\u00f5es para enchimento com areia ou vidro filtrante, consoante a aplica\u00e7\u00e3o.<\/p><p class=\"p1\">Equipado com man\u00f3metro, purga, v\u00e1lvulas de opera\u00e7\u00e3o e difusores internos, assegura uma filtragem uniforme e de alta qualidade. Totalmente produzido pela ECOINDUSTRY, este equipamento representa uma solu\u00e7\u00e3o fi\u00e1vel, sustent\u00e1vel e adaptada \u00e0s necessidades do mercado local<\/p>\t\t\t\t\t\t\t\t<\/div>\n\t\t\t\t<\/div>\n\t\t\t\t\t<\/div>\n\t\t<\/div>\n\t\t\t\t\t<\/div>\n\t\t<\/section>\n\t\t\t\t<section class=\"elementor-section elementor-top-section elementor-element elementor-element-7a810a4 elementor-section-height-min-height elementor-section-full_width elementor-section-height-default elementor-section-items-middle elementor-invisible\" data-id=\"7a810a4\" data-element_type=\"section\" data-e-type=\"section\" data-settings=\"{&quot;animation&quot;:&quot;fadeInUp&quot;}\">\n\t\t\t\t\t\t<div class=\"elementor-container elementor-column-gap-default\">\n\t\t\t\t\t<div class=\"elementor-column elementor-col-100 elementor-top-column elementor-element elementor-element-62f5187\" data-id=\"62f5187\" data-element_type=\"column\" data-e-type=\"column\">\n\t\t\t<div class=\"elementor-widget-wrap elementor-element-populated\">\n\t\t\t\t\t\t<div class=\"elementor-element elementor-element-5ae2c7d elementor-invisible elementor-widget elementor-widget-text-editor\" data-id=\"5ae2c7d\" data-element_type=\"widget\" data-e-type=\"widget\" data-settings=\"{&quot;_animation&quot;:&quot;fadeInUp&quot;}\" data-widget_type=\"text-editor.default\">\n\t\t\t\t<div class=\"elementor-widget-container\">\n\t\t\t\t\t\t\t\t\t<p class=\"p1\">Produtos<\/p>\t\t\t\t\t\t\t\t<\/div>\n\t\t\t\t<\/div>\n\t\t\t\t\t<\/div>\n\t\t<\/div>\n\t\t\t\t\t<\/div>\n\t\t<\/section>\n\t\t\t\t<section class=\"elementor-section elementor-top-section elementor-element elementor-element-22cb5b1 elementor-section-stretched elementor-section-boxed elementor-section-height-default elementor-section-height-default\" data-id=\"22cb5b1\" data-element_type=\"section\" data-e-type=\"section\" data-settings=\"{&quot;background_background&quot;:&quot;classic&quot;,&quot;stretch_section&quot;:&quot;section-stretched&quot;}\">\n\t\t\t\t\t\t<div class=\"elementor-container elementor-column-gap-default\">\n\t\t\t\t\t<div class=\"elementor-column elementor-col-100 elementor-top-column elementor-element elementor-element-3524cfb\" data-id=\"3524cfb\" data-element_type=\"column\" data-e-type=\"column\">\n\t\t\t<div class=\"elementor-widget-wrap elementor-element-populated\">\n\t\t\t\t\t\t<div class=\"elementor-element elementor-element-8308f90 elementor-product-loop-item--align-center elementor-product-loop-item--align-center elementor-grid-4 elementor-grid-tablet-3 elementor-grid-mobile-2 elementor-products-grid elementor-wc-products elementor-invisible elementor-widget elementor-widget-woocommerce-products\" data-id=\"8308f90\" data-element_type=\"widget\" data-e-type=\"widget\" data-settings=\"{&quot;_animation&quot;:&quot;fadeIn&quot;}\" data-widget_type=\"woocommerce-products.default\">\n\t\t\t\t<div class=\"elementor-widget-container\">\n\t\t\t\t\t<div class=\"woocommerce columns-4 \"><ul class=\"products elementor-grid columns-4\">\n<li class=\"product type-product post-7593 status-publish first instock product_cat-ecofilter product_tag-aco-inoxidavel product_tag-areia-filtrante product_tag-caudal-ate-9-9-m-h product_tag-ecopool product_tag-eta-compacta product_tag-filtracao-de-piscina product_tag-filtro-de-agua product_tag-retrolavagem product_tag-tratamento-de-agua product_tag-vidro-filtrante has-post-thumbnail shipping-taxable product-type-simple\">\n\t<a href=\"https:\/\/www.ecoindustry.co.ao\/pt\/produto\/ecofilter\/\" class=\"woocommerce-LoopProduct-link woocommerce-loop-product__link\"><img decoding=\"async\" width=\"600\" height=\"600\" src=\"https:\/\/www.ecoindustry.co.ao\/wp-content\/uploads\/2025\/05\/banner-ecofilter-1-600x600.jpg\" class=\"attachment-woocommerce_thumbnail size-woocommerce_thumbnail\" alt=\"ECOFILTER\" srcset=\"https:\/\/www.ecoindustry.co.ao\/wp-content\/uploads\/2025\/05\/banner-ecofilter-1-600x600.jpg 600w, https:\/\/www.ecoindustry.co.ao\/wp-content\/uploads\/2025\/05\/banner-ecofilter-1-300x300.jpg 300w, https:\/\/www.ecoindustry.co.ao\/wp-content\/uploads\/2025\/05\/banner-ecofilter-1-1024x1024.jpg 1024w, https:\/\/www.ecoindustry.co.ao\/wp-content\/uploads\/2025\/05\/banner-ecofilter-1-150x150.jpg 150w, https:\/\/www.ecoindustry.co.ao\/wp-content\/uploads\/2025\/05\/banner-ecofilter-1-768x768.jpg 768w, https:\/\/www.ecoindustry.co.ao\/wp-content\/uploads\/2025\/05\/banner-ecofilter-1-1536x1536.jpg 1536w, https:\/\/www.ecoindustry.co.ao\/wp-content\/uploads\/2025\/05\/banner-ecofilter-1-2048x2048.jpg 2048w, https:\/\/www.ecoindustry.co.ao\/wp-content\/uploads\/2025\/05\/banner-ecofilter-1-100x100.jpg 100w\" sizes=\"(max-width: 600px) 100vw, 600px\" \/><h2 class=\"woocommerce-loop-product__title\">ECOFILTER<\/h2>\n<\/a><div class=\"woocommerce-loop-product__buttons\"><a href=\"https:\/\/www.ecoindustry.co.ao\/pt\/produto\/ecofilter\/\" aria-describedby=\"woocommerce_loop_add_to_cart_link_describedby_7593\" data-quantity=\"1\" class=\"button product_type_simple\" data-product_id=\"7593\" data-product_sku=\"\" aria-label=\"Leia mais sobre &ldquo;ECOFILTER&rdquo;\" rel=\"nofollow\" data-success_message=\"\">Ler mais<\/a><\/div>\t<span id=\"woocommerce_loop_add_to_cart_link_describedby_7593\" class=\"screen-reader-text\">\n\t\t\t<\/span>\n<\/li>\n<\/ul>\n<\/div>\t\t\t\t<\/div>\n\t\t\t\t<\/div>\n\t\t\t\t\t<\/div>\n\t\t<\/div>\n\t\t\t\t\t<\/div>\n\t\t<\/section>\n\t\t\t\t<\/div>\n\t\t","protected":false},"excerpt":{"rendered":"<p>ECOFILTER &#8211; A solu\u00e7\u00e3o para filtragem de \u00e1gua O ECOFILTER \u00e9 um sistema de filtra\u00e7\u00e3o robusto e eficiente, desenvolvido para garantir o tratamento de \u00e1gua em diversos contextos, como piscinas, spas, ETAs compactas e sistemas de reaproveitamento. Fabricado em a\u00e7o inoxid\u00e1vel AISI 304, destaca-se pela durabilidade, resist\u00eancia \u00e0 corros\u00e3o e elevado desempenho t\u00e9cnico. A sua [&hellip;]<\/p>\n","protected":false},"author":13,"featured_media":0,"parent":8234,"menu_order":0,"comment_status":"closed","ping_status":"closed","template":"","meta":{"footnotes":""},"class_list":["post-4390","page","type-page","status-publish","hentry"],"yoast_head":"<!-- This site is optimized with the Yoast SEO plugin v27.3 - https:\/\/yoast.com\/product\/yoast-seo-wordpress\/ -->\n<title>ECOFILTER - Ecoindustry<\/title>\n<meta name=\"robots\" content=\"index, follow, max-snippet:-1, max-image-preview:large, max-video-preview:-1\" \/>\n<link rel=\"canonical\" href=\"https:\/\/www.ecoindustry.co.ao\/pt\/produtos\/ecofilter\/\" \/>\n<meta property=\"og:locale\" content=\"pt_PT\" \/>\n<meta property=\"og:type\" content=\"article\" \/>\n<meta property=\"og:title\" content=\"ECOFILTER - Ecoindustry\" \/>\n<meta property=\"og:description\" content=\"ECOFILTER &#8211; A solu\u00e7\u00e3o para filtragem de \u00e1gua O ECOFILTER \u00e9 um sistema de filtra\u00e7\u00e3o robusto e eficiente, desenvolvido para garantir o tratamento de \u00e1gua em diversos contextos, como piscinas, spas, ETAs compactas e sistemas de reaproveitamento. Fabricado em a\u00e7o inoxid\u00e1vel AISI 304, destaca-se pela durabilidade, resist\u00eancia \u00e0 corros\u00e3o e elevado desempenho t\u00e9cnico. A sua [&hellip;]\" \/>\n<meta property=\"og:url\" content=\"https:\/\/www.ecoindustry.co.ao\/pt\/produtos\/ecofilter\/\" \/>\n<meta property=\"og:site_name\" content=\"Ecoindustry\" \/>\n<meta property=\"article:publisher\" content=\"https:\/\/www.facebook.com\/ecoindustrylda\/\" \/>\n<meta property=\"article:modified_time\" content=\"2026-01-09T09:18:19+00:00\" \/>\n<meta property=\"og:image\" content=\"https:\/\/www.ecoindustry.co.ao\/wp-content\/uploads\/2024\/08\/ecofilter-logo.png\" \/>\n\t<meta property=\"og:image:width\" content=\"1359\" \/>\n\t<meta property=\"og:image:height\" content=\"285\" \/>\n\t<meta property=\"og:image:type\" content=\"image\/png\" \/>\n<meta name=\"twitter:card\" content=\"summary_large_image\" \/>\n<meta name=\"twitter:label1\" content=\"Tempo estimado de leitura\" \/>\n\t<meta name=\"twitter:data1\" content=\"2 minutos\" \/>\n<script type=\"application\/ld+json\" class=\"yoast-schema-graph\">{\"@context\":\"https:\\\/\\\/schema.org\",\"@graph\":[{\"@type\":\"WebPage\",\"@id\":\"https:\\\/\\\/www.ecoindustry.co.ao\\\/pt\\\/produtos\\\/ecofilter\\\/\",\"url\":\"https:\\\/\\\/www.ecoindustry.co.ao\\\/pt\\\/produtos\\\/ecofilter\\\/\",\"name\":\"ECOFILTER - Ecoindustry\",\"isPartOf\":{\"@id\":\"https:\\\/\\\/www.ecoindustry.co.ao\\\/#website\"},\"primaryImageOfPage\":{\"@id\":\"https:\\\/\\\/www.ecoindustry.co.ao\\\/pt\\\/produtos\\\/ecofilter\\\/#primaryimage\"},\"image\":{\"@id\":\"https:\\\/\\\/www.ecoindustry.co.ao\\\/pt\\\/produtos\\\/ecofilter\\\/#primaryimage\"},\"thumbnailUrl\":\"https:\\\/\\\/www.ecoindustry.co.ao\\\/wp-content\\\/uploads\\\/2024\\\/08\\\/ecofilter-logo-1024x215.png\",\"datePublished\":\"2021-01-27T16:47:09+00:00\",\"dateModified\":\"2026-01-09T09:18:19+00:00\",\"breadcrumb\":{\"@id\":\"https:\\\/\\\/www.ecoindustry.co.ao\\\/pt\\\/produtos\\\/ecofilter\\\/#breadcrumb\"},\"inLanguage\":\"pt-PT\",\"potentialAction\":[{\"@type\":\"ReadAction\",\"target\":[\"https:\\\/\\\/www.ecoindustry.co.ao\\\/pt\\\/produtos\\\/ecofilter\\\/\"]}]},{\"@type\":\"ImageObject\",\"inLanguage\":\"pt-PT\",\"@id\":\"https:\\\/\\\/www.ecoindustry.co.ao\\\/pt\\\/produtos\\\/ecofilter\\\/#primaryimage\",\"url\":\"https:\\\/\\\/www.ecoindustry.co.ao\\\/wp-content\\\/uploads\\\/2024\\\/08\\\/ecofilter-logo-1024x215.png\",\"contentUrl\":\"https:\\\/\\\/www.ecoindustry.co.ao\\\/wp-content\\\/uploads\\\/2024\\\/08\\\/ecofilter-logo-1024x215.png\"},{\"@type\":\"BreadcrumbList\",\"@id\":\"https:\\\/\\\/www.ecoindustry.co.ao\\\/pt\\\/produtos\\\/ecofilter\\\/#breadcrumb\",\"itemListElement\":[{\"@type\":\"ListItem\",\"position\":1,\"name\":\"In\u00edcio\",\"item\":\"https:\\\/\\\/www.ecoindustry.co.ao\\\/\"},{\"@type\":\"ListItem\",\"position\":2,\"name\":\"Produtos\",\"item\":\"https:\\\/\\\/www.ecoindustry.co.ao\\\/produtos\\\/\"},{\"@type\":\"ListItem\",\"position\":3,\"name\":\"ECOFILTER\"}]},{\"@type\":\"WebSite\",\"@id\":\"https:\\\/\\\/www.ecoindustry.co.ao\\\/#website\",\"url\":\"https:\\\/\\\/www.ecoindustry.co.ao\\\/\",\"name\":\"Ecoindustry\",\"description\":\"Produzimos e comercializamos o melhor, de \u00c1frica para o Mundo.\",\"publisher\":{\"@id\":\"https:\\\/\\\/www.ecoindustry.co.ao\\\/#organization\"},\"potentialAction\":[{\"@type\":\"SearchAction\",\"target\":{\"@type\":\"EntryPoint\",\"urlTemplate\":\"https:\\\/\\\/www.ecoindustry.co.ao\\\/?s={search_term_string}\"},\"query-input\":{\"@type\":\"PropertyValueSpecification\",\"valueRequired\":true,\"valueName\":\"search_term_string\"}}],\"inLanguage\":\"pt-PT\"},{\"@type\":\"Organization\",\"@id\":\"https:\\\/\\\/www.ecoindustry.co.ao\\\/#organization\",\"name\":\"ECOINDUSTRY\",\"url\":\"https:\\\/\\\/www.ecoindustry.co.ao\\\/\",\"logo\":{\"@type\":\"ImageObject\",\"inLanguage\":\"pt-PT\",\"@id\":\"https:\\\/\\\/www.ecoindustry.co.ao\\\/#\\\/schema\\\/logo\\\/image\\\/\",\"url\":\"https:\\\/\\\/www.ecoindustry.co.ao\\\/wp-content\\\/uploads\\\/2017\\\/04\\\/Logo_Ecoindustry.png\",\"contentUrl\":\"https:\\\/\\\/www.ecoindustry.co.ao\\\/wp-content\\\/uploads\\\/2017\\\/04\\\/Logo_Ecoindustry.png\",\"width\":584,\"height\":111,\"caption\":\"ECOINDUSTRY\"},\"image\":{\"@id\":\"https:\\\/\\\/www.ecoindustry.co.ao\\\/#\\\/schema\\\/logo\\\/image\\\/\"},\"sameAs\":[\"https:\\\/\\\/www.facebook.com\\\/ecoindustrylda\\\/\",\"https:\\\/\\\/www.linkedin.com\\\/company\\\/ecoindustry\\\/\"]}]}<\/script>\n<!-- \/ Yoast SEO plugin. -->","yoast_head_json":{"title":"ECOFILTER - Ecoindustry","robots":{"index":"index","follow":"follow","max-snippet":"max-snippet:-1","max-image-preview":"max-image-preview:large","max-video-preview":"max-video-preview:-1"},"canonical":"https:\/\/www.ecoindustry.co.ao\/pt\/produtos\/ecofilter\/","og_locale":"pt_PT","og_type":"article","og_title":"ECOFILTER - Ecoindustry","og_description":"ECOFILTER &#8211; A solu\u00e7\u00e3o para filtragem de \u00e1gua O ECOFILTER \u00e9 um sistema de filtra\u00e7\u00e3o robusto e eficiente, desenvolvido para garantir o tratamento de \u00e1gua em diversos contextos, como piscinas, spas, ETAs compactas e sistemas de reaproveitamento. Fabricado em a\u00e7o inoxid\u00e1vel AISI 304, destaca-se pela durabilidade, resist\u00eancia \u00e0 corros\u00e3o e elevado desempenho t\u00e9cnico. A sua [&hellip;]","og_url":"https:\/\/www.ecoindustry.co.ao\/pt\/produtos\/ecofilter\/","og_site_name":"Ecoindustry","article_publisher":"https:\/\/www.facebook.com\/ecoindustrylda\/","article_modified_time":"2026-01-09T09:18:19+00:00","og_image":[{"width":1359,"height":285,"url":"https:\/\/www.ecoindustry.co.ao\/wp-content\/uploads\/2024\/08\/ecofilter-logo.png","type":"image\/png"}],"twitter_card":"summary_large_image","twitter_misc":{"Tempo estimado de leitura":"2 minutos"},"schema":{"@context":"https:\/\/schema.org","@graph":[{"@type":"WebPage","@id":"https:\/\/www.ecoindustry.co.ao\/pt\/produtos\/ecofilter\/","url":"https:\/\/www.ecoindustry.co.ao\/pt\/produtos\/ecofilter\/","name":"ECOFILTER - Ecoindustry","isPartOf":{"@id":"https:\/\/www.ecoindustry.co.ao\/#website"},"primaryImageOfPage":{"@id":"https:\/\/www.ecoindustry.co.ao\/pt\/produtos\/ecofilter\/#primaryimage"},"image":{"@id":"https:\/\/www.ecoindustry.co.ao\/pt\/produtos\/ecofilter\/#primaryimage"},"thumbnailUrl":"https:\/\/www.ecoindustry.co.ao\/wp-content\/uploads\/2024\/08\/ecofilter-logo-1024x215.png","datePublished":"2021-01-27T16:47:09+00:00","dateModified":"2026-01-09T09:18:19+00:00","breadcrumb":{"@id":"https:\/\/www.ecoindustry.co.ao\/pt\/produtos\/ecofilter\/#breadcrumb"},"inLanguage":"pt-PT","potentialAction":[{"@type":"ReadAction","target":["https:\/\/www.ecoindustry.co.ao\/pt\/produtos\/ecofilter\/"]}]},{"@type":"ImageObject","inLanguage":"pt-PT","@id":"https:\/\/www.ecoindustry.co.ao\/pt\/produtos\/ecofilter\/#primaryimage","url":"https:\/\/www.ecoindustry.co.ao\/wp-content\/uploads\/2024\/08\/ecofilter-logo-1024x215.png","contentUrl":"https:\/\/www.ecoindustry.co.ao\/wp-content\/uploads\/2024\/08\/ecofilter-logo-1024x215.png"},{"@type":"BreadcrumbList","@id":"https:\/\/www.ecoindustry.co.ao\/pt\/produtos\/ecofilter\/#breadcrumb","itemListElement":[{"@type":"ListItem","position":1,"name":"In\u00edcio","item":"https:\/\/www.ecoindustry.co.ao\/"},{"@type":"ListItem","position":2,"name":"Produtos","item":"https:\/\/www.ecoindustry.co.ao\/produtos\/"},{"@type":"ListItem","position":3,"name":"ECOFILTER"}]},{"@type":"WebSite","@id":"https:\/\/www.ecoindustry.co.ao\/#website","url":"https:\/\/www.ecoindustry.co.ao\/","name":"Ecoindustry","description":"Produzimos e comercializamos o melhor, de \u00c1frica para o Mundo.","publisher":{"@id":"https:\/\/www.ecoindustry.co.ao\/#organization"},"potentialAction":[{"@type":"SearchAction","target":{"@type":"EntryPoint","urlTemplate":"https:\/\/www.ecoindustry.co.ao\/?s={search_term_string}"},"query-input":{"@type":"PropertyValueSpecification","valueRequired":true,"valueName":"search_term_string"}}],"inLanguage":"pt-PT"},{"@type":"Organization","@id":"https:\/\/www.ecoindustry.co.ao\/#organization","name":"ECOINDUSTRY","url":"https:\/\/www.ecoindustry.co.ao\/","logo":{"@type":"ImageObject","inLanguage":"pt-PT","@id":"https:\/\/www.ecoindustry.co.ao\/#\/schema\/logo\/image\/","url":"https:\/\/www.ecoindustry.co.ao\/wp-content\/uploads\/2017\/04\/Logo_Ecoindustry.png","contentUrl":"https:\/\/www.ecoindustry.co.ao\/wp-content\/uploads\/2017\/04\/Logo_Ecoindustry.png","width":584,"height":111,"caption":"ECOINDUSTRY"},"image":{"@id":"https:\/\/www.ecoindustry.co.ao\/#\/schema\/logo\/image\/"},"sameAs":["https:\/\/www.facebook.com\/ecoindustrylda\/","https:\/\/www.linkedin.com\/company\/ecoindustry\/"]}]}},"_links":{"self":[{"href":"https:\/\/www.ecoindustry.co.ao\/pt\/wp-json\/wp\/v2\/pages\/4390","targetHints":{"allow":["GET"]}}],"collection":[{"href":"https:\/\/www.ecoindustry.co.ao\/pt\/wp-json\/wp\/v2\/pages"}],"about":[{"href":"https:\/\/www.ecoindustry.co.ao\/pt\/wp-json\/wp\/v2\/types\/page"}],"author":[{"embeddable":true,"href":"https:\/\/www.ecoindustry.co.ao\/pt\/wp-json\/wp\/v2\/users\/13"}],"replies":[{"embeddable":true,"href":"https:\/\/www.ecoindustry.co.ao\/pt\/wp-json\/wp\/v2\/comments?post=4390"}],"version-history":[{"count":0,"href":"https:\/\/www.ecoindustry.co.ao\/pt\/wp-json\/wp\/v2\/pages\/4390\/revisions"}],"up":[{"embeddable":true,"href":"https:\/\/www.ecoindustry.co.ao\/pt\/wp-json\/wp\/v2\/pages\/8234"}],"wp:attachment":[{"href":"https:\/\/www.ecoindustry.co.ao\/pt\/wp-json\/wp\/v2\/media?parent=4390"}],"curies":[{"name":"wp","href":"https:\/\/api.w.org\/{rel}","templated":true}]}}