{"id":3493,"date":"2020-09-30T15:16:57","date_gmt":"2020-09-30T15:16:57","guid":{"rendered":"https:\/\/www.ecoindustry.co.ao\/?page_id=3493"},"modified":"2026-04-04T10:39:44","modified_gmt":"2026-04-04T10:39:44","slug":"lovibond","status":"publish","type":"page","link":"https:\/\/www.ecoindustry.co.ao\/pt\/produtos\/lovibond\/","title":{"rendered":"LOVIBOND"},"content":{"rendered":"\t\t<div data-elementor-type=\"wp-page\" data-elementor-id=\"3493\" class=\"elementor elementor-3493\" data-elementor-post-type=\"page\">\n\t\t\t\t\t\t<section class=\"elementor-section elementor-top-section elementor-element elementor-element-b3fc703 elementor-section-height-min-height elementor-section-stretched elementor-section-full_width elementor-section-height-default elementor-section-items-middle\" data-id=\"b3fc703\" data-element_type=\"section\" data-e-type=\"section\" data-settings=\"{&quot;background_background&quot;:&quot;classic&quot;,&quot;stretch_section&quot;:&quot;section-stretched&quot;}\">\n\t\t\t\t\t\t\t<div class=\"elementor-background-overlay\"><\/div>\n\t\t\t\t\t\t\t<div class=\"elementor-container elementor-column-gap-default\">\n\t\t\t\t\t<div class=\"elementor-column elementor-col-100 elementor-top-column elementor-element elementor-element-b3db0c1\" data-id=\"b3db0c1\" data-element_type=\"column\" data-e-type=\"column\">\n\t\t\t<div class=\"elementor-widget-wrap elementor-element-populated\">\n\t\t\t\t\t\t<div class=\"elementor-element elementor-element-ddd23fc elementor-widget elementor-widget-image\" data-id=\"ddd23fc\" data-element_type=\"widget\" data-e-type=\"widget\" data-widget_type=\"image.default\">\n\t\t\t\t<div class=\"elementor-widget-container\">\n\t\t\t\t\t\t\t\t\t\t\t\t\t\t\t<img fetchpriority=\"high\" decoding=\"async\" width=\"800\" height=\"734\" src=\"https:\/\/www.ecoindustry.co.ao\/wp-content\/uploads\/2025\/08\/lovibond-01-2-1024x940.png\" class=\"attachment-large size-large wp-image-8162\" alt=\"\" srcset=\"https:\/\/www.ecoindustry.co.ao\/wp-content\/uploads\/2025\/08\/lovibond-01-2-1024x940.png 1024w, https:\/\/www.ecoindustry.co.ao\/wp-content\/uploads\/2025\/08\/lovibond-01-2-300x275.png 300w, https:\/\/www.ecoindustry.co.ao\/wp-content\/uploads\/2025\/08\/lovibond-01-2-768x705.png 768w, https:\/\/www.ecoindustry.co.ao\/wp-content\/uploads\/2025\/08\/lovibond-01-2-600x551.png 600w, https:\/\/www.ecoindustry.co.ao\/wp-content\/uploads\/2025\/08\/lovibond-01-2.png 1116w\" sizes=\"(max-width: 800px) 100vw, 800px\" \/>\t\t\t\t\t\t\t\t\t\t\t\t\t\t\t<\/div>\n\t\t\t\t<\/div>\n\t\t\t\t<div class=\"elementor-element elementor-element-12fcb3c elementor-invisible elementor-widget elementor-widget-heading\" data-id=\"12fcb3c\" data-element_type=\"widget\" data-e-type=\"widget\" data-settings=\"{&quot;_animation&quot;:&quot;fadeIn&quot;}\" data-widget_type=\"heading.default\">\n\t\t\t\t<div class=\"elementor-widget-container\">\n\t\t\t\t\t<h1 class=\"elementor-heading-title elementor-size-medium\">EQUIPAMENTO E REAGENTES PARA LABORAT\u00d3RIOS<\/h1>\t\t\t\t<\/div>\n\t\t\t\t<\/div>\n\t\t\t\t\t<\/div>\n\t\t<\/div>\n\t\t\t\t\t<\/div>\n\t\t<\/section>\n\t\t\t\t<section class=\"elementor-section elementor-top-section elementor-element elementor-element-6eef434 elementor-section-height-min-height elementor-section-boxed elementor-section-height-default elementor-section-items-middle elementor-invisible\" data-id=\"6eef434\" data-element_type=\"section\" data-e-type=\"section\" data-settings=\"{&quot;animation&quot;:&quot;fadeInUp&quot;}\">\n\t\t\t\t\t\t<div class=\"elementor-container elementor-column-gap-default\">\n\t\t\t\t\t<div class=\"elementor-column elementor-col-100 elementor-top-column elementor-element elementor-element-0c16e27\" data-id=\"0c16e27\" data-element_type=\"column\" data-e-type=\"column\">\n\t\t\t<div class=\"elementor-widget-wrap elementor-element-populated\">\n\t\t\t\t\t\t<div class=\"elementor-element elementor-element-b3fea7a elementor-invisible elementor-widget elementor-widget-text-editor\" data-id=\"b3fea7a\" data-element_type=\"widget\" data-e-type=\"widget\" data-settings=\"{&quot;_animation&quot;:&quot;fadeInUp&quot;}\" data-widget_type=\"text-editor.default\">\n\t\t\t\t<div class=\"elementor-widget-container\">\n\t\t\t\t\t\t\t\t\t<p>A EcoIndustry tem o orgulho de representar em Angola a consagrada marca alem\u00e3 <span class=\"s1\"><b>Lovibond<\/b><\/span>, l\u00edder global h\u00e1 130 anos em solu\u00e7\u00f5es de an\u00e1lise de \u00e1gua e medi\u00e7\u00e3o de cor.<\/p><p>Especializada em equipamentos e reagentes de laborat\u00f3rio, a Lovibond oferece uma vasta gama de produtos para <span class=\"s1\"><b>\u00e1guas industriais, pot\u00e1veis, efluentes dom\u00e9sticos e industriais, meio ambiente e piscinas<\/b><\/span> \u2014 todos certificados conforme normas DIN\u2011ISO desde 1997.<\/p>\t\t\t\t\t\t\t\t<\/div>\n\t\t\t\t<\/div>\n\t\t\t\t\t<\/div>\n\t\t<\/div>\n\t\t\t\t\t<\/div>\n\t\t<\/section>\n\t\t\t\t<section class=\"elementor-section elementor-top-section elementor-element elementor-element-5bec97c elementor-section-full_width elementor-section-content-middle elementor-section-height-default elementor-section-height-default\" data-id=\"5bec97c\" data-element_type=\"section\" data-e-type=\"section\">\n\t\t\t\t\t\t<div class=\"elementor-container elementor-column-gap-no\">\n\t\t\t\t\t<div class=\"elementor-column elementor-col-50 elementor-top-column elementor-element elementor-element-26fbda8\" data-id=\"26fbda8\" data-element_type=\"column\" data-e-type=\"column\" data-settings=\"{&quot;background_background&quot;:&quot;classic&quot;}\">\n\t\t\t<div class=\"elementor-widget-wrap elementor-element-populated\">\n\t\t\t\t\t\t<div class=\"elementor-element elementor-element-224851a elementor-invisible elementor-widget elementor-widget-text-editor\" data-id=\"224851a\" data-element_type=\"widget\" data-e-type=\"widget\" data-settings=\"{&quot;_animation&quot;:&quot;fadeInUp&quot;}\" data-widget_type=\"text-editor.default\">\n\t\t\t\t<div class=\"elementor-widget-container\">\n\t\t\t\t\t\t\t\t\t<p>A linha <span class=\"s1\"><b>Lovibond<\/b><\/span> alia tradi\u00e7\u00e3o, precis\u00e3o e inova\u00e7\u00e3o em cada solu\u00e7\u00e3o anal\u00edtica.<\/p><p><span class=\"s1\">Destacam-se os reagentes <\/span><b>100% compat\u00edveis<\/b><span class=\"s1\"> com equipamentos HACH\u00ae, proporcionando <\/span><b>alto desempenho, fiabilidade alem\u00e3 e excelente custo-benef\u00edcio<\/b><span class=\"s1\">.<\/span><\/p><p>Os nossos equipamentos, como fot\u00f3metros port\u00e1teis (ex.: <span class=\"s1\"><b>MD\u202f100<\/b><\/span>, <span class=\"s1\"><b>Scuba II<\/b><\/span>) e kits de teste r\u00e1pido, s\u00e3o intuitivos, robustos e desenvolvidos para medir par\u00e2metros vitais como cloro, pH, alcalinidade, cianurato de s\u00f3dio, entre outros.<\/p><p>Os m\u00e9todos incluem testes colorim\u00e9tricos confi\u00e1veis \u2014 como os <span class=\"s1\"><b>Pooltester<\/b><\/span>, <span class=\"s1\"><b>Comparators<\/b><\/span> e reagentes em tablete ou tubo \u2014 desenhados para uso em campo ou laborat\u00f3rio.<\/p>\t\t\t\t\t\t\t\t<\/div>\n\t\t\t\t<\/div>\n\t\t\t\t\t<\/div>\n\t\t<\/div>\n\t\t\t\t<div class=\"elementor-column elementor-col-50 elementor-top-column elementor-element elementor-element-b97e49c\" data-id=\"b97e49c\" data-element_type=\"column\" data-e-type=\"column\" data-settings=\"{&quot;background_background&quot;:&quot;classic&quot;}\">\n\t\t\t<div class=\"elementor-widget-wrap elementor-element-populated\">\n\t\t\t\t\t\t<div class=\"elementor-element elementor-element-53b459d elementor-widget elementor-widget-spacer\" data-id=\"53b459d\" data-element_type=\"widget\" data-e-type=\"widget\" data-widget_type=\"spacer.default\">\n\t\t\t\t<div class=\"elementor-widget-container\">\n\t\t\t\t\t\t\t<div class=\"elementor-spacer\">\n\t\t\t<div class=\"elementor-spacer-inner\"><\/div>\n\t\t<\/div>\n\t\t\t\t\t\t<\/div>\n\t\t\t\t<\/div>\n\t\t\t\t\t<\/div>\n\t\t<\/div>\n\t\t\t\t\t<\/div>\n\t\t<\/section>\n\t\t\t\t<section class=\"elementor-section elementor-top-section elementor-element elementor-element-94dae21 elementor-section-height-min-height elementor-section-full_width elementor-section-height-default elementor-section-items-middle elementor-invisible\" data-id=\"94dae21\" data-element_type=\"section\" data-e-type=\"section\" data-settings=\"{&quot;animation&quot;:&quot;fadeInUp&quot;}\">\n\t\t\t\t\t\t<div class=\"elementor-container elementor-column-gap-default\">\n\t\t\t\t\t<div class=\"elementor-column elementor-col-100 elementor-top-column elementor-element elementor-element-1b97ea6\" data-id=\"1b97ea6\" data-element_type=\"column\" data-e-type=\"column\">\n\t\t\t<div class=\"elementor-widget-wrap elementor-element-populated\">\n\t\t\t\t\t\t<div class=\"elementor-element elementor-element-ad16438 elementor-invisible elementor-widget elementor-widget-text-editor\" data-id=\"ad16438\" data-element_type=\"widget\" data-e-type=\"widget\" data-settings=\"{&quot;_animation&quot;:&quot;fadeInUp&quot;}\" data-widget_type=\"text-editor.default\">\n\t\t\t\t<div class=\"elementor-widget-container\">\n\t\t\t\t\t\t\t\t\t<p class=\"p1\">Cat\u00e1logo<\/p>\t\t\t\t\t\t\t\t<\/div>\n\t\t\t\t<\/div>\n\t\t\t\t\t<\/div>\n\t\t<\/div>\n\t\t\t\t\t<\/div>\n\t\t<\/section>\n\t\t\t\t<section class=\"elementor-section elementor-top-section elementor-element elementor-element-5250bee elementor-section-boxed elementor-section-height-default elementor-section-height-default\" data-id=\"5250bee\" data-element_type=\"section\" data-e-type=\"section\">\n\t\t\t\t\t\t<div class=\"elementor-container elementor-column-gap-default\">\n\t\t\t\t\t<div class=\"elementor-column elementor-col-100 elementor-top-column elementor-element elementor-element-732af58\" data-id=\"732af58\" data-element_type=\"column\" data-e-type=\"column\">\n\t\t\t<div class=\"elementor-widget-wrap elementor-element-populated\">\n\t\t\t\t\t\t<div class=\"elementor-element elementor-element-413cbdb elementor-widget elementor-widget-shortcode\" data-id=\"413cbdb\" data-element_type=\"widget\" data-e-type=\"widget\" data-widget_type=\"shortcode.default\">\n\t\t\t\t<div class=\"elementor-widget-container\">\n\t\t\t\t\t\t\t<div class=\"elementor-shortcode\"><div class=\"_df_book df-lite\" id=\"df_8529\"  _slug=\"lovibond-catalogo\" data-title=\"lovibond-catalogo\" wpoptions=\"true\" thumbtype=\"\" ><\/div><script class=\"df-shortcode-script\" nowprocket type=\"application\/javascript\">window.option_df_8529 = {\"outline\":[],\"backgroundColor\":\"f2f2f2\",\"viewerType\":\"flipbook\",\"autoEnableOutline\":\"false\",\"autoEnableThumbnail\":\"false\",\"overwritePDFOutline\":\"false\",\"direction\":\"1\",\"pageSize\":\"0\",\"source\":\"https:\\\/\\\/www.ecoindustry.co.ao\\\/wp-content\\\/uploads\\\/2020\\\/10\\\/ECOINDUSTRY_Apresentac\\u0327a\\u0303o-Lovibond_0920_PT.pdf\",\"wpOptions\":\"true\"}; if(window.DFLIP && window.DFLIP.parseBooks){window.DFLIP.parseBooks();}<\/script><\/div>\n\t\t\t\t\t\t<\/div>\n\t\t\t\t<\/div>\n\t\t\t\t\t<\/div>\n\t\t<\/div>\n\t\t\t\t\t<\/div>\n\t\t<\/section>\n\t\t\t\t<\/div>\n\t\t","protected":false},"excerpt":{"rendered":"<p>EQUIPAMENTO E REAGENTES PARA LABORAT\u00d3RIOS A EcoIndustry tem o orgulho de representar em Angola a consagrada marca alem\u00e3 Lovibond, l\u00edder global h\u00e1 130 anos em solu\u00e7\u00f5es de an\u00e1lise de \u00e1gua e medi\u00e7\u00e3o de cor. Especializada em equipamentos e reagentes de laborat\u00f3rio, a Lovibond oferece uma vasta gama de produtos para \u00e1guas industriais, pot\u00e1veis, efluentes dom\u00e9sticos [&hellip;]<\/p>\n","protected":false},"author":13,"featured_media":0,"parent":8234,"menu_order":0,"comment_status":"closed","ping_status":"closed","template":"","meta":{"footnotes":""},"class_list":["post-3493","page","type-page","status-publish","hentry"],"yoast_head":"<!-- This site is optimized with the Yoast SEO plugin v27.3 - https:\/\/yoast.com\/product\/yoast-seo-wordpress\/ -->\n<title>LOVIBOND - Ecoindustry<\/title>\n<meta name=\"robots\" content=\"index, follow, max-snippet:-1, max-image-preview:large, max-video-preview:-1\" \/>\n<link rel=\"canonical\" href=\"https:\/\/www.ecoindustry.co.ao\/pt\/produtos\/lovibond\/\" \/>\n<meta property=\"og:locale\" content=\"pt_PT\" \/>\n<meta property=\"og:type\" content=\"article\" \/>\n<meta property=\"og:title\" content=\"LOVIBOND - Ecoindustry\" \/>\n<meta property=\"og:description\" content=\"EQUIPAMENTO E REAGENTES PARA LABORAT\u00d3RIOS A EcoIndustry tem o orgulho de representar em Angola a consagrada marca alem\u00e3 Lovibond, l\u00edder global h\u00e1 130 anos em solu\u00e7\u00f5es de an\u00e1lise de \u00e1gua e medi\u00e7\u00e3o de cor. Especializada em equipamentos e reagentes de laborat\u00f3rio, a Lovibond oferece uma vasta gama de produtos para \u00e1guas industriais, pot\u00e1veis, efluentes dom\u00e9sticos [&hellip;]\" \/>\n<meta property=\"og:url\" content=\"https:\/\/www.ecoindustry.co.ao\/pt\/produtos\/lovibond\/\" \/>\n<meta property=\"og:site_name\" content=\"Ecoindustry\" \/>\n<meta property=\"article:publisher\" content=\"https:\/\/www.facebook.com\/ecoindustrylda\/\" \/>\n<meta property=\"article:modified_time\" content=\"2026-04-04T10:39:44+00:00\" \/>\n<meta property=\"og:image\" content=\"https:\/\/www.ecoindustry.co.ao\/wp-content\/uploads\/2025\/08\/lovibond-01-2.png\" \/>\n\t<meta property=\"og:image:width\" content=\"1116\" \/>\n\t<meta property=\"og:image:height\" content=\"1024\" \/>\n\t<meta property=\"og:image:type\" content=\"image\/png\" \/>\n<meta name=\"twitter:card\" content=\"summary_large_image\" \/>\n<meta name=\"twitter:label1\" content=\"Tempo estimado de leitura\" \/>\n\t<meta name=\"twitter:data1\" content=\"2 minutos\" \/>\n<script type=\"application\/ld+json\" class=\"yoast-schema-graph\">{\"@context\":\"https:\\\/\\\/schema.org\",\"@graph\":[{\"@type\":\"WebPage\",\"@id\":\"https:\\\/\\\/www.ecoindustry.co.ao\\\/pt\\\/produtos\\\/lovibond\\\/\",\"url\":\"https:\\\/\\\/www.ecoindustry.co.ao\\\/pt\\\/produtos\\\/lovibond\\\/\",\"name\":\"LOVIBOND - Ecoindustry\",\"isPartOf\":{\"@id\":\"https:\\\/\\\/www.ecoindustry.co.ao\\\/#website\"},\"primaryImageOfPage\":{\"@id\":\"https:\\\/\\\/www.ecoindustry.co.ao\\\/pt\\\/produtos\\\/lovibond\\\/#primaryimage\"},\"image\":{\"@id\":\"https:\\\/\\\/www.ecoindustry.co.ao\\\/pt\\\/produtos\\\/lovibond\\\/#primaryimage\"},\"thumbnailUrl\":\"https:\\\/\\\/www.ecoindustry.co.ao\\\/wp-content\\\/uploads\\\/2025\\\/08\\\/lovibond-01-2-1024x940.png\",\"datePublished\":\"2020-09-30T15:16:57+00:00\",\"dateModified\":\"2026-04-04T10:39:44+00:00\",\"breadcrumb\":{\"@id\":\"https:\\\/\\\/www.ecoindustry.co.ao\\\/pt\\\/produtos\\\/lovibond\\\/#breadcrumb\"},\"inLanguage\":\"pt-PT\",\"potentialAction\":[{\"@type\":\"ReadAction\",\"target\":[\"https:\\\/\\\/www.ecoindustry.co.ao\\\/pt\\\/produtos\\\/lovibond\\\/\"]}]},{\"@type\":\"ImageObject\",\"inLanguage\":\"pt-PT\",\"@id\":\"https:\\\/\\\/www.ecoindustry.co.ao\\\/pt\\\/produtos\\\/lovibond\\\/#primaryimage\",\"url\":\"https:\\\/\\\/www.ecoindustry.co.ao\\\/wp-content\\\/uploads\\\/2025\\\/08\\\/lovibond-01-2-1024x940.png\",\"contentUrl\":\"https:\\\/\\\/www.ecoindustry.co.ao\\\/wp-content\\\/uploads\\\/2025\\\/08\\\/lovibond-01-2-1024x940.png\"},{\"@type\":\"BreadcrumbList\",\"@id\":\"https:\\\/\\\/www.ecoindustry.co.ao\\\/pt\\\/produtos\\\/lovibond\\\/#breadcrumb\",\"itemListElement\":[{\"@type\":\"ListItem\",\"position\":1,\"name\":\"In\u00edcio\",\"item\":\"https:\\\/\\\/www.ecoindustry.co.ao\\\/\"},{\"@type\":\"ListItem\",\"position\":2,\"name\":\"Produtos\",\"item\":\"https:\\\/\\\/www.ecoindustry.co.ao\\\/produtos\\\/\"},{\"@type\":\"ListItem\",\"position\":3,\"name\":\"LOVIBOND\"}]},{\"@type\":\"WebSite\",\"@id\":\"https:\\\/\\\/www.ecoindustry.co.ao\\\/#website\",\"url\":\"https:\\\/\\\/www.ecoindustry.co.ao\\\/\",\"name\":\"Ecoindustry\",\"description\":\"Produzimos e comercializamos o melhor, de \u00c1frica para o Mundo.\",\"publisher\":{\"@id\":\"https:\\\/\\\/www.ecoindustry.co.ao\\\/#organization\"},\"potentialAction\":[{\"@type\":\"SearchAction\",\"target\":{\"@type\":\"EntryPoint\",\"urlTemplate\":\"https:\\\/\\\/www.ecoindustry.co.ao\\\/?s={search_term_string}\"},\"query-input\":{\"@type\":\"PropertyValueSpecification\",\"valueRequired\":true,\"valueName\":\"search_term_string\"}}],\"inLanguage\":\"pt-PT\"},{\"@type\":\"Organization\",\"@id\":\"https:\\\/\\\/www.ecoindustry.co.ao\\\/#organization\",\"name\":\"ECOINDUSTRY\",\"url\":\"https:\\\/\\\/www.ecoindustry.co.ao\\\/\",\"logo\":{\"@type\":\"ImageObject\",\"inLanguage\":\"pt-PT\",\"@id\":\"https:\\\/\\\/www.ecoindustry.co.ao\\\/#\\\/schema\\\/logo\\\/image\\\/\",\"url\":\"https:\\\/\\\/www.ecoindustry.co.ao\\\/wp-content\\\/uploads\\\/2017\\\/04\\\/Logo_Ecoindustry.png\",\"contentUrl\":\"https:\\\/\\\/www.ecoindustry.co.ao\\\/wp-content\\\/uploads\\\/2017\\\/04\\\/Logo_Ecoindustry.png\",\"width\":584,\"height\":111,\"caption\":\"ECOINDUSTRY\"},\"image\":{\"@id\":\"https:\\\/\\\/www.ecoindustry.co.ao\\\/#\\\/schema\\\/logo\\\/image\\\/\"},\"sameAs\":[\"https:\\\/\\\/www.facebook.com\\\/ecoindustrylda\\\/\",\"https:\\\/\\\/www.linkedin.com\\\/company\\\/ecoindustry\\\/\"]}]}<\/script>\n<!-- \/ Yoast SEO plugin. -->","yoast_head_json":{"title":"LOVIBOND - Ecoindustry","robots":{"index":"index","follow":"follow","max-snippet":"max-snippet:-1","max-image-preview":"max-image-preview:large","max-video-preview":"max-video-preview:-1"},"canonical":"https:\/\/www.ecoindustry.co.ao\/pt\/produtos\/lovibond\/","og_locale":"pt_PT","og_type":"article","og_title":"LOVIBOND - Ecoindustry","og_description":"EQUIPAMENTO E REAGENTES PARA LABORAT\u00d3RIOS A EcoIndustry tem o orgulho de representar em Angola a consagrada marca alem\u00e3 Lovibond, l\u00edder global h\u00e1 130 anos em solu\u00e7\u00f5es de an\u00e1lise de \u00e1gua e medi\u00e7\u00e3o de cor. Especializada em equipamentos e reagentes de laborat\u00f3rio, a Lovibond oferece uma vasta gama de produtos para \u00e1guas industriais, pot\u00e1veis, efluentes dom\u00e9sticos [&hellip;]","og_url":"https:\/\/www.ecoindustry.co.ao\/pt\/produtos\/lovibond\/","og_site_name":"Ecoindustry","article_publisher":"https:\/\/www.facebook.com\/ecoindustrylda\/","article_modified_time":"2026-04-04T10:39:44+00:00","og_image":[{"width":1116,"height":1024,"url":"https:\/\/www.ecoindustry.co.ao\/wp-content\/uploads\/2025\/08\/lovibond-01-2.png","type":"image\/png"}],"twitter_card":"summary_large_image","twitter_misc":{"Tempo estimado de leitura":"2 minutos"},"schema":{"@context":"https:\/\/schema.org","@graph":[{"@type":"WebPage","@id":"https:\/\/www.ecoindustry.co.ao\/pt\/produtos\/lovibond\/","url":"https:\/\/www.ecoindustry.co.ao\/pt\/produtos\/lovibond\/","name":"LOVIBOND - Ecoindustry","isPartOf":{"@id":"https:\/\/www.ecoindustry.co.ao\/#website"},"primaryImageOfPage":{"@id":"https:\/\/www.ecoindustry.co.ao\/pt\/produtos\/lovibond\/#primaryimage"},"image":{"@id":"https:\/\/www.ecoindustry.co.ao\/pt\/produtos\/lovibond\/#primaryimage"},"thumbnailUrl":"https:\/\/www.ecoindustry.co.ao\/wp-content\/uploads\/2025\/08\/lovibond-01-2-1024x940.png","datePublished":"2020-09-30T15:16:57+00:00","dateModified":"2026-04-04T10:39:44+00:00","breadcrumb":{"@id":"https:\/\/www.ecoindustry.co.ao\/pt\/produtos\/lovibond\/#breadcrumb"},"inLanguage":"pt-PT","potentialAction":[{"@type":"ReadAction","target":["https:\/\/www.ecoindustry.co.ao\/pt\/produtos\/lovibond\/"]}]},{"@type":"ImageObject","inLanguage":"pt-PT","@id":"https:\/\/www.ecoindustry.co.ao\/pt\/produtos\/lovibond\/#primaryimage","url":"https:\/\/www.ecoindustry.co.ao\/wp-content\/uploads\/2025\/08\/lovibond-01-2-1024x940.png","contentUrl":"https:\/\/www.ecoindustry.co.ao\/wp-content\/uploads\/2025\/08\/lovibond-01-2-1024x940.png"},{"@type":"BreadcrumbList","@id":"https:\/\/www.ecoindustry.co.ao\/pt\/produtos\/lovibond\/#breadcrumb","itemListElement":[{"@type":"ListItem","position":1,"name":"In\u00edcio","item":"https:\/\/www.ecoindustry.co.ao\/"},{"@type":"ListItem","position":2,"name":"Produtos","item":"https:\/\/www.ecoindustry.co.ao\/produtos\/"},{"@type":"ListItem","position":3,"name":"LOVIBOND"}]},{"@type":"WebSite","@id":"https:\/\/www.ecoindustry.co.ao\/#website","url":"https:\/\/www.ecoindustry.co.ao\/","name":"Ecoindustry","description":"Produzimos e comercializamos o melhor, de \u00c1frica para o Mundo.","publisher":{"@id":"https:\/\/www.ecoindustry.co.ao\/#organization"},"potentialAction":[{"@type":"SearchAction","target":{"@type":"EntryPoint","urlTemplate":"https:\/\/www.ecoindustry.co.ao\/?s={search_term_string}"},"query-input":{"@type":"PropertyValueSpecification","valueRequired":true,"valueName":"search_term_string"}}],"inLanguage":"pt-PT"},{"@type":"Organization","@id":"https:\/\/www.ecoindustry.co.ao\/#organization","name":"ECOINDUSTRY","url":"https:\/\/www.ecoindustry.co.ao\/","logo":{"@type":"ImageObject","inLanguage":"pt-PT","@id":"https:\/\/www.ecoindustry.co.ao\/#\/schema\/logo\/image\/","url":"https:\/\/www.ecoindustry.co.ao\/wp-content\/uploads\/2017\/04\/Logo_Ecoindustry.png","contentUrl":"https:\/\/www.ecoindustry.co.ao\/wp-content\/uploads\/2017\/04\/Logo_Ecoindustry.png","width":584,"height":111,"caption":"ECOINDUSTRY"},"image":{"@id":"https:\/\/www.ecoindustry.co.ao\/#\/schema\/logo\/image\/"},"sameAs":["https:\/\/www.facebook.com\/ecoindustrylda\/","https:\/\/www.linkedin.com\/company\/ecoindustry\/"]}]}},"_links":{"self":[{"href":"https:\/\/www.ecoindustry.co.ao\/pt\/wp-json\/wp\/v2\/pages\/3493","targetHints":{"allow":["GET"]}}],"collection":[{"href":"https:\/\/www.ecoindustry.co.ao\/pt\/wp-json\/wp\/v2\/pages"}],"about":[{"href":"https:\/\/www.ecoindustry.co.ao\/pt\/wp-json\/wp\/v2\/types\/page"}],"author":[{"embeddable":true,"href":"https:\/\/www.ecoindustry.co.ao\/pt\/wp-json\/wp\/v2\/users\/13"}],"replies":[{"embeddable":true,"href":"https:\/\/www.ecoindustry.co.ao\/pt\/wp-json\/wp\/v2\/comments?post=3493"}],"version-history":[{"count":0,"href":"https:\/\/www.ecoindustry.co.ao\/pt\/wp-json\/wp\/v2\/pages\/3493\/revisions"}],"up":[{"embeddable":true,"href":"https:\/\/www.ecoindustry.co.ao\/pt\/wp-json\/wp\/v2\/pages\/8234"}],"wp:attachment":[{"href":"https:\/\/www.ecoindustry.co.ao\/pt\/wp-json\/wp\/v2\/media?parent=3493"}],"curies":[{"name":"wp","href":"https:\/\/api.w.org\/{rel}","templated":true}]}}