{"id":8682,"date":"2025-09-24T12:09:42","date_gmt":"2025-09-24T12:09:42","guid":{"rendered":"https:\/\/www.ecoindustry.co.ao\/?post_type=product&#038;p=8682"},"modified":"2025-09-24T12:56:35","modified_gmt":"2025-09-24T12:56:35","slug":"ecotank","status":"publish","type":"product","link":"https:\/\/www.ecoindustry.co.ao\/fr\/produit\/ecotank\/","title":{"rendered":"\u00c9CONORK"},"content":{"rendered":"<p class=\"p1\"><strong><span style=\"color: #af2d2c\">R\u00e9servoir d&#039;eau potable<\/span><\/strong>le <b>\u00c9CONORK<\/b> Il s&#039;agit d&#039;un module \u00e0 axe horizontal construit \u00e0 partir d&#039;un conteneur maritime de 20 pouces, adapt\u00e9 et structurellement renforc\u00e9.<\/p>\n<p class=\"p1\">Il a <span style=\"color: #af2d2c\"><strong>capacit\u00e9 utile de 28 000 L<\/strong><\/span>, Rev\u00eatement int\u00e9rieur en polyur\u00e9e (un mat\u00e9riau tr\u00e8s r\u00e9sistant, flexible et bact\u00e9riologiquement stable, approuv\u00e9 pour le contact avec l&#039;eau potable), et peinture ext\u00e9rieure anticorrosion.<\/p>\n<p class=\"p1\">L&#039;unit\u00e9 comprend <strong>pr\u00e9-installation de la plomberie<\/strong>, \u00e9chelle m\u00e9tallique, couvercle d&#039;acc\u00e8s et 4 brides en fer galvanis\u00e9 DN63 pour l&#039;entr\u00e9e, la sortie, l&#039;\u00e9vacuation par le bas et l&#039;\u00e9vacuation par la surface.<\/p>\n<p class=\"p1\">Il peut \u00eatre install\u00e9 en surface ou enterr\u00e9, \u00e0 l&#039;int\u00e9rieur ou \u00e0 l&#039;ext\u00e9rieur ; il suffit de niveler le sol et de le poser dessus. <strong>6 semelles en b\u00e9ton<\/strong>.<\/p>\n<p class=\"p1\">Fabriqu\u00e9 en Angola par ECOINDUSTRY selon les normes de qualit\u00e9 les plus strictes, c&#039;est le choix id\u00e9al pour <span style=\"color: #af2d2c\"><strong>syst\u00e8mes d&#039;approvisionnement en eau, r\u00e9seaux de lutte contre l&#039;incendie, industrie ou agriculture<\/strong><\/span>.<\/p>","protected":false},"excerpt":{"rendered":"<p class=\"p1\"><strong><span style=\"color: #af2d2c\">R\u00e9servoir modulaire de 28 000 L<\/span><\/strong>, fabriqu\u00e9 \u00e0 partir d&#039;un conteneur maritime renforc\u00e9, id\u00e9al pour <span style=\"color: #af2d2c\"><strong>stockage d&#039;eau potable<\/strong><\/span> avec une r\u00e9sistance, une durabilit\u00e9 et une mobilit\u00e9 \u00e9lev\u00e9es.<\/p>\n<p class=\"p1\">Avec plomberie pr\u00e9install\u00e9e, escalier m\u00e9tallique et rev\u00eatement int\u00e9rieur en polyur\u00e9e, <b>\u00c9CONORK<\/b> Assure une protection et une s\u00e9curit\u00e9 maximales de l&#039;eau \u2014 pr\u00eat \u00e0 \u00eatre install\u00e9 partout.<\/p>","protected":false},"featured_media":8683,"comment_status":"closed","ping_status":"closed","template":"","meta":[],"product_brand":[],"product_cat":[274],"product_tag":[419,420,421,417,418],"class_list":{"0":"post-8682","1":"product","2":"type-product","3":"status-publish","4":"has-post-thumbnail","6":"product_cat-ecotank","7":"product_tag-armazenamento-de-agua-potavel","8":"product_tag-contentor-adaptado","9":"product_tag-ecotank-angola","10":"product_tag-reservatorio-de-agua","11":"product_tag-tanque-28000l","13":"first","14":"instock","15":"shipping-taxable","16":"product-type-simple"},"yoast_head":"<!-- This site is optimized with the Yoast SEO plugin v27.4 - https:\/\/yoast.com\/product\/yoast-seo-wordpress\/ -->\n<title>ECOTANK - Ecoindustry<\/title>\n<meta name=\"robots\" content=\"index, follow, max-snippet:-1, max-image-preview:large, max-video-preview:-1\" \/>\n<link rel=\"canonical\" href=\"https:\/\/www.ecoindustry.co.ao\/fr\/produit\/ecotank\/\" \/>\n<meta property=\"og:locale\" content=\"fr_FR\" \/>\n<meta property=\"og:type\" content=\"article\" \/>\n<meta property=\"og:title\" content=\"ECOTANK - Ecoindustry\" \/>\n<meta property=\"og:description\" content=\"Reservat\u00f3rio modular de 28.000L, fabricado a partir de contentor mar\u00edtimo refor\u00e7ado, ideal para armazenamento de \u00e1gua pot\u00e1vel com elevada resist\u00eancia, durabilidade e mobilidade. Com pr\u00e9-instala\u00e7\u00e3o hidr\u00e1ulica, escada met\u00e1lica e revestimento interno em poliureia, o ECOTANK garante m\u00e1xima prote\u00e7\u00e3o e seguran\u00e7a da \u00e1gua \u2014 pronto a instalar em qualquer local.\" \/>\n<meta property=\"og:url\" content=\"https:\/\/www.ecoindustry.co.ao\/fr\/produit\/ecotank\/\" \/>\n<meta property=\"og:site_name\" content=\"Ecoindustry\" \/>\n<meta property=\"article:publisher\" content=\"https:\/\/www.facebook.com\/ecoindustrylda\/\" \/>\n<meta property=\"article:modified_time\" content=\"2025-09-24T12:56:35+00:00\" \/>\n<meta property=\"og:image\" content=\"https:\/\/www.ecoindustry.co.ao\/wp-content\/uploads\/2025\/09\/ECOTANK.jpg\" \/>\n\t<meta property=\"og:image:width\" content=\"1080\" \/>\n\t<meta property=\"og:image:height\" content=\"1080\" \/>\n\t<meta property=\"og:image:type\" content=\"image\/jpeg\" \/>\n<meta name=\"twitter:card\" content=\"summary_large_image\" \/>\n<meta name=\"twitter:label1\" content=\"Dur\u00e9e de lecture estim\u00e9e\" \/>\n\t<meta name=\"twitter:data1\" content=\"1 minute\" \/>\n<script type=\"application\/ld+json\" class=\"yoast-schema-graph\">{\"@context\":\"https:\\\/\\\/schema.org\",\"@graph\":[{\"@type\":\"WebPage\",\"@id\":\"https:\\\/\\\/www.ecoindustry.co.ao\\\/produto\\\/ecotank\\\/\",\"url\":\"https:\\\/\\\/www.ecoindustry.co.ao\\\/produto\\\/ecotank\\\/\",\"name\":\"ECOTANK - Ecoindustry\",\"isPartOf\":{\"@id\":\"https:\\\/\\\/www.ecoindustry.co.ao\\\/#website\"},\"primaryImageOfPage\":{\"@id\":\"https:\\\/\\\/www.ecoindustry.co.ao\\\/produto\\\/ecotank\\\/#primaryimage\"},\"image\":{\"@id\":\"https:\\\/\\\/www.ecoindustry.co.ao\\\/produto\\\/ecotank\\\/#primaryimage\"},\"thumbnailUrl\":\"https:\\\/\\\/www.ecoindustry.co.ao\\\/wp-content\\\/uploads\\\/2025\\\/09\\\/ECOTANK.jpg\",\"datePublished\":\"2025-09-24T12:09:42+00:00\",\"dateModified\":\"2025-09-24T12:56:35+00:00\",\"breadcrumb\":{\"@id\":\"https:\\\/\\\/www.ecoindustry.co.ao\\\/produto\\\/ecotank\\\/#breadcrumb\"},\"inLanguage\":\"fr-FR\",\"potentialAction\":[{\"@type\":\"ReadAction\",\"target\":[\"https:\\\/\\\/www.ecoindustry.co.ao\\\/produto\\\/ecotank\\\/\"]}]},{\"@type\":\"ImageObject\",\"inLanguage\":\"fr-FR\",\"@id\":\"https:\\\/\\\/www.ecoindustry.co.ao\\\/produto\\\/ecotank\\\/#primaryimage\",\"url\":\"https:\\\/\\\/www.ecoindustry.co.ao\\\/wp-content\\\/uploads\\\/2025\\\/09\\\/ECOTANK.jpg\",\"contentUrl\":\"https:\\\/\\\/www.ecoindustry.co.ao\\\/wp-content\\\/uploads\\\/2025\\\/09\\\/ECOTANK.jpg\",\"width\":1080,\"height\":1080},{\"@type\":\"BreadcrumbList\",\"@id\":\"https:\\\/\\\/www.ecoindustry.co.ao\\\/produto\\\/ecotank\\\/#breadcrumb\",\"itemListElement\":[{\"@type\":\"ListItem\",\"position\":1,\"name\":\"In\u00edcio\",\"item\":\"https:\\\/\\\/www.ecoindustry.co.ao\\\/\"},{\"@type\":\"ListItem\",\"position\":2,\"name\":\"Loja\",\"item\":\"https:\\\/\\\/www.ecoindustry.co.ao\\\/loja\\\/\"},{\"@type\":\"ListItem\",\"position\":3,\"name\":\"ECOTANK\"}]},{\"@type\":\"WebSite\",\"@id\":\"https:\\\/\\\/www.ecoindustry.co.ao\\\/#website\",\"url\":\"https:\\\/\\\/www.ecoindustry.co.ao\\\/\",\"name\":\"Ecoindustry\",\"description\":\"Produzimos e comercializamos o melhor, de \u00c1frica para o Mundo.\",\"publisher\":{\"@id\":\"https:\\\/\\\/www.ecoindustry.co.ao\\\/#organization\"},\"potentialAction\":[{\"@type\":\"SearchAction\",\"target\":{\"@type\":\"EntryPoint\",\"urlTemplate\":\"https:\\\/\\\/www.ecoindustry.co.ao\\\/?s={search_term_string}\"},\"query-input\":{\"@type\":\"PropertyValueSpecification\",\"valueRequired\":true,\"valueName\":\"search_term_string\"}}],\"inLanguage\":\"fr-FR\"},{\"@type\":\"Organization\",\"@id\":\"https:\\\/\\\/www.ecoindustry.co.ao\\\/#organization\",\"name\":\"ECOINDUSTRY\",\"url\":\"https:\\\/\\\/www.ecoindustry.co.ao\\\/\",\"logo\":{\"@type\":\"ImageObject\",\"inLanguage\":\"fr-FR\",\"@id\":\"https:\\\/\\\/www.ecoindustry.co.ao\\\/#\\\/schema\\\/logo\\\/image\\\/\",\"url\":\"https:\\\/\\\/www.ecoindustry.co.ao\\\/wp-content\\\/uploads\\\/2017\\\/04\\\/Logo_Ecoindustry.png\",\"contentUrl\":\"https:\\\/\\\/www.ecoindustry.co.ao\\\/wp-content\\\/uploads\\\/2017\\\/04\\\/Logo_Ecoindustry.png\",\"width\":584,\"height\":111,\"caption\":\"ECOINDUSTRY\"},\"image\":{\"@id\":\"https:\\\/\\\/www.ecoindustry.co.ao\\\/#\\\/schema\\\/logo\\\/image\\\/\"},\"sameAs\":[\"https:\\\/\\\/www.facebook.com\\\/ecoindustrylda\\\/\",\"https:\\\/\\\/www.linkedin.com\\\/company\\\/ecoindustry\\\/\"]}]}<\/script>\n<!-- \/ Yoast SEO plugin. -->","yoast_head_json":{"title":"ECOTANK - Ecoindustry","robots":{"index":"index","follow":"follow","max-snippet":"max-snippet:-1","max-image-preview":"max-image-preview:large","max-video-preview":"max-video-preview:-1"},"canonical":"https:\/\/www.ecoindustry.co.ao\/fr\/produit\/ecotank\/","og_locale":"fr_FR","og_type":"article","og_title":"ECOTANK - Ecoindustry","og_description":"Reservat\u00f3rio modular de 28.000L, fabricado a partir de contentor mar\u00edtimo refor\u00e7ado, ideal para armazenamento de \u00e1gua pot\u00e1vel com elevada resist\u00eancia, durabilidade e mobilidade. Com pr\u00e9-instala\u00e7\u00e3o hidr\u00e1ulica, escada met\u00e1lica e revestimento interno em poliureia, o ECOTANK garante m\u00e1xima prote\u00e7\u00e3o e seguran\u00e7a da \u00e1gua \u2014 pronto a instalar em qualquer local.","og_url":"https:\/\/www.ecoindustry.co.ao\/fr\/produit\/ecotank\/","og_site_name":"Ecoindustry","article_publisher":"https:\/\/www.facebook.com\/ecoindustrylda\/","article_modified_time":"2025-09-24T12:56:35+00:00","og_image":[{"width":1080,"height":1080,"url":"https:\/\/www.ecoindustry.co.ao\/wp-content\/uploads\/2025\/09\/ECOTANK.jpg","type":"image\/jpeg"}],"twitter_card":"summary_large_image","twitter_misc":{"Dur\u00e9e de lecture estim\u00e9e":"1 minute"},"schema":{"@context":"https:\/\/schema.org","@graph":[{"@type":"WebPage","@id":"https:\/\/www.ecoindustry.co.ao\/produto\/ecotank\/","url":"https:\/\/www.ecoindustry.co.ao\/produto\/ecotank\/","name":"ECOTANK - Ecoindustry","isPartOf":{"@id":"https:\/\/www.ecoindustry.co.ao\/#website"},"primaryImageOfPage":{"@id":"https:\/\/www.ecoindustry.co.ao\/produto\/ecotank\/#primaryimage"},"image":{"@id":"https:\/\/www.ecoindustry.co.ao\/produto\/ecotank\/#primaryimage"},"thumbnailUrl":"https:\/\/www.ecoindustry.co.ao\/wp-content\/uploads\/2025\/09\/ECOTANK.jpg","datePublished":"2025-09-24T12:09:42+00:00","dateModified":"2025-09-24T12:56:35+00:00","breadcrumb":{"@id":"https:\/\/www.ecoindustry.co.ao\/produto\/ecotank\/#breadcrumb"},"inLanguage":"fr-FR","potentialAction":[{"@type":"ReadAction","target":["https:\/\/www.ecoindustry.co.ao\/produto\/ecotank\/"]}]},{"@type":"ImageObject","inLanguage":"fr-FR","@id":"https:\/\/www.ecoindustry.co.ao\/produto\/ecotank\/#primaryimage","url":"https:\/\/www.ecoindustry.co.ao\/wp-content\/uploads\/2025\/09\/ECOTANK.jpg","contentUrl":"https:\/\/www.ecoindustry.co.ao\/wp-content\/uploads\/2025\/09\/ECOTANK.jpg","width":1080,"height":1080},{"@type":"BreadcrumbList","@id":"https:\/\/www.ecoindustry.co.ao\/produto\/ecotank\/#breadcrumb","itemListElement":[{"@type":"ListItem","position":1,"name":"In\u00edcio","item":"https:\/\/www.ecoindustry.co.ao\/"},{"@type":"ListItem","position":2,"name":"Loja","item":"https:\/\/www.ecoindustry.co.ao\/loja\/"},{"@type":"ListItem","position":3,"name":"ECOTANK"}]},{"@type":"WebSite","@id":"https:\/\/www.ecoindustry.co.ao\/#website","url":"https:\/\/www.ecoindustry.co.ao\/","name":"\u00c9coindustrie","description":"Produzimos e comercializamos o melhor, de \u00c1frica para o Mundo.","publisher":{"@id":"https:\/\/www.ecoindustry.co.ao\/#organization"},"potentialAction":[{"@type":"SearchAction","target":{"@type":"EntryPoint","urlTemplate":"https:\/\/www.ecoindustry.co.ao\/?s={search_term_string}"},"query-input":{"@type":"PropertyValueSpecification","valueRequired":true,"valueName":"search_term_string"}}],"inLanguage":"fr-FR"},{"@type":"Organization","@id":"https:\/\/www.ecoindustry.co.ao\/#organization","name":"\u00c9COINDUSTRIE","url":"https:\/\/www.ecoindustry.co.ao\/","logo":{"@type":"ImageObject","inLanguage":"fr-FR","@id":"https:\/\/www.ecoindustry.co.ao\/#\/schema\/logo\/image\/","url":"https:\/\/www.ecoindustry.co.ao\/wp-content\/uploads\/2017\/04\/Logo_Ecoindustry.png","contentUrl":"https:\/\/www.ecoindustry.co.ao\/wp-content\/uploads\/2017\/04\/Logo_Ecoindustry.png","width":584,"height":111,"caption":"ECOINDUSTRY"},"image":{"@id":"https:\/\/www.ecoindustry.co.ao\/#\/schema\/logo\/image\/"},"sameAs":["https:\/\/www.facebook.com\/ecoindustrylda\/","https:\/\/www.linkedin.com\/company\/ecoindustry\/"]}]}},"_links":{"self":[{"href":"https:\/\/www.ecoindustry.co.ao\/fr\/wp-json\/wp\/v2\/product\/8682","targetHints":{"allow":["GET"]}}],"collection":[{"href":"https:\/\/www.ecoindustry.co.ao\/fr\/wp-json\/wp\/v2\/product"}],"about":[{"href":"https:\/\/www.ecoindustry.co.ao\/fr\/wp-json\/wp\/v2\/types\/product"}],"replies":[{"embeddable":true,"href":"https:\/\/www.ecoindustry.co.ao\/fr\/wp-json\/wp\/v2\/comments?post=8682"}],"wp:featuredmedia":[{"embeddable":true,"href":"https:\/\/www.ecoindustry.co.ao\/fr\/wp-json\/wp\/v2\/media\/8683"}],"wp:attachment":[{"href":"https:\/\/www.ecoindustry.co.ao\/fr\/wp-json\/wp\/v2\/media?parent=8682"}],"wp:term":[{"taxonomy":"product_brand","embeddable":true,"href":"https:\/\/www.ecoindustry.co.ao\/fr\/wp-json\/wp\/v2\/product_brand?post=8682"},{"taxonomy":"product_cat","embeddable":true,"href":"https:\/\/www.ecoindustry.co.ao\/fr\/wp-json\/wp\/v2\/product_cat?post=8682"},{"taxonomy":"product_tag","embeddable":true,"href":"https:\/\/www.ecoindustry.co.ao\/fr\/wp-json\/wp\/v2\/product_tag?post=8682"}],"curies":[{"name":"wp","href":"https:\/\/api.w.org\/{rel}","templated":true}]}}