{"id":7932,"date":"2025-05-23T10:39:34","date_gmt":"2025-05-23T10:39:34","guid":{"rendered":"https:\/\/www.ecoindustry.co.ao\/?post_type=product&#038;p=7932"},"modified":"2025-09-09T11:12:13","modified_gmt":"2025-09-09T11:12:13","slug":"7932","status":"publish","type":"product","link":"https:\/\/www.ecoindustry.co.ao\/fr\/produit\/7932\/","title":{"rendered":"ECO.CAL SC 50 \u2013 SOUDE CAUSTIQUE A 50% (HYDROXYDE DE SODIUM LIQUIDE)"},"content":{"rendered":"<p class=\"p1\"><span class=\"s1\"><b>ECO.CAL SC 50<\/b><\/span> c&#039;est un <span style=\"color: #af2d2c\"><strong>solution aqueuse de soude caustique (NaOH) \u00e0 50%<\/strong><\/span>, Solution de haute puret\u00e9 destin\u00e9e aux proc\u00e9d\u00e9s industriels n\u00e9cessitant un agent alcalin puissant et s\u00fbr. Liquide incolore et inodore, il est totalement soluble dans l&#039;eau et les alcools, mais insoluble dans les solvants organiques.<\/p>\n<p class=\"p1\">Il est largement utilis\u00e9 dans diverses industries telles que la fabrication de p\u00e2te \u00e0 papier, la production d&#039;aluminium, les savons et d\u00e9tergents, le traitement de l&#039;eau, le raffinage des huiles v\u00e9g\u00e9tales, la fabrication de sels de sodium, les cosm\u00e9tiques, les colorants, les pigments et le verre. Il convient \u00e9galement \u00e0\u2026 <strong>Correction du pH de l&#039;eau de chaudi\u00e8re<\/strong>.<\/p>\n<p class=\"p1\">Avec une densit\u00e9 moyenne de 1,53 g\/cm\u00b3, un point d&#039;\u00e9bullition de 143 \u00b0C et un pH fortement alcalin, ce produit exige des pr\u00e9cautions de s\u00e9curit\u00e9 strictes lors de sa manipulation. Corrosif, il r\u00e9agit avec l&#039;eau et les acides\u00a0; le port d&#039;un \u00e9quipement de protection individuelle complet est donc obligatoire pendant toute la dur\u00e9e de sa manipulation et de son stockage.<\/p>\n<p class=\"p1\">Il convient de le conserver entre 15 \u00b0C et 25 \u00b0C, dans un endroit sec et bien ventil\u00e9, \u00e0 l&#039;\u00e9cart des mati\u00e8res inflammables ou incompatibles telles que le ph\u00e9nol. Il ne doit pas \u00eatre jet\u00e9 dans l&#039;environnement.<\/p>\n<h3><\/h3>\n<p><b>Caract\u00e9ristiques:<\/b><\/p>\n<p class=\"p1\">\u2022 Hydroxyde de sodium liquide (NaOH) \u00e0 50%\u00a0;<\/p>\n<p class=\"p1\">\u2022 Application industrielle dans de multiples secteurs ;<\/p>\n<p class=\"p1\">\u2022 Fortement alcalin, tr\u00e8s corrosif ;<\/p>\n<p class=\"p1\">\u2022 Enti\u00e8rement soluble dans l&#039;eau et les alcools ;<\/p>\n<p class=\"p1\">\u2022 \u00c0 conserver en toute s\u00e9curit\u00e9 entre 15\u00b0C et 25\u00b0C.<\/p>","protected":false},"excerpt":{"rendered":"<p class=\"p1\"><span class=\"s1\"><b>ECO.CAL SC 50<\/b><\/span> c&#039;est un <span style=\"color: #af2d2c\"><strong>Solution liquide d&#039;hydroxyde de sodium 50%<\/strong><\/span>, Tr\u00e8s efficace pour les applications industrielles exigeantes.<\/p>\n<p class=\"p1\">Utilis\u00e9 dans la fabrication du papier, de l&#039;aluminium, des d\u00e9tergents, le traitement de l&#039;eau, le raffinage des huiles v\u00e9g\u00e9tales et la correction du pH dans les syst\u00e8mes de chaudi\u00e8res.<\/p>","protected":false},"featured_media":4116,"comment_status":"open","ping_status":"closed","template":"","meta":[],"product_brand":[],"product_cat":[290],"product_tag":[127,374,306,371,372,125,373,370,150],"class_list":{"0":"post-7932","1":"product","2":"type-product","3":"status-publish","4":"has-post-thumbnail","6":"product_cat-caldeiras","7":"product_tag-alcalinizante","8":"product_tag-detergentes","9":"product_tag-ecoindustry","10":"product_tag-hidroxido-de-sodio","11":"product_tag-industria-quimica","12":"product_tag-ph","13":"product_tag-refinacao","14":"product_tag-soda-caustica","15":"product_tag-tratamento-de-agua","17":"first","18":"instock","19":"shipping-taxable","20":"product-type-simple"},"yoast_head":"<!-- This site is optimized with the Yoast SEO plugin v27.3 - https:\/\/yoast.com\/product\/yoast-seo-wordpress\/ -->\n<title>ECO.CAL SC 50 \u2013 SODA C\u00c1USTICA A 50% (HIDR\u00d3XIDO DE S\u00d3DIO L\u00cdQUIDO) - Ecoindustry<\/title>\n<meta name=\"robots\" content=\"index, follow, max-snippet:-1, max-image-preview:large, max-video-preview:-1\" \/>\n<link rel=\"canonical\" href=\"https:\/\/www.ecoindustry.co.ao\/fr\/produit\/7932\/\" \/>\n<meta property=\"og:locale\" content=\"fr_FR\" \/>\n<meta property=\"og:type\" content=\"article\" \/>\n<meta property=\"og:title\" content=\"ECO.CAL SC 50 \u2013 SODA C\u00c1USTICA A 50% (HIDR\u00d3XIDO DE S\u00d3DIO L\u00cdQUIDO) - Ecoindustry\" \/>\n<meta property=\"og:description\" content=\"ECO.CAL SC 50 \u00e9 uma solu\u00e7\u00e3o l\u00edquida de hidr\u00f3xido de s\u00f3dio a 50%, altamente eficaz para aplica\u00e7\u00f5es industriais exigentes. Utilizada no fabrico de papel, alum\u00ednio, detergentes, tratamento de \u00e1gua, refina\u00e7\u00e3o de \u00f3leos vegetais e correc\u00e7\u00e3o de pH em sistemas de caldeiras.\" \/>\n<meta property=\"og:url\" content=\"https:\/\/www.ecoindustry.co.ao\/fr\/produit\/7932\/\" \/>\n<meta property=\"og:site_name\" content=\"Ecoindustry\" \/>\n<meta property=\"article:publisher\" content=\"https:\/\/www.facebook.com\/ecoindustrylda\/\" \/>\n<meta property=\"article:modified_time\" content=\"2025-09-09T11:12:13+00:00\" \/>\n<meta property=\"og:image\" content=\"https:\/\/www.ecoindustry.co.ao\/wp-content\/uploads\/2020\/11\/ECO.CAL-SC-50.jpg\" \/>\n\t<meta property=\"og:image:width\" content=\"1200\" \/>\n\t<meta property=\"og:image:height\" content=\"800\" \/>\n\t<meta property=\"og:image:type\" content=\"image\/jpeg\" \/>\n<meta name=\"twitter:card\" content=\"summary_large_image\" \/>\n<meta name=\"twitter:label1\" content=\"Dur\u00e9e de lecture estim\u00e9e\" \/>\n\t<meta name=\"twitter:data1\" content=\"1 minute\" \/>\n<script type=\"application\/ld+json\" class=\"yoast-schema-graph\">{\"@context\":\"https:\\\/\\\/schema.org\",\"@graph\":[{\"@type\":\"WebPage\",\"@id\":\"https:\\\/\\\/www.ecoindustry.co.ao\\\/produto\\\/7932\\\/\",\"url\":\"https:\\\/\\\/www.ecoindustry.co.ao\\\/produto\\\/7932\\\/\",\"name\":\"ECO.CAL SC 50 \u2013 SODA C\u00c1USTICA A 50% (HIDR\u00d3XIDO DE S\u00d3DIO L\u00cdQUIDO) - Ecoindustry\",\"isPartOf\":{\"@id\":\"https:\\\/\\\/www.ecoindustry.co.ao\\\/#website\"},\"primaryImageOfPage\":{\"@id\":\"https:\\\/\\\/www.ecoindustry.co.ao\\\/produto\\\/7932\\\/#primaryimage\"},\"image\":{\"@id\":\"https:\\\/\\\/www.ecoindustry.co.ao\\\/produto\\\/7932\\\/#primaryimage\"},\"thumbnailUrl\":\"https:\\\/\\\/www.ecoindustry.co.ao\\\/wp-content\\\/uploads\\\/2020\\\/11\\\/ECO.CAL-SC-50.jpg\",\"datePublished\":\"2025-05-23T10:39:34+00:00\",\"dateModified\":\"2025-09-09T11:12:13+00:00\",\"breadcrumb\":{\"@id\":\"https:\\\/\\\/www.ecoindustry.co.ao\\\/produto\\\/7932\\\/#breadcrumb\"},\"inLanguage\":\"fr-FR\",\"potentialAction\":[{\"@type\":\"ReadAction\",\"target\":[\"https:\\\/\\\/www.ecoindustry.co.ao\\\/produto\\\/7932\\\/\"]}]},{\"@type\":\"ImageObject\",\"inLanguage\":\"fr-FR\",\"@id\":\"https:\\\/\\\/www.ecoindustry.co.ao\\\/produto\\\/7932\\\/#primaryimage\",\"url\":\"https:\\\/\\\/www.ecoindustry.co.ao\\\/wp-content\\\/uploads\\\/2020\\\/11\\\/ECO.CAL-SC-50.jpg\",\"contentUrl\":\"https:\\\/\\\/www.ecoindustry.co.ao\\\/wp-content\\\/uploads\\\/2020\\\/11\\\/ECO.CAL-SC-50.jpg\",\"width\":1200,\"height\":800},{\"@type\":\"BreadcrumbList\",\"@id\":\"https:\\\/\\\/www.ecoindustry.co.ao\\\/produto\\\/7932\\\/#breadcrumb\",\"itemListElement\":[{\"@type\":\"ListItem\",\"position\":1,\"name\":\"In\u00edcio\",\"item\":\"https:\\\/\\\/www.ecoindustry.co.ao\\\/\"},{\"@type\":\"ListItem\",\"position\":2,\"name\":\"Loja\",\"item\":\"https:\\\/\\\/www.ecoindustry.co.ao\\\/loja\\\/\"},{\"@type\":\"ListItem\",\"position\":3,\"name\":\"ECO.CAL SC 50 \u2013 SODA C\u00c1USTICA A 50% (HIDR\u00d3XIDO DE S\u00d3DIO L\u00cdQUIDO)\"}]},{\"@type\":\"WebSite\",\"@id\":\"https:\\\/\\\/www.ecoindustry.co.ao\\\/#website\",\"url\":\"https:\\\/\\\/www.ecoindustry.co.ao\\\/\",\"name\":\"Ecoindustry\",\"description\":\"Produzimos e comercializamos o melhor, de \u00c1frica para o Mundo.\",\"publisher\":{\"@id\":\"https:\\\/\\\/www.ecoindustry.co.ao\\\/#organization\"},\"potentialAction\":[{\"@type\":\"SearchAction\",\"target\":{\"@type\":\"EntryPoint\",\"urlTemplate\":\"https:\\\/\\\/www.ecoindustry.co.ao\\\/?s={search_term_string}\"},\"query-input\":{\"@type\":\"PropertyValueSpecification\",\"valueRequired\":true,\"valueName\":\"search_term_string\"}}],\"inLanguage\":\"fr-FR\"},{\"@type\":\"Organization\",\"@id\":\"https:\\\/\\\/www.ecoindustry.co.ao\\\/#organization\",\"name\":\"ECOINDUSTRY\",\"url\":\"https:\\\/\\\/www.ecoindustry.co.ao\\\/\",\"logo\":{\"@type\":\"ImageObject\",\"inLanguage\":\"fr-FR\",\"@id\":\"https:\\\/\\\/www.ecoindustry.co.ao\\\/#\\\/schema\\\/logo\\\/image\\\/\",\"url\":\"https:\\\/\\\/www.ecoindustry.co.ao\\\/wp-content\\\/uploads\\\/2017\\\/04\\\/Logo_Ecoindustry.png\",\"contentUrl\":\"https:\\\/\\\/www.ecoindustry.co.ao\\\/wp-content\\\/uploads\\\/2017\\\/04\\\/Logo_Ecoindustry.png\",\"width\":584,\"height\":111,\"caption\":\"ECOINDUSTRY\"},\"image\":{\"@id\":\"https:\\\/\\\/www.ecoindustry.co.ao\\\/#\\\/schema\\\/logo\\\/image\\\/\"},\"sameAs\":[\"https:\\\/\\\/www.facebook.com\\\/ecoindustrylda\\\/\",\"https:\\\/\\\/www.linkedin.com\\\/company\\\/ecoindustry\\\/\"]}]}<\/script>\n<!-- \/ Yoast SEO plugin. -->","yoast_head_json":{"title":"ECO.CAL SC 50 \u2013 SODA C\u00c1USTICA A 50% (HIDR\u00d3XIDO DE S\u00d3DIO L\u00cdQUIDO) - Ecoindustry","robots":{"index":"index","follow":"follow","max-snippet":"max-snippet:-1","max-image-preview":"max-image-preview:large","max-video-preview":"max-video-preview:-1"},"canonical":"https:\/\/www.ecoindustry.co.ao\/fr\/produit\/7932\/","og_locale":"fr_FR","og_type":"article","og_title":"ECO.CAL SC 50 \u2013 SODA C\u00c1USTICA A 50% (HIDR\u00d3XIDO DE S\u00d3DIO L\u00cdQUIDO) - Ecoindustry","og_description":"ECO.CAL SC 50 \u00e9 uma solu\u00e7\u00e3o l\u00edquida de hidr\u00f3xido de s\u00f3dio a 50%, altamente eficaz para aplica\u00e7\u00f5es industriais exigentes. Utilizada no fabrico de papel, alum\u00ednio, detergentes, tratamento de \u00e1gua, refina\u00e7\u00e3o de \u00f3leos vegetais e correc\u00e7\u00e3o de pH em sistemas de caldeiras.","og_url":"https:\/\/www.ecoindustry.co.ao\/fr\/produit\/7932\/","og_site_name":"Ecoindustry","article_publisher":"https:\/\/www.facebook.com\/ecoindustrylda\/","article_modified_time":"2025-09-09T11:12:13+00:00","og_image":[{"width":1200,"height":800,"url":"https:\/\/www.ecoindustry.co.ao\/wp-content\/uploads\/2020\/11\/ECO.CAL-SC-50.jpg","type":"image\/jpeg"}],"twitter_card":"summary_large_image","twitter_misc":{"Dur\u00e9e de lecture estim\u00e9e":"1 minute"},"schema":{"@context":"https:\/\/schema.org","@graph":[{"@type":"WebPage","@id":"https:\/\/www.ecoindustry.co.ao\/produto\/7932\/","url":"https:\/\/www.ecoindustry.co.ao\/produto\/7932\/","name":"ECO.CAL SC 50 \u2013 SODA C\u00c1USTICA A 50% (HIDR\u00d3XIDO DE S\u00d3DIO L\u00cdQUIDO) - Ecoindustry","isPartOf":{"@id":"https:\/\/www.ecoindustry.co.ao\/#website"},"primaryImageOfPage":{"@id":"https:\/\/www.ecoindustry.co.ao\/produto\/7932\/#primaryimage"},"image":{"@id":"https:\/\/www.ecoindustry.co.ao\/produto\/7932\/#primaryimage"},"thumbnailUrl":"https:\/\/www.ecoindustry.co.ao\/wp-content\/uploads\/2020\/11\/ECO.CAL-SC-50.jpg","datePublished":"2025-05-23T10:39:34+00:00","dateModified":"2025-09-09T11:12:13+00:00","breadcrumb":{"@id":"https:\/\/www.ecoindustry.co.ao\/produto\/7932\/#breadcrumb"},"inLanguage":"fr-FR","potentialAction":[{"@type":"ReadAction","target":["https:\/\/www.ecoindustry.co.ao\/produto\/7932\/"]}]},{"@type":"ImageObject","inLanguage":"fr-FR","@id":"https:\/\/www.ecoindustry.co.ao\/produto\/7932\/#primaryimage","url":"https:\/\/www.ecoindustry.co.ao\/wp-content\/uploads\/2020\/11\/ECO.CAL-SC-50.jpg","contentUrl":"https:\/\/www.ecoindustry.co.ao\/wp-content\/uploads\/2020\/11\/ECO.CAL-SC-50.jpg","width":1200,"height":800},{"@type":"BreadcrumbList","@id":"https:\/\/www.ecoindustry.co.ao\/produto\/7932\/#breadcrumb","itemListElement":[{"@type":"ListItem","position":1,"name":"In\u00edcio","item":"https:\/\/www.ecoindustry.co.ao\/"},{"@type":"ListItem","position":2,"name":"Loja","item":"https:\/\/www.ecoindustry.co.ao\/loja\/"},{"@type":"ListItem","position":3,"name":"ECO.CAL SC 50 \u2013 SODA C\u00c1USTICA A 50% (HIDR\u00d3XIDO DE S\u00d3DIO L\u00cdQUIDO)"}]},{"@type":"WebSite","@id":"https:\/\/www.ecoindustry.co.ao\/#website","url":"https:\/\/www.ecoindustry.co.ao\/","name":"\u00c9coindustrie","description":"Produzimos e comercializamos o melhor, de \u00c1frica para o Mundo.","publisher":{"@id":"https:\/\/www.ecoindustry.co.ao\/#organization"},"potentialAction":[{"@type":"SearchAction","target":{"@type":"EntryPoint","urlTemplate":"https:\/\/www.ecoindustry.co.ao\/?s={search_term_string}"},"query-input":{"@type":"PropertyValueSpecification","valueRequired":true,"valueName":"search_term_string"}}],"inLanguage":"fr-FR"},{"@type":"Organization","@id":"https:\/\/www.ecoindustry.co.ao\/#organization","name":"\u00c9COINDUSTRIE","url":"https:\/\/www.ecoindustry.co.ao\/","logo":{"@type":"ImageObject","inLanguage":"fr-FR","@id":"https:\/\/www.ecoindustry.co.ao\/#\/schema\/logo\/image\/","url":"https:\/\/www.ecoindustry.co.ao\/wp-content\/uploads\/2017\/04\/Logo_Ecoindustry.png","contentUrl":"https:\/\/www.ecoindustry.co.ao\/wp-content\/uploads\/2017\/04\/Logo_Ecoindustry.png","width":584,"height":111,"caption":"ECOINDUSTRY"},"image":{"@id":"https:\/\/www.ecoindustry.co.ao\/#\/schema\/logo\/image\/"},"sameAs":["https:\/\/www.facebook.com\/ecoindustrylda\/","https:\/\/www.linkedin.com\/company\/ecoindustry\/"]}]}},"_links":{"self":[{"href":"https:\/\/www.ecoindustry.co.ao\/fr\/wp-json\/wp\/v2\/product\/7932","targetHints":{"allow":["GET"]}}],"collection":[{"href":"https:\/\/www.ecoindustry.co.ao\/fr\/wp-json\/wp\/v2\/product"}],"about":[{"href":"https:\/\/www.ecoindustry.co.ao\/fr\/wp-json\/wp\/v2\/types\/product"}],"replies":[{"embeddable":true,"href":"https:\/\/www.ecoindustry.co.ao\/fr\/wp-json\/wp\/v2\/comments?post=7932"}],"wp:featuredmedia":[{"embeddable":true,"href":"https:\/\/www.ecoindustry.co.ao\/fr\/wp-json\/wp\/v2\/media\/4116"}],"wp:attachment":[{"href":"https:\/\/www.ecoindustry.co.ao\/fr\/wp-json\/wp\/v2\/media?parent=7932"}],"wp:term":[{"taxonomy":"product_brand","embeddable":true,"href":"https:\/\/www.ecoindustry.co.ao\/fr\/wp-json\/wp\/v2\/product_brand?post=7932"},{"taxonomy":"product_cat","embeddable":true,"href":"https:\/\/www.ecoindustry.co.ao\/fr\/wp-json\/wp\/v2\/product_cat?post=7932"},{"taxonomy":"product_tag","embeddable":true,"href":"https:\/\/www.ecoindustry.co.ao\/fr\/wp-json\/wp\/v2\/product_tag?post=7932"}],"curies":[{"name":"wp","href":"https:\/\/api.w.org\/{rel}","templated":true}]}}