{"id":7931,"date":"2025-05-23T10:39:34","date_gmt":"2025-05-23T10:39:34","guid":{"rendered":"https:\/\/www.ecoindustry.co.ao\/?post_type=product&#038;p=7931"},"modified":"2025-09-09T14:03:18","modified_gmt":"2025-09-09T14:03:18","slug":"7931","status":"publish","type":"product","link":"https:\/\/www.ecoindustry.co.ao\/fr\/produit\/7931\/","title":{"rendered":"ECO.CAL BO 94 \u2013 TRAITEMENT MULTIFONCTIONNEL POUR CHAUDI\u00c8RES"},"content":{"rendered":"<p class=\"p1\"><span class=\"s1\"><b>ECO.CAL BO 94<\/b><\/span> c&#039;est un <span style=\"color: #af2d2c\"><strong>traitement multifonctionnel de l&#039;eau<\/strong><\/span> Pour chaudi\u00e8res, ce produit associe des propri\u00e9t\u00e9s d\u00e9soxyg\u00e9nantes \u00e0 un puissant syst\u00e8me anti-tartre. Il contient un m\u00e9lange de sulfite catalys\u00e9 et de d\u00e9soxyg\u00e9nant organique non volatil qui lutte efficacement contre la corrosion par l&#039;oxyg\u00e8ne dans les zones d&#039;alimentation et \u00e0 l&#039;int\u00e9rieur de la chaudi\u00e8re.<\/p>\n<p class=\"p1\">Sa formule int\u00e8gre <strong>polym\u00e8res dispersants et passivants pour le fer et le cuivre<\/strong>, Ces composants emp\u00eachent l&#039;accumulation de calcaire, de fer et de silice, permettant leur \u00e9limination par purge. Tous les ingr\u00e9dients sont de qualit\u00e9 alimentaire ou figurent sur les listes approuv\u00e9es par la FDA, garantissant la s\u00e9curit\u00e9 des applications impliquant la g\u00e9n\u00e9ration de vapeur pour le contact indirect avec les aliments.<\/p>\n<p class=\"p1\">Le produit s&#039;applique dilu\u00e9 avec de l&#039;eau condens\u00e9e, d\u00e9tartr\u00e9e ou d\u00e9min\u00e9ralis\u00e9e, de pr\u00e9f\u00e9rence dans le r\u00e9servoir d&#039;alimentation ou le r\u00e9servoir du d\u00e9gazeur. Il est totalement soluble, pr\u00e9sente un pH compris entre 5,5 et 6,5 et se pr\u00e9sente sous la forme d&#039;un liquide l\u00e9g\u00e8rement ros\u00e9 d&#039;une densit\u00e9 comprise entre 1,25 et 1,31 g\/cm\u00b3. Il doit \u00eatre conserv\u00e9 entre 0 \u00b0C et 35 \u00b0C, \u00e0 l&#039;abri de la lumi\u00e8re.<\/p>\n<h3><\/h3>\n<p><b>Caract\u00e9ristiques:<\/b><\/p>\n<p class=\"p1\">\u2022 Traitement multifonctionnel \u00e0 action d\u00e9soxyg\u00e9nante et antitartre ;<\/p>\n<p class=\"p1\">\u2022 Il \u00e9limine passivement les surfaces de fer et de cuivre ;<\/p>\n<p class=\"p1\">\u2022 \u00c9limine et disperse les d\u00e9p\u00f4ts de duret\u00e9, de fer et de silice ;<\/p>\n<p class=\"p1\">\u2022 Composition de qualit\u00e9 alimentaire, adapt\u00e9e \u00e0 une utilisation dans la vapeur technique ;<\/p>\n<p class=\"p1\">\u2022 Application simple et s\u00fbre gr\u00e2ce \u00e0 une pompe doseuse.<\/p>","protected":false},"excerpt":{"rendered":"<p class=\"p1\"><span class=\"s1\"><b>ECO.CAL BO 94<\/b><\/span> c&#039;est un <span style=\"color: #af2d2c\"><strong>Traitement multifonctionnel pour chaudi\u00e8res.<\/strong><\/span>, qui combine un agent d\u00e9soxyg\u00e9nant et un inhibiteur de tartre dans une solution unique.<\/p>\n<p class=\"p1\">Formul\u00e9 pour pr\u00e9venir la corrosion par l&#039;oxyg\u00e8ne, le tartre et passiver les surfaces m\u00e9talliques, il convient aux chaudi\u00e8res aliment\u00e9es en eau d\u00e9min\u00e9ralis\u00e9e ou d\u00e9gaz\u00e9e.<\/p>","protected":false},"featured_media":4117,"comment_status":"closed","ping_status":"closed","template":"","meta":[],"product_brand":[],"product_cat":[290],"product_tag":[311,316,357,355,306,369,368,367],"class_list":{"0":"post-7931","1":"product","2":"type-product","3":"status-publish","4":"has-post-thumbnail","6":"product_cat-caldeiras","7":"product_tag-agua-desmineralizada","8":"product_tag-anti-incrustante","9":"product_tag-caldeiras","10":"product_tag-desoxigenante","11":"product_tag-ecoindustry","12":"product_tag-passivador","13":"product_tag-sulfito-catalisado","14":"product_tag-tratamento-multifuncional","16":"first","17":"instock","18":"shipping-taxable","19":"product-type-simple"},"yoast_head":"<!-- This site is optimized with the Yoast SEO plugin v27.3 - https:\/\/yoast.com\/product\/yoast-seo-wordpress\/ -->\n<title>ECO.CAL BO 94 \u2013 TRATAMENTO MULTIFUNCIONAL PARA CALDEIRAS - Ecoindustry<\/title>\n<meta name=\"robots\" content=\"index, follow, max-snippet:-1, max-image-preview:large, max-video-preview:-1\" \/>\n<link rel=\"canonical\" href=\"https:\/\/www.ecoindustry.co.ao\/fr\/produit\/7931\/\" \/>\n<meta property=\"og:locale\" content=\"fr_FR\" \/>\n<meta property=\"og:type\" content=\"article\" \/>\n<meta property=\"og:title\" content=\"ECO.CAL BO 94 \u2013 TRATAMENTO MULTIFUNCIONAL PARA CALDEIRAS - Ecoindustry\" \/>\n<meta property=\"og:description\" content=\"ECO.CAL BO 94 \u00e9 um tratamento multifuncional para caldeiras, que combina desoxigenante e inibidor de incrusta\u00e7\u00f5es numa s\u00f3 solu\u00e7\u00e3o. Formulado para prevenir corros\u00e3o por oxig\u00e9nio, incrusta\u00e7\u00f5es minerais e passivar superf\u00edcies met\u00e1licas, \u00e9 indicado para caldeiras alimentadas com \u00e1gua desmineralizada ou desgaseificada.\" \/>\n<meta property=\"og:url\" content=\"https:\/\/www.ecoindustry.co.ao\/fr\/produit\/7931\/\" \/>\n<meta property=\"og:site_name\" content=\"Ecoindustry\" \/>\n<meta property=\"article:publisher\" content=\"https:\/\/www.facebook.com\/ecoindustrylda\/\" \/>\n<meta property=\"article:modified_time\" content=\"2025-09-09T14:03:18+00:00\" \/>\n<meta property=\"og:image\" content=\"https:\/\/www.ecoindustry.co.ao\/wp-content\/uploads\/2020\/11\/ECO.CAL-BO-94.jpg\" \/>\n\t<meta property=\"og:image:width\" content=\"1200\" \/>\n\t<meta property=\"og:image:height\" content=\"800\" \/>\n\t<meta property=\"og:image:type\" content=\"image\/jpeg\" \/>\n<meta name=\"twitter:card\" content=\"summary_large_image\" \/>\n<meta name=\"twitter:label1\" content=\"Dur\u00e9e de lecture estim\u00e9e\" \/>\n\t<meta name=\"twitter:data1\" content=\"1 minute\" \/>\n<script type=\"application\/ld+json\" class=\"yoast-schema-graph\">{\"@context\":\"https:\\\/\\\/schema.org\",\"@graph\":[{\"@type\":\"WebPage\",\"@id\":\"https:\\\/\\\/www.ecoindustry.co.ao\\\/produto\\\/7931\\\/\",\"url\":\"https:\\\/\\\/www.ecoindustry.co.ao\\\/produto\\\/7931\\\/\",\"name\":\"ECO.CAL BO 94 \u2013 TRATAMENTO MULTIFUNCIONAL PARA CALDEIRAS - Ecoindustry\",\"isPartOf\":{\"@id\":\"https:\\\/\\\/www.ecoindustry.co.ao\\\/#website\"},\"primaryImageOfPage\":{\"@id\":\"https:\\\/\\\/www.ecoindustry.co.ao\\\/produto\\\/7931\\\/#primaryimage\"},\"image\":{\"@id\":\"https:\\\/\\\/www.ecoindustry.co.ao\\\/produto\\\/7931\\\/#primaryimage\"},\"thumbnailUrl\":\"https:\\\/\\\/www.ecoindustry.co.ao\\\/wp-content\\\/uploads\\\/2020\\\/11\\\/ECO.CAL-BO-94.jpg\",\"datePublished\":\"2025-05-23T10:39:34+00:00\",\"dateModified\":\"2025-09-09T14:03:18+00:00\",\"breadcrumb\":{\"@id\":\"https:\\\/\\\/www.ecoindustry.co.ao\\\/produto\\\/7931\\\/#breadcrumb\"},\"inLanguage\":\"fr-FR\",\"potentialAction\":[{\"@type\":\"ReadAction\",\"target\":[\"https:\\\/\\\/www.ecoindustry.co.ao\\\/produto\\\/7931\\\/\"]}]},{\"@type\":\"ImageObject\",\"inLanguage\":\"fr-FR\",\"@id\":\"https:\\\/\\\/www.ecoindustry.co.ao\\\/produto\\\/7931\\\/#primaryimage\",\"url\":\"https:\\\/\\\/www.ecoindustry.co.ao\\\/wp-content\\\/uploads\\\/2020\\\/11\\\/ECO.CAL-BO-94.jpg\",\"contentUrl\":\"https:\\\/\\\/www.ecoindustry.co.ao\\\/wp-content\\\/uploads\\\/2020\\\/11\\\/ECO.CAL-BO-94.jpg\",\"width\":1200,\"height\":800},{\"@type\":\"BreadcrumbList\",\"@id\":\"https:\\\/\\\/www.ecoindustry.co.ao\\\/produto\\\/7931\\\/#breadcrumb\",\"itemListElement\":[{\"@type\":\"ListItem\",\"position\":1,\"name\":\"In\u00edcio\",\"item\":\"https:\\\/\\\/www.ecoindustry.co.ao\\\/\"},{\"@type\":\"ListItem\",\"position\":2,\"name\":\"Loja\",\"item\":\"https:\\\/\\\/www.ecoindustry.co.ao\\\/loja\\\/\"},{\"@type\":\"ListItem\",\"position\":3,\"name\":\"ECO.CAL BO 94 \u2013 TRATAMENTO MULTIFUNCIONAL PARA CALDEIRAS\"}]},{\"@type\":\"WebSite\",\"@id\":\"https:\\\/\\\/www.ecoindustry.co.ao\\\/#website\",\"url\":\"https:\\\/\\\/www.ecoindustry.co.ao\\\/\",\"name\":\"Ecoindustry\",\"description\":\"Produzimos e comercializamos o melhor, de \u00c1frica para o Mundo.\",\"publisher\":{\"@id\":\"https:\\\/\\\/www.ecoindustry.co.ao\\\/#organization\"},\"potentialAction\":[{\"@type\":\"SearchAction\",\"target\":{\"@type\":\"EntryPoint\",\"urlTemplate\":\"https:\\\/\\\/www.ecoindustry.co.ao\\\/?s={search_term_string}\"},\"query-input\":{\"@type\":\"PropertyValueSpecification\",\"valueRequired\":true,\"valueName\":\"search_term_string\"}}],\"inLanguage\":\"fr-FR\"},{\"@type\":\"Organization\",\"@id\":\"https:\\\/\\\/www.ecoindustry.co.ao\\\/#organization\",\"name\":\"ECOINDUSTRY\",\"url\":\"https:\\\/\\\/www.ecoindustry.co.ao\\\/\",\"logo\":{\"@type\":\"ImageObject\",\"inLanguage\":\"fr-FR\",\"@id\":\"https:\\\/\\\/www.ecoindustry.co.ao\\\/#\\\/schema\\\/logo\\\/image\\\/\",\"url\":\"https:\\\/\\\/www.ecoindustry.co.ao\\\/wp-content\\\/uploads\\\/2017\\\/04\\\/Logo_Ecoindustry.png\",\"contentUrl\":\"https:\\\/\\\/www.ecoindustry.co.ao\\\/wp-content\\\/uploads\\\/2017\\\/04\\\/Logo_Ecoindustry.png\",\"width\":584,\"height\":111,\"caption\":\"ECOINDUSTRY\"},\"image\":{\"@id\":\"https:\\\/\\\/www.ecoindustry.co.ao\\\/#\\\/schema\\\/logo\\\/image\\\/\"},\"sameAs\":[\"https:\\\/\\\/www.facebook.com\\\/ecoindustrylda\\\/\",\"https:\\\/\\\/www.linkedin.com\\\/company\\\/ecoindustry\\\/\"]}]}<\/script>\n<!-- \/ Yoast SEO plugin. -->","yoast_head_json":{"title":"ECO.CAL BO 94 \u2013 TRATAMENTO MULTIFUNCIONAL PARA CALDEIRAS - Ecoindustry","robots":{"index":"index","follow":"follow","max-snippet":"max-snippet:-1","max-image-preview":"max-image-preview:large","max-video-preview":"max-video-preview:-1"},"canonical":"https:\/\/www.ecoindustry.co.ao\/fr\/produit\/7931\/","og_locale":"fr_FR","og_type":"article","og_title":"ECO.CAL BO 94 \u2013 TRATAMENTO MULTIFUNCIONAL PARA CALDEIRAS - Ecoindustry","og_description":"ECO.CAL BO 94 \u00e9 um tratamento multifuncional para caldeiras, que combina desoxigenante e inibidor de incrusta\u00e7\u00f5es numa s\u00f3 solu\u00e7\u00e3o. Formulado para prevenir corros\u00e3o por oxig\u00e9nio, incrusta\u00e7\u00f5es minerais e passivar superf\u00edcies met\u00e1licas, \u00e9 indicado para caldeiras alimentadas com \u00e1gua desmineralizada ou desgaseificada.","og_url":"https:\/\/www.ecoindustry.co.ao\/fr\/produit\/7931\/","og_site_name":"Ecoindustry","article_publisher":"https:\/\/www.facebook.com\/ecoindustrylda\/","article_modified_time":"2025-09-09T14:03:18+00:00","og_image":[{"width":1200,"height":800,"url":"https:\/\/www.ecoindustry.co.ao\/wp-content\/uploads\/2020\/11\/ECO.CAL-BO-94.jpg","type":"image\/jpeg"}],"twitter_card":"summary_large_image","twitter_misc":{"Dur\u00e9e de lecture estim\u00e9e":"1 minute"},"schema":{"@context":"https:\/\/schema.org","@graph":[{"@type":"WebPage","@id":"https:\/\/www.ecoindustry.co.ao\/produto\/7931\/","url":"https:\/\/www.ecoindustry.co.ao\/produto\/7931\/","name":"ECO.CAL BO 94 \u2013 TRATAMENTO MULTIFUNCIONAL PARA CALDEIRAS - Ecoindustry","isPartOf":{"@id":"https:\/\/www.ecoindustry.co.ao\/#website"},"primaryImageOfPage":{"@id":"https:\/\/www.ecoindustry.co.ao\/produto\/7931\/#primaryimage"},"image":{"@id":"https:\/\/www.ecoindustry.co.ao\/produto\/7931\/#primaryimage"},"thumbnailUrl":"https:\/\/www.ecoindustry.co.ao\/wp-content\/uploads\/2020\/11\/ECO.CAL-BO-94.jpg","datePublished":"2025-05-23T10:39:34+00:00","dateModified":"2025-09-09T14:03:18+00:00","breadcrumb":{"@id":"https:\/\/www.ecoindustry.co.ao\/produto\/7931\/#breadcrumb"},"inLanguage":"fr-FR","potentialAction":[{"@type":"ReadAction","target":["https:\/\/www.ecoindustry.co.ao\/produto\/7931\/"]}]},{"@type":"ImageObject","inLanguage":"fr-FR","@id":"https:\/\/www.ecoindustry.co.ao\/produto\/7931\/#primaryimage","url":"https:\/\/www.ecoindustry.co.ao\/wp-content\/uploads\/2020\/11\/ECO.CAL-BO-94.jpg","contentUrl":"https:\/\/www.ecoindustry.co.ao\/wp-content\/uploads\/2020\/11\/ECO.CAL-BO-94.jpg","width":1200,"height":800},{"@type":"BreadcrumbList","@id":"https:\/\/www.ecoindustry.co.ao\/produto\/7931\/#breadcrumb","itemListElement":[{"@type":"ListItem","position":1,"name":"In\u00edcio","item":"https:\/\/www.ecoindustry.co.ao\/"},{"@type":"ListItem","position":2,"name":"Loja","item":"https:\/\/www.ecoindustry.co.ao\/loja\/"},{"@type":"ListItem","position":3,"name":"ECO.CAL BO 94 \u2013 TRATAMENTO MULTIFUNCIONAL PARA CALDEIRAS"}]},{"@type":"WebSite","@id":"https:\/\/www.ecoindustry.co.ao\/#website","url":"https:\/\/www.ecoindustry.co.ao\/","name":"\u00c9coindustrie","description":"Produzimos e comercializamos o melhor, de \u00c1frica para o Mundo.","publisher":{"@id":"https:\/\/www.ecoindustry.co.ao\/#organization"},"potentialAction":[{"@type":"SearchAction","target":{"@type":"EntryPoint","urlTemplate":"https:\/\/www.ecoindustry.co.ao\/?s={search_term_string}"},"query-input":{"@type":"PropertyValueSpecification","valueRequired":true,"valueName":"search_term_string"}}],"inLanguage":"fr-FR"},{"@type":"Organization","@id":"https:\/\/www.ecoindustry.co.ao\/#organization","name":"\u00c9COINDUSTRIE","url":"https:\/\/www.ecoindustry.co.ao\/","logo":{"@type":"ImageObject","inLanguage":"fr-FR","@id":"https:\/\/www.ecoindustry.co.ao\/#\/schema\/logo\/image\/","url":"https:\/\/www.ecoindustry.co.ao\/wp-content\/uploads\/2017\/04\/Logo_Ecoindustry.png","contentUrl":"https:\/\/www.ecoindustry.co.ao\/wp-content\/uploads\/2017\/04\/Logo_Ecoindustry.png","width":584,"height":111,"caption":"ECOINDUSTRY"},"image":{"@id":"https:\/\/www.ecoindustry.co.ao\/#\/schema\/logo\/image\/"},"sameAs":["https:\/\/www.facebook.com\/ecoindustrylda\/","https:\/\/www.linkedin.com\/company\/ecoindustry\/"]}]}},"_links":{"self":[{"href":"https:\/\/www.ecoindustry.co.ao\/fr\/wp-json\/wp\/v2\/product\/7931","targetHints":{"allow":["GET"]}}],"collection":[{"href":"https:\/\/www.ecoindustry.co.ao\/fr\/wp-json\/wp\/v2\/product"}],"about":[{"href":"https:\/\/www.ecoindustry.co.ao\/fr\/wp-json\/wp\/v2\/types\/product"}],"replies":[{"embeddable":true,"href":"https:\/\/www.ecoindustry.co.ao\/fr\/wp-json\/wp\/v2\/comments?post=7931"}],"wp:featuredmedia":[{"embeddable":true,"href":"https:\/\/www.ecoindustry.co.ao\/fr\/wp-json\/wp\/v2\/media\/4117"}],"wp:attachment":[{"href":"https:\/\/www.ecoindustry.co.ao\/fr\/wp-json\/wp\/v2\/media?parent=7931"}],"wp:term":[{"taxonomy":"product_brand","embeddable":true,"href":"https:\/\/www.ecoindustry.co.ao\/fr\/wp-json\/wp\/v2\/product_brand?post=7931"},{"taxonomy":"product_cat","embeddable":true,"href":"https:\/\/www.ecoindustry.co.ao\/fr\/wp-json\/wp\/v2\/product_cat?post=7931"},{"taxonomy":"product_tag","embeddable":true,"href":"https:\/\/www.ecoindustry.co.ao\/fr\/wp-json\/wp\/v2\/product_tag?post=7931"}],"curies":[{"name":"wp","href":"https:\/\/api.w.org\/{rel}","templated":true}]}}