{"id":7928,"date":"2025-05-23T10:39:34","date_gmt":"2025-05-23T10:39:34","guid":{"rendered":"https:\/\/www.ecoindustry.co.ao\/?post_type=product&#038;p=7928"},"modified":"2025-09-09T11:12:06","modified_gmt":"2025-09-09T11:12:06","slug":"eco-cal-bo-31-desoxigenante-para-sistemas-agua-vapor","status":"publish","type":"product","link":"https:\/\/www.ecoindustry.co.ao\/fr\/produit\/eco-cal-bo-31-desoxigenante-para-sistemas-agua-vapor\/","title":{"rendered":"ECO.CAL BO 31 \u2013 D\u00e9soxyg\u00e9nateur pour syst\u00e8mes \u00e0 vapeur d&#039;eau"},"content":{"rendered":"<p class=\"p1\"><span class=\"s1\"><b>ECO.CAL BO 31<\/b><\/span> c&#039;est un <span style=\"color: #af2d2c\"><strong>d\u00e9soxyg\u00e9nateur industriel<\/strong><\/span> tr\u00e8s efficace, formul\u00e9 avec <span class=\"s1\"><b>sulfite de sodium et catalyseurs<\/b><\/span> Pour l&#039;\u00e9limination rapide de l&#039;oxyg\u00e8ne dissous dans les syst\u00e8mes de production de vapeur. Particuli\u00e8rement adapt\u00e9 aux chaudi\u00e8res o\u00f9 le contact alimentaire est autoris\u00e9, il r\u00e9pond aux crit\u00e8res de... <strong>FDA \u2013 Section 173.310<\/strong>.<\/p>\n<p class=\"p1\">Le dosage est ajust\u00e9 en fonction de la concentration en oxyg\u00e8ne de l&#039;eau d&#039;alimentation, n\u00e9cessitant en moyenne 16 ppm de produit pour chaque ppm d&#039;oxyg\u00e8ne \u00e0 \u00e9liminer. Il est \u00e9galement recommand\u00e9 de maintenir une concentration r\u00e9siduelle de sulfites, qui varie selon la pression de la chaudi\u00e8re.<\/p>\n<p class=\"p1\">LE <span class=\"s1\"><b>ECO.CAL BO 31<\/b><\/span> Il convient de l&#039;appliquer en continu, directement dans le r\u00e9servoir d&#039;eau d\u00e9gaz\u00e9e ou la conduite d&#039;alimentation. Pour la dilution, utiliser de l&#039;eau d\u00e9min\u00e9ralis\u00e9e ou condens\u00e9e. Les mat\u00e9riaux compatibles comprennent l&#039;acier inoxydable 316, le PVC, le PVDF, le t\u00e9flon et le poly\u00e9thyl\u00e8ne.<\/p>\n<p class=\"p1\">Enti\u00e8rement soluble dans l&#039;eau, ce produit se pr\u00e9sente sous forme de liquide transparent blanc rouge\u00e2tre, avec un pH compris entre 3,0 et 5,0 et une densit\u00e9 comprise entre 1,27 et 1,37 g\/cm\u00b3. Il doit \u00eatre conserv\u00e9 entre 0 \u00b0C et 40 \u00b0C, \u00e0 l&#039;abri de la lumi\u00e8re.<\/p>\n<h3><\/h3>\n<p><b>Caract\u00e9ristiques:<\/b><\/p>\n<p class=\"p1\">\u2022 Base de sulfite de sodium avec catalyseur incorpor\u00e9 ;<\/p>\n<p class=\"p1\">\u2022 \u00c9limine l&#039;oxyg\u00e8ne dissous des chaudi\u00e8res et des syst\u00e8mes de vapeur ;<\/p>\n<p class=\"p1\">\u2022 Approuv\u00e9 pour une utilisation au contact des aliments (FDA) ;<\/p>\n<p class=\"p1\">\u2022 Enti\u00e8rement soluble, pH acide et grande stabilit\u00e9 ;<\/p>\n<p class=\"p1\">\u2022 Compatible avec les mat\u00e9riaux industriels standards et facile \u00e0 appliquer.<\/p>","protected":false},"excerpt":{"rendered":"<p class=\"p1\"><span class=\"s1\"><b>ECO.CAL BO 31<\/b><\/span> c&#039;est un <span style=\"color: #af2d2c\"><strong>agent d\u00e9soxyg\u00e9nant liquide<\/strong><\/span> \u00c0 base de sulfite de sodium, d\u00e9velopp\u00e9 pour \u00e9liminer l&#039;oxyg\u00e8ne dissous dans les chaudi\u00e8res et les syst\u00e8mes de production de vapeur.<\/p>\n<p class=\"p1\">Formul\u00e9 avec un catalyseur pour acc\u00e9l\u00e9rer la r\u00e9action avec l&#039;oxyg\u00e8ne, il est compatible avec les applications dans l&#039;industrie alimentaire et r\u00e9pond aux exigences de la FDA pour la vapeur en contact avec les aliments.<\/p>","protected":false},"featured_media":4120,"comment_status":"open","ping_status":"closed","template":"","meta":[],"product_brand":[],"product_cat":[290],"product_tag":[357,355,306,360,359,356,150,358],"class_list":{"0":"post-7928","1":"product","2":"type-product","3":"status-publish","4":"has-post-thumbnail","6":"product_cat-caldeiras","7":"product_tag-caldeiras","8":"product_tag-desoxigenante","9":"product_tag-ecoindustry","10":"product_tag-fda","11":"product_tag-industria-alimentar","12":"product_tag-sulfito-de-sodio","13":"product_tag-tratamento-de-agua","14":"product_tag-vapor-industrial","16":"first","17":"instock","18":"shipping-taxable","19":"product-type-simple"},"yoast_head":"<!-- This site is optimized with the Yoast SEO plugin v27.3 - https:\/\/yoast.com\/product\/yoast-seo-wordpress\/ -->\n<title>ECO.CAL BO 31 - DESOXIGENANTE PARA SISTEMAS \u00c1GUA-VAPOR - Ecoindustry<\/title>\n<meta name=\"robots\" content=\"index, follow, max-snippet:-1, max-image-preview:large, max-video-preview:-1\" \/>\n<link rel=\"canonical\" href=\"https:\/\/www.ecoindustry.co.ao\/fr\/produit\/eco-cal-bo-31-desoxigenante-para-sistemas-agua-vapor\/\" \/>\n<meta property=\"og:locale\" content=\"fr_FR\" \/>\n<meta property=\"og:type\" content=\"article\" \/>\n<meta property=\"og:title\" content=\"ECO.CAL BO 31 - DESOXIGENANTE PARA SISTEMAS \u00c1GUA-VAPOR - Ecoindustry\" \/>\n<meta property=\"og:description\" content=\"ECO.CAL BO 31 \u00e9 um desoxigenante l\u00edquido \u00e0 base de sulfito de s\u00f3dio, desenvolvido para remover oxig\u00e9nio dissolvido em sistemas de caldeiras e produ\u00e7\u00e3o de vapor. Formulado com catalisador para acelerar a reac\u00e7\u00e3o com o oxig\u00e9nio, \u00e9 compat\u00edvel com aplica\u00e7\u00f5es na ind\u00fastria alimentar e cumpre os requisitos da FDA para vapor em contacto com alimentos.\" \/>\n<meta property=\"og:url\" content=\"https:\/\/www.ecoindustry.co.ao\/fr\/produit\/eco-cal-bo-31-desoxigenante-para-sistemas-agua-vapor\/\" \/>\n<meta property=\"og:site_name\" content=\"Ecoindustry\" \/>\n<meta property=\"article:publisher\" content=\"https:\/\/www.facebook.com\/ecoindustrylda\/\" \/>\n<meta property=\"article:modified_time\" content=\"2025-09-09T11:12:06+00:00\" \/>\n<meta property=\"og:image\" content=\"https:\/\/www.ecoindustry.co.ao\/wp-content\/uploads\/2020\/11\/ECO.CAL-BO-31.jpg\" \/>\n\t<meta property=\"og:image:width\" content=\"1200\" \/>\n\t<meta property=\"og:image:height\" content=\"800\" \/>\n\t<meta property=\"og:image:type\" content=\"image\/jpeg\" \/>\n<meta name=\"twitter:card\" content=\"summary_large_image\" \/>\n<meta name=\"twitter:label1\" content=\"Dur\u00e9e de lecture estim\u00e9e\" \/>\n\t<meta name=\"twitter:data1\" content=\"1 minute\" \/>\n<script type=\"application\/ld+json\" class=\"yoast-schema-graph\">{\"@context\":\"https:\\\/\\\/schema.org\",\"@graph\":[{\"@type\":\"WebPage\",\"@id\":\"https:\\\/\\\/www.ecoindustry.co.ao\\\/produto\\\/eco-cal-bo-31-desoxigenante-para-sistemas-agua-vapor\\\/\",\"url\":\"https:\\\/\\\/www.ecoindustry.co.ao\\\/produto\\\/eco-cal-bo-31-desoxigenante-para-sistemas-agua-vapor\\\/\",\"name\":\"ECO.CAL BO 31 - DESOXIGENANTE PARA SISTEMAS \u00c1GUA-VAPOR - Ecoindustry\",\"isPartOf\":{\"@id\":\"https:\\\/\\\/www.ecoindustry.co.ao\\\/#website\"},\"primaryImageOfPage\":{\"@id\":\"https:\\\/\\\/www.ecoindustry.co.ao\\\/produto\\\/eco-cal-bo-31-desoxigenante-para-sistemas-agua-vapor\\\/#primaryimage\"},\"image\":{\"@id\":\"https:\\\/\\\/www.ecoindustry.co.ao\\\/produto\\\/eco-cal-bo-31-desoxigenante-para-sistemas-agua-vapor\\\/#primaryimage\"},\"thumbnailUrl\":\"https:\\\/\\\/www.ecoindustry.co.ao\\\/wp-content\\\/uploads\\\/2020\\\/11\\\/ECO.CAL-BO-31.jpg\",\"datePublished\":\"2025-05-23T10:39:34+00:00\",\"dateModified\":\"2025-09-09T11:12:06+00:00\",\"breadcrumb\":{\"@id\":\"https:\\\/\\\/www.ecoindustry.co.ao\\\/produto\\\/eco-cal-bo-31-desoxigenante-para-sistemas-agua-vapor\\\/#breadcrumb\"},\"inLanguage\":\"fr-FR\",\"potentialAction\":[{\"@type\":\"ReadAction\",\"target\":[\"https:\\\/\\\/www.ecoindustry.co.ao\\\/produto\\\/eco-cal-bo-31-desoxigenante-para-sistemas-agua-vapor\\\/\"]}]},{\"@type\":\"ImageObject\",\"inLanguage\":\"fr-FR\",\"@id\":\"https:\\\/\\\/www.ecoindustry.co.ao\\\/produto\\\/eco-cal-bo-31-desoxigenante-para-sistemas-agua-vapor\\\/#primaryimage\",\"url\":\"https:\\\/\\\/www.ecoindustry.co.ao\\\/wp-content\\\/uploads\\\/2020\\\/11\\\/ECO.CAL-BO-31.jpg\",\"contentUrl\":\"https:\\\/\\\/www.ecoindustry.co.ao\\\/wp-content\\\/uploads\\\/2020\\\/11\\\/ECO.CAL-BO-31.jpg\",\"width\":1200,\"height\":800},{\"@type\":\"BreadcrumbList\",\"@id\":\"https:\\\/\\\/www.ecoindustry.co.ao\\\/produto\\\/eco-cal-bo-31-desoxigenante-para-sistemas-agua-vapor\\\/#breadcrumb\",\"itemListElement\":[{\"@type\":\"ListItem\",\"position\":1,\"name\":\"In\u00edcio\",\"item\":\"https:\\\/\\\/www.ecoindustry.co.ao\\\/\"},{\"@type\":\"ListItem\",\"position\":2,\"name\":\"Loja\",\"item\":\"https:\\\/\\\/www.ecoindustry.co.ao\\\/loja\\\/\"},{\"@type\":\"ListItem\",\"position\":3,\"name\":\"ECO.CAL BO 31 &#8211; DESOXIGENANTE PARA SISTEMAS \u00c1GUA-VAPOR\"}]},{\"@type\":\"WebSite\",\"@id\":\"https:\\\/\\\/www.ecoindustry.co.ao\\\/#website\",\"url\":\"https:\\\/\\\/www.ecoindustry.co.ao\\\/\",\"name\":\"Ecoindustry\",\"description\":\"Produzimos e comercializamos o melhor, de \u00c1frica para o Mundo.\",\"publisher\":{\"@id\":\"https:\\\/\\\/www.ecoindustry.co.ao\\\/#organization\"},\"potentialAction\":[{\"@type\":\"SearchAction\",\"target\":{\"@type\":\"EntryPoint\",\"urlTemplate\":\"https:\\\/\\\/www.ecoindustry.co.ao\\\/?s={search_term_string}\"},\"query-input\":{\"@type\":\"PropertyValueSpecification\",\"valueRequired\":true,\"valueName\":\"search_term_string\"}}],\"inLanguage\":\"fr-FR\"},{\"@type\":\"Organization\",\"@id\":\"https:\\\/\\\/www.ecoindustry.co.ao\\\/#organization\",\"name\":\"ECOINDUSTRY\",\"url\":\"https:\\\/\\\/www.ecoindustry.co.ao\\\/\",\"logo\":{\"@type\":\"ImageObject\",\"inLanguage\":\"fr-FR\",\"@id\":\"https:\\\/\\\/www.ecoindustry.co.ao\\\/#\\\/schema\\\/logo\\\/image\\\/\",\"url\":\"https:\\\/\\\/www.ecoindustry.co.ao\\\/wp-content\\\/uploads\\\/2017\\\/04\\\/Logo_Ecoindustry.png\",\"contentUrl\":\"https:\\\/\\\/www.ecoindustry.co.ao\\\/wp-content\\\/uploads\\\/2017\\\/04\\\/Logo_Ecoindustry.png\",\"width\":584,\"height\":111,\"caption\":\"ECOINDUSTRY\"},\"image\":{\"@id\":\"https:\\\/\\\/www.ecoindustry.co.ao\\\/#\\\/schema\\\/logo\\\/image\\\/\"},\"sameAs\":[\"https:\\\/\\\/www.facebook.com\\\/ecoindustrylda\\\/\",\"https:\\\/\\\/www.linkedin.com\\\/company\\\/ecoindustry\\\/\"]}]}<\/script>\n<!-- \/ Yoast SEO plugin. -->","yoast_head_json":{"title":"ECO.CAL BO 31 - DESOXIGENANTE PARA SISTEMAS \u00c1GUA-VAPOR - Ecoindustry","robots":{"index":"index","follow":"follow","max-snippet":"max-snippet:-1","max-image-preview":"max-image-preview:large","max-video-preview":"max-video-preview:-1"},"canonical":"https:\/\/www.ecoindustry.co.ao\/fr\/produit\/eco-cal-bo-31-desoxigenante-para-sistemas-agua-vapor\/","og_locale":"fr_FR","og_type":"article","og_title":"ECO.CAL BO 31 - DESOXIGENANTE PARA SISTEMAS \u00c1GUA-VAPOR - Ecoindustry","og_description":"ECO.CAL BO 31 \u00e9 um desoxigenante l\u00edquido \u00e0 base de sulfito de s\u00f3dio, desenvolvido para remover oxig\u00e9nio dissolvido em sistemas de caldeiras e produ\u00e7\u00e3o de vapor. Formulado com catalisador para acelerar a reac\u00e7\u00e3o com o oxig\u00e9nio, \u00e9 compat\u00edvel com aplica\u00e7\u00f5es na ind\u00fastria alimentar e cumpre os requisitos da FDA para vapor em contacto com alimentos.","og_url":"https:\/\/www.ecoindustry.co.ao\/fr\/produit\/eco-cal-bo-31-desoxigenante-para-sistemas-agua-vapor\/","og_site_name":"Ecoindustry","article_publisher":"https:\/\/www.facebook.com\/ecoindustrylda\/","article_modified_time":"2025-09-09T11:12:06+00:00","og_image":[{"width":1200,"height":800,"url":"https:\/\/www.ecoindustry.co.ao\/wp-content\/uploads\/2020\/11\/ECO.CAL-BO-31.jpg","type":"image\/jpeg"}],"twitter_card":"summary_large_image","twitter_misc":{"Dur\u00e9e de lecture estim\u00e9e":"1 minute"},"schema":{"@context":"https:\/\/schema.org","@graph":[{"@type":"WebPage","@id":"https:\/\/www.ecoindustry.co.ao\/produto\/eco-cal-bo-31-desoxigenante-para-sistemas-agua-vapor\/","url":"https:\/\/www.ecoindustry.co.ao\/produto\/eco-cal-bo-31-desoxigenante-para-sistemas-agua-vapor\/","name":"ECO.CAL BO 31 - DESOXIGENANTE PARA SISTEMAS \u00c1GUA-VAPOR - Ecoindustry","isPartOf":{"@id":"https:\/\/www.ecoindustry.co.ao\/#website"},"primaryImageOfPage":{"@id":"https:\/\/www.ecoindustry.co.ao\/produto\/eco-cal-bo-31-desoxigenante-para-sistemas-agua-vapor\/#primaryimage"},"image":{"@id":"https:\/\/www.ecoindustry.co.ao\/produto\/eco-cal-bo-31-desoxigenante-para-sistemas-agua-vapor\/#primaryimage"},"thumbnailUrl":"https:\/\/www.ecoindustry.co.ao\/wp-content\/uploads\/2020\/11\/ECO.CAL-BO-31.jpg","datePublished":"2025-05-23T10:39:34+00:00","dateModified":"2025-09-09T11:12:06+00:00","breadcrumb":{"@id":"https:\/\/www.ecoindustry.co.ao\/produto\/eco-cal-bo-31-desoxigenante-para-sistemas-agua-vapor\/#breadcrumb"},"inLanguage":"fr-FR","potentialAction":[{"@type":"ReadAction","target":["https:\/\/www.ecoindustry.co.ao\/produto\/eco-cal-bo-31-desoxigenante-para-sistemas-agua-vapor\/"]}]},{"@type":"ImageObject","inLanguage":"fr-FR","@id":"https:\/\/www.ecoindustry.co.ao\/produto\/eco-cal-bo-31-desoxigenante-para-sistemas-agua-vapor\/#primaryimage","url":"https:\/\/www.ecoindustry.co.ao\/wp-content\/uploads\/2020\/11\/ECO.CAL-BO-31.jpg","contentUrl":"https:\/\/www.ecoindustry.co.ao\/wp-content\/uploads\/2020\/11\/ECO.CAL-BO-31.jpg","width":1200,"height":800},{"@type":"BreadcrumbList","@id":"https:\/\/www.ecoindustry.co.ao\/produto\/eco-cal-bo-31-desoxigenante-para-sistemas-agua-vapor\/#breadcrumb","itemListElement":[{"@type":"ListItem","position":1,"name":"In\u00edcio","item":"https:\/\/www.ecoindustry.co.ao\/"},{"@type":"ListItem","position":2,"name":"Loja","item":"https:\/\/www.ecoindustry.co.ao\/loja\/"},{"@type":"ListItem","position":3,"name":"ECO.CAL BO 31 &#8211; DESOXIGENANTE PARA SISTEMAS \u00c1GUA-VAPOR"}]},{"@type":"WebSite","@id":"https:\/\/www.ecoindustry.co.ao\/#website","url":"https:\/\/www.ecoindustry.co.ao\/","name":"\u00c9coindustrie","description":"Produzimos e comercializamos o melhor, de \u00c1frica para o Mundo.","publisher":{"@id":"https:\/\/www.ecoindustry.co.ao\/#organization"},"potentialAction":[{"@type":"SearchAction","target":{"@type":"EntryPoint","urlTemplate":"https:\/\/www.ecoindustry.co.ao\/?s={search_term_string}"},"query-input":{"@type":"PropertyValueSpecification","valueRequired":true,"valueName":"search_term_string"}}],"inLanguage":"fr-FR"},{"@type":"Organization","@id":"https:\/\/www.ecoindustry.co.ao\/#organization","name":"\u00c9COINDUSTRIE","url":"https:\/\/www.ecoindustry.co.ao\/","logo":{"@type":"ImageObject","inLanguage":"fr-FR","@id":"https:\/\/www.ecoindustry.co.ao\/#\/schema\/logo\/image\/","url":"https:\/\/www.ecoindustry.co.ao\/wp-content\/uploads\/2017\/04\/Logo_Ecoindustry.png","contentUrl":"https:\/\/www.ecoindustry.co.ao\/wp-content\/uploads\/2017\/04\/Logo_Ecoindustry.png","width":584,"height":111,"caption":"ECOINDUSTRY"},"image":{"@id":"https:\/\/www.ecoindustry.co.ao\/#\/schema\/logo\/image\/"},"sameAs":["https:\/\/www.facebook.com\/ecoindustrylda\/","https:\/\/www.linkedin.com\/company\/ecoindustry\/"]}]}},"_links":{"self":[{"href":"https:\/\/www.ecoindustry.co.ao\/fr\/wp-json\/wp\/v2\/product\/7928","targetHints":{"allow":["GET"]}}],"collection":[{"href":"https:\/\/www.ecoindustry.co.ao\/fr\/wp-json\/wp\/v2\/product"}],"about":[{"href":"https:\/\/www.ecoindustry.co.ao\/fr\/wp-json\/wp\/v2\/types\/product"}],"replies":[{"embeddable":true,"href":"https:\/\/www.ecoindustry.co.ao\/fr\/wp-json\/wp\/v2\/comments?post=7928"}],"wp:featuredmedia":[{"embeddable":true,"href":"https:\/\/www.ecoindustry.co.ao\/fr\/wp-json\/wp\/v2\/media\/4120"}],"wp:attachment":[{"href":"https:\/\/www.ecoindustry.co.ao\/fr\/wp-json\/wp\/v2\/media?parent=7928"}],"wp:term":[{"taxonomy":"product_brand","embeddable":true,"href":"https:\/\/www.ecoindustry.co.ao\/fr\/wp-json\/wp\/v2\/product_brand?post=7928"},{"taxonomy":"product_cat","embeddable":true,"href":"https:\/\/www.ecoindustry.co.ao\/fr\/wp-json\/wp\/v2\/product_cat?post=7928"},{"taxonomy":"product_tag","embeddable":true,"href":"https:\/\/www.ecoindustry.co.ao\/fr\/wp-json\/wp\/v2\/product_tag?post=7928"}],"curies":[{"name":"wp","href":"https:\/\/api.w.org\/{rel}","templated":true}]}}