{"id":7690,"date":"2025-04-28T09:38:14","date_gmt":"2025-04-28T09:38:14","guid":{"rendered":"https:\/\/www.ecoindustry.co.ao\/?post_type=product&#038;p=7690"},"modified":"2025-09-09T14:05:17","modified_gmt":"2025-09-09T14:05:17","slug":"anti-incrustante-para-dessalinizacao-eco-oi-wt-705","status":"publish","type":"product","link":"https:\/\/www.ecoindustry.co.ao\/fr\/produit\/anti-incrustante-para-dessalinizacao-eco-oi-wt-705\/","title":{"rendered":"Agent antitartre pour le dessalement \u2013 ECO.OI WT 705"},"content":{"rendered":"<p class=\"p1\"><span class=\"s1\"><b>ECO.OI WT 705<\/b><\/span> c&#039;est un <span style=\"color: #af2d2c\"><strong>produit anti-salissure<\/strong><\/span> Formul\u00e9 \u00e0 base de d\u00e9riv\u00e9s organophosphor\u00e9s en solution aqueuse, r\u00e9sistant au chlore et \u00e0 l&#039;hydrolyse. Particuli\u00e8rement indiqu\u00e9 pour les syst\u00e8mes d&#039;osmose inverse (OI), de nanofiltration (NF) et d&#039;\u00e9lectrodialyse inverse (EDR), il pr\u00e9vient efficacement l&#039;entartrage d\u00fb aux sels peu solubles tels que le carbonate de calcium, les sulfates et les fluorures.<\/p>\n<p class=\"p1\">LE <span class=\"s1\"><b>ECO.OI WT 705<\/b><\/span> Il permet un fonctionnement \u00e0 des taux de conversion plus \u00e9lev\u00e9s et r\u00e9duit la fr\u00e9quence de nettoyage, rempla\u00e7ant souvent l&#039;ajout d&#039;acide. Il est \u00e9galement efficace comme s\u00e9questrant de fer et de mangan\u00e8se, pr\u00e9venant ainsi l&#039;encrassement biologique et \u00e9tant compatible avec tous les types de membranes.<\/p>\n<p class=\"p1\">Le dosage habituel se situe entre 0,5 et 5 ppm et doit \u00eatre ajust\u00e9 en fonction de la qualit\u00e9 de l&#039;eau et des conditions d&#039;utilisation. Ce produit est stable sur une large plage de temp\u00e9ratures et tol\u00e8re des concentrations \u00e9lev\u00e9es de silice dans le concentr\u00e9.<\/p>\n<h3><\/h3>\n<p><b>Caract\u00e9ristiques:<\/b><\/p>\n<p class=\"p1\">\u2022 Agent anti-encrassement tr\u00e8s efficace pour RO, NF et EDR ;<\/p>\n<p class=\"p1\">\u2022 Emp\u00eache l\u2019accumulation de tartre de carbonate de calcium, de sulfate de baryum, de strontium et de fluorure de calcium\u00a0;<\/p>\n<p class=\"p1\">\u2022 R\u00e9sistant \u00e0 l\u2019hydrolyse et stable en pr\u00e9sence de chlore ;<\/p>\n<p class=\"p1\">\u2022 Enti\u00e8rement soluble dans l\u2019eau, pH 10\u201311 ;<\/p>\n<p class=\"p1\">\u2022 Contribue \u00e0 r\u00e9duire la fr\u00e9quence de nettoyage des membranes\u00a0;<\/p>\n<p class=\"p1\">\u2022 Compatible avec tous les types de membranes commerciales.<\/p>","protected":false},"excerpt":{"rendered":"<p class=\"p1\"><span class=\"s1\"><b>ECO.OI WT 705<\/b><\/span> c&#039;est un <span style=\"color: #af2d2c\"><strong>agent antitartre tr\u00e8s efficace<\/strong><\/span>, d\u00e9velopp\u00e9 pour prot\u00e9ger les membranes d&#039;osmose inverse, de nanofiltration et d&#039;\u00e9lectrodialyse contre la formation de d\u00e9p\u00f4ts min\u00e9raux.<\/p>\n<p class=\"p1\">\u00c0 base de d\u00e9riv\u00e9s organophosphor\u00e9s, <span class=\"s1\"><b>ECO.OI WT 705<\/b><\/span> offres <span style=\"color: #af2d2c\"><strong>excellente performance<\/strong><\/span> Il contribue \u00e0 pr\u00e9venir l&#039;entartrage et prolonge la dur\u00e9e de vie des syst\u00e8mes de dessalement.<\/p>","protected":false},"featured_media":4126,"comment_status":"closed","ping_status":"closed","template":"","meta":[],"product_brand":[],"product_cat":[289],"product_tag":[316,346,306,348,345,344,347,307],"class_list":{"0":"post-7690","1":"product","2":"type-product","3":"status-publish","4":"has-post-thumbnail","6":"product_cat-osmoses-inversas","7":"product_tag-anti-incrustante","8":"product_tag-dessalinizacao","9":"product_tag-ecoindustry","10":"product_tag-eletrodialise","11":"product_tag-nanofiltracao","12":"product_tag-osmose-inversa","13":"product_tag-protecao-de-membranas","14":"product_tag-sistemas-de-agua","16":"first","17":"instock","18":"featured","19":"shipping-taxable","20":"product-type-simple"},"yoast_head":"<!-- This site is optimized with the Yoast SEO plugin v27.3 - https:\/\/yoast.com\/product\/yoast-seo-wordpress\/ -->\n<title>ANTI-INCRUSTANTE PARA DESSALINIZA\u00c7AO - ECO.OI WT 705 - Ecoindustry<\/title>\n<meta name=\"robots\" content=\"index, follow, max-snippet:-1, max-image-preview:large, max-video-preview:-1\" \/>\n<link rel=\"canonical\" href=\"https:\/\/www.ecoindustry.co.ao\/fr\/produit\/anti-incrustante-para-dessalinizacao-eco-oi-wt-705\/\" \/>\n<meta property=\"og:locale\" content=\"fr_FR\" \/>\n<meta property=\"og:type\" content=\"article\" \/>\n<meta property=\"og:title\" content=\"ANTI-INCRUSTANTE PARA DESSALINIZA\u00c7AO - ECO.OI WT 705 - Ecoindustry\" \/>\n<meta property=\"og:description\" content=\"ECO.OI WT 705 \u00e9 um anti-incrustante de alta efic\u00e1cia, desenvolvido para proteger membranas de osmose inversa, nanofiltra\u00e7\u00e3o e eletrodi\u00e1lise contra a forma\u00e7\u00e3o de dep\u00f3sitos minerais. Com base em derivados organofosf\u00f3ricos, o ECO.OI WT 705 oferece excelente desempenho na preven\u00e7\u00e3o de incrusta\u00e7\u00f5es e prolonga a vida \u00fatil dos sistemas de dessaliniza\u00e7\u00e3o.\" \/>\n<meta property=\"og:url\" content=\"https:\/\/www.ecoindustry.co.ao\/fr\/produit\/anti-incrustante-para-dessalinizacao-eco-oi-wt-705\/\" \/>\n<meta property=\"og:site_name\" content=\"Ecoindustry\" \/>\n<meta property=\"article:publisher\" content=\"https:\/\/www.facebook.com\/ecoindustrylda\/\" \/>\n<meta property=\"article:modified_time\" content=\"2025-09-09T14:05:17+00:00\" \/>\n<meta property=\"og:image\" content=\"https:\/\/www.ecoindustry.co.ao\/wp-content\/uploads\/2020\/11\/ECO.OI-WT-705.jpg\" \/>\n\t<meta property=\"og:image:width\" content=\"1200\" \/>\n\t<meta property=\"og:image:height\" content=\"800\" \/>\n\t<meta property=\"og:image:type\" content=\"image\/jpeg\" \/>\n<meta name=\"twitter:card\" content=\"summary_large_image\" \/>\n<meta name=\"twitter:label1\" content=\"Dur\u00e9e de lecture estim\u00e9e\" \/>\n\t<meta name=\"twitter:data1\" content=\"1 minute\" \/>\n<script type=\"application\/ld+json\" class=\"yoast-schema-graph\">{\"@context\":\"https:\\\/\\\/schema.org\",\"@graph\":[{\"@type\":\"WebPage\",\"@id\":\"https:\\\/\\\/www.ecoindustry.co.ao\\\/produto\\\/anti-incrustante-para-dessalinizacao-eco-oi-wt-705\\\/\",\"url\":\"https:\\\/\\\/www.ecoindustry.co.ao\\\/produto\\\/anti-incrustante-para-dessalinizacao-eco-oi-wt-705\\\/\",\"name\":\"ANTI-INCRUSTANTE PARA DESSALINIZA\u00c7AO - ECO.OI WT 705 - Ecoindustry\",\"isPartOf\":{\"@id\":\"https:\\\/\\\/www.ecoindustry.co.ao\\\/#website\"},\"primaryImageOfPage\":{\"@id\":\"https:\\\/\\\/www.ecoindustry.co.ao\\\/produto\\\/anti-incrustante-para-dessalinizacao-eco-oi-wt-705\\\/#primaryimage\"},\"image\":{\"@id\":\"https:\\\/\\\/www.ecoindustry.co.ao\\\/produto\\\/anti-incrustante-para-dessalinizacao-eco-oi-wt-705\\\/#primaryimage\"},\"thumbnailUrl\":\"https:\\\/\\\/www.ecoindustry.co.ao\\\/wp-content\\\/uploads\\\/2020\\\/11\\\/ECO.OI-WT-705.jpg\",\"datePublished\":\"2025-04-28T09:38:14+00:00\",\"dateModified\":\"2025-09-09T14:05:17+00:00\",\"breadcrumb\":{\"@id\":\"https:\\\/\\\/www.ecoindustry.co.ao\\\/produto\\\/anti-incrustante-para-dessalinizacao-eco-oi-wt-705\\\/#breadcrumb\"},\"inLanguage\":\"fr-FR\",\"potentialAction\":[{\"@type\":\"ReadAction\",\"target\":[\"https:\\\/\\\/www.ecoindustry.co.ao\\\/produto\\\/anti-incrustante-para-dessalinizacao-eco-oi-wt-705\\\/\"]}]},{\"@type\":\"ImageObject\",\"inLanguage\":\"fr-FR\",\"@id\":\"https:\\\/\\\/www.ecoindustry.co.ao\\\/produto\\\/anti-incrustante-para-dessalinizacao-eco-oi-wt-705\\\/#primaryimage\",\"url\":\"https:\\\/\\\/www.ecoindustry.co.ao\\\/wp-content\\\/uploads\\\/2020\\\/11\\\/ECO.OI-WT-705.jpg\",\"contentUrl\":\"https:\\\/\\\/www.ecoindustry.co.ao\\\/wp-content\\\/uploads\\\/2020\\\/11\\\/ECO.OI-WT-705.jpg\",\"width\":1200,\"height\":800},{\"@type\":\"BreadcrumbList\",\"@id\":\"https:\\\/\\\/www.ecoindustry.co.ao\\\/produto\\\/anti-incrustante-para-dessalinizacao-eco-oi-wt-705\\\/#breadcrumb\",\"itemListElement\":[{\"@type\":\"ListItem\",\"position\":1,\"name\":\"In\u00edcio\",\"item\":\"https:\\\/\\\/www.ecoindustry.co.ao\\\/\"},{\"@type\":\"ListItem\",\"position\":2,\"name\":\"Loja\",\"item\":\"https:\\\/\\\/www.ecoindustry.co.ao\\\/loja\\\/\"},{\"@type\":\"ListItem\",\"position\":3,\"name\":\"ANTI-INCRUSTANTE PARA DESSALINIZA\u00c7AO &#8211; ECO.OI WT 705\"}]},{\"@type\":\"WebSite\",\"@id\":\"https:\\\/\\\/www.ecoindustry.co.ao\\\/#website\",\"url\":\"https:\\\/\\\/www.ecoindustry.co.ao\\\/\",\"name\":\"Ecoindustry\",\"description\":\"Produzimos e comercializamos o melhor, de \u00c1frica para o Mundo.\",\"publisher\":{\"@id\":\"https:\\\/\\\/www.ecoindustry.co.ao\\\/#organization\"},\"potentialAction\":[{\"@type\":\"SearchAction\",\"target\":{\"@type\":\"EntryPoint\",\"urlTemplate\":\"https:\\\/\\\/www.ecoindustry.co.ao\\\/?s={search_term_string}\"},\"query-input\":{\"@type\":\"PropertyValueSpecification\",\"valueRequired\":true,\"valueName\":\"search_term_string\"}}],\"inLanguage\":\"fr-FR\"},{\"@type\":\"Organization\",\"@id\":\"https:\\\/\\\/www.ecoindustry.co.ao\\\/#organization\",\"name\":\"ECOINDUSTRY\",\"url\":\"https:\\\/\\\/www.ecoindustry.co.ao\\\/\",\"logo\":{\"@type\":\"ImageObject\",\"inLanguage\":\"fr-FR\",\"@id\":\"https:\\\/\\\/www.ecoindustry.co.ao\\\/#\\\/schema\\\/logo\\\/image\\\/\",\"url\":\"https:\\\/\\\/www.ecoindustry.co.ao\\\/wp-content\\\/uploads\\\/2017\\\/04\\\/Logo_Ecoindustry.png\",\"contentUrl\":\"https:\\\/\\\/www.ecoindustry.co.ao\\\/wp-content\\\/uploads\\\/2017\\\/04\\\/Logo_Ecoindustry.png\",\"width\":584,\"height\":111,\"caption\":\"ECOINDUSTRY\"},\"image\":{\"@id\":\"https:\\\/\\\/www.ecoindustry.co.ao\\\/#\\\/schema\\\/logo\\\/image\\\/\"},\"sameAs\":[\"https:\\\/\\\/www.facebook.com\\\/ecoindustrylda\\\/\",\"https:\\\/\\\/www.linkedin.com\\\/company\\\/ecoindustry\\\/\"]}]}<\/script>\n<!-- \/ Yoast SEO plugin. -->","yoast_head_json":{"title":"ANTI-INCRUSTANTE PARA DESSALINIZA\u00c7AO - ECO.OI WT 705 - Ecoindustry","robots":{"index":"index","follow":"follow","max-snippet":"max-snippet:-1","max-image-preview":"max-image-preview:large","max-video-preview":"max-video-preview:-1"},"canonical":"https:\/\/www.ecoindustry.co.ao\/fr\/produit\/anti-incrustante-para-dessalinizacao-eco-oi-wt-705\/","og_locale":"fr_FR","og_type":"article","og_title":"ANTI-INCRUSTANTE PARA DESSALINIZA\u00c7AO - ECO.OI WT 705 - Ecoindustry","og_description":"ECO.OI WT 705 \u00e9 um anti-incrustante de alta efic\u00e1cia, desenvolvido para proteger membranas de osmose inversa, nanofiltra\u00e7\u00e3o e eletrodi\u00e1lise contra a forma\u00e7\u00e3o de dep\u00f3sitos minerais. Com base em derivados organofosf\u00f3ricos, o ECO.OI WT 705 oferece excelente desempenho na preven\u00e7\u00e3o de incrusta\u00e7\u00f5es e prolonga a vida \u00fatil dos sistemas de dessaliniza\u00e7\u00e3o.","og_url":"https:\/\/www.ecoindustry.co.ao\/fr\/produit\/anti-incrustante-para-dessalinizacao-eco-oi-wt-705\/","og_site_name":"Ecoindustry","article_publisher":"https:\/\/www.facebook.com\/ecoindustrylda\/","article_modified_time":"2025-09-09T14:05:17+00:00","og_image":[{"width":1200,"height":800,"url":"https:\/\/www.ecoindustry.co.ao\/wp-content\/uploads\/2020\/11\/ECO.OI-WT-705.jpg","type":"image\/jpeg"}],"twitter_card":"summary_large_image","twitter_misc":{"Dur\u00e9e de lecture estim\u00e9e":"1 minute"},"schema":{"@context":"https:\/\/schema.org","@graph":[{"@type":"WebPage","@id":"https:\/\/www.ecoindustry.co.ao\/produto\/anti-incrustante-para-dessalinizacao-eco-oi-wt-705\/","url":"https:\/\/www.ecoindustry.co.ao\/produto\/anti-incrustante-para-dessalinizacao-eco-oi-wt-705\/","name":"ANTI-INCRUSTANTE PARA DESSALINIZA\u00c7AO - ECO.OI WT 705 - Ecoindustry","isPartOf":{"@id":"https:\/\/www.ecoindustry.co.ao\/#website"},"primaryImageOfPage":{"@id":"https:\/\/www.ecoindustry.co.ao\/produto\/anti-incrustante-para-dessalinizacao-eco-oi-wt-705\/#primaryimage"},"image":{"@id":"https:\/\/www.ecoindustry.co.ao\/produto\/anti-incrustante-para-dessalinizacao-eco-oi-wt-705\/#primaryimage"},"thumbnailUrl":"https:\/\/www.ecoindustry.co.ao\/wp-content\/uploads\/2020\/11\/ECO.OI-WT-705.jpg","datePublished":"2025-04-28T09:38:14+00:00","dateModified":"2025-09-09T14:05:17+00:00","breadcrumb":{"@id":"https:\/\/www.ecoindustry.co.ao\/produto\/anti-incrustante-para-dessalinizacao-eco-oi-wt-705\/#breadcrumb"},"inLanguage":"fr-FR","potentialAction":[{"@type":"ReadAction","target":["https:\/\/www.ecoindustry.co.ao\/produto\/anti-incrustante-para-dessalinizacao-eco-oi-wt-705\/"]}]},{"@type":"ImageObject","inLanguage":"fr-FR","@id":"https:\/\/www.ecoindustry.co.ao\/produto\/anti-incrustante-para-dessalinizacao-eco-oi-wt-705\/#primaryimage","url":"https:\/\/www.ecoindustry.co.ao\/wp-content\/uploads\/2020\/11\/ECO.OI-WT-705.jpg","contentUrl":"https:\/\/www.ecoindustry.co.ao\/wp-content\/uploads\/2020\/11\/ECO.OI-WT-705.jpg","width":1200,"height":800},{"@type":"BreadcrumbList","@id":"https:\/\/www.ecoindustry.co.ao\/produto\/anti-incrustante-para-dessalinizacao-eco-oi-wt-705\/#breadcrumb","itemListElement":[{"@type":"ListItem","position":1,"name":"In\u00edcio","item":"https:\/\/www.ecoindustry.co.ao\/"},{"@type":"ListItem","position":2,"name":"Loja","item":"https:\/\/www.ecoindustry.co.ao\/loja\/"},{"@type":"ListItem","position":3,"name":"ANTI-INCRUSTANTE PARA DESSALINIZA\u00c7AO &#8211; ECO.OI WT 705"}]},{"@type":"WebSite","@id":"https:\/\/www.ecoindustry.co.ao\/#website","url":"https:\/\/www.ecoindustry.co.ao\/","name":"\u00c9coindustrie","description":"Produzimos e comercializamos o melhor, de \u00c1frica para o Mundo.","publisher":{"@id":"https:\/\/www.ecoindustry.co.ao\/#organization"},"potentialAction":[{"@type":"SearchAction","target":{"@type":"EntryPoint","urlTemplate":"https:\/\/www.ecoindustry.co.ao\/?s={search_term_string}"},"query-input":{"@type":"PropertyValueSpecification","valueRequired":true,"valueName":"search_term_string"}}],"inLanguage":"fr-FR"},{"@type":"Organization","@id":"https:\/\/www.ecoindustry.co.ao\/#organization","name":"\u00c9COINDUSTRIE","url":"https:\/\/www.ecoindustry.co.ao\/","logo":{"@type":"ImageObject","inLanguage":"fr-FR","@id":"https:\/\/www.ecoindustry.co.ao\/#\/schema\/logo\/image\/","url":"https:\/\/www.ecoindustry.co.ao\/wp-content\/uploads\/2017\/04\/Logo_Ecoindustry.png","contentUrl":"https:\/\/www.ecoindustry.co.ao\/wp-content\/uploads\/2017\/04\/Logo_Ecoindustry.png","width":584,"height":111,"caption":"ECOINDUSTRY"},"image":{"@id":"https:\/\/www.ecoindustry.co.ao\/#\/schema\/logo\/image\/"},"sameAs":["https:\/\/www.facebook.com\/ecoindustrylda\/","https:\/\/www.linkedin.com\/company\/ecoindustry\/"]}]}},"_links":{"self":[{"href":"https:\/\/www.ecoindustry.co.ao\/fr\/wp-json\/wp\/v2\/product\/7690","targetHints":{"allow":["GET"]}}],"collection":[{"href":"https:\/\/www.ecoindustry.co.ao\/fr\/wp-json\/wp\/v2\/product"}],"about":[{"href":"https:\/\/www.ecoindustry.co.ao\/fr\/wp-json\/wp\/v2\/types\/product"}],"replies":[{"embeddable":true,"href":"https:\/\/www.ecoindustry.co.ao\/fr\/wp-json\/wp\/v2\/comments?post=7690"}],"wp:featuredmedia":[{"embeddable":true,"href":"https:\/\/www.ecoindustry.co.ao\/fr\/wp-json\/wp\/v2\/media\/4126"}],"wp:attachment":[{"href":"https:\/\/www.ecoindustry.co.ao\/fr\/wp-json\/wp\/v2\/media?parent=7690"}],"wp:term":[{"taxonomy":"product_brand","embeddable":true,"href":"https:\/\/www.ecoindustry.co.ao\/fr\/wp-json\/wp\/v2\/product_brand?post=7690"},{"taxonomy":"product_cat","embeddable":true,"href":"https:\/\/www.ecoindustry.co.ao\/fr\/wp-json\/wp\/v2\/product_cat?post=7690"},{"taxonomy":"product_tag","embeddable":true,"href":"https:\/\/www.ecoindustry.co.ao\/fr\/wp-json\/wp\/v2\/product_tag?post=7690"}],"curies":[{"name":"wp","href":"https:\/\/api.w.org\/{rel}","templated":true}]}}