{"id":7686,"date":"2025-04-28T09:28:34","date_gmt":"2025-04-28T09:28:34","guid":{"rendered":"https:\/\/www.ecoindustry.co.ao\/?post_type=product&#038;p=7686"},"modified":"2025-09-09T14:07:17","modified_gmt":"2025-09-09T14:07:17","slug":"inibidor-de-corrosao-eco-a-107","status":"publish","type":"product","link":"https:\/\/www.ecoindustry.co.ao\/fr\/produit\/inibidor-de-corrosao-eco-a-107\/","title":{"rendered":"ECO. A 107 \u2013 Inhibiteur de corrosion"},"content":{"rendered":"<p class=\"p1\"><span class=\"s1\"><b>ECO. A 107<\/b><\/span> c&#039;est un <span style=\"color: #af2d2c\"><strong>inhibiteur de corrosion<\/strong><\/span> Sp\u00e9cialement formul\u00e9 pour la protection des r\u00e9seaux d&#039;eau potable, ce produit \u00e0 base de polyphosphate de sodium est conforme aux normes. <span class=\"s1\"><b>UNE-EN 1212<\/b><\/span>, garantissant la s\u00e9curit\u00e9 du traitement de l&#039;eau destin\u00e9e \u00e0 la consommation humaine.<\/p>\n<p class=\"p1\">LE <span class=\"s1\"><b>ECO. A 107<\/b><\/span> Ce produit agit en pr\u00e9venant la formation de tartre et l&#039;apparition d&#039;eau rouge, ph\u00e9nom\u00e8nes fr\u00e9quents dans les r\u00e9seaux de distribution anciens ou fragiles. Il doit \u00eatre appliqu\u00e9 apr\u00e8s dilution, \u00e0 l&#039;aide de pompes doseuses, afin d&#039;assurer une distribution homog\u00e8ne dans les syst\u00e8mes \u00e0 prot\u00e9ger.<\/p>\n<p class=\"p1\">La dose maximale recommand\u00e9e est de 7,4 mg\/L, exprim\u00e9e en P\u2082O\u2085. Pour initier le traitement, il est recommand\u00e9 de maintenir cette dose pendant quelques jours apr\u00e8s le nettoyage du syst\u00e8me, afin de favoriser la formation rapide d&#039;une couche protectrice.<\/p>\n<h3><\/h3>\n<p><b>Caract\u00e9ristiques:<\/b><\/p>\n<p class=\"p1\">\u2022 Inhibiteur de corrosion \u00e0 base de polyphosphate de sodium ;<\/p>\n<p class=\"p1\">\u2022 Conforme \u00e0 la norme UNE-EN 1212 relative \u00e0 l\u2019eau potable ;<\/p>\n<p class=\"p1\">\u2022 Pr\u00e9vient l&#039;accumulation de tartre et d&#039;eau rouge dans les canalisations ;<\/p>\n<p class=\"p1\">\u2022 Soluble dans l\u2019eau, pH 6,0\u20137,0 \u00e0 1% ;<\/p>\n<p class=\"p1\">\u2022 Application facile gr\u00e2ce \u00e0 la pompe doseuse.<\/p>","protected":false},"excerpt":{"rendered":"<p class=\"p1\"><span class=\"s1\"><b>ECO. A 107<\/b><\/span> c&#039;est un <span style=\"color: #af2d2c\"><strong>inhibiteur de corrosion<\/strong><\/span> \u00c0 base de polyphosphate, d\u00e9velopp\u00e9 pour prot\u00e9ger les syst\u00e8mes d&#039;eau potable contre la formation de tartre et d&#039;eau rouge.<\/p>\n<p class=\"p1\">Conform\u00e9ment \u00e0 la norme UNE-EN 1212, <span class=\"s1\"><b>ECO. A 107<\/b><\/span> garanties <span style=\"color: #af2d2c\"><strong>protection fiable<\/strong><\/span> des canalisations, prolongeant ainsi la dur\u00e9e de vie des r\u00e9seaux de distribution et de la consommation humaine.<\/p>","protected":false},"featured_media":4100,"comment_status":"closed","ping_status":"closed","template":"","meta":[],"product_brand":[],"product_cat":[288],"product_tag":[326,306,309,333,331,332,150],"class_list":{"0":"post-7686","1":"product","2":"type-product","3":"status-publish","4":"has-post-thumbnail","6":"product_cat-agua","7":"product_tag-agua-potavel","8":"product_tag-ecoindustry","9":"product_tag-inibidor-de-corrosao","10":"product_tag-normas-une-en-1212","11":"product_tag-polifosfato","12":"product_tag-protecao-de-tubulacoes","13":"product_tag-tratamento-de-agua","15":"first","16":"instock","17":"shipping-taxable","18":"product-type-simple"},"yoast_head":"<!-- This site is optimized with the Yoast SEO plugin v27.3 - https:\/\/yoast.com\/product\/yoast-seo-wordpress\/ -->\n<title>ECO. A 107 - INIBIDOR DE CORROS\u00c3O - Ecoindustry<\/title>\n<meta name=\"robots\" content=\"index, follow, max-snippet:-1, max-image-preview:large, max-video-preview:-1\" \/>\n<link rel=\"canonical\" href=\"https:\/\/www.ecoindustry.co.ao\/fr\/produit\/inibidor-de-corrosao-eco-a-107\/\" \/>\n<meta property=\"og:locale\" content=\"fr_FR\" \/>\n<meta property=\"og:type\" content=\"article\" \/>\n<meta property=\"og:title\" content=\"ECO. A 107 - INIBIDOR DE CORROS\u00c3O - Ecoindustry\" \/>\n<meta property=\"og:description\" content=\"ECO. A 107 \u00e9 um inibidor de corros\u00e3o \u00e0 base de polifosfato, desenvolvido para proteger sistemas de \u00e1gua pot\u00e1vel contra a forma\u00e7\u00e3o de incrusta\u00e7\u00f5es e \u00e1guas vermelhas. Atendendo \u00e0 norma UNE-EN 1212, o ECO. A 107 garante prote\u00e7\u00e3o fi\u00e1vel de tubula\u00e7\u00f5es, prolongando a vida \u00fatil dos sistemas de distribui\u00e7\u00e3o e consumo humano.\" \/>\n<meta property=\"og:url\" content=\"https:\/\/www.ecoindustry.co.ao\/fr\/produit\/inibidor-de-corrosao-eco-a-107\/\" \/>\n<meta property=\"og:site_name\" content=\"Ecoindustry\" \/>\n<meta property=\"article:publisher\" content=\"https:\/\/www.facebook.com\/ecoindustrylda\/\" \/>\n<meta property=\"article:modified_time\" content=\"2025-09-09T14:07:17+00:00\" \/>\n<meta property=\"og:image\" content=\"https:\/\/www.ecoindustry.co.ao\/wp-content\/uploads\/2020\/11\/ECO.A-107.jpg\" \/>\n\t<meta property=\"og:image:width\" content=\"1200\" \/>\n\t<meta property=\"og:image:height\" content=\"800\" \/>\n\t<meta property=\"og:image:type\" content=\"image\/jpeg\" \/>\n<meta name=\"twitter:card\" content=\"summary_large_image\" \/>\n<meta name=\"twitter:label1\" content=\"Dur\u00e9e de lecture estim\u00e9e\" \/>\n\t<meta name=\"twitter:data1\" content=\"1 minute\" \/>\n<script type=\"application\/ld+json\" class=\"yoast-schema-graph\">{\"@context\":\"https:\\\/\\\/schema.org\",\"@graph\":[{\"@type\":\"WebPage\",\"@id\":\"https:\\\/\\\/www.ecoindustry.co.ao\\\/produto\\\/inibidor-de-corrosao-eco-a-107\\\/\",\"url\":\"https:\\\/\\\/www.ecoindustry.co.ao\\\/produto\\\/inibidor-de-corrosao-eco-a-107\\\/\",\"name\":\"ECO. A 107 - INIBIDOR DE CORROS\u00c3O - Ecoindustry\",\"isPartOf\":{\"@id\":\"https:\\\/\\\/www.ecoindustry.co.ao\\\/#website\"},\"primaryImageOfPage\":{\"@id\":\"https:\\\/\\\/www.ecoindustry.co.ao\\\/produto\\\/inibidor-de-corrosao-eco-a-107\\\/#primaryimage\"},\"image\":{\"@id\":\"https:\\\/\\\/www.ecoindustry.co.ao\\\/produto\\\/inibidor-de-corrosao-eco-a-107\\\/#primaryimage\"},\"thumbnailUrl\":\"https:\\\/\\\/www.ecoindustry.co.ao\\\/wp-content\\\/uploads\\\/2020\\\/11\\\/ECO.A-107.jpg\",\"datePublished\":\"2025-04-28T09:28:34+00:00\",\"dateModified\":\"2025-09-09T14:07:17+00:00\",\"breadcrumb\":{\"@id\":\"https:\\\/\\\/www.ecoindustry.co.ao\\\/produto\\\/inibidor-de-corrosao-eco-a-107\\\/#breadcrumb\"},\"inLanguage\":\"fr-FR\",\"potentialAction\":[{\"@type\":\"ReadAction\",\"target\":[\"https:\\\/\\\/www.ecoindustry.co.ao\\\/produto\\\/inibidor-de-corrosao-eco-a-107\\\/\"]}]},{\"@type\":\"ImageObject\",\"inLanguage\":\"fr-FR\",\"@id\":\"https:\\\/\\\/www.ecoindustry.co.ao\\\/produto\\\/inibidor-de-corrosao-eco-a-107\\\/#primaryimage\",\"url\":\"https:\\\/\\\/www.ecoindustry.co.ao\\\/wp-content\\\/uploads\\\/2020\\\/11\\\/ECO.A-107.jpg\",\"contentUrl\":\"https:\\\/\\\/www.ecoindustry.co.ao\\\/wp-content\\\/uploads\\\/2020\\\/11\\\/ECO.A-107.jpg\",\"width\":1200,\"height\":800},{\"@type\":\"BreadcrumbList\",\"@id\":\"https:\\\/\\\/www.ecoindustry.co.ao\\\/produto\\\/inibidor-de-corrosao-eco-a-107\\\/#breadcrumb\",\"itemListElement\":[{\"@type\":\"ListItem\",\"position\":1,\"name\":\"In\u00edcio\",\"item\":\"https:\\\/\\\/www.ecoindustry.co.ao\\\/\"},{\"@type\":\"ListItem\",\"position\":2,\"name\":\"Loja\",\"item\":\"https:\\\/\\\/www.ecoindustry.co.ao\\\/loja\\\/\"},{\"@type\":\"ListItem\",\"position\":3,\"name\":\"ECO. A 107 &#8211; INIBIDOR DE CORROS\u00c3O\"}]},{\"@type\":\"WebSite\",\"@id\":\"https:\\\/\\\/www.ecoindustry.co.ao\\\/#website\",\"url\":\"https:\\\/\\\/www.ecoindustry.co.ao\\\/\",\"name\":\"Ecoindustry\",\"description\":\"Produzimos e comercializamos o melhor, de \u00c1frica para o Mundo.\",\"publisher\":{\"@id\":\"https:\\\/\\\/www.ecoindustry.co.ao\\\/#organization\"},\"potentialAction\":[{\"@type\":\"SearchAction\",\"target\":{\"@type\":\"EntryPoint\",\"urlTemplate\":\"https:\\\/\\\/www.ecoindustry.co.ao\\\/?s={search_term_string}\"},\"query-input\":{\"@type\":\"PropertyValueSpecification\",\"valueRequired\":true,\"valueName\":\"search_term_string\"}}],\"inLanguage\":\"fr-FR\"},{\"@type\":\"Organization\",\"@id\":\"https:\\\/\\\/www.ecoindustry.co.ao\\\/#organization\",\"name\":\"ECOINDUSTRY\",\"url\":\"https:\\\/\\\/www.ecoindustry.co.ao\\\/\",\"logo\":{\"@type\":\"ImageObject\",\"inLanguage\":\"fr-FR\",\"@id\":\"https:\\\/\\\/www.ecoindustry.co.ao\\\/#\\\/schema\\\/logo\\\/image\\\/\",\"url\":\"https:\\\/\\\/www.ecoindustry.co.ao\\\/wp-content\\\/uploads\\\/2017\\\/04\\\/Logo_Ecoindustry.png\",\"contentUrl\":\"https:\\\/\\\/www.ecoindustry.co.ao\\\/wp-content\\\/uploads\\\/2017\\\/04\\\/Logo_Ecoindustry.png\",\"width\":584,\"height\":111,\"caption\":\"ECOINDUSTRY\"},\"image\":{\"@id\":\"https:\\\/\\\/www.ecoindustry.co.ao\\\/#\\\/schema\\\/logo\\\/image\\\/\"},\"sameAs\":[\"https:\\\/\\\/www.facebook.com\\\/ecoindustrylda\\\/\",\"https:\\\/\\\/www.linkedin.com\\\/company\\\/ecoindustry\\\/\"]}]}<\/script>\n<!-- \/ Yoast SEO plugin. -->","yoast_head_json":{"title":"ECO. A 107 - INIBIDOR DE CORROS\u00c3O - Ecoindustry","robots":{"index":"index","follow":"follow","max-snippet":"max-snippet:-1","max-image-preview":"max-image-preview:large","max-video-preview":"max-video-preview:-1"},"canonical":"https:\/\/www.ecoindustry.co.ao\/fr\/produit\/inibidor-de-corrosao-eco-a-107\/","og_locale":"fr_FR","og_type":"article","og_title":"ECO. A 107 - INIBIDOR DE CORROS\u00c3O - Ecoindustry","og_description":"ECO. A 107 \u00e9 um inibidor de corros\u00e3o \u00e0 base de polifosfato, desenvolvido para proteger sistemas de \u00e1gua pot\u00e1vel contra a forma\u00e7\u00e3o de incrusta\u00e7\u00f5es e \u00e1guas vermelhas. Atendendo \u00e0 norma UNE-EN 1212, o ECO. A 107 garante prote\u00e7\u00e3o fi\u00e1vel de tubula\u00e7\u00f5es, prolongando a vida \u00fatil dos sistemas de distribui\u00e7\u00e3o e consumo humano.","og_url":"https:\/\/www.ecoindustry.co.ao\/fr\/produit\/inibidor-de-corrosao-eco-a-107\/","og_site_name":"Ecoindustry","article_publisher":"https:\/\/www.facebook.com\/ecoindustrylda\/","article_modified_time":"2025-09-09T14:07:17+00:00","og_image":[{"width":1200,"height":800,"url":"https:\/\/www.ecoindustry.co.ao\/wp-content\/uploads\/2020\/11\/ECO.A-107.jpg","type":"image\/jpeg"}],"twitter_card":"summary_large_image","twitter_misc":{"Dur\u00e9e de lecture estim\u00e9e":"1 minute"},"schema":{"@context":"https:\/\/schema.org","@graph":[{"@type":"WebPage","@id":"https:\/\/www.ecoindustry.co.ao\/produto\/inibidor-de-corrosao-eco-a-107\/","url":"https:\/\/www.ecoindustry.co.ao\/produto\/inibidor-de-corrosao-eco-a-107\/","name":"ECO. A 107 - INIBIDOR DE CORROS\u00c3O - Ecoindustry","isPartOf":{"@id":"https:\/\/www.ecoindustry.co.ao\/#website"},"primaryImageOfPage":{"@id":"https:\/\/www.ecoindustry.co.ao\/produto\/inibidor-de-corrosao-eco-a-107\/#primaryimage"},"image":{"@id":"https:\/\/www.ecoindustry.co.ao\/produto\/inibidor-de-corrosao-eco-a-107\/#primaryimage"},"thumbnailUrl":"https:\/\/www.ecoindustry.co.ao\/wp-content\/uploads\/2020\/11\/ECO.A-107.jpg","datePublished":"2025-04-28T09:28:34+00:00","dateModified":"2025-09-09T14:07:17+00:00","breadcrumb":{"@id":"https:\/\/www.ecoindustry.co.ao\/produto\/inibidor-de-corrosao-eco-a-107\/#breadcrumb"},"inLanguage":"fr-FR","potentialAction":[{"@type":"ReadAction","target":["https:\/\/www.ecoindustry.co.ao\/produto\/inibidor-de-corrosao-eco-a-107\/"]}]},{"@type":"ImageObject","inLanguage":"fr-FR","@id":"https:\/\/www.ecoindustry.co.ao\/produto\/inibidor-de-corrosao-eco-a-107\/#primaryimage","url":"https:\/\/www.ecoindustry.co.ao\/wp-content\/uploads\/2020\/11\/ECO.A-107.jpg","contentUrl":"https:\/\/www.ecoindustry.co.ao\/wp-content\/uploads\/2020\/11\/ECO.A-107.jpg","width":1200,"height":800},{"@type":"BreadcrumbList","@id":"https:\/\/www.ecoindustry.co.ao\/produto\/inibidor-de-corrosao-eco-a-107\/#breadcrumb","itemListElement":[{"@type":"ListItem","position":1,"name":"In\u00edcio","item":"https:\/\/www.ecoindustry.co.ao\/"},{"@type":"ListItem","position":2,"name":"Loja","item":"https:\/\/www.ecoindustry.co.ao\/loja\/"},{"@type":"ListItem","position":3,"name":"ECO. A 107 &#8211; INIBIDOR DE CORROS\u00c3O"}]},{"@type":"WebSite","@id":"https:\/\/www.ecoindustry.co.ao\/#website","url":"https:\/\/www.ecoindustry.co.ao\/","name":"\u00c9coindustrie","description":"Produzimos e comercializamos o melhor, de \u00c1frica para o Mundo.","publisher":{"@id":"https:\/\/www.ecoindustry.co.ao\/#organization"},"potentialAction":[{"@type":"SearchAction","target":{"@type":"EntryPoint","urlTemplate":"https:\/\/www.ecoindustry.co.ao\/?s={search_term_string}"},"query-input":{"@type":"PropertyValueSpecification","valueRequired":true,"valueName":"search_term_string"}}],"inLanguage":"fr-FR"},{"@type":"Organization","@id":"https:\/\/www.ecoindustry.co.ao\/#organization","name":"\u00c9COINDUSTRIE","url":"https:\/\/www.ecoindustry.co.ao\/","logo":{"@type":"ImageObject","inLanguage":"fr-FR","@id":"https:\/\/www.ecoindustry.co.ao\/#\/schema\/logo\/image\/","url":"https:\/\/www.ecoindustry.co.ao\/wp-content\/uploads\/2017\/04\/Logo_Ecoindustry.png","contentUrl":"https:\/\/www.ecoindustry.co.ao\/wp-content\/uploads\/2017\/04\/Logo_Ecoindustry.png","width":584,"height":111,"caption":"ECOINDUSTRY"},"image":{"@id":"https:\/\/www.ecoindustry.co.ao\/#\/schema\/logo\/image\/"},"sameAs":["https:\/\/www.facebook.com\/ecoindustrylda\/","https:\/\/www.linkedin.com\/company\/ecoindustry\/"]}]}},"_links":{"self":[{"href":"https:\/\/www.ecoindustry.co.ao\/fr\/wp-json\/wp\/v2\/product\/7686","targetHints":{"allow":["GET"]}}],"collection":[{"href":"https:\/\/www.ecoindustry.co.ao\/fr\/wp-json\/wp\/v2\/product"}],"about":[{"href":"https:\/\/www.ecoindustry.co.ao\/fr\/wp-json\/wp\/v2\/types\/product"}],"replies":[{"embeddable":true,"href":"https:\/\/www.ecoindustry.co.ao\/fr\/wp-json\/wp\/v2\/comments?post=7686"}],"wp:featuredmedia":[{"embeddable":true,"href":"https:\/\/www.ecoindustry.co.ao\/fr\/wp-json\/wp\/v2\/media\/4100"}],"wp:attachment":[{"href":"https:\/\/www.ecoindustry.co.ao\/fr\/wp-json\/wp\/v2\/media?parent=7686"}],"wp:term":[{"taxonomy":"product_brand","embeddable":true,"href":"https:\/\/www.ecoindustry.co.ao\/fr\/wp-json\/wp\/v2\/product_brand?post=7686"},{"taxonomy":"product_cat","embeddable":true,"href":"https:\/\/www.ecoindustry.co.ao\/fr\/wp-json\/wp\/v2\/product_cat?post=7686"},{"taxonomy":"product_tag","embeddable":true,"href":"https:\/\/www.ecoindustry.co.ao\/fr\/wp-json\/wp\/v2\/product_tag?post=7686"}],"curies":[{"name":"wp","href":"https:\/\/api.w.org\/{rel}","templated":true}]}}