{"id":7684,"date":"2025-04-28T09:28:34","date_gmt":"2025-04-28T09:28:34","guid":{"rendered":"https:\/\/www.ecoindustry.co.ao\/?post_type=product&#038;p=7684"},"modified":"2025-09-09T14:09:32","modified_gmt":"2025-09-09T14:09:32","slug":"7684","status":"publish","type":"product","link":"https:\/\/www.ecoindustry.co.ao\/fr\/produit\/7684\/","title":{"rendered":"ECO.A.PA 45 \u2013 COAGULANT"},"content":{"rendered":"<p class=\"p1\"><span class=\"s1\"><b>ECO.A.PA 45<\/b><\/span> c&#039;est un <span style=\"color: #af2d2c\"><strong>coagulant haute performance<\/strong><\/span> formul\u00e9 avec du polidadmac, indiqu\u00e9 pour des applications dans <span class=\"s1\"><b>proc\u00e9d\u00e9s de purification de l&#039;eau, de traitement des eaux us\u00e9es et de raffinage tertiaire<\/b><\/span>. Il pr\u00e9sente une excellente efficacit\u00e9 pour \u00e9liminer les mati\u00e8res en suspension et am\u00e9liorer la turbidit\u00e9.<\/p>\n<p class=\"p1\">LE <span class=\"s1\"><b>ECO.A.PA 45<\/b><\/span> Ce produit est efficace dans les eaux contamin\u00e9es et favorise le d\u00e9p\u00f4t rapide des particules lorsqu&#039;il est associ\u00e9 \u00e0 des floculants. Stable sur une large plage de temp\u00e9ratures (0 \u00e0 35 \u00b0C), il se conserve jusqu&#039;\u00e0 deux ans. Sa viscosit\u00e9 \u00e9lev\u00e9e n\u00e9cessite une dilution avant dosage et il s&#039;applique facilement par les syst\u00e8mes de traitement physico-chimiques classiques.<\/p>\n<p class=\"p1\">Recommand\u00e9 pour les stations de traitement d&#039;eau potable (STEP), les stations d&#039;\u00e9puration des eaux us\u00e9es, les syst\u00e8mes de filtration sur sable et les applications industrielles exigeantes, contribuant \u00e0 l&#039;optimisation des processus de clarification et de filtration.<\/p>\n<h3><\/h3>\n<p><b>Caract\u00e9ristiques:<\/b><\/p>\n<p class=\"p1\">\u2022 Coagulant \u00e0 base de Polidadmac pour eau potable et eau industrielle ;<\/p>\n<p class=\"p1\">\u2022 Efficace pour \u00e9liminer les mati\u00e8res solides et r\u00e9duire la turbidit\u00e9 ;<\/p>\n<p class=\"p1\">\u2022 Grande stabilit\u00e9 et longue dur\u00e9e de conservation (2 ans) ;<\/p>\n<p class=\"p1\">\u2022 Application apr\u00e8s dilution en raison de sa viscosit\u00e9 \u00e9lev\u00e9e ;<\/p>\n<p class=\"p1\">\u2022 Conditionnement disponible en jerrycan de 20 L.<\/p>","protected":false},"excerpt":{"rendered":"<p class=\"p1\"><span class=\"s1\"><b>ECO.A.PA 45<\/b><\/span> c&#039;est un <span style=\"color: #af2d2c\"><strong>coagulant liquide<\/strong><\/span> bas\u00e9 sur polidadmac, sp\u00e9cialement d\u00e9velopp\u00e9 pour <span style=\"color: #af2d2c\"><strong>coagulation et clarification de l&#039;eau<\/strong><\/span> dans diff\u00e9rents proc\u00e9d\u00e9s de traitement.<\/p>\n<p class=\"p1\">Applicable aux proc\u00e9d\u00e9s de traitement de l&#039;eau, de dessalement et de raffinage tertiaire, <span class=\"s1\"><b>ECO.A.PA 45<\/b><\/span> Il garantit une grande efficacit\u00e9 dans l&#039;\u00e9limination des mati\u00e8res en suspension et l&#039;am\u00e9lioration de la qualit\u00e9 de l&#039;eau.<\/p>","protected":false},"featured_media":4500,"comment_status":"closed","ping_status":"closed","template":"","meta":[],"product_brand":[],"product_cat":[288],"product_tag":[335,336,337,325,306,334,338,150],"class_list":{"0":"post-7684","1":"product","2":"type-product","3":"status-publish","4":"has-post-thumbnail","6":"product_cat-agua","7":"product_tag-aguas-potaveis","8":"product_tag-aguas-residuais","9":"product_tag-clarificacao","10":"product_tag-coagulante","11":"product_tag-ecoindustry","12":"product_tag-polidadmac","13":"product_tag-processos-terciarios","14":"product_tag-tratamento-de-agua","16":"first","17":"instock","18":"shipping-taxable","19":"product-type-simple"},"yoast_head":"<!-- This site is optimized with the Yoast SEO plugin v27.3 - https:\/\/yoast.com\/product\/yoast-seo-wordpress\/ -->\n<title>ECO.A.PA 45 - COAGULANTE - Ecoindustry<\/title>\n<meta name=\"robots\" content=\"index, follow, max-snippet:-1, max-image-preview:large, max-video-preview:-1\" \/>\n<link rel=\"canonical\" href=\"https:\/\/www.ecoindustry.co.ao\/fr\/produit\/7684\/\" \/>\n<meta property=\"og:locale\" content=\"fr_FR\" \/>\n<meta property=\"og:type\" content=\"article\" \/>\n<meta property=\"og:title\" content=\"ECO.A.PA 45 - COAGULANTE - Ecoindustry\" \/>\n<meta property=\"og:description\" content=\"ECO.A.PA 45 \u00e9 um coagulante l\u00edquido baseado em polidadmac, especialmente desenvolvido para a coagula\u00e7\u00e3o e clarifica\u00e7\u00e3o de \u00e1guas em diferentes processos de tratamento. Aplic\u00e1vel em potabiliza\u00e7\u00e3o, dessaliniza\u00e7\u00e3o e processos terci\u00e1rios de refina\u00e7\u00e3o, o ECO.A.PA 45 garante elevada efic\u00e1cia na remo\u00e7\u00e3o de s\u00f3lidos em suspens\u00e3o e melhoria da qualidade da \u00e1gua.\" \/>\n<meta property=\"og:url\" content=\"https:\/\/www.ecoindustry.co.ao\/fr\/produit\/7684\/\" \/>\n<meta property=\"og:site_name\" content=\"Ecoindustry\" \/>\n<meta property=\"article:publisher\" content=\"https:\/\/www.facebook.com\/ecoindustrylda\/\" \/>\n<meta property=\"article:modified_time\" content=\"2025-09-09T14:09:32+00:00\" \/>\n<meta property=\"og:image\" content=\"https:\/\/www.ecoindustry.co.ao\/wp-content\/uploads\/2021\/03\/ECO.A-PHA-45.jpg\" \/>\n\t<meta property=\"og:image:width\" content=\"1200\" \/>\n\t<meta property=\"og:image:height\" content=\"800\" \/>\n\t<meta property=\"og:image:type\" content=\"image\/jpeg\" \/>\n<meta name=\"twitter:card\" content=\"summary_large_image\" \/>\n<meta name=\"twitter:label1\" content=\"Dur\u00e9e de lecture estim\u00e9e\" \/>\n\t<meta name=\"twitter:data1\" content=\"1 minute\" \/>\n<script type=\"application\/ld+json\" class=\"yoast-schema-graph\">{\"@context\":\"https:\\\/\\\/schema.org\",\"@graph\":[{\"@type\":\"WebPage\",\"@id\":\"https:\\\/\\\/www.ecoindustry.co.ao\\\/produto\\\/7684\\\/\",\"url\":\"https:\\\/\\\/www.ecoindustry.co.ao\\\/produto\\\/7684\\\/\",\"name\":\"ECO.A.PA 45 - COAGULANTE - Ecoindustry\",\"isPartOf\":{\"@id\":\"https:\\\/\\\/www.ecoindustry.co.ao\\\/#website\"},\"primaryImageOfPage\":{\"@id\":\"https:\\\/\\\/www.ecoindustry.co.ao\\\/produto\\\/7684\\\/#primaryimage\"},\"image\":{\"@id\":\"https:\\\/\\\/www.ecoindustry.co.ao\\\/produto\\\/7684\\\/#primaryimage\"},\"thumbnailUrl\":\"https:\\\/\\\/www.ecoindustry.co.ao\\\/wp-content\\\/uploads\\\/2021\\\/03\\\/ECO.A-PHA-45.jpg\",\"datePublished\":\"2025-04-28T09:28:34+00:00\",\"dateModified\":\"2025-09-09T14:09:32+00:00\",\"breadcrumb\":{\"@id\":\"https:\\\/\\\/www.ecoindustry.co.ao\\\/produto\\\/7684\\\/#breadcrumb\"},\"inLanguage\":\"fr-FR\",\"potentialAction\":[{\"@type\":\"ReadAction\",\"target\":[\"https:\\\/\\\/www.ecoindustry.co.ao\\\/produto\\\/7684\\\/\"]}]},{\"@type\":\"ImageObject\",\"inLanguage\":\"fr-FR\",\"@id\":\"https:\\\/\\\/www.ecoindustry.co.ao\\\/produto\\\/7684\\\/#primaryimage\",\"url\":\"https:\\\/\\\/www.ecoindustry.co.ao\\\/wp-content\\\/uploads\\\/2021\\\/03\\\/ECO.A-PHA-45.jpg\",\"contentUrl\":\"https:\\\/\\\/www.ecoindustry.co.ao\\\/wp-content\\\/uploads\\\/2021\\\/03\\\/ECO.A-PHA-45.jpg\",\"width\":1200,\"height\":800},{\"@type\":\"BreadcrumbList\",\"@id\":\"https:\\\/\\\/www.ecoindustry.co.ao\\\/produto\\\/7684\\\/#breadcrumb\",\"itemListElement\":[{\"@type\":\"ListItem\",\"position\":1,\"name\":\"In\u00edcio\",\"item\":\"https:\\\/\\\/www.ecoindustry.co.ao\\\/\"},{\"@type\":\"ListItem\",\"position\":2,\"name\":\"Loja\",\"item\":\"https:\\\/\\\/www.ecoindustry.co.ao\\\/loja\\\/\"},{\"@type\":\"ListItem\",\"position\":3,\"name\":\"ECO.A.PA 45 &#8211; COAGULANTE\"}]},{\"@type\":\"WebSite\",\"@id\":\"https:\\\/\\\/www.ecoindustry.co.ao\\\/#website\",\"url\":\"https:\\\/\\\/www.ecoindustry.co.ao\\\/\",\"name\":\"Ecoindustry\",\"description\":\"Produzimos e comercializamos o melhor, de \u00c1frica para o Mundo.\",\"publisher\":{\"@id\":\"https:\\\/\\\/www.ecoindustry.co.ao\\\/#organization\"},\"potentialAction\":[{\"@type\":\"SearchAction\",\"target\":{\"@type\":\"EntryPoint\",\"urlTemplate\":\"https:\\\/\\\/www.ecoindustry.co.ao\\\/?s={search_term_string}\"},\"query-input\":{\"@type\":\"PropertyValueSpecification\",\"valueRequired\":true,\"valueName\":\"search_term_string\"}}],\"inLanguage\":\"fr-FR\"},{\"@type\":\"Organization\",\"@id\":\"https:\\\/\\\/www.ecoindustry.co.ao\\\/#organization\",\"name\":\"ECOINDUSTRY\",\"url\":\"https:\\\/\\\/www.ecoindustry.co.ao\\\/\",\"logo\":{\"@type\":\"ImageObject\",\"inLanguage\":\"fr-FR\",\"@id\":\"https:\\\/\\\/www.ecoindustry.co.ao\\\/#\\\/schema\\\/logo\\\/image\\\/\",\"url\":\"https:\\\/\\\/www.ecoindustry.co.ao\\\/wp-content\\\/uploads\\\/2017\\\/04\\\/Logo_Ecoindustry.png\",\"contentUrl\":\"https:\\\/\\\/www.ecoindustry.co.ao\\\/wp-content\\\/uploads\\\/2017\\\/04\\\/Logo_Ecoindustry.png\",\"width\":584,\"height\":111,\"caption\":\"ECOINDUSTRY\"},\"image\":{\"@id\":\"https:\\\/\\\/www.ecoindustry.co.ao\\\/#\\\/schema\\\/logo\\\/image\\\/\"},\"sameAs\":[\"https:\\\/\\\/www.facebook.com\\\/ecoindustrylda\\\/\",\"https:\\\/\\\/www.linkedin.com\\\/company\\\/ecoindustry\\\/\"]}]}<\/script>\n<!-- \/ Yoast SEO plugin. -->","yoast_head_json":{"title":"ECO.A.PA 45 - COAGULANTE - Ecoindustry","robots":{"index":"index","follow":"follow","max-snippet":"max-snippet:-1","max-image-preview":"max-image-preview:large","max-video-preview":"max-video-preview:-1"},"canonical":"https:\/\/www.ecoindustry.co.ao\/fr\/produit\/7684\/","og_locale":"fr_FR","og_type":"article","og_title":"ECO.A.PA 45 - COAGULANTE - Ecoindustry","og_description":"ECO.A.PA 45 \u00e9 um coagulante l\u00edquido baseado em polidadmac, especialmente desenvolvido para a coagula\u00e7\u00e3o e clarifica\u00e7\u00e3o de \u00e1guas em diferentes processos de tratamento. Aplic\u00e1vel em potabiliza\u00e7\u00e3o, dessaliniza\u00e7\u00e3o e processos terci\u00e1rios de refina\u00e7\u00e3o, o ECO.A.PA 45 garante elevada efic\u00e1cia na remo\u00e7\u00e3o de s\u00f3lidos em suspens\u00e3o e melhoria da qualidade da \u00e1gua.","og_url":"https:\/\/www.ecoindustry.co.ao\/fr\/produit\/7684\/","og_site_name":"Ecoindustry","article_publisher":"https:\/\/www.facebook.com\/ecoindustrylda\/","article_modified_time":"2025-09-09T14:09:32+00:00","og_image":[{"width":1200,"height":800,"url":"https:\/\/www.ecoindustry.co.ao\/wp-content\/uploads\/2021\/03\/ECO.A-PHA-45.jpg","type":"image\/jpeg"}],"twitter_card":"summary_large_image","twitter_misc":{"Dur\u00e9e de lecture estim\u00e9e":"1 minute"},"schema":{"@context":"https:\/\/schema.org","@graph":[{"@type":"WebPage","@id":"https:\/\/www.ecoindustry.co.ao\/produto\/7684\/","url":"https:\/\/www.ecoindustry.co.ao\/produto\/7684\/","name":"ECO.A.PA 45 - COAGULANTE - Ecoindustry","isPartOf":{"@id":"https:\/\/www.ecoindustry.co.ao\/#website"},"primaryImageOfPage":{"@id":"https:\/\/www.ecoindustry.co.ao\/produto\/7684\/#primaryimage"},"image":{"@id":"https:\/\/www.ecoindustry.co.ao\/produto\/7684\/#primaryimage"},"thumbnailUrl":"https:\/\/www.ecoindustry.co.ao\/wp-content\/uploads\/2021\/03\/ECO.A-PHA-45.jpg","datePublished":"2025-04-28T09:28:34+00:00","dateModified":"2025-09-09T14:09:32+00:00","breadcrumb":{"@id":"https:\/\/www.ecoindustry.co.ao\/produto\/7684\/#breadcrumb"},"inLanguage":"fr-FR","potentialAction":[{"@type":"ReadAction","target":["https:\/\/www.ecoindustry.co.ao\/produto\/7684\/"]}]},{"@type":"ImageObject","inLanguage":"fr-FR","@id":"https:\/\/www.ecoindustry.co.ao\/produto\/7684\/#primaryimage","url":"https:\/\/www.ecoindustry.co.ao\/wp-content\/uploads\/2021\/03\/ECO.A-PHA-45.jpg","contentUrl":"https:\/\/www.ecoindustry.co.ao\/wp-content\/uploads\/2021\/03\/ECO.A-PHA-45.jpg","width":1200,"height":800},{"@type":"BreadcrumbList","@id":"https:\/\/www.ecoindustry.co.ao\/produto\/7684\/#breadcrumb","itemListElement":[{"@type":"ListItem","position":1,"name":"In\u00edcio","item":"https:\/\/www.ecoindustry.co.ao\/"},{"@type":"ListItem","position":2,"name":"Loja","item":"https:\/\/www.ecoindustry.co.ao\/loja\/"},{"@type":"ListItem","position":3,"name":"ECO.A.PA 45 &#8211; COAGULANTE"}]},{"@type":"WebSite","@id":"https:\/\/www.ecoindustry.co.ao\/#website","url":"https:\/\/www.ecoindustry.co.ao\/","name":"\u00c9coindustrie","description":"Produzimos e comercializamos o melhor, de \u00c1frica para o Mundo.","publisher":{"@id":"https:\/\/www.ecoindustry.co.ao\/#organization"},"potentialAction":[{"@type":"SearchAction","target":{"@type":"EntryPoint","urlTemplate":"https:\/\/www.ecoindustry.co.ao\/?s={search_term_string}"},"query-input":{"@type":"PropertyValueSpecification","valueRequired":true,"valueName":"search_term_string"}}],"inLanguage":"fr-FR"},{"@type":"Organization","@id":"https:\/\/www.ecoindustry.co.ao\/#organization","name":"\u00c9COINDUSTRIE","url":"https:\/\/www.ecoindustry.co.ao\/","logo":{"@type":"ImageObject","inLanguage":"fr-FR","@id":"https:\/\/www.ecoindustry.co.ao\/#\/schema\/logo\/image\/","url":"https:\/\/www.ecoindustry.co.ao\/wp-content\/uploads\/2017\/04\/Logo_Ecoindustry.png","contentUrl":"https:\/\/www.ecoindustry.co.ao\/wp-content\/uploads\/2017\/04\/Logo_Ecoindustry.png","width":584,"height":111,"caption":"ECOINDUSTRY"},"image":{"@id":"https:\/\/www.ecoindustry.co.ao\/#\/schema\/logo\/image\/"},"sameAs":["https:\/\/www.facebook.com\/ecoindustrylda\/","https:\/\/www.linkedin.com\/company\/ecoindustry\/"]}]}},"_links":{"self":[{"href":"https:\/\/www.ecoindustry.co.ao\/fr\/wp-json\/wp\/v2\/product\/7684","targetHints":{"allow":["GET"]}}],"collection":[{"href":"https:\/\/www.ecoindustry.co.ao\/fr\/wp-json\/wp\/v2\/product"}],"about":[{"href":"https:\/\/www.ecoindustry.co.ao\/fr\/wp-json\/wp\/v2\/types\/product"}],"replies":[{"embeddable":true,"href":"https:\/\/www.ecoindustry.co.ao\/fr\/wp-json\/wp\/v2\/comments?post=7684"}],"wp:featuredmedia":[{"embeddable":true,"href":"https:\/\/www.ecoindustry.co.ao\/fr\/wp-json\/wp\/v2\/media\/4500"}],"wp:attachment":[{"href":"https:\/\/www.ecoindustry.co.ao\/fr\/wp-json\/wp\/v2\/media?parent=7684"}],"wp:term":[{"taxonomy":"product_brand","embeddable":true,"href":"https:\/\/www.ecoindustry.co.ao\/fr\/wp-json\/wp\/v2\/product_brand?post=7684"},{"taxonomy":"product_cat","embeddable":true,"href":"https:\/\/www.ecoindustry.co.ao\/fr\/wp-json\/wp\/v2\/product_cat?post=7684"},{"taxonomy":"product_tag","embeddable":true,"href":"https:\/\/www.ecoindustry.co.ao\/fr\/wp-json\/wp\/v2\/product_tag?post=7684"}],"curies":[{"name":"wp","href":"https:\/\/api.w.org\/{rel}","templated":true}]}}