{"id":7683,"date":"2025-04-28T08:45:05","date_gmt":"2025-04-28T08:45:05","guid":{"rendered":"https:\/\/www.ecoindustry.co.ao\/?post_type=product&#038;p=7683"},"modified":"2025-09-09T14:14:55","modified_gmt":"2025-09-09T14:14:55","slug":"biocida-eco-tr-c-103l","status":"publish","type":"product","link":"https:\/\/www.ecoindustry.co.ao\/fr\/produit\/biocida-eco-tr-c-103l\/","title":{"rendered":"ECO. TR C 103L \u2013 BIOCIDE"},"content":{"rendered":"<p class=\"p1\"><span class=\"s1\"><b>ECO. TR C 103L<\/b><\/span> c&#039;est un <span style=\"color: #af2d2c\"><strong>biocide tr\u00e8s efficace<\/strong><\/span>, Formul\u00e9 \u00e0 base de d\u00e9riv\u00e9s organobrom\u00e9s et de DBNPA, ce produit assure la d\u00e9sinfection et le contr\u00f4le microbiologique des r\u00e9seaux d&#039;eau. Il agit rapidement sur les bact\u00e9ries a\u00e9robies, ana\u00e9robies, les bact\u00e9ries responsables de la formation de boues et les algues, garantissant ainsi des circuits d&#039;eau propres et prot\u00e9g\u00e9s.<\/p>\n<p class=\"p1\">LE <span class=\"s1\"><b>ECO. TR C 103L<\/b><\/span> Il est recommand\u00e9 pour une utilisation dans <span style=\"color: #af2d2c\"><strong>tours de refroidissement, condenseurs \u00e9vaporatifs<\/strong><\/span> et autres \u00e9quipements de syst\u00e8mes de r\u00e9frig\u00e9ration. Facile \u00e0 appliquer, il s&#039;ajoute directement \u00e0 l&#039;aide d&#039;une pompe doseuse aux points de flux continu pour une distribution rapide dans tout le syst\u00e8me.<\/p>\n<p class=\"p1\">Ce produit est totalement soluble dans l&#039;eau, poss\u00e8de un pH acide (3,5 \u00e0 11) et est efficace m\u00eame \u00e0 faibles doses. Il est n\u00e9cessaire d&#039;augmenter la dose dans les milieux dont le pH est sup\u00e9rieur \u00e0 8,5 pour maintenir son efficacit\u00e9.<\/p>\n<h3><\/h3>\n<p><b>Caract\u00e9ristiques:<\/b><\/p>\n<p class=\"p1\">\u2022 Biocide concentr\u00e9 \u00e0 action rapide ;<\/p>\n<p class=\"p1\">\u2022 \u00c0 base de d\u00e9riv\u00e9s organobrom\u00e9s et de DBNPA ;<\/p>\n<p class=\"p1\">\u2022 Convient aux tours de refroidissement et aux circuits d&#039;eau ;<\/p>\n<p class=\"p1\">\u2022 Enti\u00e8rement soluble dans l&#039;eau, pH 3-5 ;<\/p>\n<p class=\"p1\">\u2022 Excellente efficacit\u00e9 contre les bact\u00e9ries, les algues et le biofilm ;<\/p>\n<p class=\"p1\">\u2022 Conserver \u00e0 l\u2019abri de la lumi\u00e8re et des temp\u00e9ratures extr\u00eames.<\/p>","protected":false},"excerpt":{"rendered":"<p class=\"p1\"><span class=\"s1\"><b>ECO. TR C 103L<\/b><\/span> c&#039;est un <span style=\"color: #af2d2c\"><strong>biocide concentr\u00e9<\/strong><\/span> Con\u00e7u pour le contr\u00f4le efficace des bact\u00e9ries, des algues et autres micro-organismes dans les syst\u00e8mes d&#039;eau.<\/p>\n<p class=\"p1\">\u00c0 base de d\u00e9riv\u00e9s organobrom\u00e9s et de DBNPA, il offre <span style=\"color: #af2d2c\"><strong>Action rapide et grande efficacit\u00e9<\/strong><\/span> dans les tours de refroidissement, les condenseurs \u00e9vaporatifs et autres circuits d&#039;eau.<\/p>","protected":false},"featured_media":4102,"comment_status":"closed","ping_status":"closed","template":"","meta":[],"product_brand":[],"product_cat":[287],"product_tag":[302,304,305,308,306,307,303,150],"class_list":{"0":"post-7683","1":"product","2":"type-product","3":"status-publish","4":"has-post-thumbnail","6":"product_cat-torres-refrigeracao","7":"product_tag-biocida","8":"product_tag-controlo-microbiologico","9":"product_tag-dbnpa","10":"product_tag-desinfeccao-industrial","11":"product_tag-ecoindustry","12":"product_tag-sistemas-de-agua","13":"product_tag-torres-de-refrigeracao","14":"product_tag-tratamento-de-agua","16":"first","17":"instock","18":"shipping-taxable","19":"product-type-simple"},"yoast_head":"<!-- This site is optimized with the Yoast SEO plugin v27.3 - https:\/\/yoast.com\/product\/yoast-seo-wordpress\/ -->\n<title>ECO. TR C 103L - BIOCIDA - Ecoindustry<\/title>\n<meta name=\"robots\" content=\"index, follow, max-snippet:-1, max-image-preview:large, max-video-preview:-1\" \/>\n<link rel=\"canonical\" href=\"https:\/\/www.ecoindustry.co.ao\/fr\/produit\/biocida-eco-tr-c-103l\/\" \/>\n<meta property=\"og:locale\" content=\"fr_FR\" \/>\n<meta property=\"og:type\" content=\"article\" \/>\n<meta property=\"og:title\" content=\"ECO. TR C 103L - BIOCIDA - Ecoindustry\" \/>\n<meta property=\"og:description\" content=\"ECO. TR C 103L \u00e9 um biocida concentrado desenvolvido para o controlo eficaz de bact\u00e9rias, algas e outros microrganismos em sistemas de \u00e1gua. Com base em derivados organo-bromados e DBNPA, oferece a\u00e7\u00e3o r\u00e1pida e elevada efic\u00e1cia em torres de refrigera\u00e7\u00e3o, condensadores evaporativos e outros circuitos de \u00e1gua.\" \/>\n<meta property=\"og:url\" content=\"https:\/\/www.ecoindustry.co.ao\/fr\/produit\/biocida-eco-tr-c-103l\/\" \/>\n<meta property=\"og:site_name\" content=\"Ecoindustry\" \/>\n<meta property=\"article:publisher\" content=\"https:\/\/www.facebook.com\/ecoindustrylda\/\" \/>\n<meta property=\"article:modified_time\" content=\"2025-09-09T14:14:55+00:00\" \/>\n<meta property=\"og:image\" content=\"https:\/\/www.ecoindustry.co.ao\/wp-content\/uploads\/2020\/11\/ECO.TR-C-103L.jpg\" \/>\n\t<meta property=\"og:image:width\" content=\"1200\" \/>\n\t<meta property=\"og:image:height\" content=\"800\" \/>\n\t<meta property=\"og:image:type\" content=\"image\/jpeg\" \/>\n<meta name=\"twitter:card\" content=\"summary_large_image\" \/>\n<meta name=\"twitter:label1\" content=\"Dur\u00e9e de lecture estim\u00e9e\" \/>\n\t<meta name=\"twitter:data1\" content=\"1 minute\" \/>\n<script type=\"application\/ld+json\" class=\"yoast-schema-graph\">{\"@context\":\"https:\\\/\\\/schema.org\",\"@graph\":[{\"@type\":\"WebPage\",\"@id\":\"https:\\\/\\\/www.ecoindustry.co.ao\\\/produto\\\/biocida-eco-tr-c-103l\\\/\",\"url\":\"https:\\\/\\\/www.ecoindustry.co.ao\\\/produto\\\/biocida-eco-tr-c-103l\\\/\",\"name\":\"ECO. TR C 103L - BIOCIDA - Ecoindustry\",\"isPartOf\":{\"@id\":\"https:\\\/\\\/www.ecoindustry.co.ao\\\/#website\"},\"primaryImageOfPage\":{\"@id\":\"https:\\\/\\\/www.ecoindustry.co.ao\\\/produto\\\/biocida-eco-tr-c-103l\\\/#primaryimage\"},\"image\":{\"@id\":\"https:\\\/\\\/www.ecoindustry.co.ao\\\/produto\\\/biocida-eco-tr-c-103l\\\/#primaryimage\"},\"thumbnailUrl\":\"https:\\\/\\\/www.ecoindustry.co.ao\\\/wp-content\\\/uploads\\\/2020\\\/11\\\/ECO.TR-C-103L.jpg\",\"datePublished\":\"2025-04-28T08:45:05+00:00\",\"dateModified\":\"2025-09-09T14:14:55+00:00\",\"breadcrumb\":{\"@id\":\"https:\\\/\\\/www.ecoindustry.co.ao\\\/produto\\\/biocida-eco-tr-c-103l\\\/#breadcrumb\"},\"inLanguage\":\"fr-FR\",\"potentialAction\":[{\"@type\":\"ReadAction\",\"target\":[\"https:\\\/\\\/www.ecoindustry.co.ao\\\/produto\\\/biocida-eco-tr-c-103l\\\/\"]}]},{\"@type\":\"ImageObject\",\"inLanguage\":\"fr-FR\",\"@id\":\"https:\\\/\\\/www.ecoindustry.co.ao\\\/produto\\\/biocida-eco-tr-c-103l\\\/#primaryimage\",\"url\":\"https:\\\/\\\/www.ecoindustry.co.ao\\\/wp-content\\\/uploads\\\/2020\\\/11\\\/ECO.TR-C-103L.jpg\",\"contentUrl\":\"https:\\\/\\\/www.ecoindustry.co.ao\\\/wp-content\\\/uploads\\\/2020\\\/11\\\/ECO.TR-C-103L.jpg\",\"width\":1200,\"height\":800},{\"@type\":\"BreadcrumbList\",\"@id\":\"https:\\\/\\\/www.ecoindustry.co.ao\\\/produto\\\/biocida-eco-tr-c-103l\\\/#breadcrumb\",\"itemListElement\":[{\"@type\":\"ListItem\",\"position\":1,\"name\":\"In\u00edcio\",\"item\":\"https:\\\/\\\/www.ecoindustry.co.ao\\\/\"},{\"@type\":\"ListItem\",\"position\":2,\"name\":\"Loja\",\"item\":\"https:\\\/\\\/www.ecoindustry.co.ao\\\/loja\\\/\"},{\"@type\":\"ListItem\",\"position\":3,\"name\":\"ECO. TR C 103L &#8211; BIOCIDA\"}]},{\"@type\":\"WebSite\",\"@id\":\"https:\\\/\\\/www.ecoindustry.co.ao\\\/#website\",\"url\":\"https:\\\/\\\/www.ecoindustry.co.ao\\\/\",\"name\":\"Ecoindustry\",\"description\":\"Produzimos e comercializamos o melhor, de \u00c1frica para o Mundo.\",\"publisher\":{\"@id\":\"https:\\\/\\\/www.ecoindustry.co.ao\\\/#organization\"},\"potentialAction\":[{\"@type\":\"SearchAction\",\"target\":{\"@type\":\"EntryPoint\",\"urlTemplate\":\"https:\\\/\\\/www.ecoindustry.co.ao\\\/?s={search_term_string}\"},\"query-input\":{\"@type\":\"PropertyValueSpecification\",\"valueRequired\":true,\"valueName\":\"search_term_string\"}}],\"inLanguage\":\"fr-FR\"},{\"@type\":\"Organization\",\"@id\":\"https:\\\/\\\/www.ecoindustry.co.ao\\\/#organization\",\"name\":\"ECOINDUSTRY\",\"url\":\"https:\\\/\\\/www.ecoindustry.co.ao\\\/\",\"logo\":{\"@type\":\"ImageObject\",\"inLanguage\":\"fr-FR\",\"@id\":\"https:\\\/\\\/www.ecoindustry.co.ao\\\/#\\\/schema\\\/logo\\\/image\\\/\",\"url\":\"https:\\\/\\\/www.ecoindustry.co.ao\\\/wp-content\\\/uploads\\\/2017\\\/04\\\/Logo_Ecoindustry.png\",\"contentUrl\":\"https:\\\/\\\/www.ecoindustry.co.ao\\\/wp-content\\\/uploads\\\/2017\\\/04\\\/Logo_Ecoindustry.png\",\"width\":584,\"height\":111,\"caption\":\"ECOINDUSTRY\"},\"image\":{\"@id\":\"https:\\\/\\\/www.ecoindustry.co.ao\\\/#\\\/schema\\\/logo\\\/image\\\/\"},\"sameAs\":[\"https:\\\/\\\/www.facebook.com\\\/ecoindustrylda\\\/\",\"https:\\\/\\\/www.linkedin.com\\\/company\\\/ecoindustry\\\/\"]}]}<\/script>\n<!-- \/ Yoast SEO plugin. -->","yoast_head_json":{"title":"ECO. TR C 103L - BIOCIDA - Ecoindustry","robots":{"index":"index","follow":"follow","max-snippet":"max-snippet:-1","max-image-preview":"max-image-preview:large","max-video-preview":"max-video-preview:-1"},"canonical":"https:\/\/www.ecoindustry.co.ao\/fr\/produit\/biocida-eco-tr-c-103l\/","og_locale":"fr_FR","og_type":"article","og_title":"ECO. TR C 103L - BIOCIDA - Ecoindustry","og_description":"ECO. TR C 103L \u00e9 um biocida concentrado desenvolvido para o controlo eficaz de bact\u00e9rias, algas e outros microrganismos em sistemas de \u00e1gua. Com base em derivados organo-bromados e DBNPA, oferece a\u00e7\u00e3o r\u00e1pida e elevada efic\u00e1cia em torres de refrigera\u00e7\u00e3o, condensadores evaporativos e outros circuitos de \u00e1gua.","og_url":"https:\/\/www.ecoindustry.co.ao\/fr\/produit\/biocida-eco-tr-c-103l\/","og_site_name":"Ecoindustry","article_publisher":"https:\/\/www.facebook.com\/ecoindustrylda\/","article_modified_time":"2025-09-09T14:14:55+00:00","og_image":[{"width":1200,"height":800,"url":"https:\/\/www.ecoindustry.co.ao\/wp-content\/uploads\/2020\/11\/ECO.TR-C-103L.jpg","type":"image\/jpeg"}],"twitter_card":"summary_large_image","twitter_misc":{"Dur\u00e9e de lecture estim\u00e9e":"1 minute"},"schema":{"@context":"https:\/\/schema.org","@graph":[{"@type":"WebPage","@id":"https:\/\/www.ecoindustry.co.ao\/produto\/biocida-eco-tr-c-103l\/","url":"https:\/\/www.ecoindustry.co.ao\/produto\/biocida-eco-tr-c-103l\/","name":"ECO. TR C 103L - BIOCIDA - Ecoindustry","isPartOf":{"@id":"https:\/\/www.ecoindustry.co.ao\/#website"},"primaryImageOfPage":{"@id":"https:\/\/www.ecoindustry.co.ao\/produto\/biocida-eco-tr-c-103l\/#primaryimage"},"image":{"@id":"https:\/\/www.ecoindustry.co.ao\/produto\/biocida-eco-tr-c-103l\/#primaryimage"},"thumbnailUrl":"https:\/\/www.ecoindustry.co.ao\/wp-content\/uploads\/2020\/11\/ECO.TR-C-103L.jpg","datePublished":"2025-04-28T08:45:05+00:00","dateModified":"2025-09-09T14:14:55+00:00","breadcrumb":{"@id":"https:\/\/www.ecoindustry.co.ao\/produto\/biocida-eco-tr-c-103l\/#breadcrumb"},"inLanguage":"fr-FR","potentialAction":[{"@type":"ReadAction","target":["https:\/\/www.ecoindustry.co.ao\/produto\/biocida-eco-tr-c-103l\/"]}]},{"@type":"ImageObject","inLanguage":"fr-FR","@id":"https:\/\/www.ecoindustry.co.ao\/produto\/biocida-eco-tr-c-103l\/#primaryimage","url":"https:\/\/www.ecoindustry.co.ao\/wp-content\/uploads\/2020\/11\/ECO.TR-C-103L.jpg","contentUrl":"https:\/\/www.ecoindustry.co.ao\/wp-content\/uploads\/2020\/11\/ECO.TR-C-103L.jpg","width":1200,"height":800},{"@type":"BreadcrumbList","@id":"https:\/\/www.ecoindustry.co.ao\/produto\/biocida-eco-tr-c-103l\/#breadcrumb","itemListElement":[{"@type":"ListItem","position":1,"name":"In\u00edcio","item":"https:\/\/www.ecoindustry.co.ao\/"},{"@type":"ListItem","position":2,"name":"Loja","item":"https:\/\/www.ecoindustry.co.ao\/loja\/"},{"@type":"ListItem","position":3,"name":"ECO. TR C 103L &#8211; BIOCIDA"}]},{"@type":"WebSite","@id":"https:\/\/www.ecoindustry.co.ao\/#website","url":"https:\/\/www.ecoindustry.co.ao\/","name":"\u00c9coindustrie","description":"Produzimos e comercializamos o melhor, de \u00c1frica para o Mundo.","publisher":{"@id":"https:\/\/www.ecoindustry.co.ao\/#organization"},"potentialAction":[{"@type":"SearchAction","target":{"@type":"EntryPoint","urlTemplate":"https:\/\/www.ecoindustry.co.ao\/?s={search_term_string}"},"query-input":{"@type":"PropertyValueSpecification","valueRequired":true,"valueName":"search_term_string"}}],"inLanguage":"fr-FR"},{"@type":"Organization","@id":"https:\/\/www.ecoindustry.co.ao\/#organization","name":"\u00c9COINDUSTRIE","url":"https:\/\/www.ecoindustry.co.ao\/","logo":{"@type":"ImageObject","inLanguage":"fr-FR","@id":"https:\/\/www.ecoindustry.co.ao\/#\/schema\/logo\/image\/","url":"https:\/\/www.ecoindustry.co.ao\/wp-content\/uploads\/2017\/04\/Logo_Ecoindustry.png","contentUrl":"https:\/\/www.ecoindustry.co.ao\/wp-content\/uploads\/2017\/04\/Logo_Ecoindustry.png","width":584,"height":111,"caption":"ECOINDUSTRY"},"image":{"@id":"https:\/\/www.ecoindustry.co.ao\/#\/schema\/logo\/image\/"},"sameAs":["https:\/\/www.facebook.com\/ecoindustrylda\/","https:\/\/www.linkedin.com\/company\/ecoindustry\/"]}]}},"_links":{"self":[{"href":"https:\/\/www.ecoindustry.co.ao\/fr\/wp-json\/wp\/v2\/product\/7683","targetHints":{"allow":["GET"]}}],"collection":[{"href":"https:\/\/www.ecoindustry.co.ao\/fr\/wp-json\/wp\/v2\/product"}],"about":[{"href":"https:\/\/www.ecoindustry.co.ao\/fr\/wp-json\/wp\/v2\/types\/product"}],"replies":[{"embeddable":true,"href":"https:\/\/www.ecoindustry.co.ao\/fr\/wp-json\/wp\/v2\/comments?post=7683"}],"wp:featuredmedia":[{"embeddable":true,"href":"https:\/\/www.ecoindustry.co.ao\/fr\/wp-json\/wp\/v2\/media\/4102"}],"wp:attachment":[{"href":"https:\/\/www.ecoindustry.co.ao\/fr\/wp-json\/wp\/v2\/media?parent=7683"}],"wp:term":[{"taxonomy":"product_brand","embeddable":true,"href":"https:\/\/www.ecoindustry.co.ao\/fr\/wp-json\/wp\/v2\/product_brand?post=7683"},{"taxonomy":"product_cat","embeddable":true,"href":"https:\/\/www.ecoindustry.co.ao\/fr\/wp-json\/wp\/v2\/product_cat?post=7683"},{"taxonomy":"product_tag","embeddable":true,"href":"https:\/\/www.ecoindustry.co.ao\/fr\/wp-json\/wp\/v2\/product_tag?post=7683"}],"curies":[{"name":"wp","href":"https:\/\/api.w.org\/{rel}","templated":true}]}}