{"id":7682,"date":"2025-04-28T08:45:05","date_gmt":"2025-04-28T08:45:05","guid":{"rendered":"https:\/\/www.ecoindustry.co.ao\/?post_type=product&#038;p=7682"},"modified":"2025-09-09T14:14:12","modified_gmt":"2025-09-09T14:14:12","slug":"7682","status":"publish","type":"product","link":"https:\/\/www.ecoindustry.co.ao\/fr\/produit\/7682\/","title":{"rendered":"ECO. TR IC 351 \u2013 Inhibiteur de corrosion"},"content":{"rendered":"<p class=\"p1\"><span class=\"s1\"><b>ECO. TR IC 351<\/b><\/span> c&#039;est un <span style=\"color: #af2d2c\"><strong>inhibiteur de corrosion concentr\u00e9<\/strong><\/span> Sp\u00e9cialement formul\u00e9 pour la protection des circuits de refroidissement ferm\u00e9s, ce produit \u00e0 base de molybdate et d&#039;agents dispersants assure une barri\u00e8re anticorrosion efficace dans les syst\u00e8mes avec prise d&#039;air et alimentation en eau \u00e0 faible duret\u00e9 ou d\u00e9min\u00e9ralis\u00e9e.<\/p>\n<p class=\"p1\">Le produit agit rapidement, formant un <span class=\"s1\"><b>film protecteur<\/b><\/span> qui emp\u00eache l&#039;oxydation des m\u00e9taux tels que le fer, le cuivre et leurs alliages. Recommand\u00e9 pour les syst\u00e8mes d&#039;eau froide, le refroidissement des moteurs et les circuits industriels, <span class=\"s1\"><b>ECO. TR IC 351<\/b><\/span> Elle garantit une dur\u00e9e de vie plus longue des \u00e9quipements et une efficacit\u00e9 op\u00e9rationnelle accrue, m\u00eame dans des conditions difficiles.<\/p>\n<p class=\"p1\">Il convient de l&#039;appliquer \u00e0 une dose de 1,0 \u00e0 3,0 g\/L, \u00e0 adapter selon les caract\u00e9ristiques du syst\u00e8me. Il est efficace dans les milieux dont le pH se situe entre 8,5 et 9,5 et est totalement soluble dans l&#039;eau.<\/p>\n<h3><\/h3>\n<p><b>Caract\u00e9ristiques:<\/b><\/p>\n<p class=\"p1\">\u2022 Base de molybdate avec dispersants sp\u00e9cialement con\u00e7us pour le cuivre et les alliages m\u00e9talliques\u00a0;<\/p>\n<p class=\"p1\">\u2022 Protection contre la corrosion pour les syst\u00e8mes d&#039;eau ferm\u00e9s ;<\/p>\n<p class=\"p1\">\u2022 Enti\u00e8rement soluble dans l&#039;eau, pH sup\u00e9rieur \u00e0 11,5 ;<\/p>\n<p class=\"p1\">\u2022 Stabilit\u00e9 chimique et haute r\u00e9sistance \u00e0 l&#039;oxydation ;<\/p>\n<p class=\"p1\">\u2022 Id\u00e9al pour les circuits de refroidissement et de r\u00e9frig\u00e9ration des moteurs.<\/p>","protected":false},"excerpt":{"rendered":"<p class=\"p1\"><span class=\"s1\"><b>ECO. TR IC 351<\/b><\/span> c&#039;est un <span style=\"color: #af2d2c\"><strong>inhibiteur de corrosion tr\u00e8s efficace<\/strong><\/span> Pour les syst\u00e8mes de r\u00e9frig\u00e9ration ferm\u00e9s, \u00e0 base de molybdate et de dispersants sp\u00e9cifiques pour le cuivre et ses alliages.<\/p>\n<p class=\"p1\">Con\u00e7u pour prot\u00e9ger les circuits de refroidissement \u00e0 eau d\u00e9min\u00e9ralis\u00e9e ou osmotique, il offre <span style=\"color: #af2d2c\"><strong>protection durable et stabilit\u00e9 chimique<\/strong><\/span> dans des environnements exigeants.<\/p>","protected":false},"featured_media":4101,"comment_status":"closed","ping_status":"closed","template":"","meta":[],"product_brand":[],"product_cat":[287],"product_tag":[311,315,306,309,313,312,310,314],"class_list":{"0":"post-7682","1":"product","2":"type-product","3":"status-publish","4":"has-post-thumbnail","6":"product_cat-torres-refrigeracao","7":"product_tag-agua-desmineralizada","8":"product_tag-dispersante-de-cobre","9":"product_tag-ecoindustry","10":"product_tag-inibidor-de-corrosao","11":"product_tag-molibdato","12":"product_tag-protecao-de-circuitos","13":"product_tag-sistema-de-refrigeracao","14":"product_tag-sistemas-fechados","16":"first","17":"instock","18":"shipping-taxable","19":"product-type-simple"},"yoast_head":"<!-- This site is optimized with the Yoast SEO plugin v27.3 - https:\/\/yoast.com\/product\/yoast-seo-wordpress\/ -->\n<title>ECO. TR IC 351 - INIBIDOR DE CORROS\u00c3O - Ecoindustry<\/title>\n<meta name=\"robots\" content=\"index, follow, max-snippet:-1, max-image-preview:large, max-video-preview:-1\" \/>\n<link rel=\"canonical\" href=\"https:\/\/www.ecoindustry.co.ao\/fr\/produit\/7682\/\" \/>\n<meta property=\"og:locale\" content=\"fr_FR\" \/>\n<meta property=\"og:type\" content=\"article\" \/>\n<meta property=\"og:title\" content=\"ECO. TR IC 351 - INIBIDOR DE CORROS\u00c3O - Ecoindustry\" \/>\n<meta property=\"og:description\" content=\"ECO. TR IC 351 \u00e9 um inibidor de corros\u00e3o de alta efic\u00e1cia para sistemas de refrigera\u00e7\u00e3o fechados, baseado em molibdato e dispersantes espec\u00edficos para cobre e suas ligas. Desenvolvido para proteger circuitos de arrefecimento com \u00e1gua desmineralizada ou osm\u00f3tica, oferece prote\u00e7\u00e3o duradoura e estabilidade qu\u00edmica em ambientes exigentes.\" \/>\n<meta property=\"og:url\" content=\"https:\/\/www.ecoindustry.co.ao\/fr\/produit\/7682\/\" \/>\n<meta property=\"og:site_name\" content=\"Ecoindustry\" \/>\n<meta property=\"article:publisher\" content=\"https:\/\/www.facebook.com\/ecoindustrylda\/\" \/>\n<meta property=\"article:modified_time\" content=\"2025-09-09T14:14:12+00:00\" \/>\n<meta property=\"og:image\" content=\"https:\/\/www.ecoindustry.co.ao\/wp-content\/uploads\/2020\/11\/ECO.TR-IC-351.jpg\" \/>\n\t<meta property=\"og:image:width\" content=\"1200\" \/>\n\t<meta property=\"og:image:height\" content=\"800\" \/>\n\t<meta property=\"og:image:type\" content=\"image\/jpeg\" \/>\n<meta name=\"twitter:card\" content=\"summary_large_image\" \/>\n<meta name=\"twitter:label1\" content=\"Dur\u00e9e de lecture estim\u00e9e\" \/>\n\t<meta name=\"twitter:data1\" content=\"1 minute\" \/>\n<script type=\"application\/ld+json\" class=\"yoast-schema-graph\">{\"@context\":\"https:\\\/\\\/schema.org\",\"@graph\":[{\"@type\":\"WebPage\",\"@id\":\"https:\\\/\\\/www.ecoindustry.co.ao\\\/produto\\\/7682\\\/\",\"url\":\"https:\\\/\\\/www.ecoindustry.co.ao\\\/produto\\\/7682\\\/\",\"name\":\"ECO. TR IC 351 - INIBIDOR DE CORROS\u00c3O - Ecoindustry\",\"isPartOf\":{\"@id\":\"https:\\\/\\\/www.ecoindustry.co.ao\\\/#website\"},\"primaryImageOfPage\":{\"@id\":\"https:\\\/\\\/www.ecoindustry.co.ao\\\/produto\\\/7682\\\/#primaryimage\"},\"image\":{\"@id\":\"https:\\\/\\\/www.ecoindustry.co.ao\\\/produto\\\/7682\\\/#primaryimage\"},\"thumbnailUrl\":\"https:\\\/\\\/www.ecoindustry.co.ao\\\/wp-content\\\/uploads\\\/2020\\\/11\\\/ECO.TR-IC-351.jpg\",\"datePublished\":\"2025-04-28T08:45:05+00:00\",\"dateModified\":\"2025-09-09T14:14:12+00:00\",\"breadcrumb\":{\"@id\":\"https:\\\/\\\/www.ecoindustry.co.ao\\\/produto\\\/7682\\\/#breadcrumb\"},\"inLanguage\":\"fr-FR\",\"potentialAction\":[{\"@type\":\"ReadAction\",\"target\":[\"https:\\\/\\\/www.ecoindustry.co.ao\\\/produto\\\/7682\\\/\"]}]},{\"@type\":\"ImageObject\",\"inLanguage\":\"fr-FR\",\"@id\":\"https:\\\/\\\/www.ecoindustry.co.ao\\\/produto\\\/7682\\\/#primaryimage\",\"url\":\"https:\\\/\\\/www.ecoindustry.co.ao\\\/wp-content\\\/uploads\\\/2020\\\/11\\\/ECO.TR-IC-351.jpg\",\"contentUrl\":\"https:\\\/\\\/www.ecoindustry.co.ao\\\/wp-content\\\/uploads\\\/2020\\\/11\\\/ECO.TR-IC-351.jpg\",\"width\":1200,\"height\":800},{\"@type\":\"BreadcrumbList\",\"@id\":\"https:\\\/\\\/www.ecoindustry.co.ao\\\/produto\\\/7682\\\/#breadcrumb\",\"itemListElement\":[{\"@type\":\"ListItem\",\"position\":1,\"name\":\"In\u00edcio\",\"item\":\"https:\\\/\\\/www.ecoindustry.co.ao\\\/\"},{\"@type\":\"ListItem\",\"position\":2,\"name\":\"Loja\",\"item\":\"https:\\\/\\\/www.ecoindustry.co.ao\\\/loja\\\/\"},{\"@type\":\"ListItem\",\"position\":3,\"name\":\"ECO. TR IC 351 &#8211; INIBIDOR DE CORROS\u00c3O\"}]},{\"@type\":\"WebSite\",\"@id\":\"https:\\\/\\\/www.ecoindustry.co.ao\\\/#website\",\"url\":\"https:\\\/\\\/www.ecoindustry.co.ao\\\/\",\"name\":\"Ecoindustry\",\"description\":\"Produzimos e comercializamos o melhor, de \u00c1frica para o Mundo.\",\"publisher\":{\"@id\":\"https:\\\/\\\/www.ecoindustry.co.ao\\\/#organization\"},\"potentialAction\":[{\"@type\":\"SearchAction\",\"target\":{\"@type\":\"EntryPoint\",\"urlTemplate\":\"https:\\\/\\\/www.ecoindustry.co.ao\\\/?s={search_term_string}\"},\"query-input\":{\"@type\":\"PropertyValueSpecification\",\"valueRequired\":true,\"valueName\":\"search_term_string\"}}],\"inLanguage\":\"fr-FR\"},{\"@type\":\"Organization\",\"@id\":\"https:\\\/\\\/www.ecoindustry.co.ao\\\/#organization\",\"name\":\"ECOINDUSTRY\",\"url\":\"https:\\\/\\\/www.ecoindustry.co.ao\\\/\",\"logo\":{\"@type\":\"ImageObject\",\"inLanguage\":\"fr-FR\",\"@id\":\"https:\\\/\\\/www.ecoindustry.co.ao\\\/#\\\/schema\\\/logo\\\/image\\\/\",\"url\":\"https:\\\/\\\/www.ecoindustry.co.ao\\\/wp-content\\\/uploads\\\/2017\\\/04\\\/Logo_Ecoindustry.png\",\"contentUrl\":\"https:\\\/\\\/www.ecoindustry.co.ao\\\/wp-content\\\/uploads\\\/2017\\\/04\\\/Logo_Ecoindustry.png\",\"width\":584,\"height\":111,\"caption\":\"ECOINDUSTRY\"},\"image\":{\"@id\":\"https:\\\/\\\/www.ecoindustry.co.ao\\\/#\\\/schema\\\/logo\\\/image\\\/\"},\"sameAs\":[\"https:\\\/\\\/www.facebook.com\\\/ecoindustrylda\\\/\",\"https:\\\/\\\/www.linkedin.com\\\/company\\\/ecoindustry\\\/\"]}]}<\/script>\n<!-- \/ Yoast SEO plugin. -->","yoast_head_json":{"title":"ECO. TR IC 351 - INIBIDOR DE CORROS\u00c3O - Ecoindustry","robots":{"index":"index","follow":"follow","max-snippet":"max-snippet:-1","max-image-preview":"max-image-preview:large","max-video-preview":"max-video-preview:-1"},"canonical":"https:\/\/www.ecoindustry.co.ao\/fr\/produit\/7682\/","og_locale":"fr_FR","og_type":"article","og_title":"ECO. TR IC 351 - INIBIDOR DE CORROS\u00c3O - Ecoindustry","og_description":"ECO. TR IC 351 \u00e9 um inibidor de corros\u00e3o de alta efic\u00e1cia para sistemas de refrigera\u00e7\u00e3o fechados, baseado em molibdato e dispersantes espec\u00edficos para cobre e suas ligas. Desenvolvido para proteger circuitos de arrefecimento com \u00e1gua desmineralizada ou osm\u00f3tica, oferece prote\u00e7\u00e3o duradoura e estabilidade qu\u00edmica em ambientes exigentes.","og_url":"https:\/\/www.ecoindustry.co.ao\/fr\/produit\/7682\/","og_site_name":"Ecoindustry","article_publisher":"https:\/\/www.facebook.com\/ecoindustrylda\/","article_modified_time":"2025-09-09T14:14:12+00:00","og_image":[{"width":1200,"height":800,"url":"https:\/\/www.ecoindustry.co.ao\/wp-content\/uploads\/2020\/11\/ECO.TR-IC-351.jpg","type":"image\/jpeg"}],"twitter_card":"summary_large_image","twitter_misc":{"Dur\u00e9e de lecture estim\u00e9e":"1 minute"},"schema":{"@context":"https:\/\/schema.org","@graph":[{"@type":"WebPage","@id":"https:\/\/www.ecoindustry.co.ao\/produto\/7682\/","url":"https:\/\/www.ecoindustry.co.ao\/produto\/7682\/","name":"ECO. TR IC 351 - INIBIDOR DE CORROS\u00c3O - Ecoindustry","isPartOf":{"@id":"https:\/\/www.ecoindustry.co.ao\/#website"},"primaryImageOfPage":{"@id":"https:\/\/www.ecoindustry.co.ao\/produto\/7682\/#primaryimage"},"image":{"@id":"https:\/\/www.ecoindustry.co.ao\/produto\/7682\/#primaryimage"},"thumbnailUrl":"https:\/\/www.ecoindustry.co.ao\/wp-content\/uploads\/2020\/11\/ECO.TR-IC-351.jpg","datePublished":"2025-04-28T08:45:05+00:00","dateModified":"2025-09-09T14:14:12+00:00","breadcrumb":{"@id":"https:\/\/www.ecoindustry.co.ao\/produto\/7682\/#breadcrumb"},"inLanguage":"fr-FR","potentialAction":[{"@type":"ReadAction","target":["https:\/\/www.ecoindustry.co.ao\/produto\/7682\/"]}]},{"@type":"ImageObject","inLanguage":"fr-FR","@id":"https:\/\/www.ecoindustry.co.ao\/produto\/7682\/#primaryimage","url":"https:\/\/www.ecoindustry.co.ao\/wp-content\/uploads\/2020\/11\/ECO.TR-IC-351.jpg","contentUrl":"https:\/\/www.ecoindustry.co.ao\/wp-content\/uploads\/2020\/11\/ECO.TR-IC-351.jpg","width":1200,"height":800},{"@type":"BreadcrumbList","@id":"https:\/\/www.ecoindustry.co.ao\/produto\/7682\/#breadcrumb","itemListElement":[{"@type":"ListItem","position":1,"name":"In\u00edcio","item":"https:\/\/www.ecoindustry.co.ao\/"},{"@type":"ListItem","position":2,"name":"Loja","item":"https:\/\/www.ecoindustry.co.ao\/loja\/"},{"@type":"ListItem","position":3,"name":"ECO. TR IC 351 &#8211; INIBIDOR DE CORROS\u00c3O"}]},{"@type":"WebSite","@id":"https:\/\/www.ecoindustry.co.ao\/#website","url":"https:\/\/www.ecoindustry.co.ao\/","name":"\u00c9coindustrie","description":"Produzimos e comercializamos o melhor, de \u00c1frica para o Mundo.","publisher":{"@id":"https:\/\/www.ecoindustry.co.ao\/#organization"},"potentialAction":[{"@type":"SearchAction","target":{"@type":"EntryPoint","urlTemplate":"https:\/\/www.ecoindustry.co.ao\/?s={search_term_string}"},"query-input":{"@type":"PropertyValueSpecification","valueRequired":true,"valueName":"search_term_string"}}],"inLanguage":"fr-FR"},{"@type":"Organization","@id":"https:\/\/www.ecoindustry.co.ao\/#organization","name":"\u00c9COINDUSTRIE","url":"https:\/\/www.ecoindustry.co.ao\/","logo":{"@type":"ImageObject","inLanguage":"fr-FR","@id":"https:\/\/www.ecoindustry.co.ao\/#\/schema\/logo\/image\/","url":"https:\/\/www.ecoindustry.co.ao\/wp-content\/uploads\/2017\/04\/Logo_Ecoindustry.png","contentUrl":"https:\/\/www.ecoindustry.co.ao\/wp-content\/uploads\/2017\/04\/Logo_Ecoindustry.png","width":584,"height":111,"caption":"ECOINDUSTRY"},"image":{"@id":"https:\/\/www.ecoindustry.co.ao\/#\/schema\/logo\/image\/"},"sameAs":["https:\/\/www.facebook.com\/ecoindustrylda\/","https:\/\/www.linkedin.com\/company\/ecoindustry\/"]}]}},"_links":{"self":[{"href":"https:\/\/www.ecoindustry.co.ao\/fr\/wp-json\/wp\/v2\/product\/7682","targetHints":{"allow":["GET"]}}],"collection":[{"href":"https:\/\/www.ecoindustry.co.ao\/fr\/wp-json\/wp\/v2\/product"}],"about":[{"href":"https:\/\/www.ecoindustry.co.ao\/fr\/wp-json\/wp\/v2\/types\/product"}],"replies":[{"embeddable":true,"href":"https:\/\/www.ecoindustry.co.ao\/fr\/wp-json\/wp\/v2\/comments?post=7682"}],"wp:featuredmedia":[{"embeddable":true,"href":"https:\/\/www.ecoindustry.co.ao\/fr\/wp-json\/wp\/v2\/media\/4101"}],"wp:attachment":[{"href":"https:\/\/www.ecoindustry.co.ao\/fr\/wp-json\/wp\/v2\/media?parent=7682"}],"wp:term":[{"taxonomy":"product_brand","embeddable":true,"href":"https:\/\/www.ecoindustry.co.ao\/fr\/wp-json\/wp\/v2\/product_brand?post=7682"},{"taxonomy":"product_cat","embeddable":true,"href":"https:\/\/www.ecoindustry.co.ao\/fr\/wp-json\/wp\/v2\/product_cat?post=7682"},{"taxonomy":"product_tag","embeddable":true,"href":"https:\/\/www.ecoindustry.co.ao\/fr\/wp-json\/wp\/v2\/product_tag?post=7682"}],"curies":[{"name":"wp","href":"https:\/\/api.w.org\/{rel}","templated":true}]}}