{"id":7681,"date":"2025-04-28T08:45:05","date_gmt":"2025-04-28T08:45:05","guid":{"rendered":"https:\/\/www.ecoindustry.co.ao\/?post_type=product&#038;p=7681"},"modified":"2025-09-09T14:11:21","modified_gmt":"2025-09-09T14:11:21","slug":"7681","status":"publish","type":"product","link":"https:\/\/www.ecoindustry.co.ao\/fr\/produit\/7681\/","title":{"rendered":"ECHO. TR WT 640 \u2013 ANTISALISSURE"},"content":{"rendered":"<p class=\"p1\"><span class=\"s1\"><b>ECO. TR WT 640<\/b><\/span> c&#039;est un <span style=\"color: #af2d2c\"><strong>produit antitartre et dispersant<\/strong><\/span> Formul\u00e9 pour prot\u00e9ger les circuits d&#039;eau de refroidissement et les condenseurs \u00e9vaporatifs. Sa composition, \u00e0 base d&#039;acides polycarboxyliques et de compos\u00e9s phosphor\u00e9s, permet\u2026 <span class=\"s1\"><b>modifier le syst\u00e8me de cristallisation<\/b><\/span>, augmentant le seuil de saturation et emp\u00eachant la formation de d\u00e9p\u00f4ts min\u00e9raux.<\/p>\n<p class=\"p1\">LE <span class=\"s1\"><b>ECO. TR WT 640<\/b><\/span> Il est \u00e9galement efficace en tant que <span style=\"color: #af2d2c\"><strong>dispersant de boues et de particules<\/strong><\/span>, Ce produit contribue \u00e0 maintenir les circuits propres et fonctionnels. Il pr\u00e9sente une excellente stabilit\u00e9 thermique et chimique, m\u00eame dans des environnements \u00e0 pH \u00e9lev\u00e9 et en pr\u00e9sence de chlore. Il peut \u00eatre appliqu\u00e9 directement, sans dilution, \u00e0 l&#039;aide de pompes doseuses r\u00e9sistantes aux acides.<\/p>\n<p class=\"p1\">Le dosage recommand\u00e9 varie entre 10 et 50 ppm, selon la qualit\u00e9 de l&#039;eau et les conditions d&#039;utilisation. Un usage appropri\u00e9 prolonge la dur\u00e9e de vie des \u00e9quipements et r\u00e9duit consid\u00e9rablement les co\u00fbts de maintenance.<\/p>\n<h3><\/h3>\n<p><b>Caract\u00e9ristiques:<\/b><\/p>\n<p class=\"p1\">\u2022 Agent antitartre \u00e0 base d&#039;acides polycarboxyliques et de compos\u00e9s phosphor\u00e9s ;<\/p>\n<p class=\"p1\">\u2022 Emp\u00eache la formation d\u2019incrustations et disperse la boue et la salet\u00e9 ;<\/p>\n<p class=\"p1\">\u2022 Stable \u00e0 haute temp\u00e9rature et en pr\u00e9sence de chlore ;<\/p>\n<p class=\"p1\">\u2022 Enti\u00e8rement soluble dans l\u2019eau, pH compris entre 2,0 et 3,0 ;<\/p>\n<p class=\"p1\">\u2022 Convient aux tours de refroidissement et aux condenseurs \u00e9vaporatifs.<\/p>","protected":false},"excerpt":{"rendered":"<p class=\"p1\"><span class=\"s1\"><b>ECO. TR WT 640<\/b><\/span> c&#039;est un <span style=\"color: #af2d2c\"><strong>antisalissure et dispersant<\/strong><\/span> Syst\u00e8me de refroidissement haute performance pour les syst\u00e8mes sujets \u00e0 la formation de d\u00e9p\u00f4ts min\u00e9raux.<\/p>\n<p class=\"p1\">\u00c0 base d&#039;acides polycarboxyliques et de compos\u00e9s organophosphor\u00e9s, <span class=\"s1\"><b>ECO. TR WT 640<\/b><\/span> Il emp\u00eache la formation de tartre et disperse les boues et les impuret\u00e9s, assurant ainsi une plus grande efficacit\u00e9 et une meilleure durabilit\u00e9 des syst\u00e8mes.<\/p>","protected":false},"featured_media":4104,"comment_status":"closed","ping_status":"closed","template":"","meta":[],"product_brand":[],"product_cat":[287],"product_tag":[316,319,317,306,312,318,303,150],"class_list":{"0":"post-7681","1":"product","2":"type-product","3":"status-publish","4":"has-post-thumbnail","6":"product_cat-torres-refrigeracao","7":"product_tag-anti-incrustante","8":"product_tag-condensadores-evaporativos","9":"product_tag-dispersante","10":"product_tag-ecoindustry","11":"product_tag-protecao-de-circuitos","12":"product_tag-sistemas-de-refrigeracao","13":"product_tag-torres-de-refrigeracao","14":"product_tag-tratamento-de-agua","16":"first","17":"instock","18":"featured","19":"shipping-taxable","20":"product-type-simple"},"yoast_head":"<!-- This site is optimized with the Yoast SEO plugin v27.3 - https:\/\/yoast.com\/product\/yoast-seo-wordpress\/ -->\n<title>ECO. TR WT 640 - ANTI-INCRUSTANTE - Ecoindustry<\/title>\n<meta name=\"robots\" content=\"index, follow, max-snippet:-1, max-image-preview:large, max-video-preview:-1\" \/>\n<link rel=\"canonical\" href=\"https:\/\/www.ecoindustry.co.ao\/fr\/produit\/7681\/\" \/>\n<meta property=\"og:locale\" content=\"fr_FR\" \/>\n<meta property=\"og:type\" content=\"article\" \/>\n<meta property=\"og:title\" content=\"ECO. TR WT 640 - ANTI-INCRUSTANTE - Ecoindustry\" \/>\n<meta property=\"og:description\" content=\"ECO. TR WT 640 \u00e9 um anti-incrustante e dispersante de alta performance para sistemas de refrigera\u00e7\u00e3o com tend\u00eancia \u00e0 forma\u00e7\u00e3o de dep\u00f3sitos minerais. Baseado em \u00e1cidos policarbox\u00edlicos e compostos org\u00e2nicos de f\u00f3sforo, o ECO. TR WT 640 impede a forma\u00e7\u00e3o de incrusta\u00e7\u00f5es e dispersa lamas e impurezas, garantindo maior efici\u00eancia e durabilidade dos sistemas.\" \/>\n<meta property=\"og:url\" content=\"https:\/\/www.ecoindustry.co.ao\/fr\/produit\/7681\/\" \/>\n<meta property=\"og:site_name\" content=\"Ecoindustry\" \/>\n<meta property=\"article:publisher\" content=\"https:\/\/www.facebook.com\/ecoindustrylda\/\" \/>\n<meta property=\"article:modified_time\" content=\"2025-09-09T14:11:21+00:00\" \/>\n<meta property=\"og:image\" content=\"https:\/\/www.ecoindustry.co.ao\/wp-content\/uploads\/2020\/11\/ECO.TR-WT-640.jpg\" \/>\n\t<meta property=\"og:image:width\" content=\"1200\" \/>\n\t<meta property=\"og:image:height\" content=\"800\" \/>\n\t<meta property=\"og:image:type\" content=\"image\/jpeg\" \/>\n<meta name=\"twitter:card\" content=\"summary_large_image\" \/>\n<meta name=\"twitter:label1\" content=\"Dur\u00e9e de lecture estim\u00e9e\" \/>\n\t<meta name=\"twitter:data1\" content=\"1 minute\" \/>\n<script type=\"application\/ld+json\" class=\"yoast-schema-graph\">{\"@context\":\"https:\\\/\\\/schema.org\",\"@graph\":[{\"@type\":\"WebPage\",\"@id\":\"https:\\\/\\\/www.ecoindustry.co.ao\\\/produto\\\/7681\\\/\",\"url\":\"https:\\\/\\\/www.ecoindustry.co.ao\\\/produto\\\/7681\\\/\",\"name\":\"ECO. TR WT 640 - ANTI-INCRUSTANTE - Ecoindustry\",\"isPartOf\":{\"@id\":\"https:\\\/\\\/www.ecoindustry.co.ao\\\/#website\"},\"primaryImageOfPage\":{\"@id\":\"https:\\\/\\\/www.ecoindustry.co.ao\\\/produto\\\/7681\\\/#primaryimage\"},\"image\":{\"@id\":\"https:\\\/\\\/www.ecoindustry.co.ao\\\/produto\\\/7681\\\/#primaryimage\"},\"thumbnailUrl\":\"https:\\\/\\\/www.ecoindustry.co.ao\\\/wp-content\\\/uploads\\\/2020\\\/11\\\/ECO.TR-WT-640.jpg\",\"datePublished\":\"2025-04-28T08:45:05+00:00\",\"dateModified\":\"2025-09-09T14:11:21+00:00\",\"breadcrumb\":{\"@id\":\"https:\\\/\\\/www.ecoindustry.co.ao\\\/produto\\\/7681\\\/#breadcrumb\"},\"inLanguage\":\"fr-FR\",\"potentialAction\":[{\"@type\":\"ReadAction\",\"target\":[\"https:\\\/\\\/www.ecoindustry.co.ao\\\/produto\\\/7681\\\/\"]}]},{\"@type\":\"ImageObject\",\"inLanguage\":\"fr-FR\",\"@id\":\"https:\\\/\\\/www.ecoindustry.co.ao\\\/produto\\\/7681\\\/#primaryimage\",\"url\":\"https:\\\/\\\/www.ecoindustry.co.ao\\\/wp-content\\\/uploads\\\/2020\\\/11\\\/ECO.TR-WT-640.jpg\",\"contentUrl\":\"https:\\\/\\\/www.ecoindustry.co.ao\\\/wp-content\\\/uploads\\\/2020\\\/11\\\/ECO.TR-WT-640.jpg\",\"width\":1200,\"height\":800},{\"@type\":\"BreadcrumbList\",\"@id\":\"https:\\\/\\\/www.ecoindustry.co.ao\\\/produto\\\/7681\\\/#breadcrumb\",\"itemListElement\":[{\"@type\":\"ListItem\",\"position\":1,\"name\":\"In\u00edcio\",\"item\":\"https:\\\/\\\/www.ecoindustry.co.ao\\\/\"},{\"@type\":\"ListItem\",\"position\":2,\"name\":\"Loja\",\"item\":\"https:\\\/\\\/www.ecoindustry.co.ao\\\/loja\\\/\"},{\"@type\":\"ListItem\",\"position\":3,\"name\":\"ECO. TR WT 640 &#8211; ANTI-INCRUSTANTE\"}]},{\"@type\":\"WebSite\",\"@id\":\"https:\\\/\\\/www.ecoindustry.co.ao\\\/#website\",\"url\":\"https:\\\/\\\/www.ecoindustry.co.ao\\\/\",\"name\":\"Ecoindustry\",\"description\":\"Produzimos e comercializamos o melhor, de \u00c1frica para o Mundo.\",\"publisher\":{\"@id\":\"https:\\\/\\\/www.ecoindustry.co.ao\\\/#organization\"},\"potentialAction\":[{\"@type\":\"SearchAction\",\"target\":{\"@type\":\"EntryPoint\",\"urlTemplate\":\"https:\\\/\\\/www.ecoindustry.co.ao\\\/?s={search_term_string}\"},\"query-input\":{\"@type\":\"PropertyValueSpecification\",\"valueRequired\":true,\"valueName\":\"search_term_string\"}}],\"inLanguage\":\"fr-FR\"},{\"@type\":\"Organization\",\"@id\":\"https:\\\/\\\/www.ecoindustry.co.ao\\\/#organization\",\"name\":\"ECOINDUSTRY\",\"url\":\"https:\\\/\\\/www.ecoindustry.co.ao\\\/\",\"logo\":{\"@type\":\"ImageObject\",\"inLanguage\":\"fr-FR\",\"@id\":\"https:\\\/\\\/www.ecoindustry.co.ao\\\/#\\\/schema\\\/logo\\\/image\\\/\",\"url\":\"https:\\\/\\\/www.ecoindustry.co.ao\\\/wp-content\\\/uploads\\\/2017\\\/04\\\/Logo_Ecoindustry.png\",\"contentUrl\":\"https:\\\/\\\/www.ecoindustry.co.ao\\\/wp-content\\\/uploads\\\/2017\\\/04\\\/Logo_Ecoindustry.png\",\"width\":584,\"height\":111,\"caption\":\"ECOINDUSTRY\"},\"image\":{\"@id\":\"https:\\\/\\\/www.ecoindustry.co.ao\\\/#\\\/schema\\\/logo\\\/image\\\/\"},\"sameAs\":[\"https:\\\/\\\/www.facebook.com\\\/ecoindustrylda\\\/\",\"https:\\\/\\\/www.linkedin.com\\\/company\\\/ecoindustry\\\/\"]}]}<\/script>\n<!-- \/ Yoast SEO plugin. -->","yoast_head_json":{"title":"ECO. TR WT 640 - ANTI-INCRUSTANTE - Ecoindustry","robots":{"index":"index","follow":"follow","max-snippet":"max-snippet:-1","max-image-preview":"max-image-preview:large","max-video-preview":"max-video-preview:-1"},"canonical":"https:\/\/www.ecoindustry.co.ao\/fr\/produit\/7681\/","og_locale":"fr_FR","og_type":"article","og_title":"ECO. TR WT 640 - ANTI-INCRUSTANTE - Ecoindustry","og_description":"ECO. TR WT 640 \u00e9 um anti-incrustante e dispersante de alta performance para sistemas de refrigera\u00e7\u00e3o com tend\u00eancia \u00e0 forma\u00e7\u00e3o de dep\u00f3sitos minerais. Baseado em \u00e1cidos policarbox\u00edlicos e compostos org\u00e2nicos de f\u00f3sforo, o ECO. TR WT 640 impede a forma\u00e7\u00e3o de incrusta\u00e7\u00f5es e dispersa lamas e impurezas, garantindo maior efici\u00eancia e durabilidade dos sistemas.","og_url":"https:\/\/www.ecoindustry.co.ao\/fr\/produit\/7681\/","og_site_name":"Ecoindustry","article_publisher":"https:\/\/www.facebook.com\/ecoindustrylda\/","article_modified_time":"2025-09-09T14:11:21+00:00","og_image":[{"width":1200,"height":800,"url":"https:\/\/www.ecoindustry.co.ao\/wp-content\/uploads\/2020\/11\/ECO.TR-WT-640.jpg","type":"image\/jpeg"}],"twitter_card":"summary_large_image","twitter_misc":{"Dur\u00e9e de lecture estim\u00e9e":"1 minute"},"schema":{"@context":"https:\/\/schema.org","@graph":[{"@type":"WebPage","@id":"https:\/\/www.ecoindustry.co.ao\/produto\/7681\/","url":"https:\/\/www.ecoindustry.co.ao\/produto\/7681\/","name":"ECO. TR WT 640 - ANTI-INCRUSTANTE - Ecoindustry","isPartOf":{"@id":"https:\/\/www.ecoindustry.co.ao\/#website"},"primaryImageOfPage":{"@id":"https:\/\/www.ecoindustry.co.ao\/produto\/7681\/#primaryimage"},"image":{"@id":"https:\/\/www.ecoindustry.co.ao\/produto\/7681\/#primaryimage"},"thumbnailUrl":"https:\/\/www.ecoindustry.co.ao\/wp-content\/uploads\/2020\/11\/ECO.TR-WT-640.jpg","datePublished":"2025-04-28T08:45:05+00:00","dateModified":"2025-09-09T14:11:21+00:00","breadcrumb":{"@id":"https:\/\/www.ecoindustry.co.ao\/produto\/7681\/#breadcrumb"},"inLanguage":"fr-FR","potentialAction":[{"@type":"ReadAction","target":["https:\/\/www.ecoindustry.co.ao\/produto\/7681\/"]}]},{"@type":"ImageObject","inLanguage":"fr-FR","@id":"https:\/\/www.ecoindustry.co.ao\/produto\/7681\/#primaryimage","url":"https:\/\/www.ecoindustry.co.ao\/wp-content\/uploads\/2020\/11\/ECO.TR-WT-640.jpg","contentUrl":"https:\/\/www.ecoindustry.co.ao\/wp-content\/uploads\/2020\/11\/ECO.TR-WT-640.jpg","width":1200,"height":800},{"@type":"BreadcrumbList","@id":"https:\/\/www.ecoindustry.co.ao\/produto\/7681\/#breadcrumb","itemListElement":[{"@type":"ListItem","position":1,"name":"In\u00edcio","item":"https:\/\/www.ecoindustry.co.ao\/"},{"@type":"ListItem","position":2,"name":"Loja","item":"https:\/\/www.ecoindustry.co.ao\/loja\/"},{"@type":"ListItem","position":3,"name":"ECO. TR WT 640 &#8211; ANTI-INCRUSTANTE"}]},{"@type":"WebSite","@id":"https:\/\/www.ecoindustry.co.ao\/#website","url":"https:\/\/www.ecoindustry.co.ao\/","name":"\u00c9coindustrie","description":"Produzimos e comercializamos o melhor, de \u00c1frica para o Mundo.","publisher":{"@id":"https:\/\/www.ecoindustry.co.ao\/#organization"},"potentialAction":[{"@type":"SearchAction","target":{"@type":"EntryPoint","urlTemplate":"https:\/\/www.ecoindustry.co.ao\/?s={search_term_string}"},"query-input":{"@type":"PropertyValueSpecification","valueRequired":true,"valueName":"search_term_string"}}],"inLanguage":"fr-FR"},{"@type":"Organization","@id":"https:\/\/www.ecoindustry.co.ao\/#organization","name":"\u00c9COINDUSTRIE","url":"https:\/\/www.ecoindustry.co.ao\/","logo":{"@type":"ImageObject","inLanguage":"fr-FR","@id":"https:\/\/www.ecoindustry.co.ao\/#\/schema\/logo\/image\/","url":"https:\/\/www.ecoindustry.co.ao\/wp-content\/uploads\/2017\/04\/Logo_Ecoindustry.png","contentUrl":"https:\/\/www.ecoindustry.co.ao\/wp-content\/uploads\/2017\/04\/Logo_Ecoindustry.png","width":584,"height":111,"caption":"ECOINDUSTRY"},"image":{"@id":"https:\/\/www.ecoindustry.co.ao\/#\/schema\/logo\/image\/"},"sameAs":["https:\/\/www.facebook.com\/ecoindustrylda\/","https:\/\/www.linkedin.com\/company\/ecoindustry\/"]}]}},"_links":{"self":[{"href":"https:\/\/www.ecoindustry.co.ao\/fr\/wp-json\/wp\/v2\/product\/7681","targetHints":{"allow":["GET"]}}],"collection":[{"href":"https:\/\/www.ecoindustry.co.ao\/fr\/wp-json\/wp\/v2\/product"}],"about":[{"href":"https:\/\/www.ecoindustry.co.ao\/fr\/wp-json\/wp\/v2\/types\/product"}],"replies":[{"embeddable":true,"href":"https:\/\/www.ecoindustry.co.ao\/fr\/wp-json\/wp\/v2\/comments?post=7681"}],"wp:featuredmedia":[{"embeddable":true,"href":"https:\/\/www.ecoindustry.co.ao\/fr\/wp-json\/wp\/v2\/media\/4104"}],"wp:attachment":[{"href":"https:\/\/www.ecoindustry.co.ao\/fr\/wp-json\/wp\/v2\/media?parent=7681"}],"wp:term":[{"taxonomy":"product_brand","embeddable":true,"href":"https:\/\/www.ecoindustry.co.ao\/fr\/wp-json\/wp\/v2\/product_brand?post=7681"},{"taxonomy":"product_cat","embeddable":true,"href":"https:\/\/www.ecoindustry.co.ao\/fr\/wp-json\/wp\/v2\/product_cat?post=7681"},{"taxonomy":"product_tag","embeddable":true,"href":"https:\/\/www.ecoindustry.co.ao\/fr\/wp-json\/wp\/v2\/product_tag?post=7681"}],"curies":[{"name":"wp","href":"https:\/\/api.w.org\/{rel}","templated":true}]}}