{"id":7680,"date":"2025-04-28T08:45:05","date_gmt":"2025-04-28T08:45:05","guid":{"rendered":"https:\/\/www.ecoindustry.co.ao\/?post_type=product&#038;p=7680"},"modified":"2025-09-09T14:15:57","modified_gmt":"2025-09-09T14:15:57","slug":"7680","status":"publish","type":"product","link":"https:\/\/www.ecoindustry.co.ao\/fr\/produit\/7680\/","title":{"rendered":"\u00c9CHO. TR HS 13 \u2013 BIOCIDE OXYDANT"},"content":{"rendered":"<p class=\"p1\"><span class=\"s1\"><b>ECO. TR HS 13<\/b><\/span> c&#039;est un <span style=\"color: #af2d2c\"><strong>biocide oxydant<\/strong><\/span> tr\u00e8s efficace, utilis\u00e9 pour <span class=\"s1\"><b>traitement de l&#039;eau<\/b><\/span> Utilis\u00e9 dans les syst\u00e8mes de r\u00e9frig\u00e9ration et diverses applications industrielles, sa formule repose sur des compos\u00e9s chlor\u00e9s qui assurent une d\u00e9sinfection robuste, \u00e9liminant efficacement les bact\u00e9ries, les virus et autres micro-organismes.<\/p>\n<p class=\"p1\">Se pr\u00e9sentant sous forme de liquide jaune clair, il est totalement soluble dans l&#039;eau, l&#039;\u00e9thanol et l&#039;ac\u00e9tone. <span class=\"s1\"><b>ECO. TR HS 13<\/b><\/span> Il est \u00e9galement largement utilis\u00e9 dans les industries de la p\u00e2te \u00e0 papier et du textile en raison de ses <span style=\"color: #af2d2c\"><strong>action germicide et d\u00e9sinfectante<\/strong><\/span> rapide.<\/p>\n<p class=\"p1\">Il est conditionn\u00e9 en bidons de 20 litres et doit \u00eatre stock\u00e9 dans un endroit frais et a\u00e9r\u00e9, \u00e0 l&#039;abri de la lumi\u00e8re directe du soleil, afin de pr\u00e9server la concentration de chlore actif. Une utilisation r\u00e9guli\u00e8re garantit le maintien de la qualit\u00e9 de l&#039;eau et la protection contre l&#039;entartrage et la contamination microbiologique.<\/p>\n<h3><\/h3>\n<p><b>Caract\u00e9ristiques:<\/b><\/p>\n<p class=\"p1\">\u2022 Biocide oxydant \u00e0 forte concentration de chlore actif ;<\/p>\n<p class=\"p1\">\u2022 Efficace contre un large \u00e9ventail de micro-organismes ;<\/p>\n<p class=\"p1\">\u2022 Convient aux tours de refroidissement, \u00e0 l&#039;industrie des p\u00e2tes et papiers et \u00e0 l&#039;industrie textile ;<\/p>\n<p class=\"p1\">\u2022 Soluble dans l&#039;eau, l&#039;\u00e9thanol et l&#039;ac\u00e9tone ;<\/p>\n<p class=\"p1\">\u2022 Conteneur de 20 litres.<\/p>","protected":false},"excerpt":{"rendered":"<p class=\"p1\"><span class=\"s1\"><b>ECO. TR HS 13<\/b><\/span> c&#039;est un <span style=\"color: #af2d2c\"><strong>biocide oxydant<\/strong><\/span> Formul\u00e9 pour la d\u00e9sinfection de l&#039;eau dans les tours de refroidissement et les applications industrielles.<\/p>\n<p class=\"p1\">Gr\u00e2ce \u00e0 sa forte concentration en chlore actif, il offre un <span class=\"s1\"><b>action germicide rapide et efficace<\/b><\/span>, Il convient \u00e9galement aux industries de la p\u00e2te \u00e0 papier et du textile.<\/p>","protected":false},"featured_media":4103,"comment_status":"closed","ping_status":"closed","template":"","meta":[],"product_brand":[],"product_cat":[287],"product_tag":[320,323,322,308,306,324,321,150],"class_list":{"0":"post-7680","1":"product","2":"type-product","3":"status-publish","4":"has-post-thumbnail","6":"product_cat-torres-refrigeracao","7":"product_tag-biocida-oxidante","8":"product_tag-celulose","9":"product_tag-cloro-activo","10":"product_tag-desinfeccao-industrial","11":"product_tag-ecoindustry","12":"product_tag-textil","13":"product_tag-torres-de-arrefecimento","14":"product_tag-tratamento-de-agua","16":"first","17":"instock","18":"shipping-taxable","19":"product-type-simple"},"yoast_head":"<!-- This site is optimized with the Yoast SEO plugin v27.3 - https:\/\/yoast.com\/product\/yoast-seo-wordpress\/ -->\n<title>ECO. TR HS 13 - BIOCIDA OXIDANTE - Ecoindustry<\/title>\n<meta name=\"robots\" content=\"index, follow, max-snippet:-1, max-image-preview:large, max-video-preview:-1\" \/>\n<link rel=\"canonical\" href=\"https:\/\/www.ecoindustry.co.ao\/fr\/produit\/7680\/\" \/>\n<meta property=\"og:locale\" content=\"fr_FR\" \/>\n<meta property=\"og:type\" content=\"article\" \/>\n<meta property=\"og:title\" content=\"ECO. TR HS 13 - BIOCIDA OXIDANTE - Ecoindustry\" \/>\n<meta property=\"og:description\" content=\"ECO. TR HS 13 \u00e9 um biocida oxidante formulado para a desinfec\u00e7\u00e3o de \u00e1guas em torres de arrefecimento e aplica\u00e7\u00f5es industriais. Com alta concentra\u00e7\u00e3o de cloro activo, oferece uma a\u00e7\u00e3o germicida r\u00e1pida e eficaz, sendo tamb\u00e9m indicado para as ind\u00fastrias de celulose e t\u00eaxtil.\" \/>\n<meta property=\"og:url\" content=\"https:\/\/www.ecoindustry.co.ao\/fr\/produit\/7680\/\" \/>\n<meta property=\"og:site_name\" content=\"Ecoindustry\" \/>\n<meta property=\"article:publisher\" content=\"https:\/\/www.facebook.com\/ecoindustrylda\/\" \/>\n<meta property=\"article:modified_time\" content=\"2025-09-09T14:15:57+00:00\" \/>\n<meta property=\"og:image\" content=\"https:\/\/www.ecoindustry.co.ao\/wp-content\/uploads\/2020\/11\/ECO.TR-HS-13.jpg\" \/>\n\t<meta property=\"og:image:width\" content=\"1200\" \/>\n\t<meta property=\"og:image:height\" content=\"800\" \/>\n\t<meta property=\"og:image:type\" content=\"image\/jpeg\" \/>\n<meta name=\"twitter:card\" content=\"summary_large_image\" \/>\n<meta name=\"twitter:label1\" content=\"Dur\u00e9e de lecture estim\u00e9e\" \/>\n\t<meta name=\"twitter:data1\" content=\"1 minute\" \/>\n<script type=\"application\/ld+json\" class=\"yoast-schema-graph\">{\"@context\":\"https:\\\/\\\/schema.org\",\"@graph\":[{\"@type\":\"WebPage\",\"@id\":\"https:\\\/\\\/www.ecoindustry.co.ao\\\/produto\\\/7680\\\/\",\"url\":\"https:\\\/\\\/www.ecoindustry.co.ao\\\/produto\\\/7680\\\/\",\"name\":\"ECO. TR HS 13 - BIOCIDA OXIDANTE - Ecoindustry\",\"isPartOf\":{\"@id\":\"https:\\\/\\\/www.ecoindustry.co.ao\\\/#website\"},\"primaryImageOfPage\":{\"@id\":\"https:\\\/\\\/www.ecoindustry.co.ao\\\/produto\\\/7680\\\/#primaryimage\"},\"image\":{\"@id\":\"https:\\\/\\\/www.ecoindustry.co.ao\\\/produto\\\/7680\\\/#primaryimage\"},\"thumbnailUrl\":\"https:\\\/\\\/www.ecoindustry.co.ao\\\/wp-content\\\/uploads\\\/2020\\\/11\\\/ECO.TR-HS-13.jpg\",\"datePublished\":\"2025-04-28T08:45:05+00:00\",\"dateModified\":\"2025-09-09T14:15:57+00:00\",\"breadcrumb\":{\"@id\":\"https:\\\/\\\/www.ecoindustry.co.ao\\\/produto\\\/7680\\\/#breadcrumb\"},\"inLanguage\":\"fr-FR\",\"potentialAction\":[{\"@type\":\"ReadAction\",\"target\":[\"https:\\\/\\\/www.ecoindustry.co.ao\\\/produto\\\/7680\\\/\"]}]},{\"@type\":\"ImageObject\",\"inLanguage\":\"fr-FR\",\"@id\":\"https:\\\/\\\/www.ecoindustry.co.ao\\\/produto\\\/7680\\\/#primaryimage\",\"url\":\"https:\\\/\\\/www.ecoindustry.co.ao\\\/wp-content\\\/uploads\\\/2020\\\/11\\\/ECO.TR-HS-13.jpg\",\"contentUrl\":\"https:\\\/\\\/www.ecoindustry.co.ao\\\/wp-content\\\/uploads\\\/2020\\\/11\\\/ECO.TR-HS-13.jpg\",\"width\":1200,\"height\":800},{\"@type\":\"BreadcrumbList\",\"@id\":\"https:\\\/\\\/www.ecoindustry.co.ao\\\/produto\\\/7680\\\/#breadcrumb\",\"itemListElement\":[{\"@type\":\"ListItem\",\"position\":1,\"name\":\"In\u00edcio\",\"item\":\"https:\\\/\\\/www.ecoindustry.co.ao\\\/\"},{\"@type\":\"ListItem\",\"position\":2,\"name\":\"Loja\",\"item\":\"https:\\\/\\\/www.ecoindustry.co.ao\\\/loja\\\/\"},{\"@type\":\"ListItem\",\"position\":3,\"name\":\"ECO. TR HS 13 &#8211; BIOCIDA OXIDANTE\"}]},{\"@type\":\"WebSite\",\"@id\":\"https:\\\/\\\/www.ecoindustry.co.ao\\\/#website\",\"url\":\"https:\\\/\\\/www.ecoindustry.co.ao\\\/\",\"name\":\"Ecoindustry\",\"description\":\"Produzimos e comercializamos o melhor, de \u00c1frica para o Mundo.\",\"publisher\":{\"@id\":\"https:\\\/\\\/www.ecoindustry.co.ao\\\/#organization\"},\"potentialAction\":[{\"@type\":\"SearchAction\",\"target\":{\"@type\":\"EntryPoint\",\"urlTemplate\":\"https:\\\/\\\/www.ecoindustry.co.ao\\\/?s={search_term_string}\"},\"query-input\":{\"@type\":\"PropertyValueSpecification\",\"valueRequired\":true,\"valueName\":\"search_term_string\"}}],\"inLanguage\":\"fr-FR\"},{\"@type\":\"Organization\",\"@id\":\"https:\\\/\\\/www.ecoindustry.co.ao\\\/#organization\",\"name\":\"ECOINDUSTRY\",\"url\":\"https:\\\/\\\/www.ecoindustry.co.ao\\\/\",\"logo\":{\"@type\":\"ImageObject\",\"inLanguage\":\"fr-FR\",\"@id\":\"https:\\\/\\\/www.ecoindustry.co.ao\\\/#\\\/schema\\\/logo\\\/image\\\/\",\"url\":\"https:\\\/\\\/www.ecoindustry.co.ao\\\/wp-content\\\/uploads\\\/2017\\\/04\\\/Logo_Ecoindustry.png\",\"contentUrl\":\"https:\\\/\\\/www.ecoindustry.co.ao\\\/wp-content\\\/uploads\\\/2017\\\/04\\\/Logo_Ecoindustry.png\",\"width\":584,\"height\":111,\"caption\":\"ECOINDUSTRY\"},\"image\":{\"@id\":\"https:\\\/\\\/www.ecoindustry.co.ao\\\/#\\\/schema\\\/logo\\\/image\\\/\"},\"sameAs\":[\"https:\\\/\\\/www.facebook.com\\\/ecoindustrylda\\\/\",\"https:\\\/\\\/www.linkedin.com\\\/company\\\/ecoindustry\\\/\"]}]}<\/script>\n<!-- \/ Yoast SEO plugin. -->","yoast_head_json":{"title":"ECO. TR HS 13 - BIOCIDA OXIDANTE - Ecoindustry","robots":{"index":"index","follow":"follow","max-snippet":"max-snippet:-1","max-image-preview":"max-image-preview:large","max-video-preview":"max-video-preview:-1"},"canonical":"https:\/\/www.ecoindustry.co.ao\/fr\/produit\/7680\/","og_locale":"fr_FR","og_type":"article","og_title":"ECO. TR HS 13 - BIOCIDA OXIDANTE - Ecoindustry","og_description":"ECO. TR HS 13 \u00e9 um biocida oxidante formulado para a desinfec\u00e7\u00e3o de \u00e1guas em torres de arrefecimento e aplica\u00e7\u00f5es industriais. Com alta concentra\u00e7\u00e3o de cloro activo, oferece uma a\u00e7\u00e3o germicida r\u00e1pida e eficaz, sendo tamb\u00e9m indicado para as ind\u00fastrias de celulose e t\u00eaxtil.","og_url":"https:\/\/www.ecoindustry.co.ao\/fr\/produit\/7680\/","og_site_name":"Ecoindustry","article_publisher":"https:\/\/www.facebook.com\/ecoindustrylda\/","article_modified_time":"2025-09-09T14:15:57+00:00","og_image":[{"width":1200,"height":800,"url":"https:\/\/www.ecoindustry.co.ao\/wp-content\/uploads\/2020\/11\/ECO.TR-HS-13.jpg","type":"image\/jpeg"}],"twitter_card":"summary_large_image","twitter_misc":{"Dur\u00e9e de lecture estim\u00e9e":"1 minute"},"schema":{"@context":"https:\/\/schema.org","@graph":[{"@type":"WebPage","@id":"https:\/\/www.ecoindustry.co.ao\/produto\/7680\/","url":"https:\/\/www.ecoindustry.co.ao\/produto\/7680\/","name":"ECO. TR HS 13 - BIOCIDA OXIDANTE - Ecoindustry","isPartOf":{"@id":"https:\/\/www.ecoindustry.co.ao\/#website"},"primaryImageOfPage":{"@id":"https:\/\/www.ecoindustry.co.ao\/produto\/7680\/#primaryimage"},"image":{"@id":"https:\/\/www.ecoindustry.co.ao\/produto\/7680\/#primaryimage"},"thumbnailUrl":"https:\/\/www.ecoindustry.co.ao\/wp-content\/uploads\/2020\/11\/ECO.TR-HS-13.jpg","datePublished":"2025-04-28T08:45:05+00:00","dateModified":"2025-09-09T14:15:57+00:00","breadcrumb":{"@id":"https:\/\/www.ecoindustry.co.ao\/produto\/7680\/#breadcrumb"},"inLanguage":"fr-FR","potentialAction":[{"@type":"ReadAction","target":["https:\/\/www.ecoindustry.co.ao\/produto\/7680\/"]}]},{"@type":"ImageObject","inLanguage":"fr-FR","@id":"https:\/\/www.ecoindustry.co.ao\/produto\/7680\/#primaryimage","url":"https:\/\/www.ecoindustry.co.ao\/wp-content\/uploads\/2020\/11\/ECO.TR-HS-13.jpg","contentUrl":"https:\/\/www.ecoindustry.co.ao\/wp-content\/uploads\/2020\/11\/ECO.TR-HS-13.jpg","width":1200,"height":800},{"@type":"BreadcrumbList","@id":"https:\/\/www.ecoindustry.co.ao\/produto\/7680\/#breadcrumb","itemListElement":[{"@type":"ListItem","position":1,"name":"In\u00edcio","item":"https:\/\/www.ecoindustry.co.ao\/"},{"@type":"ListItem","position":2,"name":"Loja","item":"https:\/\/www.ecoindustry.co.ao\/loja\/"},{"@type":"ListItem","position":3,"name":"ECO. TR HS 13 &#8211; BIOCIDA OXIDANTE"}]},{"@type":"WebSite","@id":"https:\/\/www.ecoindustry.co.ao\/#website","url":"https:\/\/www.ecoindustry.co.ao\/","name":"\u00c9coindustrie","description":"Produzimos e comercializamos o melhor, de \u00c1frica para o Mundo.","publisher":{"@id":"https:\/\/www.ecoindustry.co.ao\/#organization"},"potentialAction":[{"@type":"SearchAction","target":{"@type":"EntryPoint","urlTemplate":"https:\/\/www.ecoindustry.co.ao\/?s={search_term_string}"},"query-input":{"@type":"PropertyValueSpecification","valueRequired":true,"valueName":"search_term_string"}}],"inLanguage":"fr-FR"},{"@type":"Organization","@id":"https:\/\/www.ecoindustry.co.ao\/#organization","name":"\u00c9COINDUSTRIE","url":"https:\/\/www.ecoindustry.co.ao\/","logo":{"@type":"ImageObject","inLanguage":"fr-FR","@id":"https:\/\/www.ecoindustry.co.ao\/#\/schema\/logo\/image\/","url":"https:\/\/www.ecoindustry.co.ao\/wp-content\/uploads\/2017\/04\/Logo_Ecoindustry.png","contentUrl":"https:\/\/www.ecoindustry.co.ao\/wp-content\/uploads\/2017\/04\/Logo_Ecoindustry.png","width":584,"height":111,"caption":"ECOINDUSTRY"},"image":{"@id":"https:\/\/www.ecoindustry.co.ao\/#\/schema\/logo\/image\/"},"sameAs":["https:\/\/www.facebook.com\/ecoindustrylda\/","https:\/\/www.linkedin.com\/company\/ecoindustry\/"]}]}},"_links":{"self":[{"href":"https:\/\/www.ecoindustry.co.ao\/fr\/wp-json\/wp\/v2\/product\/7680","targetHints":{"allow":["GET"]}}],"collection":[{"href":"https:\/\/www.ecoindustry.co.ao\/fr\/wp-json\/wp\/v2\/product"}],"about":[{"href":"https:\/\/www.ecoindustry.co.ao\/fr\/wp-json\/wp\/v2\/types\/product"}],"replies":[{"embeddable":true,"href":"https:\/\/www.ecoindustry.co.ao\/fr\/wp-json\/wp\/v2\/comments?post=7680"}],"wp:featuredmedia":[{"embeddable":true,"href":"https:\/\/www.ecoindustry.co.ao\/fr\/wp-json\/wp\/v2\/media\/4103"}],"wp:attachment":[{"href":"https:\/\/www.ecoindustry.co.ao\/fr\/wp-json\/wp\/v2\/media?parent=7680"}],"wp:term":[{"taxonomy":"product_brand","embeddable":true,"href":"https:\/\/www.ecoindustry.co.ao\/fr\/wp-json\/wp\/v2\/product_brand?post=7680"},{"taxonomy":"product_cat","embeddable":true,"href":"https:\/\/www.ecoindustry.co.ao\/fr\/wp-json\/wp\/v2\/product_cat?post=7680"},{"taxonomy":"product_tag","embeddable":true,"href":"https:\/\/www.ecoindustry.co.ao\/fr\/wp-json\/wp\/v2\/product_tag?post=7680"}],"curies":[{"name":"wp","href":"https:\/\/api.w.org\/{rel}","templated":true}]}}