{"id":7600,"date":"2025-04-21T07:21:35","date_gmt":"2025-04-21T07:21:35","guid":{"rendered":"https:\/\/www.ecoindustry.co.ao\/?post_type=product&#038;p=7600"},"modified":"2025-09-09T14:17:16","modified_gmt":"2025-09-09T14:17:16","slug":"ecolixivia","status":"publish","type":"product","link":"https:\/\/www.ecoindustry.co.ao\/fr\/produit\/ecolixivia\/","title":{"rendered":"ECOLYXIVIUM"},"content":{"rendered":"<p class=\"p1\"><span class=\"s1\"><b>Ecolix\u00edvia<\/b><\/span> \u00e9 uma lix\u00edvia industrial formulada com um <span style=\"color: #af2d2c\"><strong>teor de cloro activo at\u00e9 7%<\/strong><\/span>, garantindo ac\u00e7\u00e3o eficaz contra germes, fungos e bact\u00e9rias. Indicada para limpezas intensas de superf\u00edcies e utens\u00edlios ou para lavagem e branqueamento de roupa.<\/p>\n<p class=\"p1\">Pode ser utilizada dilu\u00edda para manuten\u00e7\u00e3o regular ou pura para interven\u00e7\u00f5es mais exigentes. A sua efic\u00e1cia torna-a uma solu\u00e7\u00e3o confi\u00e1vel para uso dom\u00e9stico, institucional ou industrial.<\/p>\n<h3><\/h3>\n<p><b>Caract\u00e9ristiques:<\/b><\/p>\n<p class=\"p1\">\u2022 Lix\u00edvia industrial com at\u00e9 7% de cloro activo;<\/p>\n<p class=\"p1\">\u2022 Eficaz contra germes, fungos e bact\u00e9rias;<\/p>\n<p class=\"p1\">\u2022 Utiliz\u00e1vel pura ou dilu\u00edda, em roupa ou superf\u00edcies;<\/p>\n<p class=\"p1\">\u2022 Adequada para ambientes dom\u00e9sticos e industriais;<\/p>\n<p class=\"p1\">\u2022 Dispon\u00edvel em embalagens de 5L e 20L.<\/p>","protected":false},"excerpt":{"rendered":"<p class=\"p1\"><span class=\"s1\"><b>Ecolix\u00edvia<\/b><\/span> c&#039;est un <span style=\"color: #af2d2c\"><strong>lix\u00edvia de elevada qualidade<\/strong><\/span> com amplo espectro fungicida e bactericida. Cont\u00e9m at\u00e9 7% de cloro activo, ideal para limpeza profunda.<\/p>\n<p class=\"p1\">Indicada para desinfec\u00e7\u00e3o de pavimentos, azulejos, utens\u00edlios e roupa, a <span class=\"s1\"><b>Ecolix\u00edvia<\/b><\/span> pode ser usada pura ou dilu\u00edda em ambiente dom\u00e9stico ou profissional.<\/p>","protected":false},"featured_media":3730,"comment_status":"closed","ping_status":"closed","template":"","meta":[],"product_brand":[],"product_cat":[269],"product_tag":[132,147,268,83,267],"class_list":{"0":"post-7600","1":"product","2":"type-product","3":"status-publish","4":"has-post-thumbnail","6":"product_cat-ecolar","7":"product_tag-cloro","8":"product_tag-desinfeccao","9":"product_tag-industrial","10":"product_tag-limpeza","11":"product_tag-lixivia","13":"first","14":"instock","15":"shipping-taxable","16":"product-type-simple"},"yoast_head":"<!-- This site is optimized with the Yoast SEO plugin v27.3 - https:\/\/yoast.com\/product\/yoast-seo-wordpress\/ -->\n<title>ECOLIX\u00cdVIA - Ecoindustry<\/title>\n<meta name=\"robots\" content=\"index, follow, max-snippet:-1, max-image-preview:large, max-video-preview:-1\" \/>\n<link rel=\"canonical\" href=\"https:\/\/www.ecoindustry.co.ao\/fr\/produit\/ecolixivia\/\" \/>\n<meta property=\"og:locale\" content=\"fr_FR\" \/>\n<meta property=\"og:type\" content=\"article\" \/>\n<meta property=\"og:title\" content=\"ECOLIX\u00cdVIA - Ecoindustry\" \/>\n<meta property=\"og:description\" content=\"Ecolix\u00edvia \u00e9 uma lix\u00edvia de elevada qualidade com amplo espectro fungicida e bactericida. Cont\u00e9m at\u00e9 7% de cloro activo, ideal para limpeza profunda. Indicada para desinfec\u00e7\u00e3o de pavimentos, azulejos, utens\u00edlios e roupa, a Ecolix\u00edvia pode ser usada pura ou dilu\u00edda em ambiente dom\u00e9stico ou profissional.\" \/>\n<meta property=\"og:url\" content=\"https:\/\/www.ecoindustry.co.ao\/fr\/produit\/ecolixivia\/\" \/>\n<meta property=\"og:site_name\" content=\"Ecoindustry\" \/>\n<meta property=\"article:publisher\" content=\"https:\/\/www.facebook.com\/ecoindustrylda\/\" \/>\n<meta property=\"article:modified_time\" content=\"2025-09-09T14:17:16+00:00\" \/>\n<meta property=\"og:image\" content=\"https:\/\/www.ecoindustry.co.ao\/wp-content\/uploads\/2020\/10\/Ecolixivia_site.jpg\" \/>\n\t<meta property=\"og:image:width\" content=\"1200\" \/>\n\t<meta property=\"og:image:height\" content=\"800\" \/>\n\t<meta property=\"og:image:type\" content=\"image\/jpeg\" \/>\n<meta name=\"twitter:card\" content=\"summary_large_image\" \/>\n<meta name=\"twitter:label1\" content=\"Dur\u00e9e de lecture estim\u00e9e\" \/>\n\t<meta name=\"twitter:data1\" content=\"1 minute\" \/>\n<script type=\"application\/ld+json\" class=\"yoast-schema-graph\">{\"@context\":\"https:\\\/\\\/schema.org\",\"@graph\":[{\"@type\":\"WebPage\",\"@id\":\"https:\\\/\\\/www.ecoindustry.co.ao\\\/produto\\\/ecolixivia\\\/\",\"url\":\"https:\\\/\\\/www.ecoindustry.co.ao\\\/produto\\\/ecolixivia\\\/\",\"name\":\"ECOLIX\u00cdVIA - Ecoindustry\",\"isPartOf\":{\"@id\":\"https:\\\/\\\/www.ecoindustry.co.ao\\\/#website\"},\"primaryImageOfPage\":{\"@id\":\"https:\\\/\\\/www.ecoindustry.co.ao\\\/produto\\\/ecolixivia\\\/#primaryimage\"},\"image\":{\"@id\":\"https:\\\/\\\/www.ecoindustry.co.ao\\\/produto\\\/ecolixivia\\\/#primaryimage\"},\"thumbnailUrl\":\"https:\\\/\\\/www.ecoindustry.co.ao\\\/wp-content\\\/uploads\\\/2020\\\/10\\\/Ecolixivia_site.jpg\",\"datePublished\":\"2025-04-21T07:21:35+00:00\",\"dateModified\":\"2025-09-09T14:17:16+00:00\",\"breadcrumb\":{\"@id\":\"https:\\\/\\\/www.ecoindustry.co.ao\\\/produto\\\/ecolixivia\\\/#breadcrumb\"},\"inLanguage\":\"fr-FR\",\"potentialAction\":[{\"@type\":\"ReadAction\",\"target\":[\"https:\\\/\\\/www.ecoindustry.co.ao\\\/produto\\\/ecolixivia\\\/\"]}]},{\"@type\":\"ImageObject\",\"inLanguage\":\"fr-FR\",\"@id\":\"https:\\\/\\\/www.ecoindustry.co.ao\\\/produto\\\/ecolixivia\\\/#primaryimage\",\"url\":\"https:\\\/\\\/www.ecoindustry.co.ao\\\/wp-content\\\/uploads\\\/2020\\\/10\\\/Ecolixivia_site.jpg\",\"contentUrl\":\"https:\\\/\\\/www.ecoindustry.co.ao\\\/wp-content\\\/uploads\\\/2020\\\/10\\\/Ecolixivia_site.jpg\",\"width\":1200,\"height\":800},{\"@type\":\"BreadcrumbList\",\"@id\":\"https:\\\/\\\/www.ecoindustry.co.ao\\\/produto\\\/ecolixivia\\\/#breadcrumb\",\"itemListElement\":[{\"@type\":\"ListItem\",\"position\":1,\"name\":\"In\u00edcio\",\"item\":\"https:\\\/\\\/www.ecoindustry.co.ao\\\/\"},{\"@type\":\"ListItem\",\"position\":2,\"name\":\"Loja\",\"item\":\"https:\\\/\\\/www.ecoindustry.co.ao\\\/loja\\\/\"},{\"@type\":\"ListItem\",\"position\":3,\"name\":\"ECOLIX\u00cdVIA\"}]},{\"@type\":\"WebSite\",\"@id\":\"https:\\\/\\\/www.ecoindustry.co.ao\\\/#website\",\"url\":\"https:\\\/\\\/www.ecoindustry.co.ao\\\/\",\"name\":\"Ecoindustry\",\"description\":\"Produzimos e comercializamos o melhor, de \u00c1frica para o Mundo.\",\"publisher\":{\"@id\":\"https:\\\/\\\/www.ecoindustry.co.ao\\\/#organization\"},\"potentialAction\":[{\"@type\":\"SearchAction\",\"target\":{\"@type\":\"EntryPoint\",\"urlTemplate\":\"https:\\\/\\\/www.ecoindustry.co.ao\\\/?s={search_term_string}\"},\"query-input\":{\"@type\":\"PropertyValueSpecification\",\"valueRequired\":true,\"valueName\":\"search_term_string\"}}],\"inLanguage\":\"fr-FR\"},{\"@type\":\"Organization\",\"@id\":\"https:\\\/\\\/www.ecoindustry.co.ao\\\/#organization\",\"name\":\"ECOINDUSTRY\",\"url\":\"https:\\\/\\\/www.ecoindustry.co.ao\\\/\",\"logo\":{\"@type\":\"ImageObject\",\"inLanguage\":\"fr-FR\",\"@id\":\"https:\\\/\\\/www.ecoindustry.co.ao\\\/#\\\/schema\\\/logo\\\/image\\\/\",\"url\":\"https:\\\/\\\/www.ecoindustry.co.ao\\\/wp-content\\\/uploads\\\/2017\\\/04\\\/Logo_Ecoindustry.png\",\"contentUrl\":\"https:\\\/\\\/www.ecoindustry.co.ao\\\/wp-content\\\/uploads\\\/2017\\\/04\\\/Logo_Ecoindustry.png\",\"width\":584,\"height\":111,\"caption\":\"ECOINDUSTRY\"},\"image\":{\"@id\":\"https:\\\/\\\/www.ecoindustry.co.ao\\\/#\\\/schema\\\/logo\\\/image\\\/\"},\"sameAs\":[\"https:\\\/\\\/www.facebook.com\\\/ecoindustrylda\\\/\",\"https:\\\/\\\/www.linkedin.com\\\/company\\\/ecoindustry\\\/\"]}]}<\/script>\n<!-- \/ Yoast SEO plugin. -->","yoast_head_json":{"title":"ECOLIX\u00cdVIA - Ecoindustry","robots":{"index":"index","follow":"follow","max-snippet":"max-snippet:-1","max-image-preview":"max-image-preview:large","max-video-preview":"max-video-preview:-1"},"canonical":"https:\/\/www.ecoindustry.co.ao\/fr\/produit\/ecolixivia\/","og_locale":"fr_FR","og_type":"article","og_title":"ECOLIX\u00cdVIA - Ecoindustry","og_description":"Ecolix\u00edvia \u00e9 uma lix\u00edvia de elevada qualidade com amplo espectro fungicida e bactericida. Cont\u00e9m at\u00e9 7% de cloro activo, ideal para limpeza profunda. Indicada para desinfec\u00e7\u00e3o de pavimentos, azulejos, utens\u00edlios e roupa, a Ecolix\u00edvia pode ser usada pura ou dilu\u00edda em ambiente dom\u00e9stico ou profissional.","og_url":"https:\/\/www.ecoindustry.co.ao\/fr\/produit\/ecolixivia\/","og_site_name":"Ecoindustry","article_publisher":"https:\/\/www.facebook.com\/ecoindustrylda\/","article_modified_time":"2025-09-09T14:17:16+00:00","og_image":[{"width":1200,"height":800,"url":"https:\/\/www.ecoindustry.co.ao\/wp-content\/uploads\/2020\/10\/Ecolixivia_site.jpg","type":"image\/jpeg"}],"twitter_card":"summary_large_image","twitter_misc":{"Dur\u00e9e de lecture estim\u00e9e":"1 minute"},"schema":{"@context":"https:\/\/schema.org","@graph":[{"@type":"WebPage","@id":"https:\/\/www.ecoindustry.co.ao\/produto\/ecolixivia\/","url":"https:\/\/www.ecoindustry.co.ao\/produto\/ecolixivia\/","name":"ECOLIX\u00cdVIA - Ecoindustry","isPartOf":{"@id":"https:\/\/www.ecoindustry.co.ao\/#website"},"primaryImageOfPage":{"@id":"https:\/\/www.ecoindustry.co.ao\/produto\/ecolixivia\/#primaryimage"},"image":{"@id":"https:\/\/www.ecoindustry.co.ao\/produto\/ecolixivia\/#primaryimage"},"thumbnailUrl":"https:\/\/www.ecoindustry.co.ao\/wp-content\/uploads\/2020\/10\/Ecolixivia_site.jpg","datePublished":"2025-04-21T07:21:35+00:00","dateModified":"2025-09-09T14:17:16+00:00","breadcrumb":{"@id":"https:\/\/www.ecoindustry.co.ao\/produto\/ecolixivia\/#breadcrumb"},"inLanguage":"fr-FR","potentialAction":[{"@type":"ReadAction","target":["https:\/\/www.ecoindustry.co.ao\/produto\/ecolixivia\/"]}]},{"@type":"ImageObject","inLanguage":"fr-FR","@id":"https:\/\/www.ecoindustry.co.ao\/produto\/ecolixivia\/#primaryimage","url":"https:\/\/www.ecoindustry.co.ao\/wp-content\/uploads\/2020\/10\/Ecolixivia_site.jpg","contentUrl":"https:\/\/www.ecoindustry.co.ao\/wp-content\/uploads\/2020\/10\/Ecolixivia_site.jpg","width":1200,"height":800},{"@type":"BreadcrumbList","@id":"https:\/\/www.ecoindustry.co.ao\/produto\/ecolixivia\/#breadcrumb","itemListElement":[{"@type":"ListItem","position":1,"name":"In\u00edcio","item":"https:\/\/www.ecoindustry.co.ao\/"},{"@type":"ListItem","position":2,"name":"Loja","item":"https:\/\/www.ecoindustry.co.ao\/loja\/"},{"@type":"ListItem","position":3,"name":"ECOLIX\u00cdVIA"}]},{"@type":"WebSite","@id":"https:\/\/www.ecoindustry.co.ao\/#website","url":"https:\/\/www.ecoindustry.co.ao\/","name":"\u00c9coindustrie","description":"Produzimos e comercializamos o melhor, de \u00c1frica para o Mundo.","publisher":{"@id":"https:\/\/www.ecoindustry.co.ao\/#organization"},"potentialAction":[{"@type":"SearchAction","target":{"@type":"EntryPoint","urlTemplate":"https:\/\/www.ecoindustry.co.ao\/?s={search_term_string}"},"query-input":{"@type":"PropertyValueSpecification","valueRequired":true,"valueName":"search_term_string"}}],"inLanguage":"fr-FR"},{"@type":"Organization","@id":"https:\/\/www.ecoindustry.co.ao\/#organization","name":"\u00c9COINDUSTRIE","url":"https:\/\/www.ecoindustry.co.ao\/","logo":{"@type":"ImageObject","inLanguage":"fr-FR","@id":"https:\/\/www.ecoindustry.co.ao\/#\/schema\/logo\/image\/","url":"https:\/\/www.ecoindustry.co.ao\/wp-content\/uploads\/2017\/04\/Logo_Ecoindustry.png","contentUrl":"https:\/\/www.ecoindustry.co.ao\/wp-content\/uploads\/2017\/04\/Logo_Ecoindustry.png","width":584,"height":111,"caption":"ECOINDUSTRY"},"image":{"@id":"https:\/\/www.ecoindustry.co.ao\/#\/schema\/logo\/image\/"},"sameAs":["https:\/\/www.facebook.com\/ecoindustrylda\/","https:\/\/www.linkedin.com\/company\/ecoindustry\/"]}]}},"_links":{"self":[{"href":"https:\/\/www.ecoindustry.co.ao\/fr\/wp-json\/wp\/v2\/product\/7600","targetHints":{"allow":["GET"]}}],"collection":[{"href":"https:\/\/www.ecoindustry.co.ao\/fr\/wp-json\/wp\/v2\/product"}],"about":[{"href":"https:\/\/www.ecoindustry.co.ao\/fr\/wp-json\/wp\/v2\/types\/product"}],"replies":[{"embeddable":true,"href":"https:\/\/www.ecoindustry.co.ao\/fr\/wp-json\/wp\/v2\/comments?post=7600"}],"wp:featuredmedia":[{"embeddable":true,"href":"https:\/\/www.ecoindustry.co.ao\/fr\/wp-json\/wp\/v2\/media\/3730"}],"wp:attachment":[{"href":"https:\/\/www.ecoindustry.co.ao\/fr\/wp-json\/wp\/v2\/media?parent=7600"}],"wp:term":[{"taxonomy":"product_brand","embeddable":true,"href":"https:\/\/www.ecoindustry.co.ao\/fr\/wp-json\/wp\/v2\/product_brand?post=7600"},{"taxonomy":"product_cat","embeddable":true,"href":"https:\/\/www.ecoindustry.co.ao\/fr\/wp-json\/wp\/v2\/product_cat?post=7600"},{"taxonomy":"product_tag","embeddable":true,"href":"https:\/\/www.ecoindustry.co.ao\/fr\/wp-json\/wp\/v2\/product_tag?post=7600"}],"curies":[{"name":"wp","href":"https:\/\/api.w.org\/{rel}","templated":true}]}}