{"id":7596,"date":"2025-04-21T06:47:00","date_gmt":"2025-04-21T06:47:00","guid":{"rendered":"https:\/\/www.ecoindustry.co.ao\/?post_type=product&#038;p=7596"},"modified":"2025-09-09T14:37:33","modified_gmt":"2025-09-09T14:37:33","slug":"albilex-super-3","status":"publish","type":"product","link":"https:\/\/www.ecoindustry.co.ao\/fr\/produit\/albilex-super-3\/","title":{"rendered":"ALBILEX SUPER 3"},"content":{"rendered":"<p class=\"p1\"><span class=\"s1\"><b>ALBILEX SUPER 3<\/b><\/span> c&#039;est un <strong>spray d\u00e9sinfectant professionnel<\/strong> Sp\u00e9cialement formul\u00e9e pour les environnements exigeant une d\u00e9sinfection rigoureuse, sa formule haute performance garantit\u2026 <span style=\"color: #af2d2c\"><strong>\u00e9limination compl\u00e8te des germes pathog\u00e8nes<\/strong><\/span>, Il \u00e9limine les virus et les bact\u00e9ries gr\u00e2ce \u00e0 une application simple et efficace.<\/p>\n<p class=\"p1\">D\u00e9velopp\u00e9 pour <strong>zones critiques<\/strong>, est le choix id\u00e9al pour les \u00e9tablissements de sant\u00e9, les industries alimentaires, les laboratoires et les lieux pr\u00e9sentant un risque \u00e9lev\u00e9 de contamination. <span class=\"s1\"><b>ALBILEX SUPER 3<\/b><\/span> emp\u00eache efficacement <strong>recontamination<\/strong>, garantissant des environnements propres, hygi\u00e9niques et s\u00fbrs.<\/p>\n<h3><\/h3>\n<p><b>Caract\u00e9ristiques:<\/b><\/p>\n<p class=\"p1\">\u2022 Haute efficacit\u00e9 dans l&#039;\u00e9limination des germes pathog\u00e8nes ;<\/p>\n<p class=\"p1\">\u2022 Action rapide et durable ;<\/p>\n<p class=\"p1\">\u2022 Convient aux zones critiques et aux environnements \u00e0 haut risque ;<\/p>\n<p class=\"p1\">\u2022 Emp\u00eache la recontamination ;<\/p>\n<p class=\"p1\">\u2022 Application facile par pulv\u00e9risation.<\/p>","protected":false},"excerpt":{"rendered":"<p class=\"p1\">Spray d\u00e9sinfectant universel <strong>efficacit\u00e9 extraordinaire<\/strong>, indiqu\u00e9 pour le <span style=\"color: #af2d2c\"><strong>d\u00e9sinfection des zones critiques<\/strong><\/span> et sensible. Le <span class=\"s1\"><b>ALBILEX SUPER 3<\/b><\/span> Il \u00e9limine en toute s\u00e9curit\u00e9 les germes pathog\u00e8nes et pr\u00e9vient la recontamination.<\/p>\n<p class=\"p1\">Il est id\u00e9al pour les environnements exigeants tels que les cliniques, les laboratoires, les cuisines industrielles et les h\u00f4pitaux. Sa puissance et sa fiabilit\u00e9 en font une solution de r\u00e9f\u00e9rence pour la d\u00e9sinfection intensive.<\/p>","protected":false},"featured_media":3790,"comment_status":"closed","ping_status":"closed","template":"","meta":[],"product_brand":[],"product_cat":[279,52],"product_tag":[250,251,252,253,254],"class_list":{"0":"post-7596","1":"product","2":"type-product","3":"status-publish","4":"has-post-thumbnail","6":"product_cat-desinfectantes","7":"product_cat-sem-categoria","8":"product_tag-areas-criticas","9":"product_tag-desinfeccao-profunda","10":"product_tag-germes","11":"product_tag-recontaminacao","12":"product_tag-spray-profissional","14":"first","15":"instock","16":"featured","17":"shipping-taxable","18":"product-type-simple"},"yoast_head":"<!-- This site is optimized with the Yoast SEO plugin v27.3 - https:\/\/yoast.com\/product\/yoast-seo-wordpress\/ -->\n<title>ALBILEX SUPER 3 - Ecoindustry<\/title>\n<meta name=\"robots\" content=\"index, follow, max-snippet:-1, max-image-preview:large, max-video-preview:-1\" \/>\n<link rel=\"canonical\" href=\"https:\/\/www.ecoindustry.co.ao\/fr\/produit\/albilex-super-3\/\" \/>\n<meta property=\"og:locale\" content=\"fr_FR\" \/>\n<meta property=\"og:type\" content=\"article\" \/>\n<meta property=\"og:title\" content=\"ALBILEX SUPER 3 - Ecoindustry\" \/>\n<meta property=\"og:description\" content=\"Spray desinfetante universal de efic\u00e1cia extraordin\u00e1ria, indicado para a higieniza\u00e7\u00e3o de \u00e1reas cr\u00edticas e sens\u00edveis. O ALBILEX SUPER 3 elimina germes patog\u00e9nicos com seguran\u00e7a e previne a recontamina\u00e7\u00e3o. \u00c9 ideal para contextos exigentes como cl\u00ednicas, laborat\u00f3rios, cozinhas industriais e ambientes hospitalares. A sua pot\u00eancia e fiabilidade fazem dele uma solu\u00e7\u00e3o de refer\u00eancia para desinfe\u00e7\u00e3o intensiva.\" \/>\n<meta property=\"og:url\" content=\"https:\/\/www.ecoindustry.co.ao\/fr\/produit\/albilex-super-3\/\" \/>\n<meta property=\"og:site_name\" content=\"Ecoindustry\" \/>\n<meta property=\"article:publisher\" content=\"https:\/\/www.facebook.com\/ecoindustrylda\/\" \/>\n<meta property=\"article:modified_time\" content=\"2025-09-09T14:37:33+00:00\" \/>\n<meta property=\"og:image\" content=\"https:\/\/www.ecoindustry.co.ao\/wp-content\/uploads\/2020\/10\/Albilex_Super_3_site.jpg\" \/>\n\t<meta property=\"og:image:width\" content=\"1200\" \/>\n\t<meta property=\"og:image:height\" content=\"800\" \/>\n\t<meta property=\"og:image:type\" content=\"image\/jpeg\" \/>\n<meta name=\"twitter:card\" content=\"summary_large_image\" \/>\n<meta name=\"twitter:label1\" content=\"Dur\u00e9e de lecture estim\u00e9e\" \/>\n\t<meta name=\"twitter:data1\" content=\"1 minute\" \/>\n<script type=\"application\/ld+json\" class=\"yoast-schema-graph\">{\"@context\":\"https:\\\/\\\/schema.org\",\"@graph\":[{\"@type\":\"WebPage\",\"@id\":\"https:\\\/\\\/www.ecoindustry.co.ao\\\/produto\\\/albilex-super-3\\\/\",\"url\":\"https:\\\/\\\/www.ecoindustry.co.ao\\\/produto\\\/albilex-super-3\\\/\",\"name\":\"ALBILEX SUPER 3 - Ecoindustry\",\"isPartOf\":{\"@id\":\"https:\\\/\\\/www.ecoindustry.co.ao\\\/#website\"},\"primaryImageOfPage\":{\"@id\":\"https:\\\/\\\/www.ecoindustry.co.ao\\\/produto\\\/albilex-super-3\\\/#primaryimage\"},\"image\":{\"@id\":\"https:\\\/\\\/www.ecoindustry.co.ao\\\/produto\\\/albilex-super-3\\\/#primaryimage\"},\"thumbnailUrl\":\"https:\\\/\\\/www.ecoindustry.co.ao\\\/wp-content\\\/uploads\\\/2020\\\/10\\\/Albilex_Super_3_site.jpg\",\"datePublished\":\"2025-04-21T06:47:00+00:00\",\"dateModified\":\"2025-09-09T14:37:33+00:00\",\"breadcrumb\":{\"@id\":\"https:\\\/\\\/www.ecoindustry.co.ao\\\/produto\\\/albilex-super-3\\\/#breadcrumb\"},\"inLanguage\":\"fr-FR\",\"potentialAction\":[{\"@type\":\"ReadAction\",\"target\":[\"https:\\\/\\\/www.ecoindustry.co.ao\\\/produto\\\/albilex-super-3\\\/\"]}]},{\"@type\":\"ImageObject\",\"inLanguage\":\"fr-FR\",\"@id\":\"https:\\\/\\\/www.ecoindustry.co.ao\\\/produto\\\/albilex-super-3\\\/#primaryimage\",\"url\":\"https:\\\/\\\/www.ecoindustry.co.ao\\\/wp-content\\\/uploads\\\/2020\\\/10\\\/Albilex_Super_3_site.jpg\",\"contentUrl\":\"https:\\\/\\\/www.ecoindustry.co.ao\\\/wp-content\\\/uploads\\\/2020\\\/10\\\/Albilex_Super_3_site.jpg\",\"width\":1200,\"height\":800},{\"@type\":\"BreadcrumbList\",\"@id\":\"https:\\\/\\\/www.ecoindustry.co.ao\\\/produto\\\/albilex-super-3\\\/#breadcrumb\",\"itemListElement\":[{\"@type\":\"ListItem\",\"position\":1,\"name\":\"In\u00edcio\",\"item\":\"https:\\\/\\\/www.ecoindustry.co.ao\\\/\"},{\"@type\":\"ListItem\",\"position\":2,\"name\":\"Loja\",\"item\":\"https:\\\/\\\/www.ecoindustry.co.ao\\\/loja\\\/\"},{\"@type\":\"ListItem\",\"position\":3,\"name\":\"ALBILEX SUPER 3\"}]},{\"@type\":\"WebSite\",\"@id\":\"https:\\\/\\\/www.ecoindustry.co.ao\\\/#website\",\"url\":\"https:\\\/\\\/www.ecoindustry.co.ao\\\/\",\"name\":\"Ecoindustry\",\"description\":\"Produzimos e comercializamos o melhor, de \u00c1frica para o Mundo.\",\"publisher\":{\"@id\":\"https:\\\/\\\/www.ecoindustry.co.ao\\\/#organization\"},\"potentialAction\":[{\"@type\":\"SearchAction\",\"target\":{\"@type\":\"EntryPoint\",\"urlTemplate\":\"https:\\\/\\\/www.ecoindustry.co.ao\\\/?s={search_term_string}\"},\"query-input\":{\"@type\":\"PropertyValueSpecification\",\"valueRequired\":true,\"valueName\":\"search_term_string\"}}],\"inLanguage\":\"fr-FR\"},{\"@type\":\"Organization\",\"@id\":\"https:\\\/\\\/www.ecoindustry.co.ao\\\/#organization\",\"name\":\"ECOINDUSTRY\",\"url\":\"https:\\\/\\\/www.ecoindustry.co.ao\\\/\",\"logo\":{\"@type\":\"ImageObject\",\"inLanguage\":\"fr-FR\",\"@id\":\"https:\\\/\\\/www.ecoindustry.co.ao\\\/#\\\/schema\\\/logo\\\/image\\\/\",\"url\":\"https:\\\/\\\/www.ecoindustry.co.ao\\\/wp-content\\\/uploads\\\/2017\\\/04\\\/Logo_Ecoindustry.png\",\"contentUrl\":\"https:\\\/\\\/www.ecoindustry.co.ao\\\/wp-content\\\/uploads\\\/2017\\\/04\\\/Logo_Ecoindustry.png\",\"width\":584,\"height\":111,\"caption\":\"ECOINDUSTRY\"},\"image\":{\"@id\":\"https:\\\/\\\/www.ecoindustry.co.ao\\\/#\\\/schema\\\/logo\\\/image\\\/\"},\"sameAs\":[\"https:\\\/\\\/www.facebook.com\\\/ecoindustrylda\\\/\",\"https:\\\/\\\/www.linkedin.com\\\/company\\\/ecoindustry\\\/\"]}]}<\/script>\n<!-- \/ Yoast SEO plugin. -->","yoast_head_json":{"title":"ALBILEX SUPER 3 - Ecoindustry","robots":{"index":"index","follow":"follow","max-snippet":"max-snippet:-1","max-image-preview":"max-image-preview:large","max-video-preview":"max-video-preview:-1"},"canonical":"https:\/\/www.ecoindustry.co.ao\/fr\/produit\/albilex-super-3\/","og_locale":"fr_FR","og_type":"article","og_title":"ALBILEX SUPER 3 - Ecoindustry","og_description":"Spray desinfetante universal de efic\u00e1cia extraordin\u00e1ria, indicado para a higieniza\u00e7\u00e3o de \u00e1reas cr\u00edticas e sens\u00edveis. O ALBILEX SUPER 3 elimina germes patog\u00e9nicos com seguran\u00e7a e previne a recontamina\u00e7\u00e3o. \u00c9 ideal para contextos exigentes como cl\u00ednicas, laborat\u00f3rios, cozinhas industriais e ambientes hospitalares. A sua pot\u00eancia e fiabilidade fazem dele uma solu\u00e7\u00e3o de refer\u00eancia para desinfe\u00e7\u00e3o intensiva.","og_url":"https:\/\/www.ecoindustry.co.ao\/fr\/produit\/albilex-super-3\/","og_site_name":"Ecoindustry","article_publisher":"https:\/\/www.facebook.com\/ecoindustrylda\/","article_modified_time":"2025-09-09T14:37:33+00:00","og_image":[{"width":1200,"height":800,"url":"https:\/\/www.ecoindustry.co.ao\/wp-content\/uploads\/2020\/10\/Albilex_Super_3_site.jpg","type":"image\/jpeg"}],"twitter_card":"summary_large_image","twitter_misc":{"Dur\u00e9e de lecture estim\u00e9e":"1 minute"},"schema":{"@context":"https:\/\/schema.org","@graph":[{"@type":"WebPage","@id":"https:\/\/www.ecoindustry.co.ao\/produto\/albilex-super-3\/","url":"https:\/\/www.ecoindustry.co.ao\/produto\/albilex-super-3\/","name":"ALBILEX SUPER 3 - Ecoindustry","isPartOf":{"@id":"https:\/\/www.ecoindustry.co.ao\/#website"},"primaryImageOfPage":{"@id":"https:\/\/www.ecoindustry.co.ao\/produto\/albilex-super-3\/#primaryimage"},"image":{"@id":"https:\/\/www.ecoindustry.co.ao\/produto\/albilex-super-3\/#primaryimage"},"thumbnailUrl":"https:\/\/www.ecoindustry.co.ao\/wp-content\/uploads\/2020\/10\/Albilex_Super_3_site.jpg","datePublished":"2025-04-21T06:47:00+00:00","dateModified":"2025-09-09T14:37:33+00:00","breadcrumb":{"@id":"https:\/\/www.ecoindustry.co.ao\/produto\/albilex-super-3\/#breadcrumb"},"inLanguage":"fr-FR","potentialAction":[{"@type":"ReadAction","target":["https:\/\/www.ecoindustry.co.ao\/produto\/albilex-super-3\/"]}]},{"@type":"ImageObject","inLanguage":"fr-FR","@id":"https:\/\/www.ecoindustry.co.ao\/produto\/albilex-super-3\/#primaryimage","url":"https:\/\/www.ecoindustry.co.ao\/wp-content\/uploads\/2020\/10\/Albilex_Super_3_site.jpg","contentUrl":"https:\/\/www.ecoindustry.co.ao\/wp-content\/uploads\/2020\/10\/Albilex_Super_3_site.jpg","width":1200,"height":800},{"@type":"BreadcrumbList","@id":"https:\/\/www.ecoindustry.co.ao\/produto\/albilex-super-3\/#breadcrumb","itemListElement":[{"@type":"ListItem","position":1,"name":"In\u00edcio","item":"https:\/\/www.ecoindustry.co.ao\/"},{"@type":"ListItem","position":2,"name":"Loja","item":"https:\/\/www.ecoindustry.co.ao\/loja\/"},{"@type":"ListItem","position":3,"name":"ALBILEX SUPER 3"}]},{"@type":"WebSite","@id":"https:\/\/www.ecoindustry.co.ao\/#website","url":"https:\/\/www.ecoindustry.co.ao\/","name":"\u00c9coindustrie","description":"Produzimos e comercializamos o melhor, de \u00c1frica para o Mundo.","publisher":{"@id":"https:\/\/www.ecoindustry.co.ao\/#organization"},"potentialAction":[{"@type":"SearchAction","target":{"@type":"EntryPoint","urlTemplate":"https:\/\/www.ecoindustry.co.ao\/?s={search_term_string}"},"query-input":{"@type":"PropertyValueSpecification","valueRequired":true,"valueName":"search_term_string"}}],"inLanguage":"fr-FR"},{"@type":"Organization","@id":"https:\/\/www.ecoindustry.co.ao\/#organization","name":"\u00c9COINDUSTRIE","url":"https:\/\/www.ecoindustry.co.ao\/","logo":{"@type":"ImageObject","inLanguage":"fr-FR","@id":"https:\/\/www.ecoindustry.co.ao\/#\/schema\/logo\/image\/","url":"https:\/\/www.ecoindustry.co.ao\/wp-content\/uploads\/2017\/04\/Logo_Ecoindustry.png","contentUrl":"https:\/\/www.ecoindustry.co.ao\/wp-content\/uploads\/2017\/04\/Logo_Ecoindustry.png","width":584,"height":111,"caption":"ECOINDUSTRY"},"image":{"@id":"https:\/\/www.ecoindustry.co.ao\/#\/schema\/logo\/image\/"},"sameAs":["https:\/\/www.facebook.com\/ecoindustrylda\/","https:\/\/www.linkedin.com\/company\/ecoindustry\/"]}]}},"_links":{"self":[{"href":"https:\/\/www.ecoindustry.co.ao\/fr\/wp-json\/wp\/v2\/product\/7596","targetHints":{"allow":["GET"]}}],"collection":[{"href":"https:\/\/www.ecoindustry.co.ao\/fr\/wp-json\/wp\/v2\/product"}],"about":[{"href":"https:\/\/www.ecoindustry.co.ao\/fr\/wp-json\/wp\/v2\/types\/product"}],"replies":[{"embeddable":true,"href":"https:\/\/www.ecoindustry.co.ao\/fr\/wp-json\/wp\/v2\/comments?post=7596"}],"wp:featuredmedia":[{"embeddable":true,"href":"https:\/\/www.ecoindustry.co.ao\/fr\/wp-json\/wp\/v2\/media\/3790"}],"wp:attachment":[{"href":"https:\/\/www.ecoindustry.co.ao\/fr\/wp-json\/wp\/v2\/media?parent=7596"}],"wp:term":[{"taxonomy":"product_brand","embeddable":true,"href":"https:\/\/www.ecoindustry.co.ao\/fr\/wp-json\/wp\/v2\/product_brand?post=7596"},{"taxonomy":"product_cat","embeddable":true,"href":"https:\/\/www.ecoindustry.co.ao\/fr\/wp-json\/wp\/v2\/product_cat?post=7596"},{"taxonomy":"product_tag","embeddable":true,"href":"https:\/\/www.ecoindustry.co.ao\/fr\/wp-json\/wp\/v2\/product_tag?post=7596"}],"curies":[{"name":"wp","href":"https:\/\/api.w.org\/{rel}","templated":true}]}}