{"id":7594,"date":"2025-04-21T06:47:00","date_gmt":"2025-04-21T06:47:00","guid":{"rendered":"https:\/\/www.ecoindustry.co.ao\/?post_type=product&#038;p=7594"},"modified":"2025-09-09T14:35:40","modified_gmt":"2025-09-09T14:35:40","slug":"chlorify","status":"publish","type":"product","link":"https:\/\/www.ecoindustry.co.ao\/fr\/produit\/chlorify\/","title":{"rendered":"CHLORIFIER"},"content":{"rendered":"<p class=\"p1\"><span class=\"s1\"><b>CHLORIFIER<\/b><\/span> Il s&#039;agit d&#039;un d\u00e9sinfectant chimique tr\u00e8s efficace, indiqu\u00e9 pour la d\u00e9sinfection de <strong>espaces ext\u00e9rieurs communs<\/strong>, tels que les parcs, les rues, les entr\u00e9es d&#039;immeubles, les places et autres zones \u00e0 fort trafic. D\u00e9velopp\u00e9 pour \u00e9liminer <strong>agents pathog\u00e8nes<\/strong> rapidement, cela contribue \u00e0 <span style=\"color: #af2d2c\"><strong>r\u00e9duire les risques de contamination<\/strong><\/span> en zones urbaines.<\/p>\n<p class=\"p1\">Gr\u00e2ce \u00e0 son action d\u00e9sinfectante \u00e9prouv\u00e9e, le <span class=\"s1\"><b>CHLORIFIER<\/b><\/span> Elle se distingue par son<span style=\"color: #af2d2c\"><strong> fiabilit\u00e9<\/strong><\/span>, \u00e9tant indiqu\u00e9 pour les op\u00e9rations de nettoyage et d&#039;entretien fr\u00e9quentes en milieu ext\u00e9rieur. Sa formule offre un <strong><span style=\"color: #af2d2c\">protection continue<\/span><\/strong>, faisant office de barri\u00e8re contre les micro-organismes et favorisant des environnements plus s\u00fbrs pour la population.<\/p>\n<h3><\/h3>\n<p><b>Caract\u00e9ristiques:<\/b><\/p>\n<p class=\"p1\">\u2022 Id\u00e9al pour une utilisation en ext\u00e9rieur et dans les espaces publics ;<\/p>\n<p class=\"p1\">\u2022 \u00c9limination efficace des germes et des agents pathog\u00e8nes ;<\/p>\n<p class=\"p1\">\u2022 Application facile et action rapide ;<\/p>\n<p class=\"p1\">\u2022 Convient \u00e0 la d\u00e9sinfection urbaine et institutionnelle ;<\/p>\n<p class=\"p1\">\u2022 Peut \u00eatre utilis\u00e9 avec des pulv\u00e9risateurs manuels ou m\u00e9caniques.<\/p>","protected":false},"excerpt":{"rendered":"<p class=\"p1\">D\u00e9sinfectant chimique sp\u00e9cialement formul\u00e9 pour les espaces ext\u00e9rieurs utilis\u00e9s \u00e0 des fins sociales communes, tels que les parcs, les zones urbaines ou les zones de circulation publique. <span class=\"s1\"><b>CHLORIFIER<\/b><\/span> Il agit efficacement pour \u00e9liminer les agents pathog\u00e8nes et prot\u00e9ger la sant\u00e9 publique.<\/p>\n<p class=\"p1\">Id\u00e9al pour les op\u00e9rations de nettoyage r\u00e9guli\u00e8res, il garantit un <span style=\"color: #af2d2c\"><strong>d\u00e9sinfection fiable et s\u00fbre<\/strong><\/span>, M\u00eame dans les zones \u00e0 fort passage, ce produit est simple \u00e0 appliquer et agit rapidement, ce qui en fait une solution pratique pour garder les espaces ext\u00e9rieurs propres et prot\u00e9g\u00e9s.<\/p>","protected":false},"featured_media":3787,"comment_status":"closed","ping_status":"closed","template":"","meta":[],"product_brand":[],"product_cat":[279,52],"product_tag":[245,147,243,242,244],"class_list":{"0":"post-7594","1":"product","2":"type-product","3":"status-publish","4":"has-post-thumbnail","6":"product_cat-desinfectantes","7":"product_cat-sem-categoria","8":"product_tag-agentes-patogenicos","9":"product_tag-desinfeccao","10":"product_tag-espacos-publicos","11":"product_tag-exteriores","12":"product_tag-higienizacao-urbana","14":"first","15":"instock","16":"shipping-taxable","17":"product-type-simple"},"yoast_head":"<!-- This site is optimized with the Yoast SEO plugin v27.3 - https:\/\/yoast.com\/product\/yoast-seo-wordpress\/ -->\n<title>CHLORIFY - Ecoindustry<\/title>\n<meta name=\"robots\" content=\"index, follow, max-snippet:-1, max-image-preview:large, max-video-preview:-1\" \/>\n<link rel=\"canonical\" href=\"https:\/\/www.ecoindustry.co.ao\/fr\/produit\/chlorify\/\" \/>\n<meta property=\"og:locale\" content=\"fr_FR\" \/>\n<meta property=\"og:type\" content=\"article\" \/>\n<meta property=\"og:title\" content=\"CHLORIFY - Ecoindustry\" \/>\n<meta property=\"og:description\" content=\"Desinfetante qu\u00edmico especialmente formulado para espa\u00e7os exteriores de uso social comum, como parques, \u00e1reas urbanas ou zonas de circula\u00e7\u00e3o p\u00fablica. O CHLORIFY atua de forma eficaz na elimina\u00e7\u00e3o de agentes patog\u00e9nicos, protegendo a sa\u00fade p\u00fablica. Ideal para opera\u00e7\u00f5es regulares de higieniza\u00e7\u00e3o, garante uma desinfe\u00e7\u00e3o fi\u00e1vel e segura, mesmo em ambientes com elevada circula\u00e7\u00e3o de pessoas. Simples de aplicar e de r\u00e1pida a\u00e7\u00e3o, \u00e9 a solu\u00e7\u00e3o pr\u00e1tica para manter os espa\u00e7os exteriores limpos e protegidos.\" \/>\n<meta property=\"og:url\" content=\"https:\/\/www.ecoindustry.co.ao\/fr\/produit\/chlorify\/\" \/>\n<meta property=\"og:site_name\" content=\"Ecoindustry\" \/>\n<meta property=\"article:publisher\" content=\"https:\/\/www.facebook.com\/ecoindustrylda\/\" \/>\n<meta property=\"article:modified_time\" content=\"2025-09-09T14:35:40+00:00\" \/>\n<meta property=\"og:image\" content=\"https:\/\/www.ecoindustry.co.ao\/wp-content\/uploads\/2020\/10\/Chlorify_Site.jpg\" \/>\n\t<meta property=\"og:image:width\" content=\"1200\" \/>\n\t<meta property=\"og:image:height\" content=\"800\" \/>\n\t<meta property=\"og:image:type\" content=\"image\/jpeg\" \/>\n<meta name=\"twitter:card\" content=\"summary_large_image\" \/>\n<meta name=\"twitter:label1\" content=\"Dur\u00e9e de lecture estim\u00e9e\" \/>\n\t<meta name=\"twitter:data1\" content=\"1 minute\" \/>\n<script type=\"application\/ld+json\" class=\"yoast-schema-graph\">{\"@context\":\"https:\\\/\\\/schema.org\",\"@graph\":[{\"@type\":\"WebPage\",\"@id\":\"https:\\\/\\\/www.ecoindustry.co.ao\\\/produto\\\/chlorify\\\/\",\"url\":\"https:\\\/\\\/www.ecoindustry.co.ao\\\/produto\\\/chlorify\\\/\",\"name\":\"CHLORIFY - Ecoindustry\",\"isPartOf\":{\"@id\":\"https:\\\/\\\/www.ecoindustry.co.ao\\\/#website\"},\"primaryImageOfPage\":{\"@id\":\"https:\\\/\\\/www.ecoindustry.co.ao\\\/produto\\\/chlorify\\\/#primaryimage\"},\"image\":{\"@id\":\"https:\\\/\\\/www.ecoindustry.co.ao\\\/produto\\\/chlorify\\\/#primaryimage\"},\"thumbnailUrl\":\"https:\\\/\\\/www.ecoindustry.co.ao\\\/wp-content\\\/uploads\\\/2020\\\/10\\\/Chlorify_Site.jpg\",\"datePublished\":\"2025-04-21T06:47:00+00:00\",\"dateModified\":\"2025-09-09T14:35:40+00:00\",\"breadcrumb\":{\"@id\":\"https:\\\/\\\/www.ecoindustry.co.ao\\\/produto\\\/chlorify\\\/#breadcrumb\"},\"inLanguage\":\"fr-FR\",\"potentialAction\":[{\"@type\":\"ReadAction\",\"target\":[\"https:\\\/\\\/www.ecoindustry.co.ao\\\/produto\\\/chlorify\\\/\"]}]},{\"@type\":\"ImageObject\",\"inLanguage\":\"fr-FR\",\"@id\":\"https:\\\/\\\/www.ecoindustry.co.ao\\\/produto\\\/chlorify\\\/#primaryimage\",\"url\":\"https:\\\/\\\/www.ecoindustry.co.ao\\\/wp-content\\\/uploads\\\/2020\\\/10\\\/Chlorify_Site.jpg\",\"contentUrl\":\"https:\\\/\\\/www.ecoindustry.co.ao\\\/wp-content\\\/uploads\\\/2020\\\/10\\\/Chlorify_Site.jpg\",\"width\":1200,\"height\":800},{\"@type\":\"BreadcrumbList\",\"@id\":\"https:\\\/\\\/www.ecoindustry.co.ao\\\/produto\\\/chlorify\\\/#breadcrumb\",\"itemListElement\":[{\"@type\":\"ListItem\",\"position\":1,\"name\":\"In\u00edcio\",\"item\":\"https:\\\/\\\/www.ecoindustry.co.ao\\\/\"},{\"@type\":\"ListItem\",\"position\":2,\"name\":\"Loja\",\"item\":\"https:\\\/\\\/www.ecoindustry.co.ao\\\/loja\\\/\"},{\"@type\":\"ListItem\",\"position\":3,\"name\":\"CHLORIFY\"}]},{\"@type\":\"WebSite\",\"@id\":\"https:\\\/\\\/www.ecoindustry.co.ao\\\/#website\",\"url\":\"https:\\\/\\\/www.ecoindustry.co.ao\\\/\",\"name\":\"Ecoindustry\",\"description\":\"Produzimos e comercializamos o melhor, de \u00c1frica para o Mundo.\",\"publisher\":{\"@id\":\"https:\\\/\\\/www.ecoindustry.co.ao\\\/#organization\"},\"potentialAction\":[{\"@type\":\"SearchAction\",\"target\":{\"@type\":\"EntryPoint\",\"urlTemplate\":\"https:\\\/\\\/www.ecoindustry.co.ao\\\/?s={search_term_string}\"},\"query-input\":{\"@type\":\"PropertyValueSpecification\",\"valueRequired\":true,\"valueName\":\"search_term_string\"}}],\"inLanguage\":\"fr-FR\"},{\"@type\":\"Organization\",\"@id\":\"https:\\\/\\\/www.ecoindustry.co.ao\\\/#organization\",\"name\":\"ECOINDUSTRY\",\"url\":\"https:\\\/\\\/www.ecoindustry.co.ao\\\/\",\"logo\":{\"@type\":\"ImageObject\",\"inLanguage\":\"fr-FR\",\"@id\":\"https:\\\/\\\/www.ecoindustry.co.ao\\\/#\\\/schema\\\/logo\\\/image\\\/\",\"url\":\"https:\\\/\\\/www.ecoindustry.co.ao\\\/wp-content\\\/uploads\\\/2017\\\/04\\\/Logo_Ecoindustry.png\",\"contentUrl\":\"https:\\\/\\\/www.ecoindustry.co.ao\\\/wp-content\\\/uploads\\\/2017\\\/04\\\/Logo_Ecoindustry.png\",\"width\":584,\"height\":111,\"caption\":\"ECOINDUSTRY\"},\"image\":{\"@id\":\"https:\\\/\\\/www.ecoindustry.co.ao\\\/#\\\/schema\\\/logo\\\/image\\\/\"},\"sameAs\":[\"https:\\\/\\\/www.facebook.com\\\/ecoindustrylda\\\/\",\"https:\\\/\\\/www.linkedin.com\\\/company\\\/ecoindustry\\\/\"]}]}<\/script>\n<!-- \/ Yoast SEO plugin. -->","yoast_head_json":{"title":"CHLORIFY - Ecoindustry","robots":{"index":"index","follow":"follow","max-snippet":"max-snippet:-1","max-image-preview":"max-image-preview:large","max-video-preview":"max-video-preview:-1"},"canonical":"https:\/\/www.ecoindustry.co.ao\/fr\/produit\/chlorify\/","og_locale":"fr_FR","og_type":"article","og_title":"CHLORIFY - Ecoindustry","og_description":"Desinfetante qu\u00edmico especialmente formulado para espa\u00e7os exteriores de uso social comum, como parques, \u00e1reas urbanas ou zonas de circula\u00e7\u00e3o p\u00fablica. O CHLORIFY atua de forma eficaz na elimina\u00e7\u00e3o de agentes patog\u00e9nicos, protegendo a sa\u00fade p\u00fablica. Ideal para opera\u00e7\u00f5es regulares de higieniza\u00e7\u00e3o, garante uma desinfe\u00e7\u00e3o fi\u00e1vel e segura, mesmo em ambientes com elevada circula\u00e7\u00e3o de pessoas. Simples de aplicar e de r\u00e1pida a\u00e7\u00e3o, \u00e9 a solu\u00e7\u00e3o pr\u00e1tica para manter os espa\u00e7os exteriores limpos e protegidos.","og_url":"https:\/\/www.ecoindustry.co.ao\/fr\/produit\/chlorify\/","og_site_name":"Ecoindustry","article_publisher":"https:\/\/www.facebook.com\/ecoindustrylda\/","article_modified_time":"2025-09-09T14:35:40+00:00","og_image":[{"width":1200,"height":800,"url":"https:\/\/www.ecoindustry.co.ao\/wp-content\/uploads\/2020\/10\/Chlorify_Site.jpg","type":"image\/jpeg"}],"twitter_card":"summary_large_image","twitter_misc":{"Dur\u00e9e de lecture estim\u00e9e":"1 minute"},"schema":{"@context":"https:\/\/schema.org","@graph":[{"@type":"WebPage","@id":"https:\/\/www.ecoindustry.co.ao\/produto\/chlorify\/","url":"https:\/\/www.ecoindustry.co.ao\/produto\/chlorify\/","name":"CHLORIFY - Ecoindustry","isPartOf":{"@id":"https:\/\/www.ecoindustry.co.ao\/#website"},"primaryImageOfPage":{"@id":"https:\/\/www.ecoindustry.co.ao\/produto\/chlorify\/#primaryimage"},"image":{"@id":"https:\/\/www.ecoindustry.co.ao\/produto\/chlorify\/#primaryimage"},"thumbnailUrl":"https:\/\/www.ecoindustry.co.ao\/wp-content\/uploads\/2020\/10\/Chlorify_Site.jpg","datePublished":"2025-04-21T06:47:00+00:00","dateModified":"2025-09-09T14:35:40+00:00","breadcrumb":{"@id":"https:\/\/www.ecoindustry.co.ao\/produto\/chlorify\/#breadcrumb"},"inLanguage":"fr-FR","potentialAction":[{"@type":"ReadAction","target":["https:\/\/www.ecoindustry.co.ao\/produto\/chlorify\/"]}]},{"@type":"ImageObject","inLanguage":"fr-FR","@id":"https:\/\/www.ecoindustry.co.ao\/produto\/chlorify\/#primaryimage","url":"https:\/\/www.ecoindustry.co.ao\/wp-content\/uploads\/2020\/10\/Chlorify_Site.jpg","contentUrl":"https:\/\/www.ecoindustry.co.ao\/wp-content\/uploads\/2020\/10\/Chlorify_Site.jpg","width":1200,"height":800},{"@type":"BreadcrumbList","@id":"https:\/\/www.ecoindustry.co.ao\/produto\/chlorify\/#breadcrumb","itemListElement":[{"@type":"ListItem","position":1,"name":"In\u00edcio","item":"https:\/\/www.ecoindustry.co.ao\/"},{"@type":"ListItem","position":2,"name":"Loja","item":"https:\/\/www.ecoindustry.co.ao\/loja\/"},{"@type":"ListItem","position":3,"name":"CHLORIFY"}]},{"@type":"WebSite","@id":"https:\/\/www.ecoindustry.co.ao\/#website","url":"https:\/\/www.ecoindustry.co.ao\/","name":"\u00c9coindustrie","description":"Produzimos e comercializamos o melhor, de \u00c1frica para o Mundo.","publisher":{"@id":"https:\/\/www.ecoindustry.co.ao\/#organization"},"potentialAction":[{"@type":"SearchAction","target":{"@type":"EntryPoint","urlTemplate":"https:\/\/www.ecoindustry.co.ao\/?s={search_term_string}"},"query-input":{"@type":"PropertyValueSpecification","valueRequired":true,"valueName":"search_term_string"}}],"inLanguage":"fr-FR"},{"@type":"Organization","@id":"https:\/\/www.ecoindustry.co.ao\/#organization","name":"\u00c9COINDUSTRIE","url":"https:\/\/www.ecoindustry.co.ao\/","logo":{"@type":"ImageObject","inLanguage":"fr-FR","@id":"https:\/\/www.ecoindustry.co.ao\/#\/schema\/logo\/image\/","url":"https:\/\/www.ecoindustry.co.ao\/wp-content\/uploads\/2017\/04\/Logo_Ecoindustry.png","contentUrl":"https:\/\/www.ecoindustry.co.ao\/wp-content\/uploads\/2017\/04\/Logo_Ecoindustry.png","width":584,"height":111,"caption":"ECOINDUSTRY"},"image":{"@id":"https:\/\/www.ecoindustry.co.ao\/#\/schema\/logo\/image\/"},"sameAs":["https:\/\/www.facebook.com\/ecoindustrylda\/","https:\/\/www.linkedin.com\/company\/ecoindustry\/"]}]}},"_links":{"self":[{"href":"https:\/\/www.ecoindustry.co.ao\/fr\/wp-json\/wp\/v2\/product\/7594","targetHints":{"allow":["GET"]}}],"collection":[{"href":"https:\/\/www.ecoindustry.co.ao\/fr\/wp-json\/wp\/v2\/product"}],"about":[{"href":"https:\/\/www.ecoindustry.co.ao\/fr\/wp-json\/wp\/v2\/types\/product"}],"replies":[{"embeddable":true,"href":"https:\/\/www.ecoindustry.co.ao\/fr\/wp-json\/wp\/v2\/comments?post=7594"}],"wp:featuredmedia":[{"embeddable":true,"href":"https:\/\/www.ecoindustry.co.ao\/fr\/wp-json\/wp\/v2\/media\/3787"}],"wp:attachment":[{"href":"https:\/\/www.ecoindustry.co.ao\/fr\/wp-json\/wp\/v2\/media?parent=7594"}],"wp:term":[{"taxonomy":"product_brand","embeddable":true,"href":"https:\/\/www.ecoindustry.co.ao\/fr\/wp-json\/wp\/v2\/product_brand?post=7594"},{"taxonomy":"product_cat","embeddable":true,"href":"https:\/\/www.ecoindustry.co.ao\/fr\/wp-json\/wp\/v2\/product_cat?post=7594"},{"taxonomy":"product_tag","embeddable":true,"href":"https:\/\/www.ecoindustry.co.ao\/fr\/wp-json\/wp\/v2\/product_tag?post=7594"}],"curies":[{"name":"wp","href":"https:\/\/api.w.org\/{rel}","templated":true}]}}