{"id":7593,"date":"2025-04-21T06:39:06","date_gmt":"2025-04-21T06:39:06","guid":{"rendered":"https:\/\/www.ecoindustry.co.ao\/?post_type=product&#038;p=7593"},"modified":"2025-09-09T14:41:56","modified_gmt":"2025-09-09T14:41:56","slug":"ecofilter","status":"publish","type":"product","link":"https:\/\/www.ecoindustry.co.ao\/fr\/produit\/ecofilter\/","title":{"rendered":"\u00c9COFILTRE"},"content":{"rendered":"<p class=\"p1\"><span class=\"s1\"><b>\u00c9COFILTRE<\/b><\/span> Il s&#039;agit d&#039;une gamme de filtres haute performance, d\u00e9velopp\u00e9e par ECOINDUSTRY pour <span style=\"color: #af2d2c\"><strong>am\u00e9liorer la qualit\u00e9 de la filtration et accro\u00eetre l&#039;efficacit\u00e9 de l&#039;utilisation de l&#039;eau<\/strong><\/span>. Fabriqu\u00e9 en acier inoxydable AISI 304, il est r\u00e9sistant \u00e0 la corrosion et id\u00e9al pour les environnements exigeants. Il peut \u00eatre rempli de sable ou de verre filtrant, selon les besoins du projet.<\/p>\n<p class=\"p1\">La gamme comprend les mod\u00e8les 400, 500 et 650, avec des d\u00e9bits de 1,8 \u00e0 9,9 m\u00b3\/h, adapt\u00e9s \u00e0 diverses applications dans les piscines, les spas, les syst\u00e8mes de r\u00e9utilisation de l&#039;eau et les petites stations d&#039;\u00e9puration. Leur conception robuste inclut un couvercle sup\u00e9rieur \u00e0 bride, une vanne de vidange inf\u00e9rieure, un manom\u00e8tre et une purge manuelle, ainsi que\u2026 <span class=\"s1\"><b>Collecteurs et diffuseurs en PVC<\/b><\/span> pour assurer une r\u00e9partition uniforme de l&#039;eau.<\/p>\n<p class=\"p1\">Avec des connexions pour les batteries de la valve et des op\u00e9rations simplifi\u00e9es de <span class=\"s1\"><b>filtration, r\u00e9trolavage, rin\u00e7age et recirculation<\/b><\/span>, ECOFILTER est une solution efficace, durable et facile \u00e0 entretenir pour les syst\u00e8mes modernes de traitement de l&#039;eau.<\/p>\n<h3><\/h3>\n<p><b>Caract\u00e9ristiques:<\/b><\/p>\n<p class=\"p1\">\u2022 Mod\u00e8les ECOFILTER 400, 500 et 650, avec des d\u00e9bits de 1,8 \u00e0 9,9 m\u00b3\/h ;<\/p>\n<p class=\"p1\">\u2022 Fabriqu\u00e9 en acier inoxydable AISI 304 avec une finition robuste ;<\/p>\n<p class=\"p1\">\u2022 Compatible avec un remplissage sp\u00e9cial de sable et\/ou de verre ;<\/p>\n<p class=\"p1\">\u2022 Couvercle sup\u00e9rieur DN 160 et couvercle inf\u00e9rieur filet\u00e9 DN90-3\u201d ;<\/p>\n<p class=\"p1\">\u2022 Comprend un manom\u00e8tre, une vanne de purge d&#039;air et des vannes faciles \u00e0 utiliser\u00a0;<\/p>\n<p class=\"p1\">\u2022 Id\u00e9al pour les syst\u00e8mes de filtration des piscines, des spas et des stations d&#039;\u00e9puration compactes.<\/p>","protected":false},"excerpt":{"rendered":"<p class=\"p1\"><span class=\"s1\"><b>\u00c9COFILTRE<\/b><\/span> Il s&#039;agit d&#039;un filtre \u00e0 sable ou \u00e0 verre sp\u00e9cialement con\u00e7u pour <span style=\"color: #af2d2c\"><strong>Optimiser la consommation d&#039;eau et r\u00e9duire la contamination.<\/strong><\/span> dans les syst\u00e8mes de filtration.<\/p>\n<p class=\"p1\">Disponible en mod\u00e8les 400, 500 et 650, avec des d\u00e9bits de 1,8 \u00e0 9,9 m\u00b3\/h, il est fabriqu\u00e9 en <span class=\"s1\"><b>acier inoxydable AISI 304<\/b><\/span> et comprend des vannes faciles \u00e0 utiliser pour la filtration, le lavage, le rin\u00e7age et la vidange.<\/p>","protected":false},"featured_media":7892,"comment_status":"closed","ping_status":"closed","template":"","meta":[],"product_brand":[],"product_cat":[280],"product_tag":[234,236,240,235,238,190,233,239,150,237],"class_list":{"0":"post-7593","1":"product","2":"type-product","3":"status-publish","4":"has-post-thumbnail","6":"product_cat-ecofilter","7":"product_tag-aco-inoxidavel","8":"product_tag-areia-filtrante","9":"product_tag-caudal-ate-9-9-m-h","10":"product_tag-ecopool","11":"product_tag-eta-compacta","12":"product_tag-filtracao-de-piscina","13":"product_tag-filtro-de-agua","14":"product_tag-retrolavagem","15":"product_tag-tratamento-de-agua","16":"product_tag-vidro-filtrante","18":"first","19":"instock","20":"shipping-taxable","21":"product-type-simple"},"yoast_head":"<!-- This site is optimized with the Yoast SEO plugin v27.3 - https:\/\/yoast.com\/product\/yoast-seo-wordpress\/ -->\n<title>ECOFILTER - Ecoindustry<\/title>\n<meta name=\"robots\" content=\"index, follow, max-snippet:-1, max-image-preview:large, max-video-preview:-1\" \/>\n<link rel=\"canonical\" href=\"https:\/\/www.ecoindustry.co.ao\/fr\/produit\/ecofilter\/\" \/>\n<meta property=\"og:locale\" content=\"fr_FR\" \/>\n<meta property=\"og:type\" content=\"article\" \/>\n<meta property=\"og:title\" content=\"ECOFILTER - Ecoindustry\" \/>\n<meta property=\"og:description\" content=\"ECOFILTER \u00e9 um filtro de areia ou vidro especialmente desenvolvido para maximizar o aproveitamento da \u00e1gua e reduzir a contamina\u00e7\u00e3o em sistemas de filtra\u00e7\u00e3o. Dispon\u00edvel nos modelos 400, 500 e 650, com caudais de 1.8 a 9.9 m\u00b3\/h, \u00e9 fabricado em a\u00e7o inoxid\u00e1vel AISI 304 e inclui v\u00e1lvulas de opera\u00e7\u00e3o simples para filtra\u00e7\u00e3o, lavagem, enxaguamento e esvaziamento.\" \/>\n<meta property=\"og:url\" content=\"https:\/\/www.ecoindustry.co.ao\/fr\/produit\/ecofilter\/\" \/>\n<meta property=\"og:site_name\" content=\"Ecoindustry\" \/>\n<meta property=\"article:publisher\" content=\"https:\/\/www.facebook.com\/ecoindustrylda\/\" \/>\n<meta property=\"article:modified_time\" content=\"2025-09-09T14:41:56+00:00\" \/>\n<meta property=\"og:image\" content=\"https:\/\/www.ecoindustry.co.ao\/wp-content\/uploads\/2025\/05\/banner-ecofilter-1.jpg\" \/>\n\t<meta property=\"og:image:width\" content=\"2250\" \/>\n\t<meta property=\"og:image:height\" content=\"2250\" \/>\n\t<meta property=\"og:image:type\" content=\"image\/jpeg\" \/>\n<meta name=\"twitter:card\" content=\"summary_large_image\" \/>\n<meta name=\"twitter:label1\" content=\"Dur\u00e9e de lecture estim\u00e9e\" \/>\n\t<meta name=\"twitter:data1\" content=\"1 minute\" \/>\n<script type=\"application\/ld+json\" class=\"yoast-schema-graph\">{\"@context\":\"https:\\\/\\\/schema.org\",\"@graph\":[{\"@type\":\"WebPage\",\"@id\":\"https:\\\/\\\/www.ecoindustry.co.ao\\\/produto\\\/ecofilter\\\/\",\"url\":\"https:\\\/\\\/www.ecoindustry.co.ao\\\/produto\\\/ecofilter\\\/\",\"name\":\"ECOFILTER - Ecoindustry\",\"isPartOf\":{\"@id\":\"https:\\\/\\\/www.ecoindustry.co.ao\\\/#website\"},\"primaryImageOfPage\":{\"@id\":\"https:\\\/\\\/www.ecoindustry.co.ao\\\/produto\\\/ecofilter\\\/#primaryimage\"},\"image\":{\"@id\":\"https:\\\/\\\/www.ecoindustry.co.ao\\\/produto\\\/ecofilter\\\/#primaryimage\"},\"thumbnailUrl\":\"https:\\\/\\\/www.ecoindustry.co.ao\\\/wp-content\\\/uploads\\\/2025\\\/05\\\/banner-ecofilter-1.jpg\",\"datePublished\":\"2025-04-21T06:39:06+00:00\",\"dateModified\":\"2025-09-09T14:41:56+00:00\",\"breadcrumb\":{\"@id\":\"https:\\\/\\\/www.ecoindustry.co.ao\\\/produto\\\/ecofilter\\\/#breadcrumb\"},\"inLanguage\":\"fr-FR\",\"potentialAction\":[{\"@type\":\"ReadAction\",\"target\":[\"https:\\\/\\\/www.ecoindustry.co.ao\\\/produto\\\/ecofilter\\\/\"]}]},{\"@type\":\"ImageObject\",\"inLanguage\":\"fr-FR\",\"@id\":\"https:\\\/\\\/www.ecoindustry.co.ao\\\/produto\\\/ecofilter\\\/#primaryimage\",\"url\":\"https:\\\/\\\/www.ecoindustry.co.ao\\\/wp-content\\\/uploads\\\/2025\\\/05\\\/banner-ecofilter-1.jpg\",\"contentUrl\":\"https:\\\/\\\/www.ecoindustry.co.ao\\\/wp-content\\\/uploads\\\/2025\\\/05\\\/banner-ecofilter-1.jpg\",\"width\":2250,\"height\":2250},{\"@type\":\"BreadcrumbList\",\"@id\":\"https:\\\/\\\/www.ecoindustry.co.ao\\\/produto\\\/ecofilter\\\/#breadcrumb\",\"itemListElement\":[{\"@type\":\"ListItem\",\"position\":1,\"name\":\"In\u00edcio\",\"item\":\"https:\\\/\\\/www.ecoindustry.co.ao\\\/\"},{\"@type\":\"ListItem\",\"position\":2,\"name\":\"Loja\",\"item\":\"https:\\\/\\\/www.ecoindustry.co.ao\\\/loja\\\/\"},{\"@type\":\"ListItem\",\"position\":3,\"name\":\"ECOFILTER\"}]},{\"@type\":\"WebSite\",\"@id\":\"https:\\\/\\\/www.ecoindustry.co.ao\\\/#website\",\"url\":\"https:\\\/\\\/www.ecoindustry.co.ao\\\/\",\"name\":\"Ecoindustry\",\"description\":\"Produzimos e comercializamos o melhor, de \u00c1frica para o Mundo.\",\"publisher\":{\"@id\":\"https:\\\/\\\/www.ecoindustry.co.ao\\\/#organization\"},\"potentialAction\":[{\"@type\":\"SearchAction\",\"target\":{\"@type\":\"EntryPoint\",\"urlTemplate\":\"https:\\\/\\\/www.ecoindustry.co.ao\\\/?s={search_term_string}\"},\"query-input\":{\"@type\":\"PropertyValueSpecification\",\"valueRequired\":true,\"valueName\":\"search_term_string\"}}],\"inLanguage\":\"fr-FR\"},{\"@type\":\"Organization\",\"@id\":\"https:\\\/\\\/www.ecoindustry.co.ao\\\/#organization\",\"name\":\"ECOINDUSTRY\",\"url\":\"https:\\\/\\\/www.ecoindustry.co.ao\\\/\",\"logo\":{\"@type\":\"ImageObject\",\"inLanguage\":\"fr-FR\",\"@id\":\"https:\\\/\\\/www.ecoindustry.co.ao\\\/#\\\/schema\\\/logo\\\/image\\\/\",\"url\":\"https:\\\/\\\/www.ecoindustry.co.ao\\\/wp-content\\\/uploads\\\/2017\\\/04\\\/Logo_Ecoindustry.png\",\"contentUrl\":\"https:\\\/\\\/www.ecoindustry.co.ao\\\/wp-content\\\/uploads\\\/2017\\\/04\\\/Logo_Ecoindustry.png\",\"width\":584,\"height\":111,\"caption\":\"ECOINDUSTRY\"},\"image\":{\"@id\":\"https:\\\/\\\/www.ecoindustry.co.ao\\\/#\\\/schema\\\/logo\\\/image\\\/\"},\"sameAs\":[\"https:\\\/\\\/www.facebook.com\\\/ecoindustrylda\\\/\",\"https:\\\/\\\/www.linkedin.com\\\/company\\\/ecoindustry\\\/\"]}]}<\/script>\n<!-- \/ Yoast SEO plugin. -->","yoast_head_json":{"title":"ECOFILTER - Ecoindustry","robots":{"index":"index","follow":"follow","max-snippet":"max-snippet:-1","max-image-preview":"max-image-preview:large","max-video-preview":"max-video-preview:-1"},"canonical":"https:\/\/www.ecoindustry.co.ao\/fr\/produit\/ecofilter\/","og_locale":"fr_FR","og_type":"article","og_title":"ECOFILTER - Ecoindustry","og_description":"ECOFILTER \u00e9 um filtro de areia ou vidro especialmente desenvolvido para maximizar o aproveitamento da \u00e1gua e reduzir a contamina\u00e7\u00e3o em sistemas de filtra\u00e7\u00e3o. Dispon\u00edvel nos modelos 400, 500 e 650, com caudais de 1.8 a 9.9 m\u00b3\/h, \u00e9 fabricado em a\u00e7o inoxid\u00e1vel AISI 304 e inclui v\u00e1lvulas de opera\u00e7\u00e3o simples para filtra\u00e7\u00e3o, lavagem, enxaguamento e esvaziamento.","og_url":"https:\/\/www.ecoindustry.co.ao\/fr\/produit\/ecofilter\/","og_site_name":"Ecoindustry","article_publisher":"https:\/\/www.facebook.com\/ecoindustrylda\/","article_modified_time":"2025-09-09T14:41:56+00:00","og_image":[{"width":2250,"height":2250,"url":"https:\/\/www.ecoindustry.co.ao\/wp-content\/uploads\/2025\/05\/banner-ecofilter-1.jpg","type":"image\/jpeg"}],"twitter_card":"summary_large_image","twitter_misc":{"Dur\u00e9e de lecture estim\u00e9e":"1 minute"},"schema":{"@context":"https:\/\/schema.org","@graph":[{"@type":"WebPage","@id":"https:\/\/www.ecoindustry.co.ao\/produto\/ecofilter\/","url":"https:\/\/www.ecoindustry.co.ao\/produto\/ecofilter\/","name":"ECOFILTER - Ecoindustry","isPartOf":{"@id":"https:\/\/www.ecoindustry.co.ao\/#website"},"primaryImageOfPage":{"@id":"https:\/\/www.ecoindustry.co.ao\/produto\/ecofilter\/#primaryimage"},"image":{"@id":"https:\/\/www.ecoindustry.co.ao\/produto\/ecofilter\/#primaryimage"},"thumbnailUrl":"https:\/\/www.ecoindustry.co.ao\/wp-content\/uploads\/2025\/05\/banner-ecofilter-1.jpg","datePublished":"2025-04-21T06:39:06+00:00","dateModified":"2025-09-09T14:41:56+00:00","breadcrumb":{"@id":"https:\/\/www.ecoindustry.co.ao\/produto\/ecofilter\/#breadcrumb"},"inLanguage":"fr-FR","potentialAction":[{"@type":"ReadAction","target":["https:\/\/www.ecoindustry.co.ao\/produto\/ecofilter\/"]}]},{"@type":"ImageObject","inLanguage":"fr-FR","@id":"https:\/\/www.ecoindustry.co.ao\/produto\/ecofilter\/#primaryimage","url":"https:\/\/www.ecoindustry.co.ao\/wp-content\/uploads\/2025\/05\/banner-ecofilter-1.jpg","contentUrl":"https:\/\/www.ecoindustry.co.ao\/wp-content\/uploads\/2025\/05\/banner-ecofilter-1.jpg","width":2250,"height":2250},{"@type":"BreadcrumbList","@id":"https:\/\/www.ecoindustry.co.ao\/produto\/ecofilter\/#breadcrumb","itemListElement":[{"@type":"ListItem","position":1,"name":"In\u00edcio","item":"https:\/\/www.ecoindustry.co.ao\/"},{"@type":"ListItem","position":2,"name":"Loja","item":"https:\/\/www.ecoindustry.co.ao\/loja\/"},{"@type":"ListItem","position":3,"name":"ECOFILTER"}]},{"@type":"WebSite","@id":"https:\/\/www.ecoindustry.co.ao\/#website","url":"https:\/\/www.ecoindustry.co.ao\/","name":"\u00c9coindustrie","description":"Produzimos e comercializamos o melhor, de \u00c1frica para o Mundo.","publisher":{"@id":"https:\/\/www.ecoindustry.co.ao\/#organization"},"potentialAction":[{"@type":"SearchAction","target":{"@type":"EntryPoint","urlTemplate":"https:\/\/www.ecoindustry.co.ao\/?s={search_term_string}"},"query-input":{"@type":"PropertyValueSpecification","valueRequired":true,"valueName":"search_term_string"}}],"inLanguage":"fr-FR"},{"@type":"Organization","@id":"https:\/\/www.ecoindustry.co.ao\/#organization","name":"\u00c9COINDUSTRIE","url":"https:\/\/www.ecoindustry.co.ao\/","logo":{"@type":"ImageObject","inLanguage":"fr-FR","@id":"https:\/\/www.ecoindustry.co.ao\/#\/schema\/logo\/image\/","url":"https:\/\/www.ecoindustry.co.ao\/wp-content\/uploads\/2017\/04\/Logo_Ecoindustry.png","contentUrl":"https:\/\/www.ecoindustry.co.ao\/wp-content\/uploads\/2017\/04\/Logo_Ecoindustry.png","width":584,"height":111,"caption":"ECOINDUSTRY"},"image":{"@id":"https:\/\/www.ecoindustry.co.ao\/#\/schema\/logo\/image\/"},"sameAs":["https:\/\/www.facebook.com\/ecoindustrylda\/","https:\/\/www.linkedin.com\/company\/ecoindustry\/"]}]}},"_links":{"self":[{"href":"https:\/\/www.ecoindustry.co.ao\/fr\/wp-json\/wp\/v2\/product\/7593","targetHints":{"allow":["GET"]}}],"collection":[{"href":"https:\/\/www.ecoindustry.co.ao\/fr\/wp-json\/wp\/v2\/product"}],"about":[{"href":"https:\/\/www.ecoindustry.co.ao\/fr\/wp-json\/wp\/v2\/types\/product"}],"replies":[{"embeddable":true,"href":"https:\/\/www.ecoindustry.co.ao\/fr\/wp-json\/wp\/v2\/comments?post=7593"}],"wp:featuredmedia":[{"embeddable":true,"href":"https:\/\/www.ecoindustry.co.ao\/fr\/wp-json\/wp\/v2\/media\/7892"}],"wp:attachment":[{"href":"https:\/\/www.ecoindustry.co.ao\/fr\/wp-json\/wp\/v2\/media?parent=7593"}],"wp:term":[{"taxonomy":"product_brand","embeddable":true,"href":"https:\/\/www.ecoindustry.co.ao\/fr\/wp-json\/wp\/v2\/product_brand?post=7593"},{"taxonomy":"product_cat","embeddable":true,"href":"https:\/\/www.ecoindustry.co.ao\/fr\/wp-json\/wp\/v2\/product_cat?post=7593"},{"taxonomy":"product_tag","embeddable":true,"href":"https:\/\/www.ecoindustry.co.ao\/fr\/wp-json\/wp\/v2\/product_tag?post=7593"}],"curies":[{"name":"wp","href":"https:\/\/api.w.org\/{rel}","templated":true}]}}