{"id":7583,"date":"2025-04-16T17:29:42","date_gmt":"2025-04-16T17:29:42","guid":{"rendered":"https:\/\/www.ecoindustry.co.ao\/?post_type=product&#038;p=7583"},"modified":"2025-09-09T14:47:16","modified_gmt":"2025-09-09T14:47:16","slug":"electrobomba-sta-rite-5p2rf","status":"publish","type":"product","link":"https:\/\/www.ecoindustry.co.ao\/fr\/produit\/electrobomba-sta-rite-5p2rf\/","title":{"rendered":"POMPE \u00c9LECTRIQUE STA-RITE 5P2RF"},"content":{"rendered":"<p class=\"p1\"><span class=\"s1\"><b>STA-Rite 5P2RF<\/b><\/span> Il s&#039;agit de la pompe \u00e9lectrique la plus puissante de la gamme, adapt\u00e9e aux applications intensives telles que\u00a0: <span style=\"color: #af2d2c\"><strong>piscines publiques, communautaires ou \u00e0 forte fr\u00e9quentation<\/strong><\/span>Avec un d\u00e9bit pouvant atteindre 21 m\u00b3\/h, il offre robustesse et fiabilit\u00e9 m\u00eame dans les conditions les plus exigeantes.<\/p>\n<p class=\"p1\">Fabriqu\u00e9 avec des mat\u00e9riaux r\u00e9sistants \u00e0 la corrosion et \u00e9quip\u00e9 d&#039;un moteur efficace et silencieux, le 5P2RF garantit un <span class=\"s1\"><b>Circulation d&#039;eau puissante et continue<\/b><\/span>Sa conception facilite la maintenance et prolonge la dur\u00e9e de vie de l&#039;\u00e9quipement dans les environnements \u00e0 fort trafic.<\/p>\n<h3><\/h3>\n<p><b>Caract\u00e9ristiques:<\/b><\/p>\n<p class=\"p1\">\u2022 D\u00e9bit jusqu&#039;\u00e0 21 m\u00b3\/h pour les grandes piscines ;<\/p>\n<p class=\"p1\">\u2022 Construction robuste en thermoplastique renforc\u00e9 haute r\u00e9sistance ;<\/p>\n<p class=\"p1\">\u2022 Pr\u00e9filtre avec couvercle transparent et acc\u00e8s facile ;<\/p>\n<p class=\"p1\">\u2022 Moteur \u00e0 haut rendement avec protection thermique et indice de protection IP55\u00a0;<\/p>\n<p class=\"p1\">\u2022 Id\u00e9al pour les piscines publiques et une utilisation continue.<\/p>","protected":false},"excerpt":{"rendered":"<p class=\"p1\"><span class=\"s1\"><b>STA-Rite 5P2RF<\/b><\/span> C&#039;est le choix id\u00e9al pour les installations de grande envergure ou les piscines publiques, d&#039;une capacit\u00e9 de <span style=\"color: #af2d2c\"><strong>d\u00e9bit jusqu&#039;\u00e0 21 m\u00b3\/h<\/strong><\/span> et d&#039;excellentes performances hydrauliques.<\/p>\n<p class=\"p1\">Dot\u00e9e d&#039;un corps en thermoplastique renforc\u00e9 et d&#039;un moteur \u00e0 haut rendement, cette pompe \u00e9lectrique garantit fiabilit\u00e9, durabilit\u00e9 et facilit\u00e9 d&#039;entretien lors d&#039;op\u00e9rations continues et exigeantes.<\/p>","protected":false},"featured_media":4043,"comment_status":"closed","ping_status":"closed","template":"","meta":[],"product_brand":[],"product_cat":[52,283],"product_tag":[176,201,199,197,204,200,203,169,202,198],"class_list":{"0":"post-7583","1":"product","2":"type-product","3":"status-publish","4":"has-post-thumbnail","6":"product_cat-sem-categoria","7":"product_cat-sistemas-filtracao","8":"product_tag-alto-desempenho","9":"product_tag-caudal-elevado","10":"product_tag-circulacao-de-agua","11":"product_tag-electrobomba","12":"product_tag-equipamento-hidraulico","13":"product_tag-filtracao","14":"product_tag-motor-ip55","15":"product_tag-piscina","16":"product_tag-pre-filtro","17":"product_tag-sta-rite","19":"first","20":"instock","21":"shipping-taxable","22":"product-type-simple"},"yoast_head":"<!-- This site is optimized with the Yoast SEO plugin v27.3 - https:\/\/yoast.com\/product\/yoast-seo-wordpress\/ -->\n<title>ELECTROBOMBA STA-RITE 5P2RF - Ecoindustry<\/title>\n<meta name=\"robots\" content=\"index, follow, max-snippet:-1, max-image-preview:large, max-video-preview:-1\" \/>\n<link rel=\"canonical\" href=\"https:\/\/www.ecoindustry.co.ao\/fr\/produit\/electrobomba-sta-rite-5p2rf\/\" \/>\n<meta property=\"og:locale\" content=\"fr_FR\" \/>\n<meta property=\"og:type\" content=\"article\" \/>\n<meta property=\"og:title\" content=\"ELECTROBOMBA STA-RITE 5P2RF - Ecoindustry\" \/>\n<meta property=\"og:description\" content=\"STA-Rite 5P2RF \u00e9 a escolha ideal para instala\u00e7\u00f5es de grande porte ou piscinas p\u00fablicas, com capacidade de caudal at\u00e9 21 m\u00b3\/h e excelente desempenho hidr\u00e1ulico. Com corpo em termopl\u00e1stico refor\u00e7ado e motor de alto rendimento, esta electrobomba assegura fiabilidade, resist\u00eancia e facilidade de manuten\u00e7\u00e3o em opera\u00e7\u00f5es cont\u00ednuas e exigentes.\" \/>\n<meta property=\"og:url\" content=\"https:\/\/www.ecoindustry.co.ao\/fr\/produit\/electrobomba-sta-rite-5p2rf\/\" \/>\n<meta property=\"og:site_name\" content=\"Ecoindustry\" \/>\n<meta property=\"article:publisher\" content=\"https:\/\/www.facebook.com\/ecoindustrylda\/\" \/>\n<meta property=\"article:modified_time\" content=\"2025-09-09T14:47:16+00:00\" \/>\n<meta property=\"og:image\" content=\"https:\/\/www.ecoindustry.co.ao\/wp-content\/uploads\/2020\/11\/STA_Rite.jpg\" \/>\n\t<meta property=\"og:image:width\" content=\"1200\" \/>\n\t<meta property=\"og:image:height\" content=\"800\" \/>\n\t<meta property=\"og:image:type\" content=\"image\/jpeg\" \/>\n<meta name=\"twitter:card\" content=\"summary_large_image\" \/>\n<meta name=\"twitter:label1\" content=\"Dur\u00e9e de lecture estim\u00e9e\" \/>\n\t<meta name=\"twitter:data1\" content=\"1 minute\" \/>\n<script type=\"application\/ld+json\" class=\"yoast-schema-graph\">{\"@context\":\"https:\\\/\\\/schema.org\",\"@graph\":[{\"@type\":\"WebPage\",\"@id\":\"https:\\\/\\\/www.ecoindustry.co.ao\\\/produto\\\/electrobomba-sta-rite-5p2rf\\\/\",\"url\":\"https:\\\/\\\/www.ecoindustry.co.ao\\\/produto\\\/electrobomba-sta-rite-5p2rf\\\/\",\"name\":\"ELECTROBOMBA STA-RITE 5P2RF - Ecoindustry\",\"isPartOf\":{\"@id\":\"https:\\\/\\\/www.ecoindustry.co.ao\\\/#website\"},\"primaryImageOfPage\":{\"@id\":\"https:\\\/\\\/www.ecoindustry.co.ao\\\/produto\\\/electrobomba-sta-rite-5p2rf\\\/#primaryimage\"},\"image\":{\"@id\":\"https:\\\/\\\/www.ecoindustry.co.ao\\\/produto\\\/electrobomba-sta-rite-5p2rf\\\/#primaryimage\"},\"thumbnailUrl\":\"https:\\\/\\\/www.ecoindustry.co.ao\\\/wp-content\\\/uploads\\\/2020\\\/11\\\/STA_Rite.jpg\",\"datePublished\":\"2025-04-16T17:29:42+00:00\",\"dateModified\":\"2025-09-09T14:47:16+00:00\",\"breadcrumb\":{\"@id\":\"https:\\\/\\\/www.ecoindustry.co.ao\\\/produto\\\/electrobomba-sta-rite-5p2rf\\\/#breadcrumb\"},\"inLanguage\":\"fr-FR\",\"potentialAction\":[{\"@type\":\"ReadAction\",\"target\":[\"https:\\\/\\\/www.ecoindustry.co.ao\\\/produto\\\/electrobomba-sta-rite-5p2rf\\\/\"]}]},{\"@type\":\"ImageObject\",\"inLanguage\":\"fr-FR\",\"@id\":\"https:\\\/\\\/www.ecoindustry.co.ao\\\/produto\\\/electrobomba-sta-rite-5p2rf\\\/#primaryimage\",\"url\":\"https:\\\/\\\/www.ecoindustry.co.ao\\\/wp-content\\\/uploads\\\/2020\\\/11\\\/STA_Rite.jpg\",\"contentUrl\":\"https:\\\/\\\/www.ecoindustry.co.ao\\\/wp-content\\\/uploads\\\/2020\\\/11\\\/STA_Rite.jpg\",\"width\":1200,\"height\":800},{\"@type\":\"BreadcrumbList\",\"@id\":\"https:\\\/\\\/www.ecoindustry.co.ao\\\/produto\\\/electrobomba-sta-rite-5p2rf\\\/#breadcrumb\",\"itemListElement\":[{\"@type\":\"ListItem\",\"position\":1,\"name\":\"In\u00edcio\",\"item\":\"https:\\\/\\\/www.ecoindustry.co.ao\\\/\"},{\"@type\":\"ListItem\",\"position\":2,\"name\":\"Loja\",\"item\":\"https:\\\/\\\/www.ecoindustry.co.ao\\\/loja\\\/\"},{\"@type\":\"ListItem\",\"position\":3,\"name\":\"ELECTROBOMBA STA-RITE 5P2RF\"}]},{\"@type\":\"WebSite\",\"@id\":\"https:\\\/\\\/www.ecoindustry.co.ao\\\/#website\",\"url\":\"https:\\\/\\\/www.ecoindustry.co.ao\\\/\",\"name\":\"Ecoindustry\",\"description\":\"Produzimos e comercializamos o melhor, de \u00c1frica para o Mundo.\",\"publisher\":{\"@id\":\"https:\\\/\\\/www.ecoindustry.co.ao\\\/#organization\"},\"potentialAction\":[{\"@type\":\"SearchAction\",\"target\":{\"@type\":\"EntryPoint\",\"urlTemplate\":\"https:\\\/\\\/www.ecoindustry.co.ao\\\/?s={search_term_string}\"},\"query-input\":{\"@type\":\"PropertyValueSpecification\",\"valueRequired\":true,\"valueName\":\"search_term_string\"}}],\"inLanguage\":\"fr-FR\"},{\"@type\":\"Organization\",\"@id\":\"https:\\\/\\\/www.ecoindustry.co.ao\\\/#organization\",\"name\":\"ECOINDUSTRY\",\"url\":\"https:\\\/\\\/www.ecoindustry.co.ao\\\/\",\"logo\":{\"@type\":\"ImageObject\",\"inLanguage\":\"fr-FR\",\"@id\":\"https:\\\/\\\/www.ecoindustry.co.ao\\\/#\\\/schema\\\/logo\\\/image\\\/\",\"url\":\"https:\\\/\\\/www.ecoindustry.co.ao\\\/wp-content\\\/uploads\\\/2017\\\/04\\\/Logo_Ecoindustry.png\",\"contentUrl\":\"https:\\\/\\\/www.ecoindustry.co.ao\\\/wp-content\\\/uploads\\\/2017\\\/04\\\/Logo_Ecoindustry.png\",\"width\":584,\"height\":111,\"caption\":\"ECOINDUSTRY\"},\"image\":{\"@id\":\"https:\\\/\\\/www.ecoindustry.co.ao\\\/#\\\/schema\\\/logo\\\/image\\\/\"},\"sameAs\":[\"https:\\\/\\\/www.facebook.com\\\/ecoindustrylda\\\/\",\"https:\\\/\\\/www.linkedin.com\\\/company\\\/ecoindustry\\\/\"]}]}<\/script>\n<!-- \/ Yoast SEO plugin. -->","yoast_head_json":{"title":"ELECTROBOMBA STA-RITE 5P2RF - Ecoindustry","robots":{"index":"index","follow":"follow","max-snippet":"max-snippet:-1","max-image-preview":"max-image-preview:large","max-video-preview":"max-video-preview:-1"},"canonical":"https:\/\/www.ecoindustry.co.ao\/fr\/produit\/electrobomba-sta-rite-5p2rf\/","og_locale":"fr_FR","og_type":"article","og_title":"ELECTROBOMBA STA-RITE 5P2RF - Ecoindustry","og_description":"STA-Rite 5P2RF \u00e9 a escolha ideal para instala\u00e7\u00f5es de grande porte ou piscinas p\u00fablicas, com capacidade de caudal at\u00e9 21 m\u00b3\/h e excelente desempenho hidr\u00e1ulico. Com corpo em termopl\u00e1stico refor\u00e7ado e motor de alto rendimento, esta electrobomba assegura fiabilidade, resist\u00eancia e facilidade de manuten\u00e7\u00e3o em opera\u00e7\u00f5es cont\u00ednuas e exigentes.","og_url":"https:\/\/www.ecoindustry.co.ao\/fr\/produit\/electrobomba-sta-rite-5p2rf\/","og_site_name":"Ecoindustry","article_publisher":"https:\/\/www.facebook.com\/ecoindustrylda\/","article_modified_time":"2025-09-09T14:47:16+00:00","og_image":[{"width":1200,"height":800,"url":"https:\/\/www.ecoindustry.co.ao\/wp-content\/uploads\/2020\/11\/STA_Rite.jpg","type":"image\/jpeg"}],"twitter_card":"summary_large_image","twitter_misc":{"Dur\u00e9e de lecture estim\u00e9e":"1 minute"},"schema":{"@context":"https:\/\/schema.org","@graph":[{"@type":"WebPage","@id":"https:\/\/www.ecoindustry.co.ao\/produto\/electrobomba-sta-rite-5p2rf\/","url":"https:\/\/www.ecoindustry.co.ao\/produto\/electrobomba-sta-rite-5p2rf\/","name":"ELECTROBOMBA STA-RITE 5P2RF - Ecoindustry","isPartOf":{"@id":"https:\/\/www.ecoindustry.co.ao\/#website"},"primaryImageOfPage":{"@id":"https:\/\/www.ecoindustry.co.ao\/produto\/electrobomba-sta-rite-5p2rf\/#primaryimage"},"image":{"@id":"https:\/\/www.ecoindustry.co.ao\/produto\/electrobomba-sta-rite-5p2rf\/#primaryimage"},"thumbnailUrl":"https:\/\/www.ecoindustry.co.ao\/wp-content\/uploads\/2020\/11\/STA_Rite.jpg","datePublished":"2025-04-16T17:29:42+00:00","dateModified":"2025-09-09T14:47:16+00:00","breadcrumb":{"@id":"https:\/\/www.ecoindustry.co.ao\/produto\/electrobomba-sta-rite-5p2rf\/#breadcrumb"},"inLanguage":"fr-FR","potentialAction":[{"@type":"ReadAction","target":["https:\/\/www.ecoindustry.co.ao\/produto\/electrobomba-sta-rite-5p2rf\/"]}]},{"@type":"ImageObject","inLanguage":"fr-FR","@id":"https:\/\/www.ecoindustry.co.ao\/produto\/electrobomba-sta-rite-5p2rf\/#primaryimage","url":"https:\/\/www.ecoindustry.co.ao\/wp-content\/uploads\/2020\/11\/STA_Rite.jpg","contentUrl":"https:\/\/www.ecoindustry.co.ao\/wp-content\/uploads\/2020\/11\/STA_Rite.jpg","width":1200,"height":800},{"@type":"BreadcrumbList","@id":"https:\/\/www.ecoindustry.co.ao\/produto\/electrobomba-sta-rite-5p2rf\/#breadcrumb","itemListElement":[{"@type":"ListItem","position":1,"name":"In\u00edcio","item":"https:\/\/www.ecoindustry.co.ao\/"},{"@type":"ListItem","position":2,"name":"Loja","item":"https:\/\/www.ecoindustry.co.ao\/loja\/"},{"@type":"ListItem","position":3,"name":"ELECTROBOMBA STA-RITE 5P2RF"}]},{"@type":"WebSite","@id":"https:\/\/www.ecoindustry.co.ao\/#website","url":"https:\/\/www.ecoindustry.co.ao\/","name":"\u00c9coindustrie","description":"Produzimos e comercializamos o melhor, de \u00c1frica para o Mundo.","publisher":{"@id":"https:\/\/www.ecoindustry.co.ao\/#organization"},"potentialAction":[{"@type":"SearchAction","target":{"@type":"EntryPoint","urlTemplate":"https:\/\/www.ecoindustry.co.ao\/?s={search_term_string}"},"query-input":{"@type":"PropertyValueSpecification","valueRequired":true,"valueName":"search_term_string"}}],"inLanguage":"fr-FR"},{"@type":"Organization","@id":"https:\/\/www.ecoindustry.co.ao\/#organization","name":"\u00c9COINDUSTRIE","url":"https:\/\/www.ecoindustry.co.ao\/","logo":{"@type":"ImageObject","inLanguage":"fr-FR","@id":"https:\/\/www.ecoindustry.co.ao\/#\/schema\/logo\/image\/","url":"https:\/\/www.ecoindustry.co.ao\/wp-content\/uploads\/2017\/04\/Logo_Ecoindustry.png","contentUrl":"https:\/\/www.ecoindustry.co.ao\/wp-content\/uploads\/2017\/04\/Logo_Ecoindustry.png","width":584,"height":111,"caption":"ECOINDUSTRY"},"image":{"@id":"https:\/\/www.ecoindustry.co.ao\/#\/schema\/logo\/image\/"},"sameAs":["https:\/\/www.facebook.com\/ecoindustrylda\/","https:\/\/www.linkedin.com\/company\/ecoindustry\/"]}]}},"_links":{"self":[{"href":"https:\/\/www.ecoindustry.co.ao\/fr\/wp-json\/wp\/v2\/product\/7583","targetHints":{"allow":["GET"]}}],"collection":[{"href":"https:\/\/www.ecoindustry.co.ao\/fr\/wp-json\/wp\/v2\/product"}],"about":[{"href":"https:\/\/www.ecoindustry.co.ao\/fr\/wp-json\/wp\/v2\/types\/product"}],"replies":[{"embeddable":true,"href":"https:\/\/www.ecoindustry.co.ao\/fr\/wp-json\/wp\/v2\/comments?post=7583"}],"wp:featuredmedia":[{"embeddable":true,"href":"https:\/\/www.ecoindustry.co.ao\/fr\/wp-json\/wp\/v2\/media\/4043"}],"wp:attachment":[{"href":"https:\/\/www.ecoindustry.co.ao\/fr\/wp-json\/wp\/v2\/media?parent=7583"}],"wp:term":[{"taxonomy":"product_brand","embeddable":true,"href":"https:\/\/www.ecoindustry.co.ao\/fr\/wp-json\/wp\/v2\/product_brand?post=7583"},{"taxonomy":"product_cat","embeddable":true,"href":"https:\/\/www.ecoindustry.co.ao\/fr\/wp-json\/wp\/v2\/product_cat?post=7583"},{"taxonomy":"product_tag","embeddable":true,"href":"https:\/\/www.ecoindustry.co.ao\/fr\/wp-json\/wp\/v2\/product_tag?post=7583"}],"curies":[{"name":"wp","href":"https:\/\/api.w.org\/{rel}","templated":true}]}}