{"id":7582,"date":"2025-04-16T17:29:42","date_gmt":"2025-04-16T17:29:42","guid":{"rendered":"https:\/\/www.ecoindustry.co.ao\/?post_type=product&#038;p=7582"},"modified":"2025-09-09T14:48:46","modified_gmt":"2025-09-09T14:48:46","slug":"electrobomba-sta-rite-5p2re","status":"publish","type":"product","link":"https:\/\/www.ecoindustry.co.ao\/fr\/produit\/electrobomba-sta-rite-5p2re\/","title":{"rendered":"POMPE \u00c9LECTRIQUE STA-RITE 5P2RE"},"content":{"rendered":"<p class=\"p1\"><span class=\"s1\"><b>STA-Rite 5P2RE<\/b><\/span> Il s&#039;agit d&#039;une pompe \u00e9lectrique centrifuge haute performance, avec <span style=\"color: #af2d2c\"><strong>d\u00e9bit maximal de 17 m\u00b3\/h<\/strong><\/span>Id\u00e9al pour les grandes piscines r\u00e9sidentielles ou celles \u00e0 forte fr\u00e9quentation. Fabriqu\u00e9 avec des mat\u00e9riaux hautement r\u00e9sistants \u00e0 la corrosion, il garantit une grande durabilit\u00e9 m\u00eame dans des environnements exigeants.<\/p>\n<p class=\"p1\">Le mod\u00e8le 5P2RE combine <span class=\"s1\"><b>efficacit\u00e9 hydraulique et faibles \u00e9missions sonores<\/b><\/span>Solution fiable pour les syst\u00e8mes de filtration continue, le pr\u00e9filtre \u00e0 couvercle transparent facilite la maintenance et sa conception compacte permet une int\u00e9gration rapide dans les installations nouvelles ou existantes.<\/p>\n<h3><\/h3>\n<p><b>Caract\u00e9ristiques:<\/b><\/p>\n<p class=\"p1\">\u2022 Bo\u00eetier robuste en thermoplastique renforc\u00e9 et r\u00e9sistant \u00e0 la corrosion ;<\/p>\n<p class=\"p1\">\u2022 D\u00e9bit jusqu&#039;\u00e0 17 m\u00b3\/h ;<\/p>\n<p class=\"p1\">\u2022 Fonctionnement silencieux et continu ;<\/p>\n<p class=\"p1\">\u2022 Pr\u00e9filtre avec couvercle transparent pour un acc\u00e8s facile ;<\/p>\n<p class=\"p1\">\u2022 Moteur prot\u00e9g\u00e9 par ventilation et indice de protection IP55.<\/p>","protected":false},"excerpt":{"rendered":"<p class=\"p1\">UN <span class=\"s1\"><b>Pompe \u00e9lectrique STA-Rite 5P2RE<\/b><\/span> Elle se distingue par sa puissance et son efficacit\u00e9, offrant <span style=\"color: #af2d2c\"><strong>d\u00e9bits jusqu&#039;\u00e0 17 m\u00b3\/h<\/strong><\/span> Faible consommation d&#039;\u00e9nergie. Id\u00e9al pour les piscines de grand volume n\u00e9cessitant une filtration continue.<\/p>\n<p class=\"p1\">Fabriqu\u00e9e avec des mat\u00e9riaux r\u00e9sistants \u00e0 la corrosion, cette pompe garantit une durabilit\u00e9 et une fiabilit\u00e9 \u00e9lev\u00e9es dans les environnements \u00e0 utilisation fr\u00e9quente, tout en maintenant un fonctionnement silencieux et stable dans le temps.<\/p>","protected":false},"featured_media":4043,"comment_status":"closed","ping_status":"closed","template":"","meta":[],"product_brand":[],"product_cat":[52,283],"product_tag":[176,201,199,197,204,200,203,169,202,198],"class_list":{"0":"post-7582","1":"product","2":"type-product","3":"status-publish","4":"has-post-thumbnail","6":"product_cat-sem-categoria","7":"product_cat-sistemas-filtracao","8":"product_tag-alto-desempenho","9":"product_tag-caudal-elevado","10":"product_tag-circulacao-de-agua","11":"product_tag-electrobomba","12":"product_tag-equipamento-hidraulico","13":"product_tag-filtracao","14":"product_tag-motor-ip55","15":"product_tag-piscina","16":"product_tag-pre-filtro","17":"product_tag-sta-rite","19":"first","20":"instock","21":"featured","22":"shipping-taxable","23":"product-type-simple"},"yoast_head":"<!-- This site is optimized with the Yoast SEO plugin v27.3 - https:\/\/yoast.com\/product\/yoast-seo-wordpress\/ -->\n<title>ELECTROBOMBA STA-RITE 5P2RE - Ecoindustry<\/title>\n<meta name=\"robots\" content=\"index, follow, max-snippet:-1, max-image-preview:large, max-video-preview:-1\" \/>\n<link rel=\"canonical\" href=\"https:\/\/www.ecoindustry.co.ao\/fr\/produit\/electrobomba-sta-rite-5p2re\/\" \/>\n<meta property=\"og:locale\" content=\"fr_FR\" \/>\n<meta property=\"og:type\" content=\"article\" \/>\n<meta property=\"og:title\" content=\"ELECTROBOMBA STA-RITE 5P2RE - Ecoindustry\" \/>\n<meta property=\"og:description\" content=\"A Electrobomba STA-Rite 5P2RE destaca-se pela sua pot\u00eancia e efici\u00eancia, oferecendo caudais at\u00e9 17 m\u00b3\/h com baixo consumo energ\u00e9tico. Ideal para piscinas com maior volume de \u00e1gua e necessidade de filtra\u00e7\u00e3o cont\u00ednua. Fabricada com materiais resistentes \u00e0 corros\u00e3o, esta bomba garante elevada durabilidade e fiabilidade em ambientes com uso frequente, mantendo um desempenho silencioso e est\u00e1vel ao longo do tempo.\" \/>\n<meta property=\"og:url\" content=\"https:\/\/www.ecoindustry.co.ao\/fr\/produit\/electrobomba-sta-rite-5p2re\/\" \/>\n<meta property=\"og:site_name\" content=\"Ecoindustry\" \/>\n<meta property=\"article:publisher\" content=\"https:\/\/www.facebook.com\/ecoindustrylda\/\" \/>\n<meta property=\"article:modified_time\" content=\"2025-09-09T14:48:46+00:00\" \/>\n<meta property=\"og:image\" content=\"https:\/\/www.ecoindustry.co.ao\/wp-content\/uploads\/2020\/11\/STA_Rite.jpg\" \/>\n\t<meta property=\"og:image:width\" content=\"1200\" \/>\n\t<meta property=\"og:image:height\" content=\"800\" \/>\n\t<meta property=\"og:image:type\" content=\"image\/jpeg\" \/>\n<meta name=\"twitter:card\" content=\"summary_large_image\" \/>\n<meta name=\"twitter:label1\" content=\"Dur\u00e9e de lecture estim\u00e9e\" \/>\n\t<meta name=\"twitter:data1\" content=\"1 minute\" \/>\n<script type=\"application\/ld+json\" class=\"yoast-schema-graph\">{\"@context\":\"https:\\\/\\\/schema.org\",\"@graph\":[{\"@type\":\"WebPage\",\"@id\":\"https:\\\/\\\/www.ecoindustry.co.ao\\\/produto\\\/electrobomba-sta-rite-5p2re\\\/\",\"url\":\"https:\\\/\\\/www.ecoindustry.co.ao\\\/produto\\\/electrobomba-sta-rite-5p2re\\\/\",\"name\":\"ELECTROBOMBA STA-RITE 5P2RE - Ecoindustry\",\"isPartOf\":{\"@id\":\"https:\\\/\\\/www.ecoindustry.co.ao\\\/#website\"},\"primaryImageOfPage\":{\"@id\":\"https:\\\/\\\/www.ecoindustry.co.ao\\\/produto\\\/electrobomba-sta-rite-5p2re\\\/#primaryimage\"},\"image\":{\"@id\":\"https:\\\/\\\/www.ecoindustry.co.ao\\\/produto\\\/electrobomba-sta-rite-5p2re\\\/#primaryimage\"},\"thumbnailUrl\":\"https:\\\/\\\/www.ecoindustry.co.ao\\\/wp-content\\\/uploads\\\/2020\\\/11\\\/STA_Rite.jpg\",\"datePublished\":\"2025-04-16T17:29:42+00:00\",\"dateModified\":\"2025-09-09T14:48:46+00:00\",\"breadcrumb\":{\"@id\":\"https:\\\/\\\/www.ecoindustry.co.ao\\\/produto\\\/electrobomba-sta-rite-5p2re\\\/#breadcrumb\"},\"inLanguage\":\"fr-FR\",\"potentialAction\":[{\"@type\":\"ReadAction\",\"target\":[\"https:\\\/\\\/www.ecoindustry.co.ao\\\/produto\\\/electrobomba-sta-rite-5p2re\\\/\"]}]},{\"@type\":\"ImageObject\",\"inLanguage\":\"fr-FR\",\"@id\":\"https:\\\/\\\/www.ecoindustry.co.ao\\\/produto\\\/electrobomba-sta-rite-5p2re\\\/#primaryimage\",\"url\":\"https:\\\/\\\/www.ecoindustry.co.ao\\\/wp-content\\\/uploads\\\/2020\\\/11\\\/STA_Rite.jpg\",\"contentUrl\":\"https:\\\/\\\/www.ecoindustry.co.ao\\\/wp-content\\\/uploads\\\/2020\\\/11\\\/STA_Rite.jpg\",\"width\":1200,\"height\":800},{\"@type\":\"BreadcrumbList\",\"@id\":\"https:\\\/\\\/www.ecoindustry.co.ao\\\/produto\\\/electrobomba-sta-rite-5p2re\\\/#breadcrumb\",\"itemListElement\":[{\"@type\":\"ListItem\",\"position\":1,\"name\":\"In\u00edcio\",\"item\":\"https:\\\/\\\/www.ecoindustry.co.ao\\\/\"},{\"@type\":\"ListItem\",\"position\":2,\"name\":\"Loja\",\"item\":\"https:\\\/\\\/www.ecoindustry.co.ao\\\/loja\\\/\"},{\"@type\":\"ListItem\",\"position\":3,\"name\":\"ELECTROBOMBA STA-RITE 5P2RE\"}]},{\"@type\":\"WebSite\",\"@id\":\"https:\\\/\\\/www.ecoindustry.co.ao\\\/#website\",\"url\":\"https:\\\/\\\/www.ecoindustry.co.ao\\\/\",\"name\":\"Ecoindustry\",\"description\":\"Produzimos e comercializamos o melhor, de \u00c1frica para o Mundo.\",\"publisher\":{\"@id\":\"https:\\\/\\\/www.ecoindustry.co.ao\\\/#organization\"},\"potentialAction\":[{\"@type\":\"SearchAction\",\"target\":{\"@type\":\"EntryPoint\",\"urlTemplate\":\"https:\\\/\\\/www.ecoindustry.co.ao\\\/?s={search_term_string}\"},\"query-input\":{\"@type\":\"PropertyValueSpecification\",\"valueRequired\":true,\"valueName\":\"search_term_string\"}}],\"inLanguage\":\"fr-FR\"},{\"@type\":\"Organization\",\"@id\":\"https:\\\/\\\/www.ecoindustry.co.ao\\\/#organization\",\"name\":\"ECOINDUSTRY\",\"url\":\"https:\\\/\\\/www.ecoindustry.co.ao\\\/\",\"logo\":{\"@type\":\"ImageObject\",\"inLanguage\":\"fr-FR\",\"@id\":\"https:\\\/\\\/www.ecoindustry.co.ao\\\/#\\\/schema\\\/logo\\\/image\\\/\",\"url\":\"https:\\\/\\\/www.ecoindustry.co.ao\\\/wp-content\\\/uploads\\\/2017\\\/04\\\/Logo_Ecoindustry.png\",\"contentUrl\":\"https:\\\/\\\/www.ecoindustry.co.ao\\\/wp-content\\\/uploads\\\/2017\\\/04\\\/Logo_Ecoindustry.png\",\"width\":584,\"height\":111,\"caption\":\"ECOINDUSTRY\"},\"image\":{\"@id\":\"https:\\\/\\\/www.ecoindustry.co.ao\\\/#\\\/schema\\\/logo\\\/image\\\/\"},\"sameAs\":[\"https:\\\/\\\/www.facebook.com\\\/ecoindustrylda\\\/\",\"https:\\\/\\\/www.linkedin.com\\\/company\\\/ecoindustry\\\/\"]}]}<\/script>\n<!-- \/ Yoast SEO plugin. -->","yoast_head_json":{"title":"ELECTROBOMBA STA-RITE 5P2RE - Ecoindustry","robots":{"index":"index","follow":"follow","max-snippet":"max-snippet:-1","max-image-preview":"max-image-preview:large","max-video-preview":"max-video-preview:-1"},"canonical":"https:\/\/www.ecoindustry.co.ao\/fr\/produit\/electrobomba-sta-rite-5p2re\/","og_locale":"fr_FR","og_type":"article","og_title":"ELECTROBOMBA STA-RITE 5P2RE - Ecoindustry","og_description":"A Electrobomba STA-Rite 5P2RE destaca-se pela sua pot\u00eancia e efici\u00eancia, oferecendo caudais at\u00e9 17 m\u00b3\/h com baixo consumo energ\u00e9tico. Ideal para piscinas com maior volume de \u00e1gua e necessidade de filtra\u00e7\u00e3o cont\u00ednua. Fabricada com materiais resistentes \u00e0 corros\u00e3o, esta bomba garante elevada durabilidade e fiabilidade em ambientes com uso frequente, mantendo um desempenho silencioso e est\u00e1vel ao longo do tempo.","og_url":"https:\/\/www.ecoindustry.co.ao\/fr\/produit\/electrobomba-sta-rite-5p2re\/","og_site_name":"Ecoindustry","article_publisher":"https:\/\/www.facebook.com\/ecoindustrylda\/","article_modified_time":"2025-09-09T14:48:46+00:00","og_image":[{"width":1200,"height":800,"url":"https:\/\/www.ecoindustry.co.ao\/wp-content\/uploads\/2020\/11\/STA_Rite.jpg","type":"image\/jpeg"}],"twitter_card":"summary_large_image","twitter_misc":{"Dur\u00e9e de lecture estim\u00e9e":"1 minute"},"schema":{"@context":"https:\/\/schema.org","@graph":[{"@type":"WebPage","@id":"https:\/\/www.ecoindustry.co.ao\/produto\/electrobomba-sta-rite-5p2re\/","url":"https:\/\/www.ecoindustry.co.ao\/produto\/electrobomba-sta-rite-5p2re\/","name":"ELECTROBOMBA STA-RITE 5P2RE - Ecoindustry","isPartOf":{"@id":"https:\/\/www.ecoindustry.co.ao\/#website"},"primaryImageOfPage":{"@id":"https:\/\/www.ecoindustry.co.ao\/produto\/electrobomba-sta-rite-5p2re\/#primaryimage"},"image":{"@id":"https:\/\/www.ecoindustry.co.ao\/produto\/electrobomba-sta-rite-5p2re\/#primaryimage"},"thumbnailUrl":"https:\/\/www.ecoindustry.co.ao\/wp-content\/uploads\/2020\/11\/STA_Rite.jpg","datePublished":"2025-04-16T17:29:42+00:00","dateModified":"2025-09-09T14:48:46+00:00","breadcrumb":{"@id":"https:\/\/www.ecoindustry.co.ao\/produto\/electrobomba-sta-rite-5p2re\/#breadcrumb"},"inLanguage":"fr-FR","potentialAction":[{"@type":"ReadAction","target":["https:\/\/www.ecoindustry.co.ao\/produto\/electrobomba-sta-rite-5p2re\/"]}]},{"@type":"ImageObject","inLanguage":"fr-FR","@id":"https:\/\/www.ecoindustry.co.ao\/produto\/electrobomba-sta-rite-5p2re\/#primaryimage","url":"https:\/\/www.ecoindustry.co.ao\/wp-content\/uploads\/2020\/11\/STA_Rite.jpg","contentUrl":"https:\/\/www.ecoindustry.co.ao\/wp-content\/uploads\/2020\/11\/STA_Rite.jpg","width":1200,"height":800},{"@type":"BreadcrumbList","@id":"https:\/\/www.ecoindustry.co.ao\/produto\/electrobomba-sta-rite-5p2re\/#breadcrumb","itemListElement":[{"@type":"ListItem","position":1,"name":"In\u00edcio","item":"https:\/\/www.ecoindustry.co.ao\/"},{"@type":"ListItem","position":2,"name":"Loja","item":"https:\/\/www.ecoindustry.co.ao\/loja\/"},{"@type":"ListItem","position":3,"name":"ELECTROBOMBA STA-RITE 5P2RE"}]},{"@type":"WebSite","@id":"https:\/\/www.ecoindustry.co.ao\/#website","url":"https:\/\/www.ecoindustry.co.ao\/","name":"\u00c9coindustrie","description":"Produzimos e comercializamos o melhor, de \u00c1frica para o Mundo.","publisher":{"@id":"https:\/\/www.ecoindustry.co.ao\/#organization"},"potentialAction":[{"@type":"SearchAction","target":{"@type":"EntryPoint","urlTemplate":"https:\/\/www.ecoindustry.co.ao\/?s={search_term_string}"},"query-input":{"@type":"PropertyValueSpecification","valueRequired":true,"valueName":"search_term_string"}}],"inLanguage":"fr-FR"},{"@type":"Organization","@id":"https:\/\/www.ecoindustry.co.ao\/#organization","name":"\u00c9COINDUSTRIE","url":"https:\/\/www.ecoindustry.co.ao\/","logo":{"@type":"ImageObject","inLanguage":"fr-FR","@id":"https:\/\/www.ecoindustry.co.ao\/#\/schema\/logo\/image\/","url":"https:\/\/www.ecoindustry.co.ao\/wp-content\/uploads\/2017\/04\/Logo_Ecoindustry.png","contentUrl":"https:\/\/www.ecoindustry.co.ao\/wp-content\/uploads\/2017\/04\/Logo_Ecoindustry.png","width":584,"height":111,"caption":"ECOINDUSTRY"},"image":{"@id":"https:\/\/www.ecoindustry.co.ao\/#\/schema\/logo\/image\/"},"sameAs":["https:\/\/www.facebook.com\/ecoindustrylda\/","https:\/\/www.linkedin.com\/company\/ecoindustry\/"]}]}},"_links":{"self":[{"href":"https:\/\/www.ecoindustry.co.ao\/fr\/wp-json\/wp\/v2\/product\/7582","targetHints":{"allow":["GET"]}}],"collection":[{"href":"https:\/\/www.ecoindustry.co.ao\/fr\/wp-json\/wp\/v2\/product"}],"about":[{"href":"https:\/\/www.ecoindustry.co.ao\/fr\/wp-json\/wp\/v2\/types\/product"}],"replies":[{"embeddable":true,"href":"https:\/\/www.ecoindustry.co.ao\/fr\/wp-json\/wp\/v2\/comments?post=7582"}],"wp:featuredmedia":[{"embeddable":true,"href":"https:\/\/www.ecoindustry.co.ao\/fr\/wp-json\/wp\/v2\/media\/4043"}],"wp:attachment":[{"href":"https:\/\/www.ecoindustry.co.ao\/fr\/wp-json\/wp\/v2\/media?parent=7582"}],"wp:term":[{"taxonomy":"product_brand","embeddable":true,"href":"https:\/\/www.ecoindustry.co.ao\/fr\/wp-json\/wp\/v2\/product_brand?post=7582"},{"taxonomy":"product_cat","embeddable":true,"href":"https:\/\/www.ecoindustry.co.ao\/fr\/wp-json\/wp\/v2\/product_cat?post=7582"},{"taxonomy":"product_tag","embeddable":true,"href":"https:\/\/www.ecoindustry.co.ao\/fr\/wp-json\/wp\/v2\/product_tag?post=7582"}],"curies":[{"name":"wp","href":"https:\/\/api.w.org\/{rel}","templated":true}]}}