{"id":7581,"date":"2025-04-16T17:24:17","date_gmt":"2025-04-16T17:24:17","guid":{"rendered":"https:\/\/www.ecoindustry.co.ao\/?post_type=product&#038;p=7581"},"modified":"2025-09-09T14:49:27","modified_gmt":"2025-09-09T14:49:27","slug":"electrobomba-sta-rite-5p2rd","status":"publish","type":"product","link":"https:\/\/www.ecoindustry.co.ao\/fr\/produit\/electrobomba-sta-rite-5p2rd\/","title":{"rendered":"POMPE \u00c9LECTRIQUE STA-RITE 5P2RD"},"content":{"rendered":"<p class=\"p1\"><span class=\"s1\"><b>STA-Rite 5P2RD<\/b><\/span> Il s&#039;agit d&#039;une pompe \u00e9lectrique auto-amor\u00e7ante \u00e0 haut rendement, con\u00e7ue pour <span style=\"color: #af2d2c\"><strong>Circulation et filtration de l&#039;eau dans les piscines<\/strong><\/span> Avec un d\u00e9bit allant jusqu&#039;\u00e0 13 m\u00b3\/h. Fabriqu\u00e9 avec un corps en thermoplastique renforc\u00e9, il offre une r\u00e9sistance chimique et m\u00e9canique, assurant durabilit\u00e9 et fiabilit\u00e9 dans les environnements r\u00e9sidentiels.<\/p>\n<p class=\"p1\">Avec un fonctionnement silencieux et d&#039;excellentes performances hydrauliques, le mod\u00e8le 5P2RD est id\u00e9al pour <span class=\"s1\"><b>piscines de petite et moyenne taille<\/b><\/span>Il est dot\u00e9 d&#039;un pr\u00e9filtre int\u00e9gr\u00e9 avec couvercle transparent, facilitant l&#039;inspection et le nettoyage du panier. Sa conception compacte permet une int\u00e9gration ais\u00e9e dans les syst\u00e8mes existants.<\/p>\n<h3><\/h3>\n<p><b>Caract\u00e9ristiques:<\/b><\/p>\n<p class=\"p1\">\u2022 Corps en thermoplastique renforc\u00e9 r\u00e9sistant \u00e0 la corrosion ;<\/p>\n<p class=\"p1\">\u2022 D\u00e9bit jusqu&#039;\u00e0 13 m\u00b3\/h ;<\/p>\n<p class=\"p1\">\u2022 Fonctionnement silencieux et efficace ;<\/p>\n<p class=\"p1\">\u2022 Pr\u00e9filtre avec couvercle transparent \u00e0 visser facilement ;<\/p>\n<p class=\"p1\">\u2022 Moteur avec protection IP55 et ventilation externe.<\/p>","protected":false},"excerpt":{"rendered":"<p class=\"p1\">UN <span class=\"s1\"><b>Pompe \u00e9lectrique STA-Rite 5P2RD<\/b><\/span> Il s&#039;agit d&#039;une pompe centrifuge auto-amor\u00e7ante avec un corps en thermoplastique renforc\u00e9, con\u00e7ue pour <span style=\"color: #af2d2c\"><strong>pour garantir une efficacit\u00e9 et une durabilit\u00e9 \u00e9lev\u00e9es.<\/strong><\/span> dans les syst\u00e8mes de circulation et de filtration des piscines.<\/p>\n<p class=\"p1\">Avec un d\u00e9bit allant jusqu&#039;\u00e0 13 m\u00b3\/h, il est id\u00e9al pour les piscines de petite et moyenne taille. Sa construction robuste et son fonctionnement silencieux en font le choix parfait pour les installations r\u00e9sidentielles exigeant une performance continue et fiable.<\/p>","protected":false},"featured_media":4043,"comment_status":"closed","ping_status":"closed","template":"","meta":[],"product_brand":[],"product_cat":[52,283],"product_tag":[176,201,199,197,204,200,203,169,202,198],"class_list":{"0":"post-7581","1":"product","2":"type-product","3":"status-publish","4":"has-post-thumbnail","6":"product_cat-sem-categoria","7":"product_cat-sistemas-filtracao","8":"product_tag-alto-desempenho","9":"product_tag-caudal-elevado","10":"product_tag-circulacao-de-agua","11":"product_tag-electrobomba","12":"product_tag-equipamento-hidraulico","13":"product_tag-filtracao","14":"product_tag-motor-ip55","15":"product_tag-piscina","16":"product_tag-pre-filtro","17":"product_tag-sta-rite","19":"first","20":"instock","21":"shipping-taxable","22":"product-type-simple"},"yoast_head":"<!-- This site is optimized with the Yoast SEO plugin v27.3 - https:\/\/yoast.com\/product\/yoast-seo-wordpress\/ -->\n<title>ELECTROBOMBA STA-RITE 5P2RD - Ecoindustry<\/title>\n<meta name=\"robots\" content=\"index, follow, max-snippet:-1, max-image-preview:large, max-video-preview:-1\" \/>\n<link rel=\"canonical\" href=\"https:\/\/www.ecoindustry.co.ao\/fr\/produit\/electrobomba-sta-rite-5p2rd\/\" \/>\n<meta property=\"og:locale\" content=\"fr_FR\" \/>\n<meta property=\"og:type\" content=\"article\" \/>\n<meta property=\"og:title\" content=\"ELECTROBOMBA STA-RITE 5P2RD - Ecoindustry\" \/>\n<meta property=\"og:description\" content=\"A Electrobomba STA-Rite 5P2RD \u00e9 uma bomba centr\u00edfuga autoaspirante com corpo em termopl\u00e1stico refor\u00e7ado, concebida para garantir alta efici\u00eancia e durabilidade em sistemas de circula\u00e7\u00e3o e filtra\u00e7\u00e3o de piscinas. Com um caudal at\u00e9 13 m\u00b3\/h, \u00e9 ideal para piscinas de pequeno a m\u00e9dio porte. A sua constru\u00e7\u00e3o robusta e o funcionamento silencioso tornam-na perfeita para instala\u00e7\u00f5es residenciais com exig\u00eancia de desempenho cont\u00ednuo e fi\u00e1vel.\" \/>\n<meta property=\"og:url\" content=\"https:\/\/www.ecoindustry.co.ao\/fr\/produit\/electrobomba-sta-rite-5p2rd\/\" \/>\n<meta property=\"og:site_name\" content=\"Ecoindustry\" \/>\n<meta property=\"article:publisher\" content=\"https:\/\/www.facebook.com\/ecoindustrylda\/\" \/>\n<meta property=\"article:modified_time\" content=\"2025-09-09T14:49:27+00:00\" \/>\n<meta property=\"og:image\" content=\"https:\/\/www.ecoindustry.co.ao\/wp-content\/uploads\/2020\/11\/STA_Rite.jpg\" \/>\n\t<meta property=\"og:image:width\" content=\"1200\" \/>\n\t<meta property=\"og:image:height\" content=\"800\" \/>\n\t<meta property=\"og:image:type\" content=\"image\/jpeg\" \/>\n<meta name=\"twitter:card\" content=\"summary_large_image\" \/>\n<meta name=\"twitter:label1\" content=\"Dur\u00e9e de lecture estim\u00e9e\" \/>\n\t<meta name=\"twitter:data1\" content=\"1 minute\" \/>\n<script type=\"application\/ld+json\" class=\"yoast-schema-graph\">{\"@context\":\"https:\\\/\\\/schema.org\",\"@graph\":[{\"@type\":\"WebPage\",\"@id\":\"https:\\\/\\\/www.ecoindustry.co.ao\\\/produto\\\/electrobomba-sta-rite-5p2rd\\\/\",\"url\":\"https:\\\/\\\/www.ecoindustry.co.ao\\\/produto\\\/electrobomba-sta-rite-5p2rd\\\/\",\"name\":\"ELECTROBOMBA STA-RITE 5P2RD - Ecoindustry\",\"isPartOf\":{\"@id\":\"https:\\\/\\\/www.ecoindustry.co.ao\\\/#website\"},\"primaryImageOfPage\":{\"@id\":\"https:\\\/\\\/www.ecoindustry.co.ao\\\/produto\\\/electrobomba-sta-rite-5p2rd\\\/#primaryimage\"},\"image\":{\"@id\":\"https:\\\/\\\/www.ecoindustry.co.ao\\\/produto\\\/electrobomba-sta-rite-5p2rd\\\/#primaryimage\"},\"thumbnailUrl\":\"https:\\\/\\\/www.ecoindustry.co.ao\\\/wp-content\\\/uploads\\\/2020\\\/11\\\/STA_Rite.jpg\",\"datePublished\":\"2025-04-16T17:24:17+00:00\",\"dateModified\":\"2025-09-09T14:49:27+00:00\",\"breadcrumb\":{\"@id\":\"https:\\\/\\\/www.ecoindustry.co.ao\\\/produto\\\/electrobomba-sta-rite-5p2rd\\\/#breadcrumb\"},\"inLanguage\":\"fr-FR\",\"potentialAction\":[{\"@type\":\"ReadAction\",\"target\":[\"https:\\\/\\\/www.ecoindustry.co.ao\\\/produto\\\/electrobomba-sta-rite-5p2rd\\\/\"]}]},{\"@type\":\"ImageObject\",\"inLanguage\":\"fr-FR\",\"@id\":\"https:\\\/\\\/www.ecoindustry.co.ao\\\/produto\\\/electrobomba-sta-rite-5p2rd\\\/#primaryimage\",\"url\":\"https:\\\/\\\/www.ecoindustry.co.ao\\\/wp-content\\\/uploads\\\/2020\\\/11\\\/STA_Rite.jpg\",\"contentUrl\":\"https:\\\/\\\/www.ecoindustry.co.ao\\\/wp-content\\\/uploads\\\/2020\\\/11\\\/STA_Rite.jpg\",\"width\":1200,\"height\":800},{\"@type\":\"BreadcrumbList\",\"@id\":\"https:\\\/\\\/www.ecoindustry.co.ao\\\/produto\\\/electrobomba-sta-rite-5p2rd\\\/#breadcrumb\",\"itemListElement\":[{\"@type\":\"ListItem\",\"position\":1,\"name\":\"In\u00edcio\",\"item\":\"https:\\\/\\\/www.ecoindustry.co.ao\\\/\"},{\"@type\":\"ListItem\",\"position\":2,\"name\":\"Loja\",\"item\":\"https:\\\/\\\/www.ecoindustry.co.ao\\\/loja\\\/\"},{\"@type\":\"ListItem\",\"position\":3,\"name\":\"ELECTROBOMBA STA-RITE 5P2RD\"}]},{\"@type\":\"WebSite\",\"@id\":\"https:\\\/\\\/www.ecoindustry.co.ao\\\/#website\",\"url\":\"https:\\\/\\\/www.ecoindustry.co.ao\\\/\",\"name\":\"Ecoindustry\",\"description\":\"Produzimos e comercializamos o melhor, de \u00c1frica para o Mundo.\",\"publisher\":{\"@id\":\"https:\\\/\\\/www.ecoindustry.co.ao\\\/#organization\"},\"potentialAction\":[{\"@type\":\"SearchAction\",\"target\":{\"@type\":\"EntryPoint\",\"urlTemplate\":\"https:\\\/\\\/www.ecoindustry.co.ao\\\/?s={search_term_string}\"},\"query-input\":{\"@type\":\"PropertyValueSpecification\",\"valueRequired\":true,\"valueName\":\"search_term_string\"}}],\"inLanguage\":\"fr-FR\"},{\"@type\":\"Organization\",\"@id\":\"https:\\\/\\\/www.ecoindustry.co.ao\\\/#organization\",\"name\":\"ECOINDUSTRY\",\"url\":\"https:\\\/\\\/www.ecoindustry.co.ao\\\/\",\"logo\":{\"@type\":\"ImageObject\",\"inLanguage\":\"fr-FR\",\"@id\":\"https:\\\/\\\/www.ecoindustry.co.ao\\\/#\\\/schema\\\/logo\\\/image\\\/\",\"url\":\"https:\\\/\\\/www.ecoindustry.co.ao\\\/wp-content\\\/uploads\\\/2017\\\/04\\\/Logo_Ecoindustry.png\",\"contentUrl\":\"https:\\\/\\\/www.ecoindustry.co.ao\\\/wp-content\\\/uploads\\\/2017\\\/04\\\/Logo_Ecoindustry.png\",\"width\":584,\"height\":111,\"caption\":\"ECOINDUSTRY\"},\"image\":{\"@id\":\"https:\\\/\\\/www.ecoindustry.co.ao\\\/#\\\/schema\\\/logo\\\/image\\\/\"},\"sameAs\":[\"https:\\\/\\\/www.facebook.com\\\/ecoindustrylda\\\/\",\"https:\\\/\\\/www.linkedin.com\\\/company\\\/ecoindustry\\\/\"]}]}<\/script>\n<!-- \/ Yoast SEO plugin. -->","yoast_head_json":{"title":"ELECTROBOMBA STA-RITE 5P2RD - Ecoindustry","robots":{"index":"index","follow":"follow","max-snippet":"max-snippet:-1","max-image-preview":"max-image-preview:large","max-video-preview":"max-video-preview:-1"},"canonical":"https:\/\/www.ecoindustry.co.ao\/fr\/produit\/electrobomba-sta-rite-5p2rd\/","og_locale":"fr_FR","og_type":"article","og_title":"ELECTROBOMBA STA-RITE 5P2RD - Ecoindustry","og_description":"A Electrobomba STA-Rite 5P2RD \u00e9 uma bomba centr\u00edfuga autoaspirante com corpo em termopl\u00e1stico refor\u00e7ado, concebida para garantir alta efici\u00eancia e durabilidade em sistemas de circula\u00e7\u00e3o e filtra\u00e7\u00e3o de piscinas. Com um caudal at\u00e9 13 m\u00b3\/h, \u00e9 ideal para piscinas de pequeno a m\u00e9dio porte. A sua constru\u00e7\u00e3o robusta e o funcionamento silencioso tornam-na perfeita para instala\u00e7\u00f5es residenciais com exig\u00eancia de desempenho cont\u00ednuo e fi\u00e1vel.","og_url":"https:\/\/www.ecoindustry.co.ao\/fr\/produit\/electrobomba-sta-rite-5p2rd\/","og_site_name":"Ecoindustry","article_publisher":"https:\/\/www.facebook.com\/ecoindustrylda\/","article_modified_time":"2025-09-09T14:49:27+00:00","og_image":[{"width":1200,"height":800,"url":"https:\/\/www.ecoindustry.co.ao\/wp-content\/uploads\/2020\/11\/STA_Rite.jpg","type":"image\/jpeg"}],"twitter_card":"summary_large_image","twitter_misc":{"Dur\u00e9e de lecture estim\u00e9e":"1 minute"},"schema":{"@context":"https:\/\/schema.org","@graph":[{"@type":"WebPage","@id":"https:\/\/www.ecoindustry.co.ao\/produto\/electrobomba-sta-rite-5p2rd\/","url":"https:\/\/www.ecoindustry.co.ao\/produto\/electrobomba-sta-rite-5p2rd\/","name":"ELECTROBOMBA STA-RITE 5P2RD - Ecoindustry","isPartOf":{"@id":"https:\/\/www.ecoindustry.co.ao\/#website"},"primaryImageOfPage":{"@id":"https:\/\/www.ecoindustry.co.ao\/produto\/electrobomba-sta-rite-5p2rd\/#primaryimage"},"image":{"@id":"https:\/\/www.ecoindustry.co.ao\/produto\/electrobomba-sta-rite-5p2rd\/#primaryimage"},"thumbnailUrl":"https:\/\/www.ecoindustry.co.ao\/wp-content\/uploads\/2020\/11\/STA_Rite.jpg","datePublished":"2025-04-16T17:24:17+00:00","dateModified":"2025-09-09T14:49:27+00:00","breadcrumb":{"@id":"https:\/\/www.ecoindustry.co.ao\/produto\/electrobomba-sta-rite-5p2rd\/#breadcrumb"},"inLanguage":"fr-FR","potentialAction":[{"@type":"ReadAction","target":["https:\/\/www.ecoindustry.co.ao\/produto\/electrobomba-sta-rite-5p2rd\/"]}]},{"@type":"ImageObject","inLanguage":"fr-FR","@id":"https:\/\/www.ecoindustry.co.ao\/produto\/electrobomba-sta-rite-5p2rd\/#primaryimage","url":"https:\/\/www.ecoindustry.co.ao\/wp-content\/uploads\/2020\/11\/STA_Rite.jpg","contentUrl":"https:\/\/www.ecoindustry.co.ao\/wp-content\/uploads\/2020\/11\/STA_Rite.jpg","width":1200,"height":800},{"@type":"BreadcrumbList","@id":"https:\/\/www.ecoindustry.co.ao\/produto\/electrobomba-sta-rite-5p2rd\/#breadcrumb","itemListElement":[{"@type":"ListItem","position":1,"name":"In\u00edcio","item":"https:\/\/www.ecoindustry.co.ao\/"},{"@type":"ListItem","position":2,"name":"Loja","item":"https:\/\/www.ecoindustry.co.ao\/loja\/"},{"@type":"ListItem","position":3,"name":"ELECTROBOMBA STA-RITE 5P2RD"}]},{"@type":"WebSite","@id":"https:\/\/www.ecoindustry.co.ao\/#website","url":"https:\/\/www.ecoindustry.co.ao\/","name":"\u00c9coindustrie","description":"Produzimos e comercializamos o melhor, de \u00c1frica para o Mundo.","publisher":{"@id":"https:\/\/www.ecoindustry.co.ao\/#organization"},"potentialAction":[{"@type":"SearchAction","target":{"@type":"EntryPoint","urlTemplate":"https:\/\/www.ecoindustry.co.ao\/?s={search_term_string}"},"query-input":{"@type":"PropertyValueSpecification","valueRequired":true,"valueName":"search_term_string"}}],"inLanguage":"fr-FR"},{"@type":"Organization","@id":"https:\/\/www.ecoindustry.co.ao\/#organization","name":"\u00c9COINDUSTRIE","url":"https:\/\/www.ecoindustry.co.ao\/","logo":{"@type":"ImageObject","inLanguage":"fr-FR","@id":"https:\/\/www.ecoindustry.co.ao\/#\/schema\/logo\/image\/","url":"https:\/\/www.ecoindustry.co.ao\/wp-content\/uploads\/2017\/04\/Logo_Ecoindustry.png","contentUrl":"https:\/\/www.ecoindustry.co.ao\/wp-content\/uploads\/2017\/04\/Logo_Ecoindustry.png","width":584,"height":111,"caption":"ECOINDUSTRY"},"image":{"@id":"https:\/\/www.ecoindustry.co.ao\/#\/schema\/logo\/image\/"},"sameAs":["https:\/\/www.facebook.com\/ecoindustrylda\/","https:\/\/www.linkedin.com\/company\/ecoindustry\/"]}]}},"_links":{"self":[{"href":"https:\/\/www.ecoindustry.co.ao\/fr\/wp-json\/wp\/v2\/product\/7581","targetHints":{"allow":["GET"]}}],"collection":[{"href":"https:\/\/www.ecoindustry.co.ao\/fr\/wp-json\/wp\/v2\/product"}],"about":[{"href":"https:\/\/www.ecoindustry.co.ao\/fr\/wp-json\/wp\/v2\/types\/product"}],"replies":[{"embeddable":true,"href":"https:\/\/www.ecoindustry.co.ao\/fr\/wp-json\/wp\/v2\/comments?post=7581"}],"wp:featuredmedia":[{"embeddable":true,"href":"https:\/\/www.ecoindustry.co.ao\/fr\/wp-json\/wp\/v2\/media\/4043"}],"wp:attachment":[{"href":"https:\/\/www.ecoindustry.co.ao\/fr\/wp-json\/wp\/v2\/media?parent=7581"}],"wp:term":[{"taxonomy":"product_brand","embeddable":true,"href":"https:\/\/www.ecoindustry.co.ao\/fr\/wp-json\/wp\/v2\/product_brand?post=7581"},{"taxonomy":"product_cat","embeddable":true,"href":"https:\/\/www.ecoindustry.co.ao\/fr\/wp-json\/wp\/v2\/product_cat?post=7581"},{"taxonomy":"product_tag","embeddable":true,"href":"https:\/\/www.ecoindustry.co.ao\/fr\/wp-json\/wp\/v2\/product_tag?post=7581"}],"curies":[{"name":"wp","href":"https:\/\/api.w.org\/{rel}","templated":true}]}}