{"id":7487,"date":"2025-04-13T13:12:45","date_gmt":"2025-04-13T13:12:45","guid":{"rendered":"https:\/\/www.ecoindustry.co.ao\/?post_type=product&#038;p=7487"},"modified":"2025-10-06T12:44:35","modified_gmt":"2025-10-06T12:44:35","slug":"ecopool-floc","status":"publish","type":"product","link":"https:\/\/www.ecoindustry.co.ao\/fr\/produit\/ecopool-floc\/","title":{"rendered":"FLOC ECOPOOL"},"content":{"rendered":"<p class=\"p1\"><span class=\"s1\"><b>FLOC ECOPOOL<\/b><\/span> Il s&#039;agit d&#039;un floculant solide \u00e0 base de <span class=\"s1\"><b>sulfate d&#039;aluminium<\/b><\/span>, d\u00e9velopp\u00e9 pour <span style=\"color: #af2d2c;\"><strong>pour \u00e9liminer les particules en suspension et corriger les probl\u00e8mes de turbidit\u00e9.<\/strong><\/span> Dans l&#039;eau des piscines. Son action repose sur l&#039;agglom\u00e9ration des plus fines impuret\u00e9s non retenues par le filtre, facilitant ainsi leur \u00e9limination lors de la filtration ou du nettoyage par aspiration.<\/p>\n<p class=\"p1\">Il est particuli\u00e8rement adapt\u00e9 aux situations o\u00f9 l&#039;eau a un aspect laiteux, trouble ou terne, et constitue un excellent alli\u00e9 pour maintenir sa clart\u00e9. <span class=\"s1\"><b>clart\u00e9 et esth\u00e9tique de la piscine<\/b><\/span>. Il peut \u00eatre utilis\u00e9 dans les piscines r\u00e9sidentielles, publiques ou collectives, \u00e0 titre pr\u00e9ventif et correctif.<\/p>\n<p class=\"p1\"><span class=\"s1\"><b>FLOC ECOPOOL<\/b><\/span> Elle se distingue par son <span style=\"color: #af2d2c;\"><strong>Action rapide, haute efficacit\u00e9 et compatible avec les syst\u00e8mes de filtration.<\/strong><\/span> courant, car c&#039;est un produit s\u00fbr, \u00e9conomique et facile \u00e0 appliquer.<\/p>\n<h3><\/h3>\n<p><b>Caract\u00e9ristiques:<\/b><\/p>\n<p class=\"p1\">\u2022 Floculant solide \u00e0 base de sulfate d&#039;aluminium ;<\/p>\n<p class=\"p1\">\u2022 Il \u00e9limine les fines particules en suspension et am\u00e9liore la transparence de l&#039;eau ;<\/p>\n<p class=\"p1\">\u2022 Il peut \u00eatre utilis\u00e9 comme traitement correctif ou pr\u00e9ventif ;<\/p>\n<p class=\"p1\">\u2022 Action rapide et excellentes performances ;<\/p>\n<p class=\"p1\">\u2022 Compatible avec la plupart des syst\u00e8mes de filtration.<\/p>","protected":false},"excerpt":{"rendered":"<p class=\"p1\"><span class=\"s1\"><b>FLOC ECOPOOL<\/b><\/span> Il s&#039;agit d&#039;un floculant \u00e0 base de sulfate d&#039;aluminium, formul\u00e9 pour <span style=\"color: #af2d2c;\"><strong>\u00e9liminer les particules en suspension<\/strong><\/span> et am\u00e9liorer la transparence de l&#039;eau de la piscine.<\/p>\n<p class=\"p1\">Gr\u00e2ce \u00e0 une action rapide et efficace, le <span class=\"s1\"><b>FLOC ECOPOOL<\/b><\/span> Il regroupe les impuret\u00e9s les plus fines afin de faciliter leur \u00e9limination par le syst\u00e8me de filtration, laissant l&#039;eau... <span style=\"color: #af2d2c;\"><strong>limpide et s\u00fbr<\/strong><\/span> pour les utilisateurs.<\/p>","protected":false},"featured_media":8748,"comment_status":"closed","ping_status":"closed","template":"","meta":[],"product_brand":[],"product_cat":[281],"product_tag":[146,149,129,151,150],"class_list":{"0":"post-7487","1":"product","2":"type-product","3":"status-publish","4":"has-post-thumbnail","6":"product_cat-tratamentos-agua","7":"product_tag-clarificante","8":"product_tag-floculante","9":"product_tag-piscinas","10":"product_tag-sulfato-de-aluminio","11":"product_tag-tratamento-de-agua","13":"first","14":"instock","15":"featured","16":"shipping-taxable","17":"product-type-simple"},"yoast_head":"<!-- This site is optimized with the Yoast SEO plugin v27.3 - https:\/\/yoast.com\/product\/yoast-seo-wordpress\/ -->\n<title>ECOPOOL FLOC - Ecoindustry<\/title>\n<meta name=\"robots\" content=\"index, follow, max-snippet:-1, max-image-preview:large, max-video-preview:-1\" \/>\n<link rel=\"canonical\" href=\"https:\/\/www.ecoindustry.co.ao\/fr\/produit\/ecopool-floc\/\" \/>\n<meta property=\"og:locale\" content=\"fr_FR\" \/>\n<meta property=\"og:type\" content=\"article\" \/>\n<meta property=\"og:title\" content=\"ECOPOOL FLOC - Ecoindustry\" \/>\n<meta property=\"og:description\" content=\"ECOPOOL FLOC \u00e9 um floculante \u00e0 base de sulfato de alum\u00ednio, formulado para remover part\u00edculas em suspens\u00e3o e melhorar a transpar\u00eancia da \u00e1gua da piscina. Com a\u00e7\u00e3o r\u00e1pida e eficaz, o ECOPOOL FLOC agrupa as impurezas mais finas para facilitar a sua elimina\u00e7\u00e3o pelo sistema de filtra\u00e7\u00e3o, deixando a \u00e1gua cristalina e segura para os utilizadores.\" \/>\n<meta property=\"og:url\" content=\"https:\/\/www.ecoindustry.co.ao\/fr\/produit\/ecopool-floc\/\" \/>\n<meta property=\"og:site_name\" content=\"Ecoindustry\" \/>\n<meta property=\"article:publisher\" content=\"https:\/\/www.facebook.com\/ecoindustrylda\/\" \/>\n<meta property=\"article:modified_time\" content=\"2025-10-06T12:44:35+00:00\" \/>\n<meta property=\"og:image\" content=\"https:\/\/www.ecoindustry.co.ao\/wp-content\/uploads\/2025\/04\/Floc-960x640-1.jpg\" \/>\n\t<meta property=\"og:image:width\" content=\"960\" \/>\n\t<meta property=\"og:image:height\" content=\"640\" \/>\n\t<meta property=\"og:image:type\" content=\"image\/jpeg\" \/>\n<meta name=\"twitter:card\" content=\"summary_large_image\" \/>\n<meta name=\"twitter:label1\" content=\"Dur\u00e9e de lecture estim\u00e9e\" \/>\n\t<meta name=\"twitter:data1\" content=\"1 minute\" \/>\n<script type=\"application\/ld+json\" class=\"yoast-schema-graph\">{\"@context\":\"https:\\\/\\\/schema.org\",\"@graph\":[{\"@type\":\"WebPage\",\"@id\":\"https:\\\/\\\/www.ecoindustry.co.ao\\\/produto\\\/ecopool-floc\\\/\",\"url\":\"https:\\\/\\\/www.ecoindustry.co.ao\\\/produto\\\/ecopool-floc\\\/\",\"name\":\"ECOPOOL FLOC - Ecoindustry\",\"isPartOf\":{\"@id\":\"https:\\\/\\\/www.ecoindustry.co.ao\\\/#website\"},\"primaryImageOfPage\":{\"@id\":\"https:\\\/\\\/www.ecoindustry.co.ao\\\/produto\\\/ecopool-floc\\\/#primaryimage\"},\"image\":{\"@id\":\"https:\\\/\\\/www.ecoindustry.co.ao\\\/produto\\\/ecopool-floc\\\/#primaryimage\"},\"thumbnailUrl\":\"https:\\\/\\\/www.ecoindustry.co.ao\\\/wp-content\\\/uploads\\\/2025\\\/04\\\/ECOINDUISTRY-ECOPOOL-Floc-1.jpg\",\"datePublished\":\"2025-04-13T13:12:45+00:00\",\"dateModified\":\"2025-10-06T12:44:35+00:00\",\"breadcrumb\":{\"@id\":\"https:\\\/\\\/www.ecoindustry.co.ao\\\/produto\\\/ecopool-floc\\\/#breadcrumb\"},\"inLanguage\":\"fr-FR\",\"potentialAction\":[{\"@type\":\"ReadAction\",\"target\":[\"https:\\\/\\\/www.ecoindustry.co.ao\\\/produto\\\/ecopool-floc\\\/\"]}]},{\"@type\":\"ImageObject\",\"inLanguage\":\"fr-FR\",\"@id\":\"https:\\\/\\\/www.ecoindustry.co.ao\\\/produto\\\/ecopool-floc\\\/#primaryimage\",\"url\":\"https:\\\/\\\/www.ecoindustry.co.ao\\\/wp-content\\\/uploads\\\/2025\\\/04\\\/ECOINDUISTRY-ECOPOOL-Floc-1.jpg\",\"contentUrl\":\"https:\\\/\\\/www.ecoindustry.co.ao\\\/wp-content\\\/uploads\\\/2025\\\/04\\\/ECOINDUISTRY-ECOPOOL-Floc-1.jpg\",\"width\":1080,\"height\":1080},{\"@type\":\"BreadcrumbList\",\"@id\":\"https:\\\/\\\/www.ecoindustry.co.ao\\\/produto\\\/ecopool-floc\\\/#breadcrumb\",\"itemListElement\":[{\"@type\":\"ListItem\",\"position\":1,\"name\":\"In\u00edcio\",\"item\":\"https:\\\/\\\/www.ecoindustry.co.ao\\\/\"},{\"@type\":\"ListItem\",\"position\":2,\"name\":\"Loja\",\"item\":\"https:\\\/\\\/www.ecoindustry.co.ao\\\/loja\\\/\"},{\"@type\":\"ListItem\",\"position\":3,\"name\":\"ECOPOOL FLOC\"}]},{\"@type\":\"WebSite\",\"@id\":\"https:\\\/\\\/www.ecoindustry.co.ao\\\/#website\",\"url\":\"https:\\\/\\\/www.ecoindustry.co.ao\\\/\",\"name\":\"Ecoindustry\",\"description\":\"Produzimos e comercializamos o melhor, de \u00c1frica para o Mundo.\",\"publisher\":{\"@id\":\"https:\\\/\\\/www.ecoindustry.co.ao\\\/#organization\"},\"potentialAction\":[{\"@type\":\"SearchAction\",\"target\":{\"@type\":\"EntryPoint\",\"urlTemplate\":\"https:\\\/\\\/www.ecoindustry.co.ao\\\/?s={search_term_string}\"},\"query-input\":{\"@type\":\"PropertyValueSpecification\",\"valueRequired\":true,\"valueName\":\"search_term_string\"}}],\"inLanguage\":\"fr-FR\"},{\"@type\":\"Organization\",\"@id\":\"https:\\\/\\\/www.ecoindustry.co.ao\\\/#organization\",\"name\":\"ECOINDUSTRY\",\"url\":\"https:\\\/\\\/www.ecoindustry.co.ao\\\/\",\"logo\":{\"@type\":\"ImageObject\",\"inLanguage\":\"fr-FR\",\"@id\":\"https:\\\/\\\/www.ecoindustry.co.ao\\\/#\\\/schema\\\/logo\\\/image\\\/\",\"url\":\"https:\\\/\\\/www.ecoindustry.co.ao\\\/wp-content\\\/uploads\\\/2017\\\/04\\\/Logo_Ecoindustry.png\",\"contentUrl\":\"https:\\\/\\\/www.ecoindustry.co.ao\\\/wp-content\\\/uploads\\\/2017\\\/04\\\/Logo_Ecoindustry.png\",\"width\":584,\"height\":111,\"caption\":\"ECOINDUSTRY\"},\"image\":{\"@id\":\"https:\\\/\\\/www.ecoindustry.co.ao\\\/#\\\/schema\\\/logo\\\/image\\\/\"},\"sameAs\":[\"https:\\\/\\\/www.facebook.com\\\/ecoindustrylda\\\/\",\"https:\\\/\\\/www.linkedin.com\\\/company\\\/ecoindustry\\\/\"]}]}<\/script>\n<!-- \/ Yoast SEO plugin. -->","yoast_head_json":{"title":"ECOPOOL FLOC - Ecoindustry","robots":{"index":"index","follow":"follow","max-snippet":"max-snippet:-1","max-image-preview":"max-image-preview:large","max-video-preview":"max-video-preview:-1"},"canonical":"https:\/\/www.ecoindustry.co.ao\/fr\/produit\/ecopool-floc\/","og_locale":"fr_FR","og_type":"article","og_title":"ECOPOOL FLOC - Ecoindustry","og_description":"ECOPOOL FLOC \u00e9 um floculante \u00e0 base de sulfato de alum\u00ednio, formulado para remover part\u00edculas em suspens\u00e3o e melhorar a transpar\u00eancia da \u00e1gua da piscina. Com a\u00e7\u00e3o r\u00e1pida e eficaz, o ECOPOOL FLOC agrupa as impurezas mais finas para facilitar a sua elimina\u00e7\u00e3o pelo sistema de filtra\u00e7\u00e3o, deixando a \u00e1gua cristalina e segura para os utilizadores.","og_url":"https:\/\/www.ecoindustry.co.ao\/fr\/produit\/ecopool-floc\/","og_site_name":"Ecoindustry","article_publisher":"https:\/\/www.facebook.com\/ecoindustrylda\/","article_modified_time":"2025-10-06T12:44:35+00:00","og_image":[{"width":960,"height":640,"url":"https:\/\/www.ecoindustry.co.ao\/wp-content\/uploads\/2025\/04\/Floc-960x640-1.jpg","type":"image\/jpeg"}],"twitter_card":"summary_large_image","twitter_misc":{"Dur\u00e9e de lecture estim\u00e9e":"1 minute"},"schema":{"@context":"https:\/\/schema.org","@graph":[{"@type":"WebPage","@id":"https:\/\/www.ecoindustry.co.ao\/produto\/ecopool-floc\/","url":"https:\/\/www.ecoindustry.co.ao\/produto\/ecopool-floc\/","name":"ECOPOOL FLOC - Ecoindustry","isPartOf":{"@id":"https:\/\/www.ecoindustry.co.ao\/#website"},"primaryImageOfPage":{"@id":"https:\/\/www.ecoindustry.co.ao\/produto\/ecopool-floc\/#primaryimage"},"image":{"@id":"https:\/\/www.ecoindustry.co.ao\/produto\/ecopool-floc\/#primaryimage"},"thumbnailUrl":"https:\/\/www.ecoindustry.co.ao\/wp-content\/uploads\/2025\/04\/ECOINDUISTRY-ECOPOOL-Floc-1.jpg","datePublished":"2025-04-13T13:12:45+00:00","dateModified":"2025-10-06T12:44:35+00:00","breadcrumb":{"@id":"https:\/\/www.ecoindustry.co.ao\/produto\/ecopool-floc\/#breadcrumb"},"inLanguage":"fr-FR","potentialAction":[{"@type":"ReadAction","target":["https:\/\/www.ecoindustry.co.ao\/produto\/ecopool-floc\/"]}]},{"@type":"ImageObject","inLanguage":"fr-FR","@id":"https:\/\/www.ecoindustry.co.ao\/produto\/ecopool-floc\/#primaryimage","url":"https:\/\/www.ecoindustry.co.ao\/wp-content\/uploads\/2025\/04\/ECOINDUISTRY-ECOPOOL-Floc-1.jpg","contentUrl":"https:\/\/www.ecoindustry.co.ao\/wp-content\/uploads\/2025\/04\/ECOINDUISTRY-ECOPOOL-Floc-1.jpg","width":1080,"height":1080},{"@type":"BreadcrumbList","@id":"https:\/\/www.ecoindustry.co.ao\/produto\/ecopool-floc\/#breadcrumb","itemListElement":[{"@type":"ListItem","position":1,"name":"In\u00edcio","item":"https:\/\/www.ecoindustry.co.ao\/"},{"@type":"ListItem","position":2,"name":"Loja","item":"https:\/\/www.ecoindustry.co.ao\/loja\/"},{"@type":"ListItem","position":3,"name":"ECOPOOL FLOC"}]},{"@type":"WebSite","@id":"https:\/\/www.ecoindustry.co.ao\/#website","url":"https:\/\/www.ecoindustry.co.ao\/","name":"\u00c9coindustrie","description":"Produzimos e comercializamos o melhor, de \u00c1frica para o Mundo.","publisher":{"@id":"https:\/\/www.ecoindustry.co.ao\/#organization"},"potentialAction":[{"@type":"SearchAction","target":{"@type":"EntryPoint","urlTemplate":"https:\/\/www.ecoindustry.co.ao\/?s={search_term_string}"},"query-input":{"@type":"PropertyValueSpecification","valueRequired":true,"valueName":"search_term_string"}}],"inLanguage":"fr-FR"},{"@type":"Organization","@id":"https:\/\/www.ecoindustry.co.ao\/#organization","name":"\u00c9COINDUSTRIE","url":"https:\/\/www.ecoindustry.co.ao\/","logo":{"@type":"ImageObject","inLanguage":"fr-FR","@id":"https:\/\/www.ecoindustry.co.ao\/#\/schema\/logo\/image\/","url":"https:\/\/www.ecoindustry.co.ao\/wp-content\/uploads\/2017\/04\/Logo_Ecoindustry.png","contentUrl":"https:\/\/www.ecoindustry.co.ao\/wp-content\/uploads\/2017\/04\/Logo_Ecoindustry.png","width":584,"height":111,"caption":"ECOINDUSTRY"},"image":{"@id":"https:\/\/www.ecoindustry.co.ao\/#\/schema\/logo\/image\/"},"sameAs":["https:\/\/www.facebook.com\/ecoindustrylda\/","https:\/\/www.linkedin.com\/company\/ecoindustry\/"]}]}},"_links":{"self":[{"href":"https:\/\/www.ecoindustry.co.ao\/fr\/wp-json\/wp\/v2\/product\/7487","targetHints":{"allow":["GET"]}}],"collection":[{"href":"https:\/\/www.ecoindustry.co.ao\/fr\/wp-json\/wp\/v2\/product"}],"about":[{"href":"https:\/\/www.ecoindustry.co.ao\/fr\/wp-json\/wp\/v2\/types\/product"}],"replies":[{"embeddable":true,"href":"https:\/\/www.ecoindustry.co.ao\/fr\/wp-json\/wp\/v2\/comments?post=7487"}],"wp:featuredmedia":[{"embeddable":true,"href":"https:\/\/www.ecoindustry.co.ao\/fr\/wp-json\/wp\/v2\/media\/8748"}],"wp:attachment":[{"href":"https:\/\/www.ecoindustry.co.ao\/fr\/wp-json\/wp\/v2\/media?parent=7487"}],"wp:term":[{"taxonomy":"product_brand","embeddable":true,"href":"https:\/\/www.ecoindustry.co.ao\/fr\/wp-json\/wp\/v2\/product_brand?post=7487"},{"taxonomy":"product_cat","embeddable":true,"href":"https:\/\/www.ecoindustry.co.ao\/fr\/wp-json\/wp\/v2\/product_cat?post=7487"},{"taxonomy":"product_tag","embeddable":true,"href":"https:\/\/www.ecoindustry.co.ao\/fr\/wp-json\/wp\/v2\/product_tag?post=7487"}],"curies":[{"name":"wp","href":"https:\/\/api.w.org\/{rel}","templated":true}]}}