{"id":7486,"date":"2025-04-13T13:12:45","date_gmt":"2025-04-13T13:12:45","guid":{"rendered":"https:\/\/www.ecoindustry.co.ao\/?post_type=product&#038;p=7486"},"modified":"2025-10-06T12:48:41","modified_gmt":"2025-10-06T12:48:41","slug":"ecopool-chlorine-accao-lenta","status":"publish","type":"product","link":"https:\/\/www.ecoindustry.co.ao\/fr\/produit\/ecopool-chlorine-accao-lenta\/","title":{"rendered":"CHLORE ECOPOOL \u00c0 ACTION LENTE"},"content":{"rendered":"<p class=\"p1\"><span class=\"s1\"><b>CHLORE ECOPOOL \u00c0 ACTION LENTE<\/b><\/span> Il s&#039;agit d&#039;un d\u00e9sinfectant sous forme de comprim\u00e9s \u00e0 base de... <span class=\"s1\"><b>acide trichloroisocyanurique<\/b><\/span>, avec 90% de chlore actif, con\u00e7u pour garantir un <span style=\"color: #af2d2c;\"><strong>d\u00e9sinfection prolong\u00e9e et efficace<\/strong><\/span> Il est con\u00e7u pour l&#039;eau des piscines. Sa formule \u00e0 dissolution lente assure une lib\u00e9ration contr\u00f4l\u00e9e de chlore, garantissant une protection constante dans le temps.<\/p>\n<p class=\"p1\">Recommand\u00e9 pour <span class=\"s1\"><b>entretien quotidien<\/b><\/span> de la piscine, le <span class=\"s1\"><b>CHLORE ECOPOOL \u00c0 ACTION LENTE<\/b><\/span> Il agit en continu contre les bact\u00e9ries, les virus et les algues, contribuant ainsi \u00e0 maintenir une eau claire et \u00e9quilibr\u00e9e. Son utilisation r\u00e9duit la fr\u00e9quence des interventions et optimise la consommation de produits chimiques.<\/p>\n<p class=\"p1\">Compatible avec diff\u00e9rents syst\u00e8mes de filtration, il peut \u00eatre utilis\u00e9 dans les diffuseurs flottants, les \u00e9cumeurs ou les \u00e9quipements automatiques. Un produit id\u00e9al pour ceux qui recherchent\u2026 <span style=\"color: #af2d2c;\"><strong>S\u00e9curit\u00e9, commodit\u00e9 et efficacit\u00e9 du traitement des piscines.<\/strong><\/span>.<\/p>\n<h3><\/h3>\n<p><b>Caract\u00e9ristiques:<\/b><\/p>\n<p class=\"p1\">\u2022 Comprim\u00e9s de trichlor contenant 90% de chlore disponible ;<\/p>\n<p class=\"p1\">\u2022 Lib\u00e9ration lente pour une maintenance prolong\u00e9e\u00a0;<\/p>\n<p class=\"p1\">\u2022 \u00c9limine efficacement les bact\u00e9ries, les virus et les algues ;<\/p>\n<p class=\"p1\">\u2022 R\u00e9duit la fr\u00e9quence d\u2019application et la consommation de produits chimiques\u00a0;<\/p>\n<p class=\"p1\">\u2022 Convient aux piscines r\u00e9sidentielles, publiques et \u00e0 forte fr\u00e9quentation.<\/p>","protected":false},"excerpt":{"rendered":"<p class=\"p1\"><span class=\"s1\"><b>CHLORE ECOPOOL \u00c0 ACTION LENTE<\/b><\/span> Ce sont des comprim\u00e9s compacts de trichlorure avec <span style=\"color: #af2d2c;\"><strong>90% de chlore disponible<\/strong><\/span>, indiqu\u00e9 pour la d\u00e9sinfection prolong\u00e9e de l&#039;eau des piscines.<\/p>\n<p class=\"p1\">ton <span class=\"s1\"><b>lib\u00e9ration lente et continue<\/b><\/span> Il assure une d\u00e9sinfection constante, maintenant l&#039;eau cristalline, stable et prot\u00e9g\u00e9e des bact\u00e9ries, virus et algues.<\/p>","protected":false},"featured_media":8749,"comment_status":"closed","ping_status":"closed","template":"","meta":[],"product_brand":[],"product_cat":[281],"product_tag":[132,147,133,129,148],"class_list":{"0":"post-7486","1":"product","2":"type-product","3":"status-publish","4":"has-post-thumbnail","6":"product_cat-tratamentos-agua","7":"product_tag-cloro","8":"product_tag-desinfeccao","9":"product_tag-pastilhas","10":"product_tag-piscinas","11":"product_tag-tricloro","13":"first","14":"instock","15":"featured","16":"shipping-taxable","17":"product-type-simple"},"yoast_head":"<!-- This site is optimized with the Yoast SEO plugin v27.3 - https:\/\/yoast.com\/product\/yoast-seo-wordpress\/ -->\n<title>ECOPOOL CHLORINE AC\u00c7\u00c3O LENTA - Ecoindustry<\/title>\n<meta name=\"robots\" content=\"index, follow, max-snippet:-1, max-image-preview:large, max-video-preview:-1\" \/>\n<link rel=\"canonical\" href=\"https:\/\/www.ecoindustry.co.ao\/fr\/produit\/ecopool-chlorine-accao-lenta\/\" \/>\n<meta property=\"og:locale\" content=\"fr_FR\" \/>\n<meta property=\"og:type\" content=\"article\" \/>\n<meta property=\"og:title\" content=\"ECOPOOL CHLORINE AC\u00c7\u00c3O LENTA - Ecoindustry\" \/>\n<meta property=\"og:description\" content=\"ECOPOOL CHLORINE AC\u00c7\u00c3O LENTA s\u00e3o pastilhas compactas de tricloro com 90% de cloro dispon\u00edvel, indicadas para a desinfe\u00e7\u00e3o prolongada da \u00e1gua da piscina. A sua liberta\u00e7\u00e3o lenta e cont\u00ednua garante uma desinfe\u00e7\u00e3o constante, mantendo a \u00e1gua cristalina, est\u00e1vel e segura contra bact\u00e9rias, v\u00edrus e algas.\" \/>\n<meta property=\"og:url\" content=\"https:\/\/www.ecoindustry.co.ao\/fr\/produit\/ecopool-chlorine-accao-lenta\/\" \/>\n<meta property=\"og:site_name\" content=\"Ecoindustry\" \/>\n<meta property=\"article:publisher\" content=\"https:\/\/www.facebook.com\/ecoindustrylda\/\" \/>\n<meta property=\"article:modified_time\" content=\"2025-10-06T12:48:41+00:00\" \/>\n<meta property=\"og:image\" content=\"https:\/\/www.ecoindustry.co.ao\/wp-content\/uploads\/2025\/04\/Chlorine-960x640-1.jpg\" \/>\n\t<meta property=\"og:image:width\" content=\"960\" \/>\n\t<meta property=\"og:image:height\" content=\"640\" \/>\n\t<meta property=\"og:image:type\" content=\"image\/jpeg\" \/>\n<meta name=\"twitter:card\" content=\"summary_large_image\" \/>\n<meta name=\"twitter:label1\" content=\"Dur\u00e9e de lecture estim\u00e9e\" \/>\n\t<meta name=\"twitter:data1\" content=\"1 minute\" \/>\n<script type=\"application\/ld+json\" class=\"yoast-schema-graph\">{\"@context\":\"https:\\\/\\\/schema.org\",\"@graph\":[{\"@type\":\"WebPage\",\"@id\":\"https:\\\/\\\/www.ecoindustry.co.ao\\\/produto\\\/ecopool-chlorine-accao-lenta\\\/\",\"url\":\"https:\\\/\\\/www.ecoindustry.co.ao\\\/produto\\\/ecopool-chlorine-accao-lenta\\\/\",\"name\":\"ECOPOOL CHLORINE AC\u00c7\u00c3O LENTA - Ecoindustry\",\"isPartOf\":{\"@id\":\"https:\\\/\\\/www.ecoindustry.co.ao\\\/#website\"},\"primaryImageOfPage\":{\"@id\":\"https:\\\/\\\/www.ecoindustry.co.ao\\\/produto\\\/ecopool-chlorine-accao-lenta\\\/#primaryimage\"},\"image\":{\"@id\":\"https:\\\/\\\/www.ecoindustry.co.ao\\\/produto\\\/ecopool-chlorine-accao-lenta\\\/#primaryimage\"},\"thumbnailUrl\":\"https:\\\/\\\/www.ecoindustry.co.ao\\\/wp-content\\\/uploads\\\/2025\\\/04\\\/ECOINDUISTRY-ECOPOOL-Chlorine.jpg\",\"datePublished\":\"2025-04-13T13:12:45+00:00\",\"dateModified\":\"2025-10-06T12:48:41+00:00\",\"breadcrumb\":{\"@id\":\"https:\\\/\\\/www.ecoindustry.co.ao\\\/produto\\\/ecopool-chlorine-accao-lenta\\\/#breadcrumb\"},\"inLanguage\":\"fr-FR\",\"potentialAction\":[{\"@type\":\"ReadAction\",\"target\":[\"https:\\\/\\\/www.ecoindustry.co.ao\\\/produto\\\/ecopool-chlorine-accao-lenta\\\/\"]}]},{\"@type\":\"ImageObject\",\"inLanguage\":\"fr-FR\",\"@id\":\"https:\\\/\\\/www.ecoindustry.co.ao\\\/produto\\\/ecopool-chlorine-accao-lenta\\\/#primaryimage\",\"url\":\"https:\\\/\\\/www.ecoindustry.co.ao\\\/wp-content\\\/uploads\\\/2025\\\/04\\\/ECOINDUISTRY-ECOPOOL-Chlorine.jpg\",\"contentUrl\":\"https:\\\/\\\/www.ecoindustry.co.ao\\\/wp-content\\\/uploads\\\/2025\\\/04\\\/ECOINDUISTRY-ECOPOOL-Chlorine.jpg\",\"width\":1080,\"height\":1080},{\"@type\":\"BreadcrumbList\",\"@id\":\"https:\\\/\\\/www.ecoindustry.co.ao\\\/produto\\\/ecopool-chlorine-accao-lenta\\\/#breadcrumb\",\"itemListElement\":[{\"@type\":\"ListItem\",\"position\":1,\"name\":\"In\u00edcio\",\"item\":\"https:\\\/\\\/www.ecoindustry.co.ao\\\/\"},{\"@type\":\"ListItem\",\"position\":2,\"name\":\"Loja\",\"item\":\"https:\\\/\\\/www.ecoindustry.co.ao\\\/loja\\\/\"},{\"@type\":\"ListItem\",\"position\":3,\"name\":\"ECOPOOL CHLORINE AC\u00c7\u00c3O LENTA\"}]},{\"@type\":\"WebSite\",\"@id\":\"https:\\\/\\\/www.ecoindustry.co.ao\\\/#website\",\"url\":\"https:\\\/\\\/www.ecoindustry.co.ao\\\/\",\"name\":\"Ecoindustry\",\"description\":\"Produzimos e comercializamos o melhor, de \u00c1frica para o Mundo.\",\"publisher\":{\"@id\":\"https:\\\/\\\/www.ecoindustry.co.ao\\\/#organization\"},\"potentialAction\":[{\"@type\":\"SearchAction\",\"target\":{\"@type\":\"EntryPoint\",\"urlTemplate\":\"https:\\\/\\\/www.ecoindustry.co.ao\\\/?s={search_term_string}\"},\"query-input\":{\"@type\":\"PropertyValueSpecification\",\"valueRequired\":true,\"valueName\":\"search_term_string\"}}],\"inLanguage\":\"fr-FR\"},{\"@type\":\"Organization\",\"@id\":\"https:\\\/\\\/www.ecoindustry.co.ao\\\/#organization\",\"name\":\"ECOINDUSTRY\",\"url\":\"https:\\\/\\\/www.ecoindustry.co.ao\\\/\",\"logo\":{\"@type\":\"ImageObject\",\"inLanguage\":\"fr-FR\",\"@id\":\"https:\\\/\\\/www.ecoindustry.co.ao\\\/#\\\/schema\\\/logo\\\/image\\\/\",\"url\":\"https:\\\/\\\/www.ecoindustry.co.ao\\\/wp-content\\\/uploads\\\/2017\\\/04\\\/Logo_Ecoindustry.png\",\"contentUrl\":\"https:\\\/\\\/www.ecoindustry.co.ao\\\/wp-content\\\/uploads\\\/2017\\\/04\\\/Logo_Ecoindustry.png\",\"width\":584,\"height\":111,\"caption\":\"ECOINDUSTRY\"},\"image\":{\"@id\":\"https:\\\/\\\/www.ecoindustry.co.ao\\\/#\\\/schema\\\/logo\\\/image\\\/\"},\"sameAs\":[\"https:\\\/\\\/www.facebook.com\\\/ecoindustrylda\\\/\",\"https:\\\/\\\/www.linkedin.com\\\/company\\\/ecoindustry\\\/\"]}]}<\/script>\n<!-- \/ Yoast SEO plugin. -->","yoast_head_json":{"title":"ECOPOOL CHLORINE AC\u00c7\u00c3O LENTA - Ecoindustry","robots":{"index":"index","follow":"follow","max-snippet":"max-snippet:-1","max-image-preview":"max-image-preview:large","max-video-preview":"max-video-preview:-1"},"canonical":"https:\/\/www.ecoindustry.co.ao\/fr\/produit\/ecopool-chlorine-accao-lenta\/","og_locale":"fr_FR","og_type":"article","og_title":"ECOPOOL CHLORINE AC\u00c7\u00c3O LENTA - Ecoindustry","og_description":"ECOPOOL CHLORINE AC\u00c7\u00c3O LENTA s\u00e3o pastilhas compactas de tricloro com 90% de cloro dispon\u00edvel, indicadas para a desinfe\u00e7\u00e3o prolongada da \u00e1gua da piscina. A sua liberta\u00e7\u00e3o lenta e cont\u00ednua garante uma desinfe\u00e7\u00e3o constante, mantendo a \u00e1gua cristalina, est\u00e1vel e segura contra bact\u00e9rias, v\u00edrus e algas.","og_url":"https:\/\/www.ecoindustry.co.ao\/fr\/produit\/ecopool-chlorine-accao-lenta\/","og_site_name":"Ecoindustry","article_publisher":"https:\/\/www.facebook.com\/ecoindustrylda\/","article_modified_time":"2025-10-06T12:48:41+00:00","og_image":[{"width":960,"height":640,"url":"https:\/\/www.ecoindustry.co.ao\/wp-content\/uploads\/2025\/04\/Chlorine-960x640-1.jpg","type":"image\/jpeg"}],"twitter_card":"summary_large_image","twitter_misc":{"Dur\u00e9e de lecture estim\u00e9e":"1 minute"},"schema":{"@context":"https:\/\/schema.org","@graph":[{"@type":"WebPage","@id":"https:\/\/www.ecoindustry.co.ao\/produto\/ecopool-chlorine-accao-lenta\/","url":"https:\/\/www.ecoindustry.co.ao\/produto\/ecopool-chlorine-accao-lenta\/","name":"ECOPOOL CHLORINE AC\u00c7\u00c3O LENTA - Ecoindustry","isPartOf":{"@id":"https:\/\/www.ecoindustry.co.ao\/#website"},"primaryImageOfPage":{"@id":"https:\/\/www.ecoindustry.co.ao\/produto\/ecopool-chlorine-accao-lenta\/#primaryimage"},"image":{"@id":"https:\/\/www.ecoindustry.co.ao\/produto\/ecopool-chlorine-accao-lenta\/#primaryimage"},"thumbnailUrl":"https:\/\/www.ecoindustry.co.ao\/wp-content\/uploads\/2025\/04\/ECOINDUISTRY-ECOPOOL-Chlorine.jpg","datePublished":"2025-04-13T13:12:45+00:00","dateModified":"2025-10-06T12:48:41+00:00","breadcrumb":{"@id":"https:\/\/www.ecoindustry.co.ao\/produto\/ecopool-chlorine-accao-lenta\/#breadcrumb"},"inLanguage":"fr-FR","potentialAction":[{"@type":"ReadAction","target":["https:\/\/www.ecoindustry.co.ao\/produto\/ecopool-chlorine-accao-lenta\/"]}]},{"@type":"ImageObject","inLanguage":"fr-FR","@id":"https:\/\/www.ecoindustry.co.ao\/produto\/ecopool-chlorine-accao-lenta\/#primaryimage","url":"https:\/\/www.ecoindustry.co.ao\/wp-content\/uploads\/2025\/04\/ECOINDUISTRY-ECOPOOL-Chlorine.jpg","contentUrl":"https:\/\/www.ecoindustry.co.ao\/wp-content\/uploads\/2025\/04\/ECOINDUISTRY-ECOPOOL-Chlorine.jpg","width":1080,"height":1080},{"@type":"BreadcrumbList","@id":"https:\/\/www.ecoindustry.co.ao\/produto\/ecopool-chlorine-accao-lenta\/#breadcrumb","itemListElement":[{"@type":"ListItem","position":1,"name":"In\u00edcio","item":"https:\/\/www.ecoindustry.co.ao\/"},{"@type":"ListItem","position":2,"name":"Loja","item":"https:\/\/www.ecoindustry.co.ao\/loja\/"},{"@type":"ListItem","position":3,"name":"ECOPOOL CHLORINE AC\u00c7\u00c3O LENTA"}]},{"@type":"WebSite","@id":"https:\/\/www.ecoindustry.co.ao\/#website","url":"https:\/\/www.ecoindustry.co.ao\/","name":"\u00c9coindustrie","description":"Produzimos e comercializamos o melhor, de \u00c1frica para o Mundo.","publisher":{"@id":"https:\/\/www.ecoindustry.co.ao\/#organization"},"potentialAction":[{"@type":"SearchAction","target":{"@type":"EntryPoint","urlTemplate":"https:\/\/www.ecoindustry.co.ao\/?s={search_term_string}"},"query-input":{"@type":"PropertyValueSpecification","valueRequired":true,"valueName":"search_term_string"}}],"inLanguage":"fr-FR"},{"@type":"Organization","@id":"https:\/\/www.ecoindustry.co.ao\/#organization","name":"\u00c9COINDUSTRIE","url":"https:\/\/www.ecoindustry.co.ao\/","logo":{"@type":"ImageObject","inLanguage":"fr-FR","@id":"https:\/\/www.ecoindustry.co.ao\/#\/schema\/logo\/image\/","url":"https:\/\/www.ecoindustry.co.ao\/wp-content\/uploads\/2017\/04\/Logo_Ecoindustry.png","contentUrl":"https:\/\/www.ecoindustry.co.ao\/wp-content\/uploads\/2017\/04\/Logo_Ecoindustry.png","width":584,"height":111,"caption":"ECOINDUSTRY"},"image":{"@id":"https:\/\/www.ecoindustry.co.ao\/#\/schema\/logo\/image\/"},"sameAs":["https:\/\/www.facebook.com\/ecoindustrylda\/","https:\/\/www.linkedin.com\/company\/ecoindustry\/"]}]}},"_links":{"self":[{"href":"https:\/\/www.ecoindustry.co.ao\/fr\/wp-json\/wp\/v2\/product\/7486","targetHints":{"allow":["GET"]}}],"collection":[{"href":"https:\/\/www.ecoindustry.co.ao\/fr\/wp-json\/wp\/v2\/product"}],"about":[{"href":"https:\/\/www.ecoindustry.co.ao\/fr\/wp-json\/wp\/v2\/types\/product"}],"replies":[{"embeddable":true,"href":"https:\/\/www.ecoindustry.co.ao\/fr\/wp-json\/wp\/v2\/comments?post=7486"}],"wp:featuredmedia":[{"embeddable":true,"href":"https:\/\/www.ecoindustry.co.ao\/fr\/wp-json\/wp\/v2\/media\/8749"}],"wp:attachment":[{"href":"https:\/\/www.ecoindustry.co.ao\/fr\/wp-json\/wp\/v2\/media?parent=7486"}],"wp:term":[{"taxonomy":"product_brand","embeddable":true,"href":"https:\/\/www.ecoindustry.co.ao\/fr\/wp-json\/wp\/v2\/product_brand?post=7486"},{"taxonomy":"product_cat","embeddable":true,"href":"https:\/\/www.ecoindustry.co.ao\/fr\/wp-json\/wp\/v2\/product_cat?post=7486"},{"taxonomy":"product_tag","embeddable":true,"href":"https:\/\/www.ecoindustry.co.ao\/fr\/wp-json\/wp\/v2\/product_tag?post=7486"}],"curies":[{"name":"wp","href":"https:\/\/api.w.org\/{rel}","templated":true}]}}