{"id":7485,"date":"2025-04-13T13:12:45","date_gmt":"2025-04-13T13:12:45","guid":{"rendered":"https:\/\/www.ecoindustry.co.ao\/?post_type=product&#038;p=7485"},"modified":"2025-10-06T12:54:49","modified_gmt":"2025-10-06T12:54:49","slug":"ecopool-chlorine-multifunction-tablets","status":"publish","type":"product","link":"https:\/\/www.ecoindustry.co.ao\/fr\/produit\/ecopool-chlorine-multifunction-tablets\/","title":{"rendered":"COMPRIM\u00c9S MULTIFONCTIONS DE CHLORE ECOPOOL"},"content":{"rendered":"<p class=\"p1\"><span class=\"s1\"><b>COMPRIM\u00c9S MULTIFONCTIONS DE CHLORE ECOPOOL<\/b><\/span> Ce sont des comprim\u00e9s multi-usages de 200 g qui combinent... <span style=\"color: #af2d2c;\"><strong>d\u00e9sinfectant, algicide et action clarifiante<\/strong><\/span> Un seul produit. Id\u00e9al pour garder l&#039;eau de votre piscine propre, saine et esth\u00e9tique, il offre une solution pratique pour une gestion simple du traitement de l&#039;eau.<\/p>\n<p class=\"p1\">Sa composition \u00e0 base d&#039;acide trichloroisocyanurique permet une <span class=\"s1\"><b>Lib\u00e9ration contr\u00f4l\u00e9e et continue de chlore<\/b><\/span>, Ces pastilles \u00e9liminent efficacement les bact\u00e9ries et les algues et am\u00e9liorent la clart\u00e9 de l&#039;eau. Recommand\u00e9es pour une utilisation r\u00e9guli\u00e8re dans les piscines r\u00e9sidentielles et publiques, elles remplacent l&#039;utilisation de plusieurs produits distincts.<\/p>\n<p class=\"p1\"><span class=\"s1\"><b>COMPRIM\u00c9S MULTIFONCTIONS DE CHLORE ECOPOOL<\/b><\/span> Ils sont compatibles avec les \u00e9cumeurs et les diffuseurs flottants, ce qui les rend id\u00e9aux pour ceux qui recherchent... <span style=\"color: #af2d2c;\"><strong>Efficacit\u00e9, commodit\u00e9 et protection continue.<\/strong><\/span> de l&#039;eau de la piscine.<\/p>\n<h3><\/h3>\n<p><b>Caract\u00e9ristiques:<\/b><\/p>\n<p class=\"p1\">\u2022 Comprim\u00e9s de 200 g \u00e0 action d\u00e9sinfectante, algicide et clarifiante ;<\/p>\n<p class=\"p1\">\u2022 Lib\u00e9ration lente et prolong\u00e9e pour un entretien continu\u00a0;<\/p>\n<p class=\"p1\">\u2022 Am\u00e9liore la transparence et l&#039;aspect visuel de l&#039;eau ;<\/p>\n<p class=\"p1\">\u2022 Remplace l&#039;application de plusieurs produits ;<\/p>\n<p class=\"p1\">\u2022 Convient aux piscines r\u00e9sidentielles et publiques.<\/p>","protected":false},"excerpt":{"rendered":"<p class=\"p1\"><span class=\"s1\"><b>COMPRIM\u00c9S MULTIFONCTIONS DE CHLORE ECOPOOL<\/b><\/span> Ce sont des comprim\u00e9s de 200 g d\u00e9velopp\u00e9s pour <span style=\"color: #af2d2c;\"><strong>D\u00e9sinfecter, pr\u00e9venir la prolif\u00e9ration d&#039;algues et clarifier l&#039;eau.<\/strong><\/span> Piscine avec une seule application.<\/p>\n<p class=\"p1\">Gr\u00e2ce \u00e0 leur formule longue dur\u00e9e, ils offrent un <span class=\"s1\"><b>maintenance pratique et efficace<\/b><\/span>, maintenir l&#039;eau cristalline, \u00e9quilibr\u00e9e et saine plus longtemps.<\/p>","protected":false},"featured_media":8751,"comment_status":"closed","ping_status":"closed","template":"","meta":[],"product_brand":[],"product_cat":[281],"product_tag":[138,146,132,144,145],"class_list":{"0":"post-7485","1":"product","2":"type-product","3":"status-publish","4":"has-post-thumbnail","6":"product_cat-tratamentos-agua","7":"product_tag-algicida","8":"product_tag-clarificante","9":"product_tag-cloro","10":"product_tag-multifuncoes","11":"product_tag-tablets","13":"first","14":"instock","15":"shipping-taxable","16":"product-type-simple"},"yoast_head":"<!-- This site is optimized with the Yoast SEO plugin v27.3 - https:\/\/yoast.com\/product\/yoast-seo-wordpress\/ -->\n<title>ECOPOOL CHLORINE MULTIFUNCTION TABLETS - Ecoindustry<\/title>\n<meta name=\"robots\" content=\"index, follow, max-snippet:-1, max-image-preview:large, max-video-preview:-1\" \/>\n<link rel=\"canonical\" href=\"https:\/\/www.ecoindustry.co.ao\/fr\/produit\/ecopool-chlorine-multifunction-tablets\/\" \/>\n<meta property=\"og:locale\" content=\"fr_FR\" \/>\n<meta property=\"og:type\" content=\"article\" \/>\n<meta property=\"og:title\" content=\"ECOPOOL CHLORINE MULTIFUNCTION TABLETS - Ecoindustry\" \/>\n<meta property=\"og:description\" content=\"ECOPOOL CHLORINE MULTIFUNCTION TABLETS s\u00e3o pastilhas de 200g desenvolvidas para desinfetar, prevenir algas e clarificar a \u00e1gua da piscina com uma \u00fanica aplica\u00e7\u00e3o. Com f\u00f3rmula de a\u00e7\u00e3o prolongada, proporcionam uma manuten\u00e7\u00e3o pr\u00e1tica e eficiente, mantendo a \u00e1gua cristalina, equilibrada e segura por mais tempo.\" \/>\n<meta property=\"og:url\" content=\"https:\/\/www.ecoindustry.co.ao\/fr\/produit\/ecopool-chlorine-multifunction-tablets\/\" \/>\n<meta property=\"og:site_name\" content=\"Ecoindustry\" \/>\n<meta property=\"article:publisher\" content=\"https:\/\/www.facebook.com\/ecoindustrylda\/\" \/>\n<meta property=\"article:modified_time\" content=\"2025-10-06T12:54:49+00:00\" \/>\n<meta property=\"og:image\" content=\"https:\/\/www.ecoindustry.co.ao\/wp-content\/uploads\/2025\/04\/Chlorine_Multifuntion_Tablets-960x640-1.jpg\" \/>\n\t<meta property=\"og:image:width\" content=\"960\" \/>\n\t<meta property=\"og:image:height\" content=\"640\" \/>\n\t<meta property=\"og:image:type\" content=\"image\/jpeg\" \/>\n<meta name=\"twitter:card\" content=\"summary_large_image\" \/>\n<meta name=\"twitter:label1\" content=\"Dur\u00e9e de lecture estim\u00e9e\" \/>\n\t<meta name=\"twitter:data1\" content=\"1 minute\" \/>\n<script type=\"application\/ld+json\" class=\"yoast-schema-graph\">{\"@context\":\"https:\\\/\\\/schema.org\",\"@graph\":[{\"@type\":\"WebPage\",\"@id\":\"https:\\\/\\\/www.ecoindustry.co.ao\\\/produto\\\/ecopool-chlorine-multifunction-tablets\\\/\",\"url\":\"https:\\\/\\\/www.ecoindustry.co.ao\\\/produto\\\/ecopool-chlorine-multifunction-tablets\\\/\",\"name\":\"ECOPOOL CHLORINE MULTIFUNCTION TABLETS - Ecoindustry\",\"isPartOf\":{\"@id\":\"https:\\\/\\\/www.ecoindustry.co.ao\\\/#website\"},\"primaryImageOfPage\":{\"@id\":\"https:\\\/\\\/www.ecoindustry.co.ao\\\/produto\\\/ecopool-chlorine-multifunction-tablets\\\/#primaryimage\"},\"image\":{\"@id\":\"https:\\\/\\\/www.ecoindustry.co.ao\\\/produto\\\/ecopool-chlorine-multifunction-tablets\\\/#primaryimage\"},\"thumbnailUrl\":\"https:\\\/\\\/www.ecoindustry.co.ao\\\/wp-content\\\/uploads\\\/2025\\\/04\\\/ECOINDUISTRY-ECOPOOL-Chlorine-Multifunction-tablets.jpg\",\"datePublished\":\"2025-04-13T13:12:45+00:00\",\"dateModified\":\"2025-10-06T12:54:49+00:00\",\"breadcrumb\":{\"@id\":\"https:\\\/\\\/www.ecoindustry.co.ao\\\/produto\\\/ecopool-chlorine-multifunction-tablets\\\/#breadcrumb\"},\"inLanguage\":\"fr-FR\",\"potentialAction\":[{\"@type\":\"ReadAction\",\"target\":[\"https:\\\/\\\/www.ecoindustry.co.ao\\\/produto\\\/ecopool-chlorine-multifunction-tablets\\\/\"]}]},{\"@type\":\"ImageObject\",\"inLanguage\":\"fr-FR\",\"@id\":\"https:\\\/\\\/www.ecoindustry.co.ao\\\/produto\\\/ecopool-chlorine-multifunction-tablets\\\/#primaryimage\",\"url\":\"https:\\\/\\\/www.ecoindustry.co.ao\\\/wp-content\\\/uploads\\\/2025\\\/04\\\/ECOINDUISTRY-ECOPOOL-Chlorine-Multifunction-tablets.jpg\",\"contentUrl\":\"https:\\\/\\\/www.ecoindustry.co.ao\\\/wp-content\\\/uploads\\\/2025\\\/04\\\/ECOINDUISTRY-ECOPOOL-Chlorine-Multifunction-tablets.jpg\",\"width\":1080,\"height\":1080},{\"@type\":\"BreadcrumbList\",\"@id\":\"https:\\\/\\\/www.ecoindustry.co.ao\\\/produto\\\/ecopool-chlorine-multifunction-tablets\\\/#breadcrumb\",\"itemListElement\":[{\"@type\":\"ListItem\",\"position\":1,\"name\":\"In\u00edcio\",\"item\":\"https:\\\/\\\/www.ecoindustry.co.ao\\\/\"},{\"@type\":\"ListItem\",\"position\":2,\"name\":\"Loja\",\"item\":\"https:\\\/\\\/www.ecoindustry.co.ao\\\/loja\\\/\"},{\"@type\":\"ListItem\",\"position\":3,\"name\":\"ECOPOOL CHLORINE MULTIFUNCTION TABLETS\"}]},{\"@type\":\"WebSite\",\"@id\":\"https:\\\/\\\/www.ecoindustry.co.ao\\\/#website\",\"url\":\"https:\\\/\\\/www.ecoindustry.co.ao\\\/\",\"name\":\"Ecoindustry\",\"description\":\"Produzimos e comercializamos o melhor, de \u00c1frica para o Mundo.\",\"publisher\":{\"@id\":\"https:\\\/\\\/www.ecoindustry.co.ao\\\/#organization\"},\"potentialAction\":[{\"@type\":\"SearchAction\",\"target\":{\"@type\":\"EntryPoint\",\"urlTemplate\":\"https:\\\/\\\/www.ecoindustry.co.ao\\\/?s={search_term_string}\"},\"query-input\":{\"@type\":\"PropertyValueSpecification\",\"valueRequired\":true,\"valueName\":\"search_term_string\"}}],\"inLanguage\":\"fr-FR\"},{\"@type\":\"Organization\",\"@id\":\"https:\\\/\\\/www.ecoindustry.co.ao\\\/#organization\",\"name\":\"ECOINDUSTRY\",\"url\":\"https:\\\/\\\/www.ecoindustry.co.ao\\\/\",\"logo\":{\"@type\":\"ImageObject\",\"inLanguage\":\"fr-FR\",\"@id\":\"https:\\\/\\\/www.ecoindustry.co.ao\\\/#\\\/schema\\\/logo\\\/image\\\/\",\"url\":\"https:\\\/\\\/www.ecoindustry.co.ao\\\/wp-content\\\/uploads\\\/2017\\\/04\\\/Logo_Ecoindustry.png\",\"contentUrl\":\"https:\\\/\\\/www.ecoindustry.co.ao\\\/wp-content\\\/uploads\\\/2017\\\/04\\\/Logo_Ecoindustry.png\",\"width\":584,\"height\":111,\"caption\":\"ECOINDUSTRY\"},\"image\":{\"@id\":\"https:\\\/\\\/www.ecoindustry.co.ao\\\/#\\\/schema\\\/logo\\\/image\\\/\"},\"sameAs\":[\"https:\\\/\\\/www.facebook.com\\\/ecoindustrylda\\\/\",\"https:\\\/\\\/www.linkedin.com\\\/company\\\/ecoindustry\\\/\"]}]}<\/script>\n<!-- \/ Yoast SEO plugin. -->","yoast_head_json":{"title":"ECOPOOL CHLORINE MULTIFUNCTION TABLETS - Ecoindustry","robots":{"index":"index","follow":"follow","max-snippet":"max-snippet:-1","max-image-preview":"max-image-preview:large","max-video-preview":"max-video-preview:-1"},"canonical":"https:\/\/www.ecoindustry.co.ao\/fr\/produit\/ecopool-chlorine-multifunction-tablets\/","og_locale":"fr_FR","og_type":"article","og_title":"ECOPOOL CHLORINE MULTIFUNCTION TABLETS - Ecoindustry","og_description":"ECOPOOL CHLORINE MULTIFUNCTION TABLETS s\u00e3o pastilhas de 200g desenvolvidas para desinfetar, prevenir algas e clarificar a \u00e1gua da piscina com uma \u00fanica aplica\u00e7\u00e3o. Com f\u00f3rmula de a\u00e7\u00e3o prolongada, proporcionam uma manuten\u00e7\u00e3o pr\u00e1tica e eficiente, mantendo a \u00e1gua cristalina, equilibrada e segura por mais tempo.","og_url":"https:\/\/www.ecoindustry.co.ao\/fr\/produit\/ecopool-chlorine-multifunction-tablets\/","og_site_name":"Ecoindustry","article_publisher":"https:\/\/www.facebook.com\/ecoindustrylda\/","article_modified_time":"2025-10-06T12:54:49+00:00","og_image":[{"width":960,"height":640,"url":"https:\/\/www.ecoindustry.co.ao\/wp-content\/uploads\/2025\/04\/Chlorine_Multifuntion_Tablets-960x640-1.jpg","type":"image\/jpeg"}],"twitter_card":"summary_large_image","twitter_misc":{"Dur\u00e9e de lecture estim\u00e9e":"1 minute"},"schema":{"@context":"https:\/\/schema.org","@graph":[{"@type":"WebPage","@id":"https:\/\/www.ecoindustry.co.ao\/produto\/ecopool-chlorine-multifunction-tablets\/","url":"https:\/\/www.ecoindustry.co.ao\/produto\/ecopool-chlorine-multifunction-tablets\/","name":"ECOPOOL CHLORINE MULTIFUNCTION TABLETS - Ecoindustry","isPartOf":{"@id":"https:\/\/www.ecoindustry.co.ao\/#website"},"primaryImageOfPage":{"@id":"https:\/\/www.ecoindustry.co.ao\/produto\/ecopool-chlorine-multifunction-tablets\/#primaryimage"},"image":{"@id":"https:\/\/www.ecoindustry.co.ao\/produto\/ecopool-chlorine-multifunction-tablets\/#primaryimage"},"thumbnailUrl":"https:\/\/www.ecoindustry.co.ao\/wp-content\/uploads\/2025\/04\/ECOINDUISTRY-ECOPOOL-Chlorine-Multifunction-tablets.jpg","datePublished":"2025-04-13T13:12:45+00:00","dateModified":"2025-10-06T12:54:49+00:00","breadcrumb":{"@id":"https:\/\/www.ecoindustry.co.ao\/produto\/ecopool-chlorine-multifunction-tablets\/#breadcrumb"},"inLanguage":"fr-FR","potentialAction":[{"@type":"ReadAction","target":["https:\/\/www.ecoindustry.co.ao\/produto\/ecopool-chlorine-multifunction-tablets\/"]}]},{"@type":"ImageObject","inLanguage":"fr-FR","@id":"https:\/\/www.ecoindustry.co.ao\/produto\/ecopool-chlorine-multifunction-tablets\/#primaryimage","url":"https:\/\/www.ecoindustry.co.ao\/wp-content\/uploads\/2025\/04\/ECOINDUISTRY-ECOPOOL-Chlorine-Multifunction-tablets.jpg","contentUrl":"https:\/\/www.ecoindustry.co.ao\/wp-content\/uploads\/2025\/04\/ECOINDUISTRY-ECOPOOL-Chlorine-Multifunction-tablets.jpg","width":1080,"height":1080},{"@type":"BreadcrumbList","@id":"https:\/\/www.ecoindustry.co.ao\/produto\/ecopool-chlorine-multifunction-tablets\/#breadcrumb","itemListElement":[{"@type":"ListItem","position":1,"name":"In\u00edcio","item":"https:\/\/www.ecoindustry.co.ao\/"},{"@type":"ListItem","position":2,"name":"Loja","item":"https:\/\/www.ecoindustry.co.ao\/loja\/"},{"@type":"ListItem","position":3,"name":"ECOPOOL CHLORINE MULTIFUNCTION TABLETS"}]},{"@type":"WebSite","@id":"https:\/\/www.ecoindustry.co.ao\/#website","url":"https:\/\/www.ecoindustry.co.ao\/","name":"\u00c9coindustrie","description":"Produzimos e comercializamos o melhor, de \u00c1frica para o Mundo.","publisher":{"@id":"https:\/\/www.ecoindustry.co.ao\/#organization"},"potentialAction":[{"@type":"SearchAction","target":{"@type":"EntryPoint","urlTemplate":"https:\/\/www.ecoindustry.co.ao\/?s={search_term_string}"},"query-input":{"@type":"PropertyValueSpecification","valueRequired":true,"valueName":"search_term_string"}}],"inLanguage":"fr-FR"},{"@type":"Organization","@id":"https:\/\/www.ecoindustry.co.ao\/#organization","name":"\u00c9COINDUSTRIE","url":"https:\/\/www.ecoindustry.co.ao\/","logo":{"@type":"ImageObject","inLanguage":"fr-FR","@id":"https:\/\/www.ecoindustry.co.ao\/#\/schema\/logo\/image\/","url":"https:\/\/www.ecoindustry.co.ao\/wp-content\/uploads\/2017\/04\/Logo_Ecoindustry.png","contentUrl":"https:\/\/www.ecoindustry.co.ao\/wp-content\/uploads\/2017\/04\/Logo_Ecoindustry.png","width":584,"height":111,"caption":"ECOINDUSTRY"},"image":{"@id":"https:\/\/www.ecoindustry.co.ao\/#\/schema\/logo\/image\/"},"sameAs":["https:\/\/www.facebook.com\/ecoindustrylda\/","https:\/\/www.linkedin.com\/company\/ecoindustry\/"]}]}},"_links":{"self":[{"href":"https:\/\/www.ecoindustry.co.ao\/fr\/wp-json\/wp\/v2\/product\/7485","targetHints":{"allow":["GET"]}}],"collection":[{"href":"https:\/\/www.ecoindustry.co.ao\/fr\/wp-json\/wp\/v2\/product"}],"about":[{"href":"https:\/\/www.ecoindustry.co.ao\/fr\/wp-json\/wp\/v2\/types\/product"}],"replies":[{"embeddable":true,"href":"https:\/\/www.ecoindustry.co.ao\/fr\/wp-json\/wp\/v2\/comments?post=7485"}],"wp:featuredmedia":[{"embeddable":true,"href":"https:\/\/www.ecoindustry.co.ao\/fr\/wp-json\/wp\/v2\/media\/8751"}],"wp:attachment":[{"href":"https:\/\/www.ecoindustry.co.ao\/fr\/wp-json\/wp\/v2\/media?parent=7485"}],"wp:term":[{"taxonomy":"product_brand","embeddable":true,"href":"https:\/\/www.ecoindustry.co.ao\/fr\/wp-json\/wp\/v2\/product_brand?post=7485"},{"taxonomy":"product_cat","embeddable":true,"href":"https:\/\/www.ecoindustry.co.ao\/fr\/wp-json\/wp\/v2\/product_cat?post=7485"},{"taxonomy":"product_tag","embeddable":true,"href":"https:\/\/www.ecoindustry.co.ao\/fr\/wp-json\/wp\/v2\/product_tag?post=7485"}],"curies":[{"name":"wp","href":"https:\/\/api.w.org\/{rel}","templated":true}]}}