{"id":7481,"date":"2025-04-13T13:12:44","date_gmt":"2025-04-13T13:12:44","guid":{"rendered":"https:\/\/www.ecoindustry.co.ao\/?post_type=product&#038;p=7481"},"modified":"2025-10-06T13:02:18","modified_gmt":"2025-10-06T13:02:18","slug":"ecopool-chlorine-tablet","status":"publish","type":"product","link":"https:\/\/www.ecoindustry.co.ao\/fr\/produit\/ecopool-chlorine-tablet\/","title":{"rendered":"COMPRIM\u00c9S DE CHLORE ECOPOOL"},"content":{"rendered":"<p class=\"p1\"><span class=\"s1\"><b>COMPRIM\u00c9S DE CHLORE ECOPOOL<\/b><\/span> sont des comprim\u00e9s de <span class=\"s1\"><b>hypochlorite de calcium 200 g<\/b><\/span> poids, d\u00e9velopp\u00e9 pour assurer un <span style=\"color: #af2d2c;\"><strong>d\u00e9sinfection continue et efficace de l&#039;eau<\/strong><\/span>. Sa composition permet une lib\u00e9ration progressive de chlore, maintenant des niveaux stables et assurant un contr\u00f4le microbiologique de l&#039;eau dans le temps.<\/p>\n<p class=\"p1\">Recommand\u00e9 pour une utilisation dans <span class=\"s1\"><b>piscines publiques et priv\u00e9es et syst\u00e8mes industriels<\/b><\/span>, Ces comprim\u00e9s constituent une solution pratique et s\u00fbre pour le traitement de l&#039;eau. Leur conditionnement en doses individuelles facilite la manipulation et le dosage pr\u00e9cis, que ce soit dans des distributeurs manuels ou automatiques.<\/p>\n<p class=\"p1\"><span class=\"s1\"><b>COMPRIM\u00c9S DE CHLORE ECOPOOL<\/b><\/span> Ils se distinguent par leur <span style=\"color: #af2d2c;\"><strong>Efficace pour \u00e9liminer les bact\u00e9ries, les virus et les algues.<\/strong><\/span>, Ce produit favorise l&#039;acc\u00e8s \u00e0 une eau propre et saine pour les utilisateurs. Sa stabilit\u00e9 chimique et sa solubilit\u00e9 contr\u00f4l\u00e9e permettent une utilisation continue avec un risque r\u00e9duit de sous-dosage ou de surdosage.<\/p>\n<h3><\/h3>\n<p><b>Caract\u00e9ristiques:<\/b><\/p>\n<p class=\"p1\">\u2022 Comprim\u00e9s de 200 g contenant de l&#039;hypochlorite de calcium ;<\/p>\n<p class=\"p1\">\u2022 Lib\u00e9ration contr\u00f4l\u00e9e de chlore pour une d\u00e9sinfection prolong\u00e9e ;<\/p>\n<p class=\"p1\">\u2022 Convient aux syst\u00e8mes de piscines r\u00e9sidentielles, publiques et industrielles ;<\/p>\n<p class=\"p1\">\u2022 \u00c9limine efficacement les bact\u00e9ries, les virus et les algues ;<\/p>\n<p class=\"p1\">\u2022 Il peut \u00eatre utilis\u00e9 dans des distributeurs manuels ou automatiques.<\/p>","protected":false},"excerpt":{"rendered":"<p class=\"p1\">Comprim\u00e9s compacts d&#039;hypochlorite de calcium, 200 g, formul\u00e9s pour <span style=\"color: #af2d2c;\"><strong>pour d\u00e9sinfecter l&#039;eau efficacement et pendant une p\u00e9riode prolong\u00e9e.<\/strong><\/span>. Recommand\u00e9 pour maintenir l&#039;eau de la piscine saine, limpide et exempte de micro-organismes.<\/p>\n<p class=\"p1\">LE <span class=\"s1\"><b>COMPRIM\u00c9S DE CHLORE ECOPOOL<\/b><\/span> Il assure une lib\u00e9ration contr\u00f4l\u00e9e de chlore, ce qui le rend id\u00e9al pour une utilisation r\u00e9guli\u00e8re dans les piscines r\u00e9sidentielles ou publiques et les syst\u00e8mes de traitement de l&#039;eau.<\/p>","protected":false},"featured_media":8753,"comment_status":"closed","ping_status":"closed","template":"","meta":[],"product_brand":[],"product_cat":[281],"product_tag":[132,135,134,133,129],"class_list":{"0":"post-7481","1":"product","2":"type-product","3":"status-publish","4":"has-post-thumbnail","6":"product_cat-tratamentos-agua","7":"product_tag-cloro","8":"product_tag-desinfecao","9":"product_tag-hipoclorito","10":"product_tag-pastilhas","11":"product_tag-piscinas","13":"first","14":"instock","15":"shipping-taxable","16":"product-type-simple"},"yoast_head":"<!-- This site is optimized with the Yoast SEO plugin v27.3 - https:\/\/yoast.com\/product\/yoast-seo-wordpress\/ -->\n<title>ECOPOOL CHLORINE TABLET - Ecoindustry<\/title>\n<meta name=\"robots\" content=\"index, follow, max-snippet:-1, max-image-preview:large, max-video-preview:-1\" \/>\n<link rel=\"canonical\" href=\"https:\/\/www.ecoindustry.co.ao\/fr\/produit\/ecopool-chlorine-tablets\/\" \/>\n<meta property=\"og:locale\" content=\"fr_FR\" \/>\n<meta property=\"og:type\" content=\"article\" \/>\n<meta property=\"og:title\" content=\"ECOPOOL CHLORINE TABLET - Ecoindustry\" \/>\n<meta property=\"og:description\" content=\"Pastilhas compactas de hipoclorito de c\u00e1lcio com 200g, formuladas para desinfetar a \u00e1gua de forma eficaz e prolongada. Indicadas para manter a \u00e1gua da piscina segura, cristalina e livre de microrganismos. O ECOPOOL CHLORINE TABLETS garante uma liberta\u00e7\u00e3o controlada de cloro, sendo ideal para aplica\u00e7\u00f5es regulares em piscinas residenciais ou p\u00fablicas e sistemas de tratamento de \u00e1gua.\" \/>\n<meta property=\"og:url\" content=\"https:\/\/www.ecoindustry.co.ao\/fr\/produit\/ecopool-chlorine-tablets\/\" \/>\n<meta property=\"og:site_name\" content=\"Ecoindustry\" \/>\n<meta property=\"article:publisher\" content=\"https:\/\/www.facebook.com\/ecoindustrylda\/\" \/>\n<meta property=\"article:modified_time\" content=\"2025-10-06T13:02:18+00:00\" \/>\n<meta property=\"og:image\" content=\"https:\/\/www.ecoindustry.co.ao\/wp-content\/uploads\/2025\/04\/Chlorine_Tablet-960x640-1.jpg\" \/>\n\t<meta property=\"og:image:width\" content=\"960\" \/>\n\t<meta property=\"og:image:height\" content=\"640\" \/>\n\t<meta property=\"og:image:type\" content=\"image\/jpeg\" \/>\n<meta name=\"twitter:card\" content=\"summary_large_image\" \/>\n<meta name=\"twitter:label1\" content=\"Dur\u00e9e de lecture estim\u00e9e\" \/>\n\t<meta name=\"twitter:data1\" content=\"1 minute\" \/>\n<script type=\"application\/ld+json\" class=\"yoast-schema-graph\">{\"@context\":\"https:\\\/\\\/schema.org\",\"@graph\":[{\"@type\":\"WebPage\",\"@id\":\"https:\\\/\\\/www.ecoindustry.co.ao\\\/produto\\\/ecopool-chlorine-tablets\\\/\",\"url\":\"https:\\\/\\\/www.ecoindustry.co.ao\\\/produto\\\/ecopool-chlorine-tablets\\\/\",\"name\":\"ECOPOOL CHLORINE TABLET - Ecoindustry\",\"isPartOf\":{\"@id\":\"https:\\\/\\\/www.ecoindustry.co.ao\\\/#website\"},\"primaryImageOfPage\":{\"@id\":\"https:\\\/\\\/www.ecoindustry.co.ao\\\/produto\\\/ecopool-chlorine-tablets\\\/#primaryimage\"},\"image\":{\"@id\":\"https:\\\/\\\/www.ecoindustry.co.ao\\\/produto\\\/ecopool-chlorine-tablets\\\/#primaryimage\"},\"thumbnailUrl\":\"https:\\\/\\\/www.ecoindustry.co.ao\\\/wp-content\\\/uploads\\\/2025\\\/04\\\/ECOINDUISTRY-ECOPOOL-Chlorine-tablet.jpg\",\"datePublished\":\"2025-04-13T13:12:44+00:00\",\"dateModified\":\"2025-10-06T13:02:18+00:00\",\"breadcrumb\":{\"@id\":\"https:\\\/\\\/www.ecoindustry.co.ao\\\/produto\\\/ecopool-chlorine-tablets\\\/#breadcrumb\"},\"inLanguage\":\"fr-FR\",\"potentialAction\":[{\"@type\":\"ReadAction\",\"target\":[\"https:\\\/\\\/www.ecoindustry.co.ao\\\/produto\\\/ecopool-chlorine-tablets\\\/\"]}]},{\"@type\":\"ImageObject\",\"inLanguage\":\"fr-FR\",\"@id\":\"https:\\\/\\\/www.ecoindustry.co.ao\\\/produto\\\/ecopool-chlorine-tablets\\\/#primaryimage\",\"url\":\"https:\\\/\\\/www.ecoindustry.co.ao\\\/wp-content\\\/uploads\\\/2025\\\/04\\\/ECOINDUISTRY-ECOPOOL-Chlorine-tablet.jpg\",\"contentUrl\":\"https:\\\/\\\/www.ecoindustry.co.ao\\\/wp-content\\\/uploads\\\/2025\\\/04\\\/ECOINDUISTRY-ECOPOOL-Chlorine-tablet.jpg\",\"width\":1080,\"height\":1080},{\"@type\":\"BreadcrumbList\",\"@id\":\"https:\\\/\\\/www.ecoindustry.co.ao\\\/produto\\\/ecopool-chlorine-tablets\\\/#breadcrumb\",\"itemListElement\":[{\"@type\":\"ListItem\",\"position\":1,\"name\":\"In\u00edcio\",\"item\":\"https:\\\/\\\/www.ecoindustry.co.ao\\\/\"},{\"@type\":\"ListItem\",\"position\":2,\"name\":\"Loja\",\"item\":\"https:\\\/\\\/www.ecoindustry.co.ao\\\/loja\\\/\"},{\"@type\":\"ListItem\",\"position\":3,\"name\":\"ECOPOOL CHLORINE TABLETS\"}]},{\"@type\":\"WebSite\",\"@id\":\"https:\\\/\\\/www.ecoindustry.co.ao\\\/#website\",\"url\":\"https:\\\/\\\/www.ecoindustry.co.ao\\\/\",\"name\":\"Ecoindustry\",\"description\":\"Produzimos e comercializamos o melhor, de \u00c1frica para o Mundo.\",\"publisher\":{\"@id\":\"https:\\\/\\\/www.ecoindustry.co.ao\\\/#organization\"},\"potentialAction\":[{\"@type\":\"SearchAction\",\"target\":{\"@type\":\"EntryPoint\",\"urlTemplate\":\"https:\\\/\\\/www.ecoindustry.co.ao\\\/?s={search_term_string}\"},\"query-input\":{\"@type\":\"PropertyValueSpecification\",\"valueRequired\":true,\"valueName\":\"search_term_string\"}}],\"inLanguage\":\"fr-FR\"},{\"@type\":\"Organization\",\"@id\":\"https:\\\/\\\/www.ecoindustry.co.ao\\\/#organization\",\"name\":\"ECOINDUSTRY\",\"url\":\"https:\\\/\\\/www.ecoindustry.co.ao\\\/\",\"logo\":{\"@type\":\"ImageObject\",\"inLanguage\":\"fr-FR\",\"@id\":\"https:\\\/\\\/www.ecoindustry.co.ao\\\/#\\\/schema\\\/logo\\\/image\\\/\",\"url\":\"https:\\\/\\\/www.ecoindustry.co.ao\\\/wp-content\\\/uploads\\\/2017\\\/04\\\/Logo_Ecoindustry.png\",\"contentUrl\":\"https:\\\/\\\/www.ecoindustry.co.ao\\\/wp-content\\\/uploads\\\/2017\\\/04\\\/Logo_Ecoindustry.png\",\"width\":584,\"height\":111,\"caption\":\"ECOINDUSTRY\"},\"image\":{\"@id\":\"https:\\\/\\\/www.ecoindustry.co.ao\\\/#\\\/schema\\\/logo\\\/image\\\/\"},\"sameAs\":[\"https:\\\/\\\/www.facebook.com\\\/ecoindustrylda\\\/\",\"https:\\\/\\\/www.linkedin.com\\\/company\\\/ecoindustry\\\/\"]}]}<\/script>\n<!-- \/ Yoast SEO plugin. -->","yoast_head_json":{"title":"ECOPOOL CHLORINE TABLET - Ecoindustry","robots":{"index":"index","follow":"follow","max-snippet":"max-snippet:-1","max-image-preview":"max-image-preview:large","max-video-preview":"max-video-preview:-1"},"canonical":"https:\/\/www.ecoindustry.co.ao\/fr\/produit\/ecopool-chlorine-tablets\/","og_locale":"fr_FR","og_type":"article","og_title":"ECOPOOL CHLORINE TABLET - Ecoindustry","og_description":"Pastilhas compactas de hipoclorito de c\u00e1lcio com 200g, formuladas para desinfetar a \u00e1gua de forma eficaz e prolongada. Indicadas para manter a \u00e1gua da piscina segura, cristalina e livre de microrganismos. O ECOPOOL CHLORINE TABLETS garante uma liberta\u00e7\u00e3o controlada de cloro, sendo ideal para aplica\u00e7\u00f5es regulares em piscinas residenciais ou p\u00fablicas e sistemas de tratamento de \u00e1gua.","og_url":"https:\/\/www.ecoindustry.co.ao\/fr\/produit\/ecopool-chlorine-tablets\/","og_site_name":"Ecoindustry","article_publisher":"https:\/\/www.facebook.com\/ecoindustrylda\/","article_modified_time":"2025-10-06T13:02:18+00:00","og_image":[{"width":960,"height":640,"url":"https:\/\/www.ecoindustry.co.ao\/wp-content\/uploads\/2025\/04\/Chlorine_Tablet-960x640-1.jpg","type":"image\/jpeg"}],"twitter_card":"summary_large_image","twitter_misc":{"Dur\u00e9e de lecture estim\u00e9e":"1 minute"},"schema":{"@context":"https:\/\/schema.org","@graph":[{"@type":"WebPage","@id":"https:\/\/www.ecoindustry.co.ao\/produto\/ecopool-chlorine-tablets\/","url":"https:\/\/www.ecoindustry.co.ao\/produto\/ecopool-chlorine-tablets\/","name":"ECOPOOL CHLORINE TABLET - Ecoindustry","isPartOf":{"@id":"https:\/\/www.ecoindustry.co.ao\/#website"},"primaryImageOfPage":{"@id":"https:\/\/www.ecoindustry.co.ao\/produto\/ecopool-chlorine-tablets\/#primaryimage"},"image":{"@id":"https:\/\/www.ecoindustry.co.ao\/produto\/ecopool-chlorine-tablets\/#primaryimage"},"thumbnailUrl":"https:\/\/www.ecoindustry.co.ao\/wp-content\/uploads\/2025\/04\/ECOINDUISTRY-ECOPOOL-Chlorine-tablet.jpg","datePublished":"2025-04-13T13:12:44+00:00","dateModified":"2025-10-06T13:02:18+00:00","breadcrumb":{"@id":"https:\/\/www.ecoindustry.co.ao\/produto\/ecopool-chlorine-tablets\/#breadcrumb"},"inLanguage":"fr-FR","potentialAction":[{"@type":"ReadAction","target":["https:\/\/www.ecoindustry.co.ao\/produto\/ecopool-chlorine-tablets\/"]}]},{"@type":"ImageObject","inLanguage":"fr-FR","@id":"https:\/\/www.ecoindustry.co.ao\/produto\/ecopool-chlorine-tablets\/#primaryimage","url":"https:\/\/www.ecoindustry.co.ao\/wp-content\/uploads\/2025\/04\/ECOINDUISTRY-ECOPOOL-Chlorine-tablet.jpg","contentUrl":"https:\/\/www.ecoindustry.co.ao\/wp-content\/uploads\/2025\/04\/ECOINDUISTRY-ECOPOOL-Chlorine-tablet.jpg","width":1080,"height":1080},{"@type":"BreadcrumbList","@id":"https:\/\/www.ecoindustry.co.ao\/produto\/ecopool-chlorine-tablets\/#breadcrumb","itemListElement":[{"@type":"ListItem","position":1,"name":"In\u00edcio","item":"https:\/\/www.ecoindustry.co.ao\/"},{"@type":"ListItem","position":2,"name":"Loja","item":"https:\/\/www.ecoindustry.co.ao\/loja\/"},{"@type":"ListItem","position":3,"name":"ECOPOOL CHLORINE TABLETS"}]},{"@type":"WebSite","@id":"https:\/\/www.ecoindustry.co.ao\/#website","url":"https:\/\/www.ecoindustry.co.ao\/","name":"\u00c9coindustrie","description":"Produzimos e comercializamos o melhor, de \u00c1frica para o Mundo.","publisher":{"@id":"https:\/\/www.ecoindustry.co.ao\/#organization"},"potentialAction":[{"@type":"SearchAction","target":{"@type":"EntryPoint","urlTemplate":"https:\/\/www.ecoindustry.co.ao\/?s={search_term_string}"},"query-input":{"@type":"PropertyValueSpecification","valueRequired":true,"valueName":"search_term_string"}}],"inLanguage":"fr-FR"},{"@type":"Organization","@id":"https:\/\/www.ecoindustry.co.ao\/#organization","name":"\u00c9COINDUSTRIE","url":"https:\/\/www.ecoindustry.co.ao\/","logo":{"@type":"ImageObject","inLanguage":"fr-FR","@id":"https:\/\/www.ecoindustry.co.ao\/#\/schema\/logo\/image\/","url":"https:\/\/www.ecoindustry.co.ao\/wp-content\/uploads\/2017\/04\/Logo_Ecoindustry.png","contentUrl":"https:\/\/www.ecoindustry.co.ao\/wp-content\/uploads\/2017\/04\/Logo_Ecoindustry.png","width":584,"height":111,"caption":"ECOINDUSTRY"},"image":{"@id":"https:\/\/www.ecoindustry.co.ao\/#\/schema\/logo\/image\/"},"sameAs":["https:\/\/www.facebook.com\/ecoindustrylda\/","https:\/\/www.linkedin.com\/company\/ecoindustry\/"]}]}},"_links":{"self":[{"href":"https:\/\/www.ecoindustry.co.ao\/fr\/wp-json\/wp\/v2\/product\/7481","targetHints":{"allow":["GET"]}}],"collection":[{"href":"https:\/\/www.ecoindustry.co.ao\/fr\/wp-json\/wp\/v2\/product"}],"about":[{"href":"https:\/\/www.ecoindustry.co.ao\/fr\/wp-json\/wp\/v2\/types\/product"}],"replies":[{"embeddable":true,"href":"https:\/\/www.ecoindustry.co.ao\/fr\/wp-json\/wp\/v2\/comments?post=7481"}],"wp:featuredmedia":[{"embeddable":true,"href":"https:\/\/www.ecoindustry.co.ao\/fr\/wp-json\/wp\/v2\/media\/8753"}],"wp:attachment":[{"href":"https:\/\/www.ecoindustry.co.ao\/fr\/wp-json\/wp\/v2\/media?parent=7481"}],"wp:term":[{"taxonomy":"product_brand","embeddable":true,"href":"https:\/\/www.ecoindustry.co.ao\/fr\/wp-json\/wp\/v2\/product_brand?post=7481"},{"taxonomy":"product_cat","embeddable":true,"href":"https:\/\/www.ecoindustry.co.ao\/fr\/wp-json\/wp\/v2\/product_cat?post=7481"},{"taxonomy":"product_tag","embeddable":true,"href":"https:\/\/www.ecoindustry.co.ao\/fr\/wp-json\/wp\/v2\/product_tag?post=7481"}],"curies":[{"name":"wp","href":"https:\/\/api.w.org\/{rel}","templated":true}]}}