{"id":7480,"date":"2025-04-13T13:12:44","date_gmt":"2025-04-13T13:12:44","guid":{"rendered":"https:\/\/www.ecoindustry.co.ao\/?post_type=product&#038;p=7480"},"modified":"2025-10-06T13:05:38","modified_gmt":"2025-10-06T13:05:38","slug":"ecopool-ph-2","status":"publish","type":"product","link":"https:\/\/www.ecoindustry.co.ao\/fr\/produit\/ecopool-ph-2\/","title":{"rendered":"ECOPOOL pH(-)"},"content":{"rendered":"<p class=\"p1\"><span class=\"s1\"><b>ECOPOOL pH(-)<\/b><\/span> Il s&#039;agit d&#039;un correcteur de pH sous forme granulaire \u00e0 base de... <span class=\"s1\"><b>bisulfate de sodium<\/b><\/span>, formul\u00e9 pour <span style=\"color: #af2d2c;\"><strong>abaisser le pH de l&#039;eau de mani\u00e8re contr\u00f4l\u00e9e.<\/strong><\/span>. Il est essentiel de maintenir la qualit\u00e9 de l&#039;eau, notamment lorsque le pH d\u00e9passe les valeurs recommand\u00e9es (au-dessus de 7,6), compromettant ainsi l&#039;efficacit\u00e9 du chlore et des autres traitements.<\/p>\n<p class=\"p1\">Application r\u00e9guli\u00e8re de <span class=\"s1\"><b>ECOPOOL pH(-)<\/b><\/span> permet <span class=\"s1\"><b>pr\u00e9vention de l&#039;accumulation de calcaire<\/b><\/span>, la corrosion des composants m\u00e9talliques et les d\u00e9s\u00e9quilibres chimiques, assurant une <span class=\"s1\" style=\"color: #af2d2c;\"><b>Une eau plus stable et plus efficace d&#039;un point de vue sanitaire.<\/b><\/span>. Il peut \u00eatre utilis\u00e9 dans les syst\u00e8mes d&#039;entretien de piscine manuels ou automatiques.<\/p>\n<p class=\"p1\">Compatible avec tous les types de piscines, <span class=\"s1\"><b>ECOPOOL pH(-)<\/b><\/span> Elle se distingue par ses performances, sa fiabilit\u00e9 et sa facilit\u00e9 d&#039;utilisation, contribuant ainsi \u00e0... <span style=\"color: #af2d2c;\"><strong>une exp\u00e9rience de bain plus s\u00fbre et plus confortable<\/strong><\/span>.<\/p>\n<h3><\/h3>\n<p><b>Caract\u00e9ristiques:<\/b><\/p>\n<p class=\"p1\">\u2022 Correcteur de pH granul\u00e9 \u00e0 base de bisulfate de sodium\u00a0;<\/p>\n<p class=\"p1\">\u2022 R\u00e9duit efficacement et de mani\u00e8re contr\u00f4l\u00e9e le pH de l&#039;eau ;<\/p>\n<p class=\"p1\">\u2022 Am\u00e9liore l\u2019efficacit\u00e9 des d\u00e9sinfectants et pr\u00e9vient les incrustations\u00a0;<\/p>\n<p class=\"p1\">\u2022 Prot\u00e8ge l&#039;\u00e9quipement contre l&#039;usure pr\u00e9matur\u00e9e ;<\/p>\n<p class=\"p1\">\u2022 Convient aux piscines r\u00e9sidentielles, publiques et \u00e0 entretien intensif.<\/p>","protected":false},"excerpt":{"rendered":"<p class=\"p1\">Correcteur acidifiant granul\u00e9 \u00e0 base de bisulfate de sodium, d\u00e9velopp\u00e9 pour <span style=\"color: #af2d2c;\"><strong>r\u00e9duire le pH de l&#039;eau de la piscine<\/strong><\/span> Efficace et s\u00fbr. Indispensable pour maintenir l&#039;\u00e9quilibre chimique et garantir l&#039;action optimale des d\u00e9sinfectants.<\/p>\n<p class=\"p1\">Gr\u00e2ce \u00e0 sa dissolution rapide et \u00e0 son application pratique, le <span class=\"s1\"><b>ECOPOOL pH(-)<\/b><\/span> C&#039;est la solution id\u00e9ale pour corriger les niveaux de pH \u00e9lev\u00e9s, pr\u00e9venir l&#039;accumulation de tartre et <span style=\"color: #af2d2c;\"><strong>prolonger la dur\u00e9e de vie de l&#039;\u00e9quipement<\/strong><\/span>.<\/p>","protected":false},"featured_media":8754,"comment_status":"closed","ping_status":"closed","template":"","meta":[],"product_brand":[],"product_cat":[281],"product_tag":[130,131,125,129,126],"class_list":{"0":"post-7480","1":"product","2":"type-product","3":"status-publish","4":"has-post-thumbnail","6":"product_cat-tratamentos-agua","7":"product_tag-acidificante","8":"product_tag-bissulfato","9":"product_tag-ph","10":"product_tag-piscinas","11":"product_tag-regulador","13":"first","14":"instock","15":"shipping-taxable","16":"product-type-simple"},"yoast_head":"<!-- This site is optimized with the Yoast SEO plugin v27.3 - https:\/\/yoast.com\/product\/yoast-seo-wordpress\/ -->\n<title>ECOPOOL pH(-) - Ecoindustry<\/title>\n<meta name=\"robots\" content=\"index, follow, max-snippet:-1, max-image-preview:large, max-video-preview:-1\" \/>\n<link rel=\"canonical\" href=\"https:\/\/www.ecoindustry.co.ao\/fr\/produit\/ecopool-ph-2\/\" \/>\n<meta property=\"og:locale\" content=\"fr_FR\" \/>\n<meta property=\"og:type\" content=\"article\" \/>\n<meta property=\"og:title\" content=\"ECOPOOL pH(-) - Ecoindustry\" \/>\n<meta property=\"og:description\" content=\"Corretor acidificante granulado \u00e0 base de bissulfato de s\u00f3dio, desenvolvido para reduzir o pH da \u00e1gua de piscinas de forma eficaz e segura. Essencial para manter o equil\u00edbrio qu\u00edmico e garantir a a\u00e7\u00e3o ideal dos desinfetantes. Com dissolu\u00e7\u00e3o r\u00e1pida e aplica\u00e7\u00e3o pr\u00e1tica, o ECOPOOL pH(-) \u00e9 a solu\u00e7\u00e3o indicada para corrigir valores de pH elevados, evitando incrusta\u00e7\u00f5es e prolongando a durabilidade dos equipamentos.\" \/>\n<meta property=\"og:url\" content=\"https:\/\/www.ecoindustry.co.ao\/fr\/produit\/ecopool-ph-2\/\" \/>\n<meta property=\"og:site_name\" content=\"Ecoindustry\" \/>\n<meta property=\"article:publisher\" content=\"https:\/\/www.facebook.com\/ecoindustrylda\/\" \/>\n<meta property=\"article:modified_time\" content=\"2025-10-06T13:05:38+00:00\" \/>\n<meta property=\"og:image\" content=\"https:\/\/www.ecoindustry.co.ao\/wp-content\/uploads\/2025\/04\/pH-960x640-1.jpg\" \/>\n\t<meta property=\"og:image:width\" content=\"960\" \/>\n\t<meta property=\"og:image:height\" content=\"640\" \/>\n\t<meta property=\"og:image:type\" content=\"image\/jpeg\" \/>\n<meta name=\"twitter:card\" content=\"summary_large_image\" \/>\n<meta name=\"twitter:label1\" content=\"Dur\u00e9e de lecture estim\u00e9e\" \/>\n\t<meta name=\"twitter:data1\" content=\"1 minute\" \/>\n<script type=\"application\/ld+json\" class=\"yoast-schema-graph\">{\"@context\":\"https:\\\/\\\/schema.org\",\"@graph\":[{\"@type\":\"WebPage\",\"@id\":\"https:\\\/\\\/www.ecoindustry.co.ao\\\/produto\\\/ecopool-ph-2\\\/\",\"url\":\"https:\\\/\\\/www.ecoindustry.co.ao\\\/produto\\\/ecopool-ph-2\\\/\",\"name\":\"ECOPOOL pH(-) - Ecoindustry\",\"isPartOf\":{\"@id\":\"https:\\\/\\\/www.ecoindustry.co.ao\\\/#website\"},\"primaryImageOfPage\":{\"@id\":\"https:\\\/\\\/www.ecoindustry.co.ao\\\/produto\\\/ecopool-ph-2\\\/#primaryimage\"},\"image\":{\"@id\":\"https:\\\/\\\/www.ecoindustry.co.ao\\\/produto\\\/ecopool-ph-2\\\/#primaryimage\"},\"thumbnailUrl\":\"https:\\\/\\\/www.ecoindustry.co.ao\\\/wp-content\\\/uploads\\\/2025\\\/04\\\/ECOINDUISTRY-ECOPOOL-ph-.jpg\",\"datePublished\":\"2025-04-13T13:12:44+00:00\",\"dateModified\":\"2025-10-06T13:05:38+00:00\",\"breadcrumb\":{\"@id\":\"https:\\\/\\\/www.ecoindustry.co.ao\\\/produto\\\/ecopool-ph-2\\\/#breadcrumb\"},\"inLanguage\":\"fr-FR\",\"potentialAction\":[{\"@type\":\"ReadAction\",\"target\":[\"https:\\\/\\\/www.ecoindustry.co.ao\\\/produto\\\/ecopool-ph-2\\\/\"]}]},{\"@type\":\"ImageObject\",\"inLanguage\":\"fr-FR\",\"@id\":\"https:\\\/\\\/www.ecoindustry.co.ao\\\/produto\\\/ecopool-ph-2\\\/#primaryimage\",\"url\":\"https:\\\/\\\/www.ecoindustry.co.ao\\\/wp-content\\\/uploads\\\/2025\\\/04\\\/ECOINDUISTRY-ECOPOOL-ph-.jpg\",\"contentUrl\":\"https:\\\/\\\/www.ecoindustry.co.ao\\\/wp-content\\\/uploads\\\/2025\\\/04\\\/ECOINDUISTRY-ECOPOOL-ph-.jpg\",\"width\":1080,\"height\":1080},{\"@type\":\"BreadcrumbList\",\"@id\":\"https:\\\/\\\/www.ecoindustry.co.ao\\\/produto\\\/ecopool-ph-2\\\/#breadcrumb\",\"itemListElement\":[{\"@type\":\"ListItem\",\"position\":1,\"name\":\"In\u00edcio\",\"item\":\"https:\\\/\\\/www.ecoindustry.co.ao\\\/\"},{\"@type\":\"ListItem\",\"position\":2,\"name\":\"Loja\",\"item\":\"https:\\\/\\\/www.ecoindustry.co.ao\\\/loja\\\/\"},{\"@type\":\"ListItem\",\"position\":3,\"name\":\"ECOPOOL pH(-)\"}]},{\"@type\":\"WebSite\",\"@id\":\"https:\\\/\\\/www.ecoindustry.co.ao\\\/#website\",\"url\":\"https:\\\/\\\/www.ecoindustry.co.ao\\\/\",\"name\":\"Ecoindustry\",\"description\":\"Produzimos e comercializamos o melhor, de \u00c1frica para o Mundo.\",\"publisher\":{\"@id\":\"https:\\\/\\\/www.ecoindustry.co.ao\\\/#organization\"},\"potentialAction\":[{\"@type\":\"SearchAction\",\"target\":{\"@type\":\"EntryPoint\",\"urlTemplate\":\"https:\\\/\\\/www.ecoindustry.co.ao\\\/?s={search_term_string}\"},\"query-input\":{\"@type\":\"PropertyValueSpecification\",\"valueRequired\":true,\"valueName\":\"search_term_string\"}}],\"inLanguage\":\"fr-FR\"},{\"@type\":\"Organization\",\"@id\":\"https:\\\/\\\/www.ecoindustry.co.ao\\\/#organization\",\"name\":\"ECOINDUSTRY\",\"url\":\"https:\\\/\\\/www.ecoindustry.co.ao\\\/\",\"logo\":{\"@type\":\"ImageObject\",\"inLanguage\":\"fr-FR\",\"@id\":\"https:\\\/\\\/www.ecoindustry.co.ao\\\/#\\\/schema\\\/logo\\\/image\\\/\",\"url\":\"https:\\\/\\\/www.ecoindustry.co.ao\\\/wp-content\\\/uploads\\\/2017\\\/04\\\/Logo_Ecoindustry.png\",\"contentUrl\":\"https:\\\/\\\/www.ecoindustry.co.ao\\\/wp-content\\\/uploads\\\/2017\\\/04\\\/Logo_Ecoindustry.png\",\"width\":584,\"height\":111,\"caption\":\"ECOINDUSTRY\"},\"image\":{\"@id\":\"https:\\\/\\\/www.ecoindustry.co.ao\\\/#\\\/schema\\\/logo\\\/image\\\/\"},\"sameAs\":[\"https:\\\/\\\/www.facebook.com\\\/ecoindustrylda\\\/\",\"https:\\\/\\\/www.linkedin.com\\\/company\\\/ecoindustry\\\/\"]}]}<\/script>\n<!-- \/ Yoast SEO plugin. -->","yoast_head_json":{"title":"ECOPOOL pH(-) - Ecoindustry","robots":{"index":"index","follow":"follow","max-snippet":"max-snippet:-1","max-image-preview":"max-image-preview:large","max-video-preview":"max-video-preview:-1"},"canonical":"https:\/\/www.ecoindustry.co.ao\/fr\/produit\/ecopool-ph-2\/","og_locale":"fr_FR","og_type":"article","og_title":"ECOPOOL pH(-) - Ecoindustry","og_description":"Corretor acidificante granulado \u00e0 base de bissulfato de s\u00f3dio, desenvolvido para reduzir o pH da \u00e1gua de piscinas de forma eficaz e segura. Essencial para manter o equil\u00edbrio qu\u00edmico e garantir a a\u00e7\u00e3o ideal dos desinfetantes. Com dissolu\u00e7\u00e3o r\u00e1pida e aplica\u00e7\u00e3o pr\u00e1tica, o ECOPOOL pH(-) \u00e9 a solu\u00e7\u00e3o indicada para corrigir valores de pH elevados, evitando incrusta\u00e7\u00f5es e prolongando a durabilidade dos equipamentos.","og_url":"https:\/\/www.ecoindustry.co.ao\/fr\/produit\/ecopool-ph-2\/","og_site_name":"Ecoindustry","article_publisher":"https:\/\/www.facebook.com\/ecoindustrylda\/","article_modified_time":"2025-10-06T13:05:38+00:00","og_image":[{"width":960,"height":640,"url":"https:\/\/www.ecoindustry.co.ao\/wp-content\/uploads\/2025\/04\/pH-960x640-1.jpg","type":"image\/jpeg"}],"twitter_card":"summary_large_image","twitter_misc":{"Dur\u00e9e de lecture estim\u00e9e":"1 minute"},"schema":{"@context":"https:\/\/schema.org","@graph":[{"@type":"WebPage","@id":"https:\/\/www.ecoindustry.co.ao\/produto\/ecopool-ph-2\/","url":"https:\/\/www.ecoindustry.co.ao\/produto\/ecopool-ph-2\/","name":"ECOPOOL pH(-) - Ecoindustry","isPartOf":{"@id":"https:\/\/www.ecoindustry.co.ao\/#website"},"primaryImageOfPage":{"@id":"https:\/\/www.ecoindustry.co.ao\/produto\/ecopool-ph-2\/#primaryimage"},"image":{"@id":"https:\/\/www.ecoindustry.co.ao\/produto\/ecopool-ph-2\/#primaryimage"},"thumbnailUrl":"https:\/\/www.ecoindustry.co.ao\/wp-content\/uploads\/2025\/04\/ECOINDUISTRY-ECOPOOL-ph-.jpg","datePublished":"2025-04-13T13:12:44+00:00","dateModified":"2025-10-06T13:05:38+00:00","breadcrumb":{"@id":"https:\/\/www.ecoindustry.co.ao\/produto\/ecopool-ph-2\/#breadcrumb"},"inLanguage":"fr-FR","potentialAction":[{"@type":"ReadAction","target":["https:\/\/www.ecoindustry.co.ao\/produto\/ecopool-ph-2\/"]}]},{"@type":"ImageObject","inLanguage":"fr-FR","@id":"https:\/\/www.ecoindustry.co.ao\/produto\/ecopool-ph-2\/#primaryimage","url":"https:\/\/www.ecoindustry.co.ao\/wp-content\/uploads\/2025\/04\/ECOINDUISTRY-ECOPOOL-ph-.jpg","contentUrl":"https:\/\/www.ecoindustry.co.ao\/wp-content\/uploads\/2025\/04\/ECOINDUISTRY-ECOPOOL-ph-.jpg","width":1080,"height":1080},{"@type":"BreadcrumbList","@id":"https:\/\/www.ecoindustry.co.ao\/produto\/ecopool-ph-2\/#breadcrumb","itemListElement":[{"@type":"ListItem","position":1,"name":"In\u00edcio","item":"https:\/\/www.ecoindustry.co.ao\/"},{"@type":"ListItem","position":2,"name":"Loja","item":"https:\/\/www.ecoindustry.co.ao\/loja\/"},{"@type":"ListItem","position":3,"name":"ECOPOOL pH(-)"}]},{"@type":"WebSite","@id":"https:\/\/www.ecoindustry.co.ao\/#website","url":"https:\/\/www.ecoindustry.co.ao\/","name":"\u00c9coindustrie","description":"Produzimos e comercializamos o melhor, de \u00c1frica para o Mundo.","publisher":{"@id":"https:\/\/www.ecoindustry.co.ao\/#organization"},"potentialAction":[{"@type":"SearchAction","target":{"@type":"EntryPoint","urlTemplate":"https:\/\/www.ecoindustry.co.ao\/?s={search_term_string}"},"query-input":{"@type":"PropertyValueSpecification","valueRequired":true,"valueName":"search_term_string"}}],"inLanguage":"fr-FR"},{"@type":"Organization","@id":"https:\/\/www.ecoindustry.co.ao\/#organization","name":"\u00c9COINDUSTRIE","url":"https:\/\/www.ecoindustry.co.ao\/","logo":{"@type":"ImageObject","inLanguage":"fr-FR","@id":"https:\/\/www.ecoindustry.co.ao\/#\/schema\/logo\/image\/","url":"https:\/\/www.ecoindustry.co.ao\/wp-content\/uploads\/2017\/04\/Logo_Ecoindustry.png","contentUrl":"https:\/\/www.ecoindustry.co.ao\/wp-content\/uploads\/2017\/04\/Logo_Ecoindustry.png","width":584,"height":111,"caption":"ECOINDUSTRY"},"image":{"@id":"https:\/\/www.ecoindustry.co.ao\/#\/schema\/logo\/image\/"},"sameAs":["https:\/\/www.facebook.com\/ecoindustrylda\/","https:\/\/www.linkedin.com\/company\/ecoindustry\/"]}]}},"_links":{"self":[{"href":"https:\/\/www.ecoindustry.co.ao\/fr\/wp-json\/wp\/v2\/product\/7480","targetHints":{"allow":["GET"]}}],"collection":[{"href":"https:\/\/www.ecoindustry.co.ao\/fr\/wp-json\/wp\/v2\/product"}],"about":[{"href":"https:\/\/www.ecoindustry.co.ao\/fr\/wp-json\/wp\/v2\/types\/product"}],"replies":[{"embeddable":true,"href":"https:\/\/www.ecoindustry.co.ao\/fr\/wp-json\/wp\/v2\/comments?post=7480"}],"wp:featuredmedia":[{"embeddable":true,"href":"https:\/\/www.ecoindustry.co.ao\/fr\/wp-json\/wp\/v2\/media\/8754"}],"wp:attachment":[{"href":"https:\/\/www.ecoindustry.co.ao\/fr\/wp-json\/wp\/v2\/media?parent=7480"}],"wp:term":[{"taxonomy":"product_brand","embeddable":true,"href":"https:\/\/www.ecoindustry.co.ao\/fr\/wp-json\/wp\/v2\/product_brand?post=7480"},{"taxonomy":"product_cat","embeddable":true,"href":"https:\/\/www.ecoindustry.co.ao\/fr\/wp-json\/wp\/v2\/product_cat?post=7480"},{"taxonomy":"product_tag","embeddable":true,"href":"https:\/\/www.ecoindustry.co.ao\/fr\/wp-json\/wp\/v2\/product_tag?post=7480"}],"curies":[{"name":"wp","href":"https:\/\/api.w.org\/{rel}","templated":true}]}}