{"id":7369,"date":"2024-10-31T10:12:37","date_gmt":"2024-10-31T10:12:37","guid":{"rendered":"https:\/\/www.ecoindustry.co.ao\/?post_type=product&#038;p=7369"},"modified":"2025-09-09T15:42:28","modified_gmt":"2025-09-09T15:42:28","slug":"drizoro-maxroad","status":"publish","type":"product","link":"https:\/\/www.ecoindustry.co.ao\/fr\/produit\/drizoro-maxroad\/","title":{"rendered":"DRIZORO MAXROAD"},"content":{"rendered":"<p class=\"p1\">UN<span style=\"color: #af2d2c;\"><strong>mortier de r\u00e9paration structurelle \u00e0 s\u00e9chage ultra-rapide<\/strong><\/span>, d\u00e9velopp\u00e9 pour r\u00e9parer <span style=\"color: #af2d2c;\"><strong>chauss\u00e9es en b\u00e9ton dans les zones \u00e0 fort trafic<\/strong><\/span>...comme les routes, les parkings, les zones industrielles et les zones urbaines. Gr\u00e2ce \u00e0 sa formule haute r\u00e9sistance, <b>MAXROAD<\/b> fournit un <span style=\"color: #af2d2c;\"><strong>adh\u00e9rence exceptionnelle<\/strong><\/span> et est capable de <span style=\"color: #af2d2c;\"><strong>r\u00e9sister \u00e0 des conditions de charge et d&#039;utilisation extr\u00eames<\/strong><\/span>Ce produit est id\u00e9al pour les interventions n\u00e9cessitant une r\u00e9habilitation rapide des surfaces, permettant une reprise rapide du trafic.<\/p>\n<p class=\"p1\">LE <b>MAXROAD<\/b> Elle se distingue par sa durabilit\u00e9 et sa c<span style=\"color: #af2d2c;\"><strong>capacit\u00e9 \u00e0 r\u00e9sister aux variations de temp\u00e9rature et aux agents externes<\/strong><\/span>pr\u00e9servant ainsi l&#039;int\u00e9grit\u00e9 de la r\u00e9paration dans le temps. Facile \u00e0 appliquer, ce produit convient aux professionnels ayant besoin d&#039;une solution efficace pour des r\u00e9parations structurelles urgentes et offre d&#039;excellentes performances aussi bien en int\u00e9rieur qu&#039;en ext\u00e9rieur. <b>MAXROAD<\/b>Les r\u00e9parations sont effectu\u00e9es de mani\u00e8re s\u00fbre et efficace, garantissant une finition durable et p\u00e9renne.<\/p>\n<p class=\"p1\"><b>Caract\u00e9ristiques:<\/b><\/p>\n<p class=\"p3\">\u2022 Mortier \u00e0 s\u00e9chage ultra-rapide pour les r\u00e9parations structurelles ;<\/p>\n<p class=\"p3\">\u2022 Haute r\u00e9sistance et durabilit\u00e9 pour les zones \u00e0 fort trafic ;<\/p>\n<p class=\"p3\">\u2022 Id\u00e9al pour les routes, les parkings et les zones industrielles ;<\/p>\n<p class=\"p3\">\u2022 Excellente adh\u00e9rence et r\u00e9sistance aux conditions extr\u00eames ;<\/p>\n<p class=\"p3\">\u2022 Permet une r\u00e9habilitation rapide des surfaces.<\/p>","protected":false},"excerpt":{"rendered":"<p class=\"p1\"><span style=\"color: #af2d2c;\"><strong>Mortier de r\u00e9paration structurelle \u00e0 s\u00e9chage ultra-rapide<\/strong><\/span>, id\u00e9al pour les r\u00e9parations dans <span style=\"color: #af2d2c;\"><strong>Chauss\u00e9es en b\u00e9ton soumises \u00e0 un trafic intense<\/strong><\/span>Gr\u00e2ce \u00e0 sa grande r\u00e9sistance et sa durabilit\u00e9, il convient aux interventions rapides dans les zones industrielles, urbaines et routi\u00e8res.<\/p>\n<p class=\"p1\">Con\u00e7u pour r\u00e9sister aux conditions les plus exigeantes, le <b>MAXROAD<\/b> permet une remise en service rapide, <span style=\"color: #af2d2c;\"><strong>minimiser les temps d&#039;arr\u00eat<\/strong><\/span> \u2026et garantissant une r\u00e9paration durable. C\u2019est la solution id\u00e9ale pour ceux qui recherchent efficacit\u00e9 et durabilit\u00e9 dans leurs r\u00e9parations structurelles.<\/p>","protected":false},"featured_media":7383,"comment_status":"closed","ping_status":"closed","template":"","meta":[],"product_brand":[],"product_cat":[272],"product_tag":[122,106,121],"class_list":{"0":"post-7369","1":"product","2":"type-product","3":"status-publish","4":"has-post-thumbnail","6":"product_cat-drizoro","7":"product_tag-estradas","8":"product_tag-reparacao","9":"product_tag-trafego","11":"first","12":"instock","13":"shipping-taxable","14":"product-type-simple"},"yoast_head":"<!-- This site is optimized with the Yoast SEO plugin v27.3 - https:\/\/yoast.com\/product\/yoast-seo-wordpress\/ -->\n<title>DRIZORO MAXROAD - Ecoindustry<\/title>\n<meta name=\"robots\" content=\"index, follow, max-snippet:-1, max-image-preview:large, max-video-preview:-1\" \/>\n<link rel=\"canonical\" href=\"https:\/\/www.ecoindustry.co.ao\/fr\/produit\/drizoro-maxroad\/\" \/>\n<meta property=\"og:locale\" content=\"fr_FR\" \/>\n<meta property=\"og:type\" content=\"article\" \/>\n<meta property=\"og:title\" content=\"DRIZORO MAXROAD - Ecoindustry\" \/>\n<meta property=\"og:description\" content=\"Argamassa de repara\u00e7\u00e3o estrutural de secagem ultra-r\u00e1pida, ideal para reparos em pavimentos de bet\u00e3o sujeitos a tr\u00e1fego intenso. Com elevada resist\u00eancia e durabilidade, \u00e9 indicada para interven\u00e7\u00f5es r\u00e1pidas em \u00e1reas industriais, urbanas e rodovi\u00e1rias. Formulada para suportar condi\u00e7\u00f5es exigentes, o MAXROAD permite um retorno r\u00e1pido ao servi\u00e7o, minimizando o tempo de inatividade e assegurando uma repara\u00e7\u00e3o duradoura. \u00c9 a solu\u00e7\u00e3o perfeita para quem procura efici\u00eancia e resist\u00eancia em reparos estruturais.\" \/>\n<meta property=\"og:url\" content=\"https:\/\/www.ecoindustry.co.ao\/fr\/produit\/drizoro-maxroad\/\" \/>\n<meta property=\"og:site_name\" content=\"Ecoindustry\" \/>\n<meta property=\"article:publisher\" content=\"https:\/\/www.facebook.com\/ecoindustrylda\/\" \/>\n<meta property=\"article:modified_time\" content=\"2025-09-09T15:42:28+00:00\" \/>\n<meta property=\"og:image\" content=\"https:\/\/www.ecoindustry.co.ao\/wp-content\/uploads\/2024\/11\/drizoro-maxroad.jpg\" \/>\n\t<meta property=\"og:image:width\" content=\"1080\" \/>\n\t<meta property=\"og:image:height\" content=\"1080\" \/>\n\t<meta property=\"og:image:type\" content=\"image\/jpeg\" \/>\n<meta name=\"twitter:card\" content=\"summary_large_image\" \/>\n<meta name=\"twitter:label1\" content=\"Dur\u00e9e de lecture estim\u00e9e\" \/>\n\t<meta name=\"twitter:data1\" content=\"1 minute\" \/>\n<script type=\"application\/ld+json\" class=\"yoast-schema-graph\">{\"@context\":\"https:\\\/\\\/schema.org\",\"@graph\":[{\"@type\":\"WebPage\",\"@id\":\"https:\\\/\\\/www.ecoindustry.co.ao\\\/produto\\\/drizoro-maxroad\\\/\",\"url\":\"https:\\\/\\\/www.ecoindustry.co.ao\\\/produto\\\/drizoro-maxroad\\\/\",\"name\":\"DRIZORO MAXROAD - Ecoindustry\",\"isPartOf\":{\"@id\":\"https:\\\/\\\/www.ecoindustry.co.ao\\\/#website\"},\"primaryImageOfPage\":{\"@id\":\"https:\\\/\\\/www.ecoindustry.co.ao\\\/produto\\\/drizoro-maxroad\\\/#primaryimage\"},\"image\":{\"@id\":\"https:\\\/\\\/www.ecoindustry.co.ao\\\/produto\\\/drizoro-maxroad\\\/#primaryimage\"},\"thumbnailUrl\":\"https:\\\/\\\/www.ecoindustry.co.ao\\\/wp-content\\\/uploads\\\/2024\\\/11\\\/drizoro-maxroad.jpg\",\"datePublished\":\"2024-10-31T10:12:37+00:00\",\"dateModified\":\"2025-09-09T15:42:28+00:00\",\"breadcrumb\":{\"@id\":\"https:\\\/\\\/www.ecoindustry.co.ao\\\/produto\\\/drizoro-maxroad\\\/#breadcrumb\"},\"inLanguage\":\"fr-FR\",\"potentialAction\":[{\"@type\":\"ReadAction\",\"target\":[\"https:\\\/\\\/www.ecoindustry.co.ao\\\/produto\\\/drizoro-maxroad\\\/\"]}]},{\"@type\":\"ImageObject\",\"inLanguage\":\"fr-FR\",\"@id\":\"https:\\\/\\\/www.ecoindustry.co.ao\\\/produto\\\/drizoro-maxroad\\\/#primaryimage\",\"url\":\"https:\\\/\\\/www.ecoindustry.co.ao\\\/wp-content\\\/uploads\\\/2024\\\/11\\\/drizoro-maxroad.jpg\",\"contentUrl\":\"https:\\\/\\\/www.ecoindustry.co.ao\\\/wp-content\\\/uploads\\\/2024\\\/11\\\/drizoro-maxroad.jpg\",\"width\":1080,\"height\":1080},{\"@type\":\"BreadcrumbList\",\"@id\":\"https:\\\/\\\/www.ecoindustry.co.ao\\\/produto\\\/drizoro-maxroad\\\/#breadcrumb\",\"itemListElement\":[{\"@type\":\"ListItem\",\"position\":1,\"name\":\"In\u00edcio\",\"item\":\"https:\\\/\\\/www.ecoindustry.co.ao\\\/\"},{\"@type\":\"ListItem\",\"position\":2,\"name\":\"Loja\",\"item\":\"https:\\\/\\\/www.ecoindustry.co.ao\\\/loja\\\/\"},{\"@type\":\"ListItem\",\"position\":3,\"name\":\"DRIZORO MAXROAD\"}]},{\"@type\":\"WebSite\",\"@id\":\"https:\\\/\\\/www.ecoindustry.co.ao\\\/#website\",\"url\":\"https:\\\/\\\/www.ecoindustry.co.ao\\\/\",\"name\":\"Ecoindustry\",\"description\":\"Produzimos e comercializamos o melhor, de \u00c1frica para o Mundo.\",\"publisher\":{\"@id\":\"https:\\\/\\\/www.ecoindustry.co.ao\\\/#organization\"},\"potentialAction\":[{\"@type\":\"SearchAction\",\"target\":{\"@type\":\"EntryPoint\",\"urlTemplate\":\"https:\\\/\\\/www.ecoindustry.co.ao\\\/?s={search_term_string}\"},\"query-input\":{\"@type\":\"PropertyValueSpecification\",\"valueRequired\":true,\"valueName\":\"search_term_string\"}}],\"inLanguage\":\"fr-FR\"},{\"@type\":\"Organization\",\"@id\":\"https:\\\/\\\/www.ecoindustry.co.ao\\\/#organization\",\"name\":\"ECOINDUSTRY\",\"url\":\"https:\\\/\\\/www.ecoindustry.co.ao\\\/\",\"logo\":{\"@type\":\"ImageObject\",\"inLanguage\":\"fr-FR\",\"@id\":\"https:\\\/\\\/www.ecoindustry.co.ao\\\/#\\\/schema\\\/logo\\\/image\\\/\",\"url\":\"https:\\\/\\\/www.ecoindustry.co.ao\\\/wp-content\\\/uploads\\\/2017\\\/04\\\/Logo_Ecoindustry.png\",\"contentUrl\":\"https:\\\/\\\/www.ecoindustry.co.ao\\\/wp-content\\\/uploads\\\/2017\\\/04\\\/Logo_Ecoindustry.png\",\"width\":584,\"height\":111,\"caption\":\"ECOINDUSTRY\"},\"image\":{\"@id\":\"https:\\\/\\\/www.ecoindustry.co.ao\\\/#\\\/schema\\\/logo\\\/image\\\/\"},\"sameAs\":[\"https:\\\/\\\/www.facebook.com\\\/ecoindustrylda\\\/\",\"https:\\\/\\\/www.linkedin.com\\\/company\\\/ecoindustry\\\/\"]}]}<\/script>\n<!-- \/ Yoast SEO plugin. -->","yoast_head_json":{"title":"DRIZORO MAXROAD - Ecoindustry","robots":{"index":"index","follow":"follow","max-snippet":"max-snippet:-1","max-image-preview":"max-image-preview:large","max-video-preview":"max-video-preview:-1"},"canonical":"https:\/\/www.ecoindustry.co.ao\/fr\/produit\/drizoro-maxroad\/","og_locale":"fr_FR","og_type":"article","og_title":"DRIZORO MAXROAD - Ecoindustry","og_description":"Argamassa de repara\u00e7\u00e3o estrutural de secagem ultra-r\u00e1pida, ideal para reparos em pavimentos de bet\u00e3o sujeitos a tr\u00e1fego intenso. Com elevada resist\u00eancia e durabilidade, \u00e9 indicada para interven\u00e7\u00f5es r\u00e1pidas em \u00e1reas industriais, urbanas e rodovi\u00e1rias. Formulada para suportar condi\u00e7\u00f5es exigentes, o MAXROAD permite um retorno r\u00e1pido ao servi\u00e7o, minimizando o tempo de inatividade e assegurando uma repara\u00e7\u00e3o duradoura. \u00c9 a solu\u00e7\u00e3o perfeita para quem procura efici\u00eancia e resist\u00eancia em reparos estruturais.","og_url":"https:\/\/www.ecoindustry.co.ao\/fr\/produit\/drizoro-maxroad\/","og_site_name":"Ecoindustry","article_publisher":"https:\/\/www.facebook.com\/ecoindustrylda\/","article_modified_time":"2025-09-09T15:42:28+00:00","og_image":[{"width":1080,"height":1080,"url":"https:\/\/www.ecoindustry.co.ao\/wp-content\/uploads\/2024\/11\/drizoro-maxroad.jpg","type":"image\/jpeg"}],"twitter_card":"summary_large_image","twitter_misc":{"Dur\u00e9e de lecture estim\u00e9e":"1 minute"},"schema":{"@context":"https:\/\/schema.org","@graph":[{"@type":"WebPage","@id":"https:\/\/www.ecoindustry.co.ao\/produto\/drizoro-maxroad\/","url":"https:\/\/www.ecoindustry.co.ao\/produto\/drizoro-maxroad\/","name":"DRIZORO MAXROAD - Ecoindustry","isPartOf":{"@id":"https:\/\/www.ecoindustry.co.ao\/#website"},"primaryImageOfPage":{"@id":"https:\/\/www.ecoindustry.co.ao\/produto\/drizoro-maxroad\/#primaryimage"},"image":{"@id":"https:\/\/www.ecoindustry.co.ao\/produto\/drizoro-maxroad\/#primaryimage"},"thumbnailUrl":"https:\/\/www.ecoindustry.co.ao\/wp-content\/uploads\/2024\/11\/drizoro-maxroad.jpg","datePublished":"2024-10-31T10:12:37+00:00","dateModified":"2025-09-09T15:42:28+00:00","breadcrumb":{"@id":"https:\/\/www.ecoindustry.co.ao\/produto\/drizoro-maxroad\/#breadcrumb"},"inLanguage":"fr-FR","potentialAction":[{"@type":"ReadAction","target":["https:\/\/www.ecoindustry.co.ao\/produto\/drizoro-maxroad\/"]}]},{"@type":"ImageObject","inLanguage":"fr-FR","@id":"https:\/\/www.ecoindustry.co.ao\/produto\/drizoro-maxroad\/#primaryimage","url":"https:\/\/www.ecoindustry.co.ao\/wp-content\/uploads\/2024\/11\/drizoro-maxroad.jpg","contentUrl":"https:\/\/www.ecoindustry.co.ao\/wp-content\/uploads\/2024\/11\/drizoro-maxroad.jpg","width":1080,"height":1080},{"@type":"BreadcrumbList","@id":"https:\/\/www.ecoindustry.co.ao\/produto\/drizoro-maxroad\/#breadcrumb","itemListElement":[{"@type":"ListItem","position":1,"name":"In\u00edcio","item":"https:\/\/www.ecoindustry.co.ao\/"},{"@type":"ListItem","position":2,"name":"Loja","item":"https:\/\/www.ecoindustry.co.ao\/loja\/"},{"@type":"ListItem","position":3,"name":"DRIZORO MAXROAD"}]},{"@type":"WebSite","@id":"https:\/\/www.ecoindustry.co.ao\/#website","url":"https:\/\/www.ecoindustry.co.ao\/","name":"\u00c9coindustrie","description":"Produzimos e comercializamos o melhor, de \u00c1frica para o Mundo.","publisher":{"@id":"https:\/\/www.ecoindustry.co.ao\/#organization"},"potentialAction":[{"@type":"SearchAction","target":{"@type":"EntryPoint","urlTemplate":"https:\/\/www.ecoindustry.co.ao\/?s={search_term_string}"},"query-input":{"@type":"PropertyValueSpecification","valueRequired":true,"valueName":"search_term_string"}}],"inLanguage":"fr-FR"},{"@type":"Organization","@id":"https:\/\/www.ecoindustry.co.ao\/#organization","name":"\u00c9COINDUSTRIE","url":"https:\/\/www.ecoindustry.co.ao\/","logo":{"@type":"ImageObject","inLanguage":"fr-FR","@id":"https:\/\/www.ecoindustry.co.ao\/#\/schema\/logo\/image\/","url":"https:\/\/www.ecoindustry.co.ao\/wp-content\/uploads\/2017\/04\/Logo_Ecoindustry.png","contentUrl":"https:\/\/www.ecoindustry.co.ao\/wp-content\/uploads\/2017\/04\/Logo_Ecoindustry.png","width":584,"height":111,"caption":"ECOINDUSTRY"},"image":{"@id":"https:\/\/www.ecoindustry.co.ao\/#\/schema\/logo\/image\/"},"sameAs":["https:\/\/www.facebook.com\/ecoindustrylda\/","https:\/\/www.linkedin.com\/company\/ecoindustry\/"]}]}},"_links":{"self":[{"href":"https:\/\/www.ecoindustry.co.ao\/fr\/wp-json\/wp\/v2\/product\/7369","targetHints":{"allow":["GET"]}}],"collection":[{"href":"https:\/\/www.ecoindustry.co.ao\/fr\/wp-json\/wp\/v2\/product"}],"about":[{"href":"https:\/\/www.ecoindustry.co.ao\/fr\/wp-json\/wp\/v2\/types\/product"}],"replies":[{"embeddable":true,"href":"https:\/\/www.ecoindustry.co.ao\/fr\/wp-json\/wp\/v2\/comments?post=7369"}],"wp:featuredmedia":[{"embeddable":true,"href":"https:\/\/www.ecoindustry.co.ao\/fr\/wp-json\/wp\/v2\/media\/7383"}],"wp:attachment":[{"href":"https:\/\/www.ecoindustry.co.ao\/fr\/wp-json\/wp\/v2\/media?parent=7369"}],"wp:term":[{"taxonomy":"product_brand","embeddable":true,"href":"https:\/\/www.ecoindustry.co.ao\/fr\/wp-json\/wp\/v2\/product_brand?post=7369"},{"taxonomy":"product_cat","embeddable":true,"href":"https:\/\/www.ecoindustry.co.ao\/fr\/wp-json\/wp\/v2\/product_cat?post=7369"},{"taxonomy":"product_tag","embeddable":true,"href":"https:\/\/www.ecoindustry.co.ao\/fr\/wp-json\/wp\/v2\/product_tag?post=7369"}],"curies":[{"name":"wp","href":"https:\/\/api.w.org\/{rel}","templated":true}]}}