{"id":7368,"date":"2024-10-31T10:12:37","date_gmt":"2024-10-31T10:12:37","guid":{"rendered":"https:\/\/www.ecoindustry.co.ao\/?post_type=product&#038;p=7368"},"modified":"2025-09-10T08:58:49","modified_gmt":"2025-09-10T08:58:49","slug":"drizoro-maxlevel-30","status":"publish","type":"product","link":"https:\/\/www.ecoindustry.co.ao\/fr\/produit\/drizoro-maxlevel-30\/","title":{"rendered":"DRIZORO MAXLEVEL -30"},"content":{"rendered":"<p class=\"p1\"><strong><span style=\"color: #af2d2c\">Mortier autonivelant<\/span><\/strong> de haute qualit\u00e9, d\u00e9velopp\u00e9 pour <span style=\"color: #af2d2c\"><strong>nivellement des sols<\/strong><\/span> rapidement et efficacement, aussi bien en int\u00e9rieur qu&#039;en ext\u00e9rieur. Avec un <span style=\"color: #af2d2c\"><strong>formule \u00e0 s\u00e9chage rapide et haute r\u00e9sistance<\/strong><\/span>le <b>NIVEAU MAX 30<\/b> Il cr\u00e9e une surface uniforme, id\u00e9ale pour la pose de rev\u00eatements tels que la c\u00e9ramique, le bois, le vinyle et autres mat\u00e9riaux. Ce produit convient aussi bien \u00e0 la r\u00e9novation de sols existants qu&#039;au nivellement de supports neufs, garantissant une base stable et durable.<\/p>\n<p class=\"p1\">Facile \u00e0 appliquer, <b>NIVEAU MAX 30<\/b> fournit un <span style=\"color: #af2d2c\"><strong>excellente maniabilit\u00e9 et adh\u00e9rence<\/strong><\/span>ce qui permet d&#039;obtenir un fini lisse et durable. Ce produit est particuli\u00e8rement adapt\u00e9. <span style=\"color: #af2d2c\"><strong>formul\u00e9 pour r\u00e9sister \u00e0 un trafic intense<\/strong><\/span>Ce proc\u00e9d\u00e9 garantit l&#039;int\u00e9grit\u00e9 et la durabilit\u00e9 des sols trait\u00e9s. Il constitue la solution id\u00e9ale pour les professionnels recherchant rapidit\u00e9 et efficacit\u00e9 dans la pr\u00e9paration des surfaces avant l&#039;application des rev\u00eatements de finition.<\/p>\n<p class=\"p1\"><b>Caract\u00e9ristiques:<\/b><\/p>\n<p class=\"p3\">\u2022 Mortier autonivelant pour usage int\u00e9rieur et ext\u00e9rieur ;<\/p>\n<p class=\"p3\">\u2022 S\u00e9chage rapide et haute r\u00e9sistance ;<\/p>\n<p class=\"p3\">\u2022 Id\u00e9al pour cr\u00e9er des surfaces lisses et uniformes ;<\/p>\n<p class=\"p3\">\u2022 Compatible avec diff\u00e9rents types de rev\u00eatements ;<\/p>\n<p class=\"p3\">\u2022 Convient pour la r\u00e9novation et le nivellement de sols neufs.<\/p>","protected":false},"excerpt":{"rendered":"<p class=\"p1\"><span style=\"color: #af2d2c\"><strong>Mortier autonivelant \u00e0 haute r\u00e9sistance<\/strong><\/span>id\u00e9al pour <span style=\"color: #af2d2c\"><strong>Nivellement des sols dans les espaces int\u00e9rieurs et ext\u00e9rieurs.<\/strong><\/span>Gr\u00e2ce \u00e0 son s\u00e9chage rapide et \u00e0 sa facilit\u00e9 d&#039;application, il est id\u00e9al pour cr\u00e9er des surfaces lisses et uniformes avant l&#039;application des rev\u00eatements.<\/p>\n<p class=\"p1\">LE <b>NIVEAU MAX 30<\/b> permet un <span style=\"color: #af2d2c\"><strong>application rapide<\/strong><\/span>Il est id\u00e9al pour les projets de r\u00e9novation et de construction n\u00e9cessitant une base stable et plane. Il offre une finition durable et r\u00e9sistante, pr\u00eate \u00e0 recevoir tous types de rev\u00eatements.<\/p>","protected":false},"featured_media":7380,"comment_status":"closed","ping_status":"closed","template":"","meta":[],"product_brand":[],"product_cat":[272],"product_tag":[118,119,120],"class_list":{"0":"post-7368","1":"product","2":"type-product","3":"status-publish","4":"has-post-thumbnail","6":"product_cat-drizoro","7":"product_tag-autonivelante","8":"product_tag-nivelamento","9":"product_tag-pavimentos","11":"first","12":"instock","13":"shipping-taxable","14":"product-type-simple"},"yoast_head":"<!-- This site is optimized with the Yoast SEO plugin v27.3 - https:\/\/yoast.com\/product\/yoast-seo-wordpress\/ -->\n<title>DRIZORO MAXLEVEL -30 - Ecoindustry<\/title>\n<meta name=\"robots\" content=\"index, follow, max-snippet:-1, max-image-preview:large, max-video-preview:-1\" \/>\n<link rel=\"canonical\" href=\"https:\/\/www.ecoindustry.co.ao\/fr\/produit\/drizoro-maxlevel-30\/\" \/>\n<meta property=\"og:locale\" content=\"fr_FR\" \/>\n<meta property=\"og:type\" content=\"article\" \/>\n<meta property=\"og:title\" content=\"DRIZORO MAXLEVEL -30 - Ecoindustry\" \/>\n<meta property=\"og:description\" content=\"Argamassa autonivelante de elevada resist\u00eancia, ideal para nivelar pavimentos em interiores e exteriores. Com secagem r\u00e1pida e f\u00e1cil aplica\u00e7\u00e3o, \u00e9 indicada para criar superf\u00edcies lisas e uniformes antes da coloca\u00e7\u00e3o de revestimentos. O MAXLEVEL 30 permite uma aplica\u00e7\u00e3o r\u00e1pida, sendo perfeito para projetos de renova\u00e7\u00e3o e constru\u00e7\u00e3o que exijam uma base est\u00e1vel e nivelada. Proporciona um acabamento duradouro e resistente, pronto para receber todo o tipo de revestimentos.\" \/>\n<meta property=\"og:url\" content=\"https:\/\/www.ecoindustry.co.ao\/fr\/produit\/drizoro-maxlevel-30\/\" \/>\n<meta property=\"og:site_name\" content=\"Ecoindustry\" \/>\n<meta property=\"article:publisher\" content=\"https:\/\/www.facebook.com\/ecoindustrylda\/\" \/>\n<meta property=\"article:modified_time\" content=\"2025-09-10T08:58:49+00:00\" \/>\n<meta property=\"og:image\" content=\"https:\/\/www.ecoindustry.co.ao\/wp-content\/uploads\/2024\/11\/drizoro-maxlevel.jpg\" \/>\n\t<meta property=\"og:image:width\" content=\"1080\" \/>\n\t<meta property=\"og:image:height\" content=\"1080\" \/>\n\t<meta property=\"og:image:type\" content=\"image\/jpeg\" \/>\n<meta name=\"twitter:card\" content=\"summary_large_image\" \/>\n<meta name=\"twitter:label1\" content=\"Dur\u00e9e de lecture estim\u00e9e\" \/>\n\t<meta name=\"twitter:data1\" content=\"2 minutes\" \/>\n<script type=\"application\/ld+json\" class=\"yoast-schema-graph\">{\"@context\":\"https:\\\/\\\/schema.org\",\"@graph\":[{\"@type\":\"WebPage\",\"@id\":\"https:\\\/\\\/www.ecoindustry.co.ao\\\/produto\\\/drizoro-maxlevel-30\\\/\",\"url\":\"https:\\\/\\\/www.ecoindustry.co.ao\\\/produto\\\/drizoro-maxlevel-30\\\/\",\"name\":\"DRIZORO MAXLEVEL -30 - Ecoindustry\",\"isPartOf\":{\"@id\":\"https:\\\/\\\/www.ecoindustry.co.ao\\\/#website\"},\"primaryImageOfPage\":{\"@id\":\"https:\\\/\\\/www.ecoindustry.co.ao\\\/produto\\\/drizoro-maxlevel-30\\\/#primaryimage\"},\"image\":{\"@id\":\"https:\\\/\\\/www.ecoindustry.co.ao\\\/produto\\\/drizoro-maxlevel-30\\\/#primaryimage\"},\"thumbnailUrl\":\"https:\\\/\\\/www.ecoindustry.co.ao\\\/wp-content\\\/uploads\\\/2024\\\/11\\\/drizoro-maxlevel.jpg\",\"datePublished\":\"2024-10-31T10:12:37+00:00\",\"dateModified\":\"2025-09-10T08:58:49+00:00\",\"breadcrumb\":{\"@id\":\"https:\\\/\\\/www.ecoindustry.co.ao\\\/produto\\\/drizoro-maxlevel-30\\\/#breadcrumb\"},\"inLanguage\":\"fr-FR\",\"potentialAction\":[{\"@type\":\"ReadAction\",\"target\":[\"https:\\\/\\\/www.ecoindustry.co.ao\\\/produto\\\/drizoro-maxlevel-30\\\/\"]}]},{\"@type\":\"ImageObject\",\"inLanguage\":\"fr-FR\",\"@id\":\"https:\\\/\\\/www.ecoindustry.co.ao\\\/produto\\\/drizoro-maxlevel-30\\\/#primaryimage\",\"url\":\"https:\\\/\\\/www.ecoindustry.co.ao\\\/wp-content\\\/uploads\\\/2024\\\/11\\\/drizoro-maxlevel.jpg\",\"contentUrl\":\"https:\\\/\\\/www.ecoindustry.co.ao\\\/wp-content\\\/uploads\\\/2024\\\/11\\\/drizoro-maxlevel.jpg\",\"width\":1080,\"height\":1080},{\"@type\":\"BreadcrumbList\",\"@id\":\"https:\\\/\\\/www.ecoindustry.co.ao\\\/produto\\\/drizoro-maxlevel-30\\\/#breadcrumb\",\"itemListElement\":[{\"@type\":\"ListItem\",\"position\":1,\"name\":\"In\u00edcio\",\"item\":\"https:\\\/\\\/www.ecoindustry.co.ao\\\/\"},{\"@type\":\"ListItem\",\"position\":2,\"name\":\"Loja\",\"item\":\"https:\\\/\\\/www.ecoindustry.co.ao\\\/loja\\\/\"},{\"@type\":\"ListItem\",\"position\":3,\"name\":\"DRIZORO MAXLEVEL -30\"}]},{\"@type\":\"WebSite\",\"@id\":\"https:\\\/\\\/www.ecoindustry.co.ao\\\/#website\",\"url\":\"https:\\\/\\\/www.ecoindustry.co.ao\\\/\",\"name\":\"Ecoindustry\",\"description\":\"Produzimos e comercializamos o melhor, de \u00c1frica para o Mundo.\",\"publisher\":{\"@id\":\"https:\\\/\\\/www.ecoindustry.co.ao\\\/#organization\"},\"potentialAction\":[{\"@type\":\"SearchAction\",\"target\":{\"@type\":\"EntryPoint\",\"urlTemplate\":\"https:\\\/\\\/www.ecoindustry.co.ao\\\/?s={search_term_string}\"},\"query-input\":{\"@type\":\"PropertyValueSpecification\",\"valueRequired\":true,\"valueName\":\"search_term_string\"}}],\"inLanguage\":\"fr-FR\"},{\"@type\":\"Organization\",\"@id\":\"https:\\\/\\\/www.ecoindustry.co.ao\\\/#organization\",\"name\":\"ECOINDUSTRY\",\"url\":\"https:\\\/\\\/www.ecoindustry.co.ao\\\/\",\"logo\":{\"@type\":\"ImageObject\",\"inLanguage\":\"fr-FR\",\"@id\":\"https:\\\/\\\/www.ecoindustry.co.ao\\\/#\\\/schema\\\/logo\\\/image\\\/\",\"url\":\"https:\\\/\\\/www.ecoindustry.co.ao\\\/wp-content\\\/uploads\\\/2017\\\/04\\\/Logo_Ecoindustry.png\",\"contentUrl\":\"https:\\\/\\\/www.ecoindustry.co.ao\\\/wp-content\\\/uploads\\\/2017\\\/04\\\/Logo_Ecoindustry.png\",\"width\":584,\"height\":111,\"caption\":\"ECOINDUSTRY\"},\"image\":{\"@id\":\"https:\\\/\\\/www.ecoindustry.co.ao\\\/#\\\/schema\\\/logo\\\/image\\\/\"},\"sameAs\":[\"https:\\\/\\\/www.facebook.com\\\/ecoindustrylda\\\/\",\"https:\\\/\\\/www.linkedin.com\\\/company\\\/ecoindustry\\\/\"]}]}<\/script>\n<!-- \/ Yoast SEO plugin. -->","yoast_head_json":{"title":"DRIZORO MAXLEVEL -30 - Ecoindustry","robots":{"index":"index","follow":"follow","max-snippet":"max-snippet:-1","max-image-preview":"max-image-preview:large","max-video-preview":"max-video-preview:-1"},"canonical":"https:\/\/www.ecoindustry.co.ao\/fr\/produit\/drizoro-maxlevel-30\/","og_locale":"fr_FR","og_type":"article","og_title":"DRIZORO MAXLEVEL -30 - Ecoindustry","og_description":"Argamassa autonivelante de elevada resist\u00eancia, ideal para nivelar pavimentos em interiores e exteriores. Com secagem r\u00e1pida e f\u00e1cil aplica\u00e7\u00e3o, \u00e9 indicada para criar superf\u00edcies lisas e uniformes antes da coloca\u00e7\u00e3o de revestimentos. O MAXLEVEL 30 permite uma aplica\u00e7\u00e3o r\u00e1pida, sendo perfeito para projetos de renova\u00e7\u00e3o e constru\u00e7\u00e3o que exijam uma base est\u00e1vel e nivelada. Proporciona um acabamento duradouro e resistente, pronto para receber todo o tipo de revestimentos.","og_url":"https:\/\/www.ecoindustry.co.ao\/fr\/produit\/drizoro-maxlevel-30\/","og_site_name":"Ecoindustry","article_publisher":"https:\/\/www.facebook.com\/ecoindustrylda\/","article_modified_time":"2025-09-10T08:58:49+00:00","og_image":[{"width":1080,"height":1080,"url":"https:\/\/www.ecoindustry.co.ao\/wp-content\/uploads\/2024\/11\/drizoro-maxlevel.jpg","type":"image\/jpeg"}],"twitter_card":"summary_large_image","twitter_misc":{"Dur\u00e9e de lecture estim\u00e9e":"2 minutes"},"schema":{"@context":"https:\/\/schema.org","@graph":[{"@type":"WebPage","@id":"https:\/\/www.ecoindustry.co.ao\/produto\/drizoro-maxlevel-30\/","url":"https:\/\/www.ecoindustry.co.ao\/produto\/drizoro-maxlevel-30\/","name":"DRIZORO MAXLEVEL -30 - Ecoindustry","isPartOf":{"@id":"https:\/\/www.ecoindustry.co.ao\/#website"},"primaryImageOfPage":{"@id":"https:\/\/www.ecoindustry.co.ao\/produto\/drizoro-maxlevel-30\/#primaryimage"},"image":{"@id":"https:\/\/www.ecoindustry.co.ao\/produto\/drizoro-maxlevel-30\/#primaryimage"},"thumbnailUrl":"https:\/\/www.ecoindustry.co.ao\/wp-content\/uploads\/2024\/11\/drizoro-maxlevel.jpg","datePublished":"2024-10-31T10:12:37+00:00","dateModified":"2025-09-10T08:58:49+00:00","breadcrumb":{"@id":"https:\/\/www.ecoindustry.co.ao\/produto\/drizoro-maxlevel-30\/#breadcrumb"},"inLanguage":"fr-FR","potentialAction":[{"@type":"ReadAction","target":["https:\/\/www.ecoindustry.co.ao\/produto\/drizoro-maxlevel-30\/"]}]},{"@type":"ImageObject","inLanguage":"fr-FR","@id":"https:\/\/www.ecoindustry.co.ao\/produto\/drizoro-maxlevel-30\/#primaryimage","url":"https:\/\/www.ecoindustry.co.ao\/wp-content\/uploads\/2024\/11\/drizoro-maxlevel.jpg","contentUrl":"https:\/\/www.ecoindustry.co.ao\/wp-content\/uploads\/2024\/11\/drizoro-maxlevel.jpg","width":1080,"height":1080},{"@type":"BreadcrumbList","@id":"https:\/\/www.ecoindustry.co.ao\/produto\/drizoro-maxlevel-30\/#breadcrumb","itemListElement":[{"@type":"ListItem","position":1,"name":"In\u00edcio","item":"https:\/\/www.ecoindustry.co.ao\/"},{"@type":"ListItem","position":2,"name":"Loja","item":"https:\/\/www.ecoindustry.co.ao\/loja\/"},{"@type":"ListItem","position":3,"name":"DRIZORO MAXLEVEL -30"}]},{"@type":"WebSite","@id":"https:\/\/www.ecoindustry.co.ao\/#website","url":"https:\/\/www.ecoindustry.co.ao\/","name":"\u00c9coindustrie","description":"Produzimos e comercializamos o melhor, de \u00c1frica para o Mundo.","publisher":{"@id":"https:\/\/www.ecoindustry.co.ao\/#organization"},"potentialAction":[{"@type":"SearchAction","target":{"@type":"EntryPoint","urlTemplate":"https:\/\/www.ecoindustry.co.ao\/?s={search_term_string}"},"query-input":{"@type":"PropertyValueSpecification","valueRequired":true,"valueName":"search_term_string"}}],"inLanguage":"fr-FR"},{"@type":"Organization","@id":"https:\/\/www.ecoindustry.co.ao\/#organization","name":"\u00c9COINDUSTRIE","url":"https:\/\/www.ecoindustry.co.ao\/","logo":{"@type":"ImageObject","inLanguage":"fr-FR","@id":"https:\/\/www.ecoindustry.co.ao\/#\/schema\/logo\/image\/","url":"https:\/\/www.ecoindustry.co.ao\/wp-content\/uploads\/2017\/04\/Logo_Ecoindustry.png","contentUrl":"https:\/\/www.ecoindustry.co.ao\/wp-content\/uploads\/2017\/04\/Logo_Ecoindustry.png","width":584,"height":111,"caption":"ECOINDUSTRY"},"image":{"@id":"https:\/\/www.ecoindustry.co.ao\/#\/schema\/logo\/image\/"},"sameAs":["https:\/\/www.facebook.com\/ecoindustrylda\/","https:\/\/www.linkedin.com\/company\/ecoindustry\/"]}]}},"_links":{"self":[{"href":"https:\/\/www.ecoindustry.co.ao\/fr\/wp-json\/wp\/v2\/product\/7368","targetHints":{"allow":["GET"]}}],"collection":[{"href":"https:\/\/www.ecoindustry.co.ao\/fr\/wp-json\/wp\/v2\/product"}],"about":[{"href":"https:\/\/www.ecoindustry.co.ao\/fr\/wp-json\/wp\/v2\/types\/product"}],"replies":[{"embeddable":true,"href":"https:\/\/www.ecoindustry.co.ao\/fr\/wp-json\/wp\/v2\/comments?post=7368"}],"wp:featuredmedia":[{"embeddable":true,"href":"https:\/\/www.ecoindustry.co.ao\/fr\/wp-json\/wp\/v2\/media\/7380"}],"wp:attachment":[{"href":"https:\/\/www.ecoindustry.co.ao\/fr\/wp-json\/wp\/v2\/media?parent=7368"}],"wp:term":[{"taxonomy":"product_brand","embeddable":true,"href":"https:\/\/www.ecoindustry.co.ao\/fr\/wp-json\/wp\/v2\/product_brand?post=7368"},{"taxonomy":"product_cat","embeddable":true,"href":"https:\/\/www.ecoindustry.co.ao\/fr\/wp-json\/wp\/v2\/product_cat?post=7368"},{"taxonomy":"product_tag","embeddable":true,"href":"https:\/\/www.ecoindustry.co.ao\/fr\/wp-json\/wp\/v2\/product_tag?post=7368"}],"curies":[{"name":"wp","href":"https:\/\/api.w.org\/{rel}","templated":true}]}}