{"id":7366,"date":"2024-10-31T10:12:37","date_gmt":"2024-10-31T10:12:37","guid":{"rendered":"https:\/\/www.ecoindustry.co.ao\/?post_type=product&#038;p=7366"},"modified":"2025-09-09T15:41:36","modified_gmt":"2025-09-09T15:41:36","slug":"drizoro-maxgrout","status":"publish","type":"product","link":"https:\/\/www.ecoindustry.co.ao\/fr\/produit\/drizoro-maxgrout\/","title":{"rendered":"DRIZORO MAXGROUT"},"content":{"rendered":"<p class=\"p1\"><span style=\"color: #af2d2c\"><strong>Mortier de remplissage fluide \u00e0 haute r\u00e9sistance<\/strong><\/span>, formul\u00e9 pour des applications dans <span style=\"color: #af2d2c\"><strong>Remplissage et ancrage dans les structures en b\u00e9ton et en ma\u00e7onnerie<\/strong><\/span>Sa composition lui conf\u00e8re une excellente fluidit\u00e9 et une capacit\u00e9 de remplissage id\u00e9ale pour la fixation de barres d&#039;acier, de machines, de colonnes et pour le renforcement structurel en environnements int\u00e9rieurs et ext\u00e9rieurs. <b>MAXGROUT<\/b> garanties <span style=\"color: #af2d2c\"><strong>Haute r\u00e9sistance m\u00e9canique et protection durable.<\/strong><\/span> pour se prot\u00e9ger contre les impacts et les conditions environnementales d\u00e9favorables.<\/p>\n<p class=\"p1\">Con\u00e7u pour les professionnels en qu\u00eate de qualit\u00e9 et de pr\u00e9cision, le <b>MAXGROUT<\/b> Il est facile \u00e0 m\u00e9langer et \u00e0 appliquer, ce qui permet... <span style=\"color: #af2d2c\"><strong>r\u00e9partition uniforme et s\u00e9chage rapide<\/strong><\/span>Sa polyvalence et sa durabilit\u00e9 en font une solution efficace pour une vari\u00e9t\u00e9 d&#039;applications, allant de...<span style=\"color: #af2d2c\"><strong>Combler les espaces jusqu&#039;\u00e0 la fixation des \u00e9l\u00e9ments m\u00e9talliques.<\/strong><\/span> en b\u00e9ton. Avec le <b>MAXGROUT<\/b>Les travaux de remblayage et de renforcement structurel sont r\u00e9alis\u00e9s de mani\u00e8re s\u00fbre et efficace.<\/p>\n<p class=\"p1\"><b>Caract\u00e9ristiques:<\/b><\/p>\n<p class=\"p3\">\u2022 Mortier fluide \u00e0 haute r\u00e9sistance pour le remplissage et l&#039;ancrage ;<\/p>\n<p class=\"p3\">\u2022 Excellente adh\u00e9rence et capacit\u00e9 de remplissage\u00a0;<\/p>\n<p class=\"p3\">\u2022 Id\u00e9al pour fixer les barres d&#039;acier, les machines et les renforts structurels ;<\/p>\n<p class=\"p3\">\u2022 R\u00e9sistant aux conditions difficiles et aux chocs ;<\/p>\n<p class=\"p3\">\u2022 Facile \u00e0 m\u00e9langer et \u00e0 appliquer.<\/p>","protected":false},"excerpt":{"rendered":"<p class=\"p1\"><span style=\"color: #af2d2c\"><strong>Mortier fluide \u00e0 haute r\u00e9sistance<\/strong><\/span>id\u00e9al pour <span style=\"color: #af2d2c\"><strong>Remplissage et ancrage des structures en b\u00e9ton et en ma\u00e7onnerie<\/strong><\/span>Gr\u00e2ce \u00e0 son excellente adh\u00e9rence et \u00e0 sa capacit\u00e9 de remplissage, il est id\u00e9al pour les travaux exigeant pr\u00e9cision et durabilit\u00e9.<\/p>\n<p class=\"p1\">Facile \u00e0 m\u00e9langer et \u00e0 appliquer. <b>MAXGROUT<\/b> offres <span style=\"color: #af2d2c\"><strong>Haute r\u00e9sistance m\u00e9canique et protection contre les agents ext\u00e9rieurs.<\/strong><\/span>ce qui en fait un choix fiable pour le remplissage des fissures, le renforcement structurel et la fixation d&#039;\u00e9l\u00e9ments m\u00e9talliques dans le b\u00e9ton.<\/p>","protected":false},"featured_media":7379,"comment_status":"closed","ping_status":"closed","template":"","meta":[],"product_brand":[],"product_cat":[272],"product_tag":[113,84,112],"class_list":{"0":"post-7366","1":"product","2":"type-product","3":"status-publish","4":"has-post-thumbnail","6":"product_cat-drizoro","7":"product_tag-ancoragem","8":"product_tag-betao","9":"product_tag-enchimento","11":"first","12":"instock","13":"shipping-taxable","14":"product-type-simple"},"yoast_head":"<!-- This site is optimized with the Yoast SEO plugin v27.3 - https:\/\/yoast.com\/product\/yoast-seo-wordpress\/ -->\n<title>DRIZORO MAXGROUT - Ecoindustry<\/title>\n<meta name=\"robots\" content=\"index, follow, max-snippet:-1, max-image-preview:large, max-video-preview:-1\" \/>\n<link rel=\"canonical\" href=\"https:\/\/www.ecoindustry.co.ao\/fr\/produit\/drizoro-maxgrout\/\" \/>\n<meta property=\"og:locale\" content=\"fr_FR\" \/>\n<meta property=\"og:type\" content=\"article\" \/>\n<meta property=\"og:title\" content=\"DRIZORO MAXGROUT - Ecoindustry\" \/>\n<meta property=\"og:description\" content=\"Argamassa fluida de alta resist\u00eancia, ideal para enchimento e ancoragem de estruturas de bet\u00e3o e alvenaria. Com excelente ader\u00eancia e capacidade de preenchimento, \u00e9 indicada para trabalhos que exigem precis\u00e3o e durabilidade. F\u00e1cil de misturar e aplicar, MAXGROUT oferece resist\u00eancia mec\u00e2nica elevada e prote\u00e7\u00e3o contra agentes externos, tornando-se uma escolha confi\u00e1vel para enchimento de fendas, refor\u00e7o estrutural e fixa\u00e7\u00e3o de elementos met\u00e1licos em bet\u00e3o.\" \/>\n<meta property=\"og:url\" content=\"https:\/\/www.ecoindustry.co.ao\/fr\/produit\/drizoro-maxgrout\/\" \/>\n<meta property=\"og:site_name\" content=\"Ecoindustry\" \/>\n<meta property=\"article:publisher\" content=\"https:\/\/www.facebook.com\/ecoindustrylda\/\" \/>\n<meta property=\"article:modified_time\" content=\"2025-09-09T15:41:36+00:00\" \/>\n<meta property=\"og:image\" content=\"https:\/\/www.ecoindustry.co.ao\/wp-content\/uploads\/2024\/11\/drizoro-maxgrout.jpg\" \/>\n\t<meta property=\"og:image:width\" content=\"1080\" \/>\n\t<meta property=\"og:image:height\" content=\"1080\" \/>\n\t<meta property=\"og:image:type\" content=\"image\/jpeg\" \/>\n<meta name=\"twitter:card\" content=\"summary_large_image\" \/>\n<meta name=\"twitter:label1\" content=\"Dur\u00e9e de lecture estim\u00e9e\" \/>\n\t<meta name=\"twitter:data1\" content=\"1 minute\" \/>\n<script type=\"application\/ld+json\" class=\"yoast-schema-graph\">{\"@context\":\"https:\\\/\\\/schema.org\",\"@graph\":[{\"@type\":\"WebPage\",\"@id\":\"https:\\\/\\\/www.ecoindustry.co.ao\\\/produto\\\/drizoro-maxgrout\\\/\",\"url\":\"https:\\\/\\\/www.ecoindustry.co.ao\\\/produto\\\/drizoro-maxgrout\\\/\",\"name\":\"DRIZORO MAXGROUT - Ecoindustry\",\"isPartOf\":{\"@id\":\"https:\\\/\\\/www.ecoindustry.co.ao\\\/#website\"},\"primaryImageOfPage\":{\"@id\":\"https:\\\/\\\/www.ecoindustry.co.ao\\\/produto\\\/drizoro-maxgrout\\\/#primaryimage\"},\"image\":{\"@id\":\"https:\\\/\\\/www.ecoindustry.co.ao\\\/produto\\\/drizoro-maxgrout\\\/#primaryimage\"},\"thumbnailUrl\":\"https:\\\/\\\/www.ecoindustry.co.ao\\\/wp-content\\\/uploads\\\/2024\\\/11\\\/drizoro-maxgrout.jpg\",\"datePublished\":\"2024-10-31T10:12:37+00:00\",\"dateModified\":\"2025-09-09T15:41:36+00:00\",\"breadcrumb\":{\"@id\":\"https:\\\/\\\/www.ecoindustry.co.ao\\\/produto\\\/drizoro-maxgrout\\\/#breadcrumb\"},\"inLanguage\":\"fr-FR\",\"potentialAction\":[{\"@type\":\"ReadAction\",\"target\":[\"https:\\\/\\\/www.ecoindustry.co.ao\\\/produto\\\/drizoro-maxgrout\\\/\"]}]},{\"@type\":\"ImageObject\",\"inLanguage\":\"fr-FR\",\"@id\":\"https:\\\/\\\/www.ecoindustry.co.ao\\\/produto\\\/drizoro-maxgrout\\\/#primaryimage\",\"url\":\"https:\\\/\\\/www.ecoindustry.co.ao\\\/wp-content\\\/uploads\\\/2024\\\/11\\\/drizoro-maxgrout.jpg\",\"contentUrl\":\"https:\\\/\\\/www.ecoindustry.co.ao\\\/wp-content\\\/uploads\\\/2024\\\/11\\\/drizoro-maxgrout.jpg\",\"width\":1080,\"height\":1080},{\"@type\":\"BreadcrumbList\",\"@id\":\"https:\\\/\\\/www.ecoindustry.co.ao\\\/produto\\\/drizoro-maxgrout\\\/#breadcrumb\",\"itemListElement\":[{\"@type\":\"ListItem\",\"position\":1,\"name\":\"In\u00edcio\",\"item\":\"https:\\\/\\\/www.ecoindustry.co.ao\\\/\"},{\"@type\":\"ListItem\",\"position\":2,\"name\":\"Loja\",\"item\":\"https:\\\/\\\/www.ecoindustry.co.ao\\\/loja\\\/\"},{\"@type\":\"ListItem\",\"position\":3,\"name\":\"DRIZORO MAXGROUT\"}]},{\"@type\":\"WebSite\",\"@id\":\"https:\\\/\\\/www.ecoindustry.co.ao\\\/#website\",\"url\":\"https:\\\/\\\/www.ecoindustry.co.ao\\\/\",\"name\":\"Ecoindustry\",\"description\":\"Produzimos e comercializamos o melhor, de \u00c1frica para o Mundo.\",\"publisher\":{\"@id\":\"https:\\\/\\\/www.ecoindustry.co.ao\\\/#organization\"},\"potentialAction\":[{\"@type\":\"SearchAction\",\"target\":{\"@type\":\"EntryPoint\",\"urlTemplate\":\"https:\\\/\\\/www.ecoindustry.co.ao\\\/?s={search_term_string}\"},\"query-input\":{\"@type\":\"PropertyValueSpecification\",\"valueRequired\":true,\"valueName\":\"search_term_string\"}}],\"inLanguage\":\"fr-FR\"},{\"@type\":\"Organization\",\"@id\":\"https:\\\/\\\/www.ecoindustry.co.ao\\\/#organization\",\"name\":\"ECOINDUSTRY\",\"url\":\"https:\\\/\\\/www.ecoindustry.co.ao\\\/\",\"logo\":{\"@type\":\"ImageObject\",\"inLanguage\":\"fr-FR\",\"@id\":\"https:\\\/\\\/www.ecoindustry.co.ao\\\/#\\\/schema\\\/logo\\\/image\\\/\",\"url\":\"https:\\\/\\\/www.ecoindustry.co.ao\\\/wp-content\\\/uploads\\\/2017\\\/04\\\/Logo_Ecoindustry.png\",\"contentUrl\":\"https:\\\/\\\/www.ecoindustry.co.ao\\\/wp-content\\\/uploads\\\/2017\\\/04\\\/Logo_Ecoindustry.png\",\"width\":584,\"height\":111,\"caption\":\"ECOINDUSTRY\"},\"image\":{\"@id\":\"https:\\\/\\\/www.ecoindustry.co.ao\\\/#\\\/schema\\\/logo\\\/image\\\/\"},\"sameAs\":[\"https:\\\/\\\/www.facebook.com\\\/ecoindustrylda\\\/\",\"https:\\\/\\\/www.linkedin.com\\\/company\\\/ecoindustry\\\/\"]}]}<\/script>\n<!-- \/ Yoast SEO plugin. -->","yoast_head_json":{"title":"DRIZORO MAXGROUT - Ecoindustry","robots":{"index":"index","follow":"follow","max-snippet":"max-snippet:-1","max-image-preview":"max-image-preview:large","max-video-preview":"max-video-preview:-1"},"canonical":"https:\/\/www.ecoindustry.co.ao\/fr\/produit\/drizoro-maxgrout\/","og_locale":"fr_FR","og_type":"article","og_title":"DRIZORO MAXGROUT - Ecoindustry","og_description":"Argamassa fluida de alta resist\u00eancia, ideal para enchimento e ancoragem de estruturas de bet\u00e3o e alvenaria. Com excelente ader\u00eancia e capacidade de preenchimento, \u00e9 indicada para trabalhos que exigem precis\u00e3o e durabilidade. F\u00e1cil de misturar e aplicar, MAXGROUT oferece resist\u00eancia mec\u00e2nica elevada e prote\u00e7\u00e3o contra agentes externos, tornando-se uma escolha confi\u00e1vel para enchimento de fendas, refor\u00e7o estrutural e fixa\u00e7\u00e3o de elementos met\u00e1licos em bet\u00e3o.","og_url":"https:\/\/www.ecoindustry.co.ao\/fr\/produit\/drizoro-maxgrout\/","og_site_name":"Ecoindustry","article_publisher":"https:\/\/www.facebook.com\/ecoindustrylda\/","article_modified_time":"2025-09-09T15:41:36+00:00","og_image":[{"width":1080,"height":1080,"url":"https:\/\/www.ecoindustry.co.ao\/wp-content\/uploads\/2024\/11\/drizoro-maxgrout.jpg","type":"image\/jpeg"}],"twitter_card":"summary_large_image","twitter_misc":{"Dur\u00e9e de lecture estim\u00e9e":"1 minute"},"schema":{"@context":"https:\/\/schema.org","@graph":[{"@type":"WebPage","@id":"https:\/\/www.ecoindustry.co.ao\/produto\/drizoro-maxgrout\/","url":"https:\/\/www.ecoindustry.co.ao\/produto\/drizoro-maxgrout\/","name":"DRIZORO MAXGROUT - Ecoindustry","isPartOf":{"@id":"https:\/\/www.ecoindustry.co.ao\/#website"},"primaryImageOfPage":{"@id":"https:\/\/www.ecoindustry.co.ao\/produto\/drizoro-maxgrout\/#primaryimage"},"image":{"@id":"https:\/\/www.ecoindustry.co.ao\/produto\/drizoro-maxgrout\/#primaryimage"},"thumbnailUrl":"https:\/\/www.ecoindustry.co.ao\/wp-content\/uploads\/2024\/11\/drizoro-maxgrout.jpg","datePublished":"2024-10-31T10:12:37+00:00","dateModified":"2025-09-09T15:41:36+00:00","breadcrumb":{"@id":"https:\/\/www.ecoindustry.co.ao\/produto\/drizoro-maxgrout\/#breadcrumb"},"inLanguage":"fr-FR","potentialAction":[{"@type":"ReadAction","target":["https:\/\/www.ecoindustry.co.ao\/produto\/drizoro-maxgrout\/"]}]},{"@type":"ImageObject","inLanguage":"fr-FR","@id":"https:\/\/www.ecoindustry.co.ao\/produto\/drizoro-maxgrout\/#primaryimage","url":"https:\/\/www.ecoindustry.co.ao\/wp-content\/uploads\/2024\/11\/drizoro-maxgrout.jpg","contentUrl":"https:\/\/www.ecoindustry.co.ao\/wp-content\/uploads\/2024\/11\/drizoro-maxgrout.jpg","width":1080,"height":1080},{"@type":"BreadcrumbList","@id":"https:\/\/www.ecoindustry.co.ao\/produto\/drizoro-maxgrout\/#breadcrumb","itemListElement":[{"@type":"ListItem","position":1,"name":"In\u00edcio","item":"https:\/\/www.ecoindustry.co.ao\/"},{"@type":"ListItem","position":2,"name":"Loja","item":"https:\/\/www.ecoindustry.co.ao\/loja\/"},{"@type":"ListItem","position":3,"name":"DRIZORO MAXGROUT"}]},{"@type":"WebSite","@id":"https:\/\/www.ecoindustry.co.ao\/#website","url":"https:\/\/www.ecoindustry.co.ao\/","name":"\u00c9coindustrie","description":"Produzimos e comercializamos o melhor, de \u00c1frica para o Mundo.","publisher":{"@id":"https:\/\/www.ecoindustry.co.ao\/#organization"},"potentialAction":[{"@type":"SearchAction","target":{"@type":"EntryPoint","urlTemplate":"https:\/\/www.ecoindustry.co.ao\/?s={search_term_string}"},"query-input":{"@type":"PropertyValueSpecification","valueRequired":true,"valueName":"search_term_string"}}],"inLanguage":"fr-FR"},{"@type":"Organization","@id":"https:\/\/www.ecoindustry.co.ao\/#organization","name":"\u00c9COINDUSTRIE","url":"https:\/\/www.ecoindustry.co.ao\/","logo":{"@type":"ImageObject","inLanguage":"fr-FR","@id":"https:\/\/www.ecoindustry.co.ao\/#\/schema\/logo\/image\/","url":"https:\/\/www.ecoindustry.co.ao\/wp-content\/uploads\/2017\/04\/Logo_Ecoindustry.png","contentUrl":"https:\/\/www.ecoindustry.co.ao\/wp-content\/uploads\/2017\/04\/Logo_Ecoindustry.png","width":584,"height":111,"caption":"ECOINDUSTRY"},"image":{"@id":"https:\/\/www.ecoindustry.co.ao\/#\/schema\/logo\/image\/"},"sameAs":["https:\/\/www.facebook.com\/ecoindustrylda\/","https:\/\/www.linkedin.com\/company\/ecoindustry\/"]}]}},"_links":{"self":[{"href":"https:\/\/www.ecoindustry.co.ao\/fr\/wp-json\/wp\/v2\/product\/7366","targetHints":{"allow":["GET"]}}],"collection":[{"href":"https:\/\/www.ecoindustry.co.ao\/fr\/wp-json\/wp\/v2\/product"}],"about":[{"href":"https:\/\/www.ecoindustry.co.ao\/fr\/wp-json\/wp\/v2\/types\/product"}],"replies":[{"embeddable":true,"href":"https:\/\/www.ecoindustry.co.ao\/fr\/wp-json\/wp\/v2\/comments?post=7366"}],"wp:featuredmedia":[{"embeddable":true,"href":"https:\/\/www.ecoindustry.co.ao\/fr\/wp-json\/wp\/v2\/media\/7379"}],"wp:attachment":[{"href":"https:\/\/www.ecoindustry.co.ao\/fr\/wp-json\/wp\/v2\/media?parent=7366"}],"wp:term":[{"taxonomy":"product_brand","embeddable":true,"href":"https:\/\/www.ecoindustry.co.ao\/fr\/wp-json\/wp\/v2\/product_brand?post=7366"},{"taxonomy":"product_cat","embeddable":true,"href":"https:\/\/www.ecoindustry.co.ao\/fr\/wp-json\/wp\/v2\/product_cat?post=7366"},{"taxonomy":"product_tag","embeddable":true,"href":"https:\/\/www.ecoindustry.co.ao\/fr\/wp-json\/wp\/v2\/product_tag?post=7366"}],"curies":[{"name":"wp","href":"https:\/\/api.w.org\/{rel}","templated":true}]}}