{"id":7363,"date":"2024-10-31T10:12:37","date_gmt":"2024-10-31T10:12:37","guid":{"rendered":"https:\/\/www.ecoindustry.co.ao\/?post_type=product&#038;p=7363"},"modified":"2025-09-01T07:17:21","modified_gmt":"2025-09-01T07:17:21","slug":"drizoro-maxrest","status":"publish","type":"product","link":"https:\/\/www.ecoindustry.co.ao\/fr\/produit\/drizoro-maxrest\/","title":{"rendered":"DRIZORO MAXREST"},"content":{"rendered":"<p class=\"p1\"><span style=\"color: #af2d2c\"><strong>Mortier de r\u00e9paration structurelle<\/strong><\/span> Produit de haute qualit\u00e9, sp\u00e9cialement formul\u00e9 pour restaurer et prot\u00e9ger les surfaces en b\u00e9ton pr\u00e9sentant des fissures, des d\u00e9fauts ou une usure. Sa composition offre <span style=\"color: #af2d2c\"><strong>excellente adh\u00e9rence et r\u00e9sistance<\/strong><\/span>, offrant une solution durable et efficace pour la r\u00e9paration des structures en b\u00e9ton, aussi bien en int\u00e9rieur qu&#039;en ext\u00e9rieur. <b>MAXREST<\/b> Il est facile \u00e0 appliquer et poss\u00e8de un <span style=\"color: #af2d2c\"><strong>s\u00e9chage rapide<\/strong><\/span>, permettant une r\u00e9cup\u00e9ration efficace et un renforcement fiable des zones trait\u00e9es.<\/p>\n<p class=\"p1\">Id\u00e9al pour une utilisation sur des colonnes, des poutres, des murs et autres surfaces en b\u00e9ton, le <b>MAXREST<\/b> garantit une <span style=\"color: #af2d2c\"><strong>protection contre les dommages et la d\u00e9gradation futurs<\/strong><\/span>. Sa formule avanc\u00e9e conf\u00e8re \u00e0 ce produit une grande r\u00e9sistance aux intemp\u00e9ries et aux conditions environnementales, favorisant ainsi une <span style=\"color: #af2d2c\"><strong>r\u00e9paration durable<\/strong><\/span> et en assurant l&#039;int\u00e9grit\u00e9 des structures. <b>MAXREST<\/b> C&#039;est la solution id\u00e9ale pour les professionnels recherchant efficacit\u00e9 et qualit\u00e9 dans les r\u00e9parations structurelles.<\/p>\n<p class=\"p1\"><b>Caract\u00e9ristiques:<\/b><\/p>\n<p class=\"p3\">\u2022 Mortier de r\u00e9paration structurelle \u00e0 haute r\u00e9sistance ;<\/p>\n<p class=\"p3\">\u2022 Excellente adh\u00e9rence et durabilit\u00e9 ;<\/p>\n<p class=\"p3\">\u2022 Convient pour la r\u00e9paration des surfaces en b\u00e9ton fissur\u00e9es et us\u00e9es ;<\/p>\n<p class=\"p3\">\u2022 Application facile et s\u00e9chage rapide ;<\/p>\n<p class=\"p3\">\u2022 Convient \u00e0 une utilisation en int\u00e9rieur et en ext\u00e9rieur.<\/p>","protected":false},"excerpt":{"rendered":"<p class=\"p1\"><span style=\"color: #af2d2c\"><strong>Mortier de r\u00e9paration structurelle<\/strong><\/span> Haute r\u00e9sistance, id\u00e9al pour la restauration des surfaces en b\u00e9ton endommag\u00e9es. D\u00e9velopp\u00e9 pour c<strong><span style=\"color: #af2d2c\">pour corriger les d\u00e9fauts, les fissures et l&#039;usure<\/span><\/strong>, <b>MAXREST<\/b> Elle garantit une r\u00e9paration durable gr\u00e2ce \u00e0 une excellente adh\u00e9rence et r\u00e9sistance.<\/p>\n<p class=\"p1\">Gr\u00e2ce \u00e0 son application facile et \u00e0 son s\u00e9chage rapide, le <b>MAXREST<\/b> C&#039;est le choix id\u00e9al pour ceux qui recherchent... <span style=\"color: #af2d2c\"><strong>restaurer et renforcer les \u00e9l\u00e9ments en b\u00e9ton<\/strong><\/span> Utilisable aussi bien en int\u00e9rieur qu&#039;en ext\u00e9rieur, c&#039;est la solution id\u00e9ale pour prot\u00e9ger les structures contre la d\u00e9t\u00e9rioration et prolonger leur dur\u00e9e de vie.<\/p>\n<p><a href=\"https:\/\/www.ecoindustry.co.ao\/wp-content\/uploads\/2021\/09\/00203-MAXREST-AO.pdf\" target=\"_blank\" rel=\"noopener\">Sp\u00e9cifications techniques<\/a><\/p>","protected":false},"featured_media":7381,"comment_status":"closed","ping_status":"closed","template":"","meta":[],"product_brand":[],"product_cat":[272],"product_tag":[97,81,84,106,77],"class_list":{"0":"post-7363","1":"product","2":"type-product","3":"status-publish","4":"has-post-thumbnail","6":"product_cat-drizoro","7":"product_tag-alvenaria","8":"product_tag-argamassa","9":"product_tag-betao","10":"product_tag-reparacao","11":"product_tag-revestimento","13":"first","14":"instock","15":"featured","16":"shipping-taxable","17":"product-type-simple"},"yoast_head":"<!-- This site is optimized with the Yoast SEO plugin v27.3 - https:\/\/yoast.com\/product\/yoast-seo-wordpress\/ -->\n<title>DRIZORO MAXREST - Ecoindustry<\/title>\n<meta name=\"robots\" content=\"index, follow, max-snippet:-1, max-image-preview:large, max-video-preview:-1\" \/>\n<link rel=\"canonical\" href=\"https:\/\/www.ecoindustry.co.ao\/fr\/produit\/drizoro-maxrest\/\" \/>\n<meta property=\"og:locale\" content=\"fr_FR\" \/>\n<meta property=\"og:type\" content=\"article\" \/>\n<meta property=\"og:title\" content=\"DRIZORO MAXREST - Ecoindustry\" \/>\n<meta property=\"og:description\" content=\"Argamassa de repara\u00e7\u00e3o estrutural de alta resist\u00eancia, ideal para restaurar superf\u00edcies de bet\u00e3o danificadas. Desenvolvido para corrigir defeitos, fissuras e desgastes, MAXREST garante uma repara\u00e7\u00e3o duradoura com excelente ader\u00eancia e resist\u00eancia. Com f\u00e1cil aplica\u00e7\u00e3o e secagem r\u00e1pida, o MAXREST \u00e9 a escolha perfeita para quem procura restaurar e refor\u00e7ar elementos de bet\u00e3o em ambientes internos e externos. \u00c9 a solu\u00e7\u00e3o ideal para proteger estruturas contra a deteriora\u00e7\u00e3o e prolongar sua vida \u00fatil. Ficha t\u00e9cnica\" \/>\n<meta property=\"og:url\" content=\"https:\/\/www.ecoindustry.co.ao\/fr\/produit\/drizoro-maxrest\/\" \/>\n<meta property=\"og:site_name\" content=\"Ecoindustry\" \/>\n<meta property=\"article:publisher\" content=\"https:\/\/www.facebook.com\/ecoindustrylda\/\" \/>\n<meta property=\"article:modified_time\" content=\"2025-09-01T07:17:21+00:00\" \/>\n<meta property=\"og:image\" content=\"https:\/\/www.ecoindustry.co.ao\/wp-content\/uploads\/2024\/11\/drizoro-maxrest.jpg\" \/>\n\t<meta property=\"og:image:width\" content=\"1080\" \/>\n\t<meta property=\"og:image:height\" content=\"1080\" \/>\n\t<meta property=\"og:image:type\" content=\"image\/jpeg\" \/>\n<meta name=\"twitter:card\" content=\"summary_large_image\" \/>\n<meta name=\"twitter:label1\" content=\"Dur\u00e9e de lecture estim\u00e9e\" \/>\n\t<meta name=\"twitter:data1\" content=\"1 minute\" \/>\n<script type=\"application\/ld+json\" class=\"yoast-schema-graph\">{\"@context\":\"https:\\\/\\\/schema.org\",\"@graph\":[{\"@type\":\"WebPage\",\"@id\":\"https:\\\/\\\/www.ecoindustry.co.ao\\\/produto\\\/drizoro-maxrest\\\/\",\"url\":\"https:\\\/\\\/www.ecoindustry.co.ao\\\/produto\\\/drizoro-maxrest\\\/\",\"name\":\"DRIZORO MAXREST - Ecoindustry\",\"isPartOf\":{\"@id\":\"https:\\\/\\\/www.ecoindustry.co.ao\\\/#website\"},\"primaryImageOfPage\":{\"@id\":\"https:\\\/\\\/www.ecoindustry.co.ao\\\/produto\\\/drizoro-maxrest\\\/#primaryimage\"},\"image\":{\"@id\":\"https:\\\/\\\/www.ecoindustry.co.ao\\\/produto\\\/drizoro-maxrest\\\/#primaryimage\"},\"thumbnailUrl\":\"https:\\\/\\\/www.ecoindustry.co.ao\\\/wp-content\\\/uploads\\\/2024\\\/11\\\/drizoro-maxrest.jpg\",\"datePublished\":\"2024-10-31T10:12:37+00:00\",\"dateModified\":\"2025-09-01T07:17:21+00:00\",\"breadcrumb\":{\"@id\":\"https:\\\/\\\/www.ecoindustry.co.ao\\\/produto\\\/drizoro-maxrest\\\/#breadcrumb\"},\"inLanguage\":\"fr-FR\",\"potentialAction\":[{\"@type\":\"ReadAction\",\"target\":[\"https:\\\/\\\/www.ecoindustry.co.ao\\\/produto\\\/drizoro-maxrest\\\/\"]}]},{\"@type\":\"ImageObject\",\"inLanguage\":\"fr-FR\",\"@id\":\"https:\\\/\\\/www.ecoindustry.co.ao\\\/produto\\\/drizoro-maxrest\\\/#primaryimage\",\"url\":\"https:\\\/\\\/www.ecoindustry.co.ao\\\/wp-content\\\/uploads\\\/2024\\\/11\\\/drizoro-maxrest.jpg\",\"contentUrl\":\"https:\\\/\\\/www.ecoindustry.co.ao\\\/wp-content\\\/uploads\\\/2024\\\/11\\\/drizoro-maxrest.jpg\",\"width\":1080,\"height\":1080},{\"@type\":\"BreadcrumbList\",\"@id\":\"https:\\\/\\\/www.ecoindustry.co.ao\\\/produto\\\/drizoro-maxrest\\\/#breadcrumb\",\"itemListElement\":[{\"@type\":\"ListItem\",\"position\":1,\"name\":\"In\u00edcio\",\"item\":\"https:\\\/\\\/www.ecoindustry.co.ao\\\/\"},{\"@type\":\"ListItem\",\"position\":2,\"name\":\"Loja\",\"item\":\"https:\\\/\\\/www.ecoindustry.co.ao\\\/loja\\\/\"},{\"@type\":\"ListItem\",\"position\":3,\"name\":\"DRIZORO MAXREST\"}]},{\"@type\":\"WebSite\",\"@id\":\"https:\\\/\\\/www.ecoindustry.co.ao\\\/#website\",\"url\":\"https:\\\/\\\/www.ecoindustry.co.ao\\\/\",\"name\":\"Ecoindustry\",\"description\":\"Produzimos e comercializamos o melhor, de \u00c1frica para o Mundo.\",\"publisher\":{\"@id\":\"https:\\\/\\\/www.ecoindustry.co.ao\\\/#organization\"},\"potentialAction\":[{\"@type\":\"SearchAction\",\"target\":{\"@type\":\"EntryPoint\",\"urlTemplate\":\"https:\\\/\\\/www.ecoindustry.co.ao\\\/?s={search_term_string}\"},\"query-input\":{\"@type\":\"PropertyValueSpecification\",\"valueRequired\":true,\"valueName\":\"search_term_string\"}}],\"inLanguage\":\"fr-FR\"},{\"@type\":\"Organization\",\"@id\":\"https:\\\/\\\/www.ecoindustry.co.ao\\\/#organization\",\"name\":\"ECOINDUSTRY\",\"url\":\"https:\\\/\\\/www.ecoindustry.co.ao\\\/\",\"logo\":{\"@type\":\"ImageObject\",\"inLanguage\":\"fr-FR\",\"@id\":\"https:\\\/\\\/www.ecoindustry.co.ao\\\/#\\\/schema\\\/logo\\\/image\\\/\",\"url\":\"https:\\\/\\\/www.ecoindustry.co.ao\\\/wp-content\\\/uploads\\\/2017\\\/04\\\/Logo_Ecoindustry.png\",\"contentUrl\":\"https:\\\/\\\/www.ecoindustry.co.ao\\\/wp-content\\\/uploads\\\/2017\\\/04\\\/Logo_Ecoindustry.png\",\"width\":584,\"height\":111,\"caption\":\"ECOINDUSTRY\"},\"image\":{\"@id\":\"https:\\\/\\\/www.ecoindustry.co.ao\\\/#\\\/schema\\\/logo\\\/image\\\/\"},\"sameAs\":[\"https:\\\/\\\/www.facebook.com\\\/ecoindustrylda\\\/\",\"https:\\\/\\\/www.linkedin.com\\\/company\\\/ecoindustry\\\/\"]}]}<\/script>\n<!-- \/ Yoast SEO plugin. -->","yoast_head_json":{"title":"DRIZORO MAXREST - Ecoindustry","robots":{"index":"index","follow":"follow","max-snippet":"max-snippet:-1","max-image-preview":"max-image-preview:large","max-video-preview":"max-video-preview:-1"},"canonical":"https:\/\/www.ecoindustry.co.ao\/fr\/produit\/drizoro-maxrest\/","og_locale":"fr_FR","og_type":"article","og_title":"DRIZORO MAXREST - Ecoindustry","og_description":"Argamassa de repara\u00e7\u00e3o estrutural de alta resist\u00eancia, ideal para restaurar superf\u00edcies de bet\u00e3o danificadas. Desenvolvido para corrigir defeitos, fissuras e desgastes, MAXREST garante uma repara\u00e7\u00e3o duradoura com excelente ader\u00eancia e resist\u00eancia. Com f\u00e1cil aplica\u00e7\u00e3o e secagem r\u00e1pida, o MAXREST \u00e9 a escolha perfeita para quem procura restaurar e refor\u00e7ar elementos de bet\u00e3o em ambientes internos e externos. \u00c9 a solu\u00e7\u00e3o ideal para proteger estruturas contra a deteriora\u00e7\u00e3o e prolongar sua vida \u00fatil. Ficha t\u00e9cnica","og_url":"https:\/\/www.ecoindustry.co.ao\/fr\/produit\/drizoro-maxrest\/","og_site_name":"Ecoindustry","article_publisher":"https:\/\/www.facebook.com\/ecoindustrylda\/","article_modified_time":"2025-09-01T07:17:21+00:00","og_image":[{"width":1080,"height":1080,"url":"https:\/\/www.ecoindustry.co.ao\/wp-content\/uploads\/2024\/11\/drizoro-maxrest.jpg","type":"image\/jpeg"}],"twitter_card":"summary_large_image","twitter_misc":{"Dur\u00e9e de lecture estim\u00e9e":"1 minute"},"schema":{"@context":"https:\/\/schema.org","@graph":[{"@type":"WebPage","@id":"https:\/\/www.ecoindustry.co.ao\/produto\/drizoro-maxrest\/","url":"https:\/\/www.ecoindustry.co.ao\/produto\/drizoro-maxrest\/","name":"DRIZORO MAXREST - Ecoindustry","isPartOf":{"@id":"https:\/\/www.ecoindustry.co.ao\/#website"},"primaryImageOfPage":{"@id":"https:\/\/www.ecoindustry.co.ao\/produto\/drizoro-maxrest\/#primaryimage"},"image":{"@id":"https:\/\/www.ecoindustry.co.ao\/produto\/drizoro-maxrest\/#primaryimage"},"thumbnailUrl":"https:\/\/www.ecoindustry.co.ao\/wp-content\/uploads\/2024\/11\/drizoro-maxrest.jpg","datePublished":"2024-10-31T10:12:37+00:00","dateModified":"2025-09-01T07:17:21+00:00","breadcrumb":{"@id":"https:\/\/www.ecoindustry.co.ao\/produto\/drizoro-maxrest\/#breadcrumb"},"inLanguage":"fr-FR","potentialAction":[{"@type":"ReadAction","target":["https:\/\/www.ecoindustry.co.ao\/produto\/drizoro-maxrest\/"]}]},{"@type":"ImageObject","inLanguage":"fr-FR","@id":"https:\/\/www.ecoindustry.co.ao\/produto\/drizoro-maxrest\/#primaryimage","url":"https:\/\/www.ecoindustry.co.ao\/wp-content\/uploads\/2024\/11\/drizoro-maxrest.jpg","contentUrl":"https:\/\/www.ecoindustry.co.ao\/wp-content\/uploads\/2024\/11\/drizoro-maxrest.jpg","width":1080,"height":1080},{"@type":"BreadcrumbList","@id":"https:\/\/www.ecoindustry.co.ao\/produto\/drizoro-maxrest\/#breadcrumb","itemListElement":[{"@type":"ListItem","position":1,"name":"In\u00edcio","item":"https:\/\/www.ecoindustry.co.ao\/"},{"@type":"ListItem","position":2,"name":"Loja","item":"https:\/\/www.ecoindustry.co.ao\/loja\/"},{"@type":"ListItem","position":3,"name":"DRIZORO MAXREST"}]},{"@type":"WebSite","@id":"https:\/\/www.ecoindustry.co.ao\/#website","url":"https:\/\/www.ecoindustry.co.ao\/","name":"\u00c9coindustrie","description":"Produzimos e comercializamos o melhor, de \u00c1frica para o Mundo.","publisher":{"@id":"https:\/\/www.ecoindustry.co.ao\/#organization"},"potentialAction":[{"@type":"SearchAction","target":{"@type":"EntryPoint","urlTemplate":"https:\/\/www.ecoindustry.co.ao\/?s={search_term_string}"},"query-input":{"@type":"PropertyValueSpecification","valueRequired":true,"valueName":"search_term_string"}}],"inLanguage":"fr-FR"},{"@type":"Organization","@id":"https:\/\/www.ecoindustry.co.ao\/#organization","name":"\u00c9COINDUSTRIE","url":"https:\/\/www.ecoindustry.co.ao\/","logo":{"@type":"ImageObject","inLanguage":"fr-FR","@id":"https:\/\/www.ecoindustry.co.ao\/#\/schema\/logo\/image\/","url":"https:\/\/www.ecoindustry.co.ao\/wp-content\/uploads\/2017\/04\/Logo_Ecoindustry.png","contentUrl":"https:\/\/www.ecoindustry.co.ao\/wp-content\/uploads\/2017\/04\/Logo_Ecoindustry.png","width":584,"height":111,"caption":"ECOINDUSTRY"},"image":{"@id":"https:\/\/www.ecoindustry.co.ao\/#\/schema\/logo\/image\/"},"sameAs":["https:\/\/www.facebook.com\/ecoindustrylda\/","https:\/\/www.linkedin.com\/company\/ecoindustry\/"]}]}},"_links":{"self":[{"href":"https:\/\/www.ecoindustry.co.ao\/fr\/wp-json\/wp\/v2\/product\/7363","targetHints":{"allow":["GET"]}}],"collection":[{"href":"https:\/\/www.ecoindustry.co.ao\/fr\/wp-json\/wp\/v2\/product"}],"about":[{"href":"https:\/\/www.ecoindustry.co.ao\/fr\/wp-json\/wp\/v2\/types\/product"}],"replies":[{"embeddable":true,"href":"https:\/\/www.ecoindustry.co.ao\/fr\/wp-json\/wp\/v2\/comments?post=7363"}],"wp:featuredmedia":[{"embeddable":true,"href":"https:\/\/www.ecoindustry.co.ao\/fr\/wp-json\/wp\/v2\/media\/7381"}],"wp:attachment":[{"href":"https:\/\/www.ecoindustry.co.ao\/fr\/wp-json\/wp\/v2\/media?parent=7363"}],"wp:term":[{"taxonomy":"product_brand","embeddable":true,"href":"https:\/\/www.ecoindustry.co.ao\/fr\/wp-json\/wp\/v2\/product_brand?post=7363"},{"taxonomy":"product_cat","embeddable":true,"href":"https:\/\/www.ecoindustry.co.ao\/fr\/wp-json\/wp\/v2\/product_cat?post=7363"},{"taxonomy":"product_tag","embeddable":true,"href":"https:\/\/www.ecoindustry.co.ao\/fr\/wp-json\/wp\/v2\/product_tag?post=7363"}],"curies":[{"name":"wp","href":"https:\/\/api.w.org\/{rel}","templated":true}]}}