{"id":7359,"date":"2024-10-31T10:12:36","date_gmt":"2024-10-31T10:12:36","guid":{"rendered":"https:\/\/www.ecoindustry.co.ao\/?post_type=product&#038;p=7359"},"modified":"2025-09-09T15:43:56","modified_gmt":"2025-09-09T15:43:56","slug":"drizoro-maxcryl","status":"publish","type":"product","link":"https:\/\/www.ecoindustry.co.ao\/fr\/produit\/drizoro-maxcryl\/","title":{"rendered":"DRIZORO MAXCRYL"},"content":{"rendered":"<p class=\"p1\"><span style=\"color: #af2d2c\"><strong>Rev\u00eatement d&#039;\u00e9tanch\u00e9it\u00e9 acrylique<\/strong><\/span>, convient pour prot\u00e9ger les surfaces expos\u00e9es du b\u00e9ton, de la ma\u00e7onnerie et d&#039;autres mat\u00e9riaux contre les infiltrations d&#039;eau et les dommages caus\u00e9s par les intemp\u00e9ries.<\/p>\n<p class=\"p1\">Sa formule flexible permet au produit de s&#039;adapter aux dilatations et aux mouvements de la structure, formant ainsi un <span style=\"color: #af2d2c\"><strong>film protecteur<\/strong><\/span> qui emp\u00eache l&#039;eau de p\u00e9n\u00e9trer et prot\u00e8ge contre les effets des rayons UV.<\/p>\n<p class=\"p1\">LE <b>MAXCRYL<\/b> Il est id\u00e9al pour les applications sur les toitures, les fa\u00e7ades, les terrasses et les zones expos\u00e9es, offrant un <span style=\"color: #af2d2c\"><strong>barri\u00e8re de protection durable<\/strong><\/span> et esth\u00e9tiquement agr\u00e9able.<\/p>\n<p class=\"p1\">Facile \u00e0 appliquer, <b>MAXCRYL<\/b> Elle offre une excellente adh\u00e9rence \u00e0 diverses surfaces, ce qui permet d&#039;obtenir <span style=\"color: #af2d2c\"><strong>finition uniforme<\/strong><\/span> qui allie protection et esth\u00e9tique.<\/p>\n<p class=\"p1\">En plus de son imperm\u00e9abilisation, le rev\u00eatement est <span style=\"color: #af2d2c\"><strong>r\u00e9sistant aux UV<\/strong><\/span>qui conserve sa couleur et sa qualit\u00e9 au fil du temps, ce qui en fait un choix fiable pour les projets r\u00e9sidentiels et commerciaux.<\/p>\n<p class=\"p1\"><b>Caract\u00e9ristiques:<\/b><\/p>\n<p class=\"p3\">\u2022 Rev\u00eatement acrylique imperm\u00e9abilisant pour les zones expos\u00e9es ;<\/p>\n<p class=\"p3\">\u2022 Flexible, s&#039;adapte aux mouvements de la structure ;<\/p>\n<p class=\"p3\">\u2022 Prot\u00e8ge contre les fuites, l&#039;humidit\u00e9 et les rayons UV ;<\/p>\n<p class=\"p3\">\u2022 Convient aux toitures, fa\u00e7ades et terrasses ;<\/p>\n<p class=\"p3\">\u2022 Application facile, pour un fini esth\u00e9tique et durable.<\/p>","protected":false},"excerpt":{"rendered":"<p class=\"p1\"><span style=\"color: #af2d2c\"><strong>Rev\u00eatement acrylique imperm\u00e9abilisant<\/strong><\/span> Id\u00e9al pour prot\u00e9ger et embellir les surfaces expos\u00e9es, telles que les toitures et les fa\u00e7ades.<\/p>\n<p class=\"p1\">Formul\u00e9 pour cr\u00e9er une barri\u00e8re contre l&#039;humidit\u00e9, il est parfait pour <span style=\"color: #af2d2c\"><strong>pr\u00e9venir les fuites<\/strong><\/span> et l&#039;usure due \u00e0 l&#039;exposition aux intemp\u00e9ries.<\/p>\n<p class=\"p1\">Avec une excellente adh\u00e9rence et une grande flexibilit\u00e9, <b>MAXCRYL<\/b> Il s&#039;adapte \u00e0 diff\u00e9rents types de surfaces, offrant une <span style=\"color: #af2d2c\"><strong>finition uniforme et durable<\/strong><\/span>C&#039;est la solution id\u00e9ale pour ceux qui recherchent un rev\u00eatement esth\u00e9tique et fonctionnel, r\u00e9sistant \u00e0 l&#039;eau et aux rayons UV.<\/p>","protected":false},"featured_media":7375,"comment_status":"closed","ping_status":"closed","template":"","meta":[],"product_brand":[],"product_cat":[272],"product_tag":[100,98,101,96,103,102],"class_list":{"0":"post-7359","1":"product","2":"type-product","3":"status-publish","4":"has-post-thumbnail","6":"product_cat-drizoro","7":"product_tag-acrilico","8":"product_tag-drizoro","9":"product_tag-flexivel","10":"product_tag-impermeabilizacao","11":"product_tag-maxcryl","12":"product_tag-uv","14":"first","15":"instock","16":"shipping-taxable","17":"product-type-simple"},"yoast_head":"<!-- This site is optimized with the Yoast SEO plugin v27.3 - https:\/\/yoast.com\/product\/yoast-seo-wordpress\/ -->\n<title>DRIZORO MAXCRYL - Ecoindustry<\/title>\n<meta name=\"robots\" content=\"index, follow, max-snippet:-1, max-image-preview:large, max-video-preview:-1\" \/>\n<link rel=\"canonical\" href=\"https:\/\/www.ecoindustry.co.ao\/fr\/produit\/drizoro-maxcryl\/\" \/>\n<meta property=\"og:locale\" content=\"fr_FR\" \/>\n<meta property=\"og:type\" content=\"article\" \/>\n<meta property=\"og:title\" content=\"DRIZORO MAXCRYL - Ecoindustry\" \/>\n<meta property=\"og:description\" content=\"Revestimento acr\u00edlico impermeabilizante ideal para proteger e embelezar superf\u00edcies expostas, como coberturas e fachadas. Formulado para criar uma barreira contra humidade, \u00e9 perfeito para prevenir infiltra\u00e7\u00f5es e desgastes causados pela exposi\u00e7\u00e3o \u00e0s intemp\u00e9ries. Com excelente ader\u00eancia e flexibilidade, MAXCRYL adapta-se a diversos tipos de superf\u00edcies, proporcionando um acabamento uniforme e duradouro. \u00c9 a solu\u00e7\u00e3o ideal para quem busca um revestimento est\u00e9tico e funcional, resistente \u00e0 \u00e1gua e aos raios UV.\" \/>\n<meta property=\"og:url\" content=\"https:\/\/www.ecoindustry.co.ao\/fr\/produit\/drizoro-maxcryl\/\" \/>\n<meta property=\"og:site_name\" content=\"Ecoindustry\" \/>\n<meta property=\"article:publisher\" content=\"https:\/\/www.facebook.com\/ecoindustrylda\/\" \/>\n<meta property=\"article:modified_time\" content=\"2025-09-09T15:43:56+00:00\" \/>\n<meta property=\"og:image\" content=\"https:\/\/www.ecoindustry.co.ao\/wp-content\/uploads\/2024\/10\/drizoro-maxcryl.jpg\" \/>\n\t<meta property=\"og:image:width\" content=\"1080\" \/>\n\t<meta property=\"og:image:height\" content=\"1080\" \/>\n\t<meta property=\"og:image:type\" content=\"image\/jpeg\" \/>\n<meta name=\"twitter:card\" content=\"summary_large_image\" \/>\n<meta name=\"twitter:label1\" content=\"Dur\u00e9e de lecture estim\u00e9e\" \/>\n\t<meta name=\"twitter:data1\" content=\"1 minute\" \/>\n<script type=\"application\/ld+json\" class=\"yoast-schema-graph\">{\"@context\":\"https:\\\/\\\/schema.org\",\"@graph\":[{\"@type\":\"WebPage\",\"@id\":\"https:\\\/\\\/www.ecoindustry.co.ao\\\/produto\\\/drizoro-maxcryl\\\/\",\"url\":\"https:\\\/\\\/www.ecoindustry.co.ao\\\/produto\\\/drizoro-maxcryl\\\/\",\"name\":\"DRIZORO MAXCRYL - Ecoindustry\",\"isPartOf\":{\"@id\":\"https:\\\/\\\/www.ecoindustry.co.ao\\\/#website\"},\"primaryImageOfPage\":{\"@id\":\"https:\\\/\\\/www.ecoindustry.co.ao\\\/produto\\\/drizoro-maxcryl\\\/#primaryimage\"},\"image\":{\"@id\":\"https:\\\/\\\/www.ecoindustry.co.ao\\\/produto\\\/drizoro-maxcryl\\\/#primaryimage\"},\"thumbnailUrl\":\"https:\\\/\\\/www.ecoindustry.co.ao\\\/wp-content\\\/uploads\\\/2024\\\/10\\\/drizoro-maxcryl.jpg\",\"datePublished\":\"2024-10-31T10:12:36+00:00\",\"dateModified\":\"2025-09-09T15:43:56+00:00\",\"breadcrumb\":{\"@id\":\"https:\\\/\\\/www.ecoindustry.co.ao\\\/produto\\\/drizoro-maxcryl\\\/#breadcrumb\"},\"inLanguage\":\"fr-FR\",\"potentialAction\":[{\"@type\":\"ReadAction\",\"target\":[\"https:\\\/\\\/www.ecoindustry.co.ao\\\/produto\\\/drizoro-maxcryl\\\/\"]}]},{\"@type\":\"ImageObject\",\"inLanguage\":\"fr-FR\",\"@id\":\"https:\\\/\\\/www.ecoindustry.co.ao\\\/produto\\\/drizoro-maxcryl\\\/#primaryimage\",\"url\":\"https:\\\/\\\/www.ecoindustry.co.ao\\\/wp-content\\\/uploads\\\/2024\\\/10\\\/drizoro-maxcryl.jpg\",\"contentUrl\":\"https:\\\/\\\/www.ecoindustry.co.ao\\\/wp-content\\\/uploads\\\/2024\\\/10\\\/drizoro-maxcryl.jpg\",\"width\":1080,\"height\":1080},{\"@type\":\"BreadcrumbList\",\"@id\":\"https:\\\/\\\/www.ecoindustry.co.ao\\\/produto\\\/drizoro-maxcryl\\\/#breadcrumb\",\"itemListElement\":[{\"@type\":\"ListItem\",\"position\":1,\"name\":\"In\u00edcio\",\"item\":\"https:\\\/\\\/www.ecoindustry.co.ao\\\/\"},{\"@type\":\"ListItem\",\"position\":2,\"name\":\"Loja\",\"item\":\"https:\\\/\\\/www.ecoindustry.co.ao\\\/loja\\\/\"},{\"@type\":\"ListItem\",\"position\":3,\"name\":\"DRIZORO MAXCRYL\"}]},{\"@type\":\"WebSite\",\"@id\":\"https:\\\/\\\/www.ecoindustry.co.ao\\\/#website\",\"url\":\"https:\\\/\\\/www.ecoindustry.co.ao\\\/\",\"name\":\"Ecoindustry\",\"description\":\"Produzimos e comercializamos o melhor, de \u00c1frica para o Mundo.\",\"publisher\":{\"@id\":\"https:\\\/\\\/www.ecoindustry.co.ao\\\/#organization\"},\"potentialAction\":[{\"@type\":\"SearchAction\",\"target\":{\"@type\":\"EntryPoint\",\"urlTemplate\":\"https:\\\/\\\/www.ecoindustry.co.ao\\\/?s={search_term_string}\"},\"query-input\":{\"@type\":\"PropertyValueSpecification\",\"valueRequired\":true,\"valueName\":\"search_term_string\"}}],\"inLanguage\":\"fr-FR\"},{\"@type\":\"Organization\",\"@id\":\"https:\\\/\\\/www.ecoindustry.co.ao\\\/#organization\",\"name\":\"ECOINDUSTRY\",\"url\":\"https:\\\/\\\/www.ecoindustry.co.ao\\\/\",\"logo\":{\"@type\":\"ImageObject\",\"inLanguage\":\"fr-FR\",\"@id\":\"https:\\\/\\\/www.ecoindustry.co.ao\\\/#\\\/schema\\\/logo\\\/image\\\/\",\"url\":\"https:\\\/\\\/www.ecoindustry.co.ao\\\/wp-content\\\/uploads\\\/2017\\\/04\\\/Logo_Ecoindustry.png\",\"contentUrl\":\"https:\\\/\\\/www.ecoindustry.co.ao\\\/wp-content\\\/uploads\\\/2017\\\/04\\\/Logo_Ecoindustry.png\",\"width\":584,\"height\":111,\"caption\":\"ECOINDUSTRY\"},\"image\":{\"@id\":\"https:\\\/\\\/www.ecoindustry.co.ao\\\/#\\\/schema\\\/logo\\\/image\\\/\"},\"sameAs\":[\"https:\\\/\\\/www.facebook.com\\\/ecoindustrylda\\\/\",\"https:\\\/\\\/www.linkedin.com\\\/company\\\/ecoindustry\\\/\"]}]}<\/script>\n<!-- \/ Yoast SEO plugin. -->","yoast_head_json":{"title":"DRIZORO MAXCRYL - Ecoindustry","robots":{"index":"index","follow":"follow","max-snippet":"max-snippet:-1","max-image-preview":"max-image-preview:large","max-video-preview":"max-video-preview:-1"},"canonical":"https:\/\/www.ecoindustry.co.ao\/fr\/produit\/drizoro-maxcryl\/","og_locale":"fr_FR","og_type":"article","og_title":"DRIZORO MAXCRYL - Ecoindustry","og_description":"Revestimento acr\u00edlico impermeabilizante ideal para proteger e embelezar superf\u00edcies expostas, como coberturas e fachadas. Formulado para criar uma barreira contra humidade, \u00e9 perfeito para prevenir infiltra\u00e7\u00f5es e desgastes causados pela exposi\u00e7\u00e3o \u00e0s intemp\u00e9ries. Com excelente ader\u00eancia e flexibilidade, MAXCRYL adapta-se a diversos tipos de superf\u00edcies, proporcionando um acabamento uniforme e duradouro. \u00c9 a solu\u00e7\u00e3o ideal para quem busca um revestimento est\u00e9tico e funcional, resistente \u00e0 \u00e1gua e aos raios UV.","og_url":"https:\/\/www.ecoindustry.co.ao\/fr\/produit\/drizoro-maxcryl\/","og_site_name":"Ecoindustry","article_publisher":"https:\/\/www.facebook.com\/ecoindustrylda\/","article_modified_time":"2025-09-09T15:43:56+00:00","og_image":[{"width":1080,"height":1080,"url":"https:\/\/www.ecoindustry.co.ao\/wp-content\/uploads\/2024\/10\/drizoro-maxcryl.jpg","type":"image\/jpeg"}],"twitter_card":"summary_large_image","twitter_misc":{"Dur\u00e9e de lecture estim\u00e9e":"1 minute"},"schema":{"@context":"https:\/\/schema.org","@graph":[{"@type":"WebPage","@id":"https:\/\/www.ecoindustry.co.ao\/produto\/drizoro-maxcryl\/","url":"https:\/\/www.ecoindustry.co.ao\/produto\/drizoro-maxcryl\/","name":"DRIZORO MAXCRYL - Ecoindustry","isPartOf":{"@id":"https:\/\/www.ecoindustry.co.ao\/#website"},"primaryImageOfPage":{"@id":"https:\/\/www.ecoindustry.co.ao\/produto\/drizoro-maxcryl\/#primaryimage"},"image":{"@id":"https:\/\/www.ecoindustry.co.ao\/produto\/drizoro-maxcryl\/#primaryimage"},"thumbnailUrl":"https:\/\/www.ecoindustry.co.ao\/wp-content\/uploads\/2024\/10\/drizoro-maxcryl.jpg","datePublished":"2024-10-31T10:12:36+00:00","dateModified":"2025-09-09T15:43:56+00:00","breadcrumb":{"@id":"https:\/\/www.ecoindustry.co.ao\/produto\/drizoro-maxcryl\/#breadcrumb"},"inLanguage":"fr-FR","potentialAction":[{"@type":"ReadAction","target":["https:\/\/www.ecoindustry.co.ao\/produto\/drizoro-maxcryl\/"]}]},{"@type":"ImageObject","inLanguage":"fr-FR","@id":"https:\/\/www.ecoindustry.co.ao\/produto\/drizoro-maxcryl\/#primaryimage","url":"https:\/\/www.ecoindustry.co.ao\/wp-content\/uploads\/2024\/10\/drizoro-maxcryl.jpg","contentUrl":"https:\/\/www.ecoindustry.co.ao\/wp-content\/uploads\/2024\/10\/drizoro-maxcryl.jpg","width":1080,"height":1080},{"@type":"BreadcrumbList","@id":"https:\/\/www.ecoindustry.co.ao\/produto\/drizoro-maxcryl\/#breadcrumb","itemListElement":[{"@type":"ListItem","position":1,"name":"In\u00edcio","item":"https:\/\/www.ecoindustry.co.ao\/"},{"@type":"ListItem","position":2,"name":"Loja","item":"https:\/\/www.ecoindustry.co.ao\/loja\/"},{"@type":"ListItem","position":3,"name":"DRIZORO MAXCRYL"}]},{"@type":"WebSite","@id":"https:\/\/www.ecoindustry.co.ao\/#website","url":"https:\/\/www.ecoindustry.co.ao\/","name":"\u00c9coindustrie","description":"Produzimos e comercializamos o melhor, de \u00c1frica para o Mundo.","publisher":{"@id":"https:\/\/www.ecoindustry.co.ao\/#organization"},"potentialAction":[{"@type":"SearchAction","target":{"@type":"EntryPoint","urlTemplate":"https:\/\/www.ecoindustry.co.ao\/?s={search_term_string}"},"query-input":{"@type":"PropertyValueSpecification","valueRequired":true,"valueName":"search_term_string"}}],"inLanguage":"fr-FR"},{"@type":"Organization","@id":"https:\/\/www.ecoindustry.co.ao\/#organization","name":"\u00c9COINDUSTRIE","url":"https:\/\/www.ecoindustry.co.ao\/","logo":{"@type":"ImageObject","inLanguage":"fr-FR","@id":"https:\/\/www.ecoindustry.co.ao\/#\/schema\/logo\/image\/","url":"https:\/\/www.ecoindustry.co.ao\/wp-content\/uploads\/2017\/04\/Logo_Ecoindustry.png","contentUrl":"https:\/\/www.ecoindustry.co.ao\/wp-content\/uploads\/2017\/04\/Logo_Ecoindustry.png","width":584,"height":111,"caption":"ECOINDUSTRY"},"image":{"@id":"https:\/\/www.ecoindustry.co.ao\/#\/schema\/logo\/image\/"},"sameAs":["https:\/\/www.facebook.com\/ecoindustrylda\/","https:\/\/www.linkedin.com\/company\/ecoindustry\/"]}]}},"_links":{"self":[{"href":"https:\/\/www.ecoindustry.co.ao\/fr\/wp-json\/wp\/v2\/product\/7359","targetHints":{"allow":["GET"]}}],"collection":[{"href":"https:\/\/www.ecoindustry.co.ao\/fr\/wp-json\/wp\/v2\/product"}],"about":[{"href":"https:\/\/www.ecoindustry.co.ao\/fr\/wp-json\/wp\/v2\/types\/product"}],"replies":[{"embeddable":true,"href":"https:\/\/www.ecoindustry.co.ao\/fr\/wp-json\/wp\/v2\/comments?post=7359"}],"wp:featuredmedia":[{"embeddable":true,"href":"https:\/\/www.ecoindustry.co.ao\/fr\/wp-json\/wp\/v2\/media\/7375"}],"wp:attachment":[{"href":"https:\/\/www.ecoindustry.co.ao\/fr\/wp-json\/wp\/v2\/media?parent=7359"}],"wp:term":[{"taxonomy":"product_brand","embeddable":true,"href":"https:\/\/www.ecoindustry.co.ao\/fr\/wp-json\/wp\/v2\/product_brand?post=7359"},{"taxonomy":"product_cat","embeddable":true,"href":"https:\/\/www.ecoindustry.co.ao\/fr\/wp-json\/wp\/v2\/product_cat?post=7359"},{"taxonomy":"product_tag","embeddable":true,"href":"https:\/\/www.ecoindustry.co.ao\/fr\/wp-json\/wp\/v2\/product_tag?post=7359"}],"curies":[{"name":"wp","href":"https:\/\/api.w.org\/{rel}","templated":true}]}}