{"id":7356,"date":"2024-10-31T10:05:56","date_gmt":"2024-10-31T10:05:56","guid":{"rendered":"https:\/\/www.ecoindustry.co.ao\/?post_type=product&#038;p=7356"},"modified":"2025-09-09T15:44:20","modified_gmt":"2025-09-09T15:44:20","slug":"drizoro-maxseal","status":"publish","type":"product","link":"https:\/\/www.ecoindustry.co.ao\/fr\/produit\/drizoro-maxseal\/","title":{"rendered":"DRIZORO MAXSEAL"},"content":{"rendered":"<p class=\"p1\"><span style=\"color: #af2d2c\"><strong>Rev\u00eatement d&#039;\u00e9tanch\u00e9it\u00e9<\/strong><\/span> \u00e0 base de ciment, con\u00e7u pour <span style=\"color: #af2d2c\"><strong>Pour prot\u00e9ger les surfaces en b\u00e9ton et en ma\u00e7onnerie contre les infiltrations d&#039;eau.<\/strong><\/span>.<\/p>\n<p class=\"p1\">Lorsqu&#039;il est appliqu\u00e9, le produit cr\u00e9e un <span style=\"color: #af2d2c\"><strong>barri\u00e8re protectrice durable<\/strong><\/span> qui r\u00e9siste \u00e0 la pression de l&#039;eau, ce qui le rend id\u00e9al pour les zones n\u00e9cessitant un haut niveau d&#039;\u00e9tanch\u00e9it\u00e9, telles que <span style=\"color: #af2d2c\"><strong>fondations, piscines, r\u00e9servoirs et citernes<\/strong><\/span>.<\/p>\n<p class=\"p1\"><b>MAXSEAL<\/b> Il convient \u00e0 une utilisation sur les surfaces int\u00e9rieures et ext\u00e9rieures, assurant une protection contre l&#039;humidit\u00e9 et prolongeant la dur\u00e9e de vie des structures.<\/p>\n<p class=\"p1\">Avec une formule sp\u00e9cialement \u00e9labor\u00e9e <span style=\"color: #af2d2c\"><strong>d\u00e9velopp\u00e9 pour p\u00e9n\u00e9trer et sceller<\/strong><\/span>le <b>MAXSEAL<\/b> Il est facile \u00e0 appliquer et offre une bonne adh\u00e9rence aux surfaces, assurant une protection durable.<\/p>\n<p class=\"p1\">Elle convient \u00e0 une grande vari\u00e9t\u00e9 d&#039;environnements, des projets r\u00e9sidentiels aux projets commerciaux et industriels, offrant une solution d&#039;\u00e9tanch\u00e9it\u00e9 fiable et de haute qualit\u00e9.<\/p>\n<p class=\"p1\"><b>Caract\u00e9ristiques:<\/b><\/p>\n<p class=\"p3\">\u2022 Rev\u00eatement d&#039;\u00e9tanch\u00e9it\u00e9 pour b\u00e9ton et ma\u00e7onnerie ;<\/p>\n<p class=\"p3\">\u2022 R\u00e9siste \u00e0 la pression de l&#039;eau \u00e0 l&#039;int\u00e9rieur comme \u00e0 l&#039;ext\u00e9rieur ;<\/p>\n<p class=\"p3\">\u2022 Application facile avec une forte adh\u00e9rence ;<\/p>\n<p class=\"p3\">\u2022 Id\u00e9al pour les fondations, les piscines, les r\u00e9servoirs et les cuves ;<\/p>\n<p class=\"p3\">\u2022 Protection longue dur\u00e9e contre les fuites.<\/p>","protected":false},"excerpt":{"rendered":"<p class=\"p1\"><span style=\"color: #af2d2c\"><strong>\u00c9tanch\u00e9it\u00e9 haute performance<\/strong><\/span> Pour la protection des surfaces en b\u00e9ton et en ma\u00e7onnerie, formant une barri\u00e8re efficace contre l&#039;eau.<\/p>\n<p class=\"p1\">Id\u00e9al pour <span style=\"color: #af2d2c\"><strong>pr\u00e9venir les fuites<\/strong><\/span> dans les zones soumises \u00e0 l&#039;humidit\u00e9, telles que les fondations, les piscines, les r\u00e9servoirs et les murs.<\/p>\n<p class=\"p1\">Ce produit offre une application facile et durable, assurant une <span style=\"color: #af2d2c\"><strong>protection longue dur\u00e9e<\/strong><\/span>.<\/p>\n<p class=\"p1\"><b>MAXSEAL<\/b> C&#039;est le choix id\u00e9al pour ceux qui recherchent une r\u00e9sistance \u00e0 l&#039;eau et une plus grande durabilit\u00e9 de surface, m\u00eame dans des environnements expos\u00e9s directement \u00e0 l&#039;humidit\u00e9.<\/p>","protected":false},"featured_media":7357,"comment_status":"closed","ping_status":"closed","template":"","meta":[],"product_brand":[],"product_cat":[272],"product_tag":[97,84,98,96,99],"class_list":{"0":"post-7356","1":"product","2":"type-product","3":"status-publish","4":"has-post-thumbnail","6":"product_cat-drizoro","7":"product_tag-alvenaria","8":"product_tag-betao","9":"product_tag-drizoro","10":"product_tag-impermeabilizacao","11":"product_tag-maxseal","13":"first","14":"instock","15":"shipping-taxable","16":"product-type-simple"},"yoast_head":"<!-- This site is optimized with the Yoast SEO plugin v27.3 - https:\/\/yoast.com\/product\/yoast-seo-wordpress\/ -->\n<title>DRIZORO MAXSEAL - Ecoindustry<\/title>\n<meta name=\"robots\" content=\"index, follow, max-snippet:-1, max-image-preview:large, max-video-preview:-1\" \/>\n<link rel=\"canonical\" href=\"https:\/\/www.ecoindustry.co.ao\/fr\/produit\/drizoro-maxseal\/\" \/>\n<meta property=\"og:locale\" content=\"fr_FR\" \/>\n<meta property=\"og:type\" content=\"article\" \/>\n<meta property=\"og:title\" content=\"DRIZORO MAXSEAL - Ecoindustry\" \/>\n<meta property=\"og:description\" content=\"Impermeabilizante de alta performance para prote\u00e7\u00e3o de superf\u00edcies de bet\u00e3o e alvenaria, formando uma barreira eficaz contra a \u00e1gua. Ideal para prevenir infiltra\u00e7\u00f5es em \u00e1reas sujeitas a humidade, como funda\u00e7\u00f5es, piscinas, tanques e paredes. Este produto oferece uma aplica\u00e7\u00e3o f\u00e1cil e dur\u00e1vel, garantindo uma prote\u00e7\u00e3o de longa dura\u00e7\u00e3o. MAXSEAL \u00e9 a escolha ideal para quem busca resist\u00eancia \u00e0 \u00e1gua e maior durabilidade das superf\u00edcies, mesmo em ambientes com exposi\u00e7\u00e3o direta \u00e0 humidade.\" \/>\n<meta property=\"og:url\" content=\"https:\/\/www.ecoindustry.co.ao\/fr\/produit\/drizoro-maxseal\/\" \/>\n<meta property=\"og:site_name\" content=\"Ecoindustry\" \/>\n<meta property=\"article:publisher\" content=\"https:\/\/www.facebook.com\/ecoindustrylda\/\" \/>\n<meta property=\"article:modified_time\" content=\"2025-09-09T15:44:20+00:00\" \/>\n<meta property=\"og:image\" content=\"https:\/\/www.ecoindustry.co.ao\/wp-content\/uploads\/2024\/10\/drizoro-maxseal.jpg\" \/>\n\t<meta property=\"og:image:width\" content=\"1080\" \/>\n\t<meta property=\"og:image:height\" content=\"1080\" \/>\n\t<meta property=\"og:image:type\" content=\"image\/jpeg\" \/>\n<meta name=\"twitter:card\" content=\"summary_large_image\" \/>\n<meta name=\"twitter:label1\" content=\"Dur\u00e9e de lecture estim\u00e9e\" \/>\n\t<meta name=\"twitter:data1\" content=\"1 minute\" \/>\n<script type=\"application\/ld+json\" class=\"yoast-schema-graph\">{\"@context\":\"https:\\\/\\\/schema.org\",\"@graph\":[{\"@type\":\"WebPage\",\"@id\":\"https:\\\/\\\/www.ecoindustry.co.ao\\\/produto\\\/drizoro-maxseal\\\/\",\"url\":\"https:\\\/\\\/www.ecoindustry.co.ao\\\/produto\\\/drizoro-maxseal\\\/\",\"name\":\"DRIZORO MAXSEAL - Ecoindustry\",\"isPartOf\":{\"@id\":\"https:\\\/\\\/www.ecoindustry.co.ao\\\/#website\"},\"primaryImageOfPage\":{\"@id\":\"https:\\\/\\\/www.ecoindustry.co.ao\\\/produto\\\/drizoro-maxseal\\\/#primaryimage\"},\"image\":{\"@id\":\"https:\\\/\\\/www.ecoindustry.co.ao\\\/produto\\\/drizoro-maxseal\\\/#primaryimage\"},\"thumbnailUrl\":\"https:\\\/\\\/www.ecoindustry.co.ao\\\/wp-content\\\/uploads\\\/2024\\\/10\\\/drizoro-maxseal.jpg\",\"datePublished\":\"2024-10-31T10:05:56+00:00\",\"dateModified\":\"2025-09-09T15:44:20+00:00\",\"breadcrumb\":{\"@id\":\"https:\\\/\\\/www.ecoindustry.co.ao\\\/produto\\\/drizoro-maxseal\\\/#breadcrumb\"},\"inLanguage\":\"fr-FR\",\"potentialAction\":[{\"@type\":\"ReadAction\",\"target\":[\"https:\\\/\\\/www.ecoindustry.co.ao\\\/produto\\\/drizoro-maxseal\\\/\"]}]},{\"@type\":\"ImageObject\",\"inLanguage\":\"fr-FR\",\"@id\":\"https:\\\/\\\/www.ecoindustry.co.ao\\\/produto\\\/drizoro-maxseal\\\/#primaryimage\",\"url\":\"https:\\\/\\\/www.ecoindustry.co.ao\\\/wp-content\\\/uploads\\\/2024\\\/10\\\/drizoro-maxseal.jpg\",\"contentUrl\":\"https:\\\/\\\/www.ecoindustry.co.ao\\\/wp-content\\\/uploads\\\/2024\\\/10\\\/drizoro-maxseal.jpg\",\"width\":1080,\"height\":1080},{\"@type\":\"BreadcrumbList\",\"@id\":\"https:\\\/\\\/www.ecoindustry.co.ao\\\/produto\\\/drizoro-maxseal\\\/#breadcrumb\",\"itemListElement\":[{\"@type\":\"ListItem\",\"position\":1,\"name\":\"In\u00edcio\",\"item\":\"https:\\\/\\\/www.ecoindustry.co.ao\\\/\"},{\"@type\":\"ListItem\",\"position\":2,\"name\":\"Loja\",\"item\":\"https:\\\/\\\/www.ecoindustry.co.ao\\\/loja\\\/\"},{\"@type\":\"ListItem\",\"position\":3,\"name\":\"DRIZORO MAXSEAL\"}]},{\"@type\":\"WebSite\",\"@id\":\"https:\\\/\\\/www.ecoindustry.co.ao\\\/#website\",\"url\":\"https:\\\/\\\/www.ecoindustry.co.ao\\\/\",\"name\":\"Ecoindustry\",\"description\":\"Produzimos e comercializamos o melhor, de \u00c1frica para o Mundo.\",\"publisher\":{\"@id\":\"https:\\\/\\\/www.ecoindustry.co.ao\\\/#organization\"},\"potentialAction\":[{\"@type\":\"SearchAction\",\"target\":{\"@type\":\"EntryPoint\",\"urlTemplate\":\"https:\\\/\\\/www.ecoindustry.co.ao\\\/?s={search_term_string}\"},\"query-input\":{\"@type\":\"PropertyValueSpecification\",\"valueRequired\":true,\"valueName\":\"search_term_string\"}}],\"inLanguage\":\"fr-FR\"},{\"@type\":\"Organization\",\"@id\":\"https:\\\/\\\/www.ecoindustry.co.ao\\\/#organization\",\"name\":\"ECOINDUSTRY\",\"url\":\"https:\\\/\\\/www.ecoindustry.co.ao\\\/\",\"logo\":{\"@type\":\"ImageObject\",\"inLanguage\":\"fr-FR\",\"@id\":\"https:\\\/\\\/www.ecoindustry.co.ao\\\/#\\\/schema\\\/logo\\\/image\\\/\",\"url\":\"https:\\\/\\\/www.ecoindustry.co.ao\\\/wp-content\\\/uploads\\\/2017\\\/04\\\/Logo_Ecoindustry.png\",\"contentUrl\":\"https:\\\/\\\/www.ecoindustry.co.ao\\\/wp-content\\\/uploads\\\/2017\\\/04\\\/Logo_Ecoindustry.png\",\"width\":584,\"height\":111,\"caption\":\"ECOINDUSTRY\"},\"image\":{\"@id\":\"https:\\\/\\\/www.ecoindustry.co.ao\\\/#\\\/schema\\\/logo\\\/image\\\/\"},\"sameAs\":[\"https:\\\/\\\/www.facebook.com\\\/ecoindustrylda\\\/\",\"https:\\\/\\\/www.linkedin.com\\\/company\\\/ecoindustry\\\/\"]}]}<\/script>\n<!-- \/ Yoast SEO plugin. -->","yoast_head_json":{"title":"DRIZORO MAXSEAL - Ecoindustry","robots":{"index":"index","follow":"follow","max-snippet":"max-snippet:-1","max-image-preview":"max-image-preview:large","max-video-preview":"max-video-preview:-1"},"canonical":"https:\/\/www.ecoindustry.co.ao\/fr\/produit\/drizoro-maxseal\/","og_locale":"fr_FR","og_type":"article","og_title":"DRIZORO MAXSEAL - Ecoindustry","og_description":"Impermeabilizante de alta performance para prote\u00e7\u00e3o de superf\u00edcies de bet\u00e3o e alvenaria, formando uma barreira eficaz contra a \u00e1gua. Ideal para prevenir infiltra\u00e7\u00f5es em \u00e1reas sujeitas a humidade, como funda\u00e7\u00f5es, piscinas, tanques e paredes. Este produto oferece uma aplica\u00e7\u00e3o f\u00e1cil e dur\u00e1vel, garantindo uma prote\u00e7\u00e3o de longa dura\u00e7\u00e3o. MAXSEAL \u00e9 a escolha ideal para quem busca resist\u00eancia \u00e0 \u00e1gua e maior durabilidade das superf\u00edcies, mesmo em ambientes com exposi\u00e7\u00e3o direta \u00e0 humidade.","og_url":"https:\/\/www.ecoindustry.co.ao\/fr\/produit\/drizoro-maxseal\/","og_site_name":"Ecoindustry","article_publisher":"https:\/\/www.facebook.com\/ecoindustrylda\/","article_modified_time":"2025-09-09T15:44:20+00:00","og_image":[{"width":1080,"height":1080,"url":"https:\/\/www.ecoindustry.co.ao\/wp-content\/uploads\/2024\/10\/drizoro-maxseal.jpg","type":"image\/jpeg"}],"twitter_card":"summary_large_image","twitter_misc":{"Dur\u00e9e de lecture estim\u00e9e":"1 minute"},"schema":{"@context":"https:\/\/schema.org","@graph":[{"@type":"WebPage","@id":"https:\/\/www.ecoindustry.co.ao\/produto\/drizoro-maxseal\/","url":"https:\/\/www.ecoindustry.co.ao\/produto\/drizoro-maxseal\/","name":"DRIZORO MAXSEAL - Ecoindustry","isPartOf":{"@id":"https:\/\/www.ecoindustry.co.ao\/#website"},"primaryImageOfPage":{"@id":"https:\/\/www.ecoindustry.co.ao\/produto\/drizoro-maxseal\/#primaryimage"},"image":{"@id":"https:\/\/www.ecoindustry.co.ao\/produto\/drizoro-maxseal\/#primaryimage"},"thumbnailUrl":"https:\/\/www.ecoindustry.co.ao\/wp-content\/uploads\/2024\/10\/drizoro-maxseal.jpg","datePublished":"2024-10-31T10:05:56+00:00","dateModified":"2025-09-09T15:44:20+00:00","breadcrumb":{"@id":"https:\/\/www.ecoindustry.co.ao\/produto\/drizoro-maxseal\/#breadcrumb"},"inLanguage":"fr-FR","potentialAction":[{"@type":"ReadAction","target":["https:\/\/www.ecoindustry.co.ao\/produto\/drizoro-maxseal\/"]}]},{"@type":"ImageObject","inLanguage":"fr-FR","@id":"https:\/\/www.ecoindustry.co.ao\/produto\/drizoro-maxseal\/#primaryimage","url":"https:\/\/www.ecoindustry.co.ao\/wp-content\/uploads\/2024\/10\/drizoro-maxseal.jpg","contentUrl":"https:\/\/www.ecoindustry.co.ao\/wp-content\/uploads\/2024\/10\/drizoro-maxseal.jpg","width":1080,"height":1080},{"@type":"BreadcrumbList","@id":"https:\/\/www.ecoindustry.co.ao\/produto\/drizoro-maxseal\/#breadcrumb","itemListElement":[{"@type":"ListItem","position":1,"name":"In\u00edcio","item":"https:\/\/www.ecoindustry.co.ao\/"},{"@type":"ListItem","position":2,"name":"Loja","item":"https:\/\/www.ecoindustry.co.ao\/loja\/"},{"@type":"ListItem","position":3,"name":"DRIZORO MAXSEAL"}]},{"@type":"WebSite","@id":"https:\/\/www.ecoindustry.co.ao\/#website","url":"https:\/\/www.ecoindustry.co.ao\/","name":"\u00c9coindustrie","description":"Produzimos e comercializamos o melhor, de \u00c1frica para o Mundo.","publisher":{"@id":"https:\/\/www.ecoindustry.co.ao\/#organization"},"potentialAction":[{"@type":"SearchAction","target":{"@type":"EntryPoint","urlTemplate":"https:\/\/www.ecoindustry.co.ao\/?s={search_term_string}"},"query-input":{"@type":"PropertyValueSpecification","valueRequired":true,"valueName":"search_term_string"}}],"inLanguage":"fr-FR"},{"@type":"Organization","@id":"https:\/\/www.ecoindustry.co.ao\/#organization","name":"\u00c9COINDUSTRIE","url":"https:\/\/www.ecoindustry.co.ao\/","logo":{"@type":"ImageObject","inLanguage":"fr-FR","@id":"https:\/\/www.ecoindustry.co.ao\/#\/schema\/logo\/image\/","url":"https:\/\/www.ecoindustry.co.ao\/wp-content\/uploads\/2017\/04\/Logo_Ecoindustry.png","contentUrl":"https:\/\/www.ecoindustry.co.ao\/wp-content\/uploads\/2017\/04\/Logo_Ecoindustry.png","width":584,"height":111,"caption":"ECOINDUSTRY"},"image":{"@id":"https:\/\/www.ecoindustry.co.ao\/#\/schema\/logo\/image\/"},"sameAs":["https:\/\/www.facebook.com\/ecoindustrylda\/","https:\/\/www.linkedin.com\/company\/ecoindustry\/"]}]}},"_links":{"self":[{"href":"https:\/\/www.ecoindustry.co.ao\/fr\/wp-json\/wp\/v2\/product\/7356","targetHints":{"allow":["GET"]}}],"collection":[{"href":"https:\/\/www.ecoindustry.co.ao\/fr\/wp-json\/wp\/v2\/product"}],"about":[{"href":"https:\/\/www.ecoindustry.co.ao\/fr\/wp-json\/wp\/v2\/types\/product"}],"replies":[{"embeddable":true,"href":"https:\/\/www.ecoindustry.co.ao\/fr\/wp-json\/wp\/v2\/comments?post=7356"}],"wp:featuredmedia":[{"embeddable":true,"href":"https:\/\/www.ecoindustry.co.ao\/fr\/wp-json\/wp\/v2\/media\/7357"}],"wp:attachment":[{"href":"https:\/\/www.ecoindustry.co.ao\/fr\/wp-json\/wp\/v2\/media?parent=7356"}],"wp:term":[{"taxonomy":"product_brand","embeddable":true,"href":"https:\/\/www.ecoindustry.co.ao\/fr\/wp-json\/wp\/v2\/product_brand?post=7356"},{"taxonomy":"product_cat","embeddable":true,"href":"https:\/\/www.ecoindustry.co.ao\/fr\/wp-json\/wp\/v2\/product_cat?post=7356"},{"taxonomy":"product_tag","embeddable":true,"href":"https:\/\/www.ecoindustry.co.ao\/fr\/wp-json\/wp\/v2\/product_tag?post=7356"}],"curies":[{"name":"wp","href":"https:\/\/api.w.org\/{rel}","templated":true}]}}