{"id":7341,"date":"2024-10-31T07:56:11","date_gmt":"2024-10-31T07:56:11","guid":{"rendered":"https:\/\/www.ecoindustry.co.ao\/?post_type=product&#038;p=7341"},"modified":"2026-02-28T13:17:03","modified_gmt":"2026-02-28T13:17:03","slug":"jaguar-limpa","status":"publish","type":"product","link":"https:\/\/www.ecoindustry.co.ao\/fr\/produit\/jaguar-limpa\/","title":{"rendered":"JAGUAR PROPRE"},"content":{"rendered":"<p class=\"p1\">Liquide concentr\u00e9 formul\u00e9 avec une solution acide, id\u00e9al pour <span style=\"color: #af2d2c\"><strong>Nettoyage intensif des pierres, ma\u00e7onneries, carrelages et \u00e9l\u00e9ments en b\u00e9ton.<\/strong><\/span>.<\/p>\n<p class=\"p1\">Gr\u00e2ce \u00e0 ses propri\u00e9t\u00e9s qui \u00e9liminent les r\u00e9sidus, les impuret\u00e9s et m\u00eame le ciment, ce produit est recommand\u00e9 pour la pr\u00e9paration des surfaces n\u00e9cessitant une base propre et poreuse afin d&#039;assurer une meilleure adh\u00e9rence des rev\u00eatements ou peintures ult\u00e9rieurs.<\/p>\n<p class=\"p1\">Con\u00e7u pour faciliter le travail professionnel, le <b>JAGUAR PROPRE<\/b> Il convient \u00e0 une utilisation dans <span style=\"color: #af2d2c\"><strong>s<\/strong><strong>surfaces en pierre et pav\u00e9s en b\u00e9ton<\/strong><\/span>, offrant une finition uniforme et de haute qualit\u00e9.<\/p>\n<p class=\"p1\">Son application contribue \u00e0 am\u00e9liorer la porosit\u00e9 des chauss\u00e9es, favorisant ainsi <span style=\"color: #af2d2c\"><strong>adh\u00e9rence et durabilit\u00e9 des rev\u00eatements<\/strong><\/span>Le <b>JAGUAR PROPRE<\/b> C&#039;est un choix fiable pour les professionnels \u00e0 la recherche d&#039;un produit efficace pour pr\u00e9parer les surfaces correctement et en toute s\u00e9curit\u00e9.<\/p>\n<p class=\"p1\"><b>Caract\u00e9ristiques:<\/b><\/p>\n<p class=\"p3\">\u2022 Produit concentr\u00e9 pour le nettoyage de la pierre et du b\u00e9ton ;<\/p>\n<p class=\"p3\">\u2022 Formule \u00e0 base d&#039;acide pour un nettoyage intense ;<\/p>\n<p class=\"p3\">\u2022 Elle augmente la porosit\u00e9, am\u00e9liorant ainsi l&#039;adh\u00e9rence des rev\u00eatements ;<\/p>\n<p class=\"p3\">\u2022 Id\u00e9al pour un usage professionnel et la pr\u00e9paration des surfaces ;<\/p>\n<p class=\"p3\">\u2022 \u00c9limine les r\u00e9sidus, les impuret\u00e9s et les r\u00e9sidus de ciment.<\/p>","protected":false},"excerpt":{"rendered":"<p class=\"p1\">Produit concentr\u00e9 d\u00e9velopp\u00e9 pour <span style=\"color: #af2d2c\"><strong>nettoyage en profondeur des pierres, des carreaux et des \u00e9l\u00e9ments en b\u00e9ton<\/strong><\/span>, \u00c9limine efficacement les r\u00e9sidus et les impuret\u00e9s. Id\u00e9al pour pr\u00e9parer les surfaces avant l&#039;application de rev\u00eatements ou de peintures.<\/p>\n<p class=\"p1\">Gr\u00e2ce \u00e0 sa formule \u00e0 base d&#039;acide, le <b>JAGUAR PROPRE<\/b> Il est indiqu\u00e9 pour un usage professionnel, fournissant un <span style=\"color: #af2d2c\"><strong>nettoyage uniforme et porosit\u00e9 accrue des chauss\u00e9es en b\u00e9ton<\/strong><\/span>, Cela am\u00e9liore la p\u00e9n\u00e9tration et l&#039;adh\u00e9rence des peintures et des rev\u00eatements. C&#039;est la solution id\u00e9ale pour une finition de haute qualit\u00e9.<\/p>","protected":false},"featured_media":7351,"comment_status":"closed","ping_status":"closed","template":"","meta":[],"product_brand":[],"product_cat":[277],"product_tag":[85,84,88,92,83],"class_list":{"0":"post-7341","1":"product","2":"type-product","3":"status-publish","4":"has-post-thumbnail","6":"product_cat-jaguar","7":"product_tag-acabamento","8":"product_tag-betao","9":"product_tag-jaguar","10":"product_tag-limpa","11":"product_tag-limpeza","13":"first","14":"instock","15":"shipping-taxable","16":"product-type-simple"},"yoast_head":"<!-- This site is optimized with the Yoast SEO plugin v27.3 - https:\/\/yoast.com\/product\/yoast-seo-wordpress\/ -->\n<title>JAGUAR LIMPA - Ecoindustry<\/title>\n<meta name=\"robots\" content=\"index, follow, max-snippet:-1, max-image-preview:large, max-video-preview:-1\" \/>\n<link rel=\"canonical\" href=\"https:\/\/www.ecoindustry.co.ao\/fr\/produit\/jaguar-limpa\/\" \/>\n<meta property=\"og:locale\" content=\"fr_FR\" \/>\n<meta property=\"og:type\" content=\"article\" \/>\n<meta property=\"og:title\" content=\"JAGUAR LIMPA - Ecoindustry\" \/>\n<meta property=\"og:description\" content=\"Produto concentrado desenvolvido para a limpeza profunda de pedras, ladrilhos e elementos de bet\u00e3o, removendo res\u00edduos e impurezas de forma eficaz. Ideal para preparar superf\u00edcies antes da aplica\u00e7\u00e3o de revestimentos ou pinturas. Com a sua f\u00f3rmula \u00e0 base de \u00e1cido, o JAGUAR LIMPA \u00e9 indicado para uso profissional, proporcionando uma limpeza uniforme e aumentando a porosidade dos pavimentos de bet\u00e3o, o que melhora a penetra\u00e7\u00e3o e a ader\u00eancia de tintas e revestimentos. \u00c9 a solu\u00e7\u00e3o ideal para um acabamento de alta qualidade.\" \/>\n<meta property=\"og:url\" content=\"https:\/\/www.ecoindustry.co.ao\/fr\/produit\/jaguar-limpa\/\" \/>\n<meta property=\"og:site_name\" content=\"Ecoindustry\" \/>\n<meta property=\"article:publisher\" content=\"https:\/\/www.facebook.com\/ecoindustrylda\/\" \/>\n<meta property=\"article:modified_time\" content=\"2026-02-28T13:17:03+00:00\" \/>\n<meta property=\"og:image\" content=\"https:\/\/www.ecoindustry.co.ao\/wp-content\/uploads\/2024\/10\/limpa.jpg\" \/>\n\t<meta property=\"og:image:width\" content=\"1080\" \/>\n\t<meta property=\"og:image:height\" content=\"1080\" \/>\n\t<meta property=\"og:image:type\" content=\"image\/jpeg\" \/>\n<meta name=\"twitter:card\" content=\"summary_large_image\" \/>\n<meta name=\"twitter:label1\" content=\"Dur\u00e9e de lecture estim\u00e9e\" \/>\n\t<meta name=\"twitter:data1\" content=\"1 minute\" \/>\n<script type=\"application\/ld+json\" class=\"yoast-schema-graph\">{\"@context\":\"https:\\\/\\\/schema.org\",\"@graph\":[{\"@type\":\"WebPage\",\"@id\":\"https:\\\/\\\/www.ecoindustry.co.ao\\\/produto\\\/jaguar-limpa\\\/\",\"url\":\"https:\\\/\\\/www.ecoindustry.co.ao\\\/produto\\\/jaguar-limpa\\\/\",\"name\":\"JAGUAR LIMPA - Ecoindustry\",\"isPartOf\":{\"@id\":\"https:\\\/\\\/www.ecoindustry.co.ao\\\/#website\"},\"primaryImageOfPage\":{\"@id\":\"https:\\\/\\\/www.ecoindustry.co.ao\\\/produto\\\/jaguar-limpa\\\/#primaryimage\"},\"image\":{\"@id\":\"https:\\\/\\\/www.ecoindustry.co.ao\\\/produto\\\/jaguar-limpa\\\/#primaryimage\"},\"thumbnailUrl\":\"https:\\\/\\\/www.ecoindustry.co.ao\\\/wp-content\\\/uploads\\\/2024\\\/10\\\/limpa.jpg\",\"datePublished\":\"2024-10-31T07:56:11+00:00\",\"dateModified\":\"2026-02-28T13:17:03+00:00\",\"breadcrumb\":{\"@id\":\"https:\\\/\\\/www.ecoindustry.co.ao\\\/produto\\\/jaguar-limpa\\\/#breadcrumb\"},\"inLanguage\":\"fr-FR\",\"potentialAction\":[{\"@type\":\"ReadAction\",\"target\":[\"https:\\\/\\\/www.ecoindustry.co.ao\\\/produto\\\/jaguar-limpa\\\/\"]}]},{\"@type\":\"ImageObject\",\"inLanguage\":\"fr-FR\",\"@id\":\"https:\\\/\\\/www.ecoindustry.co.ao\\\/produto\\\/jaguar-limpa\\\/#primaryimage\",\"url\":\"https:\\\/\\\/www.ecoindustry.co.ao\\\/wp-content\\\/uploads\\\/2024\\\/10\\\/limpa.jpg\",\"contentUrl\":\"https:\\\/\\\/www.ecoindustry.co.ao\\\/wp-content\\\/uploads\\\/2024\\\/10\\\/limpa.jpg\",\"width\":1080,\"height\":1080},{\"@type\":\"BreadcrumbList\",\"@id\":\"https:\\\/\\\/www.ecoindustry.co.ao\\\/produto\\\/jaguar-limpa\\\/#breadcrumb\",\"itemListElement\":[{\"@type\":\"ListItem\",\"position\":1,\"name\":\"In\u00edcio\",\"item\":\"https:\\\/\\\/www.ecoindustry.co.ao\\\/\"},{\"@type\":\"ListItem\",\"position\":2,\"name\":\"Loja\",\"item\":\"https:\\\/\\\/www.ecoindustry.co.ao\\\/loja\\\/\"},{\"@type\":\"ListItem\",\"position\":3,\"name\":\"JAGUAR LIMPA\"}]},{\"@type\":\"WebSite\",\"@id\":\"https:\\\/\\\/www.ecoindustry.co.ao\\\/#website\",\"url\":\"https:\\\/\\\/www.ecoindustry.co.ao\\\/\",\"name\":\"Ecoindustry\",\"description\":\"Produzimos e comercializamos o melhor, de \u00c1frica para o Mundo.\",\"publisher\":{\"@id\":\"https:\\\/\\\/www.ecoindustry.co.ao\\\/#organization\"},\"potentialAction\":[{\"@type\":\"SearchAction\",\"target\":{\"@type\":\"EntryPoint\",\"urlTemplate\":\"https:\\\/\\\/www.ecoindustry.co.ao\\\/?s={search_term_string}\"},\"query-input\":{\"@type\":\"PropertyValueSpecification\",\"valueRequired\":true,\"valueName\":\"search_term_string\"}}],\"inLanguage\":\"fr-FR\"},{\"@type\":\"Organization\",\"@id\":\"https:\\\/\\\/www.ecoindustry.co.ao\\\/#organization\",\"name\":\"ECOINDUSTRY\",\"url\":\"https:\\\/\\\/www.ecoindustry.co.ao\\\/\",\"logo\":{\"@type\":\"ImageObject\",\"inLanguage\":\"fr-FR\",\"@id\":\"https:\\\/\\\/www.ecoindustry.co.ao\\\/#\\\/schema\\\/logo\\\/image\\\/\",\"url\":\"https:\\\/\\\/www.ecoindustry.co.ao\\\/wp-content\\\/uploads\\\/2017\\\/04\\\/Logo_Ecoindustry.png\",\"contentUrl\":\"https:\\\/\\\/www.ecoindustry.co.ao\\\/wp-content\\\/uploads\\\/2017\\\/04\\\/Logo_Ecoindustry.png\",\"width\":584,\"height\":111,\"caption\":\"ECOINDUSTRY\"},\"image\":{\"@id\":\"https:\\\/\\\/www.ecoindustry.co.ao\\\/#\\\/schema\\\/logo\\\/image\\\/\"},\"sameAs\":[\"https:\\\/\\\/www.facebook.com\\\/ecoindustrylda\\\/\",\"https:\\\/\\\/www.linkedin.com\\\/company\\\/ecoindustry\\\/\"]}]}<\/script>\n<!-- \/ Yoast SEO plugin. -->","yoast_head_json":{"title":"JAGUAR LIMPA - Ecoindustry","robots":{"index":"index","follow":"follow","max-snippet":"max-snippet:-1","max-image-preview":"max-image-preview:large","max-video-preview":"max-video-preview:-1"},"canonical":"https:\/\/www.ecoindustry.co.ao\/fr\/produit\/jaguar-limpa\/","og_locale":"fr_FR","og_type":"article","og_title":"JAGUAR LIMPA - Ecoindustry","og_description":"Produto concentrado desenvolvido para a limpeza profunda de pedras, ladrilhos e elementos de bet\u00e3o, removendo res\u00edduos e impurezas de forma eficaz. Ideal para preparar superf\u00edcies antes da aplica\u00e7\u00e3o de revestimentos ou pinturas. Com a sua f\u00f3rmula \u00e0 base de \u00e1cido, o JAGUAR LIMPA \u00e9 indicado para uso profissional, proporcionando uma limpeza uniforme e aumentando a porosidade dos pavimentos de bet\u00e3o, o que melhora a penetra\u00e7\u00e3o e a ader\u00eancia de tintas e revestimentos. \u00c9 a solu\u00e7\u00e3o ideal para um acabamento de alta qualidade.","og_url":"https:\/\/www.ecoindustry.co.ao\/fr\/produit\/jaguar-limpa\/","og_site_name":"Ecoindustry","article_publisher":"https:\/\/www.facebook.com\/ecoindustrylda\/","article_modified_time":"2026-02-28T13:17:03+00:00","og_image":[{"width":1080,"height":1080,"url":"https:\/\/www.ecoindustry.co.ao\/wp-content\/uploads\/2024\/10\/limpa.jpg","type":"image\/jpeg"}],"twitter_card":"summary_large_image","twitter_misc":{"Dur\u00e9e de lecture estim\u00e9e":"1 minute"},"schema":{"@context":"https:\/\/schema.org","@graph":[{"@type":"WebPage","@id":"https:\/\/www.ecoindustry.co.ao\/produto\/jaguar-limpa\/","url":"https:\/\/www.ecoindustry.co.ao\/produto\/jaguar-limpa\/","name":"JAGUAR LIMPA - Ecoindustry","isPartOf":{"@id":"https:\/\/www.ecoindustry.co.ao\/#website"},"primaryImageOfPage":{"@id":"https:\/\/www.ecoindustry.co.ao\/produto\/jaguar-limpa\/#primaryimage"},"image":{"@id":"https:\/\/www.ecoindustry.co.ao\/produto\/jaguar-limpa\/#primaryimage"},"thumbnailUrl":"https:\/\/www.ecoindustry.co.ao\/wp-content\/uploads\/2024\/10\/limpa.jpg","datePublished":"2024-10-31T07:56:11+00:00","dateModified":"2026-02-28T13:17:03+00:00","breadcrumb":{"@id":"https:\/\/www.ecoindustry.co.ao\/produto\/jaguar-limpa\/#breadcrumb"},"inLanguage":"fr-FR","potentialAction":[{"@type":"ReadAction","target":["https:\/\/www.ecoindustry.co.ao\/produto\/jaguar-limpa\/"]}]},{"@type":"ImageObject","inLanguage":"fr-FR","@id":"https:\/\/www.ecoindustry.co.ao\/produto\/jaguar-limpa\/#primaryimage","url":"https:\/\/www.ecoindustry.co.ao\/wp-content\/uploads\/2024\/10\/limpa.jpg","contentUrl":"https:\/\/www.ecoindustry.co.ao\/wp-content\/uploads\/2024\/10\/limpa.jpg","width":1080,"height":1080},{"@type":"BreadcrumbList","@id":"https:\/\/www.ecoindustry.co.ao\/produto\/jaguar-limpa\/#breadcrumb","itemListElement":[{"@type":"ListItem","position":1,"name":"In\u00edcio","item":"https:\/\/www.ecoindustry.co.ao\/"},{"@type":"ListItem","position":2,"name":"Loja","item":"https:\/\/www.ecoindustry.co.ao\/loja\/"},{"@type":"ListItem","position":3,"name":"JAGUAR LIMPA"}]},{"@type":"WebSite","@id":"https:\/\/www.ecoindustry.co.ao\/#website","url":"https:\/\/www.ecoindustry.co.ao\/","name":"\u00c9coindustrie","description":"Produzimos e comercializamos o melhor, de \u00c1frica para o Mundo.","publisher":{"@id":"https:\/\/www.ecoindustry.co.ao\/#organization"},"potentialAction":[{"@type":"SearchAction","target":{"@type":"EntryPoint","urlTemplate":"https:\/\/www.ecoindustry.co.ao\/?s={search_term_string}"},"query-input":{"@type":"PropertyValueSpecification","valueRequired":true,"valueName":"search_term_string"}}],"inLanguage":"fr-FR"},{"@type":"Organization","@id":"https:\/\/www.ecoindustry.co.ao\/#organization","name":"\u00c9COINDUSTRIE","url":"https:\/\/www.ecoindustry.co.ao\/","logo":{"@type":"ImageObject","inLanguage":"fr-FR","@id":"https:\/\/www.ecoindustry.co.ao\/#\/schema\/logo\/image\/","url":"https:\/\/www.ecoindustry.co.ao\/wp-content\/uploads\/2017\/04\/Logo_Ecoindustry.png","contentUrl":"https:\/\/www.ecoindustry.co.ao\/wp-content\/uploads\/2017\/04\/Logo_Ecoindustry.png","width":584,"height":111,"caption":"ECOINDUSTRY"},"image":{"@id":"https:\/\/www.ecoindustry.co.ao\/#\/schema\/logo\/image\/"},"sameAs":["https:\/\/www.facebook.com\/ecoindustrylda\/","https:\/\/www.linkedin.com\/company\/ecoindustry\/"]}]}},"_links":{"self":[{"href":"https:\/\/www.ecoindustry.co.ao\/fr\/wp-json\/wp\/v2\/product\/7341","targetHints":{"allow":["GET"]}}],"collection":[{"href":"https:\/\/www.ecoindustry.co.ao\/fr\/wp-json\/wp\/v2\/product"}],"about":[{"href":"https:\/\/www.ecoindustry.co.ao\/fr\/wp-json\/wp\/v2\/types\/product"}],"replies":[{"embeddable":true,"href":"https:\/\/www.ecoindustry.co.ao\/fr\/wp-json\/wp\/v2\/comments?post=7341"}],"wp:featuredmedia":[{"embeddable":true,"href":"https:\/\/www.ecoindustry.co.ao\/fr\/wp-json\/wp\/v2\/media\/7351"}],"wp:attachment":[{"href":"https:\/\/www.ecoindustry.co.ao\/fr\/wp-json\/wp\/v2\/media?parent=7341"}],"wp:term":[{"taxonomy":"product_brand","embeddable":true,"href":"https:\/\/www.ecoindustry.co.ao\/fr\/wp-json\/wp\/v2\/product_brand?post=7341"},{"taxonomy":"product_cat","embeddable":true,"href":"https:\/\/www.ecoindustry.co.ao\/fr\/wp-json\/wp\/v2\/product_cat?post=7341"},{"taxonomy":"product_tag","embeddable":true,"href":"https:\/\/www.ecoindustry.co.ao\/fr\/wp-json\/wp\/v2\/product_tag?post=7341"}],"curies":[{"name":"wp","href":"https:\/\/api.w.org\/{rel}","templated":true}]}}