{"id":7273,"date":"2024-09-19T15:04:11","date_gmt":"2024-09-19T15:04:11","guid":{"rendered":"https:\/\/www.ecoindustry.co.ao\/?post_type=product&#038;p=7273"},"modified":"2025-09-09T15:47:11","modified_gmt":"2025-09-09T15:47:11","slug":"jaguar-fix-classic","status":"publish","type":"product","link":"https:\/\/www.ecoindustry.co.ao\/fr\/produit\/jaguar-fix-classic\/","title":{"rendered":"JAGUAR FIX Classique"},"content":{"rendered":"<p class=\"p1\"><span style=\"color: #af2d2c\"><strong>Adh\u00e9sif de montage de qualit\u00e9 sup\u00e9rieure<\/strong><\/span>, Con\u00e7u pour les applications exigeantes en environnements int\u00e9rieurs et ext\u00e9rieurs. <span style=\"color: #af2d2c\"><b>forte adh\u00e9sion initiale<\/b><\/span> Gr\u00e2ce \u00e0 son temps de s\u00e9chage rapide, il est id\u00e9al pour coller divers mat\u00e9riaux, tels que le bois, le m\u00e9tal, la c\u00e9ramique, le PVC, la pierre et le verre.<\/p>\n<p class=\"p1\">ton <span style=\"color: #af2d2c\"><b>R\u00e9sistance \u00e0 l&#039;eau et aux intemp\u00e9ries<\/b><\/span> Cela le rend id\u00e9al pour les projets de construction, de bricolage et de r\u00e9novation. De plus, son... <span style=\"color: #af2d2c\"><b>flexibilit\u00e9<\/b><\/span> Apr\u00e8s durcissement, il lui permet de r\u00e9sister aux variations de temp\u00e9rature et aux mouvements du mat\u00e9riau.<\/p>\n<p class=\"p1\">Il est sans solvant, garantissant un environnement de travail plus s\u00fbr et sans odeur. Il peut \u00eatre appliqu\u00e9 \u00e0 <span style=\"color: #af2d2c\"><b>surfaces poreuses et non poreuses<\/b><\/span>, avec une excellente r\u00e9sistance m\u00e9canique.<\/p>\n<p class=\"p1\">ton <span style=\"color: #af2d2c\"><b>formule polyvalente<\/b><\/span> Il est recommand\u00e9 pour le collage structurel, la fixation permanente de grandes pi\u00e8ces et l&#039;assemblage de composants dans des zones expos\u00e9es \u00e0 l&#039;humidit\u00e9 ou aux intemp\u00e9ries. Que ce soit pour des projets professionnels ou amateurs, <b>JAGUAR FIX Classique<\/b> C&#039;est un choix fiable et efficace pour garantir des fixations durables, s\u00fbres et de haute qualit\u00e9.<\/p>","protected":false},"excerpt":{"rendered":"<p>Adh\u00e9sif de montage de haute qualit\u00e9, adapt\u00e9 aux applications de <span style=\"color: #af2d2c\"><strong>Fixation et \u00e9tanch\u00e9it\u00e9 pour usage int\u00e9rieur et ext\u00e9rieur.<\/strong><\/span>. Elle pr\u00e9sente une forte adh\u00e9rence initiale, r\u00e9siste aux intemp\u00e9ries et \u00e0 l&#039;eau, et durcit rapidement.<\/p>\n<p>Id\u00e9al pour coller des mat\u00e9riaux tels que le bois, la c\u00e9ramique, le m\u00e9tal, le PVC et la pierre. Convient aux surfaces poreuses et non poreuses. <span style=\"color: #af2d2c\"><strong>excellente r\u00e9sistance m\u00e9canique et flexibilit\u00e9<\/strong><\/span>.<\/p>\n<p>Il est sans solvant, offrant ainsi un environnement de travail s\u00fbr.<\/p>","protected":false},"featured_media":7274,"comment_status":"closed","ping_status":"closed","template":"","meta":[],"product_brand":[],"product_cat":[277],"product_tag":[70,71,87,86,88,74,73,72],"class_list":{"0":"post-7273","1":"product","2":"type-product","3":"status-publish","4":"has-post-thumbnail","6":"product_cat-jaguar","7":"product_tag-adesivo","8":"product_tag-ceramica","9":"product_tag-classic","10":"product_tag-fix","11":"product_tag-jaguar","12":"product_tag-madeira","13":"product_tag-metal","14":"product_tag-pvc","16":"first","17":"instock","18":"shipping-taxable","19":"product-type-simple"},"yoast_head":"<!-- This site is optimized with the Yoast SEO plugin v27.3 - https:\/\/yoast.com\/product\/yoast-seo-wordpress\/ -->\n<title>JAGUAR FIX Classic - Ecoindustry<\/title>\n<meta name=\"robots\" content=\"index, follow, max-snippet:-1, max-image-preview:large, max-video-preview:-1\" \/>\n<link rel=\"canonical\" href=\"https:\/\/www.ecoindustry.co.ao\/fr\/produit\/jaguar-fix-classic\/\" \/>\n<meta property=\"og:locale\" content=\"fr_FR\" \/>\n<meta property=\"og:type\" content=\"article\" \/>\n<meta property=\"og:title\" content=\"JAGUAR FIX Classic - Ecoindustry\" \/>\n<meta property=\"og:description\" content=\"Cola de montagem de alta qualidade, indicada para aplica\u00e7\u00f5es de fixa\u00e7\u00e3o e selagem em interiores e exteriores. Apresenta elevada ades\u00e3o inicial, \u00e9 resistente a intemp\u00e9ries, \u00e0 \u00e1gua e tem cura r\u00e1pida.  Ideal para colagem de materiais como madeira, cer\u00e2mica, metal, PVC e pedra. Pode ser usada em superf\u00edcies porosas e n\u00e3o porosas, com excelente resist\u00eancia mec\u00e2nica e flexibilidade.  \u00c9 livre de solventes, proporcionando um ambiente de trabalho seguro.\" \/>\n<meta property=\"og:url\" content=\"https:\/\/www.ecoindustry.co.ao\/fr\/produit\/jaguar-fix-classic\/\" \/>\n<meta property=\"og:site_name\" content=\"Ecoindustry\" \/>\n<meta property=\"article:publisher\" content=\"https:\/\/www.facebook.com\/ecoindustrylda\/\" \/>\n<meta property=\"article:modified_time\" content=\"2025-09-09T15:47:11+00:00\" \/>\n<meta property=\"og:image\" content=\"https:\/\/www.ecoindustry.co.ao\/wp-content\/uploads\/2024\/09\/fix-classic.jpg\" \/>\n\t<meta property=\"og:image:width\" content=\"1080\" \/>\n\t<meta property=\"og:image:height\" content=\"1080\" \/>\n\t<meta property=\"og:image:type\" content=\"image\/jpeg\" \/>\n<meta name=\"twitter:card\" content=\"summary_large_image\" \/>\n<meta name=\"twitter:label1\" content=\"Dur\u00e9e de lecture estim\u00e9e\" \/>\n\t<meta name=\"twitter:data1\" content=\"1 minute\" \/>\n<script type=\"application\/ld+json\" class=\"yoast-schema-graph\">{\"@context\":\"https:\\\/\\\/schema.org\",\"@graph\":[{\"@type\":\"WebPage\",\"@id\":\"https:\\\/\\\/www.ecoindustry.co.ao\\\/produto\\\/jaguar-fix-classic\\\/\",\"url\":\"https:\\\/\\\/www.ecoindustry.co.ao\\\/produto\\\/jaguar-fix-classic\\\/\",\"name\":\"JAGUAR FIX Classic - Ecoindustry\",\"isPartOf\":{\"@id\":\"https:\\\/\\\/www.ecoindustry.co.ao\\\/#website\"},\"primaryImageOfPage\":{\"@id\":\"https:\\\/\\\/www.ecoindustry.co.ao\\\/produto\\\/jaguar-fix-classic\\\/#primaryimage\"},\"image\":{\"@id\":\"https:\\\/\\\/www.ecoindustry.co.ao\\\/produto\\\/jaguar-fix-classic\\\/#primaryimage\"},\"thumbnailUrl\":\"https:\\\/\\\/www.ecoindustry.co.ao\\\/wp-content\\\/uploads\\\/2024\\\/09\\\/fix-classic.jpg\",\"datePublished\":\"2024-09-19T15:04:11+00:00\",\"dateModified\":\"2025-09-09T15:47:11+00:00\",\"breadcrumb\":{\"@id\":\"https:\\\/\\\/www.ecoindustry.co.ao\\\/produto\\\/jaguar-fix-classic\\\/#breadcrumb\"},\"inLanguage\":\"fr-FR\",\"potentialAction\":[{\"@type\":\"ReadAction\",\"target\":[\"https:\\\/\\\/www.ecoindustry.co.ao\\\/produto\\\/jaguar-fix-classic\\\/\"]}]},{\"@type\":\"ImageObject\",\"inLanguage\":\"fr-FR\",\"@id\":\"https:\\\/\\\/www.ecoindustry.co.ao\\\/produto\\\/jaguar-fix-classic\\\/#primaryimage\",\"url\":\"https:\\\/\\\/www.ecoindustry.co.ao\\\/wp-content\\\/uploads\\\/2024\\\/09\\\/fix-classic.jpg\",\"contentUrl\":\"https:\\\/\\\/www.ecoindustry.co.ao\\\/wp-content\\\/uploads\\\/2024\\\/09\\\/fix-classic.jpg\",\"width\":1080,\"height\":1080},{\"@type\":\"BreadcrumbList\",\"@id\":\"https:\\\/\\\/www.ecoindustry.co.ao\\\/produto\\\/jaguar-fix-classic\\\/#breadcrumb\",\"itemListElement\":[{\"@type\":\"ListItem\",\"position\":1,\"name\":\"In\u00edcio\",\"item\":\"https:\\\/\\\/www.ecoindustry.co.ao\\\/\"},{\"@type\":\"ListItem\",\"position\":2,\"name\":\"Loja\",\"item\":\"https:\\\/\\\/www.ecoindustry.co.ao\\\/loja\\\/\"},{\"@type\":\"ListItem\",\"position\":3,\"name\":\"JAGUAR FIX Classic\"}]},{\"@type\":\"WebSite\",\"@id\":\"https:\\\/\\\/www.ecoindustry.co.ao\\\/#website\",\"url\":\"https:\\\/\\\/www.ecoindustry.co.ao\\\/\",\"name\":\"Ecoindustry\",\"description\":\"Produzimos e comercializamos o melhor, de \u00c1frica para o Mundo.\",\"publisher\":{\"@id\":\"https:\\\/\\\/www.ecoindustry.co.ao\\\/#organization\"},\"potentialAction\":[{\"@type\":\"SearchAction\",\"target\":{\"@type\":\"EntryPoint\",\"urlTemplate\":\"https:\\\/\\\/www.ecoindustry.co.ao\\\/?s={search_term_string}\"},\"query-input\":{\"@type\":\"PropertyValueSpecification\",\"valueRequired\":true,\"valueName\":\"search_term_string\"}}],\"inLanguage\":\"fr-FR\"},{\"@type\":\"Organization\",\"@id\":\"https:\\\/\\\/www.ecoindustry.co.ao\\\/#organization\",\"name\":\"ECOINDUSTRY\",\"url\":\"https:\\\/\\\/www.ecoindustry.co.ao\\\/\",\"logo\":{\"@type\":\"ImageObject\",\"inLanguage\":\"fr-FR\",\"@id\":\"https:\\\/\\\/www.ecoindustry.co.ao\\\/#\\\/schema\\\/logo\\\/image\\\/\",\"url\":\"https:\\\/\\\/www.ecoindustry.co.ao\\\/wp-content\\\/uploads\\\/2017\\\/04\\\/Logo_Ecoindustry.png\",\"contentUrl\":\"https:\\\/\\\/www.ecoindustry.co.ao\\\/wp-content\\\/uploads\\\/2017\\\/04\\\/Logo_Ecoindustry.png\",\"width\":584,\"height\":111,\"caption\":\"ECOINDUSTRY\"},\"image\":{\"@id\":\"https:\\\/\\\/www.ecoindustry.co.ao\\\/#\\\/schema\\\/logo\\\/image\\\/\"},\"sameAs\":[\"https:\\\/\\\/www.facebook.com\\\/ecoindustrylda\\\/\",\"https:\\\/\\\/www.linkedin.com\\\/company\\\/ecoindustry\\\/\"]}]}<\/script>\n<!-- \/ Yoast SEO plugin. -->","yoast_head_json":{"title":"JAGUAR FIX Classic - Ecoindustry","robots":{"index":"index","follow":"follow","max-snippet":"max-snippet:-1","max-image-preview":"max-image-preview:large","max-video-preview":"max-video-preview:-1"},"canonical":"https:\/\/www.ecoindustry.co.ao\/fr\/produit\/jaguar-fix-classic\/","og_locale":"fr_FR","og_type":"article","og_title":"JAGUAR FIX Classic - Ecoindustry","og_description":"Cola de montagem de alta qualidade, indicada para aplica\u00e7\u00f5es de fixa\u00e7\u00e3o e selagem em interiores e exteriores. Apresenta elevada ades\u00e3o inicial, \u00e9 resistente a intemp\u00e9ries, \u00e0 \u00e1gua e tem cura r\u00e1pida.  Ideal para colagem de materiais como madeira, cer\u00e2mica, metal, PVC e pedra. Pode ser usada em superf\u00edcies porosas e n\u00e3o porosas, com excelente resist\u00eancia mec\u00e2nica e flexibilidade.  \u00c9 livre de solventes, proporcionando um ambiente de trabalho seguro.","og_url":"https:\/\/www.ecoindustry.co.ao\/fr\/produit\/jaguar-fix-classic\/","og_site_name":"Ecoindustry","article_publisher":"https:\/\/www.facebook.com\/ecoindustrylda\/","article_modified_time":"2025-09-09T15:47:11+00:00","og_image":[{"width":1080,"height":1080,"url":"https:\/\/www.ecoindustry.co.ao\/wp-content\/uploads\/2024\/09\/fix-classic.jpg","type":"image\/jpeg"}],"twitter_card":"summary_large_image","twitter_misc":{"Dur\u00e9e de lecture estim\u00e9e":"1 minute"},"schema":{"@context":"https:\/\/schema.org","@graph":[{"@type":"WebPage","@id":"https:\/\/www.ecoindustry.co.ao\/produto\/jaguar-fix-classic\/","url":"https:\/\/www.ecoindustry.co.ao\/produto\/jaguar-fix-classic\/","name":"JAGUAR FIX Classic - Ecoindustry","isPartOf":{"@id":"https:\/\/www.ecoindustry.co.ao\/#website"},"primaryImageOfPage":{"@id":"https:\/\/www.ecoindustry.co.ao\/produto\/jaguar-fix-classic\/#primaryimage"},"image":{"@id":"https:\/\/www.ecoindustry.co.ao\/produto\/jaguar-fix-classic\/#primaryimage"},"thumbnailUrl":"https:\/\/www.ecoindustry.co.ao\/wp-content\/uploads\/2024\/09\/fix-classic.jpg","datePublished":"2024-09-19T15:04:11+00:00","dateModified":"2025-09-09T15:47:11+00:00","breadcrumb":{"@id":"https:\/\/www.ecoindustry.co.ao\/produto\/jaguar-fix-classic\/#breadcrumb"},"inLanguage":"fr-FR","potentialAction":[{"@type":"ReadAction","target":["https:\/\/www.ecoindustry.co.ao\/produto\/jaguar-fix-classic\/"]}]},{"@type":"ImageObject","inLanguage":"fr-FR","@id":"https:\/\/www.ecoindustry.co.ao\/produto\/jaguar-fix-classic\/#primaryimage","url":"https:\/\/www.ecoindustry.co.ao\/wp-content\/uploads\/2024\/09\/fix-classic.jpg","contentUrl":"https:\/\/www.ecoindustry.co.ao\/wp-content\/uploads\/2024\/09\/fix-classic.jpg","width":1080,"height":1080},{"@type":"BreadcrumbList","@id":"https:\/\/www.ecoindustry.co.ao\/produto\/jaguar-fix-classic\/#breadcrumb","itemListElement":[{"@type":"ListItem","position":1,"name":"In\u00edcio","item":"https:\/\/www.ecoindustry.co.ao\/"},{"@type":"ListItem","position":2,"name":"Loja","item":"https:\/\/www.ecoindustry.co.ao\/loja\/"},{"@type":"ListItem","position":3,"name":"JAGUAR FIX Classic"}]},{"@type":"WebSite","@id":"https:\/\/www.ecoindustry.co.ao\/#website","url":"https:\/\/www.ecoindustry.co.ao\/","name":"\u00c9coindustrie","description":"Produzimos e comercializamos o melhor, de \u00c1frica para o Mundo.","publisher":{"@id":"https:\/\/www.ecoindustry.co.ao\/#organization"},"potentialAction":[{"@type":"SearchAction","target":{"@type":"EntryPoint","urlTemplate":"https:\/\/www.ecoindustry.co.ao\/?s={search_term_string}"},"query-input":{"@type":"PropertyValueSpecification","valueRequired":true,"valueName":"search_term_string"}}],"inLanguage":"fr-FR"},{"@type":"Organization","@id":"https:\/\/www.ecoindustry.co.ao\/#organization","name":"\u00c9COINDUSTRIE","url":"https:\/\/www.ecoindustry.co.ao\/","logo":{"@type":"ImageObject","inLanguage":"fr-FR","@id":"https:\/\/www.ecoindustry.co.ao\/#\/schema\/logo\/image\/","url":"https:\/\/www.ecoindustry.co.ao\/wp-content\/uploads\/2017\/04\/Logo_Ecoindustry.png","contentUrl":"https:\/\/www.ecoindustry.co.ao\/wp-content\/uploads\/2017\/04\/Logo_Ecoindustry.png","width":584,"height":111,"caption":"ECOINDUSTRY"},"image":{"@id":"https:\/\/www.ecoindustry.co.ao\/#\/schema\/logo\/image\/"},"sameAs":["https:\/\/www.facebook.com\/ecoindustrylda\/","https:\/\/www.linkedin.com\/company\/ecoindustry\/"]}]}},"_links":{"self":[{"href":"https:\/\/www.ecoindustry.co.ao\/fr\/wp-json\/wp\/v2\/product\/7273","targetHints":{"allow":["GET"]}}],"collection":[{"href":"https:\/\/www.ecoindustry.co.ao\/fr\/wp-json\/wp\/v2\/product"}],"about":[{"href":"https:\/\/www.ecoindustry.co.ao\/fr\/wp-json\/wp\/v2\/types\/product"}],"replies":[{"embeddable":true,"href":"https:\/\/www.ecoindustry.co.ao\/fr\/wp-json\/wp\/v2\/comments?post=7273"}],"wp:featuredmedia":[{"embeddable":true,"href":"https:\/\/www.ecoindustry.co.ao\/fr\/wp-json\/wp\/v2\/media\/7274"}],"wp:attachment":[{"href":"https:\/\/www.ecoindustry.co.ao\/fr\/wp-json\/wp\/v2\/media?parent=7273"}],"wp:term":[{"taxonomy":"product_brand","embeddable":true,"href":"https:\/\/www.ecoindustry.co.ao\/fr\/wp-json\/wp\/v2\/product_brand?post=7273"},{"taxonomy":"product_cat","embeddable":true,"href":"https:\/\/www.ecoindustry.co.ao\/fr\/wp-json\/wp\/v2\/product_cat?post=7273"},{"taxonomy":"product_tag","embeddable":true,"href":"https:\/\/www.ecoindustry.co.ao\/fr\/wp-json\/wp\/v2\/product_tag?post=7273"}],"curies":[{"name":"wp","href":"https:\/\/api.w.org\/{rel}","templated":true}]}}