{"id":8707,"date":"2025-09-24T13:23:35","date_gmt":"2025-09-24T13:23:35","guid":{"rendered":"https:\/\/www.ecoindustry.co.ao\/?post_type=product&#038;p=8707"},"modified":"2025-09-24T15:20:06","modified_gmt":"2025-09-24T15:20:06","slug":"ecosand-imbx-1-2-mm","status":"publish","type":"product","link":"https:\/\/www.ecoindustry.co.ao\/en\/product\/ecosand-imbx-1-2-mm\/","title":{"rendered":"ECOSAND IMBX 1 \u2013 2 mm"},"content":{"rendered":"<p class=\"p1\"><strong><span style=\"color: #af2d2c\">ECOSAND IMBX 1 \u2013 2 mm<\/span><\/strong> It is a high-quality siliceous sand, ideal for applications in potable, industrial and process water filtration systems.<\/p>\n<p class=\"p1\">Composed of <strong>94,51% of silicon dioxide (SiO\u2082)<\/strong>, it presents <strong>low presence of impurities<\/strong> such as Fe\u2082O\u2083 (1.03%), Al\u2082O\u2083 (3.19%) and CaO (0.84%), ensuring <strong>chemical stability<\/strong> and <strong>high efficiency<\/strong>.<\/p>\n<p class=\"p1\">The particle size distribution of <strong>1 to 2 mm<\/strong> provides an ideal technical distribution for filtration, with <strong>effective diameter (D10) of 1.064 mm<\/strong>, <strong>apparent density of 1.46 g\/cm\u00b3<\/strong> and <strong>humidity \u2264 5%<\/strong>It also features <strong>uniformity coefficient of 1.52<\/strong> and <strong>Mohs hardness of grade 7<\/strong>, offering superior mechanical resistance.<\/p>\n<p class=\"p1\">Produced in the Luanda-Bengo Special Economic Zone under rigorous laboratory control, this sand ensures <strong>Consistent quality, durability, and high technical performance.<\/strong> in demanding contexts.<\/p>\n<p class=\"p1\"><strong>Available in industrial bags. Manufactured in Angola with the ECOINDUSTRY quality seal.<\/strong><\/p>","protected":false},"excerpt":{"rendered":"<p class=\"p1\"><strong><span style=\"color: #af2d2c\">Siliceous sand with controlled particle size<\/span><\/strong>, specially developed for high-performance filtration systems.<\/p>\n<p class=\"p1\">A <b>ECOSAND IMBX 1 \u2013 2 mm<\/b> offers <span style=\"color: #af2d2c\"><strong>purity, chemical stability and technical efficiency<\/strong><\/span>.<\/p>","protected":false},"featured_media":8352,"comment_status":"closed","ping_status":"closed","template":"","meta":[],"product_brand":[],"product_cat":[286],"product_tag":[232,225,227,217,230,228,229,231,209],"class_list":{"0":"post-8707","1":"product","2":"type-product","3":"status-publish","4":"has-post-thumbnail","6":"product_cat-ecosand","7":"product_tag-alta-vazao","8":"product_tag-areia-grossa","9":"product_tag-camada-suporte","10":"product_tag-eta","11":"product_tag-filtracao-industrial","12":"product_tag-filtro-multicamada","13":"product_tag-pre-filtracao","14":"product_tag-retencao-de-solidos","15":"product_tag-silica","17":"first","18":"instock","19":"shipping-taxable","20":"product-type-simple"},"yoast_head":"<!-- This site is optimized with the Yoast SEO plugin v27.3 - https:\/\/yoast.com\/product\/yoast-seo-wordpress\/ -->\n<title>ECOSAND IMBX 1 \u2013 2 mm - Ecoindustry<\/title>\n<meta name=\"robots\" content=\"index, follow, max-snippet:-1, max-image-preview:large, max-video-preview:-1\" \/>\n<link rel=\"canonical\" href=\"https:\/\/www.ecoindustry.co.ao\/en\/product\/ecosand-imbx-1-2-mm\/\" \/>\n<meta property=\"og:locale\" content=\"en_GB\" \/>\n<meta property=\"og:type\" content=\"article\" \/>\n<meta property=\"og:title\" content=\"ECOSAND IMBX 1 \u2013 2 mm - Ecoindustry\" \/>\n<meta property=\"og:description\" content=\"Areia siliciosa de granulometria controlada, especialmente desenvolvida para sistemas de filtra\u00e7\u00e3o de alto desempenho. A ECOSAND IMBX 1 \u2013 2 mm oferece pureza, estabilidade qu\u00edmica e efici\u00eancia t\u00e9cnica.\" \/>\n<meta property=\"og:url\" content=\"https:\/\/www.ecoindustry.co.ao\/en\/product\/ecosand-imbx-1-2-mm\/\" \/>\n<meta property=\"og:site_name\" content=\"Ecoindustry\" \/>\n<meta property=\"article:publisher\" content=\"https:\/\/www.facebook.com\/ecoindustrylda\/\" \/>\n<meta property=\"article:modified_time\" content=\"2025-09-24T15:20:06+00:00\" \/>\n<meta property=\"og:image\" content=\"https:\/\/www.ecoindustry.co.ao\/wp-content\/uploads\/2025\/09\/ecosand.jpg\" \/>\n\t<meta property=\"og:image:width\" content=\"1080\" \/>\n\t<meta property=\"og:image:height\" content=\"1080\" \/>\n\t<meta property=\"og:image:type\" content=\"image\/jpeg\" \/>\n<meta name=\"twitter:card\" content=\"summary_large_image\" \/>\n<meta name=\"twitter:label1\" content=\"Estimated reading time\" \/>\n\t<meta name=\"twitter:data1\" content=\"1 minute\" \/>\n<script type=\"application\/ld+json\" class=\"yoast-schema-graph\">{\"@context\":\"https:\\\/\\\/schema.org\",\"@graph\":[{\"@type\":\"WebPage\",\"@id\":\"https:\\\/\\\/www.ecoindustry.co.ao\\\/produto\\\/ecosand-imbx-1-2-mm\\\/\",\"url\":\"https:\\\/\\\/www.ecoindustry.co.ao\\\/produto\\\/ecosand-imbx-1-2-mm\\\/\",\"name\":\"ECOSAND IMBX 1 \u2013 2 mm - Ecoindustry\",\"isPartOf\":{\"@id\":\"https:\\\/\\\/www.ecoindustry.co.ao\\\/#website\"},\"primaryImageOfPage\":{\"@id\":\"https:\\\/\\\/www.ecoindustry.co.ao\\\/produto\\\/ecosand-imbx-1-2-mm\\\/#primaryimage\"},\"image\":{\"@id\":\"https:\\\/\\\/www.ecoindustry.co.ao\\\/produto\\\/ecosand-imbx-1-2-mm\\\/#primaryimage\"},\"thumbnailUrl\":\"https:\\\/\\\/www.ecoindustry.co.ao\\\/wp-content\\\/uploads\\\/2025\\\/09\\\/ecosand.jpg\",\"datePublished\":\"2025-09-24T13:23:35+00:00\",\"dateModified\":\"2025-09-24T15:20:06+00:00\",\"breadcrumb\":{\"@id\":\"https:\\\/\\\/www.ecoindustry.co.ao\\\/produto\\\/ecosand-imbx-1-2-mm\\\/#breadcrumb\"},\"inLanguage\":\"en-GB\",\"potentialAction\":[{\"@type\":\"ReadAction\",\"target\":[\"https:\\\/\\\/www.ecoindustry.co.ao\\\/produto\\\/ecosand-imbx-1-2-mm\\\/\"]}]},{\"@type\":\"ImageObject\",\"inLanguage\":\"en-GB\",\"@id\":\"https:\\\/\\\/www.ecoindustry.co.ao\\\/produto\\\/ecosand-imbx-1-2-mm\\\/#primaryimage\",\"url\":\"https:\\\/\\\/www.ecoindustry.co.ao\\\/wp-content\\\/uploads\\\/2025\\\/09\\\/ecosand.jpg\",\"contentUrl\":\"https:\\\/\\\/www.ecoindustry.co.ao\\\/wp-content\\\/uploads\\\/2025\\\/09\\\/ecosand.jpg\",\"width\":1080,\"height\":1080},{\"@type\":\"BreadcrumbList\",\"@id\":\"https:\\\/\\\/www.ecoindustry.co.ao\\\/produto\\\/ecosand-imbx-1-2-mm\\\/#breadcrumb\",\"itemListElement\":[{\"@type\":\"ListItem\",\"position\":1,\"name\":\"In\u00edcio\",\"item\":\"https:\\\/\\\/www.ecoindustry.co.ao\\\/\"},{\"@type\":\"ListItem\",\"position\":2,\"name\":\"Loja\",\"item\":\"https:\\\/\\\/www.ecoindustry.co.ao\\\/loja\\\/\"},{\"@type\":\"ListItem\",\"position\":3,\"name\":\"ECOSAND IMBX 1 \u2013 2 mm\"}]},{\"@type\":\"WebSite\",\"@id\":\"https:\\\/\\\/www.ecoindustry.co.ao\\\/#website\",\"url\":\"https:\\\/\\\/www.ecoindustry.co.ao\\\/\",\"name\":\"Ecoindustry\",\"description\":\"Produzimos e comercializamos o melhor, de \u00c1frica para o Mundo.\",\"publisher\":{\"@id\":\"https:\\\/\\\/www.ecoindustry.co.ao\\\/#organization\"},\"potentialAction\":[{\"@type\":\"SearchAction\",\"target\":{\"@type\":\"EntryPoint\",\"urlTemplate\":\"https:\\\/\\\/www.ecoindustry.co.ao\\\/?s={search_term_string}\"},\"query-input\":{\"@type\":\"PropertyValueSpecification\",\"valueRequired\":true,\"valueName\":\"search_term_string\"}}],\"inLanguage\":\"en-GB\"},{\"@type\":\"Organization\",\"@id\":\"https:\\\/\\\/www.ecoindustry.co.ao\\\/#organization\",\"name\":\"ECOINDUSTRY\",\"url\":\"https:\\\/\\\/www.ecoindustry.co.ao\\\/\",\"logo\":{\"@type\":\"ImageObject\",\"inLanguage\":\"en-GB\",\"@id\":\"https:\\\/\\\/www.ecoindustry.co.ao\\\/#\\\/schema\\\/logo\\\/image\\\/\",\"url\":\"https:\\\/\\\/www.ecoindustry.co.ao\\\/wp-content\\\/uploads\\\/2017\\\/04\\\/Logo_Ecoindustry.png\",\"contentUrl\":\"https:\\\/\\\/www.ecoindustry.co.ao\\\/wp-content\\\/uploads\\\/2017\\\/04\\\/Logo_Ecoindustry.png\",\"width\":584,\"height\":111,\"caption\":\"ECOINDUSTRY\"},\"image\":{\"@id\":\"https:\\\/\\\/www.ecoindustry.co.ao\\\/#\\\/schema\\\/logo\\\/image\\\/\"},\"sameAs\":[\"https:\\\/\\\/www.facebook.com\\\/ecoindustrylda\\\/\",\"https:\\\/\\\/www.linkedin.com\\\/company\\\/ecoindustry\\\/\"]}]}<\/script>\n<!-- \/ Yoast SEO plugin. -->","yoast_head_json":{"title":"ECOSAND IMBX 1 \u2013 2 mm - Ecoindustry","robots":{"index":"index","follow":"follow","max-snippet":"max-snippet:-1","max-image-preview":"max-image-preview:large","max-video-preview":"max-video-preview:-1"},"canonical":"https:\/\/www.ecoindustry.co.ao\/en\/product\/ecosand-imbx-1-2-mm\/","og_locale":"en_GB","og_type":"article","og_title":"ECOSAND IMBX 1 \u2013 2 mm - Ecoindustry","og_description":"Areia siliciosa de granulometria controlada, especialmente desenvolvida para sistemas de filtra\u00e7\u00e3o de alto desempenho. A ECOSAND IMBX 1 \u2013 2 mm oferece pureza, estabilidade qu\u00edmica e efici\u00eancia t\u00e9cnica.","og_url":"https:\/\/www.ecoindustry.co.ao\/en\/product\/ecosand-imbx-1-2-mm\/","og_site_name":"Ecoindustry","article_publisher":"https:\/\/www.facebook.com\/ecoindustrylda\/","article_modified_time":"2025-09-24T15:20:06+00:00","og_image":[{"width":1080,"height":1080,"url":"https:\/\/www.ecoindustry.co.ao\/wp-content\/uploads\/2025\/09\/ecosand.jpg","type":"image\/jpeg"}],"twitter_card":"summary_large_image","twitter_misc":{"Estimated reading time":"1 minute"},"schema":{"@context":"https:\/\/schema.org","@graph":[{"@type":"WebPage","@id":"https:\/\/www.ecoindustry.co.ao\/produto\/ecosand-imbx-1-2-mm\/","url":"https:\/\/www.ecoindustry.co.ao\/produto\/ecosand-imbx-1-2-mm\/","name":"ECOSAND IMBX 1 \u2013 2 mm - Ecoindustry","isPartOf":{"@id":"https:\/\/www.ecoindustry.co.ao\/#website"},"primaryImageOfPage":{"@id":"https:\/\/www.ecoindustry.co.ao\/produto\/ecosand-imbx-1-2-mm\/#primaryimage"},"image":{"@id":"https:\/\/www.ecoindustry.co.ao\/produto\/ecosand-imbx-1-2-mm\/#primaryimage"},"thumbnailUrl":"https:\/\/www.ecoindustry.co.ao\/wp-content\/uploads\/2025\/09\/ecosand.jpg","datePublished":"2025-09-24T13:23:35+00:00","dateModified":"2025-09-24T15:20:06+00:00","breadcrumb":{"@id":"https:\/\/www.ecoindustry.co.ao\/produto\/ecosand-imbx-1-2-mm\/#breadcrumb"},"inLanguage":"en-GB","potentialAction":[{"@type":"ReadAction","target":["https:\/\/www.ecoindustry.co.ao\/produto\/ecosand-imbx-1-2-mm\/"]}]},{"@type":"ImageObject","inLanguage":"en-GB","@id":"https:\/\/www.ecoindustry.co.ao\/produto\/ecosand-imbx-1-2-mm\/#primaryimage","url":"https:\/\/www.ecoindustry.co.ao\/wp-content\/uploads\/2025\/09\/ecosand.jpg","contentUrl":"https:\/\/www.ecoindustry.co.ao\/wp-content\/uploads\/2025\/09\/ecosand.jpg","width":1080,"height":1080},{"@type":"BreadcrumbList","@id":"https:\/\/www.ecoindustry.co.ao\/produto\/ecosand-imbx-1-2-mm\/#breadcrumb","itemListElement":[{"@type":"ListItem","position":1,"name":"In\u00edcio","item":"https:\/\/www.ecoindustry.co.ao\/"},{"@type":"ListItem","position":2,"name":"Loja","item":"https:\/\/www.ecoindustry.co.ao\/loja\/"},{"@type":"ListItem","position":3,"name":"ECOSAND IMBX 1 \u2013 2 mm"}]},{"@type":"WebSite","@id":"https:\/\/www.ecoindustry.co.ao\/#website","url":"https:\/\/www.ecoindustry.co.ao\/","name":"Ecoindustry","description":"Produzimos e comercializamos o melhor, de \u00c1frica para o Mundo.","publisher":{"@id":"https:\/\/www.ecoindustry.co.ao\/#organization"},"potentialAction":[{"@type":"SearchAction","target":{"@type":"EntryPoint","urlTemplate":"https:\/\/www.ecoindustry.co.ao\/?s={search_term_string}"},"query-input":{"@type":"PropertyValueSpecification","valueRequired":true,"valueName":"search_term_string"}}],"inLanguage":"en-GB"},{"@type":"Organization","@id":"https:\/\/www.ecoindustry.co.ao\/#organization","name":"ECOINDUSTRY","url":"https:\/\/www.ecoindustry.co.ao\/","logo":{"@type":"ImageObject","inLanguage":"en-GB","@id":"https:\/\/www.ecoindustry.co.ao\/#\/schema\/logo\/image\/","url":"https:\/\/www.ecoindustry.co.ao\/wp-content\/uploads\/2017\/04\/Logo_Ecoindustry.png","contentUrl":"https:\/\/www.ecoindustry.co.ao\/wp-content\/uploads\/2017\/04\/Logo_Ecoindustry.png","width":584,"height":111,"caption":"ECOINDUSTRY"},"image":{"@id":"https:\/\/www.ecoindustry.co.ao\/#\/schema\/logo\/image\/"},"sameAs":["https:\/\/www.facebook.com\/ecoindustrylda\/","https:\/\/www.linkedin.com\/company\/ecoindustry\/"]}]}},"_links":{"self":[{"href":"https:\/\/www.ecoindustry.co.ao\/en\/wp-json\/wp\/v2\/product\/8707","targetHints":{"allow":["GET"]}}],"collection":[{"href":"https:\/\/www.ecoindustry.co.ao\/en\/wp-json\/wp\/v2\/product"}],"about":[{"href":"https:\/\/www.ecoindustry.co.ao\/en\/wp-json\/wp\/v2\/types\/product"}],"replies":[{"embeddable":true,"href":"https:\/\/www.ecoindustry.co.ao\/en\/wp-json\/wp\/v2\/comments?post=8707"}],"wp:featuredmedia":[{"embeddable":true,"href":"https:\/\/www.ecoindustry.co.ao\/en\/wp-json\/wp\/v2\/media\/8352"}],"wp:attachment":[{"href":"https:\/\/www.ecoindustry.co.ao\/en\/wp-json\/wp\/v2\/media?parent=8707"}],"wp:term":[{"taxonomy":"product_brand","embeddable":true,"href":"https:\/\/www.ecoindustry.co.ao\/en\/wp-json\/wp\/v2\/product_brand?post=8707"},{"taxonomy":"product_cat","embeddable":true,"href":"https:\/\/www.ecoindustry.co.ao\/en\/wp-json\/wp\/v2\/product_cat?post=8707"},{"taxonomy":"product_tag","embeddable":true,"href":"https:\/\/www.ecoindustry.co.ao\/en\/wp-json\/wp\/v2\/product_tag?post=8707"}],"curies":[{"name":"wp","href":"https:\/\/api.w.org\/{rel}","templated":true}]}}