{"id":7932,"date":"2025-05-23T10:39:34","date_gmt":"2025-05-23T10:39:34","guid":{"rendered":"https:\/\/www.ecoindustry.co.ao\/?post_type=product&#038;p=7932"},"modified":"2025-09-09T11:12:13","modified_gmt":"2025-09-09T11:12:13","slug":"7932","status":"publish","type":"product","link":"https:\/\/www.ecoindustry.co.ao\/en\/product\/7932\/","title":{"rendered":"ECO.CAL SC 50 \u2013 CAUSTIC SODA A 50% (LIQUID SODIUM HYDROXIDE)"},"content":{"rendered":"<p class=\"p1\"><span class=\"s1\"><b>ECO.CAL SC 50<\/b><\/span> it is a <span style=\"color: #af2d2c\"><strong>aqueous solution of caustic soda (NaOH) at 50%<\/strong><\/span>A high-purity solution intended for industrial processes requiring a potent and safe alkaline agent. It is a colorless, odorless liquid, completely soluble in water and alcohols, but insoluble in organic solvents.<\/p>\n<p class=\"p1\">It is widely used in various industries such as: pulp and paper manufacturing, aluminum production, soaps and detergents, water treatment, vegetable oil refining, sodium salt manufacturing, cosmetics, dyes, pigments, and glass. It is also suitable for... <strong>pH correction in boiler water<\/strong>.<\/p>\n<p class=\"p1\">With an average density of 1.53 g\/cm\u00b3, a boiling point of 143 \u00b0C, and a strongly alkaline pH, this product must be handled with strict safety precautions. It is a corrosive product that reacts with water and acids, making the use of complete PPE mandatory during handling and storage.<\/p>\n<p class=\"p1\">It should be stored between 15\u00b0C and 25\u00b0C, in dry, well-ventilated areas, away from flammable or incompatible materials such as phenol. It should not be disposed of in the environment.<\/p>\n<h3><\/h3>\n<p><b>Features:<\/b><\/p>\n<p class=\"p1\">\u2022 Liquid sodium hydroxide (NaOH) at 50%;<\/p>\n<p class=\"p1\">\u2022 Industrial application in multiple sectors;<\/p>\n<p class=\"p1\">\u2022 Strongly alkaline, highly corrosive;<\/p>\n<p class=\"p1\">\u2022 Completely soluble in water and alcohols;<\/p>\n<p class=\"p1\">\u2022 Store safely between 15\u00b0C and 25\u00b0C.<\/p>","protected":false},"excerpt":{"rendered":"<p class=\"p1\"><span class=\"s1\"><b>ECO.CAL SC 50<\/b><\/span> it is a <span style=\"color: #af2d2c\"><strong>50% sodium hydroxide liquid solution<\/strong><\/span>Highly effective for demanding industrial applications.<\/p>\n<p class=\"p1\">Used in the manufacture of paper, aluminum, detergents, water treatment, vegetable oil refining, and pH correction in boiler systems.<\/p>","protected":false},"featured_media":4116,"comment_status":"open","ping_status":"closed","template":"","meta":[],"product_brand":[],"product_cat":[290],"product_tag":[127,374,306,371,372,125,373,370,150],"class_list":{"0":"post-7932","1":"product","2":"type-product","3":"status-publish","4":"has-post-thumbnail","6":"product_cat-caldeiras","7":"product_tag-alcalinizante","8":"product_tag-detergentes","9":"product_tag-ecoindustry","10":"product_tag-hidroxido-de-sodio","11":"product_tag-industria-quimica","12":"product_tag-ph","13":"product_tag-refinacao","14":"product_tag-soda-caustica","15":"product_tag-tratamento-de-agua","17":"first","18":"instock","19":"shipping-taxable","20":"product-type-simple"},"yoast_head":"<!-- This site is optimized with the Yoast SEO plugin v27.3 - https:\/\/yoast.com\/product\/yoast-seo-wordpress\/ -->\n<title>ECO.CAL SC 50 \u2013 SODA C\u00c1USTICA A 50% (HIDR\u00d3XIDO DE S\u00d3DIO L\u00cdQUIDO) - Ecoindustry<\/title>\n<meta name=\"robots\" content=\"index, follow, max-snippet:-1, max-image-preview:large, max-video-preview:-1\" \/>\n<link rel=\"canonical\" href=\"https:\/\/www.ecoindustry.co.ao\/en\/product\/7932\/\" \/>\n<meta property=\"og:locale\" content=\"en_GB\" \/>\n<meta property=\"og:type\" content=\"article\" \/>\n<meta property=\"og:title\" content=\"ECO.CAL SC 50 \u2013 SODA C\u00c1USTICA A 50% (HIDR\u00d3XIDO DE S\u00d3DIO L\u00cdQUIDO) - Ecoindustry\" \/>\n<meta property=\"og:description\" content=\"ECO.CAL SC 50 \u00e9 uma solu\u00e7\u00e3o l\u00edquida de hidr\u00f3xido de s\u00f3dio a 50%, altamente eficaz para aplica\u00e7\u00f5es industriais exigentes. Utilizada no fabrico de papel, alum\u00ednio, detergentes, tratamento de \u00e1gua, refina\u00e7\u00e3o de \u00f3leos vegetais e correc\u00e7\u00e3o de pH em sistemas de caldeiras.\" \/>\n<meta property=\"og:url\" content=\"https:\/\/www.ecoindustry.co.ao\/en\/product\/7932\/\" \/>\n<meta property=\"og:site_name\" content=\"Ecoindustry\" \/>\n<meta property=\"article:publisher\" content=\"https:\/\/www.facebook.com\/ecoindustrylda\/\" \/>\n<meta property=\"article:modified_time\" content=\"2025-09-09T11:12:13+00:00\" \/>\n<meta property=\"og:image\" content=\"https:\/\/www.ecoindustry.co.ao\/wp-content\/uploads\/2020\/11\/ECO.CAL-SC-50.jpg\" \/>\n\t<meta property=\"og:image:width\" content=\"1200\" \/>\n\t<meta property=\"og:image:height\" content=\"800\" \/>\n\t<meta property=\"og:image:type\" content=\"image\/jpeg\" \/>\n<meta name=\"twitter:card\" content=\"summary_large_image\" \/>\n<meta name=\"twitter:label1\" content=\"Estimated reading time\" \/>\n\t<meta name=\"twitter:data1\" content=\"1 minute\" \/>\n<script type=\"application\/ld+json\" class=\"yoast-schema-graph\">{\"@context\":\"https:\\\/\\\/schema.org\",\"@graph\":[{\"@type\":\"WebPage\",\"@id\":\"https:\\\/\\\/www.ecoindustry.co.ao\\\/produto\\\/7932\\\/\",\"url\":\"https:\\\/\\\/www.ecoindustry.co.ao\\\/produto\\\/7932\\\/\",\"name\":\"ECO.CAL SC 50 \u2013 SODA C\u00c1USTICA A 50% (HIDR\u00d3XIDO DE S\u00d3DIO L\u00cdQUIDO) - Ecoindustry\",\"isPartOf\":{\"@id\":\"https:\\\/\\\/www.ecoindustry.co.ao\\\/#website\"},\"primaryImageOfPage\":{\"@id\":\"https:\\\/\\\/www.ecoindustry.co.ao\\\/produto\\\/7932\\\/#primaryimage\"},\"image\":{\"@id\":\"https:\\\/\\\/www.ecoindustry.co.ao\\\/produto\\\/7932\\\/#primaryimage\"},\"thumbnailUrl\":\"https:\\\/\\\/www.ecoindustry.co.ao\\\/wp-content\\\/uploads\\\/2020\\\/11\\\/ECO.CAL-SC-50.jpg\",\"datePublished\":\"2025-05-23T10:39:34+00:00\",\"dateModified\":\"2025-09-09T11:12:13+00:00\",\"breadcrumb\":{\"@id\":\"https:\\\/\\\/www.ecoindustry.co.ao\\\/produto\\\/7932\\\/#breadcrumb\"},\"inLanguage\":\"en-GB\",\"potentialAction\":[{\"@type\":\"ReadAction\",\"target\":[\"https:\\\/\\\/www.ecoindustry.co.ao\\\/produto\\\/7932\\\/\"]}]},{\"@type\":\"ImageObject\",\"inLanguage\":\"en-GB\",\"@id\":\"https:\\\/\\\/www.ecoindustry.co.ao\\\/produto\\\/7932\\\/#primaryimage\",\"url\":\"https:\\\/\\\/www.ecoindustry.co.ao\\\/wp-content\\\/uploads\\\/2020\\\/11\\\/ECO.CAL-SC-50.jpg\",\"contentUrl\":\"https:\\\/\\\/www.ecoindustry.co.ao\\\/wp-content\\\/uploads\\\/2020\\\/11\\\/ECO.CAL-SC-50.jpg\",\"width\":1200,\"height\":800},{\"@type\":\"BreadcrumbList\",\"@id\":\"https:\\\/\\\/www.ecoindustry.co.ao\\\/produto\\\/7932\\\/#breadcrumb\",\"itemListElement\":[{\"@type\":\"ListItem\",\"position\":1,\"name\":\"In\u00edcio\",\"item\":\"https:\\\/\\\/www.ecoindustry.co.ao\\\/\"},{\"@type\":\"ListItem\",\"position\":2,\"name\":\"Loja\",\"item\":\"https:\\\/\\\/www.ecoindustry.co.ao\\\/loja\\\/\"},{\"@type\":\"ListItem\",\"position\":3,\"name\":\"ECO.CAL SC 50 \u2013 SODA C\u00c1USTICA A 50% (HIDR\u00d3XIDO DE S\u00d3DIO L\u00cdQUIDO)\"}]},{\"@type\":\"WebSite\",\"@id\":\"https:\\\/\\\/www.ecoindustry.co.ao\\\/#website\",\"url\":\"https:\\\/\\\/www.ecoindustry.co.ao\\\/\",\"name\":\"Ecoindustry\",\"description\":\"Produzimos e comercializamos o melhor, de \u00c1frica para o Mundo.\",\"publisher\":{\"@id\":\"https:\\\/\\\/www.ecoindustry.co.ao\\\/#organization\"},\"potentialAction\":[{\"@type\":\"SearchAction\",\"target\":{\"@type\":\"EntryPoint\",\"urlTemplate\":\"https:\\\/\\\/www.ecoindustry.co.ao\\\/?s={search_term_string}\"},\"query-input\":{\"@type\":\"PropertyValueSpecification\",\"valueRequired\":true,\"valueName\":\"search_term_string\"}}],\"inLanguage\":\"en-GB\"},{\"@type\":\"Organization\",\"@id\":\"https:\\\/\\\/www.ecoindustry.co.ao\\\/#organization\",\"name\":\"ECOINDUSTRY\",\"url\":\"https:\\\/\\\/www.ecoindustry.co.ao\\\/\",\"logo\":{\"@type\":\"ImageObject\",\"inLanguage\":\"en-GB\",\"@id\":\"https:\\\/\\\/www.ecoindustry.co.ao\\\/#\\\/schema\\\/logo\\\/image\\\/\",\"url\":\"https:\\\/\\\/www.ecoindustry.co.ao\\\/wp-content\\\/uploads\\\/2017\\\/04\\\/Logo_Ecoindustry.png\",\"contentUrl\":\"https:\\\/\\\/www.ecoindustry.co.ao\\\/wp-content\\\/uploads\\\/2017\\\/04\\\/Logo_Ecoindustry.png\",\"width\":584,\"height\":111,\"caption\":\"ECOINDUSTRY\"},\"image\":{\"@id\":\"https:\\\/\\\/www.ecoindustry.co.ao\\\/#\\\/schema\\\/logo\\\/image\\\/\"},\"sameAs\":[\"https:\\\/\\\/www.facebook.com\\\/ecoindustrylda\\\/\",\"https:\\\/\\\/www.linkedin.com\\\/company\\\/ecoindustry\\\/\"]}]}<\/script>\n<!-- \/ Yoast SEO plugin. -->","yoast_head_json":{"title":"ECO.CAL SC 50 \u2013 SODA C\u00c1USTICA A 50% (HIDR\u00d3XIDO DE S\u00d3DIO L\u00cdQUIDO) - Ecoindustry","robots":{"index":"index","follow":"follow","max-snippet":"max-snippet:-1","max-image-preview":"max-image-preview:large","max-video-preview":"max-video-preview:-1"},"canonical":"https:\/\/www.ecoindustry.co.ao\/en\/product\/7932\/","og_locale":"en_GB","og_type":"article","og_title":"ECO.CAL SC 50 \u2013 SODA C\u00c1USTICA A 50% (HIDR\u00d3XIDO DE S\u00d3DIO L\u00cdQUIDO) - Ecoindustry","og_description":"ECO.CAL SC 50 \u00e9 uma solu\u00e7\u00e3o l\u00edquida de hidr\u00f3xido de s\u00f3dio a 50%, altamente eficaz para aplica\u00e7\u00f5es industriais exigentes. Utilizada no fabrico de papel, alum\u00ednio, detergentes, tratamento de \u00e1gua, refina\u00e7\u00e3o de \u00f3leos vegetais e correc\u00e7\u00e3o de pH em sistemas de caldeiras.","og_url":"https:\/\/www.ecoindustry.co.ao\/en\/product\/7932\/","og_site_name":"Ecoindustry","article_publisher":"https:\/\/www.facebook.com\/ecoindustrylda\/","article_modified_time":"2025-09-09T11:12:13+00:00","og_image":[{"width":1200,"height":800,"url":"https:\/\/www.ecoindustry.co.ao\/wp-content\/uploads\/2020\/11\/ECO.CAL-SC-50.jpg","type":"image\/jpeg"}],"twitter_card":"summary_large_image","twitter_misc":{"Estimated reading time":"1 minute"},"schema":{"@context":"https:\/\/schema.org","@graph":[{"@type":"WebPage","@id":"https:\/\/www.ecoindustry.co.ao\/produto\/7932\/","url":"https:\/\/www.ecoindustry.co.ao\/produto\/7932\/","name":"ECO.CAL SC 50 \u2013 SODA C\u00c1USTICA A 50% (HIDR\u00d3XIDO DE S\u00d3DIO L\u00cdQUIDO) - Ecoindustry","isPartOf":{"@id":"https:\/\/www.ecoindustry.co.ao\/#website"},"primaryImageOfPage":{"@id":"https:\/\/www.ecoindustry.co.ao\/produto\/7932\/#primaryimage"},"image":{"@id":"https:\/\/www.ecoindustry.co.ao\/produto\/7932\/#primaryimage"},"thumbnailUrl":"https:\/\/www.ecoindustry.co.ao\/wp-content\/uploads\/2020\/11\/ECO.CAL-SC-50.jpg","datePublished":"2025-05-23T10:39:34+00:00","dateModified":"2025-09-09T11:12:13+00:00","breadcrumb":{"@id":"https:\/\/www.ecoindustry.co.ao\/produto\/7932\/#breadcrumb"},"inLanguage":"en-GB","potentialAction":[{"@type":"ReadAction","target":["https:\/\/www.ecoindustry.co.ao\/produto\/7932\/"]}]},{"@type":"ImageObject","inLanguage":"en-GB","@id":"https:\/\/www.ecoindustry.co.ao\/produto\/7932\/#primaryimage","url":"https:\/\/www.ecoindustry.co.ao\/wp-content\/uploads\/2020\/11\/ECO.CAL-SC-50.jpg","contentUrl":"https:\/\/www.ecoindustry.co.ao\/wp-content\/uploads\/2020\/11\/ECO.CAL-SC-50.jpg","width":1200,"height":800},{"@type":"BreadcrumbList","@id":"https:\/\/www.ecoindustry.co.ao\/produto\/7932\/#breadcrumb","itemListElement":[{"@type":"ListItem","position":1,"name":"In\u00edcio","item":"https:\/\/www.ecoindustry.co.ao\/"},{"@type":"ListItem","position":2,"name":"Loja","item":"https:\/\/www.ecoindustry.co.ao\/loja\/"},{"@type":"ListItem","position":3,"name":"ECO.CAL SC 50 \u2013 SODA C\u00c1USTICA A 50% (HIDR\u00d3XIDO DE S\u00d3DIO L\u00cdQUIDO)"}]},{"@type":"WebSite","@id":"https:\/\/www.ecoindustry.co.ao\/#website","url":"https:\/\/www.ecoindustry.co.ao\/","name":"Ecoindustry","description":"Produzimos e comercializamos o melhor, de \u00c1frica para o Mundo.","publisher":{"@id":"https:\/\/www.ecoindustry.co.ao\/#organization"},"potentialAction":[{"@type":"SearchAction","target":{"@type":"EntryPoint","urlTemplate":"https:\/\/www.ecoindustry.co.ao\/?s={search_term_string}"},"query-input":{"@type":"PropertyValueSpecification","valueRequired":true,"valueName":"search_term_string"}}],"inLanguage":"en-GB"},{"@type":"Organization","@id":"https:\/\/www.ecoindustry.co.ao\/#organization","name":"ECOINDUSTRY","url":"https:\/\/www.ecoindustry.co.ao\/","logo":{"@type":"ImageObject","inLanguage":"en-GB","@id":"https:\/\/www.ecoindustry.co.ao\/#\/schema\/logo\/image\/","url":"https:\/\/www.ecoindustry.co.ao\/wp-content\/uploads\/2017\/04\/Logo_Ecoindustry.png","contentUrl":"https:\/\/www.ecoindustry.co.ao\/wp-content\/uploads\/2017\/04\/Logo_Ecoindustry.png","width":584,"height":111,"caption":"ECOINDUSTRY"},"image":{"@id":"https:\/\/www.ecoindustry.co.ao\/#\/schema\/logo\/image\/"},"sameAs":["https:\/\/www.facebook.com\/ecoindustrylda\/","https:\/\/www.linkedin.com\/company\/ecoindustry\/"]}]}},"_links":{"self":[{"href":"https:\/\/www.ecoindustry.co.ao\/en\/wp-json\/wp\/v2\/product\/7932","targetHints":{"allow":["GET"]}}],"collection":[{"href":"https:\/\/www.ecoindustry.co.ao\/en\/wp-json\/wp\/v2\/product"}],"about":[{"href":"https:\/\/www.ecoindustry.co.ao\/en\/wp-json\/wp\/v2\/types\/product"}],"replies":[{"embeddable":true,"href":"https:\/\/www.ecoindustry.co.ao\/en\/wp-json\/wp\/v2\/comments?post=7932"}],"wp:featuredmedia":[{"embeddable":true,"href":"https:\/\/www.ecoindustry.co.ao\/en\/wp-json\/wp\/v2\/media\/4116"}],"wp:attachment":[{"href":"https:\/\/www.ecoindustry.co.ao\/en\/wp-json\/wp\/v2\/media?parent=7932"}],"wp:term":[{"taxonomy":"product_brand","embeddable":true,"href":"https:\/\/www.ecoindustry.co.ao\/en\/wp-json\/wp\/v2\/product_brand?post=7932"},{"taxonomy":"product_cat","embeddable":true,"href":"https:\/\/www.ecoindustry.co.ao\/en\/wp-json\/wp\/v2\/product_cat?post=7932"},{"taxonomy":"product_tag","embeddable":true,"href":"https:\/\/www.ecoindustry.co.ao\/en\/wp-json\/wp\/v2\/product_tag?post=7932"}],"curies":[{"name":"wp","href":"https:\/\/api.w.org\/{rel}","templated":true}]}}