{"id":7929,"date":"2025-05-23T10:39:34","date_gmt":"2025-05-23T10:39:34","guid":{"rendered":"https:\/\/www.ecoindustry.co.ao\/?post_type=product&#038;p=7929"},"modified":"2025-09-09T11:12:22","modified_gmt":"2025-09-09T11:12:22","slug":"7929","status":"publish","type":"product","link":"https:\/\/www.ecoindustry.co.ao\/en\/product\/7929\/","title":{"rendered":"ECO.CAL BO 36 \u2013 Deoxygenator for Water-Vapor Systems"},"content":{"rendered":"<p class=\"p1\"><span class=\"s1\"><b>ECO.CAL BO 36<\/b><\/span> it is a <span style=\"color: #af2d2c\"><strong>deoxygenating product<\/strong><\/span> formulated based on <b>sodium sulfite<\/b> with an incorporated catalyst, for the effective removal of dissolved oxygen in boiler systems and steam-water circuits. The product is <strong>authorized by the FDA<\/strong> for contact with steam used in the food industry.<\/p>\n<p class=\"p1\">The recommended dosage depends on the oxygen content in the feedwater and the boiler pressure, ranging between 27 and 30 ppm of product for each ppm of oxygen to be removed. A residual sulfite level must also be maintained according to the operating pressure, ensuring continuous protection against corrosion.<\/p>\n<p class=\"p1\">It should be applied continuously in feed or degassing tanks, always using demineralized or condensed water for dilution. Compatible with materials such as 316 stainless steel, PVC, PVDF, Teflon, and polyethylene. It has a pH of 8.0 to 9.0 and is completely soluble in water.<\/p>\n<h3><\/h3>\n<p><b>Features:<\/b><\/p>\n<p class=\"p1\">\u2022 Liquid solution with sodium sulfite and incorporated catalyst;<\/p>\n<p class=\"p1\">\u2022 Effective for removing oxygen from boiler systems;<\/p>\n<p class=\"p1\">\u2022 Suitable for food use (FDA \u2013 Section 173.310);<\/p>\n<p class=\"p1\">\u2022 pH 8.0\u20139.0, reddish transparent appearance, pungent odor;<\/p>\n<p class=\"p1\">\u2022 Continuous application in water-steam systems with appropriate dilution.<\/p>","protected":false},"excerpt":{"rendered":"<p class=\"p1\"><span class=\"s1\"><b>ECO.CAL BO 36<\/b><\/span> it is a <span style=\"color: #af2d2c\"><strong>liquid deoxygenating agent<\/strong><\/span> Based on sodium sulfite, indicated for removing dissolved oxygen in steam production systems and industrial boilers.<\/p>\n<p class=\"p1\">Formulated with a catalyst to accelerate the reaction, it is compatible with food industry systems, as authorized by the FDA (section 173.310), for use in contact with food.<\/p>","protected":false},"featured_media":4119,"comment_status":"open","ping_status":"closed","template":"","meta":[],"product_brand":[],"product_cat":[290],"product_tag":[357,355,306,360,359,361,356,362],"class_list":{"0":"post-7929","1":"product","2":"type-product","3":"status-publish","4":"has-post-thumbnail","6":"product_cat-caldeiras","7":"product_tag-caldeiras","8":"product_tag-desoxigenante","9":"product_tag-ecoindustry","10":"product_tag-fda","11":"product_tag-industria-alimentar","12":"product_tag-sistemas-agua-vapor","13":"product_tag-sulfito-de-sodio","14":"product_tag-tratamento-de-vapor","16":"first","17":"instock","18":"shipping-taxable","19":"product-type-simple"},"yoast_head":"<!-- This site is optimized with the Yoast SEO plugin v27.3 - https:\/\/yoast.com\/product\/yoast-seo-wordpress\/ -->\n<title>ECO.CAL BO 36 \u2013 DESOXIGENANTE PARA SISTEMAS \u00c1GUA-VAPOR - Ecoindustry<\/title>\n<meta name=\"robots\" content=\"index, follow, max-snippet:-1, max-image-preview:large, max-video-preview:-1\" \/>\n<link rel=\"canonical\" href=\"https:\/\/www.ecoindustry.co.ao\/en\/product\/7929\/\" \/>\n<meta property=\"og:locale\" content=\"en_GB\" \/>\n<meta property=\"og:type\" content=\"article\" \/>\n<meta property=\"og:title\" content=\"ECO.CAL BO 36 \u2013 DESOXIGENANTE PARA SISTEMAS \u00c1GUA-VAPOR - Ecoindustry\" \/>\n<meta property=\"og:description\" content=\"ECO.CAL BO 36 \u00e9 um desoxigenante l\u00edquido com base em sulfito de s\u00f3dio, indicado para remover oxig\u00e9nio dissolvido em sistemas de produ\u00e7\u00e3o de vapor e caldeiras industriais. Formulado com catalisador para acelerar a reac\u00e7\u00e3o, \u00e9 compat\u00edvel com sistemas da ind\u00fastria alimentar, conforme autorizado pela FDA (sec\u00e7\u00e3o 173.310), para utiliza\u00e7\u00e3o em contacto com alimentos.\" \/>\n<meta property=\"og:url\" content=\"https:\/\/www.ecoindustry.co.ao\/en\/product\/7929\/\" \/>\n<meta property=\"og:site_name\" content=\"Ecoindustry\" \/>\n<meta property=\"article:publisher\" content=\"https:\/\/www.facebook.com\/ecoindustrylda\/\" \/>\n<meta property=\"article:modified_time\" content=\"2025-09-09T11:12:22+00:00\" \/>\n<meta property=\"og:image\" content=\"https:\/\/www.ecoindustry.co.ao\/wp-content\/uploads\/2020\/11\/ECO.CAL-BO-36.jpg\" \/>\n\t<meta property=\"og:image:width\" content=\"1200\" \/>\n\t<meta property=\"og:image:height\" content=\"800\" \/>\n\t<meta property=\"og:image:type\" content=\"image\/jpeg\" \/>\n<meta name=\"twitter:card\" content=\"summary_large_image\" \/>\n<meta name=\"twitter:label1\" content=\"Estimated reading time\" \/>\n\t<meta name=\"twitter:data1\" content=\"1 minute\" \/>\n<script type=\"application\/ld+json\" class=\"yoast-schema-graph\">{\"@context\":\"https:\\\/\\\/schema.org\",\"@graph\":[{\"@type\":\"WebPage\",\"@id\":\"https:\\\/\\\/www.ecoindustry.co.ao\\\/produto\\\/7929\\\/\",\"url\":\"https:\\\/\\\/www.ecoindustry.co.ao\\\/produto\\\/7929\\\/\",\"name\":\"ECO.CAL BO 36 \u2013 DESOXIGENANTE PARA SISTEMAS \u00c1GUA-VAPOR - Ecoindustry\",\"isPartOf\":{\"@id\":\"https:\\\/\\\/www.ecoindustry.co.ao\\\/#website\"},\"primaryImageOfPage\":{\"@id\":\"https:\\\/\\\/www.ecoindustry.co.ao\\\/produto\\\/7929\\\/#primaryimage\"},\"image\":{\"@id\":\"https:\\\/\\\/www.ecoindustry.co.ao\\\/produto\\\/7929\\\/#primaryimage\"},\"thumbnailUrl\":\"https:\\\/\\\/www.ecoindustry.co.ao\\\/wp-content\\\/uploads\\\/2020\\\/11\\\/ECO.CAL-BO-36.jpg\",\"datePublished\":\"2025-05-23T10:39:34+00:00\",\"dateModified\":\"2025-09-09T11:12:22+00:00\",\"breadcrumb\":{\"@id\":\"https:\\\/\\\/www.ecoindustry.co.ao\\\/produto\\\/7929\\\/#breadcrumb\"},\"inLanguage\":\"en-GB\",\"potentialAction\":[{\"@type\":\"ReadAction\",\"target\":[\"https:\\\/\\\/www.ecoindustry.co.ao\\\/produto\\\/7929\\\/\"]}]},{\"@type\":\"ImageObject\",\"inLanguage\":\"en-GB\",\"@id\":\"https:\\\/\\\/www.ecoindustry.co.ao\\\/produto\\\/7929\\\/#primaryimage\",\"url\":\"https:\\\/\\\/www.ecoindustry.co.ao\\\/wp-content\\\/uploads\\\/2020\\\/11\\\/ECO.CAL-BO-36.jpg\",\"contentUrl\":\"https:\\\/\\\/www.ecoindustry.co.ao\\\/wp-content\\\/uploads\\\/2020\\\/11\\\/ECO.CAL-BO-36.jpg\",\"width\":1200,\"height\":800},{\"@type\":\"BreadcrumbList\",\"@id\":\"https:\\\/\\\/www.ecoindustry.co.ao\\\/produto\\\/7929\\\/#breadcrumb\",\"itemListElement\":[{\"@type\":\"ListItem\",\"position\":1,\"name\":\"In\u00edcio\",\"item\":\"https:\\\/\\\/www.ecoindustry.co.ao\\\/\"},{\"@type\":\"ListItem\",\"position\":2,\"name\":\"Loja\",\"item\":\"https:\\\/\\\/www.ecoindustry.co.ao\\\/loja\\\/\"},{\"@type\":\"ListItem\",\"position\":3,\"name\":\"ECO.CAL BO 36 \u2013 DESOXIGENANTE PARA SISTEMAS \u00c1GUA-VAPOR\"}]},{\"@type\":\"WebSite\",\"@id\":\"https:\\\/\\\/www.ecoindustry.co.ao\\\/#website\",\"url\":\"https:\\\/\\\/www.ecoindustry.co.ao\\\/\",\"name\":\"Ecoindustry\",\"description\":\"Produzimos e comercializamos o melhor, de \u00c1frica para o Mundo.\",\"publisher\":{\"@id\":\"https:\\\/\\\/www.ecoindustry.co.ao\\\/#organization\"},\"potentialAction\":[{\"@type\":\"SearchAction\",\"target\":{\"@type\":\"EntryPoint\",\"urlTemplate\":\"https:\\\/\\\/www.ecoindustry.co.ao\\\/?s={search_term_string}\"},\"query-input\":{\"@type\":\"PropertyValueSpecification\",\"valueRequired\":true,\"valueName\":\"search_term_string\"}}],\"inLanguage\":\"en-GB\"},{\"@type\":\"Organization\",\"@id\":\"https:\\\/\\\/www.ecoindustry.co.ao\\\/#organization\",\"name\":\"ECOINDUSTRY\",\"url\":\"https:\\\/\\\/www.ecoindustry.co.ao\\\/\",\"logo\":{\"@type\":\"ImageObject\",\"inLanguage\":\"en-GB\",\"@id\":\"https:\\\/\\\/www.ecoindustry.co.ao\\\/#\\\/schema\\\/logo\\\/image\\\/\",\"url\":\"https:\\\/\\\/www.ecoindustry.co.ao\\\/wp-content\\\/uploads\\\/2017\\\/04\\\/Logo_Ecoindustry.png\",\"contentUrl\":\"https:\\\/\\\/www.ecoindustry.co.ao\\\/wp-content\\\/uploads\\\/2017\\\/04\\\/Logo_Ecoindustry.png\",\"width\":584,\"height\":111,\"caption\":\"ECOINDUSTRY\"},\"image\":{\"@id\":\"https:\\\/\\\/www.ecoindustry.co.ao\\\/#\\\/schema\\\/logo\\\/image\\\/\"},\"sameAs\":[\"https:\\\/\\\/www.facebook.com\\\/ecoindustrylda\\\/\",\"https:\\\/\\\/www.linkedin.com\\\/company\\\/ecoindustry\\\/\"]}]}<\/script>\n<!-- \/ Yoast SEO plugin. -->","yoast_head_json":{"title":"ECO.CAL BO 36 \u2013 DESOXIGENANTE PARA SISTEMAS \u00c1GUA-VAPOR - Ecoindustry","robots":{"index":"index","follow":"follow","max-snippet":"max-snippet:-1","max-image-preview":"max-image-preview:large","max-video-preview":"max-video-preview:-1"},"canonical":"https:\/\/www.ecoindustry.co.ao\/en\/product\/7929\/","og_locale":"en_GB","og_type":"article","og_title":"ECO.CAL BO 36 \u2013 DESOXIGENANTE PARA SISTEMAS \u00c1GUA-VAPOR - Ecoindustry","og_description":"ECO.CAL BO 36 \u00e9 um desoxigenante l\u00edquido com base em sulfito de s\u00f3dio, indicado para remover oxig\u00e9nio dissolvido em sistemas de produ\u00e7\u00e3o de vapor e caldeiras industriais. Formulado com catalisador para acelerar a reac\u00e7\u00e3o, \u00e9 compat\u00edvel com sistemas da ind\u00fastria alimentar, conforme autorizado pela FDA (sec\u00e7\u00e3o 173.310), para utiliza\u00e7\u00e3o em contacto com alimentos.","og_url":"https:\/\/www.ecoindustry.co.ao\/en\/product\/7929\/","og_site_name":"Ecoindustry","article_publisher":"https:\/\/www.facebook.com\/ecoindustrylda\/","article_modified_time":"2025-09-09T11:12:22+00:00","og_image":[{"width":1200,"height":800,"url":"https:\/\/www.ecoindustry.co.ao\/wp-content\/uploads\/2020\/11\/ECO.CAL-BO-36.jpg","type":"image\/jpeg"}],"twitter_card":"summary_large_image","twitter_misc":{"Estimated reading time":"1 minute"},"schema":{"@context":"https:\/\/schema.org","@graph":[{"@type":"WebPage","@id":"https:\/\/www.ecoindustry.co.ao\/produto\/7929\/","url":"https:\/\/www.ecoindustry.co.ao\/produto\/7929\/","name":"ECO.CAL BO 36 \u2013 DESOXIGENANTE PARA SISTEMAS \u00c1GUA-VAPOR - Ecoindustry","isPartOf":{"@id":"https:\/\/www.ecoindustry.co.ao\/#website"},"primaryImageOfPage":{"@id":"https:\/\/www.ecoindustry.co.ao\/produto\/7929\/#primaryimage"},"image":{"@id":"https:\/\/www.ecoindustry.co.ao\/produto\/7929\/#primaryimage"},"thumbnailUrl":"https:\/\/www.ecoindustry.co.ao\/wp-content\/uploads\/2020\/11\/ECO.CAL-BO-36.jpg","datePublished":"2025-05-23T10:39:34+00:00","dateModified":"2025-09-09T11:12:22+00:00","breadcrumb":{"@id":"https:\/\/www.ecoindustry.co.ao\/produto\/7929\/#breadcrumb"},"inLanguage":"en-GB","potentialAction":[{"@type":"ReadAction","target":["https:\/\/www.ecoindustry.co.ao\/produto\/7929\/"]}]},{"@type":"ImageObject","inLanguage":"en-GB","@id":"https:\/\/www.ecoindustry.co.ao\/produto\/7929\/#primaryimage","url":"https:\/\/www.ecoindustry.co.ao\/wp-content\/uploads\/2020\/11\/ECO.CAL-BO-36.jpg","contentUrl":"https:\/\/www.ecoindustry.co.ao\/wp-content\/uploads\/2020\/11\/ECO.CAL-BO-36.jpg","width":1200,"height":800},{"@type":"BreadcrumbList","@id":"https:\/\/www.ecoindustry.co.ao\/produto\/7929\/#breadcrumb","itemListElement":[{"@type":"ListItem","position":1,"name":"In\u00edcio","item":"https:\/\/www.ecoindustry.co.ao\/"},{"@type":"ListItem","position":2,"name":"Loja","item":"https:\/\/www.ecoindustry.co.ao\/loja\/"},{"@type":"ListItem","position":3,"name":"ECO.CAL BO 36 \u2013 DESOXIGENANTE PARA SISTEMAS \u00c1GUA-VAPOR"}]},{"@type":"WebSite","@id":"https:\/\/www.ecoindustry.co.ao\/#website","url":"https:\/\/www.ecoindustry.co.ao\/","name":"Ecoindustry","description":"Produzimos e comercializamos o melhor, de \u00c1frica para o Mundo.","publisher":{"@id":"https:\/\/www.ecoindustry.co.ao\/#organization"},"potentialAction":[{"@type":"SearchAction","target":{"@type":"EntryPoint","urlTemplate":"https:\/\/www.ecoindustry.co.ao\/?s={search_term_string}"},"query-input":{"@type":"PropertyValueSpecification","valueRequired":true,"valueName":"search_term_string"}}],"inLanguage":"en-GB"},{"@type":"Organization","@id":"https:\/\/www.ecoindustry.co.ao\/#organization","name":"ECOINDUSTRY","url":"https:\/\/www.ecoindustry.co.ao\/","logo":{"@type":"ImageObject","inLanguage":"en-GB","@id":"https:\/\/www.ecoindustry.co.ao\/#\/schema\/logo\/image\/","url":"https:\/\/www.ecoindustry.co.ao\/wp-content\/uploads\/2017\/04\/Logo_Ecoindustry.png","contentUrl":"https:\/\/www.ecoindustry.co.ao\/wp-content\/uploads\/2017\/04\/Logo_Ecoindustry.png","width":584,"height":111,"caption":"ECOINDUSTRY"},"image":{"@id":"https:\/\/www.ecoindustry.co.ao\/#\/schema\/logo\/image\/"},"sameAs":["https:\/\/www.facebook.com\/ecoindustrylda\/","https:\/\/www.linkedin.com\/company\/ecoindustry\/"]}]}},"_links":{"self":[{"href":"https:\/\/www.ecoindustry.co.ao\/en\/wp-json\/wp\/v2\/product\/7929","targetHints":{"allow":["GET"]}}],"collection":[{"href":"https:\/\/www.ecoindustry.co.ao\/en\/wp-json\/wp\/v2\/product"}],"about":[{"href":"https:\/\/www.ecoindustry.co.ao\/en\/wp-json\/wp\/v2\/types\/product"}],"replies":[{"embeddable":true,"href":"https:\/\/www.ecoindustry.co.ao\/en\/wp-json\/wp\/v2\/comments?post=7929"}],"wp:featuredmedia":[{"embeddable":true,"href":"https:\/\/www.ecoindustry.co.ao\/en\/wp-json\/wp\/v2\/media\/4119"}],"wp:attachment":[{"href":"https:\/\/www.ecoindustry.co.ao\/en\/wp-json\/wp\/v2\/media?parent=7929"}],"wp:term":[{"taxonomy":"product_brand","embeddable":true,"href":"https:\/\/www.ecoindustry.co.ao\/en\/wp-json\/wp\/v2\/product_brand?post=7929"},{"taxonomy":"product_cat","embeddable":true,"href":"https:\/\/www.ecoindustry.co.ao\/en\/wp-json\/wp\/v2\/product_cat?post=7929"},{"taxonomy":"product_tag","embeddable":true,"href":"https:\/\/www.ecoindustry.co.ao\/en\/wp-json\/wp\/v2\/product_tag?post=7929"}],"curies":[{"name":"wp","href":"https:\/\/api.w.org\/{rel}","templated":true}]}}