{"id":7928,"date":"2025-05-23T10:39:34","date_gmt":"2025-05-23T10:39:34","guid":{"rendered":"https:\/\/www.ecoindustry.co.ao\/?post_type=product&#038;p=7928"},"modified":"2025-09-09T11:12:06","modified_gmt":"2025-09-09T11:12:06","slug":"eco-cal-bo-31-desoxigenante-para-sistemas-agua-vapor","status":"publish","type":"product","link":"https:\/\/www.ecoindustry.co.ao\/en\/product\/eco-cal-bo-31-desoxigenante-para-sistemas-agua-vapor\/","title":{"rendered":"ECO.CAL BO 31 \u2013 Deoxygenator for Water-Vapor Systems"},"content":{"rendered":"<p class=\"p1\"><span class=\"s1\"><b>ECO.CAL BO 31<\/b><\/span> it is a <span style=\"color: #af2d2c\"><strong>industrial deoxygenator<\/strong><\/span> highly effective, formulated with <span class=\"s1\"><b>sodium sulfite and catalysts<\/b><\/span> For the rapid removal of dissolved oxygen in steam production systems. It is especially suitable for boiler applications where contact with food is permitted, meeting the criteria of... <strong>FDA \u2013 Section 173.310<\/strong>.<\/p>\n<p class=\"p1\">The dosage is adjusted according to the oxygen concentration in the feedwater, requiring an average of 16 ppm of product for each ppm of oxygen to be removed. Maintaining a residual sulfite concentration, which varies according to the boiler pressure, is also recommended.<\/p>\n<p class=\"p1\">THE <span class=\"s1\"><b>ECO.CAL BO 31<\/b><\/span> It should be applied continuously, directly into the degassed water tank or feed line. For dilution, use demineralized or condensed water. Compatible materials include 316 stainless steel, PVC, PVDF, Teflon, and polyethylene.<\/p>\n<p class=\"p1\">Completely soluble in water, it appears as a reddish-white transparent liquid, with a pH between 3.0 and 5.0 and a specific gravity between 1.27\u20131.37 g\/cc. Requires storage between 0\u00b0C and 40\u00b0C, protected from sunlight.<\/p>\n<h3><\/h3>\n<p><b>Features:<\/b><\/p>\n<p class=\"p1\">\u2022 Sodium sulfite base with incorporated catalyst;<\/p>\n<p class=\"p1\">\u2022 Removes dissolved oxygen from boilers and steam systems;<\/p>\n<p class=\"p1\">\u2022 Approved for use in contact with food (FDA);<\/p>\n<p class=\"p1\">\u2022 Completely soluble, acidic pH, and high stability;<\/p>\n<p class=\"p1\">\u2022 Compatible with standard industrial materials and easy to apply.<\/p>","protected":false},"excerpt":{"rendered":"<p class=\"p1\"><span class=\"s1\"><b>ECO.CAL BO 31<\/b><\/span> it is a <span style=\"color: #af2d2c\"><strong>liquid deoxygenating agent<\/strong><\/span> Based on sodium sulfite, developed to remove dissolved oxygen in boiler and steam production systems.<\/p>\n<p class=\"p1\">Formulated with a catalyst to accelerate the reaction with oxygen, it is compatible with applications in the food industry and meets FDA requirements for steam in contact with food.<\/p>","protected":false},"featured_media":4120,"comment_status":"open","ping_status":"closed","template":"","meta":[],"product_brand":[],"product_cat":[290],"product_tag":[357,355,306,360,359,356,150,358],"class_list":{"0":"post-7928","1":"product","2":"type-product","3":"status-publish","4":"has-post-thumbnail","6":"product_cat-caldeiras","7":"product_tag-caldeiras","8":"product_tag-desoxigenante","9":"product_tag-ecoindustry","10":"product_tag-fda","11":"product_tag-industria-alimentar","12":"product_tag-sulfito-de-sodio","13":"product_tag-tratamento-de-agua","14":"product_tag-vapor-industrial","16":"first","17":"instock","18":"shipping-taxable","19":"product-type-simple"},"yoast_head":"<!-- This site is optimized with the Yoast SEO plugin v27.3 - https:\/\/yoast.com\/product\/yoast-seo-wordpress\/ -->\n<title>ECO.CAL BO 31 - DESOXIGENANTE PARA SISTEMAS \u00c1GUA-VAPOR - Ecoindustry<\/title>\n<meta name=\"robots\" content=\"index, follow, max-snippet:-1, max-image-preview:large, max-video-preview:-1\" \/>\n<link rel=\"canonical\" href=\"https:\/\/www.ecoindustry.co.ao\/en\/product\/eco-cal-bo-31-desoxigenante-para-sistemas-agua-vapor\/\" \/>\n<meta property=\"og:locale\" content=\"en_GB\" \/>\n<meta property=\"og:type\" content=\"article\" \/>\n<meta property=\"og:title\" content=\"ECO.CAL BO 31 - DESOXIGENANTE PARA SISTEMAS \u00c1GUA-VAPOR - Ecoindustry\" \/>\n<meta property=\"og:description\" content=\"ECO.CAL BO 31 \u00e9 um desoxigenante l\u00edquido \u00e0 base de sulfito de s\u00f3dio, desenvolvido para remover oxig\u00e9nio dissolvido em sistemas de caldeiras e produ\u00e7\u00e3o de vapor. Formulado com catalisador para acelerar a reac\u00e7\u00e3o com o oxig\u00e9nio, \u00e9 compat\u00edvel com aplica\u00e7\u00f5es na ind\u00fastria alimentar e cumpre os requisitos da FDA para vapor em contacto com alimentos.\" \/>\n<meta property=\"og:url\" content=\"https:\/\/www.ecoindustry.co.ao\/en\/product\/eco-cal-bo-31-desoxigenante-para-sistemas-agua-vapor\/\" \/>\n<meta property=\"og:site_name\" content=\"Ecoindustry\" \/>\n<meta property=\"article:publisher\" content=\"https:\/\/www.facebook.com\/ecoindustrylda\/\" \/>\n<meta property=\"article:modified_time\" content=\"2025-09-09T11:12:06+00:00\" \/>\n<meta property=\"og:image\" content=\"https:\/\/www.ecoindustry.co.ao\/wp-content\/uploads\/2020\/11\/ECO.CAL-BO-31.jpg\" \/>\n\t<meta property=\"og:image:width\" content=\"1200\" \/>\n\t<meta property=\"og:image:height\" content=\"800\" \/>\n\t<meta property=\"og:image:type\" content=\"image\/jpeg\" \/>\n<meta name=\"twitter:card\" content=\"summary_large_image\" \/>\n<meta name=\"twitter:label1\" content=\"Estimated reading time\" \/>\n\t<meta name=\"twitter:data1\" content=\"1 minute\" \/>\n<script type=\"application\/ld+json\" class=\"yoast-schema-graph\">{\"@context\":\"https:\\\/\\\/schema.org\",\"@graph\":[{\"@type\":\"WebPage\",\"@id\":\"https:\\\/\\\/www.ecoindustry.co.ao\\\/produto\\\/eco-cal-bo-31-desoxigenante-para-sistemas-agua-vapor\\\/\",\"url\":\"https:\\\/\\\/www.ecoindustry.co.ao\\\/produto\\\/eco-cal-bo-31-desoxigenante-para-sistemas-agua-vapor\\\/\",\"name\":\"ECO.CAL BO 31 - DESOXIGENANTE PARA SISTEMAS \u00c1GUA-VAPOR - Ecoindustry\",\"isPartOf\":{\"@id\":\"https:\\\/\\\/www.ecoindustry.co.ao\\\/#website\"},\"primaryImageOfPage\":{\"@id\":\"https:\\\/\\\/www.ecoindustry.co.ao\\\/produto\\\/eco-cal-bo-31-desoxigenante-para-sistemas-agua-vapor\\\/#primaryimage\"},\"image\":{\"@id\":\"https:\\\/\\\/www.ecoindustry.co.ao\\\/produto\\\/eco-cal-bo-31-desoxigenante-para-sistemas-agua-vapor\\\/#primaryimage\"},\"thumbnailUrl\":\"https:\\\/\\\/www.ecoindustry.co.ao\\\/wp-content\\\/uploads\\\/2020\\\/11\\\/ECO.CAL-BO-31.jpg\",\"datePublished\":\"2025-05-23T10:39:34+00:00\",\"dateModified\":\"2025-09-09T11:12:06+00:00\",\"breadcrumb\":{\"@id\":\"https:\\\/\\\/www.ecoindustry.co.ao\\\/produto\\\/eco-cal-bo-31-desoxigenante-para-sistemas-agua-vapor\\\/#breadcrumb\"},\"inLanguage\":\"en-GB\",\"potentialAction\":[{\"@type\":\"ReadAction\",\"target\":[\"https:\\\/\\\/www.ecoindustry.co.ao\\\/produto\\\/eco-cal-bo-31-desoxigenante-para-sistemas-agua-vapor\\\/\"]}]},{\"@type\":\"ImageObject\",\"inLanguage\":\"en-GB\",\"@id\":\"https:\\\/\\\/www.ecoindustry.co.ao\\\/produto\\\/eco-cal-bo-31-desoxigenante-para-sistemas-agua-vapor\\\/#primaryimage\",\"url\":\"https:\\\/\\\/www.ecoindustry.co.ao\\\/wp-content\\\/uploads\\\/2020\\\/11\\\/ECO.CAL-BO-31.jpg\",\"contentUrl\":\"https:\\\/\\\/www.ecoindustry.co.ao\\\/wp-content\\\/uploads\\\/2020\\\/11\\\/ECO.CAL-BO-31.jpg\",\"width\":1200,\"height\":800},{\"@type\":\"BreadcrumbList\",\"@id\":\"https:\\\/\\\/www.ecoindustry.co.ao\\\/produto\\\/eco-cal-bo-31-desoxigenante-para-sistemas-agua-vapor\\\/#breadcrumb\",\"itemListElement\":[{\"@type\":\"ListItem\",\"position\":1,\"name\":\"In\u00edcio\",\"item\":\"https:\\\/\\\/www.ecoindustry.co.ao\\\/\"},{\"@type\":\"ListItem\",\"position\":2,\"name\":\"Loja\",\"item\":\"https:\\\/\\\/www.ecoindustry.co.ao\\\/loja\\\/\"},{\"@type\":\"ListItem\",\"position\":3,\"name\":\"ECO.CAL BO 31 &#8211; DESOXIGENANTE PARA SISTEMAS \u00c1GUA-VAPOR\"}]},{\"@type\":\"WebSite\",\"@id\":\"https:\\\/\\\/www.ecoindustry.co.ao\\\/#website\",\"url\":\"https:\\\/\\\/www.ecoindustry.co.ao\\\/\",\"name\":\"Ecoindustry\",\"description\":\"Produzimos e comercializamos o melhor, de \u00c1frica para o Mundo.\",\"publisher\":{\"@id\":\"https:\\\/\\\/www.ecoindustry.co.ao\\\/#organization\"},\"potentialAction\":[{\"@type\":\"SearchAction\",\"target\":{\"@type\":\"EntryPoint\",\"urlTemplate\":\"https:\\\/\\\/www.ecoindustry.co.ao\\\/?s={search_term_string}\"},\"query-input\":{\"@type\":\"PropertyValueSpecification\",\"valueRequired\":true,\"valueName\":\"search_term_string\"}}],\"inLanguage\":\"en-GB\"},{\"@type\":\"Organization\",\"@id\":\"https:\\\/\\\/www.ecoindustry.co.ao\\\/#organization\",\"name\":\"ECOINDUSTRY\",\"url\":\"https:\\\/\\\/www.ecoindustry.co.ao\\\/\",\"logo\":{\"@type\":\"ImageObject\",\"inLanguage\":\"en-GB\",\"@id\":\"https:\\\/\\\/www.ecoindustry.co.ao\\\/#\\\/schema\\\/logo\\\/image\\\/\",\"url\":\"https:\\\/\\\/www.ecoindustry.co.ao\\\/wp-content\\\/uploads\\\/2017\\\/04\\\/Logo_Ecoindustry.png\",\"contentUrl\":\"https:\\\/\\\/www.ecoindustry.co.ao\\\/wp-content\\\/uploads\\\/2017\\\/04\\\/Logo_Ecoindustry.png\",\"width\":584,\"height\":111,\"caption\":\"ECOINDUSTRY\"},\"image\":{\"@id\":\"https:\\\/\\\/www.ecoindustry.co.ao\\\/#\\\/schema\\\/logo\\\/image\\\/\"},\"sameAs\":[\"https:\\\/\\\/www.facebook.com\\\/ecoindustrylda\\\/\",\"https:\\\/\\\/www.linkedin.com\\\/company\\\/ecoindustry\\\/\"]}]}<\/script>\n<!-- \/ Yoast SEO plugin. -->","yoast_head_json":{"title":"ECO.CAL BO 31 - DESOXIGENANTE PARA SISTEMAS \u00c1GUA-VAPOR - Ecoindustry","robots":{"index":"index","follow":"follow","max-snippet":"max-snippet:-1","max-image-preview":"max-image-preview:large","max-video-preview":"max-video-preview:-1"},"canonical":"https:\/\/www.ecoindustry.co.ao\/en\/product\/eco-cal-bo-31-desoxigenante-para-sistemas-agua-vapor\/","og_locale":"en_GB","og_type":"article","og_title":"ECO.CAL BO 31 - DESOXIGENANTE PARA SISTEMAS \u00c1GUA-VAPOR - Ecoindustry","og_description":"ECO.CAL BO 31 \u00e9 um desoxigenante l\u00edquido \u00e0 base de sulfito de s\u00f3dio, desenvolvido para remover oxig\u00e9nio dissolvido em sistemas de caldeiras e produ\u00e7\u00e3o de vapor. Formulado com catalisador para acelerar a reac\u00e7\u00e3o com o oxig\u00e9nio, \u00e9 compat\u00edvel com aplica\u00e7\u00f5es na ind\u00fastria alimentar e cumpre os requisitos da FDA para vapor em contacto com alimentos.","og_url":"https:\/\/www.ecoindustry.co.ao\/en\/product\/eco-cal-bo-31-desoxigenante-para-sistemas-agua-vapor\/","og_site_name":"Ecoindustry","article_publisher":"https:\/\/www.facebook.com\/ecoindustrylda\/","article_modified_time":"2025-09-09T11:12:06+00:00","og_image":[{"width":1200,"height":800,"url":"https:\/\/www.ecoindustry.co.ao\/wp-content\/uploads\/2020\/11\/ECO.CAL-BO-31.jpg","type":"image\/jpeg"}],"twitter_card":"summary_large_image","twitter_misc":{"Estimated reading time":"1 minute"},"schema":{"@context":"https:\/\/schema.org","@graph":[{"@type":"WebPage","@id":"https:\/\/www.ecoindustry.co.ao\/produto\/eco-cal-bo-31-desoxigenante-para-sistemas-agua-vapor\/","url":"https:\/\/www.ecoindustry.co.ao\/produto\/eco-cal-bo-31-desoxigenante-para-sistemas-agua-vapor\/","name":"ECO.CAL BO 31 - DESOXIGENANTE PARA SISTEMAS \u00c1GUA-VAPOR - Ecoindustry","isPartOf":{"@id":"https:\/\/www.ecoindustry.co.ao\/#website"},"primaryImageOfPage":{"@id":"https:\/\/www.ecoindustry.co.ao\/produto\/eco-cal-bo-31-desoxigenante-para-sistemas-agua-vapor\/#primaryimage"},"image":{"@id":"https:\/\/www.ecoindustry.co.ao\/produto\/eco-cal-bo-31-desoxigenante-para-sistemas-agua-vapor\/#primaryimage"},"thumbnailUrl":"https:\/\/www.ecoindustry.co.ao\/wp-content\/uploads\/2020\/11\/ECO.CAL-BO-31.jpg","datePublished":"2025-05-23T10:39:34+00:00","dateModified":"2025-09-09T11:12:06+00:00","breadcrumb":{"@id":"https:\/\/www.ecoindustry.co.ao\/produto\/eco-cal-bo-31-desoxigenante-para-sistemas-agua-vapor\/#breadcrumb"},"inLanguage":"en-GB","potentialAction":[{"@type":"ReadAction","target":["https:\/\/www.ecoindustry.co.ao\/produto\/eco-cal-bo-31-desoxigenante-para-sistemas-agua-vapor\/"]}]},{"@type":"ImageObject","inLanguage":"en-GB","@id":"https:\/\/www.ecoindustry.co.ao\/produto\/eco-cal-bo-31-desoxigenante-para-sistemas-agua-vapor\/#primaryimage","url":"https:\/\/www.ecoindustry.co.ao\/wp-content\/uploads\/2020\/11\/ECO.CAL-BO-31.jpg","contentUrl":"https:\/\/www.ecoindustry.co.ao\/wp-content\/uploads\/2020\/11\/ECO.CAL-BO-31.jpg","width":1200,"height":800},{"@type":"BreadcrumbList","@id":"https:\/\/www.ecoindustry.co.ao\/produto\/eco-cal-bo-31-desoxigenante-para-sistemas-agua-vapor\/#breadcrumb","itemListElement":[{"@type":"ListItem","position":1,"name":"In\u00edcio","item":"https:\/\/www.ecoindustry.co.ao\/"},{"@type":"ListItem","position":2,"name":"Loja","item":"https:\/\/www.ecoindustry.co.ao\/loja\/"},{"@type":"ListItem","position":3,"name":"ECO.CAL BO 31 &#8211; DESOXIGENANTE PARA SISTEMAS \u00c1GUA-VAPOR"}]},{"@type":"WebSite","@id":"https:\/\/www.ecoindustry.co.ao\/#website","url":"https:\/\/www.ecoindustry.co.ao\/","name":"Ecoindustry","description":"Produzimos e comercializamos o melhor, de \u00c1frica para o Mundo.","publisher":{"@id":"https:\/\/www.ecoindustry.co.ao\/#organization"},"potentialAction":[{"@type":"SearchAction","target":{"@type":"EntryPoint","urlTemplate":"https:\/\/www.ecoindustry.co.ao\/?s={search_term_string}"},"query-input":{"@type":"PropertyValueSpecification","valueRequired":true,"valueName":"search_term_string"}}],"inLanguage":"en-GB"},{"@type":"Organization","@id":"https:\/\/www.ecoindustry.co.ao\/#organization","name":"ECOINDUSTRY","url":"https:\/\/www.ecoindustry.co.ao\/","logo":{"@type":"ImageObject","inLanguage":"en-GB","@id":"https:\/\/www.ecoindustry.co.ao\/#\/schema\/logo\/image\/","url":"https:\/\/www.ecoindustry.co.ao\/wp-content\/uploads\/2017\/04\/Logo_Ecoindustry.png","contentUrl":"https:\/\/www.ecoindustry.co.ao\/wp-content\/uploads\/2017\/04\/Logo_Ecoindustry.png","width":584,"height":111,"caption":"ECOINDUSTRY"},"image":{"@id":"https:\/\/www.ecoindustry.co.ao\/#\/schema\/logo\/image\/"},"sameAs":["https:\/\/www.facebook.com\/ecoindustrylda\/","https:\/\/www.linkedin.com\/company\/ecoindustry\/"]}]}},"_links":{"self":[{"href":"https:\/\/www.ecoindustry.co.ao\/en\/wp-json\/wp\/v2\/product\/7928","targetHints":{"allow":["GET"]}}],"collection":[{"href":"https:\/\/www.ecoindustry.co.ao\/en\/wp-json\/wp\/v2\/product"}],"about":[{"href":"https:\/\/www.ecoindustry.co.ao\/en\/wp-json\/wp\/v2\/types\/product"}],"replies":[{"embeddable":true,"href":"https:\/\/www.ecoindustry.co.ao\/en\/wp-json\/wp\/v2\/comments?post=7928"}],"wp:featuredmedia":[{"embeddable":true,"href":"https:\/\/www.ecoindustry.co.ao\/en\/wp-json\/wp\/v2\/media\/4120"}],"wp:attachment":[{"href":"https:\/\/www.ecoindustry.co.ao\/en\/wp-json\/wp\/v2\/media?parent=7928"}],"wp:term":[{"taxonomy":"product_brand","embeddable":true,"href":"https:\/\/www.ecoindustry.co.ao\/en\/wp-json\/wp\/v2\/product_brand?post=7928"},{"taxonomy":"product_cat","embeddable":true,"href":"https:\/\/www.ecoindustry.co.ao\/en\/wp-json\/wp\/v2\/product_cat?post=7928"},{"taxonomy":"product_tag","embeddable":true,"href":"https:\/\/www.ecoindustry.co.ao\/en\/wp-json\/wp\/v2\/product_tag?post=7928"}],"curies":[{"name":"wp","href":"https:\/\/api.w.org\/{rel}","templated":true}]}}