{"id":7690,"date":"2025-04-28T09:38:14","date_gmt":"2025-04-28T09:38:14","guid":{"rendered":"https:\/\/www.ecoindustry.co.ao\/?post_type=product&#038;p=7690"},"modified":"2025-09-09T14:05:17","modified_gmt":"2025-09-09T14:05:17","slug":"anti-incrustante-para-dessalinizacao-eco-oi-wt-705","status":"publish","type":"product","link":"https:\/\/www.ecoindustry.co.ao\/en\/product\/anti-incrustante-para-dessalinizacao-eco-oi-wt-705\/","title":{"rendered":"Anti-scaling agent for desalination \u2013 ECO.OI WT 705"},"content":{"rendered":"<p class=\"p1\"><span class=\"s1\"><b>ECO.OI WT 705<\/b><\/span> it is a <span style=\"color: #af2d2c\"><strong>anti-fouling product<\/strong><\/span> Formulated with organophosphoric derivatives in aqueous solution, resistant to chlorine and hydrolysis. Especially indicated for reverse osmosis (RO), nanofiltration (NF) and reverse electrodialysis (EDR) systems, it effectively prevents scale buildup from poorly soluble salts such as calcium carbonate, sulfates and fluorides.<\/p>\n<p class=\"p1\">THE <span class=\"s1\"><b>ECO.OI WT 705<\/b><\/span> It allows for operation at higher conversion rates and reduces the frequency of cleaning, often replacing the need for acid addition. It is also effective as an iron and manganese sequestrant, preventing biofouling and being compatible with all types of membranes.<\/p>\n<p class=\"p1\">The typical dosage ranges from 0.5 to 5 ppm, and should be adjusted according to water quality and operating conditions. It is stable over a wide temperature range and can tolerate high levels of silica in the concentrate.<\/p>\n<h3><\/h3>\n<p><b>Features:<\/b><\/p>\n<p class=\"p1\">\u2022 Highly effective antifouling agent for RO, NF and EDR;<\/p>\n<p class=\"p1\">\u2022 Prevents scale buildup of calcium carbonate, barium sulfate, strontium, and calcium fluoride;<\/p>\n<p class=\"p1\">\u2022 Resistant to hydrolysis and stable in the presence of chlorine;<\/p>\n<p class=\"p1\">\u2022 Completely soluble in water, pH 10\u201311;<\/p>\n<p class=\"p1\">\u2022 Helps reduce the frequency of membrane cleanings;<\/p>\n<p class=\"p1\">\u2022 Compatible with all types of commercial membranes.<\/p>","protected":false},"excerpt":{"rendered":"<p class=\"p1\"><span class=\"s1\"><b>ECO.OI WT 705<\/b><\/span> it is a <span style=\"color: #af2d2c\"><strong>highly effective anti-scaling agent<\/strong><\/span>, developed to protect reverse osmosis, nanofiltration and electrodialysis membranes against the formation of mineral deposits.<\/p>\n<p class=\"p1\">Based on organophosphorus derivatives, the <span class=\"s1\"><b>ECO.OI WT 705<\/b><\/span> offers <span style=\"color: #af2d2c\"><strong>excellent performance<\/strong><\/span> It helps prevent scaling and extends the lifespan of desalination systems.<\/p>","protected":false},"featured_media":4126,"comment_status":"closed","ping_status":"closed","template":"","meta":[],"product_brand":[],"product_cat":[289],"product_tag":[316,346,306,348,345,344,347,307],"class_list":{"0":"post-7690","1":"product","2":"type-product","3":"status-publish","4":"has-post-thumbnail","6":"product_cat-osmoses-inversas","7":"product_tag-anti-incrustante","8":"product_tag-dessalinizacao","9":"product_tag-ecoindustry","10":"product_tag-eletrodialise","11":"product_tag-nanofiltracao","12":"product_tag-osmose-inversa","13":"product_tag-protecao-de-membranas","14":"product_tag-sistemas-de-agua","16":"first","17":"instock","18":"featured","19":"shipping-taxable","20":"product-type-simple"},"yoast_head":"<!-- This site is optimized with the Yoast SEO plugin v27.3 - https:\/\/yoast.com\/product\/yoast-seo-wordpress\/ -->\n<title>ANTI-INCRUSTANTE PARA DESSALINIZA\u00c7AO - ECO.OI WT 705 - Ecoindustry<\/title>\n<meta name=\"robots\" content=\"index, follow, max-snippet:-1, max-image-preview:large, max-video-preview:-1\" \/>\n<link rel=\"canonical\" href=\"https:\/\/www.ecoindustry.co.ao\/en\/product\/anti-incrustante-para-dessalinizacao-eco-oi-wt-705\/\" \/>\n<meta property=\"og:locale\" content=\"en_GB\" \/>\n<meta property=\"og:type\" content=\"article\" \/>\n<meta property=\"og:title\" content=\"ANTI-INCRUSTANTE PARA DESSALINIZA\u00c7AO - ECO.OI WT 705 - Ecoindustry\" \/>\n<meta property=\"og:description\" content=\"ECO.OI WT 705 \u00e9 um anti-incrustante de alta efic\u00e1cia, desenvolvido para proteger membranas de osmose inversa, nanofiltra\u00e7\u00e3o e eletrodi\u00e1lise contra a forma\u00e7\u00e3o de dep\u00f3sitos minerais. Com base em derivados organofosf\u00f3ricos, o ECO.OI WT 705 oferece excelente desempenho na preven\u00e7\u00e3o de incrusta\u00e7\u00f5es e prolonga a vida \u00fatil dos sistemas de dessaliniza\u00e7\u00e3o.\" \/>\n<meta property=\"og:url\" content=\"https:\/\/www.ecoindustry.co.ao\/en\/product\/anti-incrustante-para-dessalinizacao-eco-oi-wt-705\/\" \/>\n<meta property=\"og:site_name\" content=\"Ecoindustry\" \/>\n<meta property=\"article:publisher\" content=\"https:\/\/www.facebook.com\/ecoindustrylda\/\" \/>\n<meta property=\"article:modified_time\" content=\"2025-09-09T14:05:17+00:00\" \/>\n<meta property=\"og:image\" content=\"https:\/\/www.ecoindustry.co.ao\/wp-content\/uploads\/2020\/11\/ECO.OI-WT-705.jpg\" \/>\n\t<meta property=\"og:image:width\" content=\"1200\" \/>\n\t<meta property=\"og:image:height\" content=\"800\" \/>\n\t<meta property=\"og:image:type\" content=\"image\/jpeg\" \/>\n<meta name=\"twitter:card\" content=\"summary_large_image\" \/>\n<meta name=\"twitter:label1\" content=\"Estimated reading time\" \/>\n\t<meta name=\"twitter:data1\" content=\"1 minute\" \/>\n<script type=\"application\/ld+json\" class=\"yoast-schema-graph\">{\"@context\":\"https:\\\/\\\/schema.org\",\"@graph\":[{\"@type\":\"WebPage\",\"@id\":\"https:\\\/\\\/www.ecoindustry.co.ao\\\/produto\\\/anti-incrustante-para-dessalinizacao-eco-oi-wt-705\\\/\",\"url\":\"https:\\\/\\\/www.ecoindustry.co.ao\\\/produto\\\/anti-incrustante-para-dessalinizacao-eco-oi-wt-705\\\/\",\"name\":\"ANTI-INCRUSTANTE PARA DESSALINIZA\u00c7AO - ECO.OI WT 705 - Ecoindustry\",\"isPartOf\":{\"@id\":\"https:\\\/\\\/www.ecoindustry.co.ao\\\/#website\"},\"primaryImageOfPage\":{\"@id\":\"https:\\\/\\\/www.ecoindustry.co.ao\\\/produto\\\/anti-incrustante-para-dessalinizacao-eco-oi-wt-705\\\/#primaryimage\"},\"image\":{\"@id\":\"https:\\\/\\\/www.ecoindustry.co.ao\\\/produto\\\/anti-incrustante-para-dessalinizacao-eco-oi-wt-705\\\/#primaryimage\"},\"thumbnailUrl\":\"https:\\\/\\\/www.ecoindustry.co.ao\\\/wp-content\\\/uploads\\\/2020\\\/11\\\/ECO.OI-WT-705.jpg\",\"datePublished\":\"2025-04-28T09:38:14+00:00\",\"dateModified\":\"2025-09-09T14:05:17+00:00\",\"breadcrumb\":{\"@id\":\"https:\\\/\\\/www.ecoindustry.co.ao\\\/produto\\\/anti-incrustante-para-dessalinizacao-eco-oi-wt-705\\\/#breadcrumb\"},\"inLanguage\":\"en-GB\",\"potentialAction\":[{\"@type\":\"ReadAction\",\"target\":[\"https:\\\/\\\/www.ecoindustry.co.ao\\\/produto\\\/anti-incrustante-para-dessalinizacao-eco-oi-wt-705\\\/\"]}]},{\"@type\":\"ImageObject\",\"inLanguage\":\"en-GB\",\"@id\":\"https:\\\/\\\/www.ecoindustry.co.ao\\\/produto\\\/anti-incrustante-para-dessalinizacao-eco-oi-wt-705\\\/#primaryimage\",\"url\":\"https:\\\/\\\/www.ecoindustry.co.ao\\\/wp-content\\\/uploads\\\/2020\\\/11\\\/ECO.OI-WT-705.jpg\",\"contentUrl\":\"https:\\\/\\\/www.ecoindustry.co.ao\\\/wp-content\\\/uploads\\\/2020\\\/11\\\/ECO.OI-WT-705.jpg\",\"width\":1200,\"height\":800},{\"@type\":\"BreadcrumbList\",\"@id\":\"https:\\\/\\\/www.ecoindustry.co.ao\\\/produto\\\/anti-incrustante-para-dessalinizacao-eco-oi-wt-705\\\/#breadcrumb\",\"itemListElement\":[{\"@type\":\"ListItem\",\"position\":1,\"name\":\"In\u00edcio\",\"item\":\"https:\\\/\\\/www.ecoindustry.co.ao\\\/\"},{\"@type\":\"ListItem\",\"position\":2,\"name\":\"Loja\",\"item\":\"https:\\\/\\\/www.ecoindustry.co.ao\\\/loja\\\/\"},{\"@type\":\"ListItem\",\"position\":3,\"name\":\"ANTI-INCRUSTANTE PARA DESSALINIZA\u00c7AO &#8211; ECO.OI WT 705\"}]},{\"@type\":\"WebSite\",\"@id\":\"https:\\\/\\\/www.ecoindustry.co.ao\\\/#website\",\"url\":\"https:\\\/\\\/www.ecoindustry.co.ao\\\/\",\"name\":\"Ecoindustry\",\"description\":\"Produzimos e comercializamos o melhor, de \u00c1frica para o Mundo.\",\"publisher\":{\"@id\":\"https:\\\/\\\/www.ecoindustry.co.ao\\\/#organization\"},\"potentialAction\":[{\"@type\":\"SearchAction\",\"target\":{\"@type\":\"EntryPoint\",\"urlTemplate\":\"https:\\\/\\\/www.ecoindustry.co.ao\\\/?s={search_term_string}\"},\"query-input\":{\"@type\":\"PropertyValueSpecification\",\"valueRequired\":true,\"valueName\":\"search_term_string\"}}],\"inLanguage\":\"en-GB\"},{\"@type\":\"Organization\",\"@id\":\"https:\\\/\\\/www.ecoindustry.co.ao\\\/#organization\",\"name\":\"ECOINDUSTRY\",\"url\":\"https:\\\/\\\/www.ecoindustry.co.ao\\\/\",\"logo\":{\"@type\":\"ImageObject\",\"inLanguage\":\"en-GB\",\"@id\":\"https:\\\/\\\/www.ecoindustry.co.ao\\\/#\\\/schema\\\/logo\\\/image\\\/\",\"url\":\"https:\\\/\\\/www.ecoindustry.co.ao\\\/wp-content\\\/uploads\\\/2017\\\/04\\\/Logo_Ecoindustry.png\",\"contentUrl\":\"https:\\\/\\\/www.ecoindustry.co.ao\\\/wp-content\\\/uploads\\\/2017\\\/04\\\/Logo_Ecoindustry.png\",\"width\":584,\"height\":111,\"caption\":\"ECOINDUSTRY\"},\"image\":{\"@id\":\"https:\\\/\\\/www.ecoindustry.co.ao\\\/#\\\/schema\\\/logo\\\/image\\\/\"},\"sameAs\":[\"https:\\\/\\\/www.facebook.com\\\/ecoindustrylda\\\/\",\"https:\\\/\\\/www.linkedin.com\\\/company\\\/ecoindustry\\\/\"]}]}<\/script>\n<!-- \/ Yoast SEO plugin. -->","yoast_head_json":{"title":"ANTI-INCRUSTANTE PARA DESSALINIZA\u00c7AO - ECO.OI WT 705 - Ecoindustry","robots":{"index":"index","follow":"follow","max-snippet":"max-snippet:-1","max-image-preview":"max-image-preview:large","max-video-preview":"max-video-preview:-1"},"canonical":"https:\/\/www.ecoindustry.co.ao\/en\/product\/anti-incrustante-para-dessalinizacao-eco-oi-wt-705\/","og_locale":"en_GB","og_type":"article","og_title":"ANTI-INCRUSTANTE PARA DESSALINIZA\u00c7AO - ECO.OI WT 705 - Ecoindustry","og_description":"ECO.OI WT 705 \u00e9 um anti-incrustante de alta efic\u00e1cia, desenvolvido para proteger membranas de osmose inversa, nanofiltra\u00e7\u00e3o e eletrodi\u00e1lise contra a forma\u00e7\u00e3o de dep\u00f3sitos minerais. Com base em derivados organofosf\u00f3ricos, o ECO.OI WT 705 oferece excelente desempenho na preven\u00e7\u00e3o de incrusta\u00e7\u00f5es e prolonga a vida \u00fatil dos sistemas de dessaliniza\u00e7\u00e3o.","og_url":"https:\/\/www.ecoindustry.co.ao\/en\/product\/anti-incrustante-para-dessalinizacao-eco-oi-wt-705\/","og_site_name":"Ecoindustry","article_publisher":"https:\/\/www.facebook.com\/ecoindustrylda\/","article_modified_time":"2025-09-09T14:05:17+00:00","og_image":[{"width":1200,"height":800,"url":"https:\/\/www.ecoindustry.co.ao\/wp-content\/uploads\/2020\/11\/ECO.OI-WT-705.jpg","type":"image\/jpeg"}],"twitter_card":"summary_large_image","twitter_misc":{"Estimated reading time":"1 minute"},"schema":{"@context":"https:\/\/schema.org","@graph":[{"@type":"WebPage","@id":"https:\/\/www.ecoindustry.co.ao\/produto\/anti-incrustante-para-dessalinizacao-eco-oi-wt-705\/","url":"https:\/\/www.ecoindustry.co.ao\/produto\/anti-incrustante-para-dessalinizacao-eco-oi-wt-705\/","name":"ANTI-INCRUSTANTE PARA DESSALINIZA\u00c7AO - ECO.OI WT 705 - Ecoindustry","isPartOf":{"@id":"https:\/\/www.ecoindustry.co.ao\/#website"},"primaryImageOfPage":{"@id":"https:\/\/www.ecoindustry.co.ao\/produto\/anti-incrustante-para-dessalinizacao-eco-oi-wt-705\/#primaryimage"},"image":{"@id":"https:\/\/www.ecoindustry.co.ao\/produto\/anti-incrustante-para-dessalinizacao-eco-oi-wt-705\/#primaryimage"},"thumbnailUrl":"https:\/\/www.ecoindustry.co.ao\/wp-content\/uploads\/2020\/11\/ECO.OI-WT-705.jpg","datePublished":"2025-04-28T09:38:14+00:00","dateModified":"2025-09-09T14:05:17+00:00","breadcrumb":{"@id":"https:\/\/www.ecoindustry.co.ao\/produto\/anti-incrustante-para-dessalinizacao-eco-oi-wt-705\/#breadcrumb"},"inLanguage":"en-GB","potentialAction":[{"@type":"ReadAction","target":["https:\/\/www.ecoindustry.co.ao\/produto\/anti-incrustante-para-dessalinizacao-eco-oi-wt-705\/"]}]},{"@type":"ImageObject","inLanguage":"en-GB","@id":"https:\/\/www.ecoindustry.co.ao\/produto\/anti-incrustante-para-dessalinizacao-eco-oi-wt-705\/#primaryimage","url":"https:\/\/www.ecoindustry.co.ao\/wp-content\/uploads\/2020\/11\/ECO.OI-WT-705.jpg","contentUrl":"https:\/\/www.ecoindustry.co.ao\/wp-content\/uploads\/2020\/11\/ECO.OI-WT-705.jpg","width":1200,"height":800},{"@type":"BreadcrumbList","@id":"https:\/\/www.ecoindustry.co.ao\/produto\/anti-incrustante-para-dessalinizacao-eco-oi-wt-705\/#breadcrumb","itemListElement":[{"@type":"ListItem","position":1,"name":"In\u00edcio","item":"https:\/\/www.ecoindustry.co.ao\/"},{"@type":"ListItem","position":2,"name":"Loja","item":"https:\/\/www.ecoindustry.co.ao\/loja\/"},{"@type":"ListItem","position":3,"name":"ANTI-INCRUSTANTE PARA DESSALINIZA\u00c7AO &#8211; ECO.OI WT 705"}]},{"@type":"WebSite","@id":"https:\/\/www.ecoindustry.co.ao\/#website","url":"https:\/\/www.ecoindustry.co.ao\/","name":"Ecoindustry","description":"Produzimos e comercializamos o melhor, de \u00c1frica para o Mundo.","publisher":{"@id":"https:\/\/www.ecoindustry.co.ao\/#organization"},"potentialAction":[{"@type":"SearchAction","target":{"@type":"EntryPoint","urlTemplate":"https:\/\/www.ecoindustry.co.ao\/?s={search_term_string}"},"query-input":{"@type":"PropertyValueSpecification","valueRequired":true,"valueName":"search_term_string"}}],"inLanguage":"en-GB"},{"@type":"Organization","@id":"https:\/\/www.ecoindustry.co.ao\/#organization","name":"ECOINDUSTRY","url":"https:\/\/www.ecoindustry.co.ao\/","logo":{"@type":"ImageObject","inLanguage":"en-GB","@id":"https:\/\/www.ecoindustry.co.ao\/#\/schema\/logo\/image\/","url":"https:\/\/www.ecoindustry.co.ao\/wp-content\/uploads\/2017\/04\/Logo_Ecoindustry.png","contentUrl":"https:\/\/www.ecoindustry.co.ao\/wp-content\/uploads\/2017\/04\/Logo_Ecoindustry.png","width":584,"height":111,"caption":"ECOINDUSTRY"},"image":{"@id":"https:\/\/www.ecoindustry.co.ao\/#\/schema\/logo\/image\/"},"sameAs":["https:\/\/www.facebook.com\/ecoindustrylda\/","https:\/\/www.linkedin.com\/company\/ecoindustry\/"]}]}},"_links":{"self":[{"href":"https:\/\/www.ecoindustry.co.ao\/en\/wp-json\/wp\/v2\/product\/7690","targetHints":{"allow":["GET"]}}],"collection":[{"href":"https:\/\/www.ecoindustry.co.ao\/en\/wp-json\/wp\/v2\/product"}],"about":[{"href":"https:\/\/www.ecoindustry.co.ao\/en\/wp-json\/wp\/v2\/types\/product"}],"replies":[{"embeddable":true,"href":"https:\/\/www.ecoindustry.co.ao\/en\/wp-json\/wp\/v2\/comments?post=7690"}],"wp:featuredmedia":[{"embeddable":true,"href":"https:\/\/www.ecoindustry.co.ao\/en\/wp-json\/wp\/v2\/media\/4126"}],"wp:attachment":[{"href":"https:\/\/www.ecoindustry.co.ao\/en\/wp-json\/wp\/v2\/media?parent=7690"}],"wp:term":[{"taxonomy":"product_brand","embeddable":true,"href":"https:\/\/www.ecoindustry.co.ao\/en\/wp-json\/wp\/v2\/product_brand?post=7690"},{"taxonomy":"product_cat","embeddable":true,"href":"https:\/\/www.ecoindustry.co.ao\/en\/wp-json\/wp\/v2\/product_cat?post=7690"},{"taxonomy":"product_tag","embeddable":true,"href":"https:\/\/www.ecoindustry.co.ao\/en\/wp-json\/wp\/v2\/product_tag?post=7690"}],"curies":[{"name":"wp","href":"https:\/\/api.w.org\/{rel}","templated":true}]}}