{"id":7568,"date":"2025-04-16T16:20:51","date_gmt":"2025-04-16T16:20:51","guid":{"rendered":"https:\/\/www.ecoindustry.co.ao\/?post_type=product&#038;p=7568"},"modified":"2025-09-09T14:53:19","modified_gmt":"2025-09-09T14:53:19","slug":"filtro-triton-tr-60-14-000-l-h","status":"publish","type":"product","link":"https:\/\/www.ecoindustry.co.ao\/en\/product\/filtro-triton-tr-60-14-000-l-h\/","title":{"rendered":"TRITON TR-60 FILTER \u2013 14,000 Lt\/h"},"content":{"rendered":"<p class=\"p1\"><span class=\"s1\"><b>TRITON TR-60 FILTER<\/b><\/span> It is a high-performance sand filter from the Pentair brand, designed to guarantee a <span style=\"color: #af2d2c;\"><strong>Robust and effective filtration for pools up to 85,000 liters.<\/strong><\/span>With a flow rate of 14,000 liters per hour, it is ideal for those seeking reliability and continuous performance with minimal maintenance.<\/p>\n<p class=\"p1\">Its monobloc structure in <span class=\"s1\"><b>fiberglass reinforced<\/b><\/span> Its anti-corrosion finish provides resistance to weathering and chemicals, making it ideal for outdoor installations or areas with prolonged exposure to treated water. The internal design with a 360\u00ba diffuser ensures <span class=\"s1\"><b>uniform distribution of water over the filter bed<\/b><\/span>, increasing the system&#039;s effectiveness.<\/p>\n<p class=\"p1\">Equipped with a 6-position multi-way valve to facilitate filtration, backwashing, rinsing, recirculation, draining and shut-off operations, the <span class=\"s1\"><b>TRITON FILTER<\/b><\/span><span class=\"s1\"><b>\u00a0TR-60<\/b><\/span> It is easy to operate and integrates seamlessly with existing filtration systems. The transparent screw-on lid allows for inspection and quick access to the inside of the filter.<\/p>\n<h3><\/h3>\n<p><b>Features:<\/b><\/p>\n<p class=\"p1\">\u2022 Sand filter for swimming pools with a capacity of up to 85,000 L;<\/p>\n<p class=\"p1\">\u2022 Flow rate of 14,000 liters per hour;<\/p>\n<p class=\"p1\">\u2022 One-piece fiberglass structure with high durability;<\/p>\n<p class=\"p1\">\u2022 360\u00ba diffuser for uniform water distribution;<\/p>\n<p class=\"p1\">\u2022 Multi-way valve with 6 operating positions;<\/p>\n<p class=\"p1\">\u2022 Transparent lid for inspection and easy maintenance.<\/p>","protected":false},"excerpt":{"rendered":"<p class=\"p1\"><span class=\"s1\"><b>TRITON TR-60 FILTER<\/b><\/span> It is a high-performance sand filter with <span style=\"color: #af2d2c;\"><strong>filtration capacity of 14,000 liters per hour<\/strong><\/span>, ideal for residential and heavy-use pools.<\/p>\n<p class=\"p1\">With a monobloc fiberglass structure and multi-way valve, it offers a <span class=\"s1\"><b>Efficient, long-lasting, and low-maintenance filtration.<\/b><\/span>.<\/p>","protected":false},"featured_media":4040,"comment_status":"closed","ping_status":"closed","template":"","meta":[],"product_brand":[],"product_cat":[52,283],"product_tag":[171,176,174,170,167,175,172,169,168,173],"class_list":{"0":"post-7568","1":"product","2":"type-product","3":"status-publish","4":"has-post-thumbnail","6":"product_cat-sem-categoria","7":"product_cat-sistemas-filtracao","8":"product_tag-14000-l-h","9":"product_tag-alto-desempenho","10":"product_tag-fibra-de-vidro","11":"product_tag-filtracao-de-agua","12":"product_tag-filtro-de-areia","13":"product_tag-manutencao-baixa","14":"product_tag-pentair","15":"product_tag-piscina","16":"product_tag-triton","17":"product_tag-valvula-multivias","19":"first","20":"instock","21":"shipping-taxable","22":"product-type-simple"},"yoast_head":"<!-- This site is optimized with the Yoast SEO plugin v27.3 - https:\/\/yoast.com\/product\/yoast-seo-wordpress\/ -->\n<title>FILTRO TRITON TR-60 \u2013 14.000 Lt\/h - Ecoindustry<\/title>\n<meta name=\"robots\" content=\"index, follow, max-snippet:-1, max-image-preview:large, max-video-preview:-1\" \/>\n<link rel=\"canonical\" href=\"https:\/\/www.ecoindustry.co.ao\/en\/product\/filtro-triton-tr-60-14-000-l-h\/\" \/>\n<meta property=\"og:locale\" content=\"en_GB\" \/>\n<meta property=\"og:type\" content=\"article\" \/>\n<meta property=\"og:title\" content=\"FILTRO TRITON TR-60 \u2013 14.000 Lt\/h - Ecoindustry\" \/>\n<meta property=\"og:description\" content=\"FILTRO TRITON TR-60 \u00e9 um filtro de areia de alto desempenho com capacidade de filtra\u00e7\u00e3o de 14.000 litros por hora, ideal para piscinas residenciais e de uso intensivo. Com estrutura monobloco em fibra de vidro e v\u00e1lvula multivias, oferece uma filtra\u00e7\u00e3o eficiente, duradoura e de baixa manuten\u00e7\u00e3o.\" \/>\n<meta property=\"og:url\" content=\"https:\/\/www.ecoindustry.co.ao\/en\/product\/filtro-triton-tr-60-14-000-l-h\/\" \/>\n<meta property=\"og:site_name\" content=\"Ecoindustry\" \/>\n<meta property=\"article:publisher\" content=\"https:\/\/www.facebook.com\/ecoindustrylda\/\" \/>\n<meta property=\"article:modified_time\" content=\"2025-09-09T14:53:19+00:00\" \/>\n<meta property=\"og:image\" content=\"https:\/\/www.ecoindustry.co.ao\/wp-content\/uploads\/2020\/11\/Filtro-Triton-TR60-14.000.jpg\" \/>\n\t<meta property=\"og:image:width\" content=\"1200\" \/>\n\t<meta property=\"og:image:height\" content=\"800\" \/>\n\t<meta property=\"og:image:type\" content=\"image\/jpeg\" \/>\n<meta name=\"twitter:card\" content=\"summary_large_image\" \/>\n<meta name=\"twitter:label1\" content=\"Estimated reading time\" \/>\n\t<meta name=\"twitter:data1\" content=\"1 minute\" \/>\n<script type=\"application\/ld+json\" class=\"yoast-schema-graph\">{\"@context\":\"https:\\\/\\\/schema.org\",\"@graph\":[{\"@type\":\"WebPage\",\"@id\":\"https:\\\/\\\/www.ecoindustry.co.ao\\\/produto\\\/filtro-triton-tr-60-14-000-l-h\\\/\",\"url\":\"https:\\\/\\\/www.ecoindustry.co.ao\\\/produto\\\/filtro-triton-tr-60-14-000-l-h\\\/\",\"name\":\"FILTRO TRITON TR-60 \u2013 14.000 Lt\\\/h - Ecoindustry\",\"isPartOf\":{\"@id\":\"https:\\\/\\\/www.ecoindustry.co.ao\\\/#website\"},\"primaryImageOfPage\":{\"@id\":\"https:\\\/\\\/www.ecoindustry.co.ao\\\/produto\\\/filtro-triton-tr-60-14-000-l-h\\\/#primaryimage\"},\"image\":{\"@id\":\"https:\\\/\\\/www.ecoindustry.co.ao\\\/produto\\\/filtro-triton-tr-60-14-000-l-h\\\/#primaryimage\"},\"thumbnailUrl\":\"https:\\\/\\\/www.ecoindustry.co.ao\\\/wp-content\\\/uploads\\\/2020\\\/11\\\/Filtro-Triton-TR60-14.000.jpg\",\"datePublished\":\"2025-04-16T16:20:51+00:00\",\"dateModified\":\"2025-09-09T14:53:19+00:00\",\"breadcrumb\":{\"@id\":\"https:\\\/\\\/www.ecoindustry.co.ao\\\/produto\\\/filtro-triton-tr-60-14-000-l-h\\\/#breadcrumb\"},\"inLanguage\":\"en-GB\",\"potentialAction\":[{\"@type\":\"ReadAction\",\"target\":[\"https:\\\/\\\/www.ecoindustry.co.ao\\\/produto\\\/filtro-triton-tr-60-14-000-l-h\\\/\"]}]},{\"@type\":\"ImageObject\",\"inLanguage\":\"en-GB\",\"@id\":\"https:\\\/\\\/www.ecoindustry.co.ao\\\/produto\\\/filtro-triton-tr-60-14-000-l-h\\\/#primaryimage\",\"url\":\"https:\\\/\\\/www.ecoindustry.co.ao\\\/wp-content\\\/uploads\\\/2020\\\/11\\\/Filtro-Triton-TR60-14.000.jpg\",\"contentUrl\":\"https:\\\/\\\/www.ecoindustry.co.ao\\\/wp-content\\\/uploads\\\/2020\\\/11\\\/Filtro-Triton-TR60-14.000.jpg\",\"width\":1200,\"height\":800},{\"@type\":\"BreadcrumbList\",\"@id\":\"https:\\\/\\\/www.ecoindustry.co.ao\\\/produto\\\/filtro-triton-tr-60-14-000-l-h\\\/#breadcrumb\",\"itemListElement\":[{\"@type\":\"ListItem\",\"position\":1,\"name\":\"In\u00edcio\",\"item\":\"https:\\\/\\\/www.ecoindustry.co.ao\\\/\"},{\"@type\":\"ListItem\",\"position\":2,\"name\":\"Loja\",\"item\":\"https:\\\/\\\/www.ecoindustry.co.ao\\\/loja\\\/\"},{\"@type\":\"ListItem\",\"position\":3,\"name\":\"FILTRO TRITON TR-60 \u2013 14.000 Lt\\\/h\"}]},{\"@type\":\"WebSite\",\"@id\":\"https:\\\/\\\/www.ecoindustry.co.ao\\\/#website\",\"url\":\"https:\\\/\\\/www.ecoindustry.co.ao\\\/\",\"name\":\"Ecoindustry\",\"description\":\"Produzimos e comercializamos o melhor, de \u00c1frica para o Mundo.\",\"publisher\":{\"@id\":\"https:\\\/\\\/www.ecoindustry.co.ao\\\/#organization\"},\"potentialAction\":[{\"@type\":\"SearchAction\",\"target\":{\"@type\":\"EntryPoint\",\"urlTemplate\":\"https:\\\/\\\/www.ecoindustry.co.ao\\\/?s={search_term_string}\"},\"query-input\":{\"@type\":\"PropertyValueSpecification\",\"valueRequired\":true,\"valueName\":\"search_term_string\"}}],\"inLanguage\":\"en-GB\"},{\"@type\":\"Organization\",\"@id\":\"https:\\\/\\\/www.ecoindustry.co.ao\\\/#organization\",\"name\":\"ECOINDUSTRY\",\"url\":\"https:\\\/\\\/www.ecoindustry.co.ao\\\/\",\"logo\":{\"@type\":\"ImageObject\",\"inLanguage\":\"en-GB\",\"@id\":\"https:\\\/\\\/www.ecoindustry.co.ao\\\/#\\\/schema\\\/logo\\\/image\\\/\",\"url\":\"https:\\\/\\\/www.ecoindustry.co.ao\\\/wp-content\\\/uploads\\\/2017\\\/04\\\/Logo_Ecoindustry.png\",\"contentUrl\":\"https:\\\/\\\/www.ecoindustry.co.ao\\\/wp-content\\\/uploads\\\/2017\\\/04\\\/Logo_Ecoindustry.png\",\"width\":584,\"height\":111,\"caption\":\"ECOINDUSTRY\"},\"image\":{\"@id\":\"https:\\\/\\\/www.ecoindustry.co.ao\\\/#\\\/schema\\\/logo\\\/image\\\/\"},\"sameAs\":[\"https:\\\/\\\/www.facebook.com\\\/ecoindustrylda\\\/\",\"https:\\\/\\\/www.linkedin.com\\\/company\\\/ecoindustry\\\/\"]}]}<\/script>\n<!-- \/ Yoast SEO plugin. -->","yoast_head_json":{"title":"FILTRO TRITON TR-60 \u2013 14.000 Lt\/h - Ecoindustry","robots":{"index":"index","follow":"follow","max-snippet":"max-snippet:-1","max-image-preview":"max-image-preview:large","max-video-preview":"max-video-preview:-1"},"canonical":"https:\/\/www.ecoindustry.co.ao\/en\/product\/filtro-triton-tr-60-14-000-l-h\/","og_locale":"en_GB","og_type":"article","og_title":"FILTRO TRITON TR-60 \u2013 14.000 Lt\/h - Ecoindustry","og_description":"FILTRO TRITON TR-60 \u00e9 um filtro de areia de alto desempenho com capacidade de filtra\u00e7\u00e3o de 14.000 litros por hora, ideal para piscinas residenciais e de uso intensivo. Com estrutura monobloco em fibra de vidro e v\u00e1lvula multivias, oferece uma filtra\u00e7\u00e3o eficiente, duradoura e de baixa manuten\u00e7\u00e3o.","og_url":"https:\/\/www.ecoindustry.co.ao\/en\/product\/filtro-triton-tr-60-14-000-l-h\/","og_site_name":"Ecoindustry","article_publisher":"https:\/\/www.facebook.com\/ecoindustrylda\/","article_modified_time":"2025-09-09T14:53:19+00:00","og_image":[{"width":1200,"height":800,"url":"https:\/\/www.ecoindustry.co.ao\/wp-content\/uploads\/2020\/11\/Filtro-Triton-TR60-14.000.jpg","type":"image\/jpeg"}],"twitter_card":"summary_large_image","twitter_misc":{"Estimated reading time":"1 minute"},"schema":{"@context":"https:\/\/schema.org","@graph":[{"@type":"WebPage","@id":"https:\/\/www.ecoindustry.co.ao\/produto\/filtro-triton-tr-60-14-000-l-h\/","url":"https:\/\/www.ecoindustry.co.ao\/produto\/filtro-triton-tr-60-14-000-l-h\/","name":"FILTRO TRITON TR-60 \u2013 14.000 Lt\/h - Ecoindustry","isPartOf":{"@id":"https:\/\/www.ecoindustry.co.ao\/#website"},"primaryImageOfPage":{"@id":"https:\/\/www.ecoindustry.co.ao\/produto\/filtro-triton-tr-60-14-000-l-h\/#primaryimage"},"image":{"@id":"https:\/\/www.ecoindustry.co.ao\/produto\/filtro-triton-tr-60-14-000-l-h\/#primaryimage"},"thumbnailUrl":"https:\/\/www.ecoindustry.co.ao\/wp-content\/uploads\/2020\/11\/Filtro-Triton-TR60-14.000.jpg","datePublished":"2025-04-16T16:20:51+00:00","dateModified":"2025-09-09T14:53:19+00:00","breadcrumb":{"@id":"https:\/\/www.ecoindustry.co.ao\/produto\/filtro-triton-tr-60-14-000-l-h\/#breadcrumb"},"inLanguage":"en-GB","potentialAction":[{"@type":"ReadAction","target":["https:\/\/www.ecoindustry.co.ao\/produto\/filtro-triton-tr-60-14-000-l-h\/"]}]},{"@type":"ImageObject","inLanguage":"en-GB","@id":"https:\/\/www.ecoindustry.co.ao\/produto\/filtro-triton-tr-60-14-000-l-h\/#primaryimage","url":"https:\/\/www.ecoindustry.co.ao\/wp-content\/uploads\/2020\/11\/Filtro-Triton-TR60-14.000.jpg","contentUrl":"https:\/\/www.ecoindustry.co.ao\/wp-content\/uploads\/2020\/11\/Filtro-Triton-TR60-14.000.jpg","width":1200,"height":800},{"@type":"BreadcrumbList","@id":"https:\/\/www.ecoindustry.co.ao\/produto\/filtro-triton-tr-60-14-000-l-h\/#breadcrumb","itemListElement":[{"@type":"ListItem","position":1,"name":"In\u00edcio","item":"https:\/\/www.ecoindustry.co.ao\/"},{"@type":"ListItem","position":2,"name":"Loja","item":"https:\/\/www.ecoindustry.co.ao\/loja\/"},{"@type":"ListItem","position":3,"name":"FILTRO TRITON TR-60 \u2013 14.000 Lt\/h"}]},{"@type":"WebSite","@id":"https:\/\/www.ecoindustry.co.ao\/#website","url":"https:\/\/www.ecoindustry.co.ao\/","name":"Ecoindustry","description":"Produzimos e comercializamos o melhor, de \u00c1frica para o Mundo.","publisher":{"@id":"https:\/\/www.ecoindustry.co.ao\/#organization"},"potentialAction":[{"@type":"SearchAction","target":{"@type":"EntryPoint","urlTemplate":"https:\/\/www.ecoindustry.co.ao\/?s={search_term_string}"},"query-input":{"@type":"PropertyValueSpecification","valueRequired":true,"valueName":"search_term_string"}}],"inLanguage":"en-GB"},{"@type":"Organization","@id":"https:\/\/www.ecoindustry.co.ao\/#organization","name":"ECOINDUSTRY","url":"https:\/\/www.ecoindustry.co.ao\/","logo":{"@type":"ImageObject","inLanguage":"en-GB","@id":"https:\/\/www.ecoindustry.co.ao\/#\/schema\/logo\/image\/","url":"https:\/\/www.ecoindustry.co.ao\/wp-content\/uploads\/2017\/04\/Logo_Ecoindustry.png","contentUrl":"https:\/\/www.ecoindustry.co.ao\/wp-content\/uploads\/2017\/04\/Logo_Ecoindustry.png","width":584,"height":111,"caption":"ECOINDUSTRY"},"image":{"@id":"https:\/\/www.ecoindustry.co.ao\/#\/schema\/logo\/image\/"},"sameAs":["https:\/\/www.facebook.com\/ecoindustrylda\/","https:\/\/www.linkedin.com\/company\/ecoindustry\/"]}]}},"_links":{"self":[{"href":"https:\/\/www.ecoindustry.co.ao\/en\/wp-json\/wp\/v2\/product\/7568","targetHints":{"allow":["GET"]}}],"collection":[{"href":"https:\/\/www.ecoindustry.co.ao\/en\/wp-json\/wp\/v2\/product"}],"about":[{"href":"https:\/\/www.ecoindustry.co.ao\/en\/wp-json\/wp\/v2\/types\/product"}],"replies":[{"embeddable":true,"href":"https:\/\/www.ecoindustry.co.ao\/en\/wp-json\/wp\/v2\/comments?post=7568"}],"wp:featuredmedia":[{"embeddable":true,"href":"https:\/\/www.ecoindustry.co.ao\/en\/wp-json\/wp\/v2\/media\/4040"}],"wp:attachment":[{"href":"https:\/\/www.ecoindustry.co.ao\/en\/wp-json\/wp\/v2\/media?parent=7568"}],"wp:term":[{"taxonomy":"product_brand","embeddable":true,"href":"https:\/\/www.ecoindustry.co.ao\/en\/wp-json\/wp\/v2\/product_brand?post=7568"},{"taxonomy":"product_cat","embeddable":true,"href":"https:\/\/www.ecoindustry.co.ao\/en\/wp-json\/wp\/v2\/product_cat?post=7568"},{"taxonomy":"product_tag","embeddable":true,"href":"https:\/\/www.ecoindustry.co.ao\/en\/wp-json\/wp\/v2\/product_tag?post=7568"}],"curies":[{"name":"wp","href":"https:\/\/api.w.org\/{rel}","templated":true}]}}