{"id":7484,"date":"2025-04-13T13:12:45","date_gmt":"2025-04-13T13:12:45","guid":{"rendered":"https:\/\/www.ecoindustry.co.ao\/?post_type=product&#038;p=7484"},"modified":"2025-09-09T15:05:03","modified_gmt":"2025-09-09T15:05:03","slug":"ecopool-chlorine-multifunction-t250","status":"publish","type":"product","link":"https:\/\/www.ecoindustry.co.ao\/en\/product\/ecopool-chlorine-multifunction-t250\/","title":{"rendered":"ECOPOOL CHLORINE MULTIFUNCTION T250"},"content":{"rendered":"<p class=\"p1\"><span class=\"s1\"><b>ECOPOOL CHLORINE MULTIFUNCTION T250<\/b><\/span> It is a 4-in-1 product designed to guarantee the <span style=\"color: #af2d2c\"><strong>disinfection, clarification, algae prevention and antifungal protection<\/strong><\/span> from pool water. Its 250g trichloroisocyanuric acid tablets are ideal for long-term applications with high efficiency.<\/p>\n<p class=\"p1\">Its slow and continuous release ensures stable chlorine levels and constant control of microorganisms. This product was specially developed for those seeking... <span class=\"s1\"><b>practicality, reliability and lasting results<\/b><\/span> with a single application, optimizing the maintenance routine.<\/p>\n<p class=\"p1\">Compatible with most filtration systems and suitable for residential, public, and heavy-duty pools, the <span class=\"s1\"><b>ECOPOOL CHLORINE MULTIFUNCTION T250<\/b><\/span> promotes <span style=\"color: #af2d2c\"><strong>clean, safe, and aesthetically perfect water<\/strong><\/span> throughout the entire period of use.<\/p>\n<h3><\/h3>\n<p><b>Features:<\/b><\/p>\n<p class=\"p1\">\u2022 250g tablets with disinfectant, algaecidal, clarifying and antifungal action;<\/p>\n<p class=\"p1\">\u2022 Slow and continuous dissolving formula for prolonged maintenance;<\/p>\n<p class=\"p1\">\u2022 It replaces the need for multiple chemical products;<\/p>\n<p class=\"p1\">\u2022 Ideal for use in floating dispensers or skimmers;<\/p>\n<p class=\"p1\">\u2022 Suitable for residential, public, and heavily used swimming pools.<\/p>","protected":false},"excerpt":{"rendered":"<p class=\"p1\"><span class=\"s1\"><b>ECOPOOL CHLORINE MULTIFUNCTION T250<\/b><\/span> They are 250g tablets with <span style=\"color: #af2d2c\"><strong>disinfectant, algaecide, clarifying and antifungal action<\/strong><\/span>, ensuring complete water treatment with a single application.<\/p>\n<p class=\"p1\">Developed for controlled release, they ensure a <span class=\"s1\"><b>clean, balanced and protected water<\/b><\/span> for extended periods, reducing the use of multiple products and simplifying pool maintenance.<\/p>","protected":false},"featured_media":7494,"comment_status":"closed","ping_status":"closed","template":"","meta":[],"product_brand":[],"product_cat":[281],"product_tag":[143,132,137,133,142],"class_list":{"0":"post-7484","1":"product","2":"type-product","3":"status-publish","4":"has-post-thumbnail","6":"product_cat-tratamentos-agua","7":"product_tag-antifungico","8":"product_tag-cloro","9":"product_tag-desinfetante","10":"product_tag-pastilhas","11":"product_tag-t250","13":"first","14":"instock","15":"shipping-taxable","16":"product-type-simple"},"yoast_head":"<!-- This site is optimized with the Yoast SEO plugin v27.3 - https:\/\/yoast.com\/product\/yoast-seo-wordpress\/ -->\n<title>ECOPOOL CHLORINE MULTIFUNCTION T250 - Ecoindustry<\/title>\n<meta name=\"robots\" content=\"index, follow, max-snippet:-1, max-image-preview:large, max-video-preview:-1\" \/>\n<link rel=\"canonical\" href=\"https:\/\/www.ecoindustry.co.ao\/en\/product\/ecopool-chlorine-multifunction-t250\/\" \/>\n<meta property=\"og:locale\" content=\"en_GB\" \/>\n<meta property=\"og:type\" content=\"article\" \/>\n<meta property=\"og:title\" content=\"ECOPOOL CHLORINE MULTIFUNCTION T250 - Ecoindustry\" \/>\n<meta property=\"og:description\" content=\"ECOPOOL CHLORINE MULTIFUNCTION T250 s\u00e3o pastilhas de 250g com a\u00e7\u00e3o desinfetante, algicida, clarificante e antif\u00fangica, garantindo um tratamento completo da \u00e1gua com uma \u00fanica aplica\u00e7\u00e3o. Desenvolvidas para liberta\u00e7\u00e3o controlada, asseguram uma \u00e1gua limpa, equilibrada e protegida durante longos per\u00edodos, reduzindo a utiliza\u00e7\u00e3o de m\u00faltiplos produtos e simplificando a manuten\u00e7\u00e3o da piscina.\" \/>\n<meta property=\"og:url\" content=\"https:\/\/www.ecoindustry.co.ao\/en\/product\/ecopool-chlorine-multifunction-t250\/\" \/>\n<meta property=\"og:site_name\" content=\"Ecoindustry\" \/>\n<meta property=\"article:publisher\" content=\"https:\/\/www.facebook.com\/ecoindustrylda\/\" \/>\n<meta property=\"article:modified_time\" content=\"2025-09-09T15:05:03+00:00\" \/>\n<meta property=\"og:image\" content=\"https:\/\/www.ecoindustry.co.ao\/wp-content\/uploads\/2025\/04\/Multifunction-T250-1-960x639-1.png\" \/>\n\t<meta property=\"og:image:width\" content=\"960\" \/>\n\t<meta property=\"og:image:height\" content=\"639\" \/>\n\t<meta property=\"og:image:type\" content=\"image\/png\" \/>\n<meta name=\"twitter:card\" content=\"summary_large_image\" \/>\n<meta name=\"twitter:label1\" content=\"Estimated reading time\" \/>\n\t<meta name=\"twitter:data1\" content=\"1 minute\" \/>\n<script type=\"application\/ld+json\" class=\"yoast-schema-graph\">{\"@context\":\"https:\\\/\\\/schema.org\",\"@graph\":[{\"@type\":\"WebPage\",\"@id\":\"https:\\\/\\\/www.ecoindustry.co.ao\\\/produto\\\/ecopool-chlorine-multifunction-t250\\\/\",\"url\":\"https:\\\/\\\/www.ecoindustry.co.ao\\\/produto\\\/ecopool-chlorine-multifunction-t250\\\/\",\"name\":\"ECOPOOL CHLORINE MULTIFUNCTION T250 - Ecoindustry\",\"isPartOf\":{\"@id\":\"https:\\\/\\\/www.ecoindustry.co.ao\\\/#website\"},\"primaryImageOfPage\":{\"@id\":\"https:\\\/\\\/www.ecoindustry.co.ao\\\/produto\\\/ecopool-chlorine-multifunction-t250\\\/#primaryimage\"},\"image\":{\"@id\":\"https:\\\/\\\/www.ecoindustry.co.ao\\\/produto\\\/ecopool-chlorine-multifunction-t250\\\/#primaryimage\"},\"thumbnailUrl\":\"https:\\\/\\\/www.ecoindustry.co.ao\\\/wp-content\\\/uploads\\\/2025\\\/04\\\/Multifunction-T250-1-960x639-1.png\",\"datePublished\":\"2025-04-13T13:12:45+00:00\",\"dateModified\":\"2025-09-09T15:05:03+00:00\",\"breadcrumb\":{\"@id\":\"https:\\\/\\\/www.ecoindustry.co.ao\\\/produto\\\/ecopool-chlorine-multifunction-t250\\\/#breadcrumb\"},\"inLanguage\":\"en-GB\",\"potentialAction\":[{\"@type\":\"ReadAction\",\"target\":[\"https:\\\/\\\/www.ecoindustry.co.ao\\\/produto\\\/ecopool-chlorine-multifunction-t250\\\/\"]}]},{\"@type\":\"ImageObject\",\"inLanguage\":\"en-GB\",\"@id\":\"https:\\\/\\\/www.ecoindustry.co.ao\\\/produto\\\/ecopool-chlorine-multifunction-t250\\\/#primaryimage\",\"url\":\"https:\\\/\\\/www.ecoindustry.co.ao\\\/wp-content\\\/uploads\\\/2025\\\/04\\\/Multifunction-T250-1-960x639-1.png\",\"contentUrl\":\"https:\\\/\\\/www.ecoindustry.co.ao\\\/wp-content\\\/uploads\\\/2025\\\/04\\\/Multifunction-T250-1-960x639-1.png\",\"width\":960,\"height\":639},{\"@type\":\"BreadcrumbList\",\"@id\":\"https:\\\/\\\/www.ecoindustry.co.ao\\\/produto\\\/ecopool-chlorine-multifunction-t250\\\/#breadcrumb\",\"itemListElement\":[{\"@type\":\"ListItem\",\"position\":1,\"name\":\"In\u00edcio\",\"item\":\"https:\\\/\\\/www.ecoindustry.co.ao\\\/\"},{\"@type\":\"ListItem\",\"position\":2,\"name\":\"Loja\",\"item\":\"https:\\\/\\\/www.ecoindustry.co.ao\\\/loja\\\/\"},{\"@type\":\"ListItem\",\"position\":3,\"name\":\"ECOPOOL CHLORINE MULTIFUNCTION T250\"}]},{\"@type\":\"WebSite\",\"@id\":\"https:\\\/\\\/www.ecoindustry.co.ao\\\/#website\",\"url\":\"https:\\\/\\\/www.ecoindustry.co.ao\\\/\",\"name\":\"Ecoindustry\",\"description\":\"Produzimos e comercializamos o melhor, de \u00c1frica para o Mundo.\",\"publisher\":{\"@id\":\"https:\\\/\\\/www.ecoindustry.co.ao\\\/#organization\"},\"potentialAction\":[{\"@type\":\"SearchAction\",\"target\":{\"@type\":\"EntryPoint\",\"urlTemplate\":\"https:\\\/\\\/www.ecoindustry.co.ao\\\/?s={search_term_string}\"},\"query-input\":{\"@type\":\"PropertyValueSpecification\",\"valueRequired\":true,\"valueName\":\"search_term_string\"}}],\"inLanguage\":\"en-GB\"},{\"@type\":\"Organization\",\"@id\":\"https:\\\/\\\/www.ecoindustry.co.ao\\\/#organization\",\"name\":\"ECOINDUSTRY\",\"url\":\"https:\\\/\\\/www.ecoindustry.co.ao\\\/\",\"logo\":{\"@type\":\"ImageObject\",\"inLanguage\":\"en-GB\",\"@id\":\"https:\\\/\\\/www.ecoindustry.co.ao\\\/#\\\/schema\\\/logo\\\/image\\\/\",\"url\":\"https:\\\/\\\/www.ecoindustry.co.ao\\\/wp-content\\\/uploads\\\/2017\\\/04\\\/Logo_Ecoindustry.png\",\"contentUrl\":\"https:\\\/\\\/www.ecoindustry.co.ao\\\/wp-content\\\/uploads\\\/2017\\\/04\\\/Logo_Ecoindustry.png\",\"width\":584,\"height\":111,\"caption\":\"ECOINDUSTRY\"},\"image\":{\"@id\":\"https:\\\/\\\/www.ecoindustry.co.ao\\\/#\\\/schema\\\/logo\\\/image\\\/\"},\"sameAs\":[\"https:\\\/\\\/www.facebook.com\\\/ecoindustrylda\\\/\",\"https:\\\/\\\/www.linkedin.com\\\/company\\\/ecoindustry\\\/\"]}]}<\/script>\n<!-- \/ Yoast SEO plugin. -->","yoast_head_json":{"title":"ECOPOOL CHLORINE MULTIFUNCTION T250 - Ecoindustry","robots":{"index":"index","follow":"follow","max-snippet":"max-snippet:-1","max-image-preview":"max-image-preview:large","max-video-preview":"max-video-preview:-1"},"canonical":"https:\/\/www.ecoindustry.co.ao\/en\/product\/ecopool-chlorine-multifunction-t250\/","og_locale":"en_GB","og_type":"article","og_title":"ECOPOOL CHLORINE MULTIFUNCTION T250 - Ecoindustry","og_description":"ECOPOOL CHLORINE MULTIFUNCTION T250 s\u00e3o pastilhas de 250g com a\u00e7\u00e3o desinfetante, algicida, clarificante e antif\u00fangica, garantindo um tratamento completo da \u00e1gua com uma \u00fanica aplica\u00e7\u00e3o. Desenvolvidas para liberta\u00e7\u00e3o controlada, asseguram uma \u00e1gua limpa, equilibrada e protegida durante longos per\u00edodos, reduzindo a utiliza\u00e7\u00e3o de m\u00faltiplos produtos e simplificando a manuten\u00e7\u00e3o da piscina.","og_url":"https:\/\/www.ecoindustry.co.ao\/en\/product\/ecopool-chlorine-multifunction-t250\/","og_site_name":"Ecoindustry","article_publisher":"https:\/\/www.facebook.com\/ecoindustrylda\/","article_modified_time":"2025-09-09T15:05:03+00:00","og_image":[{"width":960,"height":639,"url":"https:\/\/www.ecoindustry.co.ao\/wp-content\/uploads\/2025\/04\/Multifunction-T250-1-960x639-1.png","type":"image\/png"}],"twitter_card":"summary_large_image","twitter_misc":{"Estimated reading time":"1 minute"},"schema":{"@context":"https:\/\/schema.org","@graph":[{"@type":"WebPage","@id":"https:\/\/www.ecoindustry.co.ao\/produto\/ecopool-chlorine-multifunction-t250\/","url":"https:\/\/www.ecoindustry.co.ao\/produto\/ecopool-chlorine-multifunction-t250\/","name":"ECOPOOL CHLORINE MULTIFUNCTION T250 - Ecoindustry","isPartOf":{"@id":"https:\/\/www.ecoindustry.co.ao\/#website"},"primaryImageOfPage":{"@id":"https:\/\/www.ecoindustry.co.ao\/produto\/ecopool-chlorine-multifunction-t250\/#primaryimage"},"image":{"@id":"https:\/\/www.ecoindustry.co.ao\/produto\/ecopool-chlorine-multifunction-t250\/#primaryimage"},"thumbnailUrl":"https:\/\/www.ecoindustry.co.ao\/wp-content\/uploads\/2025\/04\/Multifunction-T250-1-960x639-1.png","datePublished":"2025-04-13T13:12:45+00:00","dateModified":"2025-09-09T15:05:03+00:00","breadcrumb":{"@id":"https:\/\/www.ecoindustry.co.ao\/produto\/ecopool-chlorine-multifunction-t250\/#breadcrumb"},"inLanguage":"en-GB","potentialAction":[{"@type":"ReadAction","target":["https:\/\/www.ecoindustry.co.ao\/produto\/ecopool-chlorine-multifunction-t250\/"]}]},{"@type":"ImageObject","inLanguage":"en-GB","@id":"https:\/\/www.ecoindustry.co.ao\/produto\/ecopool-chlorine-multifunction-t250\/#primaryimage","url":"https:\/\/www.ecoindustry.co.ao\/wp-content\/uploads\/2025\/04\/Multifunction-T250-1-960x639-1.png","contentUrl":"https:\/\/www.ecoindustry.co.ao\/wp-content\/uploads\/2025\/04\/Multifunction-T250-1-960x639-1.png","width":960,"height":639},{"@type":"BreadcrumbList","@id":"https:\/\/www.ecoindustry.co.ao\/produto\/ecopool-chlorine-multifunction-t250\/#breadcrumb","itemListElement":[{"@type":"ListItem","position":1,"name":"In\u00edcio","item":"https:\/\/www.ecoindustry.co.ao\/"},{"@type":"ListItem","position":2,"name":"Loja","item":"https:\/\/www.ecoindustry.co.ao\/loja\/"},{"@type":"ListItem","position":3,"name":"ECOPOOL CHLORINE MULTIFUNCTION T250"}]},{"@type":"WebSite","@id":"https:\/\/www.ecoindustry.co.ao\/#website","url":"https:\/\/www.ecoindustry.co.ao\/","name":"Ecoindustry","description":"Produzimos e comercializamos o melhor, de \u00c1frica para o Mundo.","publisher":{"@id":"https:\/\/www.ecoindustry.co.ao\/#organization"},"potentialAction":[{"@type":"SearchAction","target":{"@type":"EntryPoint","urlTemplate":"https:\/\/www.ecoindustry.co.ao\/?s={search_term_string}"},"query-input":{"@type":"PropertyValueSpecification","valueRequired":true,"valueName":"search_term_string"}}],"inLanguage":"en-GB"},{"@type":"Organization","@id":"https:\/\/www.ecoindustry.co.ao\/#organization","name":"ECOINDUSTRY","url":"https:\/\/www.ecoindustry.co.ao\/","logo":{"@type":"ImageObject","inLanguage":"en-GB","@id":"https:\/\/www.ecoindustry.co.ao\/#\/schema\/logo\/image\/","url":"https:\/\/www.ecoindustry.co.ao\/wp-content\/uploads\/2017\/04\/Logo_Ecoindustry.png","contentUrl":"https:\/\/www.ecoindustry.co.ao\/wp-content\/uploads\/2017\/04\/Logo_Ecoindustry.png","width":584,"height":111,"caption":"ECOINDUSTRY"},"image":{"@id":"https:\/\/www.ecoindustry.co.ao\/#\/schema\/logo\/image\/"},"sameAs":["https:\/\/www.facebook.com\/ecoindustrylda\/","https:\/\/www.linkedin.com\/company\/ecoindustry\/"]}]}},"_links":{"self":[{"href":"https:\/\/www.ecoindustry.co.ao\/en\/wp-json\/wp\/v2\/product\/7484","targetHints":{"allow":["GET"]}}],"collection":[{"href":"https:\/\/www.ecoindustry.co.ao\/en\/wp-json\/wp\/v2\/product"}],"about":[{"href":"https:\/\/www.ecoindustry.co.ao\/en\/wp-json\/wp\/v2\/types\/product"}],"replies":[{"embeddable":true,"href":"https:\/\/www.ecoindustry.co.ao\/en\/wp-json\/wp\/v2\/comments?post=7484"}],"wp:featuredmedia":[{"embeddable":true,"href":"https:\/\/www.ecoindustry.co.ao\/en\/wp-json\/wp\/v2\/media\/7494"}],"wp:attachment":[{"href":"https:\/\/www.ecoindustry.co.ao\/en\/wp-json\/wp\/v2\/media?parent=7484"}],"wp:term":[{"taxonomy":"product_brand","embeddable":true,"href":"https:\/\/www.ecoindustry.co.ao\/en\/wp-json\/wp\/v2\/product_brand?post=7484"},{"taxonomy":"product_cat","embeddable":true,"href":"https:\/\/www.ecoindustry.co.ao\/en\/wp-json\/wp\/v2\/product_cat?post=7484"},{"taxonomy":"product_tag","embeddable":true,"href":"https:\/\/www.ecoindustry.co.ao\/en\/wp-json\/wp\/v2\/product_tag?post=7484"}],"curies":[{"name":"wp","href":"https:\/\/api.w.org\/{rel}","templated":true}]}}