{"id":7369,"date":"2024-10-31T10:12:37","date_gmt":"2024-10-31T10:12:37","guid":{"rendered":"https:\/\/www.ecoindustry.co.ao\/?post_type=product&#038;p=7369"},"modified":"2025-09-09T15:42:28","modified_gmt":"2025-09-09T15:42:28","slug":"drizoro-maxroad","status":"publish","type":"product","link":"https:\/\/www.ecoindustry.co.ao\/en\/product\/drizoro-maxroad\/","title":{"rendered":"DRIZORO MAXROAD"},"content":{"rendered":"<p class=\"p1\">A<span style=\"color: #af2d2c;\"><strong>ultra-fast drying structural repair mortar<\/strong><\/span>, developed to repair <span style=\"color: #af2d2c;\"><strong>concrete pavements in high-traffic areas<\/strong><\/span>...such as roads, parking lots, industrial areas, and urban zones. With a high-strength formula, <b>MAXROAD<\/b> provides a <span style=\"color: #af2d2c;\"><strong>exceptional grip<\/strong><\/span> and is capable of <span style=\"color: #af2d2c;\"><strong>withstand extreme load and usage conditions<\/strong><\/span>This product is ideal for interventions that require rapid surface rehabilitation, ensuring that traffic can resume in a short time.<\/p>\n<p class=\"p1\">THE <b>MAXROAD<\/b> It stands out for its durability and c<span style=\"color: #af2d2c;\"><strong>capacity to withstand temperature variations and external agents<\/strong><\/span>, maintaining the integrity of the repair over time. Easy to apply, it is suitable for professionals who need an effective solution for urgent structural repairs and offers excellent performance in both indoor and outdoor environments. With the <b>MAXROAD<\/b>Repairs are carried out safely and efficiently, ensuring a durable and long-lasting finish.<\/p>\n<p class=\"p1\"><b>Features:<\/b><\/p>\n<p class=\"p3\">\u2022 Ultra-fast drying mortar for structural repairs;<\/p>\n<p class=\"p3\">\u2022 High strength and durability for high-traffic areas;<\/p>\n<p class=\"p3\">\u2022 Ideal for roads, parking lots and industrial areas;<\/p>\n<p class=\"p3\">\u2022 Excellent grip and resistance to extreme conditions;<\/p>\n<p class=\"p3\">\u2022 Allows for rapid surface rehabilitation.<\/p>","protected":false},"excerpt":{"rendered":"<p class=\"p1\"><span style=\"color: #af2d2c;\"><strong>Ultra-fast drying structural repair mortar<\/strong><\/span>, ideal for repairs in <span style=\"color: #af2d2c;\"><strong>concrete pavements subject to heavy traffic<\/strong><\/span>With high strength and durability, it is suitable for quick interventions in industrial, urban and road areas.<\/p>\n<p class=\"p1\">Designed to withstand demanding conditions, the <b>MAXROAD<\/b> allows for a quick return to service, <span style=\"color: #af2d2c;\"><strong>minimizing downtime<\/strong><\/span> ...and ensuring a long-lasting repair. It&#039;s the perfect solution for those seeking efficiency and durability in structural repairs.<\/p>","protected":false},"featured_media":7383,"comment_status":"closed","ping_status":"closed","template":"","meta":[],"product_brand":[],"product_cat":[272],"product_tag":[122,106,121],"class_list":{"0":"post-7369","1":"product","2":"type-product","3":"status-publish","4":"has-post-thumbnail","6":"product_cat-drizoro","7":"product_tag-estradas","8":"product_tag-reparacao","9":"product_tag-trafego","11":"first","12":"instock","13":"shipping-taxable","14":"product-type-simple"},"yoast_head":"<!-- This site is optimized with the Yoast SEO plugin v27.3 - https:\/\/yoast.com\/product\/yoast-seo-wordpress\/ -->\n<title>DRIZORO MAXROAD - Ecoindustry<\/title>\n<meta name=\"robots\" content=\"index, follow, max-snippet:-1, max-image-preview:large, max-video-preview:-1\" \/>\n<link rel=\"canonical\" href=\"https:\/\/www.ecoindustry.co.ao\/en\/product\/drizoro-maxroad\/\" \/>\n<meta property=\"og:locale\" content=\"en_GB\" \/>\n<meta property=\"og:type\" content=\"article\" \/>\n<meta property=\"og:title\" content=\"DRIZORO MAXROAD - Ecoindustry\" \/>\n<meta property=\"og:description\" content=\"Argamassa de repara\u00e7\u00e3o estrutural de secagem ultra-r\u00e1pida, ideal para reparos em pavimentos de bet\u00e3o sujeitos a tr\u00e1fego intenso. Com elevada resist\u00eancia e durabilidade, \u00e9 indicada para interven\u00e7\u00f5es r\u00e1pidas em \u00e1reas industriais, urbanas e rodovi\u00e1rias. Formulada para suportar condi\u00e7\u00f5es exigentes, o MAXROAD permite um retorno r\u00e1pido ao servi\u00e7o, minimizando o tempo de inatividade e assegurando uma repara\u00e7\u00e3o duradoura. \u00c9 a solu\u00e7\u00e3o perfeita para quem procura efici\u00eancia e resist\u00eancia em reparos estruturais.\" \/>\n<meta property=\"og:url\" content=\"https:\/\/www.ecoindustry.co.ao\/en\/product\/drizoro-maxroad\/\" \/>\n<meta property=\"og:site_name\" content=\"Ecoindustry\" \/>\n<meta property=\"article:publisher\" content=\"https:\/\/www.facebook.com\/ecoindustrylda\/\" \/>\n<meta property=\"article:modified_time\" content=\"2025-09-09T15:42:28+00:00\" \/>\n<meta property=\"og:image\" content=\"https:\/\/www.ecoindustry.co.ao\/wp-content\/uploads\/2024\/11\/drizoro-maxroad.jpg\" \/>\n\t<meta property=\"og:image:width\" content=\"1080\" \/>\n\t<meta property=\"og:image:height\" content=\"1080\" \/>\n\t<meta property=\"og:image:type\" content=\"image\/jpeg\" \/>\n<meta name=\"twitter:card\" content=\"summary_large_image\" \/>\n<meta name=\"twitter:label1\" content=\"Estimated reading time\" \/>\n\t<meta name=\"twitter:data1\" content=\"1 minute\" \/>\n<script type=\"application\/ld+json\" class=\"yoast-schema-graph\">{\"@context\":\"https:\\\/\\\/schema.org\",\"@graph\":[{\"@type\":\"WebPage\",\"@id\":\"https:\\\/\\\/www.ecoindustry.co.ao\\\/produto\\\/drizoro-maxroad\\\/\",\"url\":\"https:\\\/\\\/www.ecoindustry.co.ao\\\/produto\\\/drizoro-maxroad\\\/\",\"name\":\"DRIZORO MAXROAD - Ecoindustry\",\"isPartOf\":{\"@id\":\"https:\\\/\\\/www.ecoindustry.co.ao\\\/#website\"},\"primaryImageOfPage\":{\"@id\":\"https:\\\/\\\/www.ecoindustry.co.ao\\\/produto\\\/drizoro-maxroad\\\/#primaryimage\"},\"image\":{\"@id\":\"https:\\\/\\\/www.ecoindustry.co.ao\\\/produto\\\/drizoro-maxroad\\\/#primaryimage\"},\"thumbnailUrl\":\"https:\\\/\\\/www.ecoindustry.co.ao\\\/wp-content\\\/uploads\\\/2024\\\/11\\\/drizoro-maxroad.jpg\",\"datePublished\":\"2024-10-31T10:12:37+00:00\",\"dateModified\":\"2025-09-09T15:42:28+00:00\",\"breadcrumb\":{\"@id\":\"https:\\\/\\\/www.ecoindustry.co.ao\\\/produto\\\/drizoro-maxroad\\\/#breadcrumb\"},\"inLanguage\":\"en-GB\",\"potentialAction\":[{\"@type\":\"ReadAction\",\"target\":[\"https:\\\/\\\/www.ecoindustry.co.ao\\\/produto\\\/drizoro-maxroad\\\/\"]}]},{\"@type\":\"ImageObject\",\"inLanguage\":\"en-GB\",\"@id\":\"https:\\\/\\\/www.ecoindustry.co.ao\\\/produto\\\/drizoro-maxroad\\\/#primaryimage\",\"url\":\"https:\\\/\\\/www.ecoindustry.co.ao\\\/wp-content\\\/uploads\\\/2024\\\/11\\\/drizoro-maxroad.jpg\",\"contentUrl\":\"https:\\\/\\\/www.ecoindustry.co.ao\\\/wp-content\\\/uploads\\\/2024\\\/11\\\/drizoro-maxroad.jpg\",\"width\":1080,\"height\":1080},{\"@type\":\"BreadcrumbList\",\"@id\":\"https:\\\/\\\/www.ecoindustry.co.ao\\\/produto\\\/drizoro-maxroad\\\/#breadcrumb\",\"itemListElement\":[{\"@type\":\"ListItem\",\"position\":1,\"name\":\"In\u00edcio\",\"item\":\"https:\\\/\\\/www.ecoindustry.co.ao\\\/\"},{\"@type\":\"ListItem\",\"position\":2,\"name\":\"Loja\",\"item\":\"https:\\\/\\\/www.ecoindustry.co.ao\\\/loja\\\/\"},{\"@type\":\"ListItem\",\"position\":3,\"name\":\"DRIZORO MAXROAD\"}]},{\"@type\":\"WebSite\",\"@id\":\"https:\\\/\\\/www.ecoindustry.co.ao\\\/#website\",\"url\":\"https:\\\/\\\/www.ecoindustry.co.ao\\\/\",\"name\":\"Ecoindustry\",\"description\":\"Produzimos e comercializamos o melhor, de \u00c1frica para o Mundo.\",\"publisher\":{\"@id\":\"https:\\\/\\\/www.ecoindustry.co.ao\\\/#organization\"},\"potentialAction\":[{\"@type\":\"SearchAction\",\"target\":{\"@type\":\"EntryPoint\",\"urlTemplate\":\"https:\\\/\\\/www.ecoindustry.co.ao\\\/?s={search_term_string}\"},\"query-input\":{\"@type\":\"PropertyValueSpecification\",\"valueRequired\":true,\"valueName\":\"search_term_string\"}}],\"inLanguage\":\"en-GB\"},{\"@type\":\"Organization\",\"@id\":\"https:\\\/\\\/www.ecoindustry.co.ao\\\/#organization\",\"name\":\"ECOINDUSTRY\",\"url\":\"https:\\\/\\\/www.ecoindustry.co.ao\\\/\",\"logo\":{\"@type\":\"ImageObject\",\"inLanguage\":\"en-GB\",\"@id\":\"https:\\\/\\\/www.ecoindustry.co.ao\\\/#\\\/schema\\\/logo\\\/image\\\/\",\"url\":\"https:\\\/\\\/www.ecoindustry.co.ao\\\/wp-content\\\/uploads\\\/2017\\\/04\\\/Logo_Ecoindustry.png\",\"contentUrl\":\"https:\\\/\\\/www.ecoindustry.co.ao\\\/wp-content\\\/uploads\\\/2017\\\/04\\\/Logo_Ecoindustry.png\",\"width\":584,\"height\":111,\"caption\":\"ECOINDUSTRY\"},\"image\":{\"@id\":\"https:\\\/\\\/www.ecoindustry.co.ao\\\/#\\\/schema\\\/logo\\\/image\\\/\"},\"sameAs\":[\"https:\\\/\\\/www.facebook.com\\\/ecoindustrylda\\\/\",\"https:\\\/\\\/www.linkedin.com\\\/company\\\/ecoindustry\\\/\"]}]}<\/script>\n<!-- \/ Yoast SEO plugin. -->","yoast_head_json":{"title":"DRIZORO MAXROAD - Ecoindustry","robots":{"index":"index","follow":"follow","max-snippet":"max-snippet:-1","max-image-preview":"max-image-preview:large","max-video-preview":"max-video-preview:-1"},"canonical":"https:\/\/www.ecoindustry.co.ao\/en\/product\/drizoro-maxroad\/","og_locale":"en_GB","og_type":"article","og_title":"DRIZORO MAXROAD - Ecoindustry","og_description":"Argamassa de repara\u00e7\u00e3o estrutural de secagem ultra-r\u00e1pida, ideal para reparos em pavimentos de bet\u00e3o sujeitos a tr\u00e1fego intenso. Com elevada resist\u00eancia e durabilidade, \u00e9 indicada para interven\u00e7\u00f5es r\u00e1pidas em \u00e1reas industriais, urbanas e rodovi\u00e1rias. Formulada para suportar condi\u00e7\u00f5es exigentes, o MAXROAD permite um retorno r\u00e1pido ao servi\u00e7o, minimizando o tempo de inatividade e assegurando uma repara\u00e7\u00e3o duradoura. \u00c9 a solu\u00e7\u00e3o perfeita para quem procura efici\u00eancia e resist\u00eancia em reparos estruturais.","og_url":"https:\/\/www.ecoindustry.co.ao\/en\/product\/drizoro-maxroad\/","og_site_name":"Ecoindustry","article_publisher":"https:\/\/www.facebook.com\/ecoindustrylda\/","article_modified_time":"2025-09-09T15:42:28+00:00","og_image":[{"width":1080,"height":1080,"url":"https:\/\/www.ecoindustry.co.ao\/wp-content\/uploads\/2024\/11\/drizoro-maxroad.jpg","type":"image\/jpeg"}],"twitter_card":"summary_large_image","twitter_misc":{"Estimated reading time":"1 minute"},"schema":{"@context":"https:\/\/schema.org","@graph":[{"@type":"WebPage","@id":"https:\/\/www.ecoindustry.co.ao\/produto\/drizoro-maxroad\/","url":"https:\/\/www.ecoindustry.co.ao\/produto\/drizoro-maxroad\/","name":"DRIZORO MAXROAD - Ecoindustry","isPartOf":{"@id":"https:\/\/www.ecoindustry.co.ao\/#website"},"primaryImageOfPage":{"@id":"https:\/\/www.ecoindustry.co.ao\/produto\/drizoro-maxroad\/#primaryimage"},"image":{"@id":"https:\/\/www.ecoindustry.co.ao\/produto\/drizoro-maxroad\/#primaryimage"},"thumbnailUrl":"https:\/\/www.ecoindustry.co.ao\/wp-content\/uploads\/2024\/11\/drizoro-maxroad.jpg","datePublished":"2024-10-31T10:12:37+00:00","dateModified":"2025-09-09T15:42:28+00:00","breadcrumb":{"@id":"https:\/\/www.ecoindustry.co.ao\/produto\/drizoro-maxroad\/#breadcrumb"},"inLanguage":"en-GB","potentialAction":[{"@type":"ReadAction","target":["https:\/\/www.ecoindustry.co.ao\/produto\/drizoro-maxroad\/"]}]},{"@type":"ImageObject","inLanguage":"en-GB","@id":"https:\/\/www.ecoindustry.co.ao\/produto\/drizoro-maxroad\/#primaryimage","url":"https:\/\/www.ecoindustry.co.ao\/wp-content\/uploads\/2024\/11\/drizoro-maxroad.jpg","contentUrl":"https:\/\/www.ecoindustry.co.ao\/wp-content\/uploads\/2024\/11\/drizoro-maxroad.jpg","width":1080,"height":1080},{"@type":"BreadcrumbList","@id":"https:\/\/www.ecoindustry.co.ao\/produto\/drizoro-maxroad\/#breadcrumb","itemListElement":[{"@type":"ListItem","position":1,"name":"In\u00edcio","item":"https:\/\/www.ecoindustry.co.ao\/"},{"@type":"ListItem","position":2,"name":"Loja","item":"https:\/\/www.ecoindustry.co.ao\/loja\/"},{"@type":"ListItem","position":3,"name":"DRIZORO MAXROAD"}]},{"@type":"WebSite","@id":"https:\/\/www.ecoindustry.co.ao\/#website","url":"https:\/\/www.ecoindustry.co.ao\/","name":"Ecoindustry","description":"Produzimos e comercializamos o melhor, de \u00c1frica para o Mundo.","publisher":{"@id":"https:\/\/www.ecoindustry.co.ao\/#organization"},"potentialAction":[{"@type":"SearchAction","target":{"@type":"EntryPoint","urlTemplate":"https:\/\/www.ecoindustry.co.ao\/?s={search_term_string}"},"query-input":{"@type":"PropertyValueSpecification","valueRequired":true,"valueName":"search_term_string"}}],"inLanguage":"en-GB"},{"@type":"Organization","@id":"https:\/\/www.ecoindustry.co.ao\/#organization","name":"ECOINDUSTRY","url":"https:\/\/www.ecoindustry.co.ao\/","logo":{"@type":"ImageObject","inLanguage":"en-GB","@id":"https:\/\/www.ecoindustry.co.ao\/#\/schema\/logo\/image\/","url":"https:\/\/www.ecoindustry.co.ao\/wp-content\/uploads\/2017\/04\/Logo_Ecoindustry.png","contentUrl":"https:\/\/www.ecoindustry.co.ao\/wp-content\/uploads\/2017\/04\/Logo_Ecoindustry.png","width":584,"height":111,"caption":"ECOINDUSTRY"},"image":{"@id":"https:\/\/www.ecoindustry.co.ao\/#\/schema\/logo\/image\/"},"sameAs":["https:\/\/www.facebook.com\/ecoindustrylda\/","https:\/\/www.linkedin.com\/company\/ecoindustry\/"]}]}},"_links":{"self":[{"href":"https:\/\/www.ecoindustry.co.ao\/en\/wp-json\/wp\/v2\/product\/7369","targetHints":{"allow":["GET"]}}],"collection":[{"href":"https:\/\/www.ecoindustry.co.ao\/en\/wp-json\/wp\/v2\/product"}],"about":[{"href":"https:\/\/www.ecoindustry.co.ao\/en\/wp-json\/wp\/v2\/types\/product"}],"replies":[{"embeddable":true,"href":"https:\/\/www.ecoindustry.co.ao\/en\/wp-json\/wp\/v2\/comments?post=7369"}],"wp:featuredmedia":[{"embeddable":true,"href":"https:\/\/www.ecoindustry.co.ao\/en\/wp-json\/wp\/v2\/media\/7383"}],"wp:attachment":[{"href":"https:\/\/www.ecoindustry.co.ao\/en\/wp-json\/wp\/v2\/media?parent=7369"}],"wp:term":[{"taxonomy":"product_brand","embeddable":true,"href":"https:\/\/www.ecoindustry.co.ao\/en\/wp-json\/wp\/v2\/product_brand?post=7369"},{"taxonomy":"product_cat","embeddable":true,"href":"https:\/\/www.ecoindustry.co.ao\/en\/wp-json\/wp\/v2\/product_cat?post=7369"},{"taxonomy":"product_tag","embeddable":true,"href":"https:\/\/www.ecoindustry.co.ao\/en\/wp-json\/wp\/v2\/product_tag?post=7369"}],"curies":[{"name":"wp","href":"https:\/\/api.w.org\/{rel}","templated":true}]}}