{"id":7367,"date":"2024-10-31T10:12:37","date_gmt":"2024-10-31T10:12:37","guid":{"rendered":"https:\/\/www.ecoindustry.co.ao\/?post_type=product&#038;p=7367"},"modified":"2025-09-09T15:41:45","modified_gmt":"2025-09-09T15:41:45","slug":"drizoro-maxgrout-injection","status":"publish","type":"product","link":"https:\/\/www.ecoindustry.co.ao\/en\/product\/drizoro-maxgrout-injection\/","title":{"rendered":"DRIZORO MAXGROUT INJECTION"},"content":{"rendered":"<p class=\"p1\">THE <b>MAXGROUT INJECTION<\/b> it is a <span style=\"color: #af2d2c\"><strong>fluid mortar<\/strong><\/span> specially formulated for<span style=\"color: #af2d2c\"><strong> Injection into cracks and voids in concrete and masonry structures.<\/strong><\/span>, with the aim of strengthening, consolidating and stabilizing these areas. Developed to achieve <span style=\"color: #af2d2c\"><strong>hard-to-reach areas<\/strong><\/span>This product provides effective penetration and excellent adhesion, ensuring the durability and safety of the repaired structures. <b>MAXGROUT INJECTION<\/b> It is ideal for jobs of <span style=\"color: #af2d2c\"><strong>structural repair and reinforcement<\/strong><\/span>including walls, floors, foundations and other infrastructure that require internal reinforcement.<\/p>\n<p class=\"p1\">The application of <b>MAXGROUT INJECTION<\/b> It is practical and efficient, allowing for <span style=\"color: #af2d2c\"><strong>complete and even filling<\/strong><\/span> in cracks and voids. Its formula provides <span style=\"color: #af2d2c\"><strong>high mechanical strength<\/strong><\/span>This product provides protection against water infiltration and other external agents, ensuring long-term structural integrity. It is the ideal choice for construction and rehabilitation professionals who require a high-quality injection solution for restoration and reinforcement work.<\/p>\n<p class=\"p1\"><b>Features:<\/b><\/p>\n<p class=\"p3\">\u2022 Fluid injection mortar for structural reinforcement;<\/p>\n<p class=\"p3\">\u2022 High penetration capacity and excellent adhesion;<\/p>\n<p class=\"p3\">\u2022 Ideal for filling cracks and voids in concrete and masonry;<\/p>\n<p class=\"p3\">\u2022 Resistant to water infiltration and external agents;<\/p>\n<p class=\"p3\">\u2022 It provides durability and structural stability.<\/p>","protected":false},"excerpt":{"rendered":"<p class=\"p1\"><span style=\"color: #af2d2c\"><strong>Fluid injection mortar for structural reinforcement<\/strong><\/span>ideal for <span style=\"color: #af2d2c\"><strong>Filling and repairing cracks in concrete and masonry.<\/strong><\/span>With its high penetration capacity, it is ideal for consolidating and stabilizing structures, offering durability and resistance over time.<\/p>\n<p class=\"p1\">Easy to apply and with excellent adhesion properties, the <b>MAXGROUT INJECTION<\/b> ensures effective filling of cracks and voids. <span style=\"color: #af2d2c\"><strong>reinforcing structural integrity and protecting against future damage<\/strong><\/span>It is the ideal solution for professionals seeking a reliable, high-quality product for infrastructure rehabilitation.<\/p>","protected":false},"featured_media":7379,"comment_status":"closed","ping_status":"closed","template":"","meta":[],"product_brand":[],"product_cat":[272],"product_tag":[84,117,116,114,115],"class_list":{"0":"post-7367","1":"product","2":"type-product","3":"status-publish","4":"has-post-thumbnail","6":"product_cat-drizoro","7":"product_tag-betao","8":"product_tag-estabilizacao","9":"product_tag-fissuras","10":"product_tag-injeccao","11":"product_tag-reforco","13":"first","14":"instock","15":"shipping-taxable","16":"product-type-simple"},"yoast_head":"<!-- This site is optimized with the Yoast SEO plugin v27.3 - https:\/\/yoast.com\/product\/yoast-seo-wordpress\/ -->\n<title>DRIZORO MAXGROUT INJECTION - Ecoindustry<\/title>\n<meta name=\"robots\" content=\"index, follow, max-snippet:-1, max-image-preview:large, max-video-preview:-1\" \/>\n<link rel=\"canonical\" href=\"https:\/\/www.ecoindustry.co.ao\/en\/product\/drizoro-maxgrout-injection\/\" \/>\n<meta property=\"og:locale\" content=\"en_GB\" \/>\n<meta property=\"og:type\" content=\"article\" \/>\n<meta property=\"og:title\" content=\"DRIZORO MAXGROUT INJECTION - Ecoindustry\" \/>\n<meta property=\"og:description\" content=\"Argamassa fluida de inje\u00e7\u00e3o para refor\u00e7o estrutural, ideal para preenchimento e repara\u00e7\u00e3o de fissuras em bet\u00e3o e alvenaria. Com alta capacidade de penetra\u00e7\u00e3o, \u00e9 indicada para consolidar e estabilizar estruturas, oferecendo durabilidade e resist\u00eancia ao longo do tempo. F\u00e1cil de aplicar e com excelentes propriedades de ader\u00eancia, o MAXGROUT INJECTION garante um preenchimento eficaz de fissuras e espa\u00e7os vazios, refor\u00e7ando a integridade estrutural e protegendo contra danos futuros. \u00c9 a solu\u00e7\u00e3o ideal para profissionais que procuram um produto fi\u00e1vel e de elevada qualidade para a reabilita\u00e7\u00e3o de infraestruturas.\" \/>\n<meta property=\"og:url\" content=\"https:\/\/www.ecoindustry.co.ao\/en\/product\/drizoro-maxgrout-injection\/\" \/>\n<meta property=\"og:site_name\" content=\"Ecoindustry\" \/>\n<meta property=\"article:publisher\" content=\"https:\/\/www.facebook.com\/ecoindustrylda\/\" \/>\n<meta property=\"article:modified_time\" content=\"2025-09-09T15:41:45+00:00\" \/>\n<meta property=\"og:image\" content=\"https:\/\/www.ecoindustry.co.ao\/wp-content\/uploads\/2024\/11\/drizoro-maxgrout.jpg\" \/>\n\t<meta property=\"og:image:width\" content=\"1080\" \/>\n\t<meta property=\"og:image:height\" content=\"1080\" \/>\n\t<meta property=\"og:image:type\" content=\"image\/jpeg\" \/>\n<meta name=\"twitter:card\" content=\"summary_large_image\" \/>\n<meta name=\"twitter:label1\" content=\"Estimated reading time\" \/>\n\t<meta name=\"twitter:data1\" content=\"1 minute\" \/>\n<script type=\"application\/ld+json\" class=\"yoast-schema-graph\">{\"@context\":\"https:\\\/\\\/schema.org\",\"@graph\":[{\"@type\":\"WebPage\",\"@id\":\"https:\\\/\\\/www.ecoindustry.co.ao\\\/produto\\\/drizoro-maxgrout-injection\\\/\",\"url\":\"https:\\\/\\\/www.ecoindustry.co.ao\\\/produto\\\/drizoro-maxgrout-injection\\\/\",\"name\":\"DRIZORO MAXGROUT INJECTION - Ecoindustry\",\"isPartOf\":{\"@id\":\"https:\\\/\\\/www.ecoindustry.co.ao\\\/#website\"},\"primaryImageOfPage\":{\"@id\":\"https:\\\/\\\/www.ecoindustry.co.ao\\\/produto\\\/drizoro-maxgrout-injection\\\/#primaryimage\"},\"image\":{\"@id\":\"https:\\\/\\\/www.ecoindustry.co.ao\\\/produto\\\/drizoro-maxgrout-injection\\\/#primaryimage\"},\"thumbnailUrl\":\"https:\\\/\\\/www.ecoindustry.co.ao\\\/wp-content\\\/uploads\\\/2024\\\/11\\\/drizoro-maxgrout.jpg\",\"datePublished\":\"2024-10-31T10:12:37+00:00\",\"dateModified\":\"2025-09-09T15:41:45+00:00\",\"breadcrumb\":{\"@id\":\"https:\\\/\\\/www.ecoindustry.co.ao\\\/produto\\\/drizoro-maxgrout-injection\\\/#breadcrumb\"},\"inLanguage\":\"en-GB\",\"potentialAction\":[{\"@type\":\"ReadAction\",\"target\":[\"https:\\\/\\\/www.ecoindustry.co.ao\\\/produto\\\/drizoro-maxgrout-injection\\\/\"]}]},{\"@type\":\"ImageObject\",\"inLanguage\":\"en-GB\",\"@id\":\"https:\\\/\\\/www.ecoindustry.co.ao\\\/produto\\\/drizoro-maxgrout-injection\\\/#primaryimage\",\"url\":\"https:\\\/\\\/www.ecoindustry.co.ao\\\/wp-content\\\/uploads\\\/2024\\\/11\\\/drizoro-maxgrout.jpg\",\"contentUrl\":\"https:\\\/\\\/www.ecoindustry.co.ao\\\/wp-content\\\/uploads\\\/2024\\\/11\\\/drizoro-maxgrout.jpg\",\"width\":1080,\"height\":1080},{\"@type\":\"BreadcrumbList\",\"@id\":\"https:\\\/\\\/www.ecoindustry.co.ao\\\/produto\\\/drizoro-maxgrout-injection\\\/#breadcrumb\",\"itemListElement\":[{\"@type\":\"ListItem\",\"position\":1,\"name\":\"In\u00edcio\",\"item\":\"https:\\\/\\\/www.ecoindustry.co.ao\\\/\"},{\"@type\":\"ListItem\",\"position\":2,\"name\":\"Loja\",\"item\":\"https:\\\/\\\/www.ecoindustry.co.ao\\\/loja\\\/\"},{\"@type\":\"ListItem\",\"position\":3,\"name\":\"DRIZORO MAXGROUT INJECTION\"}]},{\"@type\":\"WebSite\",\"@id\":\"https:\\\/\\\/www.ecoindustry.co.ao\\\/#website\",\"url\":\"https:\\\/\\\/www.ecoindustry.co.ao\\\/\",\"name\":\"Ecoindustry\",\"description\":\"Produzimos e comercializamos o melhor, de \u00c1frica para o Mundo.\",\"publisher\":{\"@id\":\"https:\\\/\\\/www.ecoindustry.co.ao\\\/#organization\"},\"potentialAction\":[{\"@type\":\"SearchAction\",\"target\":{\"@type\":\"EntryPoint\",\"urlTemplate\":\"https:\\\/\\\/www.ecoindustry.co.ao\\\/?s={search_term_string}\"},\"query-input\":{\"@type\":\"PropertyValueSpecification\",\"valueRequired\":true,\"valueName\":\"search_term_string\"}}],\"inLanguage\":\"en-GB\"},{\"@type\":\"Organization\",\"@id\":\"https:\\\/\\\/www.ecoindustry.co.ao\\\/#organization\",\"name\":\"ECOINDUSTRY\",\"url\":\"https:\\\/\\\/www.ecoindustry.co.ao\\\/\",\"logo\":{\"@type\":\"ImageObject\",\"inLanguage\":\"en-GB\",\"@id\":\"https:\\\/\\\/www.ecoindustry.co.ao\\\/#\\\/schema\\\/logo\\\/image\\\/\",\"url\":\"https:\\\/\\\/www.ecoindustry.co.ao\\\/wp-content\\\/uploads\\\/2017\\\/04\\\/Logo_Ecoindustry.png\",\"contentUrl\":\"https:\\\/\\\/www.ecoindustry.co.ao\\\/wp-content\\\/uploads\\\/2017\\\/04\\\/Logo_Ecoindustry.png\",\"width\":584,\"height\":111,\"caption\":\"ECOINDUSTRY\"},\"image\":{\"@id\":\"https:\\\/\\\/www.ecoindustry.co.ao\\\/#\\\/schema\\\/logo\\\/image\\\/\"},\"sameAs\":[\"https:\\\/\\\/www.facebook.com\\\/ecoindustrylda\\\/\",\"https:\\\/\\\/www.linkedin.com\\\/company\\\/ecoindustry\\\/\"]}]}<\/script>\n<!-- \/ Yoast SEO plugin. -->","yoast_head_json":{"title":"DRIZORO MAXGROUT INJECTION - Ecoindustry","robots":{"index":"index","follow":"follow","max-snippet":"max-snippet:-1","max-image-preview":"max-image-preview:large","max-video-preview":"max-video-preview:-1"},"canonical":"https:\/\/www.ecoindustry.co.ao\/en\/product\/drizoro-maxgrout-injection\/","og_locale":"en_GB","og_type":"article","og_title":"DRIZORO MAXGROUT INJECTION - Ecoindustry","og_description":"Argamassa fluida de inje\u00e7\u00e3o para refor\u00e7o estrutural, ideal para preenchimento e repara\u00e7\u00e3o de fissuras em bet\u00e3o e alvenaria. Com alta capacidade de penetra\u00e7\u00e3o, \u00e9 indicada para consolidar e estabilizar estruturas, oferecendo durabilidade e resist\u00eancia ao longo do tempo. F\u00e1cil de aplicar e com excelentes propriedades de ader\u00eancia, o MAXGROUT INJECTION garante um preenchimento eficaz de fissuras e espa\u00e7os vazios, refor\u00e7ando a integridade estrutural e protegendo contra danos futuros. \u00c9 a solu\u00e7\u00e3o ideal para profissionais que procuram um produto fi\u00e1vel e de elevada qualidade para a reabilita\u00e7\u00e3o de infraestruturas.","og_url":"https:\/\/www.ecoindustry.co.ao\/en\/product\/drizoro-maxgrout-injection\/","og_site_name":"Ecoindustry","article_publisher":"https:\/\/www.facebook.com\/ecoindustrylda\/","article_modified_time":"2025-09-09T15:41:45+00:00","og_image":[{"width":1080,"height":1080,"url":"https:\/\/www.ecoindustry.co.ao\/wp-content\/uploads\/2024\/11\/drizoro-maxgrout.jpg","type":"image\/jpeg"}],"twitter_card":"summary_large_image","twitter_misc":{"Estimated reading time":"1 minute"},"schema":{"@context":"https:\/\/schema.org","@graph":[{"@type":"WebPage","@id":"https:\/\/www.ecoindustry.co.ao\/produto\/drizoro-maxgrout-injection\/","url":"https:\/\/www.ecoindustry.co.ao\/produto\/drizoro-maxgrout-injection\/","name":"DRIZORO MAXGROUT INJECTION - Ecoindustry","isPartOf":{"@id":"https:\/\/www.ecoindustry.co.ao\/#website"},"primaryImageOfPage":{"@id":"https:\/\/www.ecoindustry.co.ao\/produto\/drizoro-maxgrout-injection\/#primaryimage"},"image":{"@id":"https:\/\/www.ecoindustry.co.ao\/produto\/drizoro-maxgrout-injection\/#primaryimage"},"thumbnailUrl":"https:\/\/www.ecoindustry.co.ao\/wp-content\/uploads\/2024\/11\/drizoro-maxgrout.jpg","datePublished":"2024-10-31T10:12:37+00:00","dateModified":"2025-09-09T15:41:45+00:00","breadcrumb":{"@id":"https:\/\/www.ecoindustry.co.ao\/produto\/drizoro-maxgrout-injection\/#breadcrumb"},"inLanguage":"en-GB","potentialAction":[{"@type":"ReadAction","target":["https:\/\/www.ecoindustry.co.ao\/produto\/drizoro-maxgrout-injection\/"]}]},{"@type":"ImageObject","inLanguage":"en-GB","@id":"https:\/\/www.ecoindustry.co.ao\/produto\/drizoro-maxgrout-injection\/#primaryimage","url":"https:\/\/www.ecoindustry.co.ao\/wp-content\/uploads\/2024\/11\/drizoro-maxgrout.jpg","contentUrl":"https:\/\/www.ecoindustry.co.ao\/wp-content\/uploads\/2024\/11\/drizoro-maxgrout.jpg","width":1080,"height":1080},{"@type":"BreadcrumbList","@id":"https:\/\/www.ecoindustry.co.ao\/produto\/drizoro-maxgrout-injection\/#breadcrumb","itemListElement":[{"@type":"ListItem","position":1,"name":"In\u00edcio","item":"https:\/\/www.ecoindustry.co.ao\/"},{"@type":"ListItem","position":2,"name":"Loja","item":"https:\/\/www.ecoindustry.co.ao\/loja\/"},{"@type":"ListItem","position":3,"name":"DRIZORO MAXGROUT INJECTION"}]},{"@type":"WebSite","@id":"https:\/\/www.ecoindustry.co.ao\/#website","url":"https:\/\/www.ecoindustry.co.ao\/","name":"Ecoindustry","description":"Produzimos e comercializamos o melhor, de \u00c1frica para o Mundo.","publisher":{"@id":"https:\/\/www.ecoindustry.co.ao\/#organization"},"potentialAction":[{"@type":"SearchAction","target":{"@type":"EntryPoint","urlTemplate":"https:\/\/www.ecoindustry.co.ao\/?s={search_term_string}"},"query-input":{"@type":"PropertyValueSpecification","valueRequired":true,"valueName":"search_term_string"}}],"inLanguage":"en-GB"},{"@type":"Organization","@id":"https:\/\/www.ecoindustry.co.ao\/#organization","name":"ECOINDUSTRY","url":"https:\/\/www.ecoindustry.co.ao\/","logo":{"@type":"ImageObject","inLanguage":"en-GB","@id":"https:\/\/www.ecoindustry.co.ao\/#\/schema\/logo\/image\/","url":"https:\/\/www.ecoindustry.co.ao\/wp-content\/uploads\/2017\/04\/Logo_Ecoindustry.png","contentUrl":"https:\/\/www.ecoindustry.co.ao\/wp-content\/uploads\/2017\/04\/Logo_Ecoindustry.png","width":584,"height":111,"caption":"ECOINDUSTRY"},"image":{"@id":"https:\/\/www.ecoindustry.co.ao\/#\/schema\/logo\/image\/"},"sameAs":["https:\/\/www.facebook.com\/ecoindustrylda\/","https:\/\/www.linkedin.com\/company\/ecoindustry\/"]}]}},"_links":{"self":[{"href":"https:\/\/www.ecoindustry.co.ao\/en\/wp-json\/wp\/v2\/product\/7367","targetHints":{"allow":["GET"]}}],"collection":[{"href":"https:\/\/www.ecoindustry.co.ao\/en\/wp-json\/wp\/v2\/product"}],"about":[{"href":"https:\/\/www.ecoindustry.co.ao\/en\/wp-json\/wp\/v2\/types\/product"}],"replies":[{"embeddable":true,"href":"https:\/\/www.ecoindustry.co.ao\/en\/wp-json\/wp\/v2\/comments?post=7367"}],"wp:featuredmedia":[{"embeddable":true,"href":"https:\/\/www.ecoindustry.co.ao\/en\/wp-json\/wp\/v2\/media\/7379"}],"wp:attachment":[{"href":"https:\/\/www.ecoindustry.co.ao\/en\/wp-json\/wp\/v2\/media?parent=7367"}],"wp:term":[{"taxonomy":"product_brand","embeddable":true,"href":"https:\/\/www.ecoindustry.co.ao\/en\/wp-json\/wp\/v2\/product_brand?post=7367"},{"taxonomy":"product_cat","embeddable":true,"href":"https:\/\/www.ecoindustry.co.ao\/en\/wp-json\/wp\/v2\/product_cat?post=7367"},{"taxonomy":"product_tag","embeddable":true,"href":"https:\/\/www.ecoindustry.co.ao\/en\/wp-json\/wp\/v2\/product_tag?post=7367"}],"curies":[{"name":"wp","href":"https:\/\/api.w.org\/{rel}","templated":true}]}}