{"id":7358,"date":"2024-10-31T10:12:36","date_gmt":"2024-10-31T10:12:36","guid":{"rendered":"https:\/\/www.ecoindustry.co.ao\/?post_type=product&#038;p=7358"},"modified":"2025-09-09T15:44:06","modified_gmt":"2025-09-09T15:44:06","slug":"drizoro-maxseal-flex","status":"publish","type":"product","link":"https:\/\/www.ecoindustry.co.ao\/en\/product\/drizoro-maxseal-flex\/","title":{"rendered":"DRIZORO MAXSEAL Flex"},"content":{"rendered":"<p class=\"p1\"><span style=\"color: #af2d2c\"><strong>High-performance flexible waterproofing coating<\/strong><\/span>, designed to waterproof and protect concrete and masonry surfaces.<\/p>\n<p class=\"p1\">Its advanced formula allows the product to follow structural movements without losing its adhesion or efficiency, making it ideal for areas that are in constant contact with water, such as swimming pools, reservoirs, tanks, foundations and terraces.<\/p>\n<p class=\"p1\">With <strong><span style=\"color: #af2d2c\">excellent resistance to hydrostatic pressure<\/span><\/strong>the <b>MAXSEAL FLEX<\/b> provides a <span style=\"color: #af2d2c\"><strong>protective barrier<\/strong><\/span> to protect against leaks and moisture.<\/p>\n<p class=\"p1\">Easy to apply, the <b>MAXSEAL FLEX<\/b> It forms a durable layer that adheres firmly to surfaces, making it a reliable solution for residential, commercial, and industrial environments.<\/p>\n<p class=\"p1\">In addition to its flexibility, the product is <span style=\"color: #af2d2c\"><strong>Resistant to environments with high water pressure.<\/strong><\/span> and maintains its protective integrity over time, ensuring the longevity of the treated structures.<\/p>\n<p class=\"p1\"><b>Features:<\/b><\/p>\n<p class=\"p3\">\u2022 Flexible waterproofing coating for concrete and masonry;<\/p>\n<p class=\"p3\">\u2022 Resistant to water pressure and structural movements;<\/p>\n<p class=\"p3\">\u2022 Ideal for areas in constant contact with water, such as swimming pools and reservoirs;<\/p>\n<p class=\"p3\">\u2022 Excellent adhesion and easy application;<\/p>\n<p class=\"p3\">\u2022 Long-lasting protection against leaks.<\/p>","protected":false},"excerpt":{"rendered":"<p class=\"p1\"><span style=\"color: #af2d2c\"><strong>R<\/strong><\/span><span style=\"color: #af2d2c\"><strong>flexible waterproofing coating<\/strong><\/span>, developed to protect concrete and masonry surfaces against water infiltration and pressure.<\/p>\n<p class=\"p1\">Ideal for areas subject to structural movement, such as foundations, swimming pools, reservoirs and terraces.<\/p>\n<p class=\"p1\">This product offers a <span style=\"color: #af2d2c\"><strong>excellent grip and flexibility<\/strong><\/span>, ensuring resistance even in extreme conditions of humidity and pressure. <b>MAXSEAL FLEX<\/b> It&#039;s the perfect choice for anyone who needs a <span style=\"color: #af2d2c\"><strong>A durable and flexible solution for waterproofing surfaces.<\/strong><\/span>.<\/p>","protected":false},"featured_media":7370,"comment_status":"closed","ping_status":"closed","template":"","meta":[],"product_brand":[],"product_cat":[272],"product_tag":[97,84,98,96,99],"class_list":{"0":"post-7358","1":"product","2":"type-product","3":"status-publish","4":"has-post-thumbnail","6":"product_cat-drizoro","7":"product_tag-alvenaria","8":"product_tag-betao","9":"product_tag-drizoro","10":"product_tag-impermeabilizacao","11":"product_tag-maxseal","13":"first","14":"instock","15":"shipping-taxable","16":"product-type-simple"},"yoast_head":"<!-- This site is optimized with the Yoast SEO plugin v27.3 - https:\/\/yoast.com\/product\/yoast-seo-wordpress\/ -->\n<title>DRIZORO MAXSEAL Flex - Ecoindustry<\/title>\n<meta name=\"robots\" content=\"index, follow, max-snippet:-1, max-image-preview:large, max-video-preview:-1\" \/>\n<link rel=\"canonical\" href=\"https:\/\/www.ecoindustry.co.ao\/en\/product\/drizoro-maxseal-flex\/\" \/>\n<meta property=\"og:locale\" content=\"en_GB\" \/>\n<meta property=\"og:type\" content=\"article\" \/>\n<meta property=\"og:title\" content=\"DRIZORO MAXSEAL Flex - Ecoindustry\" \/>\n<meta property=\"og:description\" content=\"Revestimento impermeabilizante flex\u00edvel, desenvolvido para proteger superf\u00edcies de bet\u00e3o e alvenaria contra infiltra\u00e7\u00f5es e press\u00e3o de \u00e1gua. Ideal para \u00e1reas sujeitas a movimentos estruturais, como funda\u00e7\u00f5es, piscinas, reservat\u00f3rios e terra\u00e7os. Este produto oferece uma excelente ader\u00eancia e flexibilidade, garantindo resist\u00eancia mesmo em condi\u00e7\u00f5es extremas de humidade e press\u00e3o. MAXSEAL FLEX \u00e9 a escolha perfeita para quem precisa de uma solu\u00e7\u00e3o dur\u00e1vel e flex\u00edvel para a impermeabiliza\u00e7\u00e3o de superf\u00edcies.\" \/>\n<meta property=\"og:url\" content=\"https:\/\/www.ecoindustry.co.ao\/en\/product\/drizoro-maxseal-flex\/\" \/>\n<meta property=\"og:site_name\" content=\"Ecoindustry\" \/>\n<meta property=\"article:publisher\" content=\"https:\/\/www.facebook.com\/ecoindustrylda\/\" \/>\n<meta property=\"article:modified_time\" content=\"2025-09-09T15:44:06+00:00\" \/>\n<meta property=\"og:image\" content=\"https:\/\/www.ecoindustry.co.ao\/wp-content\/uploads\/2024\/10\/drizoro-maxseal-flex.jpg\" \/>\n\t<meta property=\"og:image:width\" content=\"1080\" \/>\n\t<meta property=\"og:image:height\" content=\"1080\" \/>\n\t<meta property=\"og:image:type\" content=\"image\/jpeg\" \/>\n<meta name=\"twitter:card\" content=\"summary_large_image\" \/>\n<meta name=\"twitter:label1\" content=\"Estimated reading time\" \/>\n\t<meta name=\"twitter:data1\" content=\"1 minute\" \/>\n<script type=\"application\/ld+json\" class=\"yoast-schema-graph\">{\"@context\":\"https:\\\/\\\/schema.org\",\"@graph\":[{\"@type\":\"WebPage\",\"@id\":\"https:\\\/\\\/www.ecoindustry.co.ao\\\/produto\\\/drizoro-maxseal-flex\\\/\",\"url\":\"https:\\\/\\\/www.ecoindustry.co.ao\\\/produto\\\/drizoro-maxseal-flex\\\/\",\"name\":\"DRIZORO MAXSEAL Flex - Ecoindustry\",\"isPartOf\":{\"@id\":\"https:\\\/\\\/www.ecoindustry.co.ao\\\/#website\"},\"primaryImageOfPage\":{\"@id\":\"https:\\\/\\\/www.ecoindustry.co.ao\\\/produto\\\/drizoro-maxseal-flex\\\/#primaryimage\"},\"image\":{\"@id\":\"https:\\\/\\\/www.ecoindustry.co.ao\\\/produto\\\/drizoro-maxseal-flex\\\/#primaryimage\"},\"thumbnailUrl\":\"https:\\\/\\\/www.ecoindustry.co.ao\\\/wp-content\\\/uploads\\\/2024\\\/10\\\/drizoro-maxseal-flex.jpg\",\"datePublished\":\"2024-10-31T10:12:36+00:00\",\"dateModified\":\"2025-09-09T15:44:06+00:00\",\"breadcrumb\":{\"@id\":\"https:\\\/\\\/www.ecoindustry.co.ao\\\/produto\\\/drizoro-maxseal-flex\\\/#breadcrumb\"},\"inLanguage\":\"en-GB\",\"potentialAction\":[{\"@type\":\"ReadAction\",\"target\":[\"https:\\\/\\\/www.ecoindustry.co.ao\\\/produto\\\/drizoro-maxseal-flex\\\/\"]}]},{\"@type\":\"ImageObject\",\"inLanguage\":\"en-GB\",\"@id\":\"https:\\\/\\\/www.ecoindustry.co.ao\\\/produto\\\/drizoro-maxseal-flex\\\/#primaryimage\",\"url\":\"https:\\\/\\\/www.ecoindustry.co.ao\\\/wp-content\\\/uploads\\\/2024\\\/10\\\/drizoro-maxseal-flex.jpg\",\"contentUrl\":\"https:\\\/\\\/www.ecoindustry.co.ao\\\/wp-content\\\/uploads\\\/2024\\\/10\\\/drizoro-maxseal-flex.jpg\",\"width\":1080,\"height\":1080},{\"@type\":\"BreadcrumbList\",\"@id\":\"https:\\\/\\\/www.ecoindustry.co.ao\\\/produto\\\/drizoro-maxseal-flex\\\/#breadcrumb\",\"itemListElement\":[{\"@type\":\"ListItem\",\"position\":1,\"name\":\"In\u00edcio\",\"item\":\"https:\\\/\\\/www.ecoindustry.co.ao\\\/\"},{\"@type\":\"ListItem\",\"position\":2,\"name\":\"Loja\",\"item\":\"https:\\\/\\\/www.ecoindustry.co.ao\\\/loja\\\/\"},{\"@type\":\"ListItem\",\"position\":3,\"name\":\"DRIZORO MAXSEAL Flex\"}]},{\"@type\":\"WebSite\",\"@id\":\"https:\\\/\\\/www.ecoindustry.co.ao\\\/#website\",\"url\":\"https:\\\/\\\/www.ecoindustry.co.ao\\\/\",\"name\":\"Ecoindustry\",\"description\":\"Produzimos e comercializamos o melhor, de \u00c1frica para o Mundo.\",\"publisher\":{\"@id\":\"https:\\\/\\\/www.ecoindustry.co.ao\\\/#organization\"},\"potentialAction\":[{\"@type\":\"SearchAction\",\"target\":{\"@type\":\"EntryPoint\",\"urlTemplate\":\"https:\\\/\\\/www.ecoindustry.co.ao\\\/?s={search_term_string}\"},\"query-input\":{\"@type\":\"PropertyValueSpecification\",\"valueRequired\":true,\"valueName\":\"search_term_string\"}}],\"inLanguage\":\"en-GB\"},{\"@type\":\"Organization\",\"@id\":\"https:\\\/\\\/www.ecoindustry.co.ao\\\/#organization\",\"name\":\"ECOINDUSTRY\",\"url\":\"https:\\\/\\\/www.ecoindustry.co.ao\\\/\",\"logo\":{\"@type\":\"ImageObject\",\"inLanguage\":\"en-GB\",\"@id\":\"https:\\\/\\\/www.ecoindustry.co.ao\\\/#\\\/schema\\\/logo\\\/image\\\/\",\"url\":\"https:\\\/\\\/www.ecoindustry.co.ao\\\/wp-content\\\/uploads\\\/2017\\\/04\\\/Logo_Ecoindustry.png\",\"contentUrl\":\"https:\\\/\\\/www.ecoindustry.co.ao\\\/wp-content\\\/uploads\\\/2017\\\/04\\\/Logo_Ecoindustry.png\",\"width\":584,\"height\":111,\"caption\":\"ECOINDUSTRY\"},\"image\":{\"@id\":\"https:\\\/\\\/www.ecoindustry.co.ao\\\/#\\\/schema\\\/logo\\\/image\\\/\"},\"sameAs\":[\"https:\\\/\\\/www.facebook.com\\\/ecoindustrylda\\\/\",\"https:\\\/\\\/www.linkedin.com\\\/company\\\/ecoindustry\\\/\"]}]}<\/script>\n<!-- \/ Yoast SEO plugin. -->","yoast_head_json":{"title":"DRIZORO MAXSEAL Flex - Ecoindustry","robots":{"index":"index","follow":"follow","max-snippet":"max-snippet:-1","max-image-preview":"max-image-preview:large","max-video-preview":"max-video-preview:-1"},"canonical":"https:\/\/www.ecoindustry.co.ao\/en\/product\/drizoro-maxseal-flex\/","og_locale":"en_GB","og_type":"article","og_title":"DRIZORO MAXSEAL Flex - Ecoindustry","og_description":"Revestimento impermeabilizante flex\u00edvel, desenvolvido para proteger superf\u00edcies de bet\u00e3o e alvenaria contra infiltra\u00e7\u00f5es e press\u00e3o de \u00e1gua. Ideal para \u00e1reas sujeitas a movimentos estruturais, como funda\u00e7\u00f5es, piscinas, reservat\u00f3rios e terra\u00e7os. Este produto oferece uma excelente ader\u00eancia e flexibilidade, garantindo resist\u00eancia mesmo em condi\u00e7\u00f5es extremas de humidade e press\u00e3o. MAXSEAL FLEX \u00e9 a escolha perfeita para quem precisa de uma solu\u00e7\u00e3o dur\u00e1vel e flex\u00edvel para a impermeabiliza\u00e7\u00e3o de superf\u00edcies.","og_url":"https:\/\/www.ecoindustry.co.ao\/en\/product\/drizoro-maxseal-flex\/","og_site_name":"Ecoindustry","article_publisher":"https:\/\/www.facebook.com\/ecoindustrylda\/","article_modified_time":"2025-09-09T15:44:06+00:00","og_image":[{"width":1080,"height":1080,"url":"https:\/\/www.ecoindustry.co.ao\/wp-content\/uploads\/2024\/10\/drizoro-maxseal-flex.jpg","type":"image\/jpeg"}],"twitter_card":"summary_large_image","twitter_misc":{"Estimated reading time":"1 minute"},"schema":{"@context":"https:\/\/schema.org","@graph":[{"@type":"WebPage","@id":"https:\/\/www.ecoindustry.co.ao\/produto\/drizoro-maxseal-flex\/","url":"https:\/\/www.ecoindustry.co.ao\/produto\/drizoro-maxseal-flex\/","name":"DRIZORO MAXSEAL Flex - Ecoindustry","isPartOf":{"@id":"https:\/\/www.ecoindustry.co.ao\/#website"},"primaryImageOfPage":{"@id":"https:\/\/www.ecoindustry.co.ao\/produto\/drizoro-maxseal-flex\/#primaryimage"},"image":{"@id":"https:\/\/www.ecoindustry.co.ao\/produto\/drizoro-maxseal-flex\/#primaryimage"},"thumbnailUrl":"https:\/\/www.ecoindustry.co.ao\/wp-content\/uploads\/2024\/10\/drizoro-maxseal-flex.jpg","datePublished":"2024-10-31T10:12:36+00:00","dateModified":"2025-09-09T15:44:06+00:00","breadcrumb":{"@id":"https:\/\/www.ecoindustry.co.ao\/produto\/drizoro-maxseal-flex\/#breadcrumb"},"inLanguage":"en-GB","potentialAction":[{"@type":"ReadAction","target":["https:\/\/www.ecoindustry.co.ao\/produto\/drizoro-maxseal-flex\/"]}]},{"@type":"ImageObject","inLanguage":"en-GB","@id":"https:\/\/www.ecoindustry.co.ao\/produto\/drizoro-maxseal-flex\/#primaryimage","url":"https:\/\/www.ecoindustry.co.ao\/wp-content\/uploads\/2024\/10\/drizoro-maxseal-flex.jpg","contentUrl":"https:\/\/www.ecoindustry.co.ao\/wp-content\/uploads\/2024\/10\/drizoro-maxseal-flex.jpg","width":1080,"height":1080},{"@type":"BreadcrumbList","@id":"https:\/\/www.ecoindustry.co.ao\/produto\/drizoro-maxseal-flex\/#breadcrumb","itemListElement":[{"@type":"ListItem","position":1,"name":"In\u00edcio","item":"https:\/\/www.ecoindustry.co.ao\/"},{"@type":"ListItem","position":2,"name":"Loja","item":"https:\/\/www.ecoindustry.co.ao\/loja\/"},{"@type":"ListItem","position":3,"name":"DRIZORO MAXSEAL Flex"}]},{"@type":"WebSite","@id":"https:\/\/www.ecoindustry.co.ao\/#website","url":"https:\/\/www.ecoindustry.co.ao\/","name":"Ecoindustry","description":"Produzimos e comercializamos o melhor, de \u00c1frica para o Mundo.","publisher":{"@id":"https:\/\/www.ecoindustry.co.ao\/#organization"},"potentialAction":[{"@type":"SearchAction","target":{"@type":"EntryPoint","urlTemplate":"https:\/\/www.ecoindustry.co.ao\/?s={search_term_string}"},"query-input":{"@type":"PropertyValueSpecification","valueRequired":true,"valueName":"search_term_string"}}],"inLanguage":"en-GB"},{"@type":"Organization","@id":"https:\/\/www.ecoindustry.co.ao\/#organization","name":"ECOINDUSTRY","url":"https:\/\/www.ecoindustry.co.ao\/","logo":{"@type":"ImageObject","inLanguage":"en-GB","@id":"https:\/\/www.ecoindustry.co.ao\/#\/schema\/logo\/image\/","url":"https:\/\/www.ecoindustry.co.ao\/wp-content\/uploads\/2017\/04\/Logo_Ecoindustry.png","contentUrl":"https:\/\/www.ecoindustry.co.ao\/wp-content\/uploads\/2017\/04\/Logo_Ecoindustry.png","width":584,"height":111,"caption":"ECOINDUSTRY"},"image":{"@id":"https:\/\/www.ecoindustry.co.ao\/#\/schema\/logo\/image\/"},"sameAs":["https:\/\/www.facebook.com\/ecoindustrylda\/","https:\/\/www.linkedin.com\/company\/ecoindustry\/"]}]}},"_links":{"self":[{"href":"https:\/\/www.ecoindustry.co.ao\/en\/wp-json\/wp\/v2\/product\/7358","targetHints":{"allow":["GET"]}}],"collection":[{"href":"https:\/\/www.ecoindustry.co.ao\/en\/wp-json\/wp\/v2\/product"}],"about":[{"href":"https:\/\/www.ecoindustry.co.ao\/en\/wp-json\/wp\/v2\/types\/product"}],"replies":[{"embeddable":true,"href":"https:\/\/www.ecoindustry.co.ao\/en\/wp-json\/wp\/v2\/comments?post=7358"}],"wp:featuredmedia":[{"embeddable":true,"href":"https:\/\/www.ecoindustry.co.ao\/en\/wp-json\/wp\/v2\/media\/7370"}],"wp:attachment":[{"href":"https:\/\/www.ecoindustry.co.ao\/en\/wp-json\/wp\/v2\/media?parent=7358"}],"wp:term":[{"taxonomy":"product_brand","embeddable":true,"href":"https:\/\/www.ecoindustry.co.ao\/en\/wp-json\/wp\/v2\/product_brand?post=7358"},{"taxonomy":"product_cat","embeddable":true,"href":"https:\/\/www.ecoindustry.co.ao\/en\/wp-json\/wp\/v2\/product_cat?post=7358"},{"taxonomy":"product_tag","embeddable":true,"href":"https:\/\/www.ecoindustry.co.ao\/en\/wp-json\/wp\/v2\/product_tag?post=7358"}],"curies":[{"name":"wp","href":"https:\/\/api.w.org\/{rel}","templated":true}]}}