{"id":7342,"date":"2024-10-31T07:56:11","date_gmt":"2024-10-31T07:56:11","guid":{"rendered":"https:\/\/www.ecoindustry.co.ao\/?post_type=product&#038;p=7342"},"modified":"2026-02-28T13:17:18","modified_gmt":"2026-02-28T13:17:18","slug":"jaguar-rev-top","status":"publish","type":"product","link":"https:\/\/www.ecoindustry.co.ao\/en\/product\/jaguar-rev-top\/","title":{"rendered":"JAGUAR REV Top"},"content":{"rendered":"<p class=\"p1\"><span style=\"color: #af2d2c\"><strong>High-performance coating<\/strong><\/span>, developed to provide <span style=\"color: #af2d2c\"><strong>Protection and finishing for interior and exterior surfaces.<\/strong><\/span>.<\/p>\n<p class=\"p1\">This versatile and easy-to-apply product offers excellent adhesion, creating a <span style=\"color: #af2d2c\"><strong>protective layer against wear, impacts and adverse environmental conditions.<\/strong><\/span>, ensuring the durability of the treated surfaces.<\/p>\n<p class=\"p1\">With a fine texture, the <b>JAGUAR REV Top<\/b> It is ideal for protecting floors, walls, and other areas that require a uniform and durable finish.<\/p>\n<p class=\"p1\">The application of <b>JAGUAR REV Top<\/b> It is simple and efficient, making it suitable for both construction professionals and anyone looking to improve the appearance and protection of their surfaces.<\/p>\n<p class=\"p1\">The coating offers a <span style=\"color: #af2d2c\"><strong>excellent grip<\/strong><\/span>, ensuring that the protection remains intact over time, even in demanding environments.<\/p>\n<p class=\"p1\">This product is the ideal solution for projects that require quality, durability, and aesthetics in coatings.<\/p>","protected":false},"excerpt":{"rendered":"<p class=\"p1\">Versatile, high-resistance coating, suitable for <span style=\"color: #af2d2c\"><strong>Protection and finishing of interior and exterior surfaces.<\/strong><\/span>.<\/p>\n<p class=\"p1\">Ideal for those looking for a durable and easy-to-apply product, with <strong><span style=\"color: #af2d2c\">excellent grip<\/span><\/strong> on various surfaces.<\/p>\n<p class=\"p1\">With a simple application, the <b>JAGUAR REV Top<\/b> It provides a smooth and uniform finish, ensuring a <span style=\"color: #af2d2c\"><strong>protective layer<\/strong><\/span> to protect against wear and tear and adverse environmental conditions.<\/p>\n<p class=\"p1\">It is the perfect choice for surfaces that require a durable and aesthetically pleasing finish.<\/p>","protected":false},"featured_media":7353,"comment_status":"closed","ping_status":"closed","template":"","meta":[],"product_brand":[],"product_cat":[277],"product_tag":[70,79,78,88,77,93],"class_list":{"0":"post-7342","1":"product","2":"type-product","3":"status-publish","4":"has-post-thumbnail","6":"product_cat-jaguar","7":"product_tag-adesivo","8":"product_tag-exterior","9":"product_tag-interior","10":"product_tag-jaguar","11":"product_tag-revestimento","12":"product_tag-top","14":"first","15":"instock","16":"featured","17":"shipping-taxable","18":"product-type-simple"},"yoast_head":"<!-- This site is optimized with the Yoast SEO plugin v27.3 - https:\/\/yoast.com\/product\/yoast-seo-wordpress\/ -->\n<title>JAGUAR REV Top - Ecoindustry<\/title>\n<meta name=\"robots\" content=\"index, follow, max-snippet:-1, max-image-preview:large, max-video-preview:-1\" \/>\n<link rel=\"canonical\" href=\"https:\/\/www.ecoindustry.co.ao\/en\/product\/jaguar-rev-top\/\" \/>\n<meta property=\"og:locale\" content=\"en_GB\" \/>\n<meta property=\"og:type\" content=\"article\" \/>\n<meta property=\"og:title\" content=\"JAGUAR REV Top - Ecoindustry\" \/>\n<meta property=\"og:description\" content=\"Revestimento vers\u00e1til de alta resist\u00eancia, indicado para a prote\u00e7\u00e3o e acabamento de superf\u00edcies interiores e exteriores. Ideal para quem procura um produto dur\u00e1vel e de f\u00e1cil aplica\u00e7\u00e3o, com excelente ader\u00eancia em diversas superf\u00edcies. Com uma aplica\u00e7\u00e3o simples, o JAGUAR REV Top proporciona um acabamento liso e uniforme, garantindo uma camada protetora contra desgastes e condi\u00e7\u00f5es ambientais adversas. \u00c9 a escolha perfeita para superf\u00edcies que exigem um acabamento duradouro e esteticamente agrad\u00e1vel.\" \/>\n<meta property=\"og:url\" content=\"https:\/\/www.ecoindustry.co.ao\/en\/product\/jaguar-rev-top\/\" \/>\n<meta property=\"og:site_name\" content=\"Ecoindustry\" \/>\n<meta property=\"article:publisher\" content=\"https:\/\/www.facebook.com\/ecoindustrylda\/\" \/>\n<meta property=\"article:modified_time\" content=\"2026-02-28T13:17:18+00:00\" \/>\n<meta property=\"og:image\" content=\"https:\/\/www.ecoindustry.co.ao\/wp-content\/uploads\/2024\/10\/rev-top.jpg\" \/>\n\t<meta property=\"og:image:width\" content=\"1080\" \/>\n\t<meta property=\"og:image:height\" content=\"1080\" \/>\n\t<meta property=\"og:image:type\" content=\"image\/jpeg\" \/>\n<meta name=\"twitter:card\" content=\"summary_large_image\" \/>\n<meta name=\"twitter:label1\" content=\"Estimated reading time\" \/>\n\t<meta name=\"twitter:data1\" content=\"1 minute\" \/>\n<script type=\"application\/ld+json\" class=\"yoast-schema-graph\">{\"@context\":\"https:\\\/\\\/schema.org\",\"@graph\":[{\"@type\":\"WebPage\",\"@id\":\"https:\\\/\\\/www.ecoindustry.co.ao\\\/produto\\\/jaguar-rev-top\\\/\",\"url\":\"https:\\\/\\\/www.ecoindustry.co.ao\\\/produto\\\/jaguar-rev-top\\\/\",\"name\":\"JAGUAR REV Top - Ecoindustry\",\"isPartOf\":{\"@id\":\"https:\\\/\\\/www.ecoindustry.co.ao\\\/#website\"},\"primaryImageOfPage\":{\"@id\":\"https:\\\/\\\/www.ecoindustry.co.ao\\\/produto\\\/jaguar-rev-top\\\/#primaryimage\"},\"image\":{\"@id\":\"https:\\\/\\\/www.ecoindustry.co.ao\\\/produto\\\/jaguar-rev-top\\\/#primaryimage\"},\"thumbnailUrl\":\"https:\\\/\\\/www.ecoindustry.co.ao\\\/wp-content\\\/uploads\\\/2024\\\/10\\\/rev-top.jpg\",\"datePublished\":\"2024-10-31T07:56:11+00:00\",\"dateModified\":\"2026-02-28T13:17:18+00:00\",\"breadcrumb\":{\"@id\":\"https:\\\/\\\/www.ecoindustry.co.ao\\\/produto\\\/jaguar-rev-top\\\/#breadcrumb\"},\"inLanguage\":\"en-GB\",\"potentialAction\":[{\"@type\":\"ReadAction\",\"target\":[\"https:\\\/\\\/www.ecoindustry.co.ao\\\/produto\\\/jaguar-rev-top\\\/\"]}]},{\"@type\":\"ImageObject\",\"inLanguage\":\"en-GB\",\"@id\":\"https:\\\/\\\/www.ecoindustry.co.ao\\\/produto\\\/jaguar-rev-top\\\/#primaryimage\",\"url\":\"https:\\\/\\\/www.ecoindustry.co.ao\\\/wp-content\\\/uploads\\\/2024\\\/10\\\/rev-top.jpg\",\"contentUrl\":\"https:\\\/\\\/www.ecoindustry.co.ao\\\/wp-content\\\/uploads\\\/2024\\\/10\\\/rev-top.jpg\",\"width\":1080,\"height\":1080},{\"@type\":\"BreadcrumbList\",\"@id\":\"https:\\\/\\\/www.ecoindustry.co.ao\\\/produto\\\/jaguar-rev-top\\\/#breadcrumb\",\"itemListElement\":[{\"@type\":\"ListItem\",\"position\":1,\"name\":\"In\u00edcio\",\"item\":\"https:\\\/\\\/www.ecoindustry.co.ao\\\/\"},{\"@type\":\"ListItem\",\"position\":2,\"name\":\"Loja\",\"item\":\"https:\\\/\\\/www.ecoindustry.co.ao\\\/loja\\\/\"},{\"@type\":\"ListItem\",\"position\":3,\"name\":\"JAGUAR REV Top\"}]},{\"@type\":\"WebSite\",\"@id\":\"https:\\\/\\\/www.ecoindustry.co.ao\\\/#website\",\"url\":\"https:\\\/\\\/www.ecoindustry.co.ao\\\/\",\"name\":\"Ecoindustry\",\"description\":\"Produzimos e comercializamos o melhor, de \u00c1frica para o Mundo.\",\"publisher\":{\"@id\":\"https:\\\/\\\/www.ecoindustry.co.ao\\\/#organization\"},\"potentialAction\":[{\"@type\":\"SearchAction\",\"target\":{\"@type\":\"EntryPoint\",\"urlTemplate\":\"https:\\\/\\\/www.ecoindustry.co.ao\\\/?s={search_term_string}\"},\"query-input\":{\"@type\":\"PropertyValueSpecification\",\"valueRequired\":true,\"valueName\":\"search_term_string\"}}],\"inLanguage\":\"en-GB\"},{\"@type\":\"Organization\",\"@id\":\"https:\\\/\\\/www.ecoindustry.co.ao\\\/#organization\",\"name\":\"ECOINDUSTRY\",\"url\":\"https:\\\/\\\/www.ecoindustry.co.ao\\\/\",\"logo\":{\"@type\":\"ImageObject\",\"inLanguage\":\"en-GB\",\"@id\":\"https:\\\/\\\/www.ecoindustry.co.ao\\\/#\\\/schema\\\/logo\\\/image\\\/\",\"url\":\"https:\\\/\\\/www.ecoindustry.co.ao\\\/wp-content\\\/uploads\\\/2017\\\/04\\\/Logo_Ecoindustry.png\",\"contentUrl\":\"https:\\\/\\\/www.ecoindustry.co.ao\\\/wp-content\\\/uploads\\\/2017\\\/04\\\/Logo_Ecoindustry.png\",\"width\":584,\"height\":111,\"caption\":\"ECOINDUSTRY\"},\"image\":{\"@id\":\"https:\\\/\\\/www.ecoindustry.co.ao\\\/#\\\/schema\\\/logo\\\/image\\\/\"},\"sameAs\":[\"https:\\\/\\\/www.facebook.com\\\/ecoindustrylda\\\/\",\"https:\\\/\\\/www.linkedin.com\\\/company\\\/ecoindustry\\\/\"]}]}<\/script>\n<!-- \/ Yoast SEO plugin. -->","yoast_head_json":{"title":"JAGUAR REV Top - Ecoindustry","robots":{"index":"index","follow":"follow","max-snippet":"max-snippet:-1","max-image-preview":"max-image-preview:large","max-video-preview":"max-video-preview:-1"},"canonical":"https:\/\/www.ecoindustry.co.ao\/en\/product\/jaguar-rev-top\/","og_locale":"en_GB","og_type":"article","og_title":"JAGUAR REV Top - Ecoindustry","og_description":"Revestimento vers\u00e1til de alta resist\u00eancia, indicado para a prote\u00e7\u00e3o e acabamento de superf\u00edcies interiores e exteriores. Ideal para quem procura um produto dur\u00e1vel e de f\u00e1cil aplica\u00e7\u00e3o, com excelente ader\u00eancia em diversas superf\u00edcies. Com uma aplica\u00e7\u00e3o simples, o JAGUAR REV Top proporciona um acabamento liso e uniforme, garantindo uma camada protetora contra desgastes e condi\u00e7\u00f5es ambientais adversas. \u00c9 a escolha perfeita para superf\u00edcies que exigem um acabamento duradouro e esteticamente agrad\u00e1vel.","og_url":"https:\/\/www.ecoindustry.co.ao\/en\/product\/jaguar-rev-top\/","og_site_name":"Ecoindustry","article_publisher":"https:\/\/www.facebook.com\/ecoindustrylda\/","article_modified_time":"2026-02-28T13:17:18+00:00","og_image":[{"width":1080,"height":1080,"url":"https:\/\/www.ecoindustry.co.ao\/wp-content\/uploads\/2024\/10\/rev-top.jpg","type":"image\/jpeg"}],"twitter_card":"summary_large_image","twitter_misc":{"Estimated reading time":"1 minute"},"schema":{"@context":"https:\/\/schema.org","@graph":[{"@type":"WebPage","@id":"https:\/\/www.ecoindustry.co.ao\/produto\/jaguar-rev-top\/","url":"https:\/\/www.ecoindustry.co.ao\/produto\/jaguar-rev-top\/","name":"JAGUAR REV Top - Ecoindustry","isPartOf":{"@id":"https:\/\/www.ecoindustry.co.ao\/#website"},"primaryImageOfPage":{"@id":"https:\/\/www.ecoindustry.co.ao\/produto\/jaguar-rev-top\/#primaryimage"},"image":{"@id":"https:\/\/www.ecoindustry.co.ao\/produto\/jaguar-rev-top\/#primaryimage"},"thumbnailUrl":"https:\/\/www.ecoindustry.co.ao\/wp-content\/uploads\/2024\/10\/rev-top.jpg","datePublished":"2024-10-31T07:56:11+00:00","dateModified":"2026-02-28T13:17:18+00:00","breadcrumb":{"@id":"https:\/\/www.ecoindustry.co.ao\/produto\/jaguar-rev-top\/#breadcrumb"},"inLanguage":"en-GB","potentialAction":[{"@type":"ReadAction","target":["https:\/\/www.ecoindustry.co.ao\/produto\/jaguar-rev-top\/"]}]},{"@type":"ImageObject","inLanguage":"en-GB","@id":"https:\/\/www.ecoindustry.co.ao\/produto\/jaguar-rev-top\/#primaryimage","url":"https:\/\/www.ecoindustry.co.ao\/wp-content\/uploads\/2024\/10\/rev-top.jpg","contentUrl":"https:\/\/www.ecoindustry.co.ao\/wp-content\/uploads\/2024\/10\/rev-top.jpg","width":1080,"height":1080},{"@type":"BreadcrumbList","@id":"https:\/\/www.ecoindustry.co.ao\/produto\/jaguar-rev-top\/#breadcrumb","itemListElement":[{"@type":"ListItem","position":1,"name":"In\u00edcio","item":"https:\/\/www.ecoindustry.co.ao\/"},{"@type":"ListItem","position":2,"name":"Loja","item":"https:\/\/www.ecoindustry.co.ao\/loja\/"},{"@type":"ListItem","position":3,"name":"JAGUAR REV Top"}]},{"@type":"WebSite","@id":"https:\/\/www.ecoindustry.co.ao\/#website","url":"https:\/\/www.ecoindustry.co.ao\/","name":"Ecoindustry","description":"Produzimos e comercializamos o melhor, de \u00c1frica para o Mundo.","publisher":{"@id":"https:\/\/www.ecoindustry.co.ao\/#organization"},"potentialAction":[{"@type":"SearchAction","target":{"@type":"EntryPoint","urlTemplate":"https:\/\/www.ecoindustry.co.ao\/?s={search_term_string}"},"query-input":{"@type":"PropertyValueSpecification","valueRequired":true,"valueName":"search_term_string"}}],"inLanguage":"en-GB"},{"@type":"Organization","@id":"https:\/\/www.ecoindustry.co.ao\/#organization","name":"ECOINDUSTRY","url":"https:\/\/www.ecoindustry.co.ao\/","logo":{"@type":"ImageObject","inLanguage":"en-GB","@id":"https:\/\/www.ecoindustry.co.ao\/#\/schema\/logo\/image\/","url":"https:\/\/www.ecoindustry.co.ao\/wp-content\/uploads\/2017\/04\/Logo_Ecoindustry.png","contentUrl":"https:\/\/www.ecoindustry.co.ao\/wp-content\/uploads\/2017\/04\/Logo_Ecoindustry.png","width":584,"height":111,"caption":"ECOINDUSTRY"},"image":{"@id":"https:\/\/www.ecoindustry.co.ao\/#\/schema\/logo\/image\/"},"sameAs":["https:\/\/www.facebook.com\/ecoindustrylda\/","https:\/\/www.linkedin.com\/company\/ecoindustry\/"]}]}},"_links":{"self":[{"href":"https:\/\/www.ecoindustry.co.ao\/en\/wp-json\/wp\/v2\/product\/7342","targetHints":{"allow":["GET"]}}],"collection":[{"href":"https:\/\/www.ecoindustry.co.ao\/en\/wp-json\/wp\/v2\/product"}],"about":[{"href":"https:\/\/www.ecoindustry.co.ao\/en\/wp-json\/wp\/v2\/types\/product"}],"replies":[{"embeddable":true,"href":"https:\/\/www.ecoindustry.co.ao\/en\/wp-json\/wp\/v2\/comments?post=7342"}],"wp:featuredmedia":[{"embeddable":true,"href":"https:\/\/www.ecoindustry.co.ao\/en\/wp-json\/wp\/v2\/media\/7353"}],"wp:attachment":[{"href":"https:\/\/www.ecoindustry.co.ao\/en\/wp-json\/wp\/v2\/media?parent=7342"}],"wp:term":[{"taxonomy":"product_brand","embeddable":true,"href":"https:\/\/www.ecoindustry.co.ao\/en\/wp-json\/wp\/v2\/product_brand?post=7342"},{"taxonomy":"product_cat","embeddable":true,"href":"https:\/\/www.ecoindustry.co.ao\/en\/wp-json\/wp\/v2\/product_cat?post=7342"},{"taxonomy":"product_tag","embeddable":true,"href":"https:\/\/www.ecoindustry.co.ao\/en\/wp-json\/wp\/v2\/product_tag?post=7342"}],"curies":[{"name":"wp","href":"https:\/\/api.w.org\/{rel}","templated":true}]}}