{"id":7340,"date":"2024-10-31T07:56:11","date_gmt":"2024-10-31T07:56:11","guid":{"rendered":"https:\/\/www.ecoindustry.co.ao\/?post_type=product&#038;p=7340"},"modified":"2026-02-28T13:16:56","modified_gmt":"2026-02-28T13:16:56","slug":"jaguar-juntex-universal","status":"publish","type":"product","link":"https:\/\/www.ecoindustry.co.ao\/en\/product\/jaguar-juntex-universal\/","title":{"rendered":"JAGUAR JUNTEX Universal"},"content":{"rendered":"<p class=\"p1\"><span style=\"color: #af2d2c\"><strong>A<\/strong><\/span><strong style=\"color: #af2d2c\">grout mortar<\/strong> high quality, classified as type <span style=\"color: #af2d2c\"><strong>CG2WA<\/strong><\/span>, with properties of abrasion resistance and low water absorption.<\/p>\n<p class=\"p1\">Developed for joints from 2 to 10 mm, this product offers a <span style=\"color: #af2d2c\"><strong>smooth texture and uniform finish<\/strong><\/span>, being ideal for application on ceramic floors and wall coverings, as well as stone materials.<\/p>\n<p class=\"p1\">It can be used indoors and outdoors, providing a <span style=\"color: #af2d2c\"><strong>Durable finish and easy to clean.<\/strong><\/span>.<\/p>\n<p class=\"p1\">THE <b>JAGUAR Juntex Universal<\/b> It is the perfect choice for those seeking a practical and high-quality grout, guaranteeing both strength and aesthetics.<\/p>\n<p class=\"p1\"><b>Features:<\/b><\/p>\n<p class=\"p3\">\u2022 CG2WA type grout mortar;<\/p>\n<p class=\"p3\">\u2022 Suitable for joints from 2 to 10 mm;<\/p>\n<p class=\"p3\">\u2022 Smooth texture and uniform finish;<\/p>\n<p class=\"p3\">\u2022 Abrasion resistant and with low water absorption;<\/p>\n<p class=\"p3\">\u2022 Suitable for indoor and outdoor use.<\/p>","protected":false},"excerpt":{"rendered":"<p class=\"p1\">Mortar for joints from 2 to 10 mm, <span style=\"color: #af2d2c\"><strong>type CG2WA<\/strong><\/span>, with a smooth texture, ideal for ceramic and stone floor and wall coverings in interior and exterior applications.<\/p>\n<p class=\"p1\">Developed to provide <span style=\"color: #af2d2c\"><strong>Abrasion resistance and low water absorption.<\/strong><\/span>the <b>JAGUAR Juntex Universal<\/b> It offers a durable and easy-to-clean finish. With its practical and versatile application, it is the ideal choice for projects that demand quality and aesthetics in grout.<\/p>","protected":false},"featured_media":7349,"comment_status":"closed","ping_status":"closed","template":"","meta":[],"product_brand":[],"product_cat":[277],"product_tag":[81,82,79,78,88,90,80,91],"class_list":{"0":"post-7340","1":"product","2":"type-product","3":"status-publish","4":"has-post-thumbnail","6":"product_cat-jaguar","7":"product_tag-argamassa","8":"product_tag-cg2wa","9":"product_tag-exterior","10":"product_tag-interior","11":"product_tag-jaguar","12":"product_tag-juntex","13":"product_tag-rejuntes","14":"product_tag-universal","16":"first","17":"instock","18":"featured","19":"shipping-taxable","20":"product-type-simple"},"yoast_head":"<!-- This site is optimized with the Yoast SEO plugin v27.3 - https:\/\/yoast.com\/product\/yoast-seo-wordpress\/ -->\n<title>JAGUAR JUNTEX Universal - Ecoindustry<\/title>\n<meta name=\"robots\" content=\"index, follow, max-snippet:-1, max-image-preview:large, max-video-preview:-1\" \/>\n<link rel=\"canonical\" href=\"https:\/\/www.ecoindustry.co.ao\/en\/product\/jaguar-juntex-universal\/\" \/>\n<meta property=\"og:locale\" content=\"en_GB\" \/>\n<meta property=\"og:type\" content=\"article\" \/>\n<meta property=\"og:title\" content=\"JAGUAR JUNTEX Universal - Ecoindustry\" \/>\n<meta property=\"og:description\" content=\"Argamassa para rejuntes de 2 a 10 mm, tipo CG2WA, com textura lisa, ideal para pavimentos e revestimentos cer\u00e2micos e materiais p\u00e9treos em interiores e exteriores. Desenvolvido para proporcionar resist\u00eancia \u00e0 abras\u00e3o e baixa absor\u00e7\u00e3o de \u00e1gua, o JAGUAR Juntex Universal oferece um acabamento duradouro e f\u00e1cil de limpar. Com uma aplica\u00e7\u00e3o pr\u00e1tica e vers\u00e1til, \u00e9 a escolha ideal para projetos que exigem qualidade e est\u00e9tica em rejuntes.\" \/>\n<meta property=\"og:url\" content=\"https:\/\/www.ecoindustry.co.ao\/en\/product\/jaguar-juntex-universal\/\" \/>\n<meta property=\"og:site_name\" content=\"Ecoindustry\" \/>\n<meta property=\"article:publisher\" content=\"https:\/\/www.facebook.com\/ecoindustrylda\/\" \/>\n<meta property=\"article:modified_time\" content=\"2026-02-28T13:16:56+00:00\" \/>\n<meta property=\"og:image\" content=\"https:\/\/www.ecoindustry.co.ao\/wp-content\/uploads\/2024\/10\/juntex.jpg\" \/>\n\t<meta property=\"og:image:width\" content=\"1080\" \/>\n\t<meta property=\"og:image:height\" content=\"1080\" \/>\n\t<meta property=\"og:image:type\" content=\"image\/jpeg\" \/>\n<meta name=\"twitter:card\" content=\"summary_large_image\" \/>\n<meta name=\"twitter:label1\" content=\"Estimated reading time\" \/>\n\t<meta name=\"twitter:data1\" content=\"1 minute\" \/>\n<script type=\"application\/ld+json\" class=\"yoast-schema-graph\">{\"@context\":\"https:\\\/\\\/schema.org\",\"@graph\":[{\"@type\":\"WebPage\",\"@id\":\"https:\\\/\\\/www.ecoindustry.co.ao\\\/produto\\\/jaguar-juntex-universal\\\/\",\"url\":\"https:\\\/\\\/www.ecoindustry.co.ao\\\/produto\\\/jaguar-juntex-universal\\\/\",\"name\":\"JAGUAR JUNTEX Universal - Ecoindustry\",\"isPartOf\":{\"@id\":\"https:\\\/\\\/www.ecoindustry.co.ao\\\/#website\"},\"primaryImageOfPage\":{\"@id\":\"https:\\\/\\\/www.ecoindustry.co.ao\\\/produto\\\/jaguar-juntex-universal\\\/#primaryimage\"},\"image\":{\"@id\":\"https:\\\/\\\/www.ecoindustry.co.ao\\\/produto\\\/jaguar-juntex-universal\\\/#primaryimage\"},\"thumbnailUrl\":\"https:\\\/\\\/www.ecoindustry.co.ao\\\/wp-content\\\/uploads\\\/2024\\\/10\\\/juntex.jpg\",\"datePublished\":\"2024-10-31T07:56:11+00:00\",\"dateModified\":\"2026-02-28T13:16:56+00:00\",\"breadcrumb\":{\"@id\":\"https:\\\/\\\/www.ecoindustry.co.ao\\\/produto\\\/jaguar-juntex-universal\\\/#breadcrumb\"},\"inLanguage\":\"en-GB\",\"potentialAction\":[{\"@type\":\"ReadAction\",\"target\":[\"https:\\\/\\\/www.ecoindustry.co.ao\\\/produto\\\/jaguar-juntex-universal\\\/\"]}]},{\"@type\":\"ImageObject\",\"inLanguage\":\"en-GB\",\"@id\":\"https:\\\/\\\/www.ecoindustry.co.ao\\\/produto\\\/jaguar-juntex-universal\\\/#primaryimage\",\"url\":\"https:\\\/\\\/www.ecoindustry.co.ao\\\/wp-content\\\/uploads\\\/2024\\\/10\\\/juntex.jpg\",\"contentUrl\":\"https:\\\/\\\/www.ecoindustry.co.ao\\\/wp-content\\\/uploads\\\/2024\\\/10\\\/juntex.jpg\",\"width\":1080,\"height\":1080},{\"@type\":\"BreadcrumbList\",\"@id\":\"https:\\\/\\\/www.ecoindustry.co.ao\\\/produto\\\/jaguar-juntex-universal\\\/#breadcrumb\",\"itemListElement\":[{\"@type\":\"ListItem\",\"position\":1,\"name\":\"In\u00edcio\",\"item\":\"https:\\\/\\\/www.ecoindustry.co.ao\\\/\"},{\"@type\":\"ListItem\",\"position\":2,\"name\":\"Loja\",\"item\":\"https:\\\/\\\/www.ecoindustry.co.ao\\\/loja\\\/\"},{\"@type\":\"ListItem\",\"position\":3,\"name\":\"JAGUAR JUNTEX Universal\"}]},{\"@type\":\"WebSite\",\"@id\":\"https:\\\/\\\/www.ecoindustry.co.ao\\\/#website\",\"url\":\"https:\\\/\\\/www.ecoindustry.co.ao\\\/\",\"name\":\"Ecoindustry\",\"description\":\"Produzimos e comercializamos o melhor, de \u00c1frica para o Mundo.\",\"publisher\":{\"@id\":\"https:\\\/\\\/www.ecoindustry.co.ao\\\/#organization\"},\"potentialAction\":[{\"@type\":\"SearchAction\",\"target\":{\"@type\":\"EntryPoint\",\"urlTemplate\":\"https:\\\/\\\/www.ecoindustry.co.ao\\\/?s={search_term_string}\"},\"query-input\":{\"@type\":\"PropertyValueSpecification\",\"valueRequired\":true,\"valueName\":\"search_term_string\"}}],\"inLanguage\":\"en-GB\"},{\"@type\":\"Organization\",\"@id\":\"https:\\\/\\\/www.ecoindustry.co.ao\\\/#organization\",\"name\":\"ECOINDUSTRY\",\"url\":\"https:\\\/\\\/www.ecoindustry.co.ao\\\/\",\"logo\":{\"@type\":\"ImageObject\",\"inLanguage\":\"en-GB\",\"@id\":\"https:\\\/\\\/www.ecoindustry.co.ao\\\/#\\\/schema\\\/logo\\\/image\\\/\",\"url\":\"https:\\\/\\\/www.ecoindustry.co.ao\\\/wp-content\\\/uploads\\\/2017\\\/04\\\/Logo_Ecoindustry.png\",\"contentUrl\":\"https:\\\/\\\/www.ecoindustry.co.ao\\\/wp-content\\\/uploads\\\/2017\\\/04\\\/Logo_Ecoindustry.png\",\"width\":584,\"height\":111,\"caption\":\"ECOINDUSTRY\"},\"image\":{\"@id\":\"https:\\\/\\\/www.ecoindustry.co.ao\\\/#\\\/schema\\\/logo\\\/image\\\/\"},\"sameAs\":[\"https:\\\/\\\/www.facebook.com\\\/ecoindustrylda\\\/\",\"https:\\\/\\\/www.linkedin.com\\\/company\\\/ecoindustry\\\/\"]}]}<\/script>\n<!-- \/ Yoast SEO plugin. -->","yoast_head_json":{"title":"JAGUAR JUNTEX Universal - Ecoindustry","robots":{"index":"index","follow":"follow","max-snippet":"max-snippet:-1","max-image-preview":"max-image-preview:large","max-video-preview":"max-video-preview:-1"},"canonical":"https:\/\/www.ecoindustry.co.ao\/en\/product\/jaguar-juntex-universal\/","og_locale":"en_GB","og_type":"article","og_title":"JAGUAR JUNTEX Universal - Ecoindustry","og_description":"Argamassa para rejuntes de 2 a 10 mm, tipo CG2WA, com textura lisa, ideal para pavimentos e revestimentos cer\u00e2micos e materiais p\u00e9treos em interiores e exteriores. Desenvolvido para proporcionar resist\u00eancia \u00e0 abras\u00e3o e baixa absor\u00e7\u00e3o de \u00e1gua, o JAGUAR Juntex Universal oferece um acabamento duradouro e f\u00e1cil de limpar. Com uma aplica\u00e7\u00e3o pr\u00e1tica e vers\u00e1til, \u00e9 a escolha ideal para projetos que exigem qualidade e est\u00e9tica em rejuntes.","og_url":"https:\/\/www.ecoindustry.co.ao\/en\/product\/jaguar-juntex-universal\/","og_site_name":"Ecoindustry","article_publisher":"https:\/\/www.facebook.com\/ecoindustrylda\/","article_modified_time":"2026-02-28T13:16:56+00:00","og_image":[{"width":1080,"height":1080,"url":"https:\/\/www.ecoindustry.co.ao\/wp-content\/uploads\/2024\/10\/juntex.jpg","type":"image\/jpeg"}],"twitter_card":"summary_large_image","twitter_misc":{"Estimated reading time":"1 minute"},"schema":{"@context":"https:\/\/schema.org","@graph":[{"@type":"WebPage","@id":"https:\/\/www.ecoindustry.co.ao\/produto\/jaguar-juntex-universal\/","url":"https:\/\/www.ecoindustry.co.ao\/produto\/jaguar-juntex-universal\/","name":"JAGUAR JUNTEX Universal - Ecoindustry","isPartOf":{"@id":"https:\/\/www.ecoindustry.co.ao\/#website"},"primaryImageOfPage":{"@id":"https:\/\/www.ecoindustry.co.ao\/produto\/jaguar-juntex-universal\/#primaryimage"},"image":{"@id":"https:\/\/www.ecoindustry.co.ao\/produto\/jaguar-juntex-universal\/#primaryimage"},"thumbnailUrl":"https:\/\/www.ecoindustry.co.ao\/wp-content\/uploads\/2024\/10\/juntex.jpg","datePublished":"2024-10-31T07:56:11+00:00","dateModified":"2026-02-28T13:16:56+00:00","breadcrumb":{"@id":"https:\/\/www.ecoindustry.co.ao\/produto\/jaguar-juntex-universal\/#breadcrumb"},"inLanguage":"en-GB","potentialAction":[{"@type":"ReadAction","target":["https:\/\/www.ecoindustry.co.ao\/produto\/jaguar-juntex-universal\/"]}]},{"@type":"ImageObject","inLanguage":"en-GB","@id":"https:\/\/www.ecoindustry.co.ao\/produto\/jaguar-juntex-universal\/#primaryimage","url":"https:\/\/www.ecoindustry.co.ao\/wp-content\/uploads\/2024\/10\/juntex.jpg","contentUrl":"https:\/\/www.ecoindustry.co.ao\/wp-content\/uploads\/2024\/10\/juntex.jpg","width":1080,"height":1080},{"@type":"BreadcrumbList","@id":"https:\/\/www.ecoindustry.co.ao\/produto\/jaguar-juntex-universal\/#breadcrumb","itemListElement":[{"@type":"ListItem","position":1,"name":"In\u00edcio","item":"https:\/\/www.ecoindustry.co.ao\/"},{"@type":"ListItem","position":2,"name":"Loja","item":"https:\/\/www.ecoindustry.co.ao\/loja\/"},{"@type":"ListItem","position":3,"name":"JAGUAR JUNTEX Universal"}]},{"@type":"WebSite","@id":"https:\/\/www.ecoindustry.co.ao\/#website","url":"https:\/\/www.ecoindustry.co.ao\/","name":"Ecoindustry","description":"Produzimos e comercializamos o melhor, de \u00c1frica para o Mundo.","publisher":{"@id":"https:\/\/www.ecoindustry.co.ao\/#organization"},"potentialAction":[{"@type":"SearchAction","target":{"@type":"EntryPoint","urlTemplate":"https:\/\/www.ecoindustry.co.ao\/?s={search_term_string}"},"query-input":{"@type":"PropertyValueSpecification","valueRequired":true,"valueName":"search_term_string"}}],"inLanguage":"en-GB"},{"@type":"Organization","@id":"https:\/\/www.ecoindustry.co.ao\/#organization","name":"ECOINDUSTRY","url":"https:\/\/www.ecoindustry.co.ao\/","logo":{"@type":"ImageObject","inLanguage":"en-GB","@id":"https:\/\/www.ecoindustry.co.ao\/#\/schema\/logo\/image\/","url":"https:\/\/www.ecoindustry.co.ao\/wp-content\/uploads\/2017\/04\/Logo_Ecoindustry.png","contentUrl":"https:\/\/www.ecoindustry.co.ao\/wp-content\/uploads\/2017\/04\/Logo_Ecoindustry.png","width":584,"height":111,"caption":"ECOINDUSTRY"},"image":{"@id":"https:\/\/www.ecoindustry.co.ao\/#\/schema\/logo\/image\/"},"sameAs":["https:\/\/www.facebook.com\/ecoindustrylda\/","https:\/\/www.linkedin.com\/company\/ecoindustry\/"]}]}},"_links":{"self":[{"href":"https:\/\/www.ecoindustry.co.ao\/en\/wp-json\/wp\/v2\/product\/7340","targetHints":{"allow":["GET"]}}],"collection":[{"href":"https:\/\/www.ecoindustry.co.ao\/en\/wp-json\/wp\/v2\/product"}],"about":[{"href":"https:\/\/www.ecoindustry.co.ao\/en\/wp-json\/wp\/v2\/types\/product"}],"replies":[{"embeddable":true,"href":"https:\/\/www.ecoindustry.co.ao\/en\/wp-json\/wp\/v2\/comments?post=7340"}],"wp:featuredmedia":[{"embeddable":true,"href":"https:\/\/www.ecoindustry.co.ao\/en\/wp-json\/wp\/v2\/media\/7349"}],"wp:attachment":[{"href":"https:\/\/www.ecoindustry.co.ao\/en\/wp-json\/wp\/v2\/media?parent=7340"}],"wp:term":[{"taxonomy":"product_brand","embeddable":true,"href":"https:\/\/www.ecoindustry.co.ao\/en\/wp-json\/wp\/v2\/product_brand?post=7340"},{"taxonomy":"product_cat","embeddable":true,"href":"https:\/\/www.ecoindustry.co.ao\/en\/wp-json\/wp\/v2\/product_cat?post=7340"},{"taxonomy":"product_tag","embeddable":true,"href":"https:\/\/www.ecoindustry.co.ao\/en\/wp-json\/wp\/v2\/product_tag?post=7340"}],"curies":[{"name":"wp","href":"https:\/\/api.w.org\/{rel}","templated":true}]}}