{"id":8615,"date":"2025-09-18T15:29:46","date_gmt":"2025-09-18T15:29:46","guid":{"rendered":"https:\/\/www.ecoindustry.co.ao\/?page_id=8615"},"modified":"2026-01-09T09:12:51","modified_gmt":"2026-01-09T09:12:51","slug":"documentos-certificacoes","status":"publish","type":"page","link":"https:\/\/www.ecoindustry.co.ao\/en\/documentos-certificacoes\/","title":{"rendered":"Documents and Certifications"},"content":{"rendered":"<div data-elementor-type=\"wp-page\" data-elementor-id=\"8615\" class=\"elementor elementor-8615\" data-elementor-post-type=\"page\">\n\t\t\t\t\t\t<section class=\"elementor-section elementor-top-section elementor-element elementor-element-c11e322 elementor-section-full_width elementor-section-height-min-height elementor-section-height-default elementor-section-items-middle\" data-id=\"c11e322\" data-element_type=\"section\" data-e-type=\"section\" data-settings=\"{&quot;background_background&quot;:&quot;classic&quot;}\">\n\t\t\t\t\t\t\t<div class=\"elementor-background-overlay\"><\/div>\n\t\t\t\t\t\t\t<div class=\"elementor-container elementor-column-gap-default\">\n\t\t\t\t\t<div class=\"elementor-column elementor-col-100 elementor-top-column elementor-element elementor-element-7de5555\" data-id=\"7de5555\" data-element_type=\"column\" data-e-type=\"column\">\n\t\t\t<div class=\"elementor-widget-wrap elementor-element-populated\">\n\t\t\t\t\t\t<div class=\"elementor-element elementor-element-54fda19 elementor-widget elementor-widget-text-editor\" data-id=\"54fda19\" data-element_type=\"widget\" data-e-type=\"widget\" data-widget_type=\"text-editor.default\">\n\t\t\t\t<div class=\"elementor-widget-container\">\n\t\t\t\t\t\t\t\t\t<p>Documents and Certifications<\/p>\t\t\t\t\t\t\t\t<\/div>\n\t\t\t\t<\/div>\n\t\t\t\t\t<\/div>\n\t\t<\/div>\n\t\t\t\t\t<\/div>\n\t\t<\/section>\n\t\t\t\t<section class=\"elementor-section elementor-top-section elementor-element elementor-element-bb39469 elementor-section-height-min-height elementor-section-boxed elementor-section-height-default elementor-section-items-middle elementor-invisible\" data-id=\"bb39469\" data-element_type=\"section\" data-e-type=\"section\" data-settings=\"{&quot;animation&quot;:&quot;fadeInUp&quot;}\">\n\t\t\t\t\t\t<div class=\"elementor-container elementor-column-gap-default\">\n\t\t\t\t\t<div class=\"elementor-column elementor-col-100 elementor-top-column elementor-element elementor-element-aed60ac\" data-id=\"aed60ac\" data-element_type=\"column\" data-e-type=\"column\">\n\t\t\t<div class=\"elementor-widget-wrap elementor-element-populated\">\n\t\t\t\t\t\t<div class=\"elementor-element elementor-element-468a3c9 elementor-invisible elementor-widget elementor-widget-text-editor\" data-id=\"468a3c9\" data-element_type=\"widget\" data-e-type=\"widget\" data-settings=\"{&quot;_animation&quot;:&quot;fadeInUp&quot;}\" data-widget_type=\"text-editor.default\">\n\t\t\t\t<div class=\"elementor-widget-container\">\n\t\t\t\t\t\t\t\t\t<p class=\"p1\">A <span class=\"s1\"><b>ECOINDUSTRY<\/b><\/span> Our company adheres to high standards of quality and rigor, reflected in the certifications and documentation that support our activity. Our Quality Policy guides continuous improvement, ensuring safe, sustainable, and efficient technical solutions.<\/p><p class=\"p1\">We have leading certifications, such as... <span class=\"s1\"><b>ISO 9001<\/b><\/span>, which validates the effectiveness of our Quality Management System, and the <span class=\"s1\"><b>ANPG supplier certificate<\/b><\/span>This reinforces our position in the oil and gas sector in Angola. Furthermore, we have compiled compliance documents that attest to the reliability of our products and processes, guaranteeing complete trust and transparency for clients, partners, and institutions.<\/p>\t\t\t\t\t\t\t\t<\/div>\n\t\t\t\t<\/div>\n\t\t\t\t\t<\/div>\n\t\t<\/div>\n\t\t\t\t\t<\/div>\n\t\t<\/section>\n\t\t\t\t<section class=\"elementor-section elementor-top-section elementor-element elementor-element-fe0a558 elementor-section-content-middle elementor-section-boxed elementor-section-height-default elementor-section-height-default\" data-id=\"fe0a558\" data-element_type=\"section\" data-e-type=\"section\">\n\t\t\t\t\t\t<div class=\"elementor-container elementor-column-gap-wider\">\n\t\t\t\t\t<div class=\"elementor-column elementor-col-25 elementor-top-column elementor-element elementor-element-71e361c\" data-id=\"71e361c\" data-element_type=\"column\" data-e-type=\"column\">\n\t\t\t<div class=\"elementor-widget-wrap elementor-element-populated\">\n\t\t\t\t\t\t<div class=\"elementor-element elementor-element-5aae3da elementor-widget elementor-widget-image\" data-id=\"5aae3da\" data-element_type=\"widget\" data-e-type=\"widget\" data-widget_type=\"image.default\">\n\t\t\t\t<div class=\"elementor-widget-container\">\n\t\t\t\t\t\t\t\t\t\t\t\t\t\t\t\t<a href=\"https:\/\/www.ecoindustry.co.ao\/wp-content\/uploads\/2021\/07\/Politicas_da_qualidade_Ecoindustry.jpg\" data-elementor-open-lightbox=\"yes\" data-elementor-lightbox-title=\"Politicas_da_qualidade_Ecoindustry\" data-e-action-hash=\"#elementor-action%3Aaction%3Dlightbox%26settings%3DeyJpZCI6NDY5OSwidXJsIjoiaHR0cHM6XC9cL3d3dy5lY29pbmR1c3RyeS5jby5hb1wvd3AtY29udGVudFwvdXBsb2Fkc1wvMjAyMVwvMDdcL1BvbGl0aWNhc19kYV9xdWFsaWRhZGVfRWNvaW5kdXN0cnkuanBnIn0%3D\">\n\t\t\t\t\t\t\t<img fetchpriority=\"high\" decoding=\"async\" width=\"724\" height=\"1024\" src=\"https:\/\/www.ecoindustry.co.ao\/wp-content\/uploads\/2021\/07\/Politicas_da_qualidade_Ecoindustry-724x1024.jpg\" class=\"attachment-large size-large wp-image-4699\" alt=\"\" srcset=\"https:\/\/www.ecoindustry.co.ao\/wp-content\/uploads\/2021\/07\/Politicas_da_qualidade_Ecoindustry-724x1024.jpg 724w, https:\/\/www.ecoindustry.co.ao\/wp-content\/uploads\/2021\/07\/Politicas_da_qualidade_Ecoindustry-600x848.jpg 600w, https:\/\/www.ecoindustry.co.ao\/wp-content\/uploads\/2021\/07\/Politicas_da_qualidade_Ecoindustry-212x300.jpg 212w, https:\/\/www.ecoindustry.co.ao\/wp-content\/uploads\/2021\/07\/Politicas_da_qualidade_Ecoindustry-768x1086.jpg 768w, https:\/\/www.ecoindustry.co.ao\/wp-content\/uploads\/2021\/07\/Politicas_da_qualidade_Ecoindustry-1132x1600.jpg 1132w, https:\/\/www.ecoindustry.co.ao\/wp-content\/uploads\/2021\/07\/Politicas_da_qualidade_Ecoindustry-849x1200.jpg 849w, https:\/\/www.ecoindustry.co.ao\/wp-content\/uploads\/2021\/07\/Politicas_da_qualidade_Ecoindustry-679x960.jpg 679w, https:\/\/www.ecoindustry.co.ao\/wp-content\/uploads\/2021\/07\/Politicas_da_qualidade_Ecoindustry.jpg 1240w\" sizes=\"(max-width: 724px) 100vw, 724px\" \/>\t\t\t\t\t\t\t\t<\/a>\n\t\t\t\t\t\t\t\t\t\t\t\t\t\t\t<\/div>\n\t\t\t\t<\/div>\n\t\t\t\t\t<\/div>\n\t\t<\/div>\n\t\t\t\t<div class=\"elementor-column elementor-col-25 elementor-top-column elementor-element elementor-element-d5ee059\" data-id=\"d5ee059\" data-element_type=\"column\" data-e-type=\"column\">\n\t\t\t<div class=\"elementor-widget-wrap elementor-element-populated\">\n\t\t\t\t\t\t<div class=\"elementor-element elementor-element-a3acc0e elementor-widget elementor-widget-image\" data-id=\"a3acc0e\" data-element_type=\"widget\" data-e-type=\"widget\" data-widget_type=\"image.default\">\n\t\t\t\t<div class=\"elementor-widget-container\">\n\t\t\t\t\t\t\t\t\t\t\t\t\t\t\t\t<a href=\"https:\/\/www.ecoindustry.co.ao\/wp-content\/uploads\/2024\/08\/ECOINDUSTRY_E-7039_R-T.jpg\" data-elementor-open-lightbox=\"yes\" data-elementor-lightbox-title=\"ECOINDUSTRY_E-7039_R-T\" data-e-action-hash=\"#elementor-action%3Aaction%3Dlightbox%26settings%3DeyJpZCI6NjY5NSwidXJsIjoiaHR0cHM6XC9cL3d3dy5lY29pbmR1c3RyeS5jby5hb1wvd3AtY29udGVudFwvdXBsb2Fkc1wvMjAyNFwvMDhcL0VDT0lORFVTVFJZX0UtNzAzOV9SLVQuanBnIn0%3D\">\n\t\t\t\t\t\t\t<img decoding=\"async\" width=\"724\" height=\"1024\" src=\"https:\/\/www.ecoindustry.co.ao\/wp-content\/uploads\/2024\/08\/ECOINDUSTRY_E-7039_R-T-724x1024.jpg\" class=\"attachment-large size-large wp-image-6695\" alt=\"\" srcset=\"https:\/\/www.ecoindustry.co.ao\/wp-content\/uploads\/2024\/08\/ECOINDUSTRY_E-7039_R-T-724x1024.jpg 724w, https:\/\/www.ecoindustry.co.ao\/wp-content\/uploads\/2024\/08\/ECOINDUSTRY_E-7039_R-T-600x848.jpg 600w, https:\/\/www.ecoindustry.co.ao\/wp-content\/uploads\/2024\/08\/ECOINDUSTRY_E-7039_R-T-212x300.jpg 212w, https:\/\/www.ecoindustry.co.ao\/wp-content\/uploads\/2024\/08\/ECOINDUSTRY_E-7039_R-T-768x1086.jpg 768w, https:\/\/www.ecoindustry.co.ao\/wp-content\/uploads\/2024\/08\/ECOINDUSTRY_E-7039_R-T.jpg 1000w\" sizes=\"(max-width: 724px) 100vw, 724px\" \/>\t\t\t\t\t\t\t\t<\/a>\n\t\t\t\t\t\t\t\t\t\t\t\t\t\t\t<\/div>\n\t\t\t\t<\/div>\n\t\t\t\t\t<\/div>\n\t\t<\/div>\n\t\t\t\t<div class=\"elementor-column elementor-col-25 elementor-top-column elementor-element elementor-element-df6cad5\" data-id=\"df6cad5\" data-element_type=\"column\" data-e-type=\"column\">\n\t\t\t<div class=\"elementor-widget-wrap elementor-element-populated\">\n\t\t\t\t\t\t<div class=\"elementor-element elementor-element-f472c12 elementor-widget elementor-widget-image\" data-id=\"f472c12\" data-element_type=\"widget\" data-e-type=\"widget\" data-widget_type=\"image.default\">\n\t\t\t\t<div class=\"elementor-widget-container\">\n\t\t\t\t\t\t\t\t\t\t\t\t\t\t\t\t<a href=\"https:\/\/www.ecoindustry.co.ao\/wp-content\/uploads\/2025\/09\/qualidade-1.jpg\" data-elementor-open-lightbox=\"yes\" data-elementor-lightbox-title=\"qualidade-1\" data-e-action-hash=\"#elementor-action%3Aaction%3Dlightbox%26settings%3DeyJpZCI6ODYyMCwidXJsIjoiaHR0cHM6XC9cL3d3dy5lY29pbmR1c3RyeS5jby5hb1wvd3AtY29udGVudFwvdXBsb2Fkc1wvMjAyNVwvMDlcL3F1YWxpZGFkZS0xLmpwZyJ9\">\n\t\t\t\t\t\t\t<img decoding=\"async\" width=\"722\" height=\"1024\" src=\"https:\/\/www.ecoindustry.co.ao\/wp-content\/uploads\/2025\/09\/qualidade-1-722x1024.jpg\" class=\"attachment-large size-large wp-image-8620\" alt=\"\" srcset=\"https:\/\/www.ecoindustry.co.ao\/wp-content\/uploads\/2025\/09\/qualidade-1-722x1024.jpg 722w, https:\/\/www.ecoindustry.co.ao\/wp-content\/uploads\/2025\/09\/qualidade-1-211x300.jpg 211w, https:\/\/www.ecoindustry.co.ao\/wp-content\/uploads\/2025\/09\/qualidade-1-768x1090.jpg 768w, https:\/\/www.ecoindustry.co.ao\/wp-content\/uploads\/2025\/09\/qualidade-1-600x851.jpg 600w, https:\/\/www.ecoindustry.co.ao\/wp-content\/uploads\/2025\/09\/qualidade-1-64x91.jpg 64w, https:\/\/www.ecoindustry.co.ao\/wp-content\/uploads\/2025\/09\/qualidade-1.jpg 800w\" sizes=\"(max-width: 722px) 100vw, 722px\" \/>\t\t\t\t\t\t\t\t<\/a>\n\t\t\t\t\t\t\t\t\t\t\t\t\t\t\t<\/div>\n\t\t\t\t<\/div>\n\t\t\t\t\t<\/div>\n\t\t<\/div>\n\t\t\t\t<div class=\"elementor-column elementor-col-25 elementor-top-column elementor-element elementor-element-4a23ded\" data-id=\"4a23ded\" data-element_type=\"column\" data-e-type=\"column\">\n\t\t\t<div class=\"elementor-widget-wrap elementor-element-populated\">\n\t\t\t\t\t\t<div class=\"elementor-element elementor-element-f2bf64b elementor-widget elementor-widget-image\" data-id=\"f2bf64b\" data-element_type=\"widget\" data-e-type=\"widget\" data-widget_type=\"image.default\">\n\t\t\t\t<div class=\"elementor-widget-container\">\n\t\t\t\t\t\t\t\t\t\t\t\t\t\t\t\t<a href=\"https:\/\/www.ecoindustry.co.ao\/wp-content\/uploads\/2024\/08\/ANPG-1.jpg\" data-elementor-open-lightbox=\"yes\" data-elementor-lightbox-title=\"ANPG-1\" data-e-action-hash=\"#elementor-action%3Aaction%3Dlightbox%26settings%3DeyJpZCI6NjY5NywidXJsIjoiaHR0cHM6XC9cL3d3dy5lY29pbmR1c3RyeS5jby5hb1wvd3AtY29udGVudFwvdXBsb2Fkc1wvMjAyNFwvMDhcL0FOUEctMS5qcGcifQ%3D%3D\">\n\t\t\t\t\t\t\t<img loading=\"lazy\" decoding=\"async\" width=\"724\" height=\"1024\" src=\"https:\/\/www.ecoindustry.co.ao\/wp-content\/uploads\/2024\/08\/ANPG-1-724x1024.jpg\" class=\"attachment-large size-large wp-image-6697\" alt=\"\" srcset=\"https:\/\/www.ecoindustry.co.ao\/wp-content\/uploads\/2024\/08\/ANPG-1-724x1024.jpg 724w, https:\/\/www.ecoindustry.co.ao\/wp-content\/uploads\/2024\/08\/ANPG-1-600x848.jpg 600w, https:\/\/www.ecoindustry.co.ao\/wp-content\/uploads\/2024\/08\/ANPG-1-212x300.jpg 212w, https:\/\/www.ecoindustry.co.ao\/wp-content\/uploads\/2024\/08\/ANPG-1-768x1086.jpg 768w, https:\/\/www.ecoindustry.co.ao\/wp-content\/uploads\/2024\/08\/ANPG-1.jpg 1000w\" sizes=\"(max-width: 724px) 100vw, 724px\" \/>\t\t\t\t\t\t\t\t<\/a>\n\t\t\t\t\t\t\t\t\t\t\t\t\t\t\t<\/div>\n\t\t\t\t<\/div>\n\t\t\t\t\t<\/div>\n\t\t<\/div>\n\t\t\t\t\t<\/div>\n\t\t<\/section>\n\t\t\t\t<\/div>","protected":false},"excerpt":{"rendered":"<p>Documentos e Certifica\u00e7\u00f5es A ECOINDUSTRY pauta-se por elevados padr\u00f5es de qualidade e rigor, refletidos nas certifica\u00e7\u00f5es e documentos que sustentam a nossa atividade. A Pol\u00edtica da Qualidade orienta a melhoria cont\u00ednua, assegurando solu\u00e7\u00f5es t\u00e9cnicas seguras, sustent\u00e1veis e eficientes. Contamos com certifica\u00e7\u00f5es de refer\u00eancia, como a ISO 9001, que valida a efic\u00e1cia do nosso Sistema de [&hellip;]<\/p>\n","protected":false},"author":17,"featured_media":0,"parent":0,"menu_order":0,"comment_status":"closed","ping_status":"closed","template":"","meta":{"footnotes":""},"class_list":["post-8615","page","type-page","status-publish","hentry"],"yoast_head":"<!-- This site is optimized with the Yoast SEO plugin v27.3 - https:\/\/yoast.com\/product\/yoast-seo-wordpress\/ -->\n<title>Documentos e Certifica\u00e7\u00f5es - Ecoindustry<\/title>\n<meta name=\"robots\" content=\"index, follow, max-snippet:-1, max-image-preview:large, max-video-preview:-1\" \/>\n<link rel=\"canonical\" href=\"https:\/\/www.ecoindustry.co.ao\/en\/documentos-certificacoes\/\" \/>\n<meta property=\"og:locale\" content=\"en_GB\" \/>\n<meta property=\"og:type\" content=\"article\" \/>\n<meta property=\"og:title\" content=\"Documentos e Certifica\u00e7\u00f5es - Ecoindustry\" \/>\n<meta property=\"og:description\" content=\"Documentos e Certifica\u00e7\u00f5es A ECOINDUSTRY pauta-se por elevados padr\u00f5es de qualidade e rigor, refletidos nas certifica\u00e7\u00f5es e documentos que sustentam a nossa atividade. A Pol\u00edtica da Qualidade orienta a melhoria cont\u00ednua, assegurando solu\u00e7\u00f5es t\u00e9cnicas seguras, sustent\u00e1veis e eficientes. Contamos com certifica\u00e7\u00f5es de refer\u00eancia, como a ISO 9001, que valida a efic\u00e1cia do nosso Sistema de [&hellip;]\" \/>\n<meta property=\"og:url\" content=\"https:\/\/www.ecoindustry.co.ao\/en\/documentos-certificacoes\/\" \/>\n<meta property=\"og:site_name\" content=\"Ecoindustry\" \/>\n<meta property=\"article:publisher\" content=\"https:\/\/www.facebook.com\/ecoindustrylda\/\" \/>\n<meta property=\"article:modified_time\" content=\"2026-01-09T09:12:51+00:00\" \/>\n<meta property=\"og:image\" content=\"https:\/\/www.ecoindustry.co.ao\/wp-content\/uploads\/2021\/07\/Politicas_da_qualidade_Ecoindustry.jpg\" \/>\n\t<meta property=\"og:image:width\" content=\"1240\" \/>\n\t<meta property=\"og:image:height\" content=\"1753\" \/>\n\t<meta property=\"og:image:type\" content=\"image\/jpeg\" \/>\n<meta name=\"twitter:card\" content=\"summary_large_image\" \/>\n<meta name=\"twitter:label1\" content=\"Estimated reading time\" \/>\n\t<meta name=\"twitter:data1\" content=\"2 minutes\" \/>\n<script type=\"application\/ld+json\" class=\"yoast-schema-graph\">{\"@context\":\"https:\\\/\\\/schema.org\",\"@graph\":[{\"@type\":\"WebPage\",\"@id\":\"https:\\\/\\\/www.ecoindustry.co.ao\\\/documentos-certificacoes\\\/\",\"url\":\"https:\\\/\\\/www.ecoindustry.co.ao\\\/documentos-certificacoes\\\/\",\"name\":\"Documentos e Certifica\u00e7\u00f5es - Ecoindustry\",\"isPartOf\":{\"@id\":\"https:\\\/\\\/www.ecoindustry.co.ao\\\/#website\"},\"primaryImageOfPage\":{\"@id\":\"https:\\\/\\\/www.ecoindustry.co.ao\\\/documentos-certificacoes\\\/#primaryimage\"},\"image\":{\"@id\":\"https:\\\/\\\/www.ecoindustry.co.ao\\\/documentos-certificacoes\\\/#primaryimage\"},\"thumbnailUrl\":\"https:\\\/\\\/www.ecoindustry.co.ao\\\/wp-content\\\/uploads\\\/2021\\\/07\\\/Politicas_da_qualidade_Ecoindustry-724x1024.jpg\",\"datePublished\":\"2025-09-18T15:29:46+00:00\",\"dateModified\":\"2026-01-09T09:12:51+00:00\",\"breadcrumb\":{\"@id\":\"https:\\\/\\\/www.ecoindustry.co.ao\\\/documentos-certificacoes\\\/#breadcrumb\"},\"inLanguage\":\"en-GB\",\"potentialAction\":[{\"@type\":\"ReadAction\",\"target\":[\"https:\\\/\\\/www.ecoindustry.co.ao\\\/documentos-certificacoes\\\/\"]}]},{\"@type\":\"ImageObject\",\"inLanguage\":\"en-GB\",\"@id\":\"https:\\\/\\\/www.ecoindustry.co.ao\\\/documentos-certificacoes\\\/#primaryimage\",\"url\":\"https:\\\/\\\/www.ecoindustry.co.ao\\\/wp-content\\\/uploads\\\/2021\\\/07\\\/Politicas_da_qualidade_Ecoindustry-724x1024.jpg\",\"contentUrl\":\"https:\\\/\\\/www.ecoindustry.co.ao\\\/wp-content\\\/uploads\\\/2021\\\/07\\\/Politicas_da_qualidade_Ecoindustry-724x1024.jpg\"},{\"@type\":\"BreadcrumbList\",\"@id\":\"https:\\\/\\\/www.ecoindustry.co.ao\\\/documentos-certificacoes\\\/#breadcrumb\",\"itemListElement\":[{\"@type\":\"ListItem\",\"position\":1,\"name\":\"In\u00edcio\",\"item\":\"https:\\\/\\\/www.ecoindustry.co.ao\\\/\"},{\"@type\":\"ListItem\",\"position\":2,\"name\":\"Documentos e Certifica\u00e7\u00f5es\"}]},{\"@type\":\"WebSite\",\"@id\":\"https:\\\/\\\/www.ecoindustry.co.ao\\\/#website\",\"url\":\"https:\\\/\\\/www.ecoindustry.co.ao\\\/\",\"name\":\"Ecoindustry\",\"description\":\"Produzimos e comercializamos o melhor, de \u00c1frica para o Mundo.\",\"publisher\":{\"@id\":\"https:\\\/\\\/www.ecoindustry.co.ao\\\/#organization\"},\"potentialAction\":[{\"@type\":\"SearchAction\",\"target\":{\"@type\":\"EntryPoint\",\"urlTemplate\":\"https:\\\/\\\/www.ecoindustry.co.ao\\\/?s={search_term_string}\"},\"query-input\":{\"@type\":\"PropertyValueSpecification\",\"valueRequired\":true,\"valueName\":\"search_term_string\"}}],\"inLanguage\":\"en-GB\"},{\"@type\":\"Organization\",\"@id\":\"https:\\\/\\\/www.ecoindustry.co.ao\\\/#organization\",\"name\":\"ECOINDUSTRY\",\"url\":\"https:\\\/\\\/www.ecoindustry.co.ao\\\/\",\"logo\":{\"@type\":\"ImageObject\",\"inLanguage\":\"en-GB\",\"@id\":\"https:\\\/\\\/www.ecoindustry.co.ao\\\/#\\\/schema\\\/logo\\\/image\\\/\",\"url\":\"https:\\\/\\\/www.ecoindustry.co.ao\\\/wp-content\\\/uploads\\\/2017\\\/04\\\/Logo_Ecoindustry.png\",\"contentUrl\":\"https:\\\/\\\/www.ecoindustry.co.ao\\\/wp-content\\\/uploads\\\/2017\\\/04\\\/Logo_Ecoindustry.png\",\"width\":584,\"height\":111,\"caption\":\"ECOINDUSTRY\"},\"image\":{\"@id\":\"https:\\\/\\\/www.ecoindustry.co.ao\\\/#\\\/schema\\\/logo\\\/image\\\/\"},\"sameAs\":[\"https:\\\/\\\/www.facebook.com\\\/ecoindustrylda\\\/\",\"https:\\\/\\\/www.linkedin.com\\\/company\\\/ecoindustry\\\/\"]}]}<\/script>\n<!-- \/ Yoast SEO plugin. -->","yoast_head_json":{"title":"Documentos e Certifica\u00e7\u00f5es - Ecoindustry","robots":{"index":"index","follow":"follow","max-snippet":"max-snippet:-1","max-image-preview":"max-image-preview:large","max-video-preview":"max-video-preview:-1"},"canonical":"https:\/\/www.ecoindustry.co.ao\/en\/documentos-certificacoes\/","og_locale":"en_GB","og_type":"article","og_title":"Documentos e Certifica\u00e7\u00f5es - Ecoindustry","og_description":"Documentos e Certifica\u00e7\u00f5es A ECOINDUSTRY pauta-se por elevados padr\u00f5es de qualidade e rigor, refletidos nas certifica\u00e7\u00f5es e documentos que sustentam a nossa atividade. A Pol\u00edtica da Qualidade orienta a melhoria cont\u00ednua, assegurando solu\u00e7\u00f5es t\u00e9cnicas seguras, sustent\u00e1veis e eficientes. Contamos com certifica\u00e7\u00f5es de refer\u00eancia, como a ISO 9001, que valida a efic\u00e1cia do nosso Sistema de [&hellip;]","og_url":"https:\/\/www.ecoindustry.co.ao\/en\/documentos-certificacoes\/","og_site_name":"Ecoindustry","article_publisher":"https:\/\/www.facebook.com\/ecoindustrylda\/","article_modified_time":"2026-01-09T09:12:51+00:00","og_image":[{"width":1240,"height":1753,"url":"https:\/\/www.ecoindustry.co.ao\/wp-content\/uploads\/2021\/07\/Politicas_da_qualidade_Ecoindustry.jpg","type":"image\/jpeg"}],"twitter_card":"summary_large_image","twitter_misc":{"Estimated reading time":"2 minutes"},"schema":{"@context":"https:\/\/schema.org","@graph":[{"@type":"WebPage","@id":"https:\/\/www.ecoindustry.co.ao\/documentos-certificacoes\/","url":"https:\/\/www.ecoindustry.co.ao\/documentos-certificacoes\/","name":"Documentos e Certifica\u00e7\u00f5es - Ecoindustry","isPartOf":{"@id":"https:\/\/www.ecoindustry.co.ao\/#website"},"primaryImageOfPage":{"@id":"https:\/\/www.ecoindustry.co.ao\/documentos-certificacoes\/#primaryimage"},"image":{"@id":"https:\/\/www.ecoindustry.co.ao\/documentos-certificacoes\/#primaryimage"},"thumbnailUrl":"https:\/\/www.ecoindustry.co.ao\/wp-content\/uploads\/2021\/07\/Politicas_da_qualidade_Ecoindustry-724x1024.jpg","datePublished":"2025-09-18T15:29:46+00:00","dateModified":"2026-01-09T09:12:51+00:00","breadcrumb":{"@id":"https:\/\/www.ecoindustry.co.ao\/documentos-certificacoes\/#breadcrumb"},"inLanguage":"en-GB","potentialAction":[{"@type":"ReadAction","target":["https:\/\/www.ecoindustry.co.ao\/documentos-certificacoes\/"]}]},{"@type":"ImageObject","inLanguage":"en-GB","@id":"https:\/\/www.ecoindustry.co.ao\/documentos-certificacoes\/#primaryimage","url":"https:\/\/www.ecoindustry.co.ao\/wp-content\/uploads\/2021\/07\/Politicas_da_qualidade_Ecoindustry-724x1024.jpg","contentUrl":"https:\/\/www.ecoindustry.co.ao\/wp-content\/uploads\/2021\/07\/Politicas_da_qualidade_Ecoindustry-724x1024.jpg"},{"@type":"BreadcrumbList","@id":"https:\/\/www.ecoindustry.co.ao\/documentos-certificacoes\/#breadcrumb","itemListElement":[{"@type":"ListItem","position":1,"name":"In\u00edcio","item":"https:\/\/www.ecoindustry.co.ao\/"},{"@type":"ListItem","position":2,"name":"Documentos e Certifica\u00e7\u00f5es"}]},{"@type":"WebSite","@id":"https:\/\/www.ecoindustry.co.ao\/#website","url":"https:\/\/www.ecoindustry.co.ao\/","name":"Ecoindustry","description":"Produzimos e comercializamos o melhor, de \u00c1frica para o Mundo.","publisher":{"@id":"https:\/\/www.ecoindustry.co.ao\/#organization"},"potentialAction":[{"@type":"SearchAction","target":{"@type":"EntryPoint","urlTemplate":"https:\/\/www.ecoindustry.co.ao\/?s={search_term_string}"},"query-input":{"@type":"PropertyValueSpecification","valueRequired":true,"valueName":"search_term_string"}}],"inLanguage":"en-GB"},{"@type":"Organization","@id":"https:\/\/www.ecoindustry.co.ao\/#organization","name":"ECOINDUSTRY","url":"https:\/\/www.ecoindustry.co.ao\/","logo":{"@type":"ImageObject","inLanguage":"en-GB","@id":"https:\/\/www.ecoindustry.co.ao\/#\/schema\/logo\/image\/","url":"https:\/\/www.ecoindustry.co.ao\/wp-content\/uploads\/2017\/04\/Logo_Ecoindustry.png","contentUrl":"https:\/\/www.ecoindustry.co.ao\/wp-content\/uploads\/2017\/04\/Logo_Ecoindustry.png","width":584,"height":111,"caption":"ECOINDUSTRY"},"image":{"@id":"https:\/\/www.ecoindustry.co.ao\/#\/schema\/logo\/image\/"},"sameAs":["https:\/\/www.facebook.com\/ecoindustrylda\/","https:\/\/www.linkedin.com\/company\/ecoindustry\/"]}]}},"_links":{"self":[{"href":"https:\/\/www.ecoindustry.co.ao\/en\/wp-json\/wp\/v2\/pages\/8615","targetHints":{"allow":["GET"]}}],"collection":[{"href":"https:\/\/www.ecoindustry.co.ao\/en\/wp-json\/wp\/v2\/pages"}],"about":[{"href":"https:\/\/www.ecoindustry.co.ao\/en\/wp-json\/wp\/v2\/types\/page"}],"author":[{"embeddable":true,"href":"https:\/\/www.ecoindustry.co.ao\/en\/wp-json\/wp\/v2\/users\/17"}],"replies":[{"embeddable":true,"href":"https:\/\/www.ecoindustry.co.ao\/en\/wp-json\/wp\/v2\/comments?post=8615"}],"version-history":[{"count":0,"href":"https:\/\/www.ecoindustry.co.ao\/en\/wp-json\/wp\/v2\/pages\/8615\/revisions"}],"wp:attachment":[{"href":"https:\/\/www.ecoindustry.co.ao\/en\/wp-json\/wp\/v2\/media?parent=8615"}],"curies":[{"name":"wp","href":"https:\/\/api.w.org\/{rel}","templated":true}]}}