{"id":8438,"date":"2025-09-07T10:15:59","date_gmt":"2025-09-07T10:15:59","guid":{"rendered":"https:\/\/www.ecoindustry.co.ao\/?page_id=8438"},"modified":"2025-10-22T08:58:27","modified_gmt":"2025-10-22T08:58:27","slug":"controlo-e-regulacao-de-agua","status":"publish","type":"page","link":"https:\/\/www.ecoindustry.co.ao\/en\/produtos\/ecopool\/controlo-e-regulacao-de-agua\/","title":{"rendered":"Controlo e Regula\u00e7\u00e3o de \u00c1gua"},"content":{"rendered":"<div data-elementor-type=\"wp-page\" data-elementor-id=\"8438\" class=\"elementor elementor-8438\" data-elementor-post-type=\"page\">\n\t\t\t\t\t\t<section class=\"elementor-section elementor-top-section elementor-element elementor-element-b9129ad elementor-section-height-min-height elementor-section-stretched elementor-section-full_width elementor-section-height-default elementor-section-items-middle\" data-id=\"b9129ad\" data-element_type=\"section\" data-e-type=\"section\" data-settings=\"{&quot;background_background&quot;:&quot;classic&quot;,&quot;stretch_section&quot;:&quot;section-stretched&quot;}\">\n\t\t\t\t\t\t\t<div class=\"elementor-background-overlay\"><\/div>\n\t\t\t\t\t\t\t<div class=\"elementor-container elementor-column-gap-default\">\n\t\t\t\t\t<div class=\"elementor-column elementor-col-100 elementor-top-column elementor-element elementor-element-02967ec\" data-id=\"02967ec\" data-element_type=\"column\" data-e-type=\"column\">\n\t\t\t<div class=\"elementor-widget-wrap elementor-element-populated\">\n\t\t\t\t\t\t<div class=\"elementor-element elementor-element-4d01c1e elementor-widget elementor-widget-image\" data-id=\"4d01c1e\" data-element_type=\"widget\" data-e-type=\"widget\" data-widget_type=\"image.default\">\n\t\t\t\t<div class=\"elementor-widget-container\">\n\t\t\t\t\t\t\t\t\t\t\t\t\t\t\t<img fetchpriority=\"high\" decoding=\"async\" width=\"800\" height=\"345\" src=\"https:\/\/www.ecoindustry.co.ao\/wp-content\/uploads\/2024\/08\/ecopool-logo-white-1-1024x442.png\" class=\"attachment-large size-large wp-image-7085\" alt=\"\" srcset=\"https:\/\/www.ecoindustry.co.ao\/wp-content\/uploads\/2024\/08\/ecopool-logo-white-1-1024x442.png 1024w, https:\/\/www.ecoindustry.co.ao\/wp-content\/uploads\/2024\/08\/ecopool-logo-white-1-600x259.png 600w, https:\/\/www.ecoindustry.co.ao\/wp-content\/uploads\/2024\/08\/ecopool-logo-white-1-300x129.png 300w, https:\/\/www.ecoindustry.co.ao\/wp-content\/uploads\/2024\/08\/ecopool-logo-white-1-768x331.png 768w, https:\/\/www.ecoindustry.co.ao\/wp-content\/uploads\/2024\/08\/ecopool-logo-white-1-1536x663.png 1536w, https:\/\/www.ecoindustry.co.ao\/wp-content\/uploads\/2024\/08\/ecopool-logo-white-1-2048x884.png 2048w\" sizes=\"(max-width: 800px) 100vw, 800px\" \/>\t\t\t\t\t\t\t\t\t\t\t\t\t\t\t<\/div>\n\t\t\t\t<\/div>\n\t\t\t\t<div class=\"elementor-element elementor-element-1ee72ba elementor-invisible elementor-widget elementor-widget-heading\" data-id=\"1ee72ba\" data-element_type=\"widget\" data-e-type=\"widget\" data-settings=\"{&quot;_animation&quot;:&quot;fadeIn&quot;}\" data-widget_type=\"heading.default\">\n\t\t\t\t<div class=\"elementor-widget-container\">\n\t\t\t\t\t<h1 class=\"elementor-heading-title elementor-size-medium\">Ecopool \/ Water Control and Regulation<\/h1>\t\t\t\t<\/div>\n\t\t\t\t<\/div>\n\t\t\t\t\t<\/div>\n\t\t<\/div>\n\t\t\t\t\t<\/div>\n\t\t<\/section>\n\t\t\t\t<section class=\"elementor-section elementor-top-section elementor-element elementor-element-4ad0ebc elementor-section-height-min-height elementor-section-boxed elementor-section-height-default elementor-section-items-middle elementor-invisible\" data-id=\"4ad0ebc\" data-element_type=\"section\" data-e-type=\"section\" data-settings=\"{&quot;animation&quot;:&quot;fadeInUp&quot;}\">\n\t\t\t\t\t\t<div class=\"elementor-container elementor-column-gap-default\">\n\t\t\t\t\t<div class=\"elementor-column elementor-col-100 elementor-top-column elementor-element elementor-element-a1766f3\" data-id=\"a1766f3\" data-element_type=\"column\" data-e-type=\"column\">\n\t\t\t<div class=\"elementor-widget-wrap elementor-element-populated\">\n\t\t\t\t\t\t<div class=\"elementor-element elementor-element-5542926 elementor-invisible elementor-widget elementor-widget-text-editor\" data-id=\"5542926\" data-element_type=\"widget\" data-e-type=\"widget\" data-settings=\"{&quot;_animation&quot;:&quot;fadeInUp&quot;}\" data-widget_type=\"text-editor.default\">\n\t\t\t\t<div class=\"elementor-widget-container\">\n\t\t\t\t\t\t\t\t\t<p>The line <span class=\"s1\"><b>ECOPOOL \u2013 Water Control and Regulation<\/b><\/span> It brings together advanced solutions to keep pool water permanently balanced, crystal clear, and safe for users.<\/p><p>Designed to ensure maximum efficiency with minimum effort, our equipment includes saline electrolysis systems, automatic pH and chlorine regulators, as well as digital controllers that simplify the entire water quality management process.<\/p>\t\t\t\t\t\t\t\t<\/div>\n\t\t\t\t<\/div>\n\t\t\t\t\t<\/div>\n\t\t<\/div>\n\t\t\t\t\t<\/div>\n\t\t<\/section>\n\t\t\t\t<section class=\"elementor-section elementor-top-section elementor-element elementor-element-231f820 elementor-section-full_width elementor-section-content-middle elementor-section-height-default elementor-section-height-default\" data-id=\"231f820\" data-element_type=\"section\" data-e-type=\"section\">\n\t\t\t\t\t\t<div class=\"elementor-container elementor-column-gap-no\">\n\t\t\t\t\t<div class=\"elementor-column elementor-col-50 elementor-top-column elementor-element elementor-element-bd9c431\" data-id=\"bd9c431\" data-element_type=\"column\" data-e-type=\"column\" data-settings=\"{&quot;background_background&quot;:&quot;classic&quot;}\">\n\t\t\t<div class=\"elementor-widget-wrap elementor-element-populated\">\n\t\t\t\t\t\t<div class=\"elementor-element elementor-element-dc4bc05 elementor-invisible elementor-widget elementor-widget-text-editor\" data-id=\"dc4bc05\" data-element_type=\"widget\" data-e-type=\"widget\" data-settings=\"{&quot;_animation&quot;:&quot;fadeInUp&quot;}\" data-widget_type=\"text-editor.default\">\n\t\t\t\t<div class=\"elementor-widget-container\">\n\t\t\t\t\t\t\t\t\t<p>Ideal for pools up to 70 m\u00b3, the saline electrolysis system <span class=\"s1\"><b>MINISALT\u00ae<\/b><\/span> It automatically produces a powerful and effective disinfectant, keeping the water clean, crystal clear, and healthy throughout the season.<\/p><p>Through a slight addition of salt (only 5 kg\/m\u00b3 \u2014 about 1\/7 of the concentration of seawater), MINISALT\u00ae eliminates the need for harsh chemicals, simplifying pool maintenance and ensuring greater user comfort.<\/p><p>This water treatment approach is not only practical and safe, but also more environmentally friendly, aligned with the values of <span class=\"s1\"><b>sustainable innovation<\/b><\/span> from ECOINDUSTRY.<\/p>\t\t\t\t\t\t\t\t<\/div>\n\t\t\t\t<\/div>\n\t\t\t\t\t<\/div>\n\t\t<\/div>\n\t\t\t\t<div class=\"elementor-column elementor-col-50 elementor-top-column elementor-element elementor-element-acbe5b5\" data-id=\"acbe5b5\" data-element_type=\"column\" data-e-type=\"column\" data-settings=\"{&quot;background_background&quot;:&quot;classic&quot;}\">\n\t\t\t<div class=\"elementor-widget-wrap elementor-element-populated\">\n\t\t\t\t\t\t<div class=\"elementor-element elementor-element-1beb088 elementor-widget elementor-widget-spacer\" data-id=\"1beb088\" data-element_type=\"widget\" data-e-type=\"widget\" data-widget_type=\"spacer.default\">\n\t\t\t\t<div class=\"elementor-widget-container\">\n\t\t\t\t\t\t\t<div class=\"elementor-spacer\">\n\t\t\t<div class=\"elementor-spacer-inner\"><\/div>\n\t\t<\/div>\n\t\t\t\t\t\t<\/div>\n\t\t\t\t<\/div>\n\t\t\t\t\t<\/div>\n\t\t<\/div>\n\t\t\t\t\t<\/div>\n\t\t<\/section>\n\t\t\t\t<section class=\"elementor-section elementor-top-section elementor-element elementor-element-6f5228c elementor-section-height-min-height elementor-section-full_width elementor-section-height-default elementor-section-items-middle elementor-invisible\" data-id=\"6f5228c\" data-element_type=\"section\" data-e-type=\"section\" data-settings=\"{&quot;animation&quot;:&quot;fadeInUp&quot;}\">\n\t\t\t\t\t\t<div class=\"elementor-container elementor-column-gap-default\">\n\t\t\t\t\t<div class=\"elementor-column elementor-col-100 elementor-top-column elementor-element elementor-element-e119775\" data-id=\"e119775\" data-element_type=\"column\" data-e-type=\"column\">\n\t\t\t<div class=\"elementor-widget-wrap elementor-element-populated\">\n\t\t\t\t\t\t<div class=\"elementor-element elementor-element-f7141fb elementor-invisible elementor-widget elementor-widget-text-editor\" data-id=\"f7141fb\" data-element_type=\"widget\" data-e-type=\"widget\" data-settings=\"{&quot;_animation&quot;:&quot;fadeInUp&quot;}\" data-widget_type=\"text-editor.default\">\n\t\t\t\t<div class=\"elementor-widget-container\">\n\t\t\t\t\t\t\t\t\t<p class=\"p1\">Products<\/p>\t\t\t\t\t\t\t\t<\/div>\n\t\t\t\t<\/div>\n\t\t\t\t\t<\/div>\n\t\t<\/div>\n\t\t\t\t\t<\/div>\n\t\t<\/section>\n\t\t\t\t<section class=\"elementor-section elementor-top-section elementor-element elementor-element-ce98681 elementor-section-stretched elementor-section-boxed elementor-section-height-default elementor-section-height-default\" data-id=\"ce98681\" data-element_type=\"section\" data-e-type=\"section\" data-settings=\"{&quot;background_background&quot;:&quot;classic&quot;,&quot;stretch_section&quot;:&quot;section-stretched&quot;}\">\n\t\t\t\t\t\t<div class=\"elementor-container elementor-column-gap-default\">\n\t\t\t\t\t<div class=\"elementor-column elementor-col-100 elementor-top-column elementor-element elementor-element-088b06f\" data-id=\"088b06f\" data-element_type=\"column\" data-e-type=\"column\">\n\t\t\t<div class=\"elementor-widget-wrap elementor-element-populated\">\n\t\t\t\t\t\t<div class=\"elementor-element elementor-element-2999885 elementor-product-loop-item--align-center elementor-product-loop-item--align-center elementor-grid-4 elementor-grid-tablet-3 elementor-grid-mobile-2 elementor-products-grid elementor-wc-products elementor-invisible elementor-widget elementor-widget-woocommerce-products\" data-id=\"2999885\" data-element_type=\"widget\" data-e-type=\"widget\" data-settings=\"{&quot;_animation&quot;:&quot;fadeIn&quot;}\" data-widget_type=\"woocommerce-products.default\">\n\t\t\t\t<div class=\"elementor-widget-container\">\n\t\t\t\t\t<div class=\"woocommerce columns-4\"><ul class=\"products elementor-grid columns-4\">\n<li class=\"product type-product post-7566 status-publish first instock product_cat-controlo-regulacao-agua product_tag-celula-autolimpante product_tag-cloro-natural product_tag-controlo-de-cloro product_tag-desinfecao-sem-quimicos product_tag-eletrolise-de-sal product_tag-manutencao-simples product_tag-minisalt product_tag-piscina-ate-70m product_tag-producao-de-cloro product_tag-sistema-compacto product_tag-tratamento-automatico has-post-thumbnail shipping-taxable product-type-simple\">\n\t<a href=\"https:\/\/www.ecoindustry.co.ao\/en\/product\/minisalt\/\" class=\"woocommerce-LoopProduct-link woocommerce-loop-product__link\"><img decoding=\"async\" width=\"600\" height=\"600\" src=\"https:\/\/www.ecoindustry.co.ao\/wp-content\/uploads\/2020\/11\/Mini_Salt_70-600x600.jpg\" class=\"attachment-woocommerce_thumbnail size-woocommerce_thumbnail\" alt=\"MINISALT\" srcset=\"https:\/\/www.ecoindustry.co.ao\/wp-content\/uploads\/2020\/11\/Mini_Salt_70-600x600.jpg 600w, https:\/\/www.ecoindustry.co.ao\/wp-content\/uploads\/2020\/11\/Mini_Salt_70-100x100.jpg 100w, https:\/\/www.ecoindustry.co.ao\/wp-content\/uploads\/2020\/11\/Mini_Salt_70-150x150.jpg 150w, https:\/\/www.ecoindustry.co.ao\/wp-content\/uploads\/2020\/11\/Mini_Salt_70-720x720.jpg 720w\" sizes=\"(max-width: 600px) 100vw, 600px\" \/><h2 class=\"woocommerce-loop-product__title\">MINISALT<\/h2>\n<\/a><div class=\"woocommerce-loop-product__buttons\"><a href=\"https:\/\/www.ecoindustry.co.ao\/en\/product\/minisalt\/\" aria-describedby=\"woocommerce_loop_add_to_cart_link_describedby_7566\" data-quantity=\"1\" class=\"button product_type_simple\" data-product_id=\"7566\" data-product_sku=\"\" aria-label=\"Read more about \u201cMINISALT\u201d\" rel=\"nofollow\" data-success_message=\"\" data-no-translation=\"\" data-trp-gettext=\"\" data-no-translation-aria-label=\"\">Read more<\/a><\/div>\t<span id=\"woocommerce_loop_add_to_cart_link_describedby_7566\" class=\"screen-reader-text\">\n\t\t\t<\/span>\n<\/li>\n<\/ul>\n<\/div>\t\t\t\t<\/div>\n\t\t\t\t<\/div>\n\t\t\t\t\t<\/div>\n\t\t<\/div>\n\t\t\t\t\t<\/div>\n\t\t<\/section>\n\t\t\t\t<\/div>","protected":false},"excerpt":{"rendered":"<p>Ecopool \/ Controlo e Regula\u00e7\u00e3o da \u00e1gua A linha ECOPOOL \u2013 Controlo e Regula\u00e7\u00e3o da \u00c1gua re\u00fane solu\u00e7\u00f5es avan\u00e7adas para manter a \u00e1gua da piscina permanentemente equilibrada, cristalina e segura para os utilizadores. Concebidos para garantir a m\u00e1xima efic\u00e1cia com o m\u00ednimo esfor\u00e7o, os nossos equipamentos incluem sistemas de eletr\u00f3lise salina, reguladores autom\u00e1ticos de pH [&hellip;]<\/p>\n","protected":false},"author":17,"featured_media":0,"parent":757,"menu_order":0,"comment_status":"closed","ping_status":"closed","template":"","meta":{"footnotes":""},"class_list":["post-8438","page","type-page","status-publish","hentry"],"yoast_head":"<!-- This site is optimized with the Yoast SEO plugin v27.3 - https:\/\/yoast.com\/product\/yoast-seo-wordpress\/ -->\n<title>Controlo e Regula\u00e7\u00e3o de \u00c1gua - Ecoindustry<\/title>\n<meta name=\"robots\" content=\"index, follow, max-snippet:-1, max-image-preview:large, max-video-preview:-1\" \/>\n<link rel=\"canonical\" href=\"https:\/\/www.ecoindustry.co.ao\/en\/produtos\/ecopool\/controlo-e-regulacao-de-agua\/\" \/>\n<meta property=\"og:locale\" content=\"en_GB\" \/>\n<meta property=\"og:type\" content=\"article\" \/>\n<meta property=\"og:title\" content=\"Controlo e Regula\u00e7\u00e3o de \u00c1gua - Ecoindustry\" \/>\n<meta property=\"og:description\" content=\"Ecopool \/ Controlo e Regula\u00e7\u00e3o da \u00e1gua A linha ECOPOOL \u2013 Controlo e Regula\u00e7\u00e3o da \u00c1gua re\u00fane solu\u00e7\u00f5es avan\u00e7adas para manter a \u00e1gua da piscina permanentemente equilibrada, cristalina e segura para os utilizadores. Concebidos para garantir a m\u00e1xima efic\u00e1cia com o m\u00ednimo esfor\u00e7o, os nossos equipamentos incluem sistemas de eletr\u00f3lise salina, reguladores autom\u00e1ticos de pH [&hellip;]\" \/>\n<meta property=\"og:url\" content=\"https:\/\/www.ecoindustry.co.ao\/en\/produtos\/ecopool\/controlo-e-regulacao-de-agua\/\" \/>\n<meta property=\"og:site_name\" content=\"Ecoindustry\" \/>\n<meta property=\"article:publisher\" content=\"https:\/\/www.facebook.com\/ecoindustrylda\/\" \/>\n<meta property=\"article:modified_time\" content=\"2025-10-22T08:58:27+00:00\" \/>\n<meta property=\"og:image\" content=\"https:\/\/www.ecoindustry.co.ao\/wp-content\/uploads\/2024\/08\/ecopool-logo-white-1-1024x442.png\" \/>\n<meta name=\"twitter:card\" content=\"summary_large_image\" \/>\n<meta name=\"twitter:label1\" content=\"Estimated reading time\" \/>\n\t<meta name=\"twitter:data1\" content=\"1 minute\" \/>\n<script type=\"application\/ld+json\" class=\"yoast-schema-graph\">{\"@context\":\"https:\\\/\\\/schema.org\",\"@graph\":[{\"@type\":\"WebPage\",\"@id\":\"https:\\\/\\\/www.ecoindustry.co.ao\\\/produtos\\\/ecopool\\\/controlo-e-regulacao-de-agua\\\/\",\"url\":\"https:\\\/\\\/www.ecoindustry.co.ao\\\/produtos\\\/ecopool\\\/controlo-e-regulacao-de-agua\\\/\",\"name\":\"Controlo e Regula\u00e7\u00e3o de \u00c1gua - Ecoindustry\",\"isPartOf\":{\"@id\":\"https:\\\/\\\/www.ecoindustry.co.ao\\\/#website\"},\"primaryImageOfPage\":{\"@id\":\"https:\\\/\\\/www.ecoindustry.co.ao\\\/produtos\\\/ecopool\\\/controlo-e-regulacao-de-agua\\\/#primaryimage\"},\"image\":{\"@id\":\"https:\\\/\\\/www.ecoindustry.co.ao\\\/produtos\\\/ecopool\\\/controlo-e-regulacao-de-agua\\\/#primaryimage\"},\"thumbnailUrl\":\"https:\\\/\\\/www.ecoindustry.co.ao\\\/wp-content\\\/uploads\\\/2024\\\/08\\\/ecopool-logo-white-1-1024x442.png\",\"datePublished\":\"2025-09-07T10:15:59+00:00\",\"dateModified\":\"2025-10-22T08:58:27+00:00\",\"breadcrumb\":{\"@id\":\"https:\\\/\\\/www.ecoindustry.co.ao\\\/produtos\\\/ecopool\\\/controlo-e-regulacao-de-agua\\\/#breadcrumb\"},\"inLanguage\":\"en-GB\",\"potentialAction\":[{\"@type\":\"ReadAction\",\"target\":[\"https:\\\/\\\/www.ecoindustry.co.ao\\\/produtos\\\/ecopool\\\/controlo-e-regulacao-de-agua\\\/\"]}]},{\"@type\":\"ImageObject\",\"inLanguage\":\"en-GB\",\"@id\":\"https:\\\/\\\/www.ecoindustry.co.ao\\\/produtos\\\/ecopool\\\/controlo-e-regulacao-de-agua\\\/#primaryimage\",\"url\":\"https:\\\/\\\/www.ecoindustry.co.ao\\\/wp-content\\\/uploads\\\/2024\\\/08\\\/ecopool-logo-white-1-1024x442.png\",\"contentUrl\":\"https:\\\/\\\/www.ecoindustry.co.ao\\\/wp-content\\\/uploads\\\/2024\\\/08\\\/ecopool-logo-white-1-1024x442.png\"},{\"@type\":\"BreadcrumbList\",\"@id\":\"https:\\\/\\\/www.ecoindustry.co.ao\\\/produtos\\\/ecopool\\\/controlo-e-regulacao-de-agua\\\/#breadcrumb\",\"itemListElement\":[{\"@type\":\"ListItem\",\"position\":1,\"name\":\"In\u00edcio\",\"item\":\"https:\\\/\\\/www.ecoindustry.co.ao\\\/\"},{\"@type\":\"ListItem\",\"position\":2,\"name\":\"Produtos\",\"item\":\"https:\\\/\\\/www.ecoindustry.co.ao\\\/produtos\\\/\"},{\"@type\":\"ListItem\",\"position\":3,\"name\":\"ECOPOOL\",\"item\":\"https:\\\/\\\/www.ecoindustry.co.ao\\\/produtos\\\/ecopool\\\/\"},{\"@type\":\"ListItem\",\"position\":4,\"name\":\"Controlo e Regula\u00e7\u00e3o de \u00c1gua\"}]},{\"@type\":\"WebSite\",\"@id\":\"https:\\\/\\\/www.ecoindustry.co.ao\\\/#website\",\"url\":\"https:\\\/\\\/www.ecoindustry.co.ao\\\/\",\"name\":\"Ecoindustry\",\"description\":\"Produzimos e comercializamos o melhor, de \u00c1frica para o Mundo.\",\"publisher\":{\"@id\":\"https:\\\/\\\/www.ecoindustry.co.ao\\\/#organization\"},\"potentialAction\":[{\"@type\":\"SearchAction\",\"target\":{\"@type\":\"EntryPoint\",\"urlTemplate\":\"https:\\\/\\\/www.ecoindustry.co.ao\\\/?s={search_term_string}\"},\"query-input\":{\"@type\":\"PropertyValueSpecification\",\"valueRequired\":true,\"valueName\":\"search_term_string\"}}],\"inLanguage\":\"en-GB\"},{\"@type\":\"Organization\",\"@id\":\"https:\\\/\\\/www.ecoindustry.co.ao\\\/#organization\",\"name\":\"ECOINDUSTRY\",\"url\":\"https:\\\/\\\/www.ecoindustry.co.ao\\\/\",\"logo\":{\"@type\":\"ImageObject\",\"inLanguage\":\"en-GB\",\"@id\":\"https:\\\/\\\/www.ecoindustry.co.ao\\\/#\\\/schema\\\/logo\\\/image\\\/\",\"url\":\"https:\\\/\\\/www.ecoindustry.co.ao\\\/wp-content\\\/uploads\\\/2017\\\/04\\\/Logo_Ecoindustry.png\",\"contentUrl\":\"https:\\\/\\\/www.ecoindustry.co.ao\\\/wp-content\\\/uploads\\\/2017\\\/04\\\/Logo_Ecoindustry.png\",\"width\":584,\"height\":111,\"caption\":\"ECOINDUSTRY\"},\"image\":{\"@id\":\"https:\\\/\\\/www.ecoindustry.co.ao\\\/#\\\/schema\\\/logo\\\/image\\\/\"},\"sameAs\":[\"https:\\\/\\\/www.facebook.com\\\/ecoindustrylda\\\/\",\"https:\\\/\\\/www.linkedin.com\\\/company\\\/ecoindustry\\\/\"]}]}<\/script>\n<!-- \/ Yoast SEO plugin. -->","yoast_head_json":{"title":"Controlo e Regula\u00e7\u00e3o de \u00c1gua - Ecoindustry","robots":{"index":"index","follow":"follow","max-snippet":"max-snippet:-1","max-image-preview":"max-image-preview:large","max-video-preview":"max-video-preview:-1"},"canonical":"https:\/\/www.ecoindustry.co.ao\/en\/produtos\/ecopool\/controlo-e-regulacao-de-agua\/","og_locale":"en_GB","og_type":"article","og_title":"Controlo e Regula\u00e7\u00e3o de \u00c1gua - Ecoindustry","og_description":"Ecopool \/ Controlo e Regula\u00e7\u00e3o da \u00e1gua A linha ECOPOOL \u2013 Controlo e Regula\u00e7\u00e3o da \u00c1gua re\u00fane solu\u00e7\u00f5es avan\u00e7adas para manter a \u00e1gua da piscina permanentemente equilibrada, cristalina e segura para os utilizadores. Concebidos para garantir a m\u00e1xima efic\u00e1cia com o m\u00ednimo esfor\u00e7o, os nossos equipamentos incluem sistemas de eletr\u00f3lise salina, reguladores autom\u00e1ticos de pH [&hellip;]","og_url":"https:\/\/www.ecoindustry.co.ao\/en\/produtos\/ecopool\/controlo-e-regulacao-de-agua\/","og_site_name":"Ecoindustry","article_publisher":"https:\/\/www.facebook.com\/ecoindustrylda\/","article_modified_time":"2025-10-22T08:58:27+00:00","og_image":[{"url":"https:\/\/www.ecoindustry.co.ao\/wp-content\/uploads\/2024\/08\/ecopool-logo-white-1-1024x442.png","type":"","width":"","height":""}],"twitter_card":"summary_large_image","twitter_misc":{"Estimated reading time":"1 minute"},"schema":{"@context":"https:\/\/schema.org","@graph":[{"@type":"WebPage","@id":"https:\/\/www.ecoindustry.co.ao\/produtos\/ecopool\/controlo-e-regulacao-de-agua\/","url":"https:\/\/www.ecoindustry.co.ao\/produtos\/ecopool\/controlo-e-regulacao-de-agua\/","name":"Controlo e Regula\u00e7\u00e3o de \u00c1gua - Ecoindustry","isPartOf":{"@id":"https:\/\/www.ecoindustry.co.ao\/#website"},"primaryImageOfPage":{"@id":"https:\/\/www.ecoindustry.co.ao\/produtos\/ecopool\/controlo-e-regulacao-de-agua\/#primaryimage"},"image":{"@id":"https:\/\/www.ecoindustry.co.ao\/produtos\/ecopool\/controlo-e-regulacao-de-agua\/#primaryimage"},"thumbnailUrl":"https:\/\/www.ecoindustry.co.ao\/wp-content\/uploads\/2024\/08\/ecopool-logo-white-1-1024x442.png","datePublished":"2025-09-07T10:15:59+00:00","dateModified":"2025-10-22T08:58:27+00:00","breadcrumb":{"@id":"https:\/\/www.ecoindustry.co.ao\/produtos\/ecopool\/controlo-e-regulacao-de-agua\/#breadcrumb"},"inLanguage":"en-GB","potentialAction":[{"@type":"ReadAction","target":["https:\/\/www.ecoindustry.co.ao\/produtos\/ecopool\/controlo-e-regulacao-de-agua\/"]}]},{"@type":"ImageObject","inLanguage":"en-GB","@id":"https:\/\/www.ecoindustry.co.ao\/produtos\/ecopool\/controlo-e-regulacao-de-agua\/#primaryimage","url":"https:\/\/www.ecoindustry.co.ao\/wp-content\/uploads\/2024\/08\/ecopool-logo-white-1-1024x442.png","contentUrl":"https:\/\/www.ecoindustry.co.ao\/wp-content\/uploads\/2024\/08\/ecopool-logo-white-1-1024x442.png"},{"@type":"BreadcrumbList","@id":"https:\/\/www.ecoindustry.co.ao\/produtos\/ecopool\/controlo-e-regulacao-de-agua\/#breadcrumb","itemListElement":[{"@type":"ListItem","position":1,"name":"In\u00edcio","item":"https:\/\/www.ecoindustry.co.ao\/"},{"@type":"ListItem","position":2,"name":"Produtos","item":"https:\/\/www.ecoindustry.co.ao\/produtos\/"},{"@type":"ListItem","position":3,"name":"ECOPOOL","item":"https:\/\/www.ecoindustry.co.ao\/produtos\/ecopool\/"},{"@type":"ListItem","position":4,"name":"Controlo e Regula\u00e7\u00e3o de \u00c1gua"}]},{"@type":"WebSite","@id":"https:\/\/www.ecoindustry.co.ao\/#website","url":"https:\/\/www.ecoindustry.co.ao\/","name":"Ecoindustry","description":"Produzimos e comercializamos o melhor, de \u00c1frica para o Mundo.","publisher":{"@id":"https:\/\/www.ecoindustry.co.ao\/#organization"},"potentialAction":[{"@type":"SearchAction","target":{"@type":"EntryPoint","urlTemplate":"https:\/\/www.ecoindustry.co.ao\/?s={search_term_string}"},"query-input":{"@type":"PropertyValueSpecification","valueRequired":true,"valueName":"search_term_string"}}],"inLanguage":"en-GB"},{"@type":"Organization","@id":"https:\/\/www.ecoindustry.co.ao\/#organization","name":"ECOINDUSTRY","url":"https:\/\/www.ecoindustry.co.ao\/","logo":{"@type":"ImageObject","inLanguage":"en-GB","@id":"https:\/\/www.ecoindustry.co.ao\/#\/schema\/logo\/image\/","url":"https:\/\/www.ecoindustry.co.ao\/wp-content\/uploads\/2017\/04\/Logo_Ecoindustry.png","contentUrl":"https:\/\/www.ecoindustry.co.ao\/wp-content\/uploads\/2017\/04\/Logo_Ecoindustry.png","width":584,"height":111,"caption":"ECOINDUSTRY"},"image":{"@id":"https:\/\/www.ecoindustry.co.ao\/#\/schema\/logo\/image\/"},"sameAs":["https:\/\/www.facebook.com\/ecoindustrylda\/","https:\/\/www.linkedin.com\/company\/ecoindustry\/"]}]}},"_links":{"self":[{"href":"https:\/\/www.ecoindustry.co.ao\/en\/wp-json\/wp\/v2\/pages\/8438","targetHints":{"allow":["GET"]}}],"collection":[{"href":"https:\/\/www.ecoindustry.co.ao\/en\/wp-json\/wp\/v2\/pages"}],"about":[{"href":"https:\/\/www.ecoindustry.co.ao\/en\/wp-json\/wp\/v2\/types\/page"}],"author":[{"embeddable":true,"href":"https:\/\/www.ecoindustry.co.ao\/en\/wp-json\/wp\/v2\/users\/17"}],"replies":[{"embeddable":true,"href":"https:\/\/www.ecoindustry.co.ao\/en\/wp-json\/wp\/v2\/comments?post=8438"}],"version-history":[{"count":0,"href":"https:\/\/www.ecoindustry.co.ao\/en\/wp-json\/wp\/v2\/pages\/8438\/revisions"}],"up":[{"embeddable":true,"href":"https:\/\/www.ecoindustry.co.ao\/en\/wp-json\/wp\/v2\/pages\/757"}],"wp:attachment":[{"href":"https:\/\/www.ecoindustry.co.ao\/en\/wp-json\/wp\/v2\/media?parent=8438"}],"curies":[{"name":"wp","href":"https:\/\/api.w.org\/{rel}","templated":true}]}}